{"id":3770,"date":"2024-10-10T16:23:08","date_gmt":"2024-10-10T16:23:08","guid":{"rendered":"https:\/\/www.mojeplazma.cz\/farmacie\/?post_type=product&#038;p=3770"},"modified":"2024-11-18T10:11:35","modified_gmt":"2024-11-18T10:11:35","slug":"slimella-fit","status":"publish","type":"product","link":"https:\/\/www.mojeplazma.cz\/farmacie\/farmacie\/slimella-fit\/","title":{"rendered":"Slimella FIT"},"content":{"rendered":"\n<h2 class=\"wp-block-heading\">Co je Slimella FIT a jak funguje?<\/h2>\n\n\n\n<p><b>Slimella FIT<\/b> je <b>dopln\u011bk stravy<\/b>, kter\u00fd v Evrop\u011b z\u00edsk\u00e1v\u00e1 na popularit\u011b, zejm\u00e9na mezi lidmi, kte\u0159\u00ed cht\u011bj\u00ed zhubnout. Jeho <em>d p\u016fsoben\u00ed<\/em> je zalo\u017eeno na komplexn\u00ed formuli, kter\u00e1 podporuje <b>metabolismus<\/b> a urychluje odstra\u0148ov\u00e1n\u00ed t\u011blesn\u00e9ho tuku. Slimella FIT m\u00e1 schopnost sni\u017eovat hmotnost, co\u017e z n\u011bj \u010din\u00ed atraktivn\u00ed produkt pro mnoho lid\u00ed.<\/p>\n\n\n\n<p><b>Dopln\u011bk stravy<\/b> p\u016fsob\u00ed ve dvou f\u00e1z\u00edch. Prvn\u00ed f\u00e1z\u00ed je detoxikace organismu, kter\u00e1 umo\u017e\u0148uje odstran\u011bn\u00ed toxin\u016f. Druhou f\u00e1z\u00ed je aktivace proces\u016f spalov\u00e1n\u00ed tuk\u016f, co\u017e m\u016f\u017ee <b>v\u00e9st ke<\/b> ztr\u00e1t\u011b 4 a\u017e 6 kg v z\u00e1vislosti na individu\u00e1ln\u00edch predispozic\u00edch u\u017eivatele.<\/p>\n\n\n\n<p>Hlavn\u00edmi slo\u017ekami p\u0159\u00edpravku Slimella FIT jsou:<\/p>\n\n\n\n<ul class=\"wp-block-list\">\n<li>Extrakt ze zelen\u00e9ho \u010daje &#8211; zn\u00e1m\u00fd pro sv\u00e9 vlastnosti <b>urychluj\u00edc\u00ed metabolismus<\/b>.<\/li>\n\n\n\n<li>Kyselina hydroxycitronov\u00e1 (HCA) &#8211; z\u00edsk\u00e1v\u00e1 se z plod\u016f Garcinia Cambogia, podporuje procesy hubnut\u00ed.<\/li>\n\n\n\n<li>Extrakt z ho\u0159k\u00e9ho pomeran\u010de &#8211; ovliv\u0148uje redukci tuku.<\/li>\n<\/ul>\n\n\n\n<p>Krom\u011b pozitivn\u00edch \u00fa\u010dink\u016f na <b>metabolismus<\/b> je Slimella FIT uzn\u00e1v\u00e1na jako bezpe\u010dn\u00fd dopln\u011bk stravy, kter\u00fd pou\u017e\u00edv\u00e1 mnoho lid\u00ed. Jeho u\u017eivatel\u00e9 zaznamen\u00e1vaj\u00ed v\u00fdrazn\u00e9 zlep\u0161en\u00ed n\u00e1lady a zv\u00fd\u0161en\u00ed energie, co\u017e z n\u011bj \u010din\u00ed doporu\u010dovan\u00fd produkt pro hubnut\u00ed.<\/p>\n\n\n\n<h2 class=\"wp-block-heading\">V\u00fdhody Slimella FIT &#8211; \u00fa\u010dinky<\/h2>\n\n\n\n<p><b>U\u017e\u00edv\u00e1n\u00ed<\/b> Slimella FIT m\u00e1 mnoho <em>v\u00fdhod pro<\/em> <em>hubnut\u00ed<\/em>. U\u017eivatel\u00e9 tohoto dopl\u0148ku poukazuj\u00ed na v\u00fdrazn\u00e9 zlep\u0161en\u00ed pohody, stejn\u011b jako na zv\u00fd\u0161en\u00ed hladiny energie, co\u017e je z\u00e1sadn\u00ed pro udr\u017een\u00ed fyzick\u00e9 aktivity.<\/p>\n\n\n\n<ul class=\"wp-block-list\">\n<li>Podpora metabolick\u00fdch proces\u016f &#8211; Slimella FIT zrychluje metabolismus, co\u017e umo\u017e\u0148uje <em>efektivn\u011bj\u0161\u00ed<\/em>spalov\u00e1n\u00ed kalori\u00ed, a to i v klidu.<\/li>\n\n\n\n<li>Sn\u00ed\u017een\u00ed chuti k j\u00eddlu &#8211; Klienti a z\u00e1kazn\u00edci uv\u00e1d\u011bj\u00ed men\u0161\u00ed chu\u0165 k j\u00eddlu, co\u017e usnad\u0148uje kontrolu kalori\u00ed a podporuje <em>hubnut\u00ed<\/em>.<\/li>\n\n\n\n<li>Dlouhodob\u00e9 udr\u017een\u00ed &#8211; Dopln\u011bk pom\u00e1h\u00e1 udr\u017eet dosa\u017eenou hmotnost, \u010d\u00edm\u017e zabra\u0148uje jo-jo efektu po ukon\u010den\u00ed l\u00e9\u010dby.<\/li>\n<\/ul>\n\n\n\n<p>Skute\u010dn\u00fd \u00fabytek hmotnosti se p\u0159i spr\u00e1vn\u00e9m u\u017e\u00edv\u00e1n\u00ed p\u0159\u00edpravku Slimella FIT spolu s fyzickou aktivitou a zdravou stravou m\u016f\u017ee pohybovat od 6 do 12 kg za m\u011bs\u00edc. To jsou v\u00fdznamn\u00e9 v\u00fdsledky, kter\u00e9 potvrzuj\u00ed \u00fa\u010dinnost tohoto v\u00fdrobku. <\/p>\n\n\n\n<p>Pan\u00ed Beata po 60 dnech u\u017e\u00edv\u00e1n\u00ed p\u0159\u00edpravku Slimella FIT dos\u00e1hla \u00fabytku 21 kg, co\u017e je 15 % jej\u00ed p\u016fvodn\u00ed t\u011blesn\u00e9 hmotnosti. Jej\u00ed zku\u0161enosti ukazuj\u00ed, \u017ee dlouhodob\u00e9 <b>u\u017e\u00edv\u00e1n\u00ed<\/b> dopl\u0148ku m\u016f\u017ee p\u0159in\u00e9st vynikaj\u00edc\u00ed <em>v\u00fdsledky<\/em>. Takov\u00e9 v\u00fdsledky dokazuj\u00ed \u00fa\u010dinnost p\u0159\u00edpravku Slimella FIT a zd\u016fraz\u0148uj\u00ed <em>v\u00fdhody<\/em> jeho pravideln\u00e9ho u\u017e\u00edv\u00e1n\u00ed a vyv\u00e1\u017een\u00e9ho \u017eivotn\u00edho stylu.<\/p>\n\n\n\n<h2 class=\"wp-block-heading\">Jak pou\u017e\u00edvat Slimella FIT &#8211; n\u00e1vod k pou\u017eit\u00ed a d\u00e1vkov\u00e1n\u00ed<\/h2>\n\n\n\n<p><b>U\u017e\u00edv\u00e1n\u00ed p\u0159\u00edprav<\/b> ku Slimella FIT je kl\u00ed\u010dov\u00fdm prvkem pro dosa\u017een\u00ed po\u017eadovan\u00fdch v\u00fdsledk\u016f p\u0159i hubnut\u00ed a p\u0159i podpo\u0159e metabolismu. V\u00fdrobce doporu\u010duje <b>d\u00e1vkov\u00e1n\u00ed<\/b> na \u00farovni dvou kapsl\u00ed denn\u011b. Nejlep\u0161\u00ed je u\u017e\u00edvat jednu kapsli p\u0159ed sn\u00eddan\u00ed a druhou p\u0159ed ob\u011bdem. <em>Pravideln\u00e9 u\u017e\u00edv\u00e1n\u00ed<\/em> dopl\u0148ku maximalizuje jeho vlastnosti a podporuje p\u0159irozen\u00e9 procesy v t\u011ble.<\/p>\n\n\n\n<p>Pro dosa\u017een\u00ed nejlep\u0161\u00edch v\u00fdsledk\u016f je d\u016fle\u017eit\u00e9 dodr\u017eovat pokyny a kombinovat u\u017e\u00edv\u00e1n\u00ed dopl\u0148ku se zdrav\u00fdm \u017eivotn\u00edm stylem, co\u017e m\u016f\u017ee p\u0159in\u00e9st znateln\u00e9 <b>v\u00fdsledky<\/b> ji\u017e po n\u011bkolika t\u00fddnech u\u017e\u00edv\u00e1n\u00ed. N\u00ed\u017ee uveden\u00e1 tabulka zn\u00e1zor\u0148uje doporu\u010den\u00e9 <b>d\u00e1vkov\u00e1n\u00ed<\/b> a <b>\u00fa\u010dinky<\/b> p\u0159\u00edpravku:<\/p>\n\n\n\n<figure class=\"wp-block-table\"><table class=\"has-fixed-layout\"><tbody><tr><th>Doporu\u010den\u00e9 d\u00e1vkov\u00e1n\u00ed<\/th><th>\u00da\u010dinky<\/th><\/tr><tr><td>Dv\u011b kapsle denn\u011b, p\u0159ed j\u00eddlem<\/td><td>\u00dabytek hmotnosti, zv\u00fd\u0161en\u00ed energie, zlep\u0161en\u00ed koncentrace<\/td><\/tr><tr><td>Denn\u00ed pravidelnost<\/td><td>Sn\u00ed\u017een\u00ed chuti k j\u00eddlu, zlep\u0161en\u00ed metabolick\u00e9ho zdrav\u00ed<\/td><\/tr><tr><td>30 minut p\u0159ed j\u00eddlem<\/td><td>Aktivace metabolismu, rychlej\u0161\u00ed regenerace<\/td><\/tr><\/tbody><\/table><\/figure>\n\n\n\n<p>Je pozoruhodn\u00e9, \u017ee pou\u017e\u00edv\u00e1n\u00edm p\u0159\u00edpravku Slimella FIT zaznamen\u00e1te nejen \u00fa\u010dinky p\u0159i hubnut\u00ed, ale tak\u00e9 zlep\u0161en\u00ed n\u00e1lady a energie pro ka\u017edodenn\u00ed \u010dinnosti. P\u0159i spr\u00e1vn\u00e9m z\u00e1vazku ke zdrav\u00e9 v\u00fd\u017eiv\u011b a fyzick\u00e9 aktivit\u011b je dopln\u011bk \u00fa\u010dinnou podporou v \u00fasil\u00ed o vysn\u011bnou postavu.<\/p>\n\n\n\n<h2 class=\"wp-block-heading\">Slimella FIT recenze &#8211; co \u0159\u00edkaj\u00ed u\u017eivatel\u00e9 na f\u00f3rech?<\/h2>\n\n\n\n<p>U\u017eivatel\u00e9 dopl\u0148ku Slimella FIT aktivn\u011b sd\u00edlej\u00ed sv\u00e9 <em>u\u017eivatelsk\u00e9 zku\u0161enosti<\/em> na r\u016fzn\u00fdch internetov\u00fdch <em>f\u00f3rech,<\/em> kde lze nal\u00e9zt mnoho pozitivn\u00edch <em>recenz\u00ed<\/em>. Jejich \u00fa\u010dty ukazuj\u00ed \u00fa\u010dinnost tohoto produktu p\u0159i podpo\u0159e hubnut\u00ed.<\/p>\n\n\n\n<p>Maria, kter\u00e1 pou\u017e\u00edvala Slimella FIT po porodu, poznamenala, \u017ee se j\u00ed poda\u0159ilo zhubnout 10 kg. Na f\u00f3ru zd\u016fraznila, jak j\u00ed dopln\u011bk pomohl z\u00edskat zp\u011bt sebed\u016fv\u011bru a zlep\u0161it n\u00e1ladu. Popisuje, jak p\u0159i pravideln\u00e9m u\u017e\u00edv\u00e1n\u00ed poc\u00edtila n\u00e1r\u016fst energie, co\u017e m\u011blo pozitivn\u00ed dopad na jej\u00ed ka\u017edodenn\u00ed rutinu.<\/p>\n\n\n\n<p>O sv\u00e9 poznatky se pod\u011blila tak\u00e9 FitDriver, profesion\u00e1ln\u00ed \u0159idi\u010dka. Po u\u017e\u00edv\u00e1n\u00ed p\u0159\u00edpravku Slimella FIT zhubl o 8 kg, co\u017e v\u00fdrazn\u011b zlep\u0161ilo jeho energetickou \u00farove\u0148 na del\u0161\u00edch cest\u00e1ch. Ve sv\u00e9 zp\u011btn\u00e9 vazb\u011b uv\u00e1d\u00ed, \u017ee d\u00edky zlep\u0161en\u00e9 fyzick\u00e9 kondici poci\u0165oval m\u00e9n\u011b \u00fanavy a dokonce se mu zlep\u0161ila psychick\u00e1 pohoda.<\/p>\n\n\n\n<p>P\u0159\u00edzniv\u00e9 \u00fa\u010dinky po u\u017e\u00edv\u00e1n\u00ed Slimella FIT zaznamenal i farm\u00e1\u0159 GreenThumb. B\u011bhem n\u011bkolika t\u00fddn\u016f zhubl a v pr\u00e1ci si u\u017e\u00edv\u00e1 v\u00edce energie. Na f\u00f3ru zd\u016fraz\u0148uje, \u017ee mu dopln\u011bk pomohl udr\u017eet se v lep\u0161\u00ed kondici, co\u017e je v jeho n\u00e1ro\u010dn\u00e9 profesi d\u016fle\u017eit\u00e9.<\/p>\n\n\n\n<p>Takov\u00e9 <em>zku\u0161enosti u\u017eivatel\u016f<\/em> nazna\u010duj\u00ed, \u017ee Slimella FIT m\u016f\u017ee b\u00fdt \u00fa\u010dinnou podporou pro lidi, kte\u0159\u00ed cht\u011bj\u00ed zhubnout a zlep\u0161it svou pohodu. Tyto <em>recenze<\/em> zd\u016fraz\u0148uj\u00ed rozmanitost pou\u017eit\u00ed dopl\u0148ku mezi r\u016fzn\u00fdmi skupinami. Proto stoj\u00ed za to zv\u00e1\u017eit pou\u017eit\u00ed tohoto produktu pro hubnut\u00ed.<\/p>\n\n\n\n<h2 class=\"wp-block-heading\">Slo\u017een\u00ed Slimella FIT &#8211; anal\u00fdza slo\u017eek<\/h2>\n\n\n\n<p><b>Slo\u017een\u00ed<\/b> Slimella FIT se vyzna\u010duje pe\u010dliv\u011b vybran\u00fdmi p\u0159\u00edrodn\u00edmi slo\u017ekami, d\u00edky nim\u017e je tento dopln\u011bk \u00fa\u010dinnou podporou hubnut\u00ed. Mezi hlavn\u00ed slo\u017eky pat\u0159\u00ed:<\/p>\n\n\n\n<ul class=\"wp-block-list\">\n<li><em>Extrakt ze zelen\u00e9ho \u010daje<\/em> &#8211; zn\u00e1m\u00fd pro sv\u00e9 vlastnosti urychlovat metabolismus a podporovat termogenezi.<\/li>\n\n\n\n<li><em>Garcinia cambogia<\/em> &#8211; \u00fa\u010dinn\u011b sni\u017euje hladinu cholesterolu a potla\u010duje chu\u0165 k j\u00eddlu, co\u017e z n\u00ed \u010din\u00ed cen\u011bnou slo\u017eku p\u0159i reduk\u010dn\u00edch diet\u00e1ch.<\/li>\n\n\n\n<li><em>Extrakt z ho\u0159k\u00e9ho pomeran\u010de<\/em> &#8211; podporuje spalov\u00e1n\u00ed kalori\u00ed a m\u00e1 p\u0159\u00edzniv\u00fd vliv na celkov\u00fd metabolismus.<\/li>\n<\/ul>\n\n\n\n<p>Ka\u017ed\u00e1 z t\u011bchto p\u0159\u00edrodn\u00edch slo\u017eek byla pe\u010dliv\u011b analyzov\u00e1na, co\u017e potvrdilo jejich pozitivn\u00ed vliv na hubnut\u00ed. D\u00edky synergick\u00e9mu p\u016fsoben\u00ed nab\u00edz\u00ed Slimella FIT u\u017eivatel\u016fm komplexn\u00ed podporu na cest\u011b k dosa\u017een\u00ed vysn\u011bn\u00e9 postavy. Jeho vyv\u00e1\u017een\u00e9 <em>slo\u017een\u00ed<\/em> usnad\u0148uje kontrolu t\u011blesn\u00e9 hmotnosti a zlep\u0161uje pohodu d\u00edky zv\u00fd\u0161en\u00e9 energii, kter\u00e1 je v\u00fdsledkem aktivace metabolismu.<\/p>\n\n\n\n<h2 class=\"wp-block-heading\">Kde koupit a jak\u00e1 je cena Slimella FIT?<\/h2>\n\n\n\n<p>P\u0159i hled\u00e1n\u00ed informac\u00ed o tom, <b>kde koupit<\/b> Slimella FIT, stoj\u00ed za to v\u011bd\u011bt, \u017ee tento v\u00fdrobek je k dispozici pouze na ofici\u00e1ln\u00edch str\u00e1nk\u00e1ch v\u00fdrobce. Tato forma n\u00e1kupu zaji\u0161\u0165uje nejen pravost dopl\u0148ku, ale tak\u00e9 <b>bezpe\u010dnost<\/b> transakce.<\/p>\n\n\n\n<p>Nav\u00edc se <b>cena<\/b> Slimella FIT m\u016f\u017ee li\u0161it v z\u00e1vislosti na aktu\u00e1ln\u00edch akc\u00edch. Nab\u00eddky lze nal\u00e9zt zvl\u00e1\u0161t\u011b atraktivn\u00ed v obdob\u00edch, kdy v\u00fdrobce zav\u00e1d\u00ed pravideln\u00e9 slevy. N\u00e1kup p\u0159\u00edmo od ofici\u00e1ln\u00edho v\u00fdrobce \u010dasto znamen\u00e1 dal\u0161\u00ed v\u00fdhody, jako je doru\u010den\u00ed zdarma pro objedn\u00e1vky nad ur\u010ditou hodnotu.<\/p>\n\n\n\n<p>Stoj\u00ed tak\u00e9 za zm\u00ednku, \u017ee Slimella FIT nen\u00ed k dispozici ve stacion\u00e1rn\u00edch l\u00e9k\u00e1rn\u00e1ch, tak\u017ee jedinou mo\u017enost\u00ed je nakupov\u00e1n\u00ed online. Z\u00e1kazn\u00edci tento zp\u016fsob doporu\u010duj\u00ed vzhledem k pohodl\u00ed a mo\u017enosti m\u00edt pln\u00fd p\u0159\u00edstup k informac\u00edm o v\u00fdrobku bez rizika n\u00e1kupu fale\u0161n\u00fdch n\u00e1hra\u017eek.<\/p>\n\n\n\n<h2 class=\"wp-block-heading\">Slimella FIT &#8211; Ne\u017e\u00e1douc\u00ed \u00fa\u010dinky a kontraindikace &#8211; je bezpe\u010dn\u00fd?<\/h2>\n\n\n\n<p>Slimella FIT je pova\u017eov\u00e1n za dopln\u011bk stravy s vysokou \u00farovn\u00ed bezpe\u010dnosti, postaven\u00fd na p\u0159\u00edrodn\u00edch slo\u017ek\u00e1ch, jako jsou v\u00fdta\u017eky z indick\u00e9 kop\u0159ivy a zelen\u00e9ho \u010daje. D\u00edky pe\u010dliv\u011b vybran\u00fdm slo\u017ek\u00e1m je riziko vedlej\u0161\u00edch \u00fa\u010dink\u016f minim\u00e1ln\u00ed. Je v\u0161ak t\u0159eba m\u00edt na pam\u011bti, \u017ee ka\u017ed\u00e1 suplementace by m\u011bla b\u00fdt p\u0159izp\u016fsobena individu\u00e1ln\u00edm pot\u0159eb\u00e1m organismu.<\/p>\n\n\n\n<p>V p\u0159\u00edpad\u011b osob s chronick\u00fdmi onemocn\u011bn\u00edmi nebo t\u011bhotn\u00fdch \u017een se doporu\u010duje p\u0159ed zah\u00e1jen\u00edm u\u017e\u00edv\u00e1n\u00ed Slimella FIT poradit s l\u00e9ka\u0159em. To <b>proto,<\/b> aby byla zaji\u0161t\u011bna naprost\u00e1 bezpe\u010dnost a p\u0159ede\u0161lo se mo\u017en\u00fdm kontraindikac\u00edm u\u017e\u00edv\u00e1n\u00ed tohoto v\u00fdrobku. \u0158\u00e1dn\u00e9 posouzen\u00ed zdravotn\u00edho stavu je z\u00e1sadn\u00ed pro to, aby byla suplementace \u00fa\u010dinn\u00e1 a bezpe\u010dn\u00e1.<\/p>\n\n\n\n<p>Z\u00e1v\u011brem lze \u0159\u00edci, \u017ee Slimella FIT se zd\u00e1 b\u00fdt bezpe\u010dn\u00fdm \u0159e\u0161en\u00edm pro mnoho lid\u00ed, kte\u0159\u00ed cht\u011bj\u00ed sn\u00ed\u017eit hmotnost. P\u0159\u00edrodn\u00ed <b>slo\u017een\u00ed<\/b> umo\u017e\u0148uje podporovat hubnut\u00ed bez rizika negativn\u00edch zdravotn\u00edch \u00fa\u010dink\u016f, ale v\u017edy stoj\u00ed za to zachov\u00e1vat opatrnost a konzultovat s odborn\u00edkem, pokud existuj\u00ed n\u011bjak\u00e9 pochybnosti.<\/p>\n","protected":false},"excerpt":{"rendered":"<p><strong>[date_countdown]<\/strong><\/p>\n<p><strong><img decoding=\"async\" class=\"alignnone  wp-image-8078\" src=\"https:\/\/www.mojeplazma.cz\/farmacie\/wp-content\/uploads\/2024\/10\/SAFE-PAY-300x88-1.png\" alt=\"SAFE-PAY-300x88\" width=\"154\" height=\"45\" \/><\/strong><\/p>\n","protected":false},"featured_media":3800,"comment_status":"open","ping_status":"closed","template":"","meta":{"neve_meta_sidebar":"","neve_meta_container":"","neve_meta_enable_content_width":"","neve_meta_content_width":0,"neve_meta_title_alignment":"","neve_meta_author_avatar":"","neve_post_elements_order":"","neve_meta_disable_header":"","neve_meta_disable_footer":"","neve_meta_disable_title":"","neve_meta_reading_time":""},"product_brand":[],"product_cat":[15],"product_tag":[],"class_list":{"0":"post-3770","1":"product","2":"type-product","3":"status-publish","4":"has-post-thumbnail","6":"product_cat-zdravi","8":"first","9":"instock","10":"sale","11":"shipping-taxable","12":"product-type-external"},"yoast_head":"<!-- This site is optimized with the Yoast SEO plugin v27.3 - https:\/\/yoast.com\/product\/yoast-seo-wordpress\/ -->\n<title>Slimella FIT - Recenze, L\u00e9k\u00e1rna, Cena - 50%, F\u00f3rum, \u00da\u010dinky | 2026<\/title>\n<meta name=\"robots\" content=\"index, follow, max-snippet:-1, max-image-preview:large, max-video-preview:-1\" \/>\n<link rel=\"canonical\" href=\"https:\/\/www.mojeplazma.cz\/farmacie\/farmacie\/slimella-fit\/\" \/>\n<meta property=\"og:locale\" content=\"cs_CZ\" \/>\n<meta property=\"og:type\" content=\"article\" \/>\n<meta property=\"og:title\" content=\"Slimella FIT - Recenze, L\u00e9k\u00e1rna, Cena - 50%, F\u00f3rum, \u00da\u010dinky | 2026\" \/>\n<meta property=\"og:url\" content=\"https:\/\/www.mojeplazma.cz\/farmacie\/farmacie\/slimella-fit\/\" \/>\n<meta property=\"og:site_name\" content=\"MojePlazma\" \/>\n<meta property=\"article:modified_time\" content=\"2024-11-18T10:11:35+00:00\" \/>\n<meta property=\"og:image\" content=\"https:\/\/www.mojeplazma.cz\/farmacie\/wp-content\/uploads\/2024\/10\/Slimella-Fit.jpg\" \/>\n\t<meta property=\"og:image:width\" content=\"768\" \/>\n\t<meta property=\"og:image:height\" content=\"768\" \/>\n\t<meta property=\"og:image:type\" content=\"image\/jpeg\" \/>\n<meta name=\"twitter:card\" content=\"summary_large_image\" \/>\n<meta name=\"twitter:description\" content=\"[date_countdown]\" \/>\n<meta name=\"twitter:label1\" content=\"Odhadovan\u00e1 doba \u010dten\u00ed\" \/>\n\t<meta name=\"twitter:data1\" content=\"7 minut\" \/>\n<script type=\"application\/ld+json\" class=\"yoast-schema-graph\">{\"@context\":\"https:\\\/\\\/schema.org\",\"@graph\":[{\"@type\":\"WebPage\",\"@id\":\"https:\\\/\\\/www.mojeplazma.cz\\\/farmacie\\\/farmacie\\\/slimella-fit\\\/\",\"url\":\"https:\\\/\\\/www.mojeplazma.cz\\\/farmacie\\\/farmacie\\\/slimella-fit\\\/\",\"name\":\"Slimella FIT - Recenze, L\u00e9k\u00e1rna, Cena - 50%, F\u00f3rum, \u00da\u010dinky | 2026\",\"isPartOf\":{\"@id\":\"https:\\\/\\\/www.mojeplazma.cz\\\/farmacie\\\/#website\"},\"primaryImageOfPage\":{\"@id\":\"https:\\\/\\\/www.mojeplazma.cz\\\/farmacie\\\/farmacie\\\/slimella-fit\\\/#primaryimage\"},\"image\":{\"@id\":\"https:\\\/\\\/www.mojeplazma.cz\\\/farmacie\\\/farmacie\\\/slimella-fit\\\/#primaryimage\"},\"thumbnailUrl\":\"https:\\\/\\\/www.mojeplazma.cz\\\/farmacie\\\/wp-content\\\/uploads\\\/2024\\\/10\\\/Slimella-Fit.jpg\",\"datePublished\":\"2024-10-10T16:23:08+00:00\",\"dateModified\":\"2024-11-18T10:11:35+00:00\",\"breadcrumb\":{\"@id\":\"https:\\\/\\\/www.mojeplazma.cz\\\/farmacie\\\/farmacie\\\/slimella-fit\\\/#breadcrumb\"},\"inLanguage\":\"cs\",\"potentialAction\":[{\"@type\":\"ReadAction\",\"target\":[\"https:\\\/\\\/www.mojeplazma.cz\\\/farmacie\\\/farmacie\\\/slimella-fit\\\/\"]}]},{\"@type\":\"ImageObject\",\"inLanguage\":\"cs\",\"@id\":\"https:\\\/\\\/www.mojeplazma.cz\\\/farmacie\\\/farmacie\\\/slimella-fit\\\/#primaryimage\",\"url\":\"https:\\\/\\\/www.mojeplazma.cz\\\/farmacie\\\/wp-content\\\/uploads\\\/2024\\\/10\\\/Slimella-Fit.jpg\",\"contentUrl\":\"https:\\\/\\\/www.mojeplazma.cz\\\/farmacie\\\/wp-content\\\/uploads\\\/2024\\\/10\\\/Slimella-Fit.jpg\",\"width\":768,\"height\":768},{\"@type\":\"BreadcrumbList\",\"@id\":\"https:\\\/\\\/www.mojeplazma.cz\\\/farmacie\\\/farmacie\\\/slimella-fit\\\/#breadcrumb\",\"itemListElement\":[{\"@type\":\"ListItem\",\"position\":1,\"name\":\"Strona g\u0142\u00f3wna\",\"item\":\"https:\\\/\\\/www.mojeplazma.cz\\\/farmacie\\\/\"},{\"@type\":\"ListItem\",\"position\":2,\"name\":\"farmacie\",\"item\":\"https:\\\/\\\/www.mojeplazma.cz\\\/farmacie\\\/\"},{\"@type\":\"ListItem\",\"position\":3,\"name\":\"Slimella FIT\"}]},{\"@type\":\"WebSite\",\"@id\":\"https:\\\/\\\/www.mojeplazma.cz\\\/farmacie\\\/#website\",\"url\":\"https:\\\/\\\/www.mojeplazma.cz\\\/farmacie\\\/\",\"name\":\"mojeplazma.cz\",\"description\":\"\",\"potentialAction\":[{\"@type\":\"SearchAction\",\"target\":{\"@type\":\"EntryPoint\",\"urlTemplate\":\"https:\\\/\\\/www.mojeplazma.cz\\\/farmacie\\\/?s={search_term_string}\"},\"query-input\":{\"@type\":\"PropertyValueSpecification\",\"valueRequired\":true,\"valueName\":\"search_term_string\"}}],\"inLanguage\":\"cs\"}]}<\/script>\n<!-- \/ Yoast SEO plugin. -->","yoast_head_json":{"title":"Slimella FIT - Recenze, L\u00e9k\u00e1rna, Cena - 50%, F\u00f3rum, \u00da\u010dinky | 2026","robots":{"index":"index","follow":"follow","max-snippet":"max-snippet:-1","max-image-preview":"max-image-preview:large","max-video-preview":"max-video-preview:-1"},"canonical":"https:\/\/www.mojeplazma.cz\/farmacie\/farmacie\/slimella-fit\/","og_locale":"cs_CZ","og_type":"article","og_title":"Slimella FIT - Recenze, L\u00e9k\u00e1rna, Cena - 50%, F\u00f3rum, \u00da\u010dinky | 2026","og_url":"https:\/\/www.mojeplazma.cz\/farmacie\/farmacie\/slimella-fit\/","og_site_name":"MojePlazma","article_modified_time":"2024-11-18T10:11:35+00:00","og_image":[{"width":768,"height":768,"url":"https:\/\/www.mojeplazma.cz\/farmacie\/wp-content\/uploads\/2024\/10\/Slimella-Fit.jpg","type":"image\/jpeg"}],"twitter_card":"summary_large_image","twitter_description":"[date_countdown]","twitter_misc":{"Odhadovan\u00e1 doba \u010dten\u00ed":"7 minut"},"schema":{"@context":"https:\/\/schema.org","@graph":[{"@type":"WebPage","@id":"https:\/\/www.mojeplazma.cz\/farmacie\/farmacie\/slimella-fit\/","url":"https:\/\/www.mojeplazma.cz\/farmacie\/farmacie\/slimella-fit\/","name":"Slimella FIT - Recenze, L\u00e9k\u00e1rna, Cena - 50%, F\u00f3rum, \u00da\u010dinky | 2026","isPartOf":{"@id":"https:\/\/www.mojeplazma.cz\/farmacie\/#website"},"primaryImageOfPage":{"@id":"https:\/\/www.mojeplazma.cz\/farmacie\/farmacie\/slimella-fit\/#primaryimage"},"image":{"@id":"https:\/\/www.mojeplazma.cz\/farmacie\/farmacie\/slimella-fit\/#primaryimage"},"thumbnailUrl":"https:\/\/www.mojeplazma.cz\/farmacie\/wp-content\/uploads\/2024\/10\/Slimella-Fit.jpg","datePublished":"2024-10-10T16:23:08+00:00","dateModified":"2024-11-18T10:11:35+00:00","breadcrumb":{"@id":"https:\/\/www.mojeplazma.cz\/farmacie\/farmacie\/slimella-fit\/#breadcrumb"},"inLanguage":"cs","potentialAction":[{"@type":"ReadAction","target":["https:\/\/www.mojeplazma.cz\/farmacie\/farmacie\/slimella-fit\/"]}]},{"@type":"ImageObject","inLanguage":"cs","@id":"https:\/\/www.mojeplazma.cz\/farmacie\/farmacie\/slimella-fit\/#primaryimage","url":"https:\/\/www.mojeplazma.cz\/farmacie\/wp-content\/uploads\/2024\/10\/Slimella-Fit.jpg","contentUrl":"https:\/\/www.mojeplazma.cz\/farmacie\/wp-content\/uploads\/2024\/10\/Slimella-Fit.jpg","width":768,"height":768},{"@type":"BreadcrumbList","@id":"https:\/\/www.mojeplazma.cz\/farmacie\/farmacie\/slimella-fit\/#breadcrumb","itemListElement":[{"@type":"ListItem","position":1,"name":"Strona g\u0142\u00f3wna","item":"https:\/\/www.mojeplazma.cz\/farmacie\/"},{"@type":"ListItem","position":2,"name":"farmacie","item":"https:\/\/www.mojeplazma.cz\/farmacie\/"},{"@type":"ListItem","position":3,"name":"Slimella FIT"}]},{"@type":"WebSite","@id":"https:\/\/www.mojeplazma.cz\/farmacie\/#website","url":"https:\/\/www.mojeplazma.cz\/farmacie\/","name":"mojeplazma.cz","description":"","potentialAction":[{"@type":"SearchAction","target":{"@type":"EntryPoint","urlTemplate":"https:\/\/www.mojeplazma.cz\/farmacie\/?s={search_term_string}"},"query-input":{"@type":"PropertyValueSpecification","valueRequired":true,"valueName":"search_term_string"}}],"inLanguage":"cs"}]}},"_links":{"self":[{"href":"https:\/\/www.mojeplazma.cz\/farmacie\/wp-json\/wp\/v2\/product\/3770","targetHints":{"allow":["GET"]}}],"collection":[{"href":"https:\/\/www.mojeplazma.cz\/farmacie\/wp-json\/wp\/v2\/product"}],"about":[{"href":"https:\/\/www.mojeplazma.cz\/farmacie\/wp-json\/wp\/v2\/types\/product"}],"replies":[{"embeddable":true,"href":"https:\/\/www.mojeplazma.cz\/farmacie\/wp-json\/wp\/v2\/comments?post=3770"}],"wp:featuredmedia":[{"embeddable":true,"href":"https:\/\/www.mojeplazma.cz\/farmacie\/wp-json\/wp\/v2\/media\/3800"}],"wp:attachment":[{"href":"https:\/\/www.mojeplazma.cz\/farmacie\/wp-json\/wp\/v2\/media?parent=3770"}],"wp:term":[{"taxonomy":"product_brand","embeddable":true,"href":"https:\/\/www.mojeplazma.cz\/farmacie\/wp-json\/wp\/v2\/product_brand?post=3770"},{"taxonomy":"product_cat","embeddable":true,"href":"https:\/\/www.mojeplazma.cz\/farmacie\/wp-json\/wp\/v2\/product_cat?post=3770"},{"taxonomy":"product_tag","embeddable":true,"href":"https:\/\/www.mojeplazma.cz\/farmacie\/wp-json\/wp\/v2\/product_tag?post=3770"}],"curies":[{"name":"wp","href":"https:\/\/api.w.org\/{rel}","templated":true}]}}