{"id":3788,"date":"2024-10-10T16:23:09","date_gmt":"2024-10-10T16:23:09","guid":{"rendered":"https:\/\/www.mojeplazma.cz\/farmacie\/?post_type=product&#038;p=3788"},"modified":"2024-11-18T09:32:09","modified_gmt":"2024-11-18T09:32:09","slug":"oilme-botanical-care","status":"publish","type":"product","link":"https:\/\/www.mojeplazma.cz\/farmacie\/farmacie\/oilme-botanical-care\/","title":{"rendered":"Oilme Botanical Care"},"content":{"rendered":"\n<h2 class=\"wp-block-heading\">Co je Oilme Botanical Care a jak funguje?<\/h2>\n\n\n\n<p><b>Oilme Botanical Care<\/b> je inovativn\u00ed <b>olej pro<\/b> p\u00e9\u010di o vlasy, kter\u00fd vyu\u017e\u00edv\u00e1 <em>p\u0159\u00edrodn\u00ed slo\u017eky<\/em> k podpo\u0159e zdrav\u00ed poko\u017eky a r\u016fstu vlas\u016f. V\u00fdrobek se zam\u011b\u0159uje na stimulaci p\u0159irozen\u00fdch regenera\u010dn\u00edch proces\u016f, kter\u00e9 pom\u00e1haj\u00ed zlep\u0161it zdrav\u00ed vlas\u016f. Kl\u00ed\u010dov\u00fdm aspektem <b>Oilme Botanical Care<\/b> je vyu\u017eit\u00ed synergick\u00fdch \u00fa\u010dink\u016f rostlinn\u00fdch v\u00fdta\u017ek\u016f <em>,<\/em> kter\u00e9 vlasy intenzivn\u011b hydratuj\u00ed, vy\u017eivuj\u00ed a posiluj\u00ed.<\/p>\n\n\n\n<p>\u00da\u010dinn\u00e9 l\u00e1tky obsa\u017een\u00e9 v oleji, jako je kyselina oleanolov\u00e1, apigenin a biotinoyl-GHK, byly pe\u010dliv\u011b vybr\u00e1ny tak, aby zv\u00fd\u0161ily \u00fa\u010dinnost o\u0161et\u0159en\u00ed. P\u016fsob\u00ed na r\u016fzn\u00fdch \u00farovn\u00edch, od zlep\u0161en\u00ed pru\u017enosti vlas\u016f a\u017e po jejich zahu\u0161t\u011bn\u00ed, d\u00edky \u010demu\u017e je <b>Oilme Botanical Care<\/b> mimo\u0159\u00e1dn\u011b \u00fa\u010dinn\u00fdm \u0159e\u0161en\u00edm. D\u00edky <em>p\u0159\u00edrodn\u00edm slo\u017ek\u00e1m<\/em> tento p\u0159\u00edpravek pom\u016f\u017ee tak\u00e9 v boji proti probl\u00e9m\u016fm, jako je vypad\u00e1v\u00e1n\u00ed vlas\u016f a jejich nadm\u011brn\u00e9 oslaben\u00ed.<\/p>\n\n\n\n<figure class=\"wp-block-table\"><table class=\"has-fixed-layout\"><tbody><tr><th>Vlastnosti<\/th><th>Popis<\/th><\/tr><tr><td><b>P\u0159\u00edrodn\u00ed slo\u017eky<\/b><\/td><td>Kyselina oleanolov\u00e1, apigenin, biotinoyl-GHK<\/td><\/tr><tr><td><b>P\u016fsoben\u00ed<\/b><\/td><td>Stimulace r\u016fstu vlas\u016f, v\u00fd\u017eiva, hydratace<\/td><\/tr><tr><td>\u00da\u010dinek<\/td><td>Zlep\u0161en\u00ed stavu vlas\u016f, jejich pru\u017enosti a zdrav\u00e9ho vzhledu<\/td><\/tr><tr><td>Doporu\u010den\u00ed<\/td><td>Minim\u00e1ln\u00ed doba aplikace: doporu\u010den\u00e9 d\u00e1vkov\u00e1n\u00ed: 3 m\u011bs\u00edce<\/td><\/tr><\/tbody><\/table><\/figure>\n\n\n\n<p>V posledn\u00edch letech si Oilme Botanical Care z\u00edskala uzn\u00e1n\u00ed na trhu d\u00edky sv\u00e9mu jedine\u010dn\u00e9mu slo\u017een\u00ed a rychle viditeln\u00fdm \u00fa\u010dink\u016fm. P\u0159i pravideln\u00e9m pou\u017e\u00edv\u00e1n\u00ed lze pozorovat v\u00fdrazn\u00e9 zlep\u0161en\u00ed stavu vlas\u016f a vlasov\u00e9 poko\u017eky, co\u017e potvrzuj\u00ed \u010detn\u00e9 pozitivn\u00ed <b>recenze<\/b> u\u017eivatel\u016f.<\/p>\n\n\n\n<h2 class=\"wp-block-heading\">Oilme Botanical Care &#8211; \u00fa\u010dinky<\/h2>\n\n\n\n<p><b>Pou\u017e\u00edv\u00e1n\u00ed<\/b> Oilme Botanical Care m\u00e1 \u0159adu pozitivn\u00edch <em>\u00fa\u010dink\u016f<\/em>, kter\u00e9 u\u017eivatel\u00e9 oce\u0148uj\u00ed p\u0159i ka\u017edodenn\u00ed <em>p\u00e9\u010di<\/em>. Po pravideln\u00e9m pou\u017e\u00edv\u00e1n\u00ed tohoto p\u0159\u00edpravku doch\u00e1z\u00ed ke znateln\u00e9mu zlep\u0161en\u00ed hydratace a pevnosti poko\u017eky. Ti, kte\u0159\u00ed olej pou\u017e\u00edvaj\u00ed, si tak\u00e9 v\u0161\u00edmaj\u00ed sn\u00ed\u017een\u00ed podr\u00e1\u017ed\u011bn\u00ed, co\u017e p\u0159isp\u00edv\u00e1 ke <em>zdrav\u00e9 poko\u017ece<\/em>.<\/p>\n\n\n\n<p>Pou\u017e\u00edv\u00e1n\u00ed Oilme Botanical Care pom\u00e1h\u00e1 sni\u017eovat suchost a zlep\u0161ovat t\u00f3n pleti. Mnoho lid\u00ed uv\u00e1d\u00ed, \u017ee vizu\u00e1ln\u00ed <b>\u00fa\u010dinky<\/b> jsou patrn\u00e9 ji\u017e po n\u011bkolika aplikac\u00edch, co\u017e z oleje \u010din\u00ed \u00fa\u010dinn\u00e9 \u0159e\u0161en\u00ed ka\u017edodenn\u00ed <em>p\u00e9\u010de o ple\u0165<\/em>.<\/p>\n\n\n\n<figure class=\"wp-block-table\"><table class=\"has-fixed-layout\"><tbody><tr><th>\u00da\u010dinek<\/th><th>Popis<\/th><\/tr><tr><td>Hydrata\u010dn\u00ed<\/td><td>Zlep\u0161uje hydrolipidovou bari\u00e9ru, \u010d\u00edm\u017e zvy\u0161uje \u00farove\u0148 hydratace poko\u017eky.<\/td><\/tr><tr><td>Sni\u017euje podr\u00e1\u017ed\u011bn\u00ed<\/td><td>Zklid\u0148uje zarudnut\u00ed a podr\u00e1\u017ed\u011bn\u00ed, co\u017e p\u0159isp\u00edv\u00e1 k pohodl\u00ed p\u0159i no\u0161en\u00ed.<\/td><\/tr><tr><td>Zlep\u0161en\u00ed pru\u017enosti<\/td><td>Stimulace tvorby kolagenu, kter\u00e1 zvy\u0161uje pevnost a pru\u017enost poko\u017eky.<\/td><\/tr><tr><td>Zlep\u0161en\u00ed barvy<\/td><td>Sjednocen\u00ed t\u00f3nu pleti, jeho\u017e v\u00fdsledkem je sv\u011b\u017eej\u0161\u00ed vzhled.<\/td><\/tr><\/tbody><\/table><\/figure>\n\n\n\n<p>V kone\u010dn\u00e9m d\u016fsledku <b>\u00fa\u010dinky<\/b> esence Oilme Botanical Care potvrzuj\u00ed jej\u00ed \u00fa\u010dinnost a pozitivn\u00ed vliv na ka\u017edodenn\u00ed <em>p\u00e9\u010di o<\/em> ple\u0165 a jej\u00ed vzhled. D\u00edky pe\u010dliv\u011b vybran\u00fdm slo\u017ek\u00e1m se u\u017eivatel\u00e9 mohou t\u011b\u0161it ze <em>zdrav\u00e9 pleti<\/em> bez podr\u00e1\u017ed\u011bn\u00ed a vysu\u0161en\u00ed.<\/p>\n\n\n\n<h2 class=\"wp-block-heading\">Jak spr\u00e1vn\u011b pou\u017e\u00edvat Oilme Botanical Care &#8211; d\u00e1vkov\u00e1n\u00ed<\/h2>\n\n\n\n<p>Abyste maximalizovali \u00fa\u010dinky Oilme Botanical Care, je u\u017eite\u010dn\u00e9 dodr\u017eovat n\u011bkolik kl\u00ed\u010dov\u00fdch pravidel t\u00fdkaj\u00edc\u00edch se aplikace. Doporu\u010duje se ka\u017edodenn\u00ed <b>aplikace<\/b> oleje, aby poko\u017eka mohla pln\u011b vst\u0159ebat cenn\u00e9 \u017eiviny.<\/p>\n\n\n\n<p><em>N\u00e1vod k<\/em> pou\u017eit\u00ed doporu\u010duje nan\u00e1\u0161et olej na \u010distou ple\u0165, a to jak p\u0159ed span\u00edm, tak r\u00e1no jako podklad pod make-up. Sta\u010d\u00ed nan\u00e9st n\u011bkolik kapek do dlan\u00ed a pot\u00e9 jej jemn\u011b vmas\u00edrovat do obli\u010deje nebo t\u011bla. D\u00edky tomu se olej rychle vst\u0159eb\u00e1 a zv\u00fd\u0161\u00ed se jeho \u00fa\u010dinnost.<\/p>\n\n\n\n<p><b>D\u00e1vkov\u00e1n\u00ed<\/b> oleje by m\u011blo b\u00fdt p\u0159izp\u016fsobeno individu\u00e1ln\u00edm pot\u0159eb\u00e1m a stavu pleti. Osoby se suchou plet\u00ed mohou pot\u0159ebovat v\u011bt\u0161\u00ed mno\u017estv\u00ed, zat\u00edmco mastn\u00e1 ple\u0165 bude dob\u0159e reagovat na men\u0161\u00ed d\u00e1vky. Kl\u00ed\u010dem k dosa\u017een\u00ed po\u017eadovan\u00fdch v\u00fdsledk\u016f je p\u0159izp\u016fsobit mno\u017estv\u00ed oleje sv\u00fdm preferenc\u00edm a aktu\u00e1ln\u00edmu stavu pleti.<\/p>\n\n\n\n<ul class=\"wp-block-list\">\n<li>\u00da\u010dinnost zvy\u0161uje ka\u017edodenn\u00ed <b>aplikace<\/b>.<\/li>\n\n\n\n<li>Aplikaci lze prov\u00e1d\u011bt r\u00e1no i ve\u010der.<\/li>\n\n\n\n<li>V z\u00e1vislosti na va\u0161ich pot\u0159eb\u00e1ch posta\u010d\u00ed pouze 2-3 kapky najednou.<\/li>\n<\/ul>\n\n\n\n<h2 class=\"wp-block-heading\">Oilme Botanical Care &#8211; N\u00e1zory a recenze, F\u00f3rum<\/h2>\n\n\n\n<p>Oilme Botanical Care si z\u00edsk\u00e1v\u00e1 chv\u00e1lu mnoha u\u017eivatel\u016f a <b>ohlasy na<\/b> jeho \u00fa\u010dinnost jsou velmi pozitivn\u00ed. Lid\u00e9, kte\u0159\u00ed se rozhodli tento olej pou\u017e\u00edvat, sd\u00edlej\u00ed sv\u00e9 zku\u0161enosti na r\u016fzn\u00fdch internetov\u00fdch f\u00f3rech, co\u017e jim m\u016f\u017ee pomoci p\u0159i rozhodov\u00e1n\u00ed o n\u00e1kupu.<\/p>\n\n\n\n<blockquote class=\"wp-block-quote is-layout-flow wp-block-quote-is-layout-flow\">\n<p>&#8222;M\u011bla jsem pot\u00ed\u017ee se suchou poko\u017ekou. Po n\u011bkolikat\u00fddenn\u00edm pou\u017e\u00edv\u00e1n\u00ed oleje jsem si v\u0161imla, \u017ee moje poko\u017eka je hydratovan\u00e1 a pru\u017en\u00e1.&#8220; &#8211; Marta<\/p>\n<\/blockquote>\n\n\n\n<blockquote class=\"wp-block-quote is-layout-flow wp-block-quote-is-layout-flow\">\n<p>&#8222;\u00da\u010dinky jsou patrn\u00e9 t\u00e9m\u011b\u0159 okam\u017eit\u011b. Ple\u0165 z\u00e1\u0159\u00ed zdrav\u00edm a ve\u0161ker\u00e9 podr\u00e1\u017ed\u011bn\u00ed zmizelo.&#8220; &#8211; Anna<\/p>\n<\/blockquote>\n\n\n\n<blockquote class=\"wp-block-quote is-layout-flow wp-block-quote-is-layout-flow\">\n<p>&#8222;Nejlep\u0161\u00ed olej, kter\u00fd jsem pou\u017e\u00edvala. <b>P\u0159\u00edrodn\u00ed slo\u017eky<\/b> jsou v\u017edycky plus.&#8220; &#8211; Christopher<\/p>\n<\/blockquote>\n\n\n\n<p>Na f\u00f3rech u\u017eivatel\u00e9 \u010dasto zd\u016fraz\u0148uj\u00ed d\u016fle\u017eitost pravideln\u00e9ho pou\u017e\u00edv\u00e1n\u00ed v\u00fdrobku. <b>Zku\u0161enosti s<\/b> Oilme ukazuj\u00ed, \u017ee jeho p\u0159\u00edrodn\u00ed slo\u017een\u00ed m\u00e1 pro poko\u017eku skute\u010dn\u00e9 p\u0159\u00ednosy, co\u017e potvrzuj\u00ed i zm\u00edn\u011bn\u00e9 <b>recenze<\/b>. <b>Recenze<\/b> \u010dasto poukazuj\u00ed na zlep\u0161en\u00ed stavu poko\u017eky, jej\u00ed hydrataci a odstran\u011bn\u00ed podr\u00e1\u017ed\u011bn\u00ed.<\/p>\n\n\n\n<p>V\u0161echny tyto recenze a zm\u00ednky o pozitivn\u00edch \u00fa\u010dinc\u00edch v\u00e1s vyb\u00edzej\u00ed k vyzkou\u0161en\u00ed botanick\u00e9 p\u00e9\u010de Oilme. Stoj\u00ed za zm\u00ednku, \u017ee tento v\u00fdrobek lze nal\u00e9zt pouze na ofici\u00e1ln\u00edch str\u00e1nk\u00e1ch v\u00fdrobce a jeho <b>cena<\/b> m\u016f\u017ee z\u00e1viset na aktu\u00e1ln\u00edch akc\u00edch. Proto stoj\u00ed za to sledovat nab\u00eddky, abyste mohli vyu\u017e\u00edt nejv\u00fdhodn\u011bj\u0161\u00ed nab\u00eddky.<\/p>\n\n\n\n<h2 class=\"wp-block-heading\">Oilme Botanical Care &#8211; Slo\u017een\u00ed<\/h2>\n\n\n\n<p><b>Slo\u017een\u00ed<\/b> Oilme Botanical Care zaujme pe\u010dliv\u011b vybran\u00fdmi p\u0159\u00edrodn\u00edmi slo\u017ekami, kter\u00e9 podporuj\u00ed a chr\u00e1n\u00ed poko\u017eku. Pou\u017eit\u00ed rostlinn\u00fdch v\u00fdta\u017ek\u016f, jako je <em>arganov\u00fd<\/em> a <em>olivov\u00fd olej<\/em>, p\u0159isp\u00edv\u00e1 k zaji\u0161t\u011bn\u00ed intenzivn\u00ed hydratace a regenerace poko\u017eky. D\u00edky t\u011bmto <em>p\u0159\u00edrodn\u00edm slo\u017ek\u00e1m<\/em> p\u0159\u00edpravek posiluje ko\u017en\u00ed bari\u00e9ru, kter\u00e1 je kl\u00ed\u010dov\u00e1 pro udr\u017een\u00ed zdrav\u00ed a kondice pleti.<\/p>\n\n\n\n<p>Oilme Botanical Care se vyh\u00fdb\u00e1 pou\u017eit\u00ed \u0161kodliv\u00fdch chemick\u00fdch p\u0159\u00edsad, tak\u017ee je ide\u00e1ln\u00ed pro osoby s citlivou poko\u017ekou. V\u00fdrobky na b\u00e1zi <em>rostlinn\u00fdch v\u00fdta\u017ek\u016f<\/em> jsou st\u00e1le v\u00edce oce\u0148ov\u00e1ny pro sv\u00e9 vy\u017eivuj\u00edc\u00ed a pe\u010duj\u00edc\u00ed vlastnosti. Mezi kl\u00ed\u010dov\u00e9 slo\u017eky pat\u0159\u00ed:<\/p>\n\n\n\n<figure class=\"wp-block-table\"><table class=\"has-fixed-layout\"><tbody><tr><th>Slo\u017een\u00ed<\/th><th>\u00da\u010dinky<\/th><\/tr><tr><td>Arganov\u00fd olej<\/td><td>Intenzivn\u011b hydratuje a vy\u017eivuje poko\u017eku, obnovuje jej\u00ed pru\u017enost.<\/td><\/tr><tr><td>Olivov\u00fd olej<\/td><td>Chr\u00e1n\u00ed a regeneruje poko\u017eku a p\u016fsob\u00ed proti st\u00e1rnut\u00ed.<\/td><\/tr><tr><td>V\u00fdta\u017eek z aloe vera<\/td><td>Zklid\u0148uje podr\u00e1\u017ed\u011bn\u00ed, hydratuje a podporuje hojen\u00ed.<\/td><\/tr><tr><td>V\u00fdta\u017eek z he\u0159m\u00e1nku<\/td><td>M\u00e1 antibakteri\u00e1ln\u00ed a zklid\u0148uj\u00edc\u00ed <b>\u00fa\u010dinky<\/b>, ide\u00e1ln\u00ed pro citlivou ple\u0165.<\/td><\/tr><\/tbody><\/table><\/figure>\n\n\n\n<p>P\u0159esn\u00e9 <b>slo\u017een\u00ed<\/b> v\u00fdrobku najdete na ofici\u00e1ln\u00edch str\u00e1nk\u00e1ch v\u00fdrobce, co\u017e zaji\u0161\u0165uje transparentnost a \u00fapln\u00e9 informace o pou\u017eit\u00fdch <em>p\u0159\u00edrodn\u00edch slo\u017ek\u00e1ch<\/em>. Acid-algin\u00e1t, p\u0159\u00edrodn\u00ed konzerva\u010dn\u00ed l\u00e1tka, zaji\u0161\u0165uje dlouhotrvaj\u00edc\u00ed sv\u011b\u017eest a \u00fa\u010dinnost v\u00fdrobku.<\/p>\n\n\n\n<h2 class=\"wp-block-heading\">Kde koupit a jak\u00e1 je cena produktu Oilme Botanical Care?<\/h2>\n\n\n\n<p>Oilme Botanical Care lze zakoupit pouze prost\u0159ednictv\u00edm ofici\u00e1ln\u00edch webov\u00fdch str\u00e1nek <em>v\u00fdrobce<\/em>. Pouze tam si mohou b\u00fdt z\u00e1kazn\u00edci jisti, \u017ee obdr\u017e\u00ed origin\u00e1ln\u00ed v\u00fdrobek, co\u017e je nesm\u00edrn\u011b d\u016fle\u017eit\u00e9, pokud jde o zabr\u00e1n\u011bn\u00ed pad\u011blk\u016fm. <em>Dostupnost<\/em> ve stacion\u00e1rn\u00edch l\u00e9k\u00e1rn\u00e1ch nebo jin\u00fdch internetov\u00fdch obchodech je omezen\u00e1.<\/p>\n\n\n\n<p>Aktu\u00e1ln\u00ed <em>akce<\/em> a nab\u00eddky mohou ovlivnit <em>cenu<\/em> v\u00fdrobku. Ceny se mohou v jednotliv\u00fdch sez\u00f3n\u00e1ch li\u0161it, proto je v\u00fdhodn\u00e9 nakupovat u ofici\u00e1ln\u00edho v\u00fdrobce. Kupuj\u00edc\u00ed mohou o\u010dek\u00e1vat slevy nebo speci\u00e1ln\u00ed nab\u00eddky, kter\u00e9 d\u00e1le p\u0159itahuj\u00ed pozornost.<\/p>\n\n\n\n<h2 class=\"wp-block-heading\">Mo\u017en\u00e9 ne\u017e\u00e1douc\u00ed \u00fa\u010dinky a kontraindikace Oilme Botanical Care<\/h2>\n\n\n\n<p>Oilme Botanical Care je uzn\u00e1v\u00e1n pro sv\u00e9 p\u0159\u00edrodn\u00ed slo\u017eky, kter\u00e9 se prom\u00edtaj\u00ed do <b>bezpe\u010dnosti<\/b> tohoto v\u00fdrobku. Nicm\u00e9n\u011b jako u ka\u017ed\u00e9ho kosmetick\u00e9ho p\u0159\u00edpravku i zde existuje mo\u017enost v\u00fdskytu ne\u017e\u00e1douc\u00edch \u00fa\u010dink\u016f. Osoby s citlivou poko\u017ekou by m\u011bly prov\u00e9st test na mal\u00e9 plo\u0161e, aby se ujistily, \u017ee nedojde k ne\u017e\u00e1douc\u00edm reakc\u00edm. Pokud se objev\u00ed zarudnut\u00ed, sv\u011bd\u011bn\u00ed nebo podr\u00e1\u017ed\u011bn\u00ed, doporu\u010dujeme okam\u017eit\u011b p\u0159eru\u0161it pou\u017e\u00edv\u00e1n\u00ed a poradit se s dermatologem.<\/p>\n\n\n\n<p>Krom\u011b toho mezi <b>kontraindikace<\/b> pat\u0159\u00ed ti, kte\u0159\u00ed jsou alergi\u010dt\u00ed na ur\u010ditou slo\u017eku p\u0159\u00edpravku. Z tohoto d\u016fvodu je d\u016fle\u017eit\u00e9, aby si ka\u017ed\u00fd, kdo pl\u00e1nuje zah\u00e1jit l\u00e9\u010dbu, p\u0159e\u010detl slo\u017een\u00ed p\u0159\u00edpravku a v\u011bnoval pozornost mo\u017en\u00fdm alergick\u00fdm reakc\u00edm. <b>Bezpe\u010dnost<\/b> je v p\u00e9\u010di o ple\u0165 kl\u00ed\u010dovou ot\u00e1zkou a spr\u00e1vn\u00e1 p\u00e9\u010de o vlastn\u00ed ple\u0165 je obzvl\u00e1\u0161t\u011b d\u016fle\u017eit\u00e1.<\/p>\n","protected":false},"excerpt":{"rendered":"<p><strong>[date_countdown]<\/strong><\/p>\n<p><strong><img decoding=\"async\" class=\"alignnone  wp-image-8078\" src=\"https:\/\/www.mojeplazma.cz\/farmacie\/wp-content\/uploads\/2024\/10\/SAFE-PAY-300x88-1.png\" alt=\"SAFE-PAY-300x88\" width=\"154\" height=\"45\" \/><\/strong><\/p>\n","protected":false},"featured_media":3832,"comment_status":"open","ping_status":"closed","template":"","meta":{"neve_meta_sidebar":"","neve_meta_container":"","neve_meta_enable_content_width":"","neve_meta_content_width":0,"neve_meta_title_alignment":"","neve_meta_author_avatar":"","neve_post_elements_order":"","neve_meta_disable_header":"","neve_meta_disable_footer":"","neve_meta_disable_title":"","neve_meta_reading_time":""},"product_brand":[],"product_cat":[15],"product_tag":[],"class_list":{"0":"post-3788","1":"product","2":"type-product","3":"status-publish","4":"has-post-thumbnail","6":"product_cat-zdravi","8":"first","9":"instock","10":"sale","11":"shipping-taxable","12":"product-type-external"},"yoast_head":"<!-- This site is optimized with the Yoast SEO plugin v27.3 - https:\/\/yoast.com\/product\/yoast-seo-wordpress\/ -->\n<title>Oilme Botanical Care - Recenze, L\u00e9k\u00e1rna, Cena - 50%, F\u00f3rum, \u00da\u010dinky | 2026<\/title>\n<meta name=\"robots\" content=\"index, follow, max-snippet:-1, max-image-preview:large, max-video-preview:-1\" \/>\n<link rel=\"canonical\" href=\"https:\/\/www.mojeplazma.cz\/farmacie\/farmacie\/oilme-botanical-care\/\" \/>\n<meta property=\"og:locale\" content=\"cs_CZ\" \/>\n<meta property=\"og:type\" content=\"article\" \/>\n<meta property=\"og:title\" content=\"Oilme Botanical Care - Recenze, L\u00e9k\u00e1rna, Cena - 50%, F\u00f3rum, \u00da\u010dinky | 2026\" \/>\n<meta property=\"og:url\" content=\"https:\/\/www.mojeplazma.cz\/farmacie\/farmacie\/oilme-botanical-care\/\" \/>\n<meta property=\"og:site_name\" content=\"MojePlazma\" \/>\n<meta property=\"article:modified_time\" content=\"2024-11-18T09:32:09+00:00\" \/>\n<meta property=\"og:image\" content=\"https:\/\/www.mojeplazma.cz\/farmacie\/wp-content\/uploads\/2024\/10\/Oilme-Botanical-Care.jpg\" \/>\n\t<meta property=\"og:image:width\" content=\"768\" \/>\n\t<meta property=\"og:image:height\" content=\"768\" \/>\n\t<meta property=\"og:image:type\" content=\"image\/jpeg\" \/>\n<meta name=\"twitter:card\" content=\"summary_large_image\" \/>\n<meta name=\"twitter:description\" content=\"[date_countdown]\" \/>\n<meta name=\"twitter:label1\" content=\"Odhadovan\u00e1 doba \u010dten\u00ed\" \/>\n\t<meta name=\"twitter:data1\" content=\"1 minuta\" \/>\n<script type=\"application\/ld+json\" class=\"yoast-schema-graph\">{\"@context\":\"https:\\\/\\\/schema.org\",\"@graph\":[{\"@type\":\"WebPage\",\"@id\":\"https:\\\/\\\/www.mojeplazma.cz\\\/farmacie\\\/farmacie\\\/oilme-botanical-care\\\/\",\"url\":\"https:\\\/\\\/www.mojeplazma.cz\\\/farmacie\\\/farmacie\\\/oilme-botanical-care\\\/\",\"name\":\"Oilme Botanical Care - Recenze, L\u00e9k\u00e1rna, Cena - 50%, F\u00f3rum, \u00da\u010dinky | 2026\",\"isPartOf\":{\"@id\":\"https:\\\/\\\/www.mojeplazma.cz\\\/farmacie\\\/#website\"},\"primaryImageOfPage\":{\"@id\":\"https:\\\/\\\/www.mojeplazma.cz\\\/farmacie\\\/farmacie\\\/oilme-botanical-care\\\/#primaryimage\"},\"image\":{\"@id\":\"https:\\\/\\\/www.mojeplazma.cz\\\/farmacie\\\/farmacie\\\/oilme-botanical-care\\\/#primaryimage\"},\"thumbnailUrl\":\"https:\\\/\\\/www.mojeplazma.cz\\\/farmacie\\\/wp-content\\\/uploads\\\/2024\\\/10\\\/Oilme-Botanical-Care.jpg\",\"datePublished\":\"2024-10-10T16:23:09+00:00\",\"dateModified\":\"2024-11-18T09:32:09+00:00\",\"breadcrumb\":{\"@id\":\"https:\\\/\\\/www.mojeplazma.cz\\\/farmacie\\\/farmacie\\\/oilme-botanical-care\\\/#breadcrumb\"},\"inLanguage\":\"cs\",\"potentialAction\":[{\"@type\":\"ReadAction\",\"target\":[\"https:\\\/\\\/www.mojeplazma.cz\\\/farmacie\\\/farmacie\\\/oilme-botanical-care\\\/\"]}]},{\"@type\":\"ImageObject\",\"inLanguage\":\"cs\",\"@id\":\"https:\\\/\\\/www.mojeplazma.cz\\\/farmacie\\\/farmacie\\\/oilme-botanical-care\\\/#primaryimage\",\"url\":\"https:\\\/\\\/www.mojeplazma.cz\\\/farmacie\\\/wp-content\\\/uploads\\\/2024\\\/10\\\/Oilme-Botanical-Care.jpg\",\"contentUrl\":\"https:\\\/\\\/www.mojeplazma.cz\\\/farmacie\\\/wp-content\\\/uploads\\\/2024\\\/10\\\/Oilme-Botanical-Care.jpg\",\"width\":768,\"height\":768},{\"@type\":\"BreadcrumbList\",\"@id\":\"https:\\\/\\\/www.mojeplazma.cz\\\/farmacie\\\/farmacie\\\/oilme-botanical-care\\\/#breadcrumb\",\"itemListElement\":[{\"@type\":\"ListItem\",\"position\":1,\"name\":\"Strona g\u0142\u00f3wna\",\"item\":\"https:\\\/\\\/www.mojeplazma.cz\\\/farmacie\\\/\"},{\"@type\":\"ListItem\",\"position\":2,\"name\":\"farmacie\",\"item\":\"https:\\\/\\\/www.mojeplazma.cz\\\/farmacie\\\/\"},{\"@type\":\"ListItem\",\"position\":3,\"name\":\"Oilme Botanical Care\"}]},{\"@type\":\"WebSite\",\"@id\":\"https:\\\/\\\/www.mojeplazma.cz\\\/farmacie\\\/#website\",\"url\":\"https:\\\/\\\/www.mojeplazma.cz\\\/farmacie\\\/\",\"name\":\"mojeplazma.cz\",\"description\":\"\",\"potentialAction\":[{\"@type\":\"SearchAction\",\"target\":{\"@type\":\"EntryPoint\",\"urlTemplate\":\"https:\\\/\\\/www.mojeplazma.cz\\\/farmacie\\\/?s={search_term_string}\"},\"query-input\":{\"@type\":\"PropertyValueSpecification\",\"valueRequired\":true,\"valueName\":\"search_term_string\"}}],\"inLanguage\":\"cs\"}]}<\/script>\n<!-- \/ Yoast SEO plugin. -->","yoast_head_json":{"title":"Oilme Botanical Care - Recenze, L\u00e9k\u00e1rna, Cena - 50%, F\u00f3rum, \u00da\u010dinky | 2026","robots":{"index":"index","follow":"follow","max-snippet":"max-snippet:-1","max-image-preview":"max-image-preview:large","max-video-preview":"max-video-preview:-1"},"canonical":"https:\/\/www.mojeplazma.cz\/farmacie\/farmacie\/oilme-botanical-care\/","og_locale":"cs_CZ","og_type":"article","og_title":"Oilme Botanical Care - Recenze, L\u00e9k\u00e1rna, Cena - 50%, F\u00f3rum, \u00da\u010dinky | 2026","og_url":"https:\/\/www.mojeplazma.cz\/farmacie\/farmacie\/oilme-botanical-care\/","og_site_name":"MojePlazma","article_modified_time":"2024-11-18T09:32:09+00:00","og_image":[{"width":768,"height":768,"url":"https:\/\/www.mojeplazma.cz\/farmacie\/wp-content\/uploads\/2024\/10\/Oilme-Botanical-Care.jpg","type":"image\/jpeg"}],"twitter_card":"summary_large_image","twitter_description":"[date_countdown]","twitter_misc":{"Odhadovan\u00e1 doba \u010dten\u00ed":"1 minuta"},"schema":{"@context":"https:\/\/schema.org","@graph":[{"@type":"WebPage","@id":"https:\/\/www.mojeplazma.cz\/farmacie\/farmacie\/oilme-botanical-care\/","url":"https:\/\/www.mojeplazma.cz\/farmacie\/farmacie\/oilme-botanical-care\/","name":"Oilme Botanical Care - Recenze, L\u00e9k\u00e1rna, Cena - 50%, F\u00f3rum, \u00da\u010dinky | 2026","isPartOf":{"@id":"https:\/\/www.mojeplazma.cz\/farmacie\/#website"},"primaryImageOfPage":{"@id":"https:\/\/www.mojeplazma.cz\/farmacie\/farmacie\/oilme-botanical-care\/#primaryimage"},"image":{"@id":"https:\/\/www.mojeplazma.cz\/farmacie\/farmacie\/oilme-botanical-care\/#primaryimage"},"thumbnailUrl":"https:\/\/www.mojeplazma.cz\/farmacie\/wp-content\/uploads\/2024\/10\/Oilme-Botanical-Care.jpg","datePublished":"2024-10-10T16:23:09+00:00","dateModified":"2024-11-18T09:32:09+00:00","breadcrumb":{"@id":"https:\/\/www.mojeplazma.cz\/farmacie\/farmacie\/oilme-botanical-care\/#breadcrumb"},"inLanguage":"cs","potentialAction":[{"@type":"ReadAction","target":["https:\/\/www.mojeplazma.cz\/farmacie\/farmacie\/oilme-botanical-care\/"]}]},{"@type":"ImageObject","inLanguage":"cs","@id":"https:\/\/www.mojeplazma.cz\/farmacie\/farmacie\/oilme-botanical-care\/#primaryimage","url":"https:\/\/www.mojeplazma.cz\/farmacie\/wp-content\/uploads\/2024\/10\/Oilme-Botanical-Care.jpg","contentUrl":"https:\/\/www.mojeplazma.cz\/farmacie\/wp-content\/uploads\/2024\/10\/Oilme-Botanical-Care.jpg","width":768,"height":768},{"@type":"BreadcrumbList","@id":"https:\/\/www.mojeplazma.cz\/farmacie\/farmacie\/oilme-botanical-care\/#breadcrumb","itemListElement":[{"@type":"ListItem","position":1,"name":"Strona g\u0142\u00f3wna","item":"https:\/\/www.mojeplazma.cz\/farmacie\/"},{"@type":"ListItem","position":2,"name":"farmacie","item":"https:\/\/www.mojeplazma.cz\/farmacie\/"},{"@type":"ListItem","position":3,"name":"Oilme Botanical Care"}]},{"@type":"WebSite","@id":"https:\/\/www.mojeplazma.cz\/farmacie\/#website","url":"https:\/\/www.mojeplazma.cz\/farmacie\/","name":"mojeplazma.cz","description":"","potentialAction":[{"@type":"SearchAction","target":{"@type":"EntryPoint","urlTemplate":"https:\/\/www.mojeplazma.cz\/farmacie\/?s={search_term_string}"},"query-input":{"@type":"PropertyValueSpecification","valueRequired":true,"valueName":"search_term_string"}}],"inLanguage":"cs"}]}},"_links":{"self":[{"href":"https:\/\/www.mojeplazma.cz\/farmacie\/wp-json\/wp\/v2\/product\/3788","targetHints":{"allow":["GET"]}}],"collection":[{"href":"https:\/\/www.mojeplazma.cz\/farmacie\/wp-json\/wp\/v2\/product"}],"about":[{"href":"https:\/\/www.mojeplazma.cz\/farmacie\/wp-json\/wp\/v2\/types\/product"}],"replies":[{"embeddable":true,"href":"https:\/\/www.mojeplazma.cz\/farmacie\/wp-json\/wp\/v2\/comments?post=3788"}],"wp:featuredmedia":[{"embeddable":true,"href":"https:\/\/www.mojeplazma.cz\/farmacie\/wp-json\/wp\/v2\/media\/3832"}],"wp:attachment":[{"href":"https:\/\/www.mojeplazma.cz\/farmacie\/wp-json\/wp\/v2\/media?parent=3788"}],"wp:term":[{"taxonomy":"product_brand","embeddable":true,"href":"https:\/\/www.mojeplazma.cz\/farmacie\/wp-json\/wp\/v2\/product_brand?post=3788"},{"taxonomy":"product_cat","embeddable":true,"href":"https:\/\/www.mojeplazma.cz\/farmacie\/wp-json\/wp\/v2\/product_cat?post=3788"},{"taxonomy":"product_tag","embeddable":true,"href":"https:\/\/www.mojeplazma.cz\/farmacie\/wp-json\/wp\/v2\/product_tag?post=3788"}],"curies":[{"name":"wp","href":"https:\/\/api.w.org\/{rel}","templated":true}]}}