{"id":3790,"date":"2024-10-10T16:23:09","date_gmt":"2024-10-10T16:23:09","guid":{"rendered":"https:\/\/www.mojeplazma.cz\/farmacie\/?post_type=product&#038;p=3790"},"modified":"2024-11-18T09:41:54","modified_gmt":"2024-11-18T09:41:54","slug":"promagnesol","status":"publish","type":"product","link":"https:\/\/www.mojeplazma.cz\/farmacie\/farmacie\/promagnesol\/","title":{"rendered":"Promagnesol"},"content":{"rendered":"\n<h2 class=\"wp-block-heading\">Co je p\u0159\u00edpravek Promagnesol a jak funguje?<\/h2>\n\n\n\n<p><b>Promagnesol<\/b> je modern\u00ed <b>dopln\u011bk stravy<\/b>, kter\u00fd p\u0159itahuje pozornost pro sv\u00e9 jedine\u010dn\u00e9 vlastnosti podporuj\u00edc\u00ed zdrav\u00ed. Vyu\u017e\u00edv\u00e1 magnetick\u00e9 vlo\u017eky, kter\u00e9 funguj\u00ed na z\u00e1klad\u011b stimulace nervov\u00fdch zakon\u010den\u00ed um\u00edst\u011bn\u00fdch v chodidlech. <b>P\u016fsoben\u00ed<\/b> tohoto dopl\u0148ku stravy je zalo\u017eeno na siln\u00fdch magnetech, kter\u00e9 vytv\u00e1\u0159ej\u00ed magnetick\u00e9 pole, je\u017e zlep\u0161uje krevn\u00ed ob\u011bh a podporuje regeneraci organismu.<\/p>\n\n\n\n<p><b>P\u016fsoben\u00ed p\u0159\u00edpravku<\/b> Promagnesol lze rozd\u011blit do t\u0159\u00ed kl\u00ed\u010dov\u00fdch f\u00e1z\u00ed:<\/p>\n\n\n\n<ol class=\"wp-block-list\">\n<li>F\u00e1ze<em>1<\/em> &#8211; Stimulace receptor\u016f na chodidlech, kter\u00e1 ovliv\u0148uje mikrocirkulaci t\u011bla.<\/li>\n\n\n\n<li><em>F\u00e1ze 2<\/em> &#8211; Sn\u00ed\u017een\u00ed z\u00e1n\u011btu a \u00faleva od bolesti, kterou lze poc\u00edtit ji\u017e za 20 a\u017e 60 minut po aplikaci.<\/li>\n\n\n\n<li><em>F\u00e1ze 3<\/em> &#8211; Zlep\u0161en\u00ed rovnov\u00e1hy a dynamiky pohybu, co\u017e p\u0159isp\u00edv\u00e1 k v\u011bt\u0161\u00edmu pocitu pohody a zv\u00fd\u0161en\u00ed fyzick\u00e9 kondice.<\/li>\n<\/ol>\n\n\n\n<p>Pou\u017e\u00edv\u00e1n\u00edm p\u0159\u00edpravku Promagnesol lze o\u010dek\u00e1vat \u010detn\u00e9 zdravotn\u00ed p\u0159\u00ednosy. Vlo\u017eky vych\u00e1zej\u00ed z tradi\u010dn\u00ed nep\u00e1lsk\u00e9 mas\u00e1\u017ee chodidel, kter\u00e1 m\u00e1 v\u00fdrazn\u00fd vliv na zm\u00edrn\u011bn\u00ed bolesti kloub\u016f, kost\u00ed a sval\u016f. Pravideln\u00e9 <b>u\u017e\u00edv\u00e1n\u00ed<\/b> tohoto dopl\u0148ku stravy zvy\u0161uje vylu\u010dov\u00e1n\u00ed l\u00e1tek zodpov\u011bdn\u00fdch za pohodu, co\u017e je z\u00e1sadn\u00ed pro osoby se zdravotn\u00edmi probl\u00e9my, jako je nap\u0159\u00edklad cukrovka.<\/p>\n\n\n\n<p>Promagnesol je produkt, kter\u00fd si bezpochyby z\u00edsk\u00e1v\u00e1 st\u00e1le v\u011bt\u0161\u00ed oblibu. D\u00edky sv\u00fdm vlastnostem a kombinaci magnetick\u00e9 technologie a tradi\u010dn\u00edch l\u00e9\u010debn\u00fdch metod nab\u00edz\u00ed \u00fa\u010dinnost a komfort p\u0159i ka\u017edodenn\u00edm u\u017e\u00edv\u00e1n\u00ed.<\/p>\n\n\n\n<h2 class=\"wp-block-heading\">\u00da\u010dinky u\u017e\u00edv\u00e1n\u00ed p\u0159\u00edpravku Promagnesol<\/h2>\n\n\n\n<p><b>U\u017eivatel\u00e9 p\u0159\u00edprav<\/b> ku Promagnesol \u010dasto zaznamen\u00e1vaj\u00ed v\u00fdznamn\u00e9 <em>\u00fa\u010dinky<\/em> jeho u\u017e\u00edv\u00e1n\u00ed, kter\u00e9 se projevuj\u00ed ve zlep\u0161en\u00ed pohody a celkov\u00e9ho <em>zdravotn\u00edho stavu<\/em>. Zde jsou uvedeny n\u011bkter\u00e9 z nej\u010dast\u011bji uv\u00e1d\u011bn\u00fdch p\u0159\u00ednos\u016f:<\/p>\n\n\n\n<ul class=\"wp-block-list\">\n<li>V\u00fdrazn\u00e9 sn\u00ed\u017een\u00ed pocitu bolesti v oblasti kloub\u016f a p\u00e1te\u0159e, co\u017e p\u0159in\u00e1\u0161\u00ed velkou <em>\u00falevu<\/em> osob\u00e1m s chronick\u00fdmi pot\u00ed\u017eemi.<\/li>\n\n\n\n<li>Obnoven\u00ed citlivosti v kon\u010detin\u00e1ch, co\u017e vede ke zlep\u0161en\u00ed kvality \u017eivota a ka\u017edodenn\u00edho fungov\u00e1n\u00ed.<\/li>\n\n\n\n<li>Zlep\u0161en\u00ed dr\u017een\u00ed t\u011bla p\u0159i ch\u016fzi a zlep\u0161en\u00ed krevn\u00edho ob\u011bhu, co\u017e sv\u011bd\u010d\u00ed o pozitivn\u00edch <em>d \u00fa\u010dinc\u00edch<\/em> dopl\u0148ku.<\/li>\n\n\n\n<li>\u00daleva od p\u0159\u00edznak\u016f revmatick\u00fdch, svalov\u00fdch a migren\u00f3zn\u00edch bolest\u00ed, co\u017e je d\u016fle\u017eit\u00e9 zejm\u00e9na pro osoby ohro\u017een\u00e9 t\u011bmito stavy.<\/li>\n<\/ul>\n\n\n\n<p>V klinick\u00fdch studi\u00edch a\u017e 90 % \u00fa\u010dastn\u00edk\u016f potvrdilo zlep\u0161en\u00ed pohody po jednom m\u011bs\u00edci u\u017e\u00edv\u00e1n\u00ed p\u0159\u00edpravku Promagnesol. P\u0159\u00edpravek je vysoce cen\u011bn pro sv\u00e9 zdravotn\u00ed vlastnosti a absenci vedlej\u0161\u00edch \u00fa\u010dink\u016f, co\u017e z n\u011bj \u010din\u00ed atraktivn\u00ed volbu pro ty, kte\u0159\u00ed hledaj\u00ed p\u0159\u00edrodn\u00ed metody ke zlep\u0161en\u00ed sv\u00e9ho zdrav\u00ed.<\/p>\n\n\n\n<h2 class=\"wp-block-heading\">Jak pou\u017e\u00edvat Promagnesol? &#8211; D\u00e1vkov\u00e1n\u00ed a doporu\u010den\u00ed<\/h2>\n\n\n\n<p><em>Promagnesol<\/em> je <b>dopln\u011bk stravy<\/b>, kter\u00fd prosp\u00edv\u00e1 zdrav\u00ed sval\u016f a nervov\u00e9ho syst\u00e9mu. Spr\u00e1vn\u00e9 <strong>u\u017e\u00edv\u00e1n\u00ed<\/strong> tohoto p\u0159\u00edpravku je kl\u00ed\u010dem k dosa\u017een\u00ed optim\u00e1ln\u00edch v\u00fdsledk\u016f. Zde jsou n\u011bkter\u00e1 <strong>doporu\u010den\u00ed<\/strong> a podrobn\u00e9 <strong>pokyny k<\/strong> <strong>d\u00e1vkov\u00e1n\u00ed<\/strong>:<\/p>\n\n\n\n<ul class=\"wp-block-list\">\n<li>Zkontrolujte, zda vlo\u017eky Promagnesol dob\u0159e sed\u00ed ve va\u0161\u00ed obuvi.<\/li>\n\n\n\n<li>V p\u0159\u00edpad\u011b pot\u0159eby vlo\u017eky zkra\u0165te, aby dokonale odpov\u00eddaly tvaru va\u0161ich nohou.<\/li>\n\n\n\n<li>Vlo\u017ete vlo\u017eky do obuvi tak, aby v\u00fdstupky sm\u011b\u0159ovaly nahoru.<\/li>\n\n\n\n<li>No\u0161en\u00ed vlo\u017eek by m\u011blo b\u00fdt ka\u017edodenn\u00ed a m\u011blo by trvat nejm\u00e9n\u011b m\u011bs\u00edc, abyste vid\u011bli nejlep\u0161\u00ed <b>v\u00fdsledky<\/b>.<\/li>\n<\/ul>\n\n\n\n<p>Vezm\u011bte pros\u00edm na v\u011bdom\u00ed, \u017ee <strong>p\u0159\u00edpravek Promagnesol<\/strong> nen\u00ed dostupn\u00fd ve stacion\u00e1rn\u00edch l\u00e9k\u00e1rn\u00e1ch. Jedin\u00fdm zdrojem n\u00e1kupu jsou <b>ofici\u00e1ln\u00ed webov\u00e9 str\u00e1nky<\/b> v\u00fdrobce, kter\u00e9 zaru\u010duj\u00ed pravost v\u00fdrobk\u016f. P\u0159i pl\u00e1nov\u00e1n\u00ed n\u00e1kupu sledujte aktu\u00e1ln\u00ed <b>akce,<\/b> kter\u00e9 mohou sn\u00ed\u017eit n\u00e1klady na n\u00e1kup.<\/p>\n\n\n\n<p>Dodr\u017eov\u00e1n\u00ed v\u00fd\u0161e uveden\u00fdch <strong>doporu\u010den\u00ed<\/strong> zajist\u00ed nejen spr\u00e1vn\u00e9 fungov\u00e1n\u00ed v\u00fdrobku, ale tak\u00e9 p\u0159isp\u011bje k va\u0161\u00ed celkov\u00e9 pohod\u011b a fyzick\u00e9 kondici.<\/p>\n\n\n\n<h2 class=\"wp-block-heading\">Promagnesol recenze &#8211; Co \u0159\u00edkaj\u00ed u\u017eivatel\u00e9 na f\u00f3rech?<\/h2>\n\n\n\n<p><b>Recenze<\/b> Promagnesol jsou v drtiv\u00e9 v\u011bt\u0161in\u011b pozitivn\u00ed, <b>u\u017eivatel\u00e9<\/b> \u010dasto sd\u00edlej\u00ed sv\u00e9 <em>zku\u0161enosti<\/em> na internetov\u00fdch f\u00f3rech. Mnoho lid\u00ed d\u011bkuje tomuto dopl\u0148ku za \u00falevu od r\u016fzn\u00fdch onemocn\u011bn\u00ed, pod\u00edvejme se na n\u011bkter\u00e9 podrobn\u00e9 v\u00fdroky.<\/p>\n\n\n\n<blockquote class=\"wp-block-quote is-layout-flow wp-block-quote-is-layout-flow\">\n<p>&#8222;Osvobodili m\u011b od drah\u00fdch mas\u00e1\u017e\u00ed a l\u00e9k\u016f! Po diagn\u00f3ze skoli\u00f3zy jsem dlouho bojoval s bolestmi. Vlo\u017eky Promagnesol m\u011b od n\u00ed \u00fa\u010dinn\u011b osvobodily, co\u017e v\u00fdrazn\u011b zlep\u0161ilo mou pohodu.&#8220; &#8211; Robert, 45 let.<\/p>\n<\/blockquote>\n\n\n\n<blockquote class=\"wp-block-quote is-layout-flow wp-block-quote-is-layout-flow\">\n<p>&#8222;Vlo\u017eky pou\u017e\u00edv\u00e1m dva m\u011bs\u00edce a jsou velmi kvalitn\u00ed! Ji\u017e po n\u011bkolika dnech c\u00edt\u00edm zlep\u0161en\u00ed bolesti zad a moje pohoda se v\u00fdrazn\u011b zlep\u0161ila.&#8220; &#8211; Catherine, 38 let.<\/p>\n<\/blockquote>\n\n\n\n<blockquote class=\"wp-block-quote is-layout-flow wp-block-quote-is-layout-flow\">\n<p>&#8222;Promagnesol je skute\u010dn\u00fd objev! Osobn\u011b c\u00edt\u00edm v\u00edce energie a radosti z ka\u017edodenn\u00edch \u010dinnost\u00ed. Opravdu ho doporu\u010duji v\u0161em, kte\u0159\u00ed se pot\u00fdkaj\u00ed s chronickou bolest\u00ed.&#8220; &#8211; Anna, 32 let.<\/p>\n<\/blockquote>\n\n\n\n<p>Takov\u00e9 pozitivn\u00ed <em>ohlasy<\/em> ukazuj\u00ed, jak Promagnesol ovliv\u0148uje ka\u017edodenn\u00ed \u017eivot u\u017eivatel\u016f. Na f\u00f3rech lze nal\u00e9zt \u010detn\u00e9 <em>zku\u0161enosti se<\/em> sn\u00ed\u017een\u00edm bolesti a zlep\u0161en\u00edm celkov\u00e9 pohody, co\u017e z tohoto dopl\u0148ku \u010din\u00ed obl\u00edbenou volbu mezi t\u011bmi, kte\u0159\u00ed hledaj\u00ed \u00fa\u010dinn\u00e1 \u0159e\u0161en\u00ed.<\/p>\n\n\n\n<h2 class=\"wp-block-heading\">Slo\u017een\u00ed p\u0159\u00edpravku Promagnesol &#8211; co obsahuje?<\/h2>\n\n\n\n<p>Promagnesol je vynikaj\u00edc\u00ed dopln\u011bk, kter\u00fd vynik\u00e1 sv\u00fdm speci\u00e1ln\u00edm <em>slo\u017een\u00edm<\/em> obsahuj\u00edc\u00edm <b>magnety<\/b>. Tyto jedine\u010dn\u00e9 prvky ovliv\u0148uj\u00ed akupresurn\u00ed z\u00f3ny v chodidlech prost\u0159ednictv\u00edm sv\u00e9ho magnetick\u00e9ho pole, co\u017e prosp\u00edv\u00e1 celkov\u00e9mu <em>zdrav\u00ed<\/em>. Vlo\u017eky pou\u017eit\u00e9 v p\u0159\u00edpravku Promagnesol jsou vyrobeny z vysoce kvalitn\u00edch <em>materi\u00e1l\u016f,<\/em> co\u017e minimalizuje riziko alergick\u00fdch reakc\u00ed a zaji\u0161\u0165uje pohodl\u00ed pro poko\u017eku.<\/p>\n\n\n\n<p>D\u00edky pokro\u010dil\u00e9 technologii tyto vlo\u017eky \u00fa\u010dinn\u011b stimuluj\u00ed krevn\u00ed ob\u011bh a pom\u00e1haj\u00ed vylu\u010dovat toxiny z t\u011bla. Intenzivn\u00ed stimulace krevn\u00edho ob\u011bhu p\u0159isp\u00edv\u00e1 ke zlep\u0161en\u00ed <em>zdravotn\u00edho stavu<\/em> a celkov\u00e9 kondice organismu. <b>U\u017eivatel\u00e9<\/b> \u010dasto zd\u016fraz\u0148uj\u00ed rozd\u00edl, kter\u00fd po pou\u017eit\u00ed Promagnesol zaznamenali, co\u017e potvrzuje \u00fa\u010dinnost pou\u017eit\u00fdch <em>materi\u00e1l\u016f<\/em> a magnet\u016f.<\/p>\n\n\n\n<figure class=\"wp-block-table\"><table class=\"has-fixed-layout\"><tbody><tr><th>Prvek<\/th><th>Funkce<\/th><\/tr><tr><td><b>Magnety<\/b><\/td><td>Akupresurn\u00ed stimulace a zlep\u0161en\u00ed krevn\u00edho ob\u011bhu<\/td><\/tr><tr><td><b>Materi\u00e1ly<\/b><\/td><td>Bezpe\u010dn\u00e9 pro poko\u017eku, minimalizuje riziko alergi\u00ed<\/td><\/tr><tr><td>Technologie<\/td><td>\u00da\u010dinn\u00e9 odstra\u0148ov\u00e1n\u00ed toxin\u016f a zlep\u0161en\u00ed celkov\u00e9 pohody<\/td><\/tr><\/tbody><\/table><\/figure>\n\n\n\n<p>Kombinac\u00ed v\u0161ech t\u011bchto prvk\u016f vytv\u00e1\u0159\u00ed Promagnesol produkt, kter\u00fd nejen podporuje <b>zdrav\u00ed,<\/b> ale sv\u00fdm jedine\u010dn\u00fdm <em>slo\u017een\u00edm<\/em> p\u0159isp\u00edv\u00e1 i k lep\u0161\u00ed pohod\u011b. Pou\u017e\u00edv\u00e1n\u00ed vlo\u017eek se prom\u00edt\u00e1 do skute\u010dn\u00fdch p\u0159\u00ednos\u016f, co\u017e z nich \u010din\u00ed cenn\u00fd dopln\u011bk ka\u017edodenn\u00ed p\u00e9\u010de o zdrav\u00ed.<\/p>\n\n\n\n<h2 class=\"wp-block-heading\">Promagnesol cena &#8211; Kde koupit?<\/h2>\n\n\n\n<p>Promagnesol je k dost\u00e1n\u00ed pouze na ofici\u00e1ln\u00edch <em>str\u00e1nk\u00e1ch<\/em> v\u00fdrobce. N\u00e1kup zde zaji\u0161\u0165uje pravost v\u00fdrobku a ochranu p\u0159ed nebezpe\u010d\u00edm n\u00e1kupu pad\u011blk\u016f. Z\u00e1kazn\u00edci si mohou b\u00fdt jisti, \u017ee kupuj\u00ed origin\u00e1ln\u00ed v\u00fdrobek, kter\u00fd podporuje jejich <b>zdrav\u00ed<\/b>.<\/p>\n\n\n\n<p><b>Cena<\/b> Promagnesol se m\u016f\u017ee li\u0161it v z\u00e1vislosti na <em>aktu\u00e1ln\u00edch akc\u00edch<\/em>. Stoj\u00ed za to pravideln\u011b kontrolovat nab\u00eddku, abyste vyu\u017eili nejlep\u0161\u00ed n\u00e1kupn\u00ed p\u0159\u00edle\u017eitosti. Jin\u00e9 prodejn\u00ed kan\u00e1ly, jako jsou kamenn\u00e9 a internetov\u00e9 l\u00e9k\u00e1rny, tuto jedine\u010dnou vlo\u017eku nenab\u00edzej\u00ed, tak\u017ee ofici\u00e1ln\u00ed webov\u00e9 str\u00e1nky jsou jedin\u00fdm m\u00edstem, kde ji lze z\u00edskat.<\/p>\n\n\n\n<p>Pravideln\u00e9 nav\u0161t\u011bvov\u00e1n\u00ed <em>ofici\u00e1ln\u00edch str\u00e1nek<\/em> v\u00e1m pom\u016f\u017ee naj\u00edt nejlep\u0161\u00ed nab\u00eddky a pochopit, jak m\u016f\u017eete s p\u0159\u00edpravkem Promagnesol pe\u010dovat o sv\u00e9 <b>zdrav\u00ed<\/b> a pohodu.<\/p>\n\n\n\n<h2 class=\"wp-block-heading\">Promagnesol &#8211; Ne\u017e\u00e1douc\u00ed \u00fa\u010dinky a kontraindikace<\/h2>\n\n\n\n<p>Promagnesol je dopln\u011bk stravy, kter\u00fd je pova\u017eov\u00e1n za bezpe\u010dn\u00fd, nicm\u00e9n\u011b p\u0159ed jeho u\u017e\u00edv\u00e1n\u00edm stoj\u00ed za to zkontrolovat mo\u017en\u00e9 kontraindikace. Nedoporu\u010duje se u\u017e\u00edvat v t\u011bhotenstv\u00ed a p\u0159i kojen\u00ed, ani osob\u00e1m s kardiostimul\u00e1torem nebo sluchadlem. Osoby s t\u011bmito stavy by se m\u011bly p\u0159ed zah\u00e1jen\u00edm u\u017e\u00edv\u00e1n\u00ed dopl\u0148ku poradit s odborn\u00edkem.<\/p>\n\n\n\n<p>P\u0159esto\u017ee jsou <b>ne\u017e\u00e1douc\u00ed \u00fa\u010dinky<\/b> spojen\u00e9 s p\u0159\u00edpravkem Promagnesol vz\u00e1cn\u00e9, je v\u017edy dobr\u00e9 sledovat reakce sv\u00e9ho t\u011bla a b\u00fdt si v\u011bdom sv\u00e9ho zdravotn\u00edho stavu. N\u011bkter\u00e9 <b>recenze<\/b> u\u017eivatel\u016f uv\u00e1d\u011bj\u00ed nedostatek alergick\u00fdch reakc\u00ed, co\u017e potvrzuje, \u017ee v\u00fdrobek je v\u011bt\u0161inou lid\u00ed dob\u0159e sn\u00e1\u0161en. Nicm\u00e9n\u011b lid\u00e9 s chronick\u00fdmi onemocn\u011bn\u00edmi by m\u011bli k t\u00e9matu p\u0159istupovat obzvl\u00e1\u0161t\u011b opatrn\u011b.<\/p>\n\n\n\n<p>A kone\u010dn\u011b, zdrav\u00ed by m\u011blo b\u00fdt v\u017edy prioritou, tak\u017ee p\u0159i zva\u017eov\u00e1n\u00ed <b>pou\u017eit\u00ed p\u0159\u00edpravku<\/b> Promagnesol je vhodn\u00e9 se p\u0159edem poradit se sv\u00fdm l\u00e9ka\u0159em. D\u016fkladn\u00e1 anal\u00fdza va\u0161ich zdravotn\u00edch pot\u0159eb v\u00e1m pom\u016f\u017ee vyhnout se mo\u017en\u00fdm probl\u00e9m\u016fm a pln\u011b vyu\u017e\u00edt v\u00fdhod tohoto dopl\u0148ku stravy.<\/p>\n","protected":false},"excerpt":{"rendered":"<p><strong>[date_countdown]<\/strong><\/p>\n<p><strong><img decoding=\"async\" class=\"alignnone  wp-image-8078\" src=\"https:\/\/www.mojeplazma.cz\/farmacie\/wp-content\/uploads\/2024\/10\/SAFE-PAY-300x88-1.png\" alt=\"SAFE-PAY-300x88\" width=\"154\" height=\"45\" \/><\/strong><\/p>\n","protected":false},"featured_media":3841,"comment_status":"open","ping_status":"closed","template":"","meta":{"neve_meta_sidebar":"","neve_meta_container":"","neve_meta_enable_content_width":"","neve_meta_content_width":0,"neve_meta_title_alignment":"","neve_meta_author_avatar":"","neve_post_elements_order":"","neve_meta_disable_header":"","neve_meta_disable_footer":"","neve_meta_disable_title":"","neve_meta_reading_time":""},"product_brand":[],"product_cat":[15],"product_tag":[],"class_list":{"0":"post-3790","1":"product","2":"type-product","3":"status-publish","4":"has-post-thumbnail","6":"product_cat-zdravi","8":"first","9":"instock","10":"sale","11":"shipping-taxable","12":"product-type-external"},"yoast_head":"<!-- This site is optimized with the Yoast SEO plugin v27.3 - https:\/\/yoast.com\/product\/yoast-seo-wordpress\/ -->\n<title>Promagnesol - Recenze, L\u00e9k\u00e1rna, Cena - 50%, F\u00f3rum, \u00da\u010dinky | 2026<\/title>\n<meta name=\"robots\" content=\"index, follow, max-snippet:-1, max-image-preview:large, max-video-preview:-1\" \/>\n<link rel=\"canonical\" href=\"https:\/\/www.mojeplazma.cz\/farmacie\/farmacie\/promagnesol\/\" \/>\n<meta property=\"og:locale\" content=\"cs_CZ\" \/>\n<meta property=\"og:type\" content=\"article\" \/>\n<meta property=\"og:title\" content=\"Promagnesol - Recenze, L\u00e9k\u00e1rna, Cena - 50%, F\u00f3rum, \u00da\u010dinky | 2026\" \/>\n<meta property=\"og:url\" content=\"https:\/\/www.mojeplazma.cz\/farmacie\/farmacie\/promagnesol\/\" \/>\n<meta property=\"og:site_name\" content=\"MojePlazma\" \/>\n<meta property=\"article:modified_time\" content=\"2024-11-18T09:41:54+00:00\" \/>\n<meta property=\"og:image\" content=\"https:\/\/www.mojeplazma.cz\/farmacie\/wp-content\/uploads\/2024\/10\/Promagnesol.jpg\" \/>\n\t<meta property=\"og:image:width\" content=\"768\" \/>\n\t<meta property=\"og:image:height\" content=\"768\" \/>\n\t<meta property=\"og:image:type\" content=\"image\/jpeg\" \/>\n<meta name=\"twitter:card\" content=\"summary_large_image\" \/>\n<meta name=\"twitter:description\" content=\"[date_countdown]\" \/>\n<meta name=\"twitter:label1\" content=\"Odhadovan\u00e1 doba \u010dten\u00ed\" \/>\n\t<meta name=\"twitter:data1\" content=\"1 minuta\" \/>\n<script type=\"application\/ld+json\" class=\"yoast-schema-graph\">{\"@context\":\"https:\\\/\\\/schema.org\",\"@graph\":[{\"@type\":\"WebPage\",\"@id\":\"https:\\\/\\\/www.mojeplazma.cz\\\/farmacie\\\/farmacie\\\/promagnesol\\\/\",\"url\":\"https:\\\/\\\/www.mojeplazma.cz\\\/farmacie\\\/farmacie\\\/promagnesol\\\/\",\"name\":\"Promagnesol - Recenze, L\u00e9k\u00e1rna, Cena - 50%, F\u00f3rum, \u00da\u010dinky | 2026\",\"isPartOf\":{\"@id\":\"https:\\\/\\\/www.mojeplazma.cz\\\/farmacie\\\/#website\"},\"primaryImageOfPage\":{\"@id\":\"https:\\\/\\\/www.mojeplazma.cz\\\/farmacie\\\/farmacie\\\/promagnesol\\\/#primaryimage\"},\"image\":{\"@id\":\"https:\\\/\\\/www.mojeplazma.cz\\\/farmacie\\\/farmacie\\\/promagnesol\\\/#primaryimage\"},\"thumbnailUrl\":\"https:\\\/\\\/www.mojeplazma.cz\\\/farmacie\\\/wp-content\\\/uploads\\\/2024\\\/10\\\/Promagnesol.jpg\",\"datePublished\":\"2024-10-10T16:23:09+00:00\",\"dateModified\":\"2024-11-18T09:41:54+00:00\",\"breadcrumb\":{\"@id\":\"https:\\\/\\\/www.mojeplazma.cz\\\/farmacie\\\/farmacie\\\/promagnesol\\\/#breadcrumb\"},\"inLanguage\":\"cs\",\"potentialAction\":[{\"@type\":\"ReadAction\",\"target\":[\"https:\\\/\\\/www.mojeplazma.cz\\\/farmacie\\\/farmacie\\\/promagnesol\\\/\"]}]},{\"@type\":\"ImageObject\",\"inLanguage\":\"cs\",\"@id\":\"https:\\\/\\\/www.mojeplazma.cz\\\/farmacie\\\/farmacie\\\/promagnesol\\\/#primaryimage\",\"url\":\"https:\\\/\\\/www.mojeplazma.cz\\\/farmacie\\\/wp-content\\\/uploads\\\/2024\\\/10\\\/Promagnesol.jpg\",\"contentUrl\":\"https:\\\/\\\/www.mojeplazma.cz\\\/farmacie\\\/wp-content\\\/uploads\\\/2024\\\/10\\\/Promagnesol.jpg\",\"width\":768,\"height\":768},{\"@type\":\"BreadcrumbList\",\"@id\":\"https:\\\/\\\/www.mojeplazma.cz\\\/farmacie\\\/farmacie\\\/promagnesol\\\/#breadcrumb\",\"itemListElement\":[{\"@type\":\"ListItem\",\"position\":1,\"name\":\"Strona g\u0142\u00f3wna\",\"item\":\"https:\\\/\\\/www.mojeplazma.cz\\\/farmacie\\\/\"},{\"@type\":\"ListItem\",\"position\":2,\"name\":\"farmacie\",\"item\":\"https:\\\/\\\/www.mojeplazma.cz\\\/farmacie\\\/\"},{\"@type\":\"ListItem\",\"position\":3,\"name\":\"Promagnesol\"}]},{\"@type\":\"WebSite\",\"@id\":\"https:\\\/\\\/www.mojeplazma.cz\\\/farmacie\\\/#website\",\"url\":\"https:\\\/\\\/www.mojeplazma.cz\\\/farmacie\\\/\",\"name\":\"mojeplazma.cz\",\"description\":\"\",\"potentialAction\":[{\"@type\":\"SearchAction\",\"target\":{\"@type\":\"EntryPoint\",\"urlTemplate\":\"https:\\\/\\\/www.mojeplazma.cz\\\/farmacie\\\/?s={search_term_string}\"},\"query-input\":{\"@type\":\"PropertyValueSpecification\",\"valueRequired\":true,\"valueName\":\"search_term_string\"}}],\"inLanguage\":\"cs\"}]}<\/script>\n<!-- \/ Yoast SEO plugin. -->","yoast_head_json":{"title":"Promagnesol - Recenze, L\u00e9k\u00e1rna, Cena - 50%, F\u00f3rum, \u00da\u010dinky | 2026","robots":{"index":"index","follow":"follow","max-snippet":"max-snippet:-1","max-image-preview":"max-image-preview:large","max-video-preview":"max-video-preview:-1"},"canonical":"https:\/\/www.mojeplazma.cz\/farmacie\/farmacie\/promagnesol\/","og_locale":"cs_CZ","og_type":"article","og_title":"Promagnesol - Recenze, L\u00e9k\u00e1rna, Cena - 50%, F\u00f3rum, \u00da\u010dinky | 2026","og_url":"https:\/\/www.mojeplazma.cz\/farmacie\/farmacie\/promagnesol\/","og_site_name":"MojePlazma","article_modified_time":"2024-11-18T09:41:54+00:00","og_image":[{"width":768,"height":768,"url":"https:\/\/www.mojeplazma.cz\/farmacie\/wp-content\/uploads\/2024\/10\/Promagnesol.jpg","type":"image\/jpeg"}],"twitter_card":"summary_large_image","twitter_description":"[date_countdown]","twitter_misc":{"Odhadovan\u00e1 doba \u010dten\u00ed":"1 minuta"},"schema":{"@context":"https:\/\/schema.org","@graph":[{"@type":"WebPage","@id":"https:\/\/www.mojeplazma.cz\/farmacie\/farmacie\/promagnesol\/","url":"https:\/\/www.mojeplazma.cz\/farmacie\/farmacie\/promagnesol\/","name":"Promagnesol - Recenze, L\u00e9k\u00e1rna, Cena - 50%, F\u00f3rum, \u00da\u010dinky | 2026","isPartOf":{"@id":"https:\/\/www.mojeplazma.cz\/farmacie\/#website"},"primaryImageOfPage":{"@id":"https:\/\/www.mojeplazma.cz\/farmacie\/farmacie\/promagnesol\/#primaryimage"},"image":{"@id":"https:\/\/www.mojeplazma.cz\/farmacie\/farmacie\/promagnesol\/#primaryimage"},"thumbnailUrl":"https:\/\/www.mojeplazma.cz\/farmacie\/wp-content\/uploads\/2024\/10\/Promagnesol.jpg","datePublished":"2024-10-10T16:23:09+00:00","dateModified":"2024-11-18T09:41:54+00:00","breadcrumb":{"@id":"https:\/\/www.mojeplazma.cz\/farmacie\/farmacie\/promagnesol\/#breadcrumb"},"inLanguage":"cs","potentialAction":[{"@type":"ReadAction","target":["https:\/\/www.mojeplazma.cz\/farmacie\/farmacie\/promagnesol\/"]}]},{"@type":"ImageObject","inLanguage":"cs","@id":"https:\/\/www.mojeplazma.cz\/farmacie\/farmacie\/promagnesol\/#primaryimage","url":"https:\/\/www.mojeplazma.cz\/farmacie\/wp-content\/uploads\/2024\/10\/Promagnesol.jpg","contentUrl":"https:\/\/www.mojeplazma.cz\/farmacie\/wp-content\/uploads\/2024\/10\/Promagnesol.jpg","width":768,"height":768},{"@type":"BreadcrumbList","@id":"https:\/\/www.mojeplazma.cz\/farmacie\/farmacie\/promagnesol\/#breadcrumb","itemListElement":[{"@type":"ListItem","position":1,"name":"Strona g\u0142\u00f3wna","item":"https:\/\/www.mojeplazma.cz\/farmacie\/"},{"@type":"ListItem","position":2,"name":"farmacie","item":"https:\/\/www.mojeplazma.cz\/farmacie\/"},{"@type":"ListItem","position":3,"name":"Promagnesol"}]},{"@type":"WebSite","@id":"https:\/\/www.mojeplazma.cz\/farmacie\/#website","url":"https:\/\/www.mojeplazma.cz\/farmacie\/","name":"mojeplazma.cz","description":"","potentialAction":[{"@type":"SearchAction","target":{"@type":"EntryPoint","urlTemplate":"https:\/\/www.mojeplazma.cz\/farmacie\/?s={search_term_string}"},"query-input":{"@type":"PropertyValueSpecification","valueRequired":true,"valueName":"search_term_string"}}],"inLanguage":"cs"}]}},"_links":{"self":[{"href":"https:\/\/www.mojeplazma.cz\/farmacie\/wp-json\/wp\/v2\/product\/3790","targetHints":{"allow":["GET"]}}],"collection":[{"href":"https:\/\/www.mojeplazma.cz\/farmacie\/wp-json\/wp\/v2\/product"}],"about":[{"href":"https:\/\/www.mojeplazma.cz\/farmacie\/wp-json\/wp\/v2\/types\/product"}],"replies":[{"embeddable":true,"href":"https:\/\/www.mojeplazma.cz\/farmacie\/wp-json\/wp\/v2\/comments?post=3790"}],"wp:featuredmedia":[{"embeddable":true,"href":"https:\/\/www.mojeplazma.cz\/farmacie\/wp-json\/wp\/v2\/media\/3841"}],"wp:attachment":[{"href":"https:\/\/www.mojeplazma.cz\/farmacie\/wp-json\/wp\/v2\/media?parent=3790"}],"wp:term":[{"taxonomy":"product_brand","embeddable":true,"href":"https:\/\/www.mojeplazma.cz\/farmacie\/wp-json\/wp\/v2\/product_brand?post=3790"},{"taxonomy":"product_cat","embeddable":true,"href":"https:\/\/www.mojeplazma.cz\/farmacie\/wp-json\/wp\/v2\/product_cat?post=3790"},{"taxonomy":"product_tag","embeddable":true,"href":"https:\/\/www.mojeplazma.cz\/farmacie\/wp-json\/wp\/v2\/product_tag?post=3790"}],"curies":[{"name":"wp","href":"https:\/\/api.w.org\/{rel}","templated":true}]}}