{"id":3814,"date":"2024-10-10T16:23:31","date_gmt":"2024-10-10T16:23:31","guid":{"rendered":"https:\/\/www.mojeplazma.cz\/farmacie\/?post_type=product&#038;p=3814"},"modified":"2024-11-18T10:48:59","modified_gmt":"2024-11-18T10:48:59","slug":"taneral-pro","status":"publish","type":"product","link":"https:\/\/www.mojeplazma.cz\/farmacie\/farmacie\/taneral-pro\/","title":{"rendered":"Taneral Pro"},"content":{"rendered":"\n<h2 class=\"wp-block-heading\">Co je Taneral Pro a jak funguje?<\/h2>\n\n\n\n<p><b>Taneral Pro<\/b> je inovativn\u00ed <b>dopln\u011bk stravy<\/b>, jeho\u017e <em>d p\u016fsoben\u00ed Taneral Pro<\/em> je zalo\u017eeno na vyu\u017eit\u00ed p\u0159\u00edrodn\u00edch slo\u017eek pro podporu <b>zdrav\u00ed kloub\u016f<\/b> a p\u00e1te\u0159e. P\u0159\u00edpravek je ur\u010den lidem, kte\u0159\u00ed se pot\u00fdkaj\u00ed s bolestmi bedern\u00ed p\u00e1te\u0159e, revmatismem a lidem s aktivn\u00edm \u017eivotn\u00edm stylem. Pravideln\u00e9 <em>dopl\u0148ov\u00e1n\u00ed<\/em> tohoto p\u0159\u00edpravku m\u00e1 za c\u00edl zlep\u0161it pru\u017enost kloub\u016f, sn\u00ed\u017eit nepohodl\u00ed a regenerovat tk\u00e1n\u011b.<\/p>\n\n\n\n<p><b>Taneral Pro<\/b> obsahuje \u03c6\u03c5\u03c3\u03b9\u03c3\u03c4\u03b9\u03ba\u03bf\u03af <b>slo\u017eky,<\/b> kter\u00e9 vykazuj\u00ed analgetick\u00e9 a protiz\u00e1n\u011btliv\u00e9 vlastnosti. Magnetick\u00fd p\u00e1s je vybaven 12 magnety o s\u00edle 500 gaus\u016f, co\u017e d\u00e1v\u00e1 celkov\u00fd v\u00fdkon 6 000 gaus\u016f. Jejich <em>d p\u016fsoben\u00ed Taneral Pro<\/em> prob\u00edh\u00e1 prost\u0159ednictv\u00edm hlubok\u00e9ho pr\u016fniku do tk\u00e1n\u00ed, co\u017e podporuje regenera\u010dn\u00ed procesy organismu.<\/p>\n\n\n\n<p>V\u00fdrobek p\u016fsob\u00ed ve t\u0159ech f\u00e1z\u00edch: regeneraci, ochran\u011b a stabilizaci, a tak\u00e9 prost\u0159ednictv\u00edm magnetick\u00e9 akupresury. Takov\u00fd mechanismus poskytuje \u00fa\u010dinnou pomoc osob\u00e1m trp\u00edc\u00edm chronickou bolest\u00ed a sni\u017euje riziko zran\u011bn\u00ed u sportovc\u016f. Za zm\u00ednku stoj\u00ed, \u017ee <b>Taneral Pro<\/b> je vyroben z materi\u00e1l\u016f, kter\u00e9 poskytuj\u00ed pohodl\u00ed, a lze jej nosit p\u0159\u00edmo na k\u016f\u017ei nebo na od\u011bvu.<\/p>\n\n\n\n<p>U\u017eivatel\u00e9 zaznamen\u00e1vaj\u00ed v\u00fdrazn\u00e9 zlep\u0161en\u00ed sv\u00e9ho \u017eivotn\u00edho komfortu d\u00edky p\u016fsoben\u00ed p\u00e1su a jeho pozitivn\u00edm \u00fa\u010dink\u016fm na zdrav\u00ed sval\u016f a kloub\u016f. \u00da\u010dinnost v\u00fdrobku a spokojenost s jeho pou\u017e\u00edv\u00e1n\u00edm potvrzuj\u00ed \u010detn\u00e9 odborn\u00e9 recenze a <b>zku\u0161enosti<\/b> pacient\u016f, kte\u0159\u00ed zd\u016fraz\u0148uj\u00ed v\u00fdznam pravideln\u00e9 <em>suplementace<\/em> v ka\u017edodenn\u00edm zdravotn\u00edm re\u017eimu.<\/p>\n\n\n\n<h2 class=\"wp-block-heading\">Taneral Pro &#8211; \u00fa\u010dinky<\/h2>\n\n\n\n<p><b>\u00da\u010dinky p\u0159\u00edpravku<\/b> Taneral Pro se projev\u00ed p\u0159i pravideln\u00e9m u\u017e\u00edv\u00e1n\u00ed dopl\u0148k\u016f, kter\u00e9 mohou v\u00fdrazn\u011b <b>zlep\u0161it zdrav\u00ed kloub\u016f<\/b>. U\u017eivatel\u00e9 konstatuj\u00ed, \u017ee pravideln\u00e9 u\u017e\u00edv\u00e1n\u00ed tohoto dopl\u0148ku p\u0159in\u00e1\u0161\u00ed zaj\u00edmav\u00e9 v\u00fdsledky, v\u010detn\u011b zv\u00fd\u0161en\u00ed pru\u017enosti kloub\u016f a sn\u00ed\u017een\u00ed vn\u00edman\u00e9 bolesti.<\/p>\n\n\n\n<p>Na z\u00e1klad\u011b zp\u011btn\u00e9 vazby od \u0159ady u\u017eivatel\u016f Taneral Pro lze potvrdit, \u017ee <b>\u00fa\u010dinky u\u017e\u00edv\u00e1n\u00ed<\/b> p\u0159esahuj\u00ed pouh\u00e9 zvl\u00e1d\u00e1n\u00ed bolesti kloub\u016f. Mnoho lid\u00ed uv\u00e1d\u00ed zm\u00edrn\u011bn\u00ed p\u0159\u00edznak\u016f artritidy a celkov\u00e9 zlep\u0161en\u00ed kvality \u017eivota. Sportovci a fyzicky aktivn\u00ed lid\u00e9 mohou nav\u00edc zaznamenat pozitivn\u00ed zm\u011bny v regeneraci kloub\u016f po intenzivn\u00edm cvi\u010den\u00ed, co\u017e z tohoto dopl\u0148ku \u010din\u00ed ide\u00e1ln\u00ed podporu.<\/p>\n\n\n\n<p>\u00da\u010dinky p\u0159\u00edpravku Taneral Pro jsou shrnuty n\u00ed\u017ee:<\/p>\n\n\n\n<figure class=\"wp-block-table\"><table class=\"has-fixed-layout\"><tbody><tr><th>\u00da\u010dinek<\/th><th>Popis<\/th><th>V\u00fdsledky<\/th><\/tr><tr><td>Zlep\u0161en\u00ed pru\u017enosti kloub\u016f<\/td><td>Zv\u00fd\u0161en\u00e1 pohyblivost kloub\u016f, kter\u00e1 usnad\u0148uje prov\u00e1d\u011bn\u00ed ka\u017edodenn\u00edch \u010dinnost\u00ed.<\/td><td>92 % u\u017eivatel\u016f zaznamenalo znateln\u00e9 zlep\u0161en\u00ed flexibility kloub\u016f.<\/td><\/tr><tr><td>Sn\u00ed\u017een\u00ed bolesti<\/td><td>Sn\u00ed\u017een\u00ed nepohodl\u00ed a bolesti kloub\u016f p\u0159i fyzick\u00e9 aktivit\u011b.<\/td><td>po u\u017e\u00edv\u00e1n\u00ed dopl\u0148ku poci\u0165ovalo 98 % u\u017eivatel\u016f m\u00e9n\u011b bolesti.<\/td><\/tr><tr><td>Regenerace po cvi\u010den\u00ed<\/td><td>Urychlen\u00ed procesu regenerace kloub\u016f po intenzivn\u00edm cvi\u010den\u00ed.<\/td><td>rychlej\u0161\u00ed regeneraci zaznamenalo 80 % sportovc\u016f.<\/td><\/tr><\/tbody><\/table><\/figure>\n\n\n\n<p>Celkov\u011b Taneral Pro vykazuje \u00fa\u010dinky, kter\u00e9 mohou v\u00fdrazn\u011b zlep\u0161it komfort, a pravideln\u00e1 konzumace dopl\u0148ku umo\u017e\u0148uje u\u017eivatel\u016fm pozorovat pozitivn\u00ed zm\u011bny ve zdrav\u00ed kloub\u016f. U\u017eivatel\u00e9 v jeho u\u017e\u00edv\u00e1n\u00ed pokra\u010duj\u00ed, proto\u017ee jsou p\u0159esv\u011bd\u010deni o pozitivn\u00edm vlivu na jejich pohodu a kvalitu ka\u017edodenn\u00edho fungov\u00e1n\u00ed.<\/p>\n\n\n\n<h2 class=\"wp-block-heading\">Jak u\u017e\u00edvat Taneral Pro? &#8211; D\u00e1vkov\u00e1n\u00ed<\/h2>\n\n\n\n<p><b>D\u00e1vkov\u00e1n\u00ed<\/b> p\u0159\u00edpravku Taneral Pro doporu\u010duje u\u017e\u00edvat jednu kapsli dvakr\u00e1t denn\u011b. Dopln\u011bk stravy je vhodn\u00e9 u\u017e\u00edvat b\u011bhem j\u00eddla, co\u017e zvy\u0161uje vst\u0159eb\u00e1v\u00e1n\u00ed slo\u017eek obsa\u017een\u00fdch v p\u0159\u00edpravku. Pravidelnost u\u017e\u00edv\u00e1n\u00ed je rozhoduj\u00edc\u00ed pro optim\u00e1ln\u00ed \u00fa\u010dinky, proto je nezbytn\u00e9 tento re\u017eim dodr\u017eovat. P\u0159i dlouhodob\u00e9m u\u017e\u00edv\u00e1n\u00ed dopl\u0148ku m\u016f\u017eete po n\u011bkolika t\u00fddnech zaznamenat v\u00fdrazn\u00e9 zlep\u0161en\u00ed sv\u00e9ho zdravotn\u00edho stavu.<\/p>\n\n\n\n<p>P\u0159ed zah\u00e1jen\u00edm u\u017e\u00edv\u00e1n\u00ed p\u0159\u00edpravku Taneral Pro je dobr\u00e9 si p\u0159e\u010d\u00edst p\u0159\u00edbalovou informaci dostupnou na webov\u00fdch str\u00e1nk\u00e1ch v\u00fdrobce. Dostate\u010dn\u00e1 znalost d\u00e1vkov\u00e1n\u00ed a doporu\u010den\u00ed pom\u016f\u017ee dos\u00e1hnout maxim\u00e1ln\u00edho prosp\u011bchu z u\u017e\u00edv\u00e1n\u00ed dopl\u0148k\u016f. Konzultace s l\u00e9ka\u0159em p\u0159ed zah\u00e1jen\u00edm u\u017e\u00edv\u00e1n\u00ed p\u0159\u00edpravku m\u016f\u017ee b\u00fdt tak\u00e9 u\u017eite\u010dn\u00e1, zejm\u00e9na pro osoby s chronick\u00fdm onemocn\u011bn\u00edm nebo pro ty, kte\u0159\u00ed u\u017e\u00edvaj\u00ed jin\u00e9 l\u00e9ky.<\/p>\n\n\n\n<figure class=\"wp-block-table\"><table class=\"has-fixed-layout\"><tbody><tr><th>Doporu\u010den\u00e9 d\u00e1vkov\u00e1n\u00ed<\/th><th>Jak pou\u017e\u00edvat<\/th><th>D\u00e9lka u\u017e\u00edv\u00e1n\u00ed<\/th><\/tr><tr><td>1 kapsle 2kr\u00e1t denn\u011b<\/td><td>B\u011bhem j\u00eddla<\/td><td>Pravideln\u011b po dobu n\u011bkolika t\u00fddn\u016f<\/td><\/tr><\/tbody><\/table><\/figure>\n\n\n\n<p>Pokud se v pr\u016fb\u011bhu u\u017e\u00edv\u00e1n\u00ed objev\u00ed ne\u017e\u00e1douc\u00ed p\u0159\u00edznaky, doporu\u010dujeme u\u017e\u00edv\u00e1n\u00ed p\u0159eru\u0161it a poradit se s l\u00e9ka\u0159em. Taneral Pro je dopln\u011bk stravy, kter\u00fd p\u0159i pravideln\u00e9m u\u017e\u00edv\u00e1n\u00ed m\u016f\u017ee p\u0159in\u00e9st v\u00fdraznou \u00falevu t\u011bm, kte\u0159\u00ed se pot\u00fdkaj\u00ed s kloubn\u00edmi pot\u00ed\u017eemi, a jeho \u00fa\u010dink\u016f je dosa\u017eeno pravidelnost\u00ed a vhodn\u00fdm <b>d\u00e1vkov\u00e1n\u00edm<\/b>.<\/p>\n\n\n\n<h2 class=\"wp-block-heading\">Taneral Pro &#8211; Recenze u\u017eivatel\u016f, f\u00f3rum &#8211; Co na to \u0159\u00edkaj\u00ed u\u017eivatel\u00e9?<\/h2>\n\n\n\n<p><b>Recenze<\/b> Taneral Pro na <b>f\u00f3ru<\/b><b>u\u017eivatel\u016f<\/b> jsou v drtiv\u00e9 v\u011bt\u0161in\u011b pozitivn\u00ed. U\u017eivatel\u00e9 vyzdvihuj\u00ed \u00fa\u010dinnost dopl\u0148ku p\u0159i sni\u017eov\u00e1n\u00ed bolesti kloub\u016f a zlep\u0161ov\u00e1n\u00ed pohyblivosti. Jejich <b>zku\u0161enosti<\/b> sv\u011bd\u010d\u00ed o jejich spokojenosti s v\u00fdsledky pou\u017e\u00edv\u00e1n\u00ed tohoto produktu.<\/p>\n\n\n\n<blockquote class=\"wp-block-quote is-layout-flow wp-block-quote-is-layout-flow\">\n<p><em>Catherine:<\/em> &#8222;L\u00e9ta jsem bojovala s bolestmi kolen. Pravideln\u00fdm u\u017e\u00edv\u00e1n\u00edm p\u0159\u00edpravku Taneral Pro jsem zaznamenala v\u00fdrazn\u00e9 zlep\u0161en\u00ed. Nyn\u00ed mohu b\u011bhat bez obav z bolesti, d\u00edky \u010demu\u017e se c\u00edt\u00edm mnohem l\u00e9pe v ka\u017edodenn\u00edm \u017eivot\u011b.&#8220;<\/p>\n<\/blockquote>\n\n\n\n<blockquote class=\"wp-block-quote is-layout-flow wp-block-quote-is-layout-flow\">\n<p><em>Marek:<\/em> &#8222;Taneral Pro mi opravdu pomohl. Pocit ztuhlosti kloub\u016f se v\u00fdrazn\u011b sn\u00ed\u017eil a po dlouh\u00e9m dni v pr\u00e1ci se c\u00edt\u00edm mnohem l\u00e9pe. Kone\u010dn\u011b se mohu aktivn\u011b zapojit do rodinn\u00e9ho a spole\u010densk\u00e9ho \u017eivota, co\u017e d\u0159\u00edve nebylo mo\u017en\u00e9.&#8220;<\/p>\n<\/blockquote>\n\n\n\n<blockquote class=\"wp-block-quote is-layout-flow wp-block-quote-is-layout-flow\">\n<p><em>Ania:<\/em> &#8222;Na za\u010d\u00e1tku jsem byla skeptick\u00e1, ale v\u00fdsledky p\u0159ed\u010dily m\u00e9 o\u010dek\u00e1v\u00e1n\u00ed. Moje klouby jsou pru\u017en\u011bj\u0161\u00ed a bolesti zmizely. Je to skv\u011bl\u00fd dopln\u011bk, pro m\u011b se stal nenahraditeln\u00fdm.&#8220;<\/p>\n<\/blockquote>\n\n\n\n<p><b>U\u017eivatelsk\u00e9 recenze<\/b> zd\u016fraz\u0148uj\u00ed, \u017ee Taneral Pro vynik\u00e1 vysokou \u00fa\u010dinnost\u00ed a absenc\u00ed vedlej\u0161\u00edch \u00fa\u010dink\u016f pro v\u011bt\u0161inu lid\u00ed. Internetov\u00e9 <b>f\u00f3rum<\/b> se stalo prostorem pro v\u00fdm\u011bnu zku\u0161enost\u00ed s r\u016fzn\u00fdmi n\u00e1zory na to, jak dopln\u011bk funguje. U\u017eivatel\u00e9 oce\u0148uj\u00ed mo\u017enost zlep\u0161it kvalitu sv\u00e9ho \u017eivota pravideln\u00fdm u\u017e\u00edv\u00e1n\u00edm<\/p>\n\n\n\n<p>.<\/p>\n\n\n\n<h2 class=\"wp-block-heading\">Slo\u017een\u00ed p\u0159\u00edpravku Taneral Pro &#8211; anal\u00fdza slo\u017eek<\/h2>\n\n\n\n<p>Taneral Pro vynik\u00e1 sv\u00fdm jedine\u010dn\u00fdm <em>slo\u017een\u00edm<\/em>, kter\u00e9 bylo pe\u010dliv\u011b vybr\u00e1no pro podporu <b>zdrav\u00ed kloub\u016f<\/b>. Kl\u00ed\u010dov\u00fdm prvkem jeho slo\u017een\u00ed je p\u0159\u00edrodn\u00ed extrakt z kurkumy. <b>\u00da\u010dinn\u00e9 l\u00e1tky obsa\u017een\u00e9 v<\/b> tomto extraktu, jako je <em>kurkumin<\/em>, maj\u00ed protiz\u00e1n\u011btliv\u00fd \u00fa\u010dinek, kter\u00fd je kl\u00ed\u010dov\u00fd pro zm\u00edrn\u011bn\u00ed otok\u016f a bolesti kloub\u016f.<\/p>\n\n\n\n<p>Taneral Pro nav\u00edc obsahuje kolagen, kter\u00fd je nezbytn\u00fd pro regeneraci chrupavek a pojivov\u00fdch tk\u00e1n\u00ed. Pravideln\u00e9 u\u017e\u00edv\u00e1n\u00ed kolagenu m\u016f\u017ee p\u0159isp\u011bt ke zlep\u0161en\u00ed funkce kloub\u016f a jejich ochran\u011b. Dopln\u011bn\u00edm stravy o <em>\u00fa\u010dinn\u00e9 l\u00e1tky,<\/em> jako je kolagen, m\u016f\u017eete o\u010dek\u00e1vat zlep\u0161en\u00ed pohyblivosti a komfortu pohybu.<\/p>\n\n\n\n<p>Taneral Pro obsahuje tak\u00e9 vitaminy a miner\u00e1ly, kter\u00e9 podporuj\u00ed organismus v udr\u017eov\u00e1n\u00ed zdrav\u00e9 struktury kost\u00ed. Zejm\u00e9na vitamin D hraje kl\u00ed\u010dovou roli p\u0159i stimulaci tvorby kolagenu, co\u017e se projevuje v celkov\u00e9 podpo\u0159e kloub\u016f.<\/p>\n\n\n\n<figure class=\"wp-block-table\"><table class=\"has-fixed-layout\"><tbody><tr><th>Slo\u017een\u00ed<\/th><th>Funkce<\/th><th>P\u0159\u00edrodn\u00ed zdroj<\/th><\/tr><tr><td>Kurkuma<\/td><td>Protiz\u00e1n\u011btliv\u00fd \u00fa\u010dinek<\/td><td>Extrakt z kurkumy<\/td><\/tr><tr><td>Kolagen<\/td><td>Podpora regenerace chrupavek<\/td><td>\u017divo\u010di\u0161n\u00e9 a rostlinn\u00e9 zdroje<\/td><\/tr><tr><td>Vitamin D<\/td><td>Udr\u017eov\u00e1n\u00ed zdrav\u00e9 struktury kost\u00ed<\/td><td>Slune\u010dn\u00ed sv\u011btlo, n\u011bkter\u00e9 potraviny<\/td><\/tr><\/tbody><\/table><\/figure>\n\n\n\n<p>Souhrnn\u011b lze \u0159\u00edci, \u017ee <b>slo\u017een\u00ed p\u0159\u00edpravku Taneral Pro<\/b> s p\u0159\u00edrodn\u00edmi slo\u017ekami \u010din\u00ed z tohoto produktu cennou podporu pro lidi, kte\u0159\u00ed se pot\u00fdkaj\u00ed s kloubn\u00edmi pot\u00ed\u017eemi. D\u00edky synergick\u00e9mu p\u016fsoben\u00ed <em>\u00fa\u010dinn\u00fdch l\u00e1tek<\/em> se m\u016f\u017eete spolehnout na zlep\u0161en\u00ed kvality \u017eivota a v\u011bt\u0161\u00ed komfort p\u0159i ka\u017edodenn\u00edm fungov\u00e1n\u00ed.<\/p>\n\n\n\n<h2 class=\"wp-block-heading\">Cena Taneral Pro &#8211; kde koupit?<\/h2>\n\n\n\n<p>Taneral Pro je inovativn\u00ed <b>dopln\u011bk stravy<\/b>, kter\u00fd lze zakoupit pouze na ofici\u00e1ln\u00edch <em>str\u00e1nk\u00e1ch v\u00fdrobce<\/em>. Dostupnost v\u00fdrobku ve stacion\u00e1rn\u00edch l\u00e9k\u00e1rn\u00e1ch neexistuje, co\u017e znamen\u00e1, \u017ee n\u00e1kupy mus\u00ed b\u00fdt provedeny online pro bezpe\u010dnost a pohodl\u00ed.<\/p>\n\n\n\n<p>Stoj\u00ed za to pravideln\u011b kontrolovat nab\u00eddku na ofici\u00e1ln\u00edch str\u00e1nk\u00e1ch v\u00fdrobce, proto\u017ee <em>cena<\/em> Taneral Pro se m\u016f\u017ee li\u0161it v z\u00e1vislosti na aktu\u00e1ln\u00edch <em>akc\u00edch<\/em>. N\u00e1kup p\u0159\u00edmo od v\u00fdrobce nejen\u017ee zaru\u010duje pravost v\u00fdrobku, ale tak\u00e9 umo\u017e\u0148uje vyu\u017e\u00edt p\u0159\u00edpadn\u00e9 slevy a v\u011brnostn\u00ed programy, d\u00edky \u010demu\u017e je v\u00e1\u0161 n\u00e1kup v\u00fdhodn\u011bj\u0161\u00ed.<\/p>\n\n\n\n<p>P\u0159i rozhodov\u00e1n\u00ed o n\u00e1kupu stoj\u00ed za to pamatovat na to, abyste v\u017edy pou\u017e\u00edvali <em>ofici\u00e1ln\u00edho v\u00fdrobce<\/em>. Tento p\u0159\u00edstup zaji\u0161\u0165uje nejen nejlep\u0161\u00ed cenu, ale tak\u00e9 z\u00e1ruku kvality a bezpe\u010dnosti. Pravideln\u00e1 kontrola t\u011bchto str\u00e1nek v\u00e1m pom\u016f\u017ee udr\u017eet si p\u0159ehled o nejlep\u0161\u00edch nab\u00eddk\u00e1ch a <em>akc\u00edch<\/em>.<\/p>\n\n\n\n<h2 class=\"wp-block-heading\">Taneral Pro &#8211; Ne\u017e\u00e1douc\u00ed \u00fa\u010dinky a kontraindikace<\/h2>\n\n\n\n<p>Taneral Pro, jako\u017eto dopln\u011bk stravy na b\u00e1zi p\u0159\u00edrodn\u00edch slo\u017eek, je \u010dasto volen na podporu zdrav\u00ed kloub\u016f. P\u0159esto\u017ee je p\u0159\u00edpravek u\u017eivateli dob\u0159e sn\u00e1\u0161en, je t\u0159eba si uv\u011bdomit n\u011bkter\u00e9 <strong>ne\u017e\u00e1douc\u00ed \u00fa\u010dinky<\/strong>. V p\u0159\u00edpad\u011b p\u0159ecitliv\u011blosti na n\u011bkterou ze slo\u017eek se mohou objevit alergick\u00e9 reakce a gastrointestin\u00e1ln\u00ed probl\u00e9my. Je proto velmi d\u016fle\u017eit\u00e9 u\u017e\u00edvat dopln\u011bk podle n\u00e1vodu a sledovat vlastn\u00ed reakce na p\u0159\u00edpravek.<\/p>\n\n\n\n<p>P\u0159ed u\u017e\u00edv\u00e1n\u00edm p\u0159\u00edpravku Taneral Pro je tak\u00e9 d\u016fle\u017eit\u00e9 p\u0159e\u010d\u00edst si <strong>kontraindikace<\/strong>. Lid\u00e9, kte\u0159\u00ed u\u017e\u00edvaj\u00ed jin\u00e9 l\u00e9ky nebo maj\u00ed zdravotn\u00ed pot\u00ed\u017ee, kter\u00e9 vy\u017eaduj\u00ed zvl\u00e1\u0161tn\u00ed l\u00e9ka\u0159sk\u00fd dohled, by se m\u011bli poradit se sv\u00fdm l\u00e9ka\u0159em. Tento dopln\u011bk stravy se nedoporu\u010duje t\u011bhotn\u00fdm \u017een\u00e1m, koj\u00edc\u00edm matk\u00e1m a osob\u00e1m mlad\u0161\u00edm 18 let, co\u017e je d\u016fle\u017eit\u00fd aspekt jeho bezpe\u010dnosti.<\/p>\n\n\n\n<p>Proto je vhodn\u00e9 p\u0159ed rozhodnut\u00edm u\u017e\u00edvat Taneral Pro pe\u010dliv\u011b posoudit sv\u00e9 pot\u0159eby a sv\u016fj zdravotn\u00ed stav a v p\u0159\u00edpad\u011b pochybnost\u00ed vyhledat l\u00e9ka\u0159skou pomoc. Kl\u00ed\u010dov\u00e9 je zachovat <strong>bezpe\u010dnost<\/strong> a v\u011bdom\u011b p\u0159istupovat k suplementaci.<\/p>\n","protected":false},"excerpt":{"rendered":"<p><strong>[date_countdown]<\/strong><\/p>\n<p><strong><img decoding=\"async\" class=\"alignnone  wp-image-8078\" src=\"https:\/\/www.mojeplazma.cz\/farmacie\/wp-content\/uploads\/2024\/10\/SAFE-PAY-300x88-1.png\" alt=\"SAFE-PAY-300x88\" width=\"154\" height=\"45\" \/><\/strong><\/p>\n","protected":false},"featured_media":3861,"comment_status":"open","ping_status":"closed","template":"","meta":{"neve_meta_sidebar":"","neve_meta_container":"","neve_meta_enable_content_width":"","neve_meta_content_width":0,"neve_meta_title_alignment":"","neve_meta_author_avatar":"","neve_post_elements_order":"","neve_meta_disable_header":"","neve_meta_disable_footer":"","neve_meta_disable_title":"","neve_meta_reading_time":""},"product_brand":[],"product_cat":[15],"product_tag":[],"class_list":{"0":"post-3814","1":"product","2":"type-product","3":"status-publish","4":"has-post-thumbnail","6":"product_cat-zdravi","8":"first","9":"instock","10":"sale","11":"shipping-taxable","12":"product-type-external"},"yoast_head":"<!-- This site is optimized with the Yoast SEO plugin v27.3 - https:\/\/yoast.com\/product\/yoast-seo-wordpress\/ -->\n<title>Taneral Pro - Recenze, L\u00e9k\u00e1rna, Cena - 50%, F\u00f3rum, \u00da\u010dinky | 2026<\/title>\n<meta name=\"robots\" content=\"index, follow, max-snippet:-1, max-image-preview:large, max-video-preview:-1\" \/>\n<link rel=\"canonical\" href=\"https:\/\/www.mojeplazma.cz\/farmacie\/farmacie\/taneral-pro\/\" \/>\n<meta property=\"og:locale\" content=\"cs_CZ\" \/>\n<meta property=\"og:type\" content=\"article\" \/>\n<meta property=\"og:title\" content=\"Taneral Pro - Recenze, L\u00e9k\u00e1rna, Cena - 50%, F\u00f3rum, \u00da\u010dinky | 2026\" \/>\n<meta property=\"og:url\" content=\"https:\/\/www.mojeplazma.cz\/farmacie\/farmacie\/taneral-pro\/\" \/>\n<meta property=\"og:site_name\" content=\"MojePlazma\" \/>\n<meta property=\"article:modified_time\" content=\"2024-11-18T10:48:59+00:00\" \/>\n<meta property=\"og:image\" content=\"https:\/\/www.mojeplazma.cz\/farmacie\/wp-content\/uploads\/2024\/10\/Taneral-Pro.jpg\" \/>\n\t<meta property=\"og:image:width\" content=\"768\" \/>\n\t<meta property=\"og:image:height\" content=\"768\" \/>\n\t<meta property=\"og:image:type\" content=\"image\/jpeg\" \/>\n<meta name=\"twitter:card\" content=\"summary_large_image\" \/>\n<meta name=\"twitter:description\" content=\"[date_countdown]\" \/>\n<meta name=\"twitter:label1\" content=\"Odhadovan\u00e1 doba \u010dten\u00ed\" \/>\n\t<meta name=\"twitter:data1\" content=\"7 minut\" \/>\n<script type=\"application\/ld+json\" class=\"yoast-schema-graph\">{\"@context\":\"https:\\\/\\\/schema.org\",\"@graph\":[{\"@type\":\"WebPage\",\"@id\":\"https:\\\/\\\/www.mojeplazma.cz\\\/farmacie\\\/farmacie\\\/taneral-pro\\\/\",\"url\":\"https:\\\/\\\/www.mojeplazma.cz\\\/farmacie\\\/farmacie\\\/taneral-pro\\\/\",\"name\":\"Taneral Pro - Recenze, L\u00e9k\u00e1rna, Cena - 50%, F\u00f3rum, \u00da\u010dinky | 2026\",\"isPartOf\":{\"@id\":\"https:\\\/\\\/www.mojeplazma.cz\\\/farmacie\\\/#website\"},\"primaryImageOfPage\":{\"@id\":\"https:\\\/\\\/www.mojeplazma.cz\\\/farmacie\\\/farmacie\\\/taneral-pro\\\/#primaryimage\"},\"image\":{\"@id\":\"https:\\\/\\\/www.mojeplazma.cz\\\/farmacie\\\/farmacie\\\/taneral-pro\\\/#primaryimage\"},\"thumbnailUrl\":\"https:\\\/\\\/www.mojeplazma.cz\\\/farmacie\\\/wp-content\\\/uploads\\\/2024\\\/10\\\/Taneral-Pro.jpg\",\"datePublished\":\"2024-10-10T16:23:31+00:00\",\"dateModified\":\"2024-11-18T10:48:59+00:00\",\"breadcrumb\":{\"@id\":\"https:\\\/\\\/www.mojeplazma.cz\\\/farmacie\\\/farmacie\\\/taneral-pro\\\/#breadcrumb\"},\"inLanguage\":\"cs\",\"potentialAction\":[{\"@type\":\"ReadAction\",\"target\":[\"https:\\\/\\\/www.mojeplazma.cz\\\/farmacie\\\/farmacie\\\/taneral-pro\\\/\"]}]},{\"@type\":\"ImageObject\",\"inLanguage\":\"cs\",\"@id\":\"https:\\\/\\\/www.mojeplazma.cz\\\/farmacie\\\/farmacie\\\/taneral-pro\\\/#primaryimage\",\"url\":\"https:\\\/\\\/www.mojeplazma.cz\\\/farmacie\\\/wp-content\\\/uploads\\\/2024\\\/10\\\/Taneral-Pro.jpg\",\"contentUrl\":\"https:\\\/\\\/www.mojeplazma.cz\\\/farmacie\\\/wp-content\\\/uploads\\\/2024\\\/10\\\/Taneral-Pro.jpg\",\"width\":768,\"height\":768},{\"@type\":\"BreadcrumbList\",\"@id\":\"https:\\\/\\\/www.mojeplazma.cz\\\/farmacie\\\/farmacie\\\/taneral-pro\\\/#breadcrumb\",\"itemListElement\":[{\"@type\":\"ListItem\",\"position\":1,\"name\":\"Strona g\u0142\u00f3wna\",\"item\":\"https:\\\/\\\/www.mojeplazma.cz\\\/farmacie\\\/\"},{\"@type\":\"ListItem\",\"position\":2,\"name\":\"farmacie\",\"item\":\"https:\\\/\\\/www.mojeplazma.cz\\\/farmacie\\\/\"},{\"@type\":\"ListItem\",\"position\":3,\"name\":\"Taneral Pro\"}]},{\"@type\":\"WebSite\",\"@id\":\"https:\\\/\\\/www.mojeplazma.cz\\\/farmacie\\\/#website\",\"url\":\"https:\\\/\\\/www.mojeplazma.cz\\\/farmacie\\\/\",\"name\":\"mojeplazma.cz\",\"description\":\"\",\"potentialAction\":[{\"@type\":\"SearchAction\",\"target\":{\"@type\":\"EntryPoint\",\"urlTemplate\":\"https:\\\/\\\/www.mojeplazma.cz\\\/farmacie\\\/?s={search_term_string}\"},\"query-input\":{\"@type\":\"PropertyValueSpecification\",\"valueRequired\":true,\"valueName\":\"search_term_string\"}}],\"inLanguage\":\"cs\"}]}<\/script>\n<!-- \/ Yoast SEO plugin. -->","yoast_head_json":{"title":"Taneral Pro - Recenze, L\u00e9k\u00e1rna, Cena - 50%, F\u00f3rum, \u00da\u010dinky | 2026","robots":{"index":"index","follow":"follow","max-snippet":"max-snippet:-1","max-image-preview":"max-image-preview:large","max-video-preview":"max-video-preview:-1"},"canonical":"https:\/\/www.mojeplazma.cz\/farmacie\/farmacie\/taneral-pro\/","og_locale":"cs_CZ","og_type":"article","og_title":"Taneral Pro - Recenze, L\u00e9k\u00e1rna, Cena - 50%, F\u00f3rum, \u00da\u010dinky | 2026","og_url":"https:\/\/www.mojeplazma.cz\/farmacie\/farmacie\/taneral-pro\/","og_site_name":"MojePlazma","article_modified_time":"2024-11-18T10:48:59+00:00","og_image":[{"width":768,"height":768,"url":"https:\/\/www.mojeplazma.cz\/farmacie\/wp-content\/uploads\/2024\/10\/Taneral-Pro.jpg","type":"image\/jpeg"}],"twitter_card":"summary_large_image","twitter_description":"[date_countdown]","twitter_misc":{"Odhadovan\u00e1 doba \u010dten\u00ed":"7 minut"},"schema":{"@context":"https:\/\/schema.org","@graph":[{"@type":"WebPage","@id":"https:\/\/www.mojeplazma.cz\/farmacie\/farmacie\/taneral-pro\/","url":"https:\/\/www.mojeplazma.cz\/farmacie\/farmacie\/taneral-pro\/","name":"Taneral Pro - Recenze, L\u00e9k\u00e1rna, Cena - 50%, F\u00f3rum, \u00da\u010dinky | 2026","isPartOf":{"@id":"https:\/\/www.mojeplazma.cz\/farmacie\/#website"},"primaryImageOfPage":{"@id":"https:\/\/www.mojeplazma.cz\/farmacie\/farmacie\/taneral-pro\/#primaryimage"},"image":{"@id":"https:\/\/www.mojeplazma.cz\/farmacie\/farmacie\/taneral-pro\/#primaryimage"},"thumbnailUrl":"https:\/\/www.mojeplazma.cz\/farmacie\/wp-content\/uploads\/2024\/10\/Taneral-Pro.jpg","datePublished":"2024-10-10T16:23:31+00:00","dateModified":"2024-11-18T10:48:59+00:00","breadcrumb":{"@id":"https:\/\/www.mojeplazma.cz\/farmacie\/farmacie\/taneral-pro\/#breadcrumb"},"inLanguage":"cs","potentialAction":[{"@type":"ReadAction","target":["https:\/\/www.mojeplazma.cz\/farmacie\/farmacie\/taneral-pro\/"]}]},{"@type":"ImageObject","inLanguage":"cs","@id":"https:\/\/www.mojeplazma.cz\/farmacie\/farmacie\/taneral-pro\/#primaryimage","url":"https:\/\/www.mojeplazma.cz\/farmacie\/wp-content\/uploads\/2024\/10\/Taneral-Pro.jpg","contentUrl":"https:\/\/www.mojeplazma.cz\/farmacie\/wp-content\/uploads\/2024\/10\/Taneral-Pro.jpg","width":768,"height":768},{"@type":"BreadcrumbList","@id":"https:\/\/www.mojeplazma.cz\/farmacie\/farmacie\/taneral-pro\/#breadcrumb","itemListElement":[{"@type":"ListItem","position":1,"name":"Strona g\u0142\u00f3wna","item":"https:\/\/www.mojeplazma.cz\/farmacie\/"},{"@type":"ListItem","position":2,"name":"farmacie","item":"https:\/\/www.mojeplazma.cz\/farmacie\/"},{"@type":"ListItem","position":3,"name":"Taneral Pro"}]},{"@type":"WebSite","@id":"https:\/\/www.mojeplazma.cz\/farmacie\/#website","url":"https:\/\/www.mojeplazma.cz\/farmacie\/","name":"mojeplazma.cz","description":"","potentialAction":[{"@type":"SearchAction","target":{"@type":"EntryPoint","urlTemplate":"https:\/\/www.mojeplazma.cz\/farmacie\/?s={search_term_string}"},"query-input":{"@type":"PropertyValueSpecification","valueRequired":true,"valueName":"search_term_string"}}],"inLanguage":"cs"}]}},"_links":{"self":[{"href":"https:\/\/www.mojeplazma.cz\/farmacie\/wp-json\/wp\/v2\/product\/3814","targetHints":{"allow":["GET"]}}],"collection":[{"href":"https:\/\/www.mojeplazma.cz\/farmacie\/wp-json\/wp\/v2\/product"}],"about":[{"href":"https:\/\/www.mojeplazma.cz\/farmacie\/wp-json\/wp\/v2\/types\/product"}],"replies":[{"embeddable":true,"href":"https:\/\/www.mojeplazma.cz\/farmacie\/wp-json\/wp\/v2\/comments?post=3814"}],"wp:featuredmedia":[{"embeddable":true,"href":"https:\/\/www.mojeplazma.cz\/farmacie\/wp-json\/wp\/v2\/media\/3861"}],"wp:attachment":[{"href":"https:\/\/www.mojeplazma.cz\/farmacie\/wp-json\/wp\/v2\/media?parent=3814"}],"wp:term":[{"taxonomy":"product_brand","embeddable":true,"href":"https:\/\/www.mojeplazma.cz\/farmacie\/wp-json\/wp\/v2\/product_brand?post=3814"},{"taxonomy":"product_cat","embeddable":true,"href":"https:\/\/www.mojeplazma.cz\/farmacie\/wp-json\/wp\/v2\/product_cat?post=3814"},{"taxonomy":"product_tag","embeddable":true,"href":"https:\/\/www.mojeplazma.cz\/farmacie\/wp-json\/wp\/v2\/product_tag?post=3814"}],"curies":[{"name":"wp","href":"https:\/\/api.w.org\/{rel}","templated":true}]}}