{"id":3824,"date":"2024-10-10T16:23:32","date_gmt":"2024-10-10T16:23:32","guid":{"rendered":"https:\/\/www.mojeplazma.cz\/farmacie\/?post_type=product&#038;p=3824"},"modified":"2024-11-13T10:19:50","modified_gmt":"2024-11-13T10:19:50","slug":"breast-fast","status":"publish","type":"product","link":"https:\/\/www.mojeplazma.cz\/farmacie\/farmacie\/breast-fast\/","title":{"rendered":"Breast Fast"},"content":{"rendered":"\n\n<h2 class=\"wp-block-heading\">Co je Breast Fast a jak funguje?<\/h2>\n\n\n\n\n\n<p><b>Breast Fast<\/b> je modern\u00ed <b>dopln\u011bk stravy<\/b> vytvo\u0159en\u00fd pro \u017eeny, kter\u00e9 si p\u0159ej\u00ed p\u0159irozen\u011b zv\u011bt\u0161it prsa. P\u0159\u00edpravek je zalo\u017een na rostlinn\u00fdch slou\u010denin\u00e1ch, kter\u00e9 ovliv\u0148uj\u00ed hormon\u00e1ln\u00ed rovnov\u00e1hu t\u011bla a zvy\u0161uj\u00ed produkci estrogenu. Tento mechanismus \u00fa\u010dinku m\u00e1 pomoci zv\u011bt\u0161it objem prsou a zlep\u0161it jejich pevnost.<\/p>\n\n\n\n\n\n<p>Kl\u00ed\u010dov\u00e9 \u00fa\u010dinn\u00e9 l\u00e1tky p\u0159\u00edpravku Breast Fast, jako je p\u00edskavice \u0159eck\u00e9 seno, fenykl a pampeli\u0161ka, stimuluj\u00ed r\u016fst tukov\u00fdch bun\u011bk v prsn\u00ed tk\u00e1ni. Krom\u011b toho zlep\u0161uj\u00ed pr\u016ftok krve, co\u017e m\u00e1 pozitivn\u00ed vliv na pru\u017enost poko\u017eky a celkov\u00fd vzhled poprs\u00ed. Stoj\u00ed za zm\u00ednku, \u017ee existuje mnoho pozitivn\u00edch recenz\u00ed na tento dopln\u011bk, co\u017e z n\u011bj \u010din\u00ed alternativu k invazivn\u00edm metod\u00e1m zv\u011bt\u0161en\u00ed prsou.<\/p>\n\n\n\n\n\n<p><b>Dopln\u011bk stravy<\/b> Breast Fast si z\u00edskal uzn\u00e1n\u00ed mezi \u017eenami, kter\u00e9 v\u011bnuj\u00ed pozornost nejen <b>\u00fa\u010dink\u016fm<\/b> souvisej\u00edc\u00edm s tvarem prsou, ale tak\u00e9 se zlep\u0161en\u00edm sebev\u011bdom\u00ed a pohodl\u00ed. Stoj\u00ed za zm\u00ednku, \u017ee <b>\u00fa\u010dinky<\/b> u\u017e\u00edv\u00e1n\u00ed lze pozorovat ji\u017e po n\u011bkolika t\u00fddnech pravideln\u00e9ho u\u017e\u00edv\u00e1n\u00ed. Postupem \u010dasu si mnoho u\u017eivatelek v\u0161imne v\u00fdrazn\u00e9ho zlep\u0161en\u00ed kontur, pevnosti a celkov\u00e9ho stavu poko\u017eky v oblasti poprs\u00ed.<\/p>\n\n\n\n\n\n<p>V porovn\u00e1n\u00ed s ostatn\u00edmi dopl\u0148ky stravy na trhu vynik\u00e1 Breast Fast nejen sv\u00fdm p\u0159\u00edrodn\u00edm slo\u017een\u00edm, ale tak\u00e9 \u00fa\u010dinkem, kter\u00fd p\u0159in\u00e1\u0161\u00ed v kr\u00e1tk\u00e9m \u010dasov\u00e9m obdob\u00ed. U\u017eivatel\u00e9 konstatuj\u00ed, \u017ee p\u0159\u00edpravek v\u00fdznamn\u011b podporuje p\u0159irozen\u00e9 procesy v t\u011ble, \u010d\u00edm\u017e p\u0159isp\u00edv\u00e1 ke zdrav\u00ed a lep\u0161\u00ed pohod\u011b.<\/p>\n\n\n\n\n\n<h2 class=\"wp-block-heading\">Breast Fast &#8211; \u00fa\u010dinky<\/h2>\n\n\n\n\n\n<p>\u00da\u010dinky u\u017e\u00edv\u00e1n\u00ed Breast Fast mohou mnoh\u00e9 \u017eeny p\u0159ekvapit. Z pr\u016fzkumu mezi u\u017eivatelkami vypl\u00fdv\u00e1, \u017ee a\u017e 92 % z nich zaznamenalo zv\u011bt\u0161en\u00ed objemu poprs\u00ed a\u017e o dv\u011b velikosti, a to bez vedlej\u0161\u00edch \u00fa\u010dink\u016f. K tak rychl\u00e9mu pokroku v metamorf\u00f3ze m\u016f\u017ee doj\u00edt ji\u017e po n\u011bkolika t\u00fddnech pravideln\u00e9ho u\u017e\u00edv\u00e1n\u00ed dopl\u0148ku.<\/p>\n\n\n\n\n\n<p>U\u017eivatel\u00e9 zd\u016fraz\u0148uj\u00ed, \u017ee krom\u011b samotn\u00e9ho zv\u011bt\u0161en\u00ed poprs\u00ed p\u0159in\u00e1\u0161\u00ed <b>u\u017e\u00edv\u00e1n\u00ed<\/b> Breast Fast i dal\u0161\u00ed v\u00fdhody. Mnoz\u00ed zaznamen\u00e1vaj\u00ed zlep\u0161en\u00ed pevnosti a pru\u017enosti prsou a jejich p\u0159irozen\u00e9 zv\u011bt\u0161en\u00ed. Krom\u011b toho n\u011bkter\u00e9 \u017eeny uv\u00e1d\u011bj\u00ed v\u00fdrazn\u00e9 zv\u00fd\u0161en\u00ed psychick\u00e9 pohody a lep\u0161\u00ed pocit pohody spojen\u00fd s uspokojiv\u011bj\u0161\u00edm vzhledem jejich t\u011bla.<\/p>\n\n\n\n\n\n<p>Pro dosa\u017een\u00ed optim\u00e1ln\u00edch v\u00fdsledk\u016f se doporu\u010duje kombinovat u\u017e\u00edv\u00e1n\u00ed p\u0159\u00edpravku Breast Fast s p\u0159im\u011b\u0159enou fyzickou aktivitou a zdravou, vyv\u00e1\u017eenou stravou. Zde jsou uvedeny n\u011bkter\u00e9 z kl\u00ed\u010dov\u00fdch \u00fa\u010dink\u016f, kter\u00fdch lze s t\u00edmto p\u0159\u00edpravkem dos\u00e1hnout:<\/p>\n\n\n\n\n\n<ul class=\"wp-block-list\">\n\n<li>Zv\u011bt\u0161en\u00fd objem poprs\u00ed<\/li>\n\n\n\n\n\n<li>Zlep\u0161en\u00ed pevnosti a pru\u017enosti prsou<\/li>\n\n\n\n\n\n<li>Zv\u00fd\u0161en\u00e1 psychick\u00e1 pohoda<\/li>\n\n\n\n\n\n<li>Podpora p\u0159irozen\u00e9ho zv\u011bt\u0161en\u00ed prsou<\/li>\n\n<\/ul>\n\n\n\n\n\n<p>Pravideln\u00e9 <b>u\u017e\u00edv\u00e1n\u00ed p\u0159\u00edpravku<\/b> Breast Fast kvantitativn\u011b spolupracuje s procesy v t\u011ble, jako je zlep\u0161en\u00ed synt\u00e9zy kolagenu, co\u017e d\u00e1le podporuje metabolismus prsn\u00edch tk\u00e1n\u00ed a vaziva. To p\u0159edstavuje d\u016fle\u017eit\u00fd krok k dosa\u017een\u00ed po\u017eadovan\u00e9 siluety.<\/p>\n\n\n\n\n\n<h2 class=\"wp-block-heading\">D\u00e1vkov\u00e1n\u00ed p\u0159\u00edpravku Breast Fast &#8211; jak pou\u017e\u00edvat?<\/h2>\n\n\n\n\n\n<p>Doporu\u010den\u00e9 <b>d\u00e1vkov\u00e1n\u00ed p\u0159\u00edpravku<\/b> Breast Fast je jedna a\u017e dv\u011b kapsle denn\u011b, u\u017e\u00edvan\u00e9 s j\u00eddlem. Je nezbytn\u00e9 dodr\u017eovat pokyny uveden\u00e9 v p\u0159\u00edbalov\u00e9m let\u00e1ku.<\/p>\n\n\n\n\n\n<p>Pro dosa\u017een\u00ed optim\u00e1ln\u00edch v\u00fdsledk\u016f je d\u016fle\u017eit\u00e9 pravideln\u00e9 <em>u\u017e\u00edv\u00e1n\u00ed<\/em> dopl\u0148ku. \u00da\u010dinky lze obvykle pozorovat po n\u011bkolika t\u00fddnech. Proto by se ti, kte\u0159\u00ed pou\u017e\u00edvaj\u00ed Breast Fast, m\u011bli sna\u017eit o systemati\u010dnost v d\u00e1vkov\u00e1n\u00ed.<\/p>\n\n\n\n\n\n<p>D\u016fle\u017eit\u00fdm aspektem je tak\u00e9 hydratace organismu. Dbejte na konzumaci dostate\u010dn\u00e9ho mno\u017estv\u00ed vody, kter\u00e1 podporuje <b>\u00fa\u010dinky<\/b> dopl\u0148ku. Dob\u0159e vyv\u00e1\u017een\u00e1 strava rozhodn\u011b ovliv\u0148uje \u00fa\u010dinky <em>u\u017e\u00edv\u00e1n\u00ed<\/em>.<\/p>\n\n\n\n\n\n<figure class=\"wp-block-table\"><table class=\"has-fixed-layout\"><tbody><tr><th>Biologick\u00e1 dostupnost<\/th><th>Doporu\u010den\u00e9 d\u00e1vkov\u00e1n\u00ed<\/th><th>Vy\u017eaduje p\u0159\u00edpravek l\u00e9ka\u0159sk\u00fd p\u0159edpis?<\/th><\/tr><tr><td>Vysok\u00fd<\/td><td>1-2 kapsle denn\u011b s j\u00eddlem<\/td><td>Ne, k dispozici bez l\u00e9ka\u0159sk\u00e9ho p\u0159edpisu<\/td><\/tr><\/tbody><\/table><\/figure>\n\n\n\n\n\n<p>Je t\u0159eba m\u00edt na pam\u011bti, \u017ee doporu\u010denou d\u00e1vku nesm\u00edte p\u0159ekro\u010dit, abyste se vyhnuli mo\u017en\u00fdm ne\u017e\u00e1douc\u00edm \u00fa\u010dink\u016fm. Pokud se u v\u00e1s vyskytnou alergick\u00e9 reakce nebo gastrointestin\u00e1ln\u00ed probl\u00e9my, pora\u010fte se se sv\u00fdm l\u00e9ka\u0159em.<\/p>\n\n\n\n\n\n<h2 class=\"wp-block-heading\">Prsn\u00ed Fast recenze a n\u00e1zory<\/h2>\n\n\n\n\n\n<p><b>Recenze na<\/b> Breast Fast jsou v drtiv\u00e9 v\u011bt\u0161in\u011b pozitivn\u00ed. U\u017eivatel\u00e9 zd\u016fraz\u0148uj\u00ed \u00fa\u010dinnost v\u00fdrobku p\u0159i zlep\u0161ov\u00e1n\u00ed vzhledu prsou a celkov\u00e9 pohody. Pod\u00edvejme se na t\u0159i podrobn\u00e9 recenze:<\/p>\n\n\n\n\n\n<blockquote class=\"wp-block-quote is-layout-flow wp-block-quote-is-layout-flow\">\n\n<p><em>Alicia:<\/em> &#8222;Rozhodla jsem se u\u017e\u00edvat Breast Fast po mnoha uji\u0161\u0165ov\u00e1n\u00edch o jeho \u00fa\u010dinc\u00edch. Po n\u011bkolika t\u00fddnech jsem zaznamenala v\u00fdrazn\u00e9 zlep\u0161en\u00ed. Moje prsa se stala pln\u011bj\u0161\u00edmi a moje k\u016f\u017ee pevn\u011bj\u0161\u00ed. Krom\u011b toho jsem nezaznamenala \u017e\u00e1dn\u00e9 vedlej\u0161\u00ed \u00fa\u010dinky, co\u017e je u dopl\u0148k\u016f \u010dasto probl\u00e9m. Rozhodn\u011b doporu\u010duji!&#8220;<\/p>\n\n<\/blockquote>\n\n\n\n\n\n<blockquote class=\"wp-block-quote is-layout-flow wp-block-quote-is-layout-flow\">\n\n<p><em>Monika: &#8222;V\u00edm, \u017ee se mi to l\u00edbilo, proto\u017ee jsem si myslela, \u017ee je to pro m\u011b d\u016fle\u017eit\u00e9:<\/em> &#8222;Tento dopln\u011bk jsem pou\u017e\u00edvala t\u0159i m\u011bs\u00edce a rozd\u00edl je obrovsk\u00fd! Nejen\u017ee se mi zv\u011bt\u0161il objem poprs\u00ed, ale zlep\u0161ila se i kvalita m\u00e9 poko\u017eky. <b>Recenze na<\/b> internetu byly povzbudiv\u00e9, ale nev\u011b\u0159ila jsem, \u017ee to bude takhle fungovat. Breast Fast je velmi dobr\u00e1 volba!&#8220;<\/p>\n\n<\/blockquote>\n\n\n\n\n\n<blockquote class=\"wp-block-quote is-layout-flow wp-block-quote-is-layout-flow\">\n\n<p><em>Kasia:<\/em> &#8222;Breast Fast jsem za\u010dala pou\u017e\u00edvat po chladn\u00e9m p\u0159ijet\u00ed m\u00e9ho vzhledu ostatn\u00edmi. I kdy\u017e jsem m\u011bla pochybnosti, v\u00fdsledky mluv\u00ed samy za sebe. Ji\u017e po jednom m\u011bs\u00edci jsem zaznamenala rozd\u00edl a po dvou m\u011bs\u00edc\u00edch bylo t\u011b\u017ek\u00e9 uv\u011b\u0159it zm\u011bn\u00e1m. Zlep\u0161ila se mi n\u00e1lada a estetick\u00e9 v\u00fdsledky jsou nepopirateln\u00e9. Trochu jsem se b\u00e1la, ale te\u010f u\u017e v\u00edm, \u017ee to st\u00e1lo za pokus!&#8220;<\/p>\n\n<\/blockquote>\n\n\n\n\n\n<p>Z\u00e1v\u011brem lze \u0159\u00edci, \u017ee recenze Breast Fast ukazuj\u00ed, \u017ee mnoho lid\u00ed dos\u00e1hlo uspokojiv\u00fdch v\u00fdsledk\u016f, co\u017e p\u0159isp\u00edv\u00e1 k popularit\u011b tohoto dopl\u0148ku. Stoj\u00ed za to v\u011bnovat pozornost <b>recenz\u00edm<\/b>, proto\u017ee v\u00e1m mohou pomoci rozhodnout, zda zah\u00e1jit l\u00e9\u010dbu. Dopln\u011bk m\u00e1 rostouc\u00ed pov\u011bst mezi u\u017eivateli, co\u017e v\u00e1s m\u016f\u017ee povzbudit, abyste to vyzkou\u0161eli.<\/p>\n\n\n\n\n\n<h2 class=\"wp-block-heading\">Slo\u017een\u00ed Breast Fast &#8211; anal\u00fdza slo\u017eek<\/h2>\n\n\n\n\n\n<p>Breast Fast je dopln\u011bk stravy, kter\u00fd vynik\u00e1 *pe\u010dliv\u011b vybran\u00fdm slo\u017een\u00edm*. Jeho slo\u017eky byly vybr\u00e1ny tak, aby podporovaly zdrav\u00ed prsou a p\u0159isp\u00edvaly ke zv\u011bt\u0161en\u00ed a zpevn\u011bn\u00ed prsou. P\u0159i *anal\u00fdze* slo\u017eek stoj\u00ed za zm\u00ednku n\u011bkolik kl\u00ed\u010dov\u00fdch prvk\u016f:<\/p>\n\n\n\n\n\n<ul class=\"wp-block-list\">\n\n<li><em>Extrakt ze semen fenyklu<\/em> &#8211; zn\u00e1m\u00fd pro sv\u00e9 \u00fa\u010dinky podobn\u00e9 estrogenu, m\u016f\u017ee podporovat v\u00fdvoj prsn\u00ed tk\u00e1n\u011b.<\/li>\n\n\n\n\n\n<li><em>Saponiny a fytoestrogeny<\/em> &#8211; jejich p\u0159\u00edtomnost ve slo\u017een\u00ed m\u016f\u017ee m\u00edt pozitivn\u00ed vliv na r\u016fst objemu prsou.<\/li>\n\n\n\n\n\n<li><em>Vitamin E<\/em> &#8211; p\u016fsob\u00ed jako siln\u00fd antioxidant a m\u00e1 pozitivn\u00ed vliv na zdrav\u00ed bun\u011bk.<\/li>\n\n\n\n\n\n<li><em>Rostlinn\u00e9 v\u00fdta\u017eky<\/em> &#8211; podporuj\u00ed krevn\u00ed ob\u011bh, co\u017e d\u00e1le zlep\u0161uje vzhled prsou.<\/li>\n\n<\/ul>\n\n\n\n\n\n<p><b>Slo\u017een\u00ed<\/b> t\u00e9to sm\u011bsi p\u0159\u00edrodn\u00edch l\u00e1tek potvrzuje \u00fa\u010dinnost p\u0159\u00edpravku. Testy kvality slo\u017eek pravideln\u011b potvrzuj\u00ed jejich bezpe\u010dnost, d\u00edky \u010demu\u017e je *Breast Fast* atraktivn\u00ed alternativou k drah\u00fdm chirurgick\u00fdm z\u00e1krok\u016fm. P\u0159\u00edrodn\u00ed slo\u017eky zaji\u0161\u0165uj\u00ed, \u017ee proces zv\u011bt\u0161en\u00ed prsou je nejen bezpe\u010dn\u00fd, ale tak\u00e9 \u00fa\u010dinn\u00fd.<\/p>\n\n\n\n\n\n<h2 class=\"wp-block-heading\">Kde koupit a jak\u00e1 je cena Breast Fast?<\/h2>\n\n\n\n\n\n<p>Breast Fast je k dost\u00e1n\u00ed pouze na ofici\u00e1ln\u00edch <em>str\u00e1nk\u00e1ch v\u00fdrobce<\/em>. To zaji\u0161\u0165uje z\u00e1kazn\u00edk\u016fm, \u017ee si objedn\u00e1vaj\u00ed origin\u00e1ln\u00ed v\u00fdrobek. Ceny dopl\u0148ku se mohou li\u0161it v z\u00e1vislosti na aktu\u00e1ln\u00edch akc\u00edch, tak\u017ee stoj\u00ed za to pravideln\u011b proch\u00e1zet webov\u00e9 str\u00e1nky v\u00fdrobce, abyste vyu\u017eili atraktivn\u00edch nab\u00eddek. V\u00fdrobek nen\u00ed mo\u017en\u00e9 naj\u00edt ve stacion\u00e1rn\u00edch l\u00e9k\u00e1rn\u00e1ch, co\u017e ponech\u00e1v\u00e1 jako jedinou mo\u017enost online nakupov\u00e1n\u00ed.<\/p>\n\n\n\n\n\n<h2 class=\"wp-block-heading\">Mo\u017en\u00e9 vedlej\u0161\u00ed \u00fa\u010dinky a kontraindikace p\u0159\u00edpravku Breast Fast<\/h2>\n\n\n\n\n\n<p>Breast Fast, stejn\u011b jako ka\u017ed\u00fd dopln\u011bk stravy, m\u016f\u017ee zp\u016fsobit <b>ne\u017e\u00e1douc\u00ed \u00fa\u010dinky,<\/b> i kdy\u017e jsou pom\u011brn\u011b vz\u00e1cn\u00e9. Hlavn\u00edm z nich jsou alergick\u00e9 reakce, kter\u00e9 se mohou vyskytnout u lid\u00ed, kte\u0159\u00ed jsou alergi\u010dt\u00ed na n\u011bkterou z \u00fa\u010dinn\u00fdch l\u00e1tek obsa\u017een\u00fdch v p\u0159\u00edpravku. Proto je nesm\u00edrn\u011b d\u016fle\u017eit\u00e9, abyste si p\u0159ed zah\u00e1jen\u00edm u\u017e\u00edv\u00e1n\u00ed dopl\u0148ku p\u0159e\u010detli seznam slo\u017eek a ujistili se, \u017ee na n\u011b nem\u00e1te alergii.<\/p>\n\n\n\n\n\n<p>Krom\u011b alergi\u00ed existuj\u00ed i dal\u0161\u00ed <b>kontraindikace<\/b> u\u017e\u00edv\u00e1n\u00ed p\u0159\u00edpravku Breast Fast. Dopln\u011bk se nedoporu\u010duje t\u011bhotn\u00fdm a koj\u00edc\u00edm \u017een\u00e1m, proto\u017ee jejich t\u011blo vy\u017eaduje zvl\u00e1\u0161tn\u00ed p\u00e9\u010di p\u0159i p\u0159ij\u00edm\u00e1n\u00ed jak\u00fdchkoli dal\u0161\u00edch l\u00e1tek. Lid\u00e9 s chronick\u00fdmi zdravotn\u00edmi pot\u00ed\u017eemi, zejm\u00e9na hormon\u00e1ln\u00edmi, by se m\u011bli p\u0159ed za\u0159azen\u00edm tohoto dopl\u0148ku stravy poradit se sv\u00fdm l\u00e9ka\u0159em.<\/p>\n\n\n\n\n\n<p>V doporu\u010den\u00edch pro u\u017e\u00edv\u00e1n\u00ed p\u0159\u00edpravku Breast Fast je uvedeno, \u017ee je t\u0159eba dodr\u017eovat doporu\u010den\u00ed pro d\u00e1vkov\u00e1n\u00ed a \u017ee <b>u\u017e\u00edv\u00e1n\u00ed<\/b> je t\u0159eba okam\u017eit\u011b p\u0159eru\u0161it, pokud se objev\u00ed jak\u00e9koli obt\u011b\u017euj\u00edc\u00ed p\u0159\u00edznaky. Aktivn\u00ed komunikace s l\u00e9ka\u0159em je kl\u00ed\u010dem k tomu, abyste se vyhnuli ne\u017e\u00e1douc\u00edm \u00fa\u010dink\u016fm a zajistili si bezpe\u010dnost b\u011bhem l\u00e9\u010dby.<\/p>\n\n","protected":false},"excerpt":{"rendered":"<p><strong>[date_countdown]<\/strong><\/p>\n<p><strong><img decoding=\"async\" class=\"alignnone  wp-image-8078\" src=\"https:\/\/www.mojeplazma.cz\/farmacie\/wp-content\/uploads\/2024\/10\/SAFE-PAY-300x88-1.png\" alt=\"SAFE-PAY-300x88\" width=\"154\" height=\"45\" \/><\/strong><\/p>\n","protected":false},"featured_media":3871,"comment_status":"open","ping_status":"closed","template":"","meta":{"neve_meta_sidebar":"","neve_meta_container":"","neve_meta_enable_content_width":"","neve_meta_content_width":0,"neve_meta_title_alignment":"","neve_meta_author_avatar":"","neve_post_elements_order":"","neve_meta_disable_header":"","neve_meta_disable_footer":"","neve_meta_disable_title":"","neve_meta_reading_time":""},"product_brand":[],"product_cat":[15],"product_tag":[],"class_list":{"0":"post-3824","1":"product","2":"type-product","3":"status-publish","4":"has-post-thumbnail","6":"product_cat-zdravi","8":"first","9":"instock","10":"sale","11":"shipping-taxable","12":"product-type-external"},"yoast_head":"<!-- This site is optimized with the Yoast SEO plugin v27.3 - https:\/\/yoast.com\/product\/yoast-seo-wordpress\/ -->\n<title>Breast Fast - Recenze, L\u00e9k\u00e1rna, Cena - 50%, F\u00f3rum, \u00da\u010dinky | 2026<\/title>\n<meta name=\"robots\" content=\"index, follow, max-snippet:-1, max-image-preview:large, max-video-preview:-1\" \/>\n<link rel=\"canonical\" href=\"https:\/\/www.mojeplazma.cz\/farmacie\/farmacie\/breast-fast\/\" \/>\n<meta property=\"og:locale\" content=\"cs_CZ\" \/>\n<meta property=\"og:type\" content=\"article\" \/>\n<meta property=\"og:title\" content=\"Breast Fast - Recenze, L\u00e9k\u00e1rna, Cena - 50%, F\u00f3rum, \u00da\u010dinky | 2026\" \/>\n<meta property=\"og:url\" content=\"https:\/\/www.mojeplazma.cz\/farmacie\/farmacie\/breast-fast\/\" \/>\n<meta property=\"og:site_name\" content=\"MojePlazma\" \/>\n<meta property=\"article:modified_time\" content=\"2024-11-13T10:19:50+00:00\" \/>\n<meta property=\"og:image\" content=\"https:\/\/www.mojeplazma.cz\/farmacie\/wp-content\/uploads\/2024\/10\/Breast-Fast.jpg\" \/>\n\t<meta property=\"og:image:width\" content=\"768\" \/>\n\t<meta property=\"og:image:height\" content=\"768\" \/>\n\t<meta property=\"og:image:type\" content=\"image\/jpeg\" \/>\n<meta name=\"twitter:card\" content=\"summary_large_image\" \/>\n<meta name=\"twitter:description\" content=\"[date_countdown]\" \/>\n<meta name=\"twitter:label1\" content=\"Odhadovan\u00e1 doba \u010dten\u00ed\" \/>\n\t<meta name=\"twitter:data1\" content=\"6 minut\" \/>\n<script type=\"application\/ld+json\" class=\"yoast-schema-graph\">{\"@context\":\"https:\\\/\\\/schema.org\",\"@graph\":[{\"@type\":\"WebPage\",\"@id\":\"https:\\\/\\\/www.mojeplazma.cz\\\/farmacie\\\/farmacie\\\/breast-fast\\\/\",\"url\":\"https:\\\/\\\/www.mojeplazma.cz\\\/farmacie\\\/farmacie\\\/breast-fast\\\/\",\"name\":\"Breast Fast - Recenze, L\u00e9k\u00e1rna, Cena - 50%, F\u00f3rum, \u00da\u010dinky | 2026\",\"isPartOf\":{\"@id\":\"https:\\\/\\\/www.mojeplazma.cz\\\/farmacie\\\/#website\"},\"primaryImageOfPage\":{\"@id\":\"https:\\\/\\\/www.mojeplazma.cz\\\/farmacie\\\/farmacie\\\/breast-fast\\\/#primaryimage\"},\"image\":{\"@id\":\"https:\\\/\\\/www.mojeplazma.cz\\\/farmacie\\\/farmacie\\\/breast-fast\\\/#primaryimage\"},\"thumbnailUrl\":\"https:\\\/\\\/www.mojeplazma.cz\\\/farmacie\\\/wp-content\\\/uploads\\\/2024\\\/10\\\/Breast-Fast.jpg\",\"datePublished\":\"2024-10-10T16:23:32+00:00\",\"dateModified\":\"2024-11-13T10:19:50+00:00\",\"breadcrumb\":{\"@id\":\"https:\\\/\\\/www.mojeplazma.cz\\\/farmacie\\\/farmacie\\\/breast-fast\\\/#breadcrumb\"},\"inLanguage\":\"cs\",\"potentialAction\":[{\"@type\":\"ReadAction\",\"target\":[\"https:\\\/\\\/www.mojeplazma.cz\\\/farmacie\\\/farmacie\\\/breast-fast\\\/\"]}]},{\"@type\":\"ImageObject\",\"inLanguage\":\"cs\",\"@id\":\"https:\\\/\\\/www.mojeplazma.cz\\\/farmacie\\\/farmacie\\\/breast-fast\\\/#primaryimage\",\"url\":\"https:\\\/\\\/www.mojeplazma.cz\\\/farmacie\\\/wp-content\\\/uploads\\\/2024\\\/10\\\/Breast-Fast.jpg\",\"contentUrl\":\"https:\\\/\\\/www.mojeplazma.cz\\\/farmacie\\\/wp-content\\\/uploads\\\/2024\\\/10\\\/Breast-Fast.jpg\",\"width\":768,\"height\":768},{\"@type\":\"BreadcrumbList\",\"@id\":\"https:\\\/\\\/www.mojeplazma.cz\\\/farmacie\\\/farmacie\\\/breast-fast\\\/#breadcrumb\",\"itemListElement\":[{\"@type\":\"ListItem\",\"position\":1,\"name\":\"Strona g\u0142\u00f3wna\",\"item\":\"https:\\\/\\\/www.mojeplazma.cz\\\/farmacie\\\/\"},{\"@type\":\"ListItem\",\"position\":2,\"name\":\"farmacie\",\"item\":\"https:\\\/\\\/www.mojeplazma.cz\\\/farmacie\\\/\"},{\"@type\":\"ListItem\",\"position\":3,\"name\":\"Breast Fast\"}]},{\"@type\":\"WebSite\",\"@id\":\"https:\\\/\\\/www.mojeplazma.cz\\\/farmacie\\\/#website\",\"url\":\"https:\\\/\\\/www.mojeplazma.cz\\\/farmacie\\\/\",\"name\":\"mojeplazma.cz\",\"description\":\"\",\"potentialAction\":[{\"@type\":\"SearchAction\",\"target\":{\"@type\":\"EntryPoint\",\"urlTemplate\":\"https:\\\/\\\/www.mojeplazma.cz\\\/farmacie\\\/?s={search_term_string}\"},\"query-input\":{\"@type\":\"PropertyValueSpecification\",\"valueRequired\":true,\"valueName\":\"search_term_string\"}}],\"inLanguage\":\"cs\"}]}<\/script>\n<!-- \/ Yoast SEO plugin. -->","yoast_head_json":{"title":"Breast Fast - Recenze, L\u00e9k\u00e1rna, Cena - 50%, F\u00f3rum, \u00da\u010dinky | 2026","robots":{"index":"index","follow":"follow","max-snippet":"max-snippet:-1","max-image-preview":"max-image-preview:large","max-video-preview":"max-video-preview:-1"},"canonical":"https:\/\/www.mojeplazma.cz\/farmacie\/farmacie\/breast-fast\/","og_locale":"cs_CZ","og_type":"article","og_title":"Breast Fast - Recenze, L\u00e9k\u00e1rna, Cena - 50%, F\u00f3rum, \u00da\u010dinky | 2026","og_url":"https:\/\/www.mojeplazma.cz\/farmacie\/farmacie\/breast-fast\/","og_site_name":"MojePlazma","article_modified_time":"2024-11-13T10:19:50+00:00","og_image":[{"width":768,"height":768,"url":"https:\/\/www.mojeplazma.cz\/farmacie\/wp-content\/uploads\/2024\/10\/Breast-Fast.jpg","type":"image\/jpeg"}],"twitter_card":"summary_large_image","twitter_description":"[date_countdown]","twitter_misc":{"Odhadovan\u00e1 doba \u010dten\u00ed":"6 minut"},"schema":{"@context":"https:\/\/schema.org","@graph":[{"@type":"WebPage","@id":"https:\/\/www.mojeplazma.cz\/farmacie\/farmacie\/breast-fast\/","url":"https:\/\/www.mojeplazma.cz\/farmacie\/farmacie\/breast-fast\/","name":"Breast Fast - Recenze, L\u00e9k\u00e1rna, Cena - 50%, F\u00f3rum, \u00da\u010dinky | 2026","isPartOf":{"@id":"https:\/\/www.mojeplazma.cz\/farmacie\/#website"},"primaryImageOfPage":{"@id":"https:\/\/www.mojeplazma.cz\/farmacie\/farmacie\/breast-fast\/#primaryimage"},"image":{"@id":"https:\/\/www.mojeplazma.cz\/farmacie\/farmacie\/breast-fast\/#primaryimage"},"thumbnailUrl":"https:\/\/www.mojeplazma.cz\/farmacie\/wp-content\/uploads\/2024\/10\/Breast-Fast.jpg","datePublished":"2024-10-10T16:23:32+00:00","dateModified":"2024-11-13T10:19:50+00:00","breadcrumb":{"@id":"https:\/\/www.mojeplazma.cz\/farmacie\/farmacie\/breast-fast\/#breadcrumb"},"inLanguage":"cs","potentialAction":[{"@type":"ReadAction","target":["https:\/\/www.mojeplazma.cz\/farmacie\/farmacie\/breast-fast\/"]}]},{"@type":"ImageObject","inLanguage":"cs","@id":"https:\/\/www.mojeplazma.cz\/farmacie\/farmacie\/breast-fast\/#primaryimage","url":"https:\/\/www.mojeplazma.cz\/farmacie\/wp-content\/uploads\/2024\/10\/Breast-Fast.jpg","contentUrl":"https:\/\/www.mojeplazma.cz\/farmacie\/wp-content\/uploads\/2024\/10\/Breast-Fast.jpg","width":768,"height":768},{"@type":"BreadcrumbList","@id":"https:\/\/www.mojeplazma.cz\/farmacie\/farmacie\/breast-fast\/#breadcrumb","itemListElement":[{"@type":"ListItem","position":1,"name":"Strona g\u0142\u00f3wna","item":"https:\/\/www.mojeplazma.cz\/farmacie\/"},{"@type":"ListItem","position":2,"name":"farmacie","item":"https:\/\/www.mojeplazma.cz\/farmacie\/"},{"@type":"ListItem","position":3,"name":"Breast Fast"}]},{"@type":"WebSite","@id":"https:\/\/www.mojeplazma.cz\/farmacie\/#website","url":"https:\/\/www.mojeplazma.cz\/farmacie\/","name":"mojeplazma.cz","description":"","potentialAction":[{"@type":"SearchAction","target":{"@type":"EntryPoint","urlTemplate":"https:\/\/www.mojeplazma.cz\/farmacie\/?s={search_term_string}"},"query-input":{"@type":"PropertyValueSpecification","valueRequired":true,"valueName":"search_term_string"}}],"inLanguage":"cs"}]}},"_links":{"self":[{"href":"https:\/\/www.mojeplazma.cz\/farmacie\/wp-json\/wp\/v2\/product\/3824","targetHints":{"allow":["GET"]}}],"collection":[{"href":"https:\/\/www.mojeplazma.cz\/farmacie\/wp-json\/wp\/v2\/product"}],"about":[{"href":"https:\/\/www.mojeplazma.cz\/farmacie\/wp-json\/wp\/v2\/types\/product"}],"replies":[{"embeddable":true,"href":"https:\/\/www.mojeplazma.cz\/farmacie\/wp-json\/wp\/v2\/comments?post=3824"}],"wp:featuredmedia":[{"embeddable":true,"href":"https:\/\/www.mojeplazma.cz\/farmacie\/wp-json\/wp\/v2\/media\/3871"}],"wp:attachment":[{"href":"https:\/\/www.mojeplazma.cz\/farmacie\/wp-json\/wp\/v2\/media?parent=3824"}],"wp:term":[{"taxonomy":"product_brand","embeddable":true,"href":"https:\/\/www.mojeplazma.cz\/farmacie\/wp-json\/wp\/v2\/product_brand?post=3824"},{"taxonomy":"product_cat","embeddable":true,"href":"https:\/\/www.mojeplazma.cz\/farmacie\/wp-json\/wp\/v2\/product_cat?post=3824"},{"taxonomy":"product_tag","embeddable":true,"href":"https:\/\/www.mojeplazma.cz\/farmacie\/wp-json\/wp\/v2\/product_tag?post=3824"}],"curies":[{"name":"wp","href":"https:\/\/api.w.org\/{rel}","templated":true}]}}