{"id":3855,"date":"2024-10-10T16:24:26","date_gmt":"2024-10-10T16:24:26","guid":{"rendered":"https:\/\/www.mojeplazma.cz\/farmacie\/?post_type=product&#038;p=3855"},"modified":"2024-11-16T18:12:29","modified_gmt":"2024-11-16T18:12:29","slug":"somatodrol","status":"publish","type":"product","link":"https:\/\/www.mojeplazma.cz\/farmacie\/farmacie\/somatodrol\/","title":{"rendered":"Somatodrol"},"content":{"rendered":"\n<h2 class=\"wp-block-heading\">Co je Somatodrol a jak funguje?<\/h2>\n\n\n\n<p>Somatodrol je <em>dopln\u011bk svalov\u00e9 hmoty<\/em>, kter\u00fd je ur\u010den pro lidi, kte\u0159\u00ed cht\u011bj\u00ed z\u00edskat s\u00edlu, zlep\u0161it v\u00fdkon a zv\u00fd\u0161it svalovou hmotu. Jeho p\u016fsoben\u00ed je zalo\u017eeno na stimulaci p\u0159irozen\u00e9 produkce testosteronu a r\u016fstov\u00e9ho hormonu (HGH) v t\u011ble.<\/p>\n\n\n\n<p>Slo\u017eky obsa\u017een\u00e9 v p\u0159\u00edpravku Somatodrol maj\u00ed prok\u00e1zan\u00fd \u00fa\u010dinek, co\u017e potvrzuj\u00ed \u010detn\u00e9 studie. <em>P\u016fsoben\u00ed Somatodrolu<\/em> se zam\u011b\u0159uje na pos\u00edlen\u00ed organismu v procesu budov\u00e1n\u00ed svalov\u00e9 hmoty a tak\u00e9 na pos\u00edlen\u00ed regenerace po intenzivn\u00edm tr\u00e9ninku.<\/p>\n\n\n\n<p>Tento dopln\u011bk je ide\u00e1ln\u00ed pro sportovce a fyzicky aktivn\u00ed osoby, kter\u00e9 cht\u011bj\u00ed zv\u00fd\u0161it svou v\u00fdkonnost, redukovat tukovou tk\u00e1\u0148 a zlep\u0161it tr\u00e9ninkov\u00e9 <b>efekty<\/b>. Stoj\u00ed za zm\u00ednku, \u017ee pravideln\u00e9 u\u017e\u00edv\u00e1n\u00ed m\u016f\u017ee p\u0159in\u00e9st pozitivn\u00ed v\u00fdsledky v kr\u00e1tk\u00e9 dob\u011b, p\u0159i spr\u00e1vn\u00e9 strav\u011b a tr\u00e9ninku.<\/p>\n\n\n\n<h2 class=\"wp-block-heading\">Jak\u00e9 jsou \u00fa\u010dinky u\u017e\u00edv\u00e1n\u00ed p\u0159\u00edpravku Somatodrol?<\/h2>\n\n\n\n<p><b>\u00da\u010dinky Somatodrolu<\/b> z\u00edsk\u00e1vaj\u00ed mezi fitness nad\u0161enci st\u00e1le v\u011bt\u0161\u00ed uzn\u00e1n\u00ed. <b>N\u00e1r\u016fst svalov\u00e9 hmoty<\/b> je viditeln\u00fd ji\u017e po kr\u00e1tk\u00e9 dob\u011b u\u017e\u00edv\u00e1n\u00ed. D\u00edky sv\u00e9mu jedine\u010dn\u00e9mu slo\u017een\u00ed poskytuje dopln\u011bk v\u00fdznamn\u00e9 v\u00fdhody z u\u017e\u00edv\u00e1n\u00ed, jako je zv\u00fd\u0161en\u00ed s\u00edly a zlep\u0161en\u00ed v\u00fdkonu. Lid\u00e9, kte\u0159\u00ed pravideln\u011b u\u017e\u00edvaj\u00ed Somatodrol, \u010dasto uv\u00e1d\u011bj\u00ed krat\u0161\u00ed dobu regenerace po intenzivn\u00edm tr\u00e9ninku.<\/p>\n\n\n\n<p>\u00da\u010dinn\u00e9 l\u00e1tky v dopl\u0148ku, v\u010detn\u011b beta-alaninu, AAKG a DAA, urychluj\u00ed anabolick\u00e9 procesy. U\u017eivatel\u00e9 zaznamenaj\u00ed znateln\u00fd <em>n\u00e1r\u016fst svalov\u00e9 hmoty<\/em> b\u011bhem n\u011bkolika t\u00fddn\u016f. Zv\u00fd\u0161en\u00e1 hladina energie umo\u017e\u0148uje zintenzivnit tr\u00e9nink, co\u017e p\u0159isp\u00edv\u00e1 k dal\u0161\u00edmu zlep\u0161en\u00ed v\u00fdsledku v posilovn\u011b. Ud\u011blen\u00e1 hodnocen\u00ed, v pr\u016fm\u011bru 4,97 z 5, nazna\u010duj\u00ed, \u017ee <b>\u00fa\u010dinky Somatodrolu<\/b> jsou uspokojiv\u00e9 v \u0161irok\u00e9m m\u011b\u0159\u00edtku.<\/p>\n\n\n\n<h2 class=\"wp-block-heading\">D\u00e1vkov\u00e1n\u00ed p\u0159\u00edpravku Somatodrol &#8211; Jak pou\u017e\u00edvat?<\/h2>\n\n\n\n<p><b>D\u00e1vkov\u00e1n\u00ed p\u0159\u00edprav<\/b> ku Somatodrol by se m\u011blo \u0159\u00eddit doporu\u010den\u00edmi v\u00fdrobce pro <b>dosa\u017een\u00ed<\/b> nejlep\u0161\u00edch <b>v\u00fdsledk\u016f<\/b>. Optim\u00e1ln\u00ed mno\u017estv\u00ed je <em>1-2 kapsle dvakr\u00e1t denn\u011b<\/em>, co\u017e poskytuje dostate\u010dnou d\u00e1vku slo\u017eek na podporu rozvoje sval\u016f. Je d\u016fle\u017eit\u00e9 u\u017e\u00edvat kapsle s velk\u00fdm mno\u017estv\u00edm vody a nejl\u00e9pe u\u017e\u00edvat p\u0159ed j\u00eddlem.<\/p>\n\n\n\n<p>Ka\u017ed\u00e9 balen\u00ed obsahuje 60 kapsl\u00ed, co\u017e sta\u010d\u00ed na cel\u00fd <em>m\u011bs\u00edc l\u00e9\u010dby<\/em>. B\u011bhem suplementace se doporu\u010duje kombinovat u\u017e\u00edv\u00e1n\u00ed Somatodrolu s <em>vyv\u00e1\u017een\u00fdm tr\u00e9ninkem<\/em> a zdravou stravou. T\u00edmto zp\u016fsobem lze maximalizovat organickou dostupnost aminokyselin a podporu anabolick\u00fdch proces\u016f.<\/p>\n\n\n\n<p>U\u017eivatel\u00e9, kte\u0159\u00ed u\u017e\u00edvaj\u00ed Somatodrol po dobu alespo\u0148 2-3 m\u011bs\u00edc\u016f, \u010dasto zaznamen\u00e1vaj\u00ed v\u00fdrazn\u00fd n\u00e1r\u016fst svalov\u00e9 hmoty a zlep\u0161en\u00ed fyzick\u00e9 v\u00fdkonnosti. Nap\u0159\u00edklad podle n\u011bkter\u00fdch recenz\u00ed mohou b\u00fdt \u00fa\u010dinky zv\u00fd\u0161en\u00ed svalov\u00e9 hmoty a\u017e o 68 % vy\u0161\u0161\u00ed ve srovn\u00e1n\u00ed s placebem.<\/p>\n\n\n\n<p>Vzhledem k <em>\u00fa\u010dinnosti jednotliv\u00fdch slo\u017eek,<\/em> jako je beta-alanin a AAKG, se <b>d\u00e1vkov\u00e1n\u00ed p\u0159\u00edpravku<\/b> Somatodrol st\u00e1v\u00e1 kl\u00ed\u010dov\u00fdm prvkem pro dosa\u017een\u00ed po\u017eadovan\u00fdch v\u00fdsledk\u016f. P\u0159i pravideln\u00e9m u\u017e\u00edv\u00e1n\u00ed a spr\u00e1vn\u00e9 strav\u011b zaznamen\u00e1te v\u00fdrazn\u00e9 zlep\u0161en\u00ed s\u00edly a regenerace sval\u016f po intenzivn\u00edm tr\u00e9ninku.<\/p>\n\n\n\n<h2 class=\"wp-block-heading\">Somatodrol &#8211; Recenze u\u017eivatel\u016f, f\u00f3rum &#8211; Co na to \u0159\u00edkaj\u00ed u\u017eivatel\u00e9?<\/h2>\n\n\n\n<p><b>N\u00e1zory u\u017eivatel\u016f Somatodrol<\/b> se to\u010d\u00ed hlavn\u011b kolem jeho \u00fa\u010dinnosti p\u0159i zvy\u0161ov\u00e1n\u00ed svalov\u00e9 hmoty a zlep\u0161ov\u00e1n\u00ed tr\u00e9ninkov\u00e9ho v\u00fdkonu. Lid\u00e9, kte\u0159\u00ed u\u017e\u00edvaj\u00ed dopln\u011bk, se vyjad\u0159uj\u00ed velmi pozitivn\u011b o jeho \u00fa\u010dinku na jejich kondici. Ve <b>f\u00f3rech o Somatodrol<\/b> najdete \u0159adu recenz\u00ed, kter\u00e9 poskytuj\u00ed zaj\u00edmav\u00e9 informace o osobn\u00edch zku\u0161enostech u\u017eivatel\u016f.<\/p>\n\n\n\n<blockquote class=\"wp-block-quote is-layout-flow wp-block-quote-is-layout-flow\">\n<p><em>Kasia<\/em>: &#8222;Od t\u00e9 doby, co jsem za\u010dala u\u017e\u00edvat Somatodrol, jsem zaznamenala v\u00fdrazn\u00e9 zlep\u0161en\u00ed s\u00edly a energie p\u0159i tr\u00e9ninku. B\u011bhem m\u011bs\u00edce jsem p\u0159ibrala 5 kg svalov\u00e9 hmoty. Po tr\u00e9ninku se c\u00edt\u00edm skv\u011ble, \u017e\u00e1dn\u00e9 svalov\u00e9 k\u0159e\u010de ani bolesti.&#8220;<\/p>\n<\/blockquote>\n\n\n\n<p>Jin\u00fd u\u017eivatel p\u0159i vzpom\u00ednce na sv\u00e9 zku\u0161enosti uvedl: &#8222;:<\/p>\n\n\n\n<blockquote class=\"wp-block-quote is-layout-flow wp-block-quote-is-layout-flow\">\n<p><em>Marek<\/em>: &#8222;Somatodrol zm\u011bnil m\u016fj p\u0159\u00edstup k tr\u00e9ninku. \u00da\u010dinky jsou viditeln\u00e9 ji\u017e po jednom t\u00fddnu u\u017e\u00edv\u00e1n\u00ed. P\u0159edt\u00edm jsem m\u011bl probl\u00e9my s progres\u00ed a nyn\u00ed mohu zvedat t\u011b\u017e\u0161\u00ed v\u00e1hy.&#8220;<\/p>\n<\/blockquote>\n\n\n\n<p>Na <b>f\u00f3ru o somatodrolu<\/b> byly zve\u0159ejn\u011bny tak\u00e9 <b>ohlasy na<\/b> zotaven\u00ed. U\u017eivatel\u00e9 poukazuj\u00ed na rychlej\u0161\u00ed regeneraci po intenzivn\u00edch tr\u00e9ninc\u00edch a lep\u0161\u00ed pocit pohody:<\/p>\n\n\n\n<blockquote class=\"wp-block-quote is-layout-flow wp-block-quote-is-layout-flow\">\n<p><em>Anna<\/em>: &#8222;Somatodrol hodnot\u00edm velmi pozitivn\u011b. Od t\u00e9 doby, co jsem ho za\u010dala u\u017e\u00edvat, c\u00edt\u00edm v\u00edce energie a m\u00e9 svaly se mnohem l\u00e9pe zotavuj\u00ed. Za\u0159azuji ho do sv\u00e9ho tr\u00e9ninkov\u00e9ho pl\u00e1nu a jsem nadm\u00edru spokojen\u00e1.&#8220;<\/p>\n<\/blockquote>\n\n\n\n<p><b>N\u00e1zory u\u017eivatel\u016f Somatodrolu<\/b> se li\u0161\u00ed, ale mnoho lid\u00ed oce\u0148uje v\u00fdsledky tohoto dopl\u0148ku. A\u010dkoli na trhu lze nal\u00e9zt mnoho fale\u0161n\u00fdch recenz\u00ed, spolehliv\u00e9 informace lze nal\u00e9zt prost\u0159ednictv\u00edm aktivn\u00edho <b>f\u00f3ra o Somatodrol<\/b>, kde lid\u00e9 sd\u00edlej\u00ed sv\u00e9 skute\u010dn\u00e9 zku\u0161enosti.<\/p>\n\n\n\n<h2 class=\"wp-block-heading\">Somatodrol &#8211; Slo\u017een\u00ed<\/h2>\n\n\n\n<p>Somatodrol je dopln\u011bk svalov\u00e9 hmoty, kter\u00fd vynik\u00e1 pe\u010dliv\u011b vybran\u00fdm slo\u017een\u00edm. <b>Slo\u017een\u00ed<\/b> Somatodrol je zalo\u017eeno na p\u0159\u00edrodn\u00edch slo\u017ek\u00e1ch, kter\u00e9 zvy\u0161uj\u00ed \u00fa\u010dinky tr\u00e9ninku a podporuj\u00ed regeneraci sval\u016f.<\/p>\n\n\n\n<p>Zde jsou kl\u00ed\u010dov\u00e9 slo\u017eky v\u00fdrobku:<\/p>\n\n\n\n<figure class=\"wp-block-table\"><table class=\"has-fixed-layout\"><tbody><tr><th>Slo\u017een\u00ed<\/th><th>Mno\u017estv\u00ed v jedn\u00e9 d\u00e1vce<\/th><th>\u00da\u010dinek<\/th><\/tr><tr><td>GRTH faktor<\/td><td>700 mg<\/td><td>Podporuje produkci p\u0159irozen\u00e9ho HGH a testosteronu<\/td><\/tr><tr><td>Beta-alanin<\/td><td>400 mg<\/td><td>Zlep\u0161uje v\u00fdkonnost a sni\u017euje \u00fanavu<\/td><\/tr><tr><td>AAKG (arginin-alfa-ketoglutar\u00e1t)<\/td><td>300 mg<\/td><td>Zvy\u0161uje pr\u016ftok krve do sval\u016f, co\u017e podporuje r\u016fst sval\u016f<\/td><\/tr><tr><td>DAA (kyselina D-asparagov\u00e1)<\/td><td>200 mg<\/td><td>Stimuluje produkci testosteronu, co\u017e vede k lep\u0161\u00edmu tr\u00e9ninkov\u00e9mu v\u00fdkonu<\/td><\/tr><tr><td>Faktor TST<\/td><td>206,6 mg<\/td><td>Podporuje p\u0159irozenou produkci anabolick\u00fdch hormon\u016f<\/td><\/tr><tr><td>Zinek<\/td><td>6,6 mg (66,6 % RWS)<\/td><td>Podporuje imunitn\u00ed syst\u00e9m a r\u016fst svalov\u00e9 hmoty<\/td><\/tr><tr><td>Slo\u017een\u00ed pro redukci tuku<\/td><td>172,6 mg<\/td><td>Obsahuje kajensk\u00fd pep\u0159 a guaranu pro podporu hubnut\u00ed<\/td><\/tr><\/tbody><\/table><\/figure>\n\n\n\n<p>Ka\u017ed\u00e1 z t\u011bchto p\u0159\u00edrodn\u00edch slo\u017eek p\u016fsob\u00ed synergicky a p\u0159isp\u00edv\u00e1 k \u00fa\u010dinnosti Somatodrolu jako dopl\u0148ku svalov\u00e9 hmoty. Krom\u011b zlep\u0161en\u00ed v\u00fdkonnosti podporuje <b>slo\u017een\u00ed<\/b> Somatodrolu regeneraci po cvi\u010den\u00ed a pom\u00e1h\u00e1 eliminovat svalov\u00e9 k\u0159e\u010de.<\/p>\n\n\n\n<h2 class=\"wp-block-heading\">Kde koupit Somatodrol &#8211; cena<\/h2>\n\n\n\n<p>Somatodrol lze zakoupit pouze na ofici\u00e1ln\u00edch <em>str\u00e1nk\u00e1ch v\u00fdrobce<\/em>. To d\u00e1v\u00e1 z\u00e1kazn\u00edk\u016fm d\u016fv\u011bru v originalitu v\u00fdrobku a kvalitu. Krom\u011b toho jsou na webov\u00fdch str\u00e1nk\u00e1ch v\u00fdrobce k dispozici r\u016fzn\u00e9 propaga\u010dn\u00ed akce, kter\u00e9 mohou ovlivnit <em>cenu Somatodrol<\/em>, co\u017e \u010din\u00ed n\u00e1kup je\u0161t\u011b atraktivn\u011bj\u0161\u00edm.<\/p>\n\n\n\n<p><b>Cena Somatodrol<\/b> je konkurenceschopn\u00e1 a nab\u00eddka se \u010dasto m\u011bn\u00ed podle sez\u00f3nn\u00edch kampan\u00ed. Z\u00e1kazn\u00edci by m\u011bli sledovat zm\u011bny a vyu\u017e\u00edt dostupn\u00fdch slev. Objedn\u00e1vky jsou obvykle zpracov\u00e1ny b\u011bhem 1-3 pracovn\u00edch dn\u016f, co\u017e zaji\u0161\u0165uje rychl\u00fd p\u0159\u00edstup k dopl\u0148ku.<\/p>\n\n\n\n<p>Je tak\u00e9 t\u0159eba p\u0159ipomenout, \u017ee <em>Somatodrol<\/em> nen\u00ed k dispozici ve stacion\u00e1rn\u00edch l\u00e9k\u00e1rn\u00e1ch, co\u017e zd\u016fraz\u0148uje d\u016fle\u017eitost n\u00e1kupu p\u0159\u00edmo od <em>ofici\u00e1ln\u00edho v\u00fdrobce<\/em>. Pro mnoho u\u017eivatel\u016f je v\u00fdhodn\u00e9 m\u00edt mo\u017enost zaplatit na dob\u00edrku, co\u017e \u010din\u00ed n\u00e1kup pohodln\u011bj\u0161\u00edm.<\/p>\n\n\n\n<h2 class=\"wp-block-heading\">Mo\u017en\u00e9 ne\u017e\u00e1douc\u00ed \u00fa\u010dinky a kontraindikace u\u017e\u00edv\u00e1n\u00ed p\u0159\u00edpravku Somatodrol<\/h2>\n\n\n\n<p>Somatodrol je pova\u017eov\u00e1n za bezpe\u010dn\u00fd dopln\u011bk bez Somatodrol vedlej\u0161\u00edch \u00fa\u010dink\u016f, pokud jsou dodr\u017eov\u00e1na doporu\u010den\u00ed pro d\u00e1vkov\u00e1n\u00ed. Doporu\u010duje se u\u017e\u00edvat p\u0159\u00edpravek v doporu\u010den\u00fdch d\u00e1vk\u00e1ch, aby se zabr\u00e1nilo negativn\u00edm zdravotn\u00edm \u00fa\u010dink\u016fm. Ne\u017e\u00e1douc\u00ed \u00fa\u010dinky, jako je zv\u00fd\u0161en\u00fd cholesterol nebo zm\u011bny n\u00e1lady, se mohou objevit p\u0159i zv\u00fd\u0161en\u00e9m p\u0159\u00edjmu, zejm\u00e9na u osob se zku\u0161enostmi s u\u017e\u00edv\u00e1n\u00edm dopl\u0148k\u016f.<\/p>\n\n\n\n<p>Mezi<b>kontraindikace u\u017e\u00edv\u00e1n\u00ed<\/b> Somatodrolu pat\u0159\u00ed osoby s p\u0159ecitliv\u011blost\u00ed na n\u011bkterou slo\u017eku dopl\u0148ku. Zvl\u00e1\u0161tn\u00ed opatrnosti by m\u011bli db\u00e1t lid\u00e9 se zdravotn\u00edmi pot\u00ed\u017eemi a tak\u00e9 t\u011bhotn\u00e9 nebo koj\u00edc\u00ed \u017eeny, kter\u00e9 by se m\u011bly p\u0159ed zah\u00e1jen\u00edm suplementace poradit se sv\u00fdm l\u00e9ka\u0159em. Bezpe\u010dnost dopl\u0148k\u016f by m\u011bla b\u00fdt v\u017edy na prvn\u00edm m\u00edst\u011b, tak\u017ee nevhodn\u00e9 u\u017e\u00edv\u00e1n\u00ed m\u016f\u017ee v\u00e9st k v\u00e1\u017en\u00fdm zdravotn\u00edm komplikac\u00edm.<\/p>\n\n\n\n<p>Souhrnn\u011b \u0159e\u010deno, pro ty, kte\u0159\u00ed zva\u017euj\u00ed Somatodrol, je d\u016fle\u017eit\u00e9 pochopit kontraindikace u\u017e\u00edv\u00e1n\u00ed a mo\u017en\u00e9 vedlej\u0161\u00ed \u00fa\u010dinky. Zodpov\u011bdn\u00fd p\u0159\u00edstup k suplementaci, zalo\u017een\u00fd na l\u00e9ka\u0159sk\u00e9 konzultaci a dodr\u017eov\u00e1n\u00ed doporu\u010den\u00e9ho d\u00e1vkov\u00e1n\u00ed, pom\u016f\u017ee minimalizovat rizika a zajistit maxim\u00e1ln\u00ed zdravotn\u00ed p\u0159\u00ednos.<\/p>\n","protected":false},"excerpt":{"rendered":"<p><strong>[date_countdown]<\/strong><\/p>\n<p><strong><img decoding=\"async\" class=\"alignnone  wp-image-8078\" src=\"https:\/\/www.mojeplazma.cz\/farmacie\/wp-content\/uploads\/2024\/10\/SAFE-PAY-300x88-1.png\" alt=\"SAFE-PAY-300x88\" width=\"154\" height=\"45\" \/><\/strong><\/p>\n","protected":false},"featured_media":3904,"comment_status":"open","ping_status":"closed","template":"","meta":{"neve_meta_sidebar":"","neve_meta_container":"","neve_meta_enable_content_width":"","neve_meta_content_width":0,"neve_meta_title_alignment":"","neve_meta_author_avatar":"","neve_post_elements_order":"","neve_meta_disable_header":"","neve_meta_disable_footer":"","neve_meta_disable_title":"","neve_meta_reading_time":""},"product_brand":[],"product_cat":[18],"product_tag":[],"class_list":{"0":"post-3855","1":"product","2":"type-product","3":"status-publish","4":"has-post-thumbnail","6":"product_cat-hubnuti","8":"first","9":"instock","10":"sale","11":"shipping-taxable","12":"product-type-external"},"yoast_head":"<!-- This site is optimized with the Yoast SEO plugin v27.3 - https:\/\/yoast.com\/product\/yoast-seo-wordpress\/ -->\n<title>Somatodrol - Recenze, L\u00e9k\u00e1rna, Cena - 50%, F\u00f3rum, \u00da\u010dinky | 2026<\/title>\n<meta name=\"robots\" content=\"index, follow, max-snippet:-1, max-image-preview:large, max-video-preview:-1\" \/>\n<link rel=\"canonical\" href=\"https:\/\/www.mojeplazma.cz\/farmacie\/farmacie\/somatodrol\/\" \/>\n<meta property=\"og:locale\" content=\"cs_CZ\" \/>\n<meta property=\"og:type\" content=\"article\" \/>\n<meta property=\"og:title\" content=\"Somatodrol - Recenze, L\u00e9k\u00e1rna, Cena - 50%, F\u00f3rum, \u00da\u010dinky | 2026\" \/>\n<meta property=\"og:url\" content=\"https:\/\/www.mojeplazma.cz\/farmacie\/farmacie\/somatodrol\/\" \/>\n<meta property=\"og:site_name\" content=\"MojePlazma\" \/>\n<meta property=\"article:modified_time\" content=\"2024-11-16T18:12:29+00:00\" \/>\n<meta property=\"og:image\" content=\"https:\/\/www.mojeplazma.cz\/farmacie\/wp-content\/uploads\/2024\/10\/Somatodrol.jpg\" \/>\n\t<meta property=\"og:image:width\" content=\"768\" \/>\n\t<meta property=\"og:image:height\" content=\"768\" \/>\n\t<meta property=\"og:image:type\" content=\"image\/jpeg\" \/>\n<meta name=\"twitter:card\" content=\"summary_large_image\" \/>\n<meta name=\"twitter:description\" content=\"[date_countdown]\" \/>\n<meta name=\"twitter:label1\" content=\"Odhadovan\u00e1 doba \u010dten\u00ed\" \/>\n\t<meta name=\"twitter:data1\" content=\"6 minut\" \/>\n<script type=\"application\/ld+json\" class=\"yoast-schema-graph\">{\"@context\":\"https:\\\/\\\/schema.org\",\"@graph\":[{\"@type\":\"WebPage\",\"@id\":\"https:\\\/\\\/www.mojeplazma.cz\\\/farmacie\\\/farmacie\\\/somatodrol\\\/\",\"url\":\"https:\\\/\\\/www.mojeplazma.cz\\\/farmacie\\\/farmacie\\\/somatodrol\\\/\",\"name\":\"Somatodrol - Recenze, L\u00e9k\u00e1rna, Cena - 50%, F\u00f3rum, \u00da\u010dinky | 2026\",\"isPartOf\":{\"@id\":\"https:\\\/\\\/www.mojeplazma.cz\\\/farmacie\\\/#website\"},\"primaryImageOfPage\":{\"@id\":\"https:\\\/\\\/www.mojeplazma.cz\\\/farmacie\\\/farmacie\\\/somatodrol\\\/#primaryimage\"},\"image\":{\"@id\":\"https:\\\/\\\/www.mojeplazma.cz\\\/farmacie\\\/farmacie\\\/somatodrol\\\/#primaryimage\"},\"thumbnailUrl\":\"https:\\\/\\\/www.mojeplazma.cz\\\/farmacie\\\/wp-content\\\/uploads\\\/2024\\\/10\\\/Somatodrol.jpg\",\"datePublished\":\"2024-10-10T16:24:26+00:00\",\"dateModified\":\"2024-11-16T18:12:29+00:00\",\"breadcrumb\":{\"@id\":\"https:\\\/\\\/www.mojeplazma.cz\\\/farmacie\\\/farmacie\\\/somatodrol\\\/#breadcrumb\"},\"inLanguage\":\"cs\",\"potentialAction\":[{\"@type\":\"ReadAction\",\"target\":[\"https:\\\/\\\/www.mojeplazma.cz\\\/farmacie\\\/farmacie\\\/somatodrol\\\/\"]}]},{\"@type\":\"ImageObject\",\"inLanguage\":\"cs\",\"@id\":\"https:\\\/\\\/www.mojeplazma.cz\\\/farmacie\\\/farmacie\\\/somatodrol\\\/#primaryimage\",\"url\":\"https:\\\/\\\/www.mojeplazma.cz\\\/farmacie\\\/wp-content\\\/uploads\\\/2024\\\/10\\\/Somatodrol.jpg\",\"contentUrl\":\"https:\\\/\\\/www.mojeplazma.cz\\\/farmacie\\\/wp-content\\\/uploads\\\/2024\\\/10\\\/Somatodrol.jpg\",\"width\":768,\"height\":768},{\"@type\":\"BreadcrumbList\",\"@id\":\"https:\\\/\\\/www.mojeplazma.cz\\\/farmacie\\\/farmacie\\\/somatodrol\\\/#breadcrumb\",\"itemListElement\":[{\"@type\":\"ListItem\",\"position\":1,\"name\":\"Strona g\u0142\u00f3wna\",\"item\":\"https:\\\/\\\/www.mojeplazma.cz\\\/farmacie\\\/\"},{\"@type\":\"ListItem\",\"position\":2,\"name\":\"farmacie\",\"item\":\"https:\\\/\\\/www.mojeplazma.cz\\\/farmacie\\\/\"},{\"@type\":\"ListItem\",\"position\":3,\"name\":\"Somatodrol\"}]},{\"@type\":\"WebSite\",\"@id\":\"https:\\\/\\\/www.mojeplazma.cz\\\/farmacie\\\/#website\",\"url\":\"https:\\\/\\\/www.mojeplazma.cz\\\/farmacie\\\/\",\"name\":\"mojeplazma.cz\",\"description\":\"\",\"potentialAction\":[{\"@type\":\"SearchAction\",\"target\":{\"@type\":\"EntryPoint\",\"urlTemplate\":\"https:\\\/\\\/www.mojeplazma.cz\\\/farmacie\\\/?s={search_term_string}\"},\"query-input\":{\"@type\":\"PropertyValueSpecification\",\"valueRequired\":true,\"valueName\":\"search_term_string\"}}],\"inLanguage\":\"cs\"}]}<\/script>\n<!-- \/ Yoast SEO plugin. -->","yoast_head_json":{"title":"Somatodrol - Recenze, L\u00e9k\u00e1rna, Cena - 50%, F\u00f3rum, \u00da\u010dinky | 2026","robots":{"index":"index","follow":"follow","max-snippet":"max-snippet:-1","max-image-preview":"max-image-preview:large","max-video-preview":"max-video-preview:-1"},"canonical":"https:\/\/www.mojeplazma.cz\/farmacie\/farmacie\/somatodrol\/","og_locale":"cs_CZ","og_type":"article","og_title":"Somatodrol - Recenze, L\u00e9k\u00e1rna, Cena - 50%, F\u00f3rum, \u00da\u010dinky | 2026","og_url":"https:\/\/www.mojeplazma.cz\/farmacie\/farmacie\/somatodrol\/","og_site_name":"MojePlazma","article_modified_time":"2024-11-16T18:12:29+00:00","og_image":[{"width":768,"height":768,"url":"https:\/\/www.mojeplazma.cz\/farmacie\/wp-content\/uploads\/2024\/10\/Somatodrol.jpg","type":"image\/jpeg"}],"twitter_card":"summary_large_image","twitter_description":"[date_countdown]","twitter_misc":{"Odhadovan\u00e1 doba \u010dten\u00ed":"6 minut"},"schema":{"@context":"https:\/\/schema.org","@graph":[{"@type":"WebPage","@id":"https:\/\/www.mojeplazma.cz\/farmacie\/farmacie\/somatodrol\/","url":"https:\/\/www.mojeplazma.cz\/farmacie\/farmacie\/somatodrol\/","name":"Somatodrol - Recenze, L\u00e9k\u00e1rna, Cena - 50%, F\u00f3rum, \u00da\u010dinky | 2026","isPartOf":{"@id":"https:\/\/www.mojeplazma.cz\/farmacie\/#website"},"primaryImageOfPage":{"@id":"https:\/\/www.mojeplazma.cz\/farmacie\/farmacie\/somatodrol\/#primaryimage"},"image":{"@id":"https:\/\/www.mojeplazma.cz\/farmacie\/farmacie\/somatodrol\/#primaryimage"},"thumbnailUrl":"https:\/\/www.mojeplazma.cz\/farmacie\/wp-content\/uploads\/2024\/10\/Somatodrol.jpg","datePublished":"2024-10-10T16:24:26+00:00","dateModified":"2024-11-16T18:12:29+00:00","breadcrumb":{"@id":"https:\/\/www.mojeplazma.cz\/farmacie\/farmacie\/somatodrol\/#breadcrumb"},"inLanguage":"cs","potentialAction":[{"@type":"ReadAction","target":["https:\/\/www.mojeplazma.cz\/farmacie\/farmacie\/somatodrol\/"]}]},{"@type":"ImageObject","inLanguage":"cs","@id":"https:\/\/www.mojeplazma.cz\/farmacie\/farmacie\/somatodrol\/#primaryimage","url":"https:\/\/www.mojeplazma.cz\/farmacie\/wp-content\/uploads\/2024\/10\/Somatodrol.jpg","contentUrl":"https:\/\/www.mojeplazma.cz\/farmacie\/wp-content\/uploads\/2024\/10\/Somatodrol.jpg","width":768,"height":768},{"@type":"BreadcrumbList","@id":"https:\/\/www.mojeplazma.cz\/farmacie\/farmacie\/somatodrol\/#breadcrumb","itemListElement":[{"@type":"ListItem","position":1,"name":"Strona g\u0142\u00f3wna","item":"https:\/\/www.mojeplazma.cz\/farmacie\/"},{"@type":"ListItem","position":2,"name":"farmacie","item":"https:\/\/www.mojeplazma.cz\/farmacie\/"},{"@type":"ListItem","position":3,"name":"Somatodrol"}]},{"@type":"WebSite","@id":"https:\/\/www.mojeplazma.cz\/farmacie\/#website","url":"https:\/\/www.mojeplazma.cz\/farmacie\/","name":"mojeplazma.cz","description":"","potentialAction":[{"@type":"SearchAction","target":{"@type":"EntryPoint","urlTemplate":"https:\/\/www.mojeplazma.cz\/farmacie\/?s={search_term_string}"},"query-input":{"@type":"PropertyValueSpecification","valueRequired":true,"valueName":"search_term_string"}}],"inLanguage":"cs"}]}},"_links":{"self":[{"href":"https:\/\/www.mojeplazma.cz\/farmacie\/wp-json\/wp\/v2\/product\/3855","targetHints":{"allow":["GET"]}}],"collection":[{"href":"https:\/\/www.mojeplazma.cz\/farmacie\/wp-json\/wp\/v2\/product"}],"about":[{"href":"https:\/\/www.mojeplazma.cz\/farmacie\/wp-json\/wp\/v2\/types\/product"}],"replies":[{"embeddable":true,"href":"https:\/\/www.mojeplazma.cz\/farmacie\/wp-json\/wp\/v2\/comments?post=3855"}],"wp:featuredmedia":[{"embeddable":true,"href":"https:\/\/www.mojeplazma.cz\/farmacie\/wp-json\/wp\/v2\/media\/3904"}],"wp:attachment":[{"href":"https:\/\/www.mojeplazma.cz\/farmacie\/wp-json\/wp\/v2\/media?parent=3855"}],"wp:term":[{"taxonomy":"product_brand","embeddable":true,"href":"https:\/\/www.mojeplazma.cz\/farmacie\/wp-json\/wp\/v2\/product_brand?post=3855"},{"taxonomy":"product_cat","embeddable":true,"href":"https:\/\/www.mojeplazma.cz\/farmacie\/wp-json\/wp\/v2\/product_cat?post=3855"},{"taxonomy":"product_tag","embeddable":true,"href":"https:\/\/www.mojeplazma.cz\/farmacie\/wp-json\/wp\/v2\/product_tag?post=3855"}],"curies":[{"name":"wp","href":"https:\/\/api.w.org\/{rel}","templated":true}]}}