{"id":4019,"date":"2024-10-10T16:26:38","date_gmt":"2024-10-10T16:26:38","guid":{"rendered":"https:\/\/www.mojeplazma.cz\/farmacie\/?post_type=product&#038;p=4019"},"modified":"2024-11-13T11:44:01","modified_gmt":"2024-11-13T11:44:01","slug":"gelarex","status":"publish","type":"product","link":"https:\/\/www.mojeplazma.cz\/farmacie\/farmacie\/gelarex\/","title":{"rendered":"Gelarex"},"content":{"rendered":"\n<h2 class=\"wp-block-heading\">Co je p\u0159\u00edpravek GELAREX a jak funguje?<\/h2>\n\n\n\n<p><b>Gelarex<\/b> je <em>dopln\u011bk stravy<\/em>, kter\u00fd se zam\u011b\u0159uje na zm\u00edrn\u011bn\u00ed p\u0159\u00edznak\u016f <em>hemoroid\u016f<\/em>. Jeho <em>d p\u016fsoben\u00ed<\/em> je zalo\u017eeno na vyu\u017eit\u00ed p\u0159\u00edrodn\u00edch \u00fa\u010dinn\u00fdch l\u00e1tek, kter\u00e9 podporuj\u00ed regenera\u010dn\u00ed procesy a sni\u017euj\u00ed z\u00e1n\u011bt. Mezi slo\u017eky p\u0159\u00edpravku <b>Gelarex<\/b> pat\u0159\u00ed <em>extrakt z ko\u0148sk\u00e9ho ka\u0161tanu<\/em>, <em>olej z \u010dajovn\u00edku<\/em>, <em>propolis<\/em> a <em>extrakt z m\u011bs\u00ed\u010dku l\u00e9ka\u0159sk\u00e9ho<\/em>. P\u0159\u00edrodn\u00ed slo\u017eky, jako je <em>aloe vera<\/em> a <em>extrakt z \u0159eb\u0159\u00ed\u010dku<\/em>, d\u00e1le posiluj\u00ed c\u00e9vy a p\u0159isp\u00edvaj\u00ed ke zlep\u0161en\u00ed \u017eivotn\u00edho komfortu osob, kter\u00e9 se pot\u00fdkaj\u00ed s hemoroidy.<\/p>\n\n\n\n<p>P\u0159\u00edpravek nejen zm\u00edr\u0148uje bolest a sv\u011bd\u011bn\u00ed, ale tak\u00e9 podporuje regeneraci tk\u00e1n\u00ed. D\u00edky sv\u00fdm vlastnostem lze p\u0159\u00edpravek Gelarex pou\u017e\u00edvat denn\u011b, p\u0159i\u010dem\u017e pro dosa\u017een\u00ed maxim\u00e1ln\u00edho <b>\u00fa\u010dinku<\/b> se doporu\u010duje pou\u017e\u00edvat 2-3kr\u00e1t denn\u011b. U\u017eivatel\u00e9 p\u0159\u00edpravku Gelarex \u010dasto zd\u016fraz\u0148uj\u00ed p\u0159\u00ednosy zaveden\u00ed zm\u011bn ve stravov\u00e1n\u00ed a zv\u00fd\u0161en\u00ed fyzick\u00e9 aktivity, kter\u00e9 podporuj\u00ed <b>\u00fa\u010dinek<\/b> p\u0159\u00edpravku p\u0159i sni\u017eov\u00e1n\u00ed p\u0159\u00edznak\u016f hemoroid\u016f.<\/p>\n\n\n\n<p>Gelarex se t\u011b\u0161\u00ed vysok\u00e9mu hodnocen\u00ed 4,9 z 5, co\u017e dokl\u00e1d\u00e1 spokojenost u\u017eivatel\u016f s jeho \u00fa\u010dinnost\u00ed. Vytvo\u0159en\u00ed p\u0159\u00edpravku Gelarex jako <em>dopl\u0148ku stravy<\/em> je zaj\u00edmavou alternativou pro lidi, kte\u0159\u00ed hledaj\u00ed p\u0159\u00edrodn\u00ed metody v boji proti hemoroid\u016fm.<\/p>\n\n\n\n<h2 class=\"wp-block-heading\">\u00da\u010dinky u\u017e\u00edv\u00e1n\u00ed p\u0159\u00edpravku GELAREX<\/h2>\n\n\n\n<p><b>\u00da\u010dinky p\u0159\u00edprav<\/b> ku Gelarex mohou b\u00fdt patrn\u00e9 ji\u017e po n\u011bkolika dnech. <b>U\u017eivatel\u00e9<\/b> si chv\u00e1l\u00ed jeho <b>p\u016fsoben\u00ed<\/b>, kter\u00e9 p\u0159in\u00e1\u0161\u00ed \u00falevu od bolesti, sv\u011bd\u011bn\u00ed a otok\u016f spojen\u00fdch s hemoroidy. D\u00edky p\u0159\u00edrodn\u00edm slo\u017ek\u00e1m, jako je extrakt z ko\u0148sk\u00e9ho ka\u0161tanu, aloe vera, he\u0159m\u00e1nek a tea tree olej, podporuje Gelarex hojen\u00ed ran a regeneraci po\u0161kozen\u00fdch tk\u00e1n\u00ed.<\/p>\n\n\n\n<p>Po pravideln\u00e9m pou\u017e\u00edv\u00e1n\u00ed p\u0159\u00edpravku Gelarex lze pozorovat zlep\u0161en\u00ed celkov\u00e9 pohody, co\u017e se prom\u00edt\u00e1 i do du\u0161evn\u00ed pohody. P\u0159\u00edpravek p\u016fsob\u00ed na sn\u00ed\u017een\u00ed z\u00e1n\u011btu a zlep\u0161uje mikrocirkulaci, co\u017e prosp\u00edv\u00e1 zdrav\u00ed c\u00e9v.<\/p>\n\n\n\n<figure class=\"wp-block-table\"><table class=\"has-fixed-layout\"><tbody><tr><th>Symptomy<\/th><th>\u00da\u010dinky p\u0159\u00edpravku Gelarex<\/th><\/tr><tr><td>Bolest<\/td><td>V\u00fdrazn\u00e9 sn\u00ed\u017een\u00ed<\/td><\/tr><tr><td>Pruritus<\/td><td>\u00daleva od nepohodl\u00ed<\/td><\/tr><tr><td>Otoky<\/td><td>Sn\u00ed\u017een\u00ed otoku<\/td><\/tr><tr><td>Regenerace<\/td><td>Urychlen\u00e9 hojen\u00ed tk\u00e1n\u00ed<\/td><\/tr><\/tbody><\/table><\/figure>\n\n\n\n<p>Pravideln\u00e9 u\u017e\u00edv\u00e1n\u00ed p\u0159\u00edpravku Gelarex p\u0159isp\u00edv\u00e1 tak\u00e9 k prevenci opakovan\u00fdch hemoroid\u016f, co\u017e je pro osoby s opakovan\u00fdmi hemoroid\u00e1ln\u00edmi probl\u00e9my z\u00e1sadn\u00ed. D\u00edky p\u0159\u00edrodn\u00edm slo\u017ek\u00e1m je mo\u017en\u00e9 p\u0159\u00edpravek Gelarex pou\u017e\u00edvat bez obav z <b>vedlej\u0161\u00edch \u00fa\u010dink\u016f<\/b>, co\u017e z n\u011bj \u010din\u00ed atraktivn\u00ed volbu pro mnoho u\u017eivatel\u016f.<\/p>\n\n\n\n<h2 class=\"wp-block-heading\">Jak pou\u017e\u00edvat p\u0159\u00edpravek GELAREX &#8211; n\u00e1vod k pou\u017eit\u00ed a d\u00e1vkov\u00e1n\u00ed<\/h2>\n\n\n\n<p>Aplikace p\u0159\u00edpravku Gelarex je velmi jednoduch\u00e1. P\u0159\u00edpravek by se m\u011bl nan\u00e1\u0161et na \u010distou a osu\u0161enou poko\u017eku v okol\u00ed kone\u010dn\u00edku, a to nejm\u00e9n\u011b dvakr\u00e1t denn\u011b. Pro dosa\u017een\u00ed optim\u00e1ln\u00edch v\u00fdsledk\u016f se doporu\u010duje aplikovat <em>Gelarex<\/em> pravideln\u011b. P\u0159ed aplikac\u00ed se rovn\u011b\u017e doporu\u010duje prov\u00e9st test ko\u017en\u00ed sn\u00e1\u0161enlivosti.<\/p>\n\n\n\n<p>N\u00ed\u017ee je uveden d\u00e1vkovac\u00ed re\u017eim, kter\u00fd m\u016f\u017ee pomoci p\u0159i \u00fa\u010dinn\u00e9m pou\u017e\u00edv\u00e1n\u00ed p\u0159\u00edpravku:<\/p>\n\n\n\n<figure class=\"wp-block-table\"><table class=\"has-fixed-layout\"><tbody><tr><th>D\u00e1vkov\u00e1n\u00ed<\/th><th>Popis pou\u017eit\u00ed<\/th><\/tr><tr><td>1 aplikace<\/td><td>R\u00e1no po rann\u00ed hygien\u011b.<\/td><\/tr><tr><td>1 aplikace<\/td><td>Ve\u010der p\u0159ed span\u00edm na podporu regenerace b\u011bhem noci.<\/td><\/tr><tr><td>Test sn\u00e1\u0161enlivosti<\/td><td>Na mal\u00e9m kousku poko\u017eky p\u0159ed prvn\u00edm pou\u017eit\u00edm.<\/td><\/tr><\/tbody><\/table><\/figure>\n\n\n\n<p>Pravideln\u00e9 pou\u017e\u00edv\u00e1n\u00ed p\u0159\u00edpravku <em>Gelarex<\/em> m\u016f\u017ee v\u00fdrazn\u011b zlep\u0161it komfort a zm\u00edrnit nep\u0159\u00edjemn\u00e9 p\u0159\u00edznaky spojen\u00e9 s hemoroidy, jako je otok, bolest a p\u00e1len\u00ed. <b>U\u017eivatel\u00e9<\/b> mohou zaznamenat pozitivn\u00ed zm\u011bny ji\u017e po dvou t\u00fddnech pou\u017e\u00edv\u00e1n\u00ed.<\/p>\n\n\n\n<h2 class=\"wp-block-heading\">GELAREX &#8211; Recenze u\u017eivatel\u016f, f\u00f3rum &#8211; Co na to \u0159\u00edkaj\u00ed u\u017eivatel\u00e9?<\/h2>\n\n\n\n<p>Gelarex si z\u00edsk\u00e1v\u00e1 oblibu mezi lidmi, kte\u0159\u00ed bojuj\u00ed s hemoroidy, o \u010dem\u017e sv\u011bd\u010d\u00ed pozitivn\u00ed hodnocen\u00ed u\u017eivatel\u016f. Na f\u00f3ru Gelarex jsou zve\u0159ejn\u011bny \u010detn\u00e9 koment\u00e1\u0159e, ve kter\u00fdch se u\u017eivatel\u00e9 d\u011bl\u00ed o sv\u00e9 zku\u0161enosti s aplikac\u00ed tohoto v\u00fdrobku. Mnoho lid\u00ed zd\u016fraz\u0148uje jeho \u00fa\u010dinnost a komfort pou\u017e\u00edv\u00e1n\u00ed, co\u017e se prom\u00edt\u00e1 do jejich ka\u017edodenn\u00edho \u017eivota.<\/p>\n\n\n\n<blockquote class=\"wp-block-quote is-layout-flow wp-block-quote-is-layout-flow\">\n<p><em>Kasia:<\/em> &#8222;Po n\u011bkolika t\u00fddnech pou\u017e\u00edv\u00e1n\u00ed p\u0159\u00edpravku Gelarex jsem zaznamenala obrovsk\u00e9 zlep\u0161en\u00ed. Bolest a sv\u011bd\u011bn\u00ed, kter\u00e9 byly d\u0159\u00edve nesnesiteln\u00e9, zmizely. Nyn\u00ed se c\u00edt\u00edm mnohem l\u00e9pe a moje ka\u017edodenn\u00ed rutina ji\u017e nen\u00ed obt\u00ed\u017en\u00e1.&#8220;<\/p>\n<\/blockquote>\n\n\n\n<blockquote class=\"wp-block-quote is-layout-flow wp-block-quote-is-layout-flow\">\n<p><em>Marek:<\/em> &#8222;D\u00edky p\u0159\u00edpravku Gelarex se ji\u017e nemus\u00edm ob\u00e1vat nep\u0159\u00edjemn\u00fdch hemoroid\u016f. Jsem pozitivn\u011b p\u0159ekvapen jeho p\u016fsoben\u00edm a trval\u00fdm \u00fa\u010dinkem, kter\u00fd trv\u00e1 ji\u017e dva m\u011bs\u00edce.&#8220;<\/p>\n<\/blockquote>\n\n\n\n<blockquote class=\"wp-block-quote is-layout-flow wp-block-quote-is-layout-flow\">\n<p><em>Ania:<\/em> &#8222;Je to prvn\u00ed p\u0159\u00edpravek, kter\u00fd mi pomohl s m\u00fdmi probl\u00e9my s hemoroidy. Byla jsem skeptick\u00e1, ale <b>\u00fa\u010dinky<\/b> jsou opravdu viditeln\u00e9. Ur\u010dit\u011b bych doporu\u010dila ostatn\u00edm, kte\u0159\u00ed se pot\u00fdkaj\u00ed s podobn\u00fdmi pot\u00ed\u017eemi.&#8220;<\/p>\n<\/blockquote>\n\n\n\n<p><b>Recenze<\/b> poukazuj\u00ed na vysokou kvalitu p\u0159\u00edpravku Gelarex a jeho p\u0159\u00edrodn\u00ed slo\u017eky, kter\u00e9 \u00fa\u010dinn\u011b zm\u00edr\u0148uj\u00ed p\u0159\u00edznaky hemoroid\u016f. <b>U\u017eivatel\u00e9<\/b> si pochvaluj\u00ed jeho rychl\u00fd <b>\u00fa\u010dinek<\/b> a absenci vedlej\u0161\u00edch \u00fa\u010dink\u016f, co\u017e z n\u011bj \u010din\u00ed atraktivn\u00ed volbu. Vzhledem k jeho dostupnosti pouze na ofici\u00e1ln\u00edch str\u00e1nk\u00e1ch v\u00fdrobce si z\u00e1kazn\u00edci mohou b\u00fdt jisti originalitou a kvalitou objednan\u00e9ho v\u00fdrobku.<\/p>\n\n\n\n<h2 class=\"wp-block-heading\">GELAREX &#8211; slo\u017een\u00ed &#8211; co obsahuje?<\/h2>\n\n\n\n<p>GELAREX vynik\u00e1 sv\u00fdm jedine\u010dn\u00fdm slo\u017een\u00edm, kter\u00e9 se skl\u00e1d\u00e1 z p\u0159\u00edrodn\u00edch slo\u017eek. To umo\u017e\u0148uje, aby v\u00fdrobek poskytoval \u00fa\u010dinnou pomoc v boji proti hemoroid\u016fm. V n\u00ed\u017ee uveden\u00e9m seznamu naleznete <em>\u00fa\u010dinn\u00e9 l\u00e1tky, kter\u00e9<\/em> jsou sou\u010d\u00e1st\u00ed <em>slo\u017een\u00ed p\u0159\u00edpravku GELAREX<\/em>:<\/p>\n\n\n\n<ul class=\"wp-block-list\">\n<li>Vazel\u00edna<\/li>\n\n\n\n<li>Lanolin<\/li>\n\n\n\n<li>Cera alba<\/li>\n\n\n\n<li>Bambuck\u00e9 m\u00e1slo<\/li>\n\n\n\n<li>Extrakt z ko\u0148sk\u00e9ho ka\u0161tanu<\/li>\n\n\n\n<li>Olej z \u010dajovn\u00edku<\/li>\n<\/ul>\n\n\n\n<p>Ka\u017ed\u00e1 z t\u011bchto slo\u017eek hraje d\u016fle\u017eitou roli v p\u016fsoben\u00ed v\u00fdrobku. Nap\u0159\u00edklad v\u00fdta\u017eek z ka\u0161tanu ko\u0148sk\u00e9ho \u00fa\u010dinn\u011b tlum\u00ed z\u00e1n\u011bty, zat\u00edmco bambuck\u00e9 m\u00e1slo hydratuje poko\u017eku, co\u017e je nesm\u00edrn\u011b d\u016fle\u017eit\u00e9 pro ty, kte\u0159\u00ed bojuj\u00ed s hemoroidy. P\u0159\u00edrodn\u00ed slo\u017eky <em>p\u0159\u00edpravku Gelarex<\/em> podporuj\u00ed proces regenerace tk\u00e1n\u00ed a zm\u00edr\u0148uj\u00ed bolest a sv\u011bd\u011bn\u00ed.<\/p>\n\n\n\n<p><em>Co<\/em> p\u0159\u00edpravek GELAREX<em>obsahuje?<\/em> Jedn\u00e1 se o komplexn\u00ed soubor prvk\u016f, kter\u00e9 nejen p\u0159in\u00e1\u0161ej\u00ed \u00falevu, ale tak\u00e9 minimalizuj\u00ed riziko ne\u017e\u00e1douc\u00edch \u00fa\u010dink\u016f. P\u0159\u00edpravek je ide\u00e1ln\u00ed pro ty, kte\u0159\u00ed hledaj\u00ed p\u0159\u00edrodn\u00ed \u0159e\u0161en\u00ed v boji proti tomuto b\u011b\u017en\u00e9mu probl\u00e9mu, kter\u00fd postihuje zna\u010dnou \u010d\u00e1st populace.<\/p>\n\n\n\n<h2 class=\"wp-block-heading\">Kde koupit a jak\u00e1 je cena p\u0159\u00edpravku GELAREX?<\/h2>\n\n\n\n<p>Gelarex je k dost\u00e1n\u00ed pouze na ofici\u00e1ln\u00edch <em>str\u00e1nk\u00e1ch v\u00fdrobce<\/em>. N\u00e1kup p\u0159\u00edmo od v\u00fdrobce poskytuje z\u00e1ruku kvality a pravosti v\u00fdrobku. Vyhnout se n\u00e1kupu z nespolehliv\u00fdch zdroj\u016f je z\u00e1sadn\u00ed, abyste nebyli vystaveni pad\u011blk\u016fm. V\u00fdrobky nejsou k dispozici ve stacion\u00e1rn\u00edch l\u00e9k\u00e1rn\u00e1ch, tak\u017ee ofici\u00e1ln\u00ed webov\u00e9 str\u00e1nky jsou jedin\u00fdm m\u00edstem, kde lze <b>Gelarex<\/b> zakoupit.<\/p>\n\n\n\n<p><b>Cena p\u0159\u00edpravku<\/b> Gelarex se m\u016f\u017ee li\u0161it v z\u00e1vislosti na aktu\u00e1ln\u00edch akc\u00edch. Stoj\u00ed za to sledovat aktu\u00e1ln\u00ed nab\u00eddku slev, proto\u017ee v\u00fdrobce \u010dasto zav\u00e1d\u00ed atraktivn\u00ed nab\u00eddky. Cena v\u00fdrobku m\u016f\u017ee b\u00fdt b\u011bhem akce v\u00fdrazn\u011b ni\u017e\u0161\u00ed.<\/p>\n\n\n\n<p>Bezpe\u010dn\u00fd a pohodln\u00fd zp\u016fsob n\u00e1kupu, kter\u00fd je <em>ofici\u00e1ln\u00edm v\u00fdrobcem<\/em>, zaru\u010duje p\u0159\u00edstup k aktu\u00e1ln\u00edm akc\u00edm a zdravotn\u00edm informac\u00edm o p\u0159\u00edpravku <b>Gelarex<\/b>. N\u00e1kup online \u0161et\u0159\u00ed \u010das a vyh\u00fdb\u00e1 se kontaktu s potenci\u00e1ln\u011b infikovan\u00fdmi osobami v l\u00e9k\u00e1rn\u00e1ch.<\/p>\n\n\n\n<h2 class=\"wp-block-heading\">Mo\u017en\u00e9 ne\u017e\u00e1douc\u00ed \u00fa\u010dinky a kontraindikace p\u0159\u00edpravku GELAREX<\/h2>\n\n\n\n<p>P\u0159esto\u017ee je p\u0159\u00edpravek Gelarex zalo\u017een na p\u0159\u00edrodn\u00edch slo\u017ek\u00e1ch, jako je puch\u00fd\u0159n\u00edk l\u00e9ka\u0159sk\u00fd a he\u0159m\u00e1nek l\u00e9ka\u0159sk\u00fd, je t\u0159eba si uv\u011bdomit n\u011bkter\u00e9 mo\u017en\u00e9 <b>ne\u017e\u00e1douc\u00ed \u00fa\u010dinky<\/b>. U u\u017eivatel\u016f se m\u016f\u017ee vyskytnout podr\u00e1\u017ed\u011bn\u00ed nebo alergick\u00e9 reakce, zejm\u00e9na u t\u011bch, kte\u0159\u00ed maj\u00ed individu\u00e1ln\u00ed nesn\u00e1\u0161enlivost na n\u011bkterou slo\u017eku p\u0159\u00edpravku. Mezi b\u011b\u017en\u00e9 alergick\u00e9 reakce pat\u0159\u00ed p\u00e1len\u00ed a sv\u011bd\u011bn\u00ed v m\u00edstech aplikace, co\u017e m\u016f\u017ee ovlivnit pohodl\u00ed.<\/p>\n\n\n\n<p>Mezi<b>kontraindikace<\/b> pou\u017eit\u00ed p\u0159\u00edpravku Gelarex pat\u0159\u00ed p\u0159edev\u0161\u00edm p\u0159ecitliv\u011blost na slo\u017eky p\u0159\u00edpravku a tak\u00e9 jak\u00e9koli po\u0161kozen\u00ed poko\u017eky v m\u00edst\u011b aplikace. Krom\u011b toho se p\u0159\u00edpravek nedoporu\u010duje pro d\u011bti mlad\u0161\u00ed t\u0159\u00ed let ani pro osoby s otev\u0159en\u00fdmi ranami v an\u00e1ln\u00ed oblasti. P\u0159ed zah\u00e1jen\u00edm l\u00e9\u010dby je vhodn\u00e9 poradit se s l\u00e9ka\u0159em, zejm\u00e9na v p\u0159\u00edpad\u011b osob s chronick\u00fdmi zdravotn\u00edmi pot\u00ed\u017eemi.<\/p>\n\n\n\n<p>V p\u0159\u00edpad\u011b jak\u00fdchkoli ne\u017e\u00e1douc\u00edch \u00fa\u010dink\u016f je vhodn\u00e9 u\u017e\u00edv\u00e1n\u00ed p\u0159\u00edpravku Gelarex p\u0159eru\u0161it a vyhledat l\u00e9ka\u0159e. Nezapome\u0148te, \u017ee vhodn\u00e9 u\u017e\u00edv\u00e1n\u00ed p\u0159\u00edpravku a dodr\u017eov\u00e1n\u00ed pokyn\u016f m\u016f\u017ee v\u00fdrazn\u011b minimalizovat riziko mo\u017en\u00fdch ne\u017e\u00e1douc\u00edch \u00fa\u010dink\u016f p\u0159i sou\u010dasn\u00e9m u\u017e\u00edv\u00e1n\u00ed p\u0159\u00edpravku Gelarex ke zm\u00edrn\u011bn\u00ed p\u0159\u00edznak\u016f hemoroid\u016f.<\/p>\n","protected":false},"excerpt":{"rendered":"<p><strong>[date_countdown]<\/strong><\/p>\n<p><strong><img decoding=\"async\" class=\"alignnone  wp-image-8078\" src=\"https:\/\/www.mojeplazma.cz\/farmacie\/wp-content\/uploads\/2024\/10\/SAFE-PAY-300x88-1.png\" alt=\"SAFE-PAY-300x88\" width=\"154\" height=\"45\" \/><\/strong><\/p>\n","protected":false},"featured_media":4068,"comment_status":"open","ping_status":"closed","template":"","meta":{"neve_meta_sidebar":"","neve_meta_container":"","neve_meta_enable_content_width":"","neve_meta_content_width":0,"neve_meta_title_alignment":"","neve_meta_author_avatar":"","neve_post_elements_order":"","neve_meta_disable_header":"","neve_meta_disable_footer":"","neve_meta_disable_title":"","neve_meta_reading_time":""},"product_brand":[],"product_cat":[15],"product_tag":[],"class_list":{"0":"post-4019","1":"product","2":"type-product","3":"status-publish","4":"has-post-thumbnail","6":"product_cat-zdravi","8":"first","9":"instock","10":"sale","11":"shipping-taxable","12":"product-type-external"},"yoast_head":"<!-- This site is optimized with the Yoast SEO plugin v27.3 - https:\/\/yoast.com\/product\/yoast-seo-wordpress\/ -->\n<title>Gelarex - Recenze, L\u00e9k\u00e1rna, Cena - 50%, F\u00f3rum, \u00da\u010dinky | 2026<\/title>\n<meta name=\"robots\" content=\"index, follow, max-snippet:-1, max-image-preview:large, max-video-preview:-1\" \/>\n<link rel=\"canonical\" href=\"https:\/\/www.mojeplazma.cz\/farmacie\/farmacie\/gelarex\/\" \/>\n<meta property=\"og:locale\" content=\"cs_CZ\" \/>\n<meta property=\"og:type\" content=\"article\" \/>\n<meta property=\"og:title\" content=\"Gelarex - Recenze, L\u00e9k\u00e1rna, Cena - 50%, F\u00f3rum, \u00da\u010dinky | 2026\" \/>\n<meta property=\"og:url\" content=\"https:\/\/www.mojeplazma.cz\/farmacie\/farmacie\/gelarex\/\" \/>\n<meta property=\"og:site_name\" content=\"MojePlazma\" \/>\n<meta property=\"article:modified_time\" content=\"2024-11-13T11:44:01+00:00\" \/>\n<meta property=\"og:image\" content=\"https:\/\/www.mojeplazma.cz\/farmacie\/wp-content\/uploads\/2024\/10\/gelarex.jpg\" \/>\n\t<meta property=\"og:image:width\" content=\"768\" \/>\n\t<meta property=\"og:image:height\" content=\"768\" \/>\n\t<meta property=\"og:image:type\" content=\"image\/jpeg\" \/>\n<meta name=\"twitter:card\" content=\"summary_large_image\" \/>\n<meta name=\"twitter:description\" content=\"[date_countdown]\" \/>\n<meta name=\"twitter:label1\" content=\"Odhadovan\u00e1 doba \u010dten\u00ed\" \/>\n\t<meta name=\"twitter:data1\" content=\"6 minut\" \/>\n<script type=\"application\/ld+json\" class=\"yoast-schema-graph\">{\"@context\":\"https:\\\/\\\/schema.org\",\"@graph\":[{\"@type\":\"WebPage\",\"@id\":\"https:\\\/\\\/www.mojeplazma.cz\\\/farmacie\\\/farmacie\\\/gelarex\\\/\",\"url\":\"https:\\\/\\\/www.mojeplazma.cz\\\/farmacie\\\/farmacie\\\/gelarex\\\/\",\"name\":\"Gelarex - Recenze, L\u00e9k\u00e1rna, Cena - 50%, F\u00f3rum, \u00da\u010dinky | 2026\",\"isPartOf\":{\"@id\":\"https:\\\/\\\/www.mojeplazma.cz\\\/farmacie\\\/#website\"},\"primaryImageOfPage\":{\"@id\":\"https:\\\/\\\/www.mojeplazma.cz\\\/farmacie\\\/farmacie\\\/gelarex\\\/#primaryimage\"},\"image\":{\"@id\":\"https:\\\/\\\/www.mojeplazma.cz\\\/farmacie\\\/farmacie\\\/gelarex\\\/#primaryimage\"},\"thumbnailUrl\":\"https:\\\/\\\/www.mojeplazma.cz\\\/farmacie\\\/wp-content\\\/uploads\\\/2024\\\/10\\\/gelarex.jpg\",\"datePublished\":\"2024-10-10T16:26:38+00:00\",\"dateModified\":\"2024-11-13T11:44:01+00:00\",\"breadcrumb\":{\"@id\":\"https:\\\/\\\/www.mojeplazma.cz\\\/farmacie\\\/farmacie\\\/gelarex\\\/#breadcrumb\"},\"inLanguage\":\"cs\",\"potentialAction\":[{\"@type\":\"ReadAction\",\"target\":[\"https:\\\/\\\/www.mojeplazma.cz\\\/farmacie\\\/farmacie\\\/gelarex\\\/\"]}]},{\"@type\":\"ImageObject\",\"inLanguage\":\"cs\",\"@id\":\"https:\\\/\\\/www.mojeplazma.cz\\\/farmacie\\\/farmacie\\\/gelarex\\\/#primaryimage\",\"url\":\"https:\\\/\\\/www.mojeplazma.cz\\\/farmacie\\\/wp-content\\\/uploads\\\/2024\\\/10\\\/gelarex.jpg\",\"contentUrl\":\"https:\\\/\\\/www.mojeplazma.cz\\\/farmacie\\\/wp-content\\\/uploads\\\/2024\\\/10\\\/gelarex.jpg\",\"width\":768,\"height\":768},{\"@type\":\"BreadcrumbList\",\"@id\":\"https:\\\/\\\/www.mojeplazma.cz\\\/farmacie\\\/farmacie\\\/gelarex\\\/#breadcrumb\",\"itemListElement\":[{\"@type\":\"ListItem\",\"position\":1,\"name\":\"Strona g\u0142\u00f3wna\",\"item\":\"https:\\\/\\\/www.mojeplazma.cz\\\/farmacie\\\/\"},{\"@type\":\"ListItem\",\"position\":2,\"name\":\"farmacie\",\"item\":\"https:\\\/\\\/www.mojeplazma.cz\\\/farmacie\\\/\"},{\"@type\":\"ListItem\",\"position\":3,\"name\":\"Gelarex\"}]},{\"@type\":\"WebSite\",\"@id\":\"https:\\\/\\\/www.mojeplazma.cz\\\/farmacie\\\/#website\",\"url\":\"https:\\\/\\\/www.mojeplazma.cz\\\/farmacie\\\/\",\"name\":\"mojeplazma.cz\",\"description\":\"\",\"potentialAction\":[{\"@type\":\"SearchAction\",\"target\":{\"@type\":\"EntryPoint\",\"urlTemplate\":\"https:\\\/\\\/www.mojeplazma.cz\\\/farmacie\\\/?s={search_term_string}\"},\"query-input\":{\"@type\":\"PropertyValueSpecification\",\"valueRequired\":true,\"valueName\":\"search_term_string\"}}],\"inLanguage\":\"cs\"}]}<\/script>\n<!-- \/ Yoast SEO plugin. -->","yoast_head_json":{"title":"Gelarex - Recenze, L\u00e9k\u00e1rna, Cena - 50%, F\u00f3rum, \u00da\u010dinky | 2026","robots":{"index":"index","follow":"follow","max-snippet":"max-snippet:-1","max-image-preview":"max-image-preview:large","max-video-preview":"max-video-preview:-1"},"canonical":"https:\/\/www.mojeplazma.cz\/farmacie\/farmacie\/gelarex\/","og_locale":"cs_CZ","og_type":"article","og_title":"Gelarex - Recenze, L\u00e9k\u00e1rna, Cena - 50%, F\u00f3rum, \u00da\u010dinky | 2026","og_url":"https:\/\/www.mojeplazma.cz\/farmacie\/farmacie\/gelarex\/","og_site_name":"MojePlazma","article_modified_time":"2024-11-13T11:44:01+00:00","og_image":[{"width":768,"height":768,"url":"https:\/\/www.mojeplazma.cz\/farmacie\/wp-content\/uploads\/2024\/10\/gelarex.jpg","type":"image\/jpeg"}],"twitter_card":"summary_large_image","twitter_description":"[date_countdown]","twitter_misc":{"Odhadovan\u00e1 doba \u010dten\u00ed":"6 minut"},"schema":{"@context":"https:\/\/schema.org","@graph":[{"@type":"WebPage","@id":"https:\/\/www.mojeplazma.cz\/farmacie\/farmacie\/gelarex\/","url":"https:\/\/www.mojeplazma.cz\/farmacie\/farmacie\/gelarex\/","name":"Gelarex - Recenze, L\u00e9k\u00e1rna, Cena - 50%, F\u00f3rum, \u00da\u010dinky | 2026","isPartOf":{"@id":"https:\/\/www.mojeplazma.cz\/farmacie\/#website"},"primaryImageOfPage":{"@id":"https:\/\/www.mojeplazma.cz\/farmacie\/farmacie\/gelarex\/#primaryimage"},"image":{"@id":"https:\/\/www.mojeplazma.cz\/farmacie\/farmacie\/gelarex\/#primaryimage"},"thumbnailUrl":"https:\/\/www.mojeplazma.cz\/farmacie\/wp-content\/uploads\/2024\/10\/gelarex.jpg","datePublished":"2024-10-10T16:26:38+00:00","dateModified":"2024-11-13T11:44:01+00:00","breadcrumb":{"@id":"https:\/\/www.mojeplazma.cz\/farmacie\/farmacie\/gelarex\/#breadcrumb"},"inLanguage":"cs","potentialAction":[{"@type":"ReadAction","target":["https:\/\/www.mojeplazma.cz\/farmacie\/farmacie\/gelarex\/"]}]},{"@type":"ImageObject","inLanguage":"cs","@id":"https:\/\/www.mojeplazma.cz\/farmacie\/farmacie\/gelarex\/#primaryimage","url":"https:\/\/www.mojeplazma.cz\/farmacie\/wp-content\/uploads\/2024\/10\/gelarex.jpg","contentUrl":"https:\/\/www.mojeplazma.cz\/farmacie\/wp-content\/uploads\/2024\/10\/gelarex.jpg","width":768,"height":768},{"@type":"BreadcrumbList","@id":"https:\/\/www.mojeplazma.cz\/farmacie\/farmacie\/gelarex\/#breadcrumb","itemListElement":[{"@type":"ListItem","position":1,"name":"Strona g\u0142\u00f3wna","item":"https:\/\/www.mojeplazma.cz\/farmacie\/"},{"@type":"ListItem","position":2,"name":"farmacie","item":"https:\/\/www.mojeplazma.cz\/farmacie\/"},{"@type":"ListItem","position":3,"name":"Gelarex"}]},{"@type":"WebSite","@id":"https:\/\/www.mojeplazma.cz\/farmacie\/#website","url":"https:\/\/www.mojeplazma.cz\/farmacie\/","name":"mojeplazma.cz","description":"","potentialAction":[{"@type":"SearchAction","target":{"@type":"EntryPoint","urlTemplate":"https:\/\/www.mojeplazma.cz\/farmacie\/?s={search_term_string}"},"query-input":{"@type":"PropertyValueSpecification","valueRequired":true,"valueName":"search_term_string"}}],"inLanguage":"cs"}]}},"_links":{"self":[{"href":"https:\/\/www.mojeplazma.cz\/farmacie\/wp-json\/wp\/v2\/product\/4019","targetHints":{"allow":["GET"]}}],"collection":[{"href":"https:\/\/www.mojeplazma.cz\/farmacie\/wp-json\/wp\/v2\/product"}],"about":[{"href":"https:\/\/www.mojeplazma.cz\/farmacie\/wp-json\/wp\/v2\/types\/product"}],"replies":[{"embeddable":true,"href":"https:\/\/www.mojeplazma.cz\/farmacie\/wp-json\/wp\/v2\/comments?post=4019"}],"wp:featuredmedia":[{"embeddable":true,"href":"https:\/\/www.mojeplazma.cz\/farmacie\/wp-json\/wp\/v2\/media\/4068"}],"wp:attachment":[{"href":"https:\/\/www.mojeplazma.cz\/farmacie\/wp-json\/wp\/v2\/media?parent=4019"}],"wp:term":[{"taxonomy":"product_brand","embeddable":true,"href":"https:\/\/www.mojeplazma.cz\/farmacie\/wp-json\/wp\/v2\/product_brand?post=4019"},{"taxonomy":"product_cat","embeddable":true,"href":"https:\/\/www.mojeplazma.cz\/farmacie\/wp-json\/wp\/v2\/product_cat?post=4019"},{"taxonomy":"product_tag","embeddable":true,"href":"https:\/\/www.mojeplazma.cz\/farmacie\/wp-json\/wp\/v2\/product_tag?post=4019"}],"curies":[{"name":"wp","href":"https:\/\/api.w.org\/{rel}","templated":true}]}}