{"id":4043,"date":"2024-10-10T16:26:58","date_gmt":"2024-10-10T16:26:58","guid":{"rendered":"https:\/\/www.mojeplazma.cz\/farmacie\/?post_type=product&#038;p=4043"},"modified":"2024-11-13T10:38:08","modified_gmt":"2024-11-13T10:38:08","slug":"dr-derm","status":"publish","type":"product","link":"https:\/\/www.mojeplazma.cz\/farmacie\/farmacie\/dr-derm\/","title":{"rendered":"Dr. Derm"},"content":{"rendered":"\n<h2 class=\"wp-block-heading\">Co je Dr. Derm a jak funguje?<\/h2>\n\n\n\n<p><b>Dr. Derm<\/b> je inovativn\u00ed <b>dopln\u011bk stravy<\/b> ur\u010den\u00fd pro lidi, kte\u0159\u00ed bojuj\u00ed s lup\u00e9nkou. Jeho <em>p\u016fsoben\u00ed<\/em> se zam\u011b\u0159uje na podporu regenera\u010dn\u00edch proces\u016f v k\u016f\u017ei a zm\u00edrn\u011bn\u00ed z\u00e1n\u011btu, kter\u00fd je p\u0159i l\u00e9\u010db\u011b tohoto nep\u0159\u00edjemn\u00e9ho onemocn\u011bn\u00ed kl\u00ed\u010dov\u00fd. <b>Slo\u017een\u00ed<\/b> dopl\u0148ku obsahuje <em>aktivn\u00ed<\/em> kombinaci slo\u017eek, kter\u00e9 maj\u00ed pozitivn\u00ed vliv na stav poko\u017eky a poskytuj\u00ed j\u00ed intenzivn\u00ed v\u00fd\u017eivu a hydrataci.<\/p>\n\n\n\n<p>Pravideln\u00e9 <b>u\u017e\u00edv\u00e1n\u00ed p\u0159\u00edpravku<\/b> Dr. Derm m\u016f\u017ee p\u0159in\u00e9st mnoho v\u00fdhod, v\u010detn\u011b:<\/p>\n\n\n\n<ul class=\"wp-block-list\">\n<li>Zlep\u0161en\u00ed celkov\u00e9ho stavu poko\u017eky<\/li>\n\n\n\n<li>Zmen\u0161en\u00ed viditeln\u00fdch psoriatick\u00fdch l\u00e9z\u00ed<\/li>\n\n\n\n<li>Sn\u00ed\u017een\u00ed sv\u011bd\u011bn\u00ed a podr\u00e1\u017ed\u011bn\u00ed<\/li>\n<\/ul>\n\n\n\n<p><b>Dopln\u011bk stravy<\/b> Dr. Derm podporuje mikrocirkulaci a p\u0159\u00edsun z\u00e1kladn\u00edch \u017eivin, jako jsou vitaminy a miner\u00e1ly. Obsa\u017een\u00e9 omega-3 mastn\u00e9 kyseliny a rostlinn\u00e9 <b>slo\u017eky<\/b> dod\u00e1vaj\u00ed poko\u017ece v\u0161e, co pot\u0159ebuje k regeneraci. D\u00edky tomu je p\u0159\u00edpravek \u00fa\u010dinn\u00fdm n\u00e1strojem v boji proti p\u0159\u00edznak\u016fm lup\u00e9nky.<\/p>\n\n\n\n<p>Je d\u016fle\u017eit\u00e9 m\u00edt na pam\u011bti, \u017ee <b>\u00fa\u010dinky<\/b> u\u017e\u00edv\u00e1n\u00ed se mohou li\u0161it v z\u00e1vislosti na individu\u00e1ln\u00edch pot\u0159eb\u00e1ch organismu a aktu\u00e1ln\u00edm zdravotn\u00edm stavu. Proto je vhodn\u00e9 spolupracovat s l\u00e9ka\u0159em a p\u0159izp\u016fsobit terapii va\u0161im osobn\u00edm po\u017eadavk\u016fm.<\/p>\n\n\n\n<h2 class=\"wp-block-heading\">\u00da\u010dinky p\u0159\u00edpravku Dr. Derm<\/h2>\n\n\n\n<p>Pravideln\u00e9 <b>pou\u017e\u00edv\u00e1n\u00ed<\/b> kr\u00e9mu Dr. Derm m\u00e1 pro osoby trp\u00edc\u00ed lup\u00e9nkou mnoho pozitivn\u00edch \u00fa\u010dink\u016f. Toto ko\u017en\u00ed onemocn\u011bn\u00ed postihuje miliony lid\u00ed a spr\u00e1vn\u00e1 p\u00e9\u010de je pro zdrav\u00ed k\u016f\u017ee z\u00e1sadn\u00ed. <b>U\u017eivatel\u00e9<\/b> hl\u00e1s\u00ed v\u00fdrazn\u00e9 sn\u00ed\u017een\u00ed zarudnut\u00ed a sv\u011bd\u011bn\u00ed, co\u017e jim zp\u0159\u00edjem\u0148uje \u017eivot.<\/p>\n\n\n\n<p>\u00da\u010dinnost kr\u00e9mu Dr. Derm je zalo\u017eena na jeho jedine\u010dn\u00e9m slo\u017een\u00ed, kter\u00e9 obsahuje olej z pupalky dvoulet\u00e9, v\u00fdta\u017eek z m\u011bs\u00ed\u010dku l\u00e9ka\u0159sk\u00e9ho, bambuck\u00e9 m\u00e1slo a vitamin E. Ka\u017ed\u00e1 z t\u011bchto slo\u017eek p\u0159isp\u00edv\u00e1 k regeneraci poko\u017eky a podporuje proces hojen\u00ed po\u0161kozen\u00e9 tk\u00e1n\u011b. V d\u016fsledku toho se minimalizuje viditelnost skvrn lup\u00e9nky a poko\u017eka se st\u00e1v\u00e1 hydratovan\u011bj\u0161\u00ed a pru\u017en\u011bj\u0161\u00ed.<\/p>\n\n\n\n<blockquote class=\"wp-block-quote is-layout-flow wp-block-quote-is-layout-flow\">\n<p>&#8222;Po n\u011bkolika t\u00fddnech pou\u017e\u00edv\u00e1n\u00ed p\u0159\u00edpravku Dr Derm jsem zaznamenala v\u00fdrazn\u00e9 zlep\u0161en\u00ed. Moje k\u016f\u017ee je m\u00e9n\u011b zarudl\u00e1 a sv\u011bd\u011bn\u00ed ustoupilo. Rozhodn\u011b se c\u00edt\u00edm l\u00e9pe!&#8220; &#8211; Kasia<\/p>\n<\/blockquote>\n\n\n\n<blockquote class=\"wp-block-quote is-layout-flow wp-block-quote-is-layout-flow\">\n<p>&#8222;Dr. Derm pou\u017e\u00edv\u00e1m ji\u017e m\u011bs\u00edc a <b>v\u00fdsledky<\/b> p\u0159ed\u010dily m\u00e9 o\u010dek\u00e1v\u00e1n\u00ed. Kr\u00e9m \u00fa\u010dinn\u011b zm\u00edrnil p\u0159\u00edznaky lup\u00e9nky. Je to pro m\u011b obrovsk\u00e1 \u00faleva!&#8220; &#8211; Marek<\/p>\n<\/blockquote>\n\n\n\n<blockquote class=\"wp-block-quote is-layout-flow wp-block-quote-is-layout-flow\">\n<p>&#8222;P\u0159i hled\u00e1n\u00ed \u00fa\u010dinn\u00e9ho \u0159e\u0161en\u00ed lup\u00e9nky jsem narazil na Dr. Derm. Po jeho pou\u017e\u00edv\u00e1n\u00ed vypad\u00e1 moje poko\u017eka zdrav\u011bji a c\u00edt\u00edm se v n\u00ed p\u0159\u00edjemn\u011bji.&#8220; &#8211; Ania<\/p>\n<\/blockquote>\n\n\n\n<p>Mnoho lid\u00ed pou\u017e\u00edv\u00e1 Dr. Derm jako sou\u010d\u00e1st komplexn\u00ed terapie. Kr\u00e9m si z\u00edsk\u00e1v\u00e1 oblibu na polsk\u00e9m trhu a <b>u\u017eivatel\u00e9<\/b> se d\u011bl\u00ed o sv\u00e9 pozitivn\u00ed zku\u0161enosti na zdravotnick\u00fdch f\u00f3rech. <b>Pou\u017e\u00edv\u00e1n\u00ed kr<\/b> \u00e9mu Dr. Derm m\u00e1 tedy potenci\u00e1l v\u00fdrazn\u011b zlep\u0161it <b>stav<\/b> poko\u017eky a zv\u00fd\u0161it sebev\u011bdom\u00ed lid\u00ed s lup\u00e9nkou.<\/p>\n\n\n\n<h2 class=\"wp-block-heading\">Jak pou\u017e\u00edvat Dr. Derm &#8211; n\u00e1vod k pou\u017eit\u00ed a d\u00e1vkov\u00e1n\u00ed<\/h2>\n\n\n\n<p>Pou\u017eit\u00ed p\u0159\u00edpravku Dr. Derm je jednoduch\u00e9 a snadno pochopiteln\u00e9. V\u00fdrobce doporu\u010duje dodr\u017eovat d\u00e1vkov\u00e1n\u00ed uveden\u00e9 v <em>n\u00e1vodu na<\/em> obalu. Obvykle se doporu\u010duje nan\u00e1\u0161et kr\u00e9m na vy\u010di\u0161t\u011bnou poko\u017eku dvakr\u00e1t denn\u011b. Pravidelnost aplikace je rozhoduj\u00edc\u00ed pro dosa\u017een\u00ed nejlep\u0161\u00edch v\u00fdsledk\u016f v boji proti lup\u00e9nce.<\/p>\n\n\n\n<p>Je t\u0159eba m\u00edt na pam\u011bti, \u017ee p\u0159ed zah\u00e1jen\u00edm l\u00e9\u010dby je t\u0159eba se poradit s l\u00e9ka\u0159em, zejm\u00e9na pokud pacient u\u017e\u00edv\u00e1 jin\u00e9 l\u00e9ky. Kompletn\u00ed <b>n\u00e1vod<\/b> obsahuje informace o d\u00e1vkov\u00e1n\u00ed a mo\u017en\u00fdch kontraindikac\u00edch, kter\u00e9 mohou pomoci p\u0159edej\u00edt ne\u017e\u00e1douc\u00edm \u00fa\u010dink\u016fm.<\/p>\n\n\n\n<ul class=\"wp-block-list\">\n<li>O\u010di\u0161t\u011bn\u00ed k\u016f\u017ee p\u0159ed aplikac\u00ed.<\/li>\n\n\n\n<li>Rovnom\u011brn\u00e9 nanesen\u00ed kr\u00e9mu na posti\u017een\u00e1 m\u00edsta.<\/li>\n\n\n\n<li>Vyvarov\u00e1n\u00ed se kontaktu s o\u010dima a sliznicemi.<\/li>\n<\/ul>\n\n\n\n<p>Pokud se objev\u00ed jak\u00e9koli ne\u017e\u00e1douc\u00ed \u00fa\u010dinky, jako je podr\u00e1\u017ed\u011bn\u00ed, doporu\u010duje se p\u0159eru\u0161it pou\u017e\u00edv\u00e1n\u00ed a poradit se s l\u00e9ka\u0159em. <b>D\u00e1vkov\u00e1n\u00ed<\/b> a <em>aplikace kr\u00e9mu<\/em> Dr. Derm by m\u011bly b\u00fdt v\u017edy p\u0159izp\u016fsobeny individu\u00e1ln\u00edm pot\u0159eb\u00e1m pacienta.<\/p>\n\n\n\n<figure class=\"wp-block-table\"><table class=\"has-fixed-layout\"><tbody><tr><th>Typ aplikace<\/th><th>D\u00e1vkov\u00e1n\u00ed<\/th><th>Pozn\u00e1mky<\/th><\/tr><tr><td>Denn\u011b<\/td><td>2kr\u00e1t denn\u011b<\/td><td>Pravideln\u011b na vy\u010di\u0161t\u011bnou ple\u0165<\/td><\/tr><tr><td>V p\u0159\u00edpad\u011b zhor\u0161en\u00ed p\u0159\u00edznak\u016f<\/td><td>3x denn\u011b<\/td><td>Po konzultaci s l\u00e9ka\u0159em<\/td><\/tr><tr><td>Po ustoupen\u00ed p\u0159\u00edznak\u016f<\/td><td>Jednou denn\u011b<\/td><td>K prevenci recidivy<\/td><\/tr><\/tbody><\/table><\/figure>\n\n\n\n<p>Z\u00e1v\u011brem lze \u0159\u00edci, \u017ee pou\u017e\u00edv\u00e1n\u00edm p\u0159\u00edpravku Dr. Derm podle <em>pokyn\u016f<\/em> a doporu\u010den\u00ed odborn\u00edka dos\u00e1hnete uspokojiv\u00fdch v\u00fdsledk\u016f v l\u00e9\u010db\u011b lup\u00e9nky. Pravideln\u00e9 <b>d\u00e1vkov\u00e1n\u00ed<\/b> a vhodn\u00e1 p\u00e9\u010de jsou kl\u00ed\u010dem k \u00fasp\u011bchu l\u00e9\u010dby.<\/p>\n\n\n\n<h2 class=\"wp-block-heading\">Dr. Derm recenze &#8211; Co \u0159\u00edkaj\u00ed u\u017eivatel\u00e9 na f\u00f3rech?<\/h2>\n\n\n\n<p>Na internetu najdete mnoho <em>n\u00e1zor\u016f na<\/em> Dr. Derm. <b>U\u017eivatel\u00e9<\/b> <b>f\u00f3ra<\/b> se d\u011bl\u00ed o sv\u00e9 zku\u0161enosti, co\u017e ostatn\u00edm umo\u017e\u0148uje informovan\u00fd v\u00fdb\u011br. Zde jsou t\u0159i zaj\u00edmav\u00e9 p\u0159\u00edklady:<\/p>\n\n\n\n<blockquote class=\"wp-block-quote is-layout-flow wp-block-quote-is-layout-flow\">\n<p><strong>Catherine<\/strong>: &#8222;Rozhodla jsem se pou\u017e\u00edvat Dr. Derm pot\u00e9, co jsem dlouho bojovala s lup\u00e9nkou. Ji\u017e po n\u011bkolika dnech jsem zaznamenala v\u00fdrazn\u00e9 zlep\u0161en\u00ed. Kr\u00e9m p\u016fsobil rychle a m\u00e9 p\u0159\u00edznaky se v\u00fdrazn\u011b zm\u00edrnily. Chv\u00e1l\u00edm p\u0159\u00edrodn\u00ed <b>slo\u017een\u00ed<\/b>, kter\u00e9 mi d\u00e1v\u00e1 jistotu, \u017ee sv\u00e9 poko\u017ece ne\u0161kod\u00edm. Ur\u010dit\u011b doporu\u010duji v\u0161em na <b>f\u00f3ru<\/b>!&#8220;<\/p>\n<\/blockquote>\n\n\n\n<blockquote class=\"wp-block-quote is-layout-flow wp-block-quote-is-layout-flow\">\n<p><strong>Jana<\/strong>: &#8222;Dr. Derm pou\u017e\u00edv\u00e1m pravideln\u011b t\u0159i m\u011bs\u00edce a vid\u00edm v\u00fdrazn\u00fd rozd\u00edl. Moje ple\u0165 je v\u00edce hydratovan\u00e1 a \u0161upinat\u011bn\u00ed se zm\u00edrnilo. Doporu\u010den\u00e1 d\u00e1vka je jedna kapsle denn\u011b, co\u017e je snadn\u00e9 za\u010dlenit do m\u00e9 rutiny. U\u017eivatel\u00e9 na <b>f\u00f3ru<\/b> \u010dasto vyzdvihuj\u00ed \u00fa\u010dinnost kr\u00e9mu a j\u00e1 s t\u00edm mohu bezv\u00fdhradn\u011b souhlasit.&#8220;<\/p>\n<\/blockquote>\n\n\n\n<blockquote class=\"wp-block-quote is-layout-flow wp-block-quote-is-layout-flow\">\n<p><strong>Agnieszka<\/strong>: &#8222;Ne\u017e jsem za\u010dala pou\u017e\u00edvat Dr. Derm, m\u011bla jsem ur\u010dit\u00e9 obavy, ale pozitivn\u00ed <em>ohlasy<\/em> ostatn\u00edch u\u017eivatel\u016f m\u011b p\u0159esv\u011bd\u010dily. Z v\u00fdsledk\u016f jsem nad\u0161en\u00e1! B\u011bhem n\u011bkolika posledn\u00edch t\u00fddn\u016f jsem zaznamenala zlep\u0161en\u00ed t\u00f3nu pleti a sn\u00ed\u017een\u00ed sv\u011bd\u011bn\u00ed. Jsem r\u00e1da, \u017ee jsem na f\u00f3ru na\u0161la mnoho inspirativn\u00edch p\u0159\u00edb\u011bh\u016f lid\u00ed, kte\u0159\u00ed se pod\u011blili o sv\u00e9 zku\u0161enosti.&#8220;<\/p>\n<\/blockquote>\n\n\n\n<p>Celkov\u011b v\u011bt\u0161ina <em>u\u017eivatel\u016f<\/em> sd\u00edl\u00ed pozitivn\u00ed zku\u0161enosti, kter\u00e9 vyzdvihuj\u00ed \u00fa\u010dinnost Dr. Derm v boji proti lup\u00e9nce. Pravideln\u00e9 pou\u017e\u00edv\u00e1n\u00ed a p\u0159\u00edrodn\u00ed <b>slo\u017eky<\/b> se zdaj\u00ed b\u00fdt kl\u00ed\u010dov\u00fdmi faktory, kv\u016fli kter\u00fdm lid\u00e9 na f\u00f3rech tento v\u00fdrobek doporu\u010duj\u00ed.<\/p>\n\n\n\n<h2 class=\"wp-block-heading\">Slo\u017een\u00ed Dr. Derm &#8211; anal\u00fdza slo\u017eek<\/h2>\n\n\n\n<p>Dr. Derm je dopln\u011bk stravy, kter\u00fd byl vyvinut pro lidi bojuj\u00edc\u00ed s ko\u017en\u00edmi probl\u00e9my, v\u010detn\u011b lup\u00e9nky. <em>Anal\u00fdza<\/em> slo\u017eek ukazuje, \u017ee v\u00fdrobek obsahuje \u0159adu p\u0159\u00edrodn\u00edch a \u00fa\u010dinn\u00fdch l\u00e1tek na podporu zdrav\u00ed poko\u017eky.<\/p>\n\n\n\n<p>Slo\u017een\u00ed p\u0159\u00edpravku Dr. Derm obsahuje omega-3 mastn\u00e9 kyseliny, kter\u00e9 jsou zn\u00e1m\u00e9 sv\u00fdmi protiz\u00e1n\u011btliv\u00fdmi \u00fa\u010dinky. Tyto slo\u017eky jsou d\u016fle\u017eit\u00e9 zejm\u00e9na pro ty, kte\u0159\u00ed bojuj\u00ed s lup\u00e9nkou, proto\u017ee mohou podporovat regenera\u010dn\u00ed procesy poko\u017eky. Za zm\u00ednku stoj\u00ed tak\u00e9 p\u0159\u00edtomnost p\u0159\u00edrodn\u00edch rostlinn\u00fdch extrakt\u016f, kter\u00e9 p\u0159isp\u00edvaj\u00ed ke zlep\u0161en\u00ed stavu poko\u017eky.<\/p>\n\n\n\n<p>Ve slo\u017een\u00ed p\u0159\u00edpravku Dr. Derm najdete:<\/p>\n\n\n\n<ul class=\"wp-block-list\">\n<li>Extrakt z aloe vera &#8211; hydratuje a zklid\u0148uje podr\u00e1\u017ed\u011bn\u00ed.<\/li>\n\n\n\n<li>Olej z hroznov\u00fdch jader &#8211; bohat\u00fd na vitam\u00edny a antioxidanty, podporuje <b>zdrav\u00ed<\/b> poko\u017eky.<\/li>\n\n\n\n<li>Retinaldehyd &#8211; napom\u00e1h\u00e1 regeneraci poko\u017eky t\u00edm, \u017ee stimuluje tvorbu kolagenu.<\/li>\n\n\n\n<li>Kyselina hyaluronov\u00e1 &#8211; poskytuje intenzivn\u00ed hydrataci, co\u017e je kl\u00ed\u010dov\u00e9 pro osoby s dehydratovanou plet\u00ed.<\/li>\n\n\n\n<li>Skvalan &#8211; podporuje pru\u017enost poko\u017eky s vy\u017eivuj\u00edc\u00edm \u00fa\u010dinkem.<\/li>\n<\/ul>\n\n\n\n<p>V\u0161echny slo\u017eky Dr. Derm byly pe\u010dliv\u011b vybr\u00e1ny, aby byla zaji\u0161t\u011bna jejich \u00fa\u010dinnost. Je d\u016fle\u017eit\u00e9 si uv\u011bdomit, \u017ee tento dopln\u011bk neobsahuje chemick\u00e9 l\u00e1tky, kter\u00e9 by mohly b\u00fdt zdrav\u00ed \u0161kodliv\u00e9. <em>Slo\u017een\u00ed<\/em> odpov\u00edd\u00e1 po\u017eadavk\u016fm na dopl\u0148ky stravy, co\u017e podtrhuje jeho bezpe\u010dnost pro pou\u017eit\u00ed, zejm\u00e9na pro osoby s citlivou poko\u017ekou.<\/p>\n\n\n\n<p>Je v\u0161ak t\u0159eba m\u00edt na pam\u011bti, \u017ee n\u011bkter\u00e9 slo\u017eky, jako je Alcohol Denat. mohou zp\u016fsobit vysu\u0161en\u00ed poko\u017eky, co\u017e je d\u016fle\u017eit\u00e9 pro osoby se sklonem k suchosti. Z tohoto d\u016fvodu se p\u0159ed zah\u00e1jen\u00edm u\u017e\u00edv\u00e1n\u00ed dopl\u0148k\u016f doporu\u010duje d\u016fkladn\u00e9 posouzen\u00ed a konzultace s dermatologem.<\/p>\n\n\n\n<h2 class=\"wp-block-heading\">Kde koupit a jak\u00e1 je cena p\u0159\u00edpravku Dr. Derm?<\/h2>\n\n\n\n<p>Dr. Derm je k dost\u00e1n\u00ed <em>pouze<\/em> na ofici\u00e1ln\u00edch str\u00e1nk\u00e1ch v\u00fdrobce, kter\u00fd zaru\u010duje pravost a vysokou kvalitu v\u00fdrobku. Je d\u016fle\u017eit\u00e9 vyhnout se n\u00e1kupu z n\u00e1hodn\u00fdch str\u00e1nek, kter\u00e9 mohou nab\u00edzet pad\u011blky. <b>Cena<\/b> Dr. Derm se m\u016f\u017ee li\u0161it v z\u00e1vislosti na aktu\u00e1ln\u00edch akc\u00edch, proto stoj\u00ed za to pravideln\u011b kontrolovat nab\u00eddky dostupn\u00e9 na webov\u00fdch str\u00e1nk\u00e1ch.<\/p>\n\n\n\n<p>Pravideln\u00e9 nakupov\u00e1n\u00ed Dr. Derm na ofici\u00e1ln\u00edch str\u00e1nk\u00e1ch v\u00fdrobce zaji\u0161\u0165uje nejen skv\u011bl\u00e9 ceny, ale tak\u00e9 p\u0159\u00edstup k nejnov\u011bj\u0161\u00edm akc\u00edm. Nezapome\u0148te sledovat v\u0161echny slevy, kter\u00e9 se mohou objevit. P\u0159\u00edznivci v\u00fdrobku \u010dasto uv\u00e1d\u011bj\u00ed jeho \u00fa\u010dinnost p\u0159i sni\u017eov\u00e1n\u00ed sv\u011bd\u011bn\u00ed a \u0161upinat\u011bn\u00ed poko\u017eky a v\u00fdsledky mohou b\u00fdt viditeln\u00e9 ji\u017e b\u011bhem n\u011bkolika t\u00fddn\u016f od zah\u00e1jen\u00ed l\u00e9\u010dby.<\/p>\n\n\n\n<h2 class=\"wp-block-heading\">Dr. Derm &#8211; Ne\u017e\u00e1douc\u00ed \u00fa\u010dinky a kontraindikace<\/h2>\n\n\n\n<p>Stejn\u011b jako ka\u017ed\u00fd dopln\u011bk stravy m\u016f\u017ee i Dr. Derm u n\u011bkter\u00fdch lid\u00ed vyvolat <b>ne\u017e\u00e1douc\u00ed \u00fa\u010dinky<\/b>. P\u0159esto\u017ee je p\u0159\u00edpravek slo\u017een z p\u0159\u00edrodn\u00edch slo\u017eek, jako je \u0161alv\u011bj a bambuck\u00e9 m\u00e1slo, existuje riziko alergick\u00fdch reakc\u00ed a \u017ealude\u010dn\u00edch probl\u00e9m\u016f. U\u017eivatel\u00e9 by si m\u011bli uv\u011bdomit, \u017ee mezi <b>kontraindikace<\/b> pat\u0159\u00ed p\u0159ecitliv\u011blost na n\u011bkterou ze slo\u017eek, otev\u0159en\u00e9 r\u00e1ny a podr\u00e1\u017ed\u011bn\u00e1 nebo po\u0161kozen\u00e1 poko\u017eka.<\/p>\n\n\n\n<p>P\u0159ed pou\u017eit\u00edm p\u0159\u00edpravku Dr Derm je vhodn\u00e9 poradit se s l\u00e9ka\u0159em, zejm\u00e9na u osob s alergiemi nebo chronick\u00fdmi zdravotn\u00edmi pot\u00ed\u017eemi. V\u00fdrobky tohoto typu mohou i p\u0159es sv\u00e9 p\u0159\u00edzniv\u00e9 vlastnosti vyvolat u n\u011bkter\u00fdch u\u017eivatel\u016f ne\u017e\u00e1douc\u00ed \u00fa\u010dinky a jejich reakce se mohou li\u0161it. Je proto velmi d\u016fle\u017eit\u00e9 sledovat reakce organismu na dopln\u011bk stravy.<\/p>\n\n\n\n<p>V\u00fdrobce tak\u00e9 doporu\u010duje, aby bylo u\u017e\u00edv\u00e1n\u00ed Dr. Derm b\u011bhem t\u011bhotenstv\u00ed a kojen\u00ed konzultov\u00e1no s l\u00e9ka\u0159em. P\u00e9\u010de o <b>zdrav\u00ed<\/b> pleti je prioritou, ale p\u0159i zav\u00e1d\u011bn\u00ed nov\u00fdch produkt\u016f do ka\u017edodenn\u00ed p\u00e9\u010de o ple\u0165 je t\u0159eba db\u00e1t zv\u00fd\u0161en\u00e9 opatrnosti.<\/p>\n","protected":false},"excerpt":{"rendered":"<p><strong>[date_countdown]<\/strong><\/p>\n<p><strong><img decoding=\"async\" class=\"alignnone  wp-image-8078\" src=\"https:\/\/www.mojeplazma.cz\/farmacie\/wp-content\/uploads\/2024\/10\/SAFE-PAY-300x88-1.png\" alt=\"SAFE-PAY-300x88\" width=\"154\" height=\"45\" \/><\/strong><\/p>\n","protected":false},"featured_media":4072,"comment_status":"open","ping_status":"closed","template":"","meta":{"neve_meta_sidebar":"","neve_meta_container":"","neve_meta_enable_content_width":"","neve_meta_content_width":0,"neve_meta_title_alignment":"","neve_meta_author_avatar":"","neve_post_elements_order":"","neve_meta_disable_header":"","neve_meta_disable_footer":"","neve_meta_disable_title":"","neve_meta_reading_time":""},"product_brand":[],"product_cat":[16],"product_tag":[],"class_list":{"0":"post-4043","1":"product","2":"type-product","3":"status-publish","4":"has-post-thumbnail","6":"product_cat-krasa","8":"first","9":"instock","10":"sale","11":"shipping-taxable","12":"product-type-external"},"yoast_head":"<!-- This site is optimized with the Yoast SEO plugin v27.3 - https:\/\/yoast.com\/product\/yoast-seo-wordpress\/ -->\n<title>Dr. Derm - Recenze, L\u00e9k\u00e1rna, Cena - 50%, F\u00f3rum, \u00da\u010dinky | 2026<\/title>\n<meta name=\"robots\" content=\"index, follow, max-snippet:-1, max-image-preview:large, max-video-preview:-1\" \/>\n<link rel=\"canonical\" href=\"https:\/\/www.mojeplazma.cz\/farmacie\/farmacie\/dr-derm\/\" \/>\n<meta property=\"og:locale\" content=\"cs_CZ\" \/>\n<meta property=\"og:type\" content=\"article\" \/>\n<meta property=\"og:title\" content=\"Dr. Derm - Recenze, L\u00e9k\u00e1rna, Cena - 50%, F\u00f3rum, \u00da\u010dinky | 2026\" \/>\n<meta property=\"og:url\" content=\"https:\/\/www.mojeplazma.cz\/farmacie\/farmacie\/dr-derm\/\" \/>\n<meta property=\"og:site_name\" content=\"MojePlazma\" \/>\n<meta property=\"article:modified_time\" content=\"2024-11-13T10:38:08+00:00\" \/>\n<meta property=\"og:image\" content=\"https:\/\/www.mojeplazma.cz\/farmacie\/wp-content\/uploads\/2024\/10\/DR.DERM_.jpg\" \/>\n\t<meta property=\"og:image:width\" content=\"768\" \/>\n\t<meta property=\"og:image:height\" content=\"768\" \/>\n\t<meta property=\"og:image:type\" content=\"image\/jpeg\" \/>\n<meta name=\"twitter:card\" content=\"summary_large_image\" \/>\n<meta name=\"twitter:description\" content=\"[date_countdown]\" \/>\n<meta name=\"twitter:label1\" content=\"Odhadovan\u00e1 doba \u010dten\u00ed\" \/>\n\t<meta name=\"twitter:data1\" content=\"6 minut\" \/>\n<script type=\"application\/ld+json\" class=\"yoast-schema-graph\">{\"@context\":\"https:\\\/\\\/schema.org\",\"@graph\":[{\"@type\":\"WebPage\",\"@id\":\"https:\\\/\\\/www.mojeplazma.cz\\\/farmacie\\\/farmacie\\\/dr-derm\\\/\",\"url\":\"https:\\\/\\\/www.mojeplazma.cz\\\/farmacie\\\/farmacie\\\/dr-derm\\\/\",\"name\":\"Dr. Derm - Recenze, L\u00e9k\u00e1rna, Cena - 50%, F\u00f3rum, \u00da\u010dinky | 2026\",\"isPartOf\":{\"@id\":\"https:\\\/\\\/www.mojeplazma.cz\\\/farmacie\\\/#website\"},\"primaryImageOfPage\":{\"@id\":\"https:\\\/\\\/www.mojeplazma.cz\\\/farmacie\\\/farmacie\\\/dr-derm\\\/#primaryimage\"},\"image\":{\"@id\":\"https:\\\/\\\/www.mojeplazma.cz\\\/farmacie\\\/farmacie\\\/dr-derm\\\/#primaryimage\"},\"thumbnailUrl\":\"https:\\\/\\\/www.mojeplazma.cz\\\/farmacie\\\/wp-content\\\/uploads\\\/2024\\\/10\\\/DR.DERM_.jpg\",\"datePublished\":\"2024-10-10T16:26:58+00:00\",\"dateModified\":\"2024-11-13T10:38:08+00:00\",\"breadcrumb\":{\"@id\":\"https:\\\/\\\/www.mojeplazma.cz\\\/farmacie\\\/farmacie\\\/dr-derm\\\/#breadcrumb\"},\"inLanguage\":\"cs\",\"potentialAction\":[{\"@type\":\"ReadAction\",\"target\":[\"https:\\\/\\\/www.mojeplazma.cz\\\/farmacie\\\/farmacie\\\/dr-derm\\\/\"]}]},{\"@type\":\"ImageObject\",\"inLanguage\":\"cs\",\"@id\":\"https:\\\/\\\/www.mojeplazma.cz\\\/farmacie\\\/farmacie\\\/dr-derm\\\/#primaryimage\",\"url\":\"https:\\\/\\\/www.mojeplazma.cz\\\/farmacie\\\/wp-content\\\/uploads\\\/2024\\\/10\\\/DR.DERM_.jpg\",\"contentUrl\":\"https:\\\/\\\/www.mojeplazma.cz\\\/farmacie\\\/wp-content\\\/uploads\\\/2024\\\/10\\\/DR.DERM_.jpg\",\"width\":768,\"height\":768},{\"@type\":\"BreadcrumbList\",\"@id\":\"https:\\\/\\\/www.mojeplazma.cz\\\/farmacie\\\/farmacie\\\/dr-derm\\\/#breadcrumb\",\"itemListElement\":[{\"@type\":\"ListItem\",\"position\":1,\"name\":\"Strona g\u0142\u00f3wna\",\"item\":\"https:\\\/\\\/www.mojeplazma.cz\\\/farmacie\\\/\"},{\"@type\":\"ListItem\",\"position\":2,\"name\":\"farmacie\",\"item\":\"https:\\\/\\\/www.mojeplazma.cz\\\/farmacie\\\/\"},{\"@type\":\"ListItem\",\"position\":3,\"name\":\"Dr. Derm\"}]},{\"@type\":\"WebSite\",\"@id\":\"https:\\\/\\\/www.mojeplazma.cz\\\/farmacie\\\/#website\",\"url\":\"https:\\\/\\\/www.mojeplazma.cz\\\/farmacie\\\/\",\"name\":\"mojeplazma.cz\",\"description\":\"\",\"potentialAction\":[{\"@type\":\"SearchAction\",\"target\":{\"@type\":\"EntryPoint\",\"urlTemplate\":\"https:\\\/\\\/www.mojeplazma.cz\\\/farmacie\\\/?s={search_term_string}\"},\"query-input\":{\"@type\":\"PropertyValueSpecification\",\"valueRequired\":true,\"valueName\":\"search_term_string\"}}],\"inLanguage\":\"cs\"}]}<\/script>\n<!-- \/ Yoast SEO plugin. -->","yoast_head_json":{"title":"Dr. Derm - Recenze, L\u00e9k\u00e1rna, Cena - 50%, F\u00f3rum, \u00da\u010dinky | 2026","robots":{"index":"index","follow":"follow","max-snippet":"max-snippet:-1","max-image-preview":"max-image-preview:large","max-video-preview":"max-video-preview:-1"},"canonical":"https:\/\/www.mojeplazma.cz\/farmacie\/farmacie\/dr-derm\/","og_locale":"cs_CZ","og_type":"article","og_title":"Dr. Derm - Recenze, L\u00e9k\u00e1rna, Cena - 50%, F\u00f3rum, \u00da\u010dinky | 2026","og_url":"https:\/\/www.mojeplazma.cz\/farmacie\/farmacie\/dr-derm\/","og_site_name":"MojePlazma","article_modified_time":"2024-11-13T10:38:08+00:00","og_image":[{"width":768,"height":768,"url":"https:\/\/www.mojeplazma.cz\/farmacie\/wp-content\/uploads\/2024\/10\/DR.DERM_.jpg","type":"image\/jpeg"}],"twitter_card":"summary_large_image","twitter_description":"[date_countdown]","twitter_misc":{"Odhadovan\u00e1 doba \u010dten\u00ed":"6 minut"},"schema":{"@context":"https:\/\/schema.org","@graph":[{"@type":"WebPage","@id":"https:\/\/www.mojeplazma.cz\/farmacie\/farmacie\/dr-derm\/","url":"https:\/\/www.mojeplazma.cz\/farmacie\/farmacie\/dr-derm\/","name":"Dr. Derm - Recenze, L\u00e9k\u00e1rna, Cena - 50%, F\u00f3rum, \u00da\u010dinky | 2026","isPartOf":{"@id":"https:\/\/www.mojeplazma.cz\/farmacie\/#website"},"primaryImageOfPage":{"@id":"https:\/\/www.mojeplazma.cz\/farmacie\/farmacie\/dr-derm\/#primaryimage"},"image":{"@id":"https:\/\/www.mojeplazma.cz\/farmacie\/farmacie\/dr-derm\/#primaryimage"},"thumbnailUrl":"https:\/\/www.mojeplazma.cz\/farmacie\/wp-content\/uploads\/2024\/10\/DR.DERM_.jpg","datePublished":"2024-10-10T16:26:58+00:00","dateModified":"2024-11-13T10:38:08+00:00","breadcrumb":{"@id":"https:\/\/www.mojeplazma.cz\/farmacie\/farmacie\/dr-derm\/#breadcrumb"},"inLanguage":"cs","potentialAction":[{"@type":"ReadAction","target":["https:\/\/www.mojeplazma.cz\/farmacie\/farmacie\/dr-derm\/"]}]},{"@type":"ImageObject","inLanguage":"cs","@id":"https:\/\/www.mojeplazma.cz\/farmacie\/farmacie\/dr-derm\/#primaryimage","url":"https:\/\/www.mojeplazma.cz\/farmacie\/wp-content\/uploads\/2024\/10\/DR.DERM_.jpg","contentUrl":"https:\/\/www.mojeplazma.cz\/farmacie\/wp-content\/uploads\/2024\/10\/DR.DERM_.jpg","width":768,"height":768},{"@type":"BreadcrumbList","@id":"https:\/\/www.mojeplazma.cz\/farmacie\/farmacie\/dr-derm\/#breadcrumb","itemListElement":[{"@type":"ListItem","position":1,"name":"Strona g\u0142\u00f3wna","item":"https:\/\/www.mojeplazma.cz\/farmacie\/"},{"@type":"ListItem","position":2,"name":"farmacie","item":"https:\/\/www.mojeplazma.cz\/farmacie\/"},{"@type":"ListItem","position":3,"name":"Dr. Derm"}]},{"@type":"WebSite","@id":"https:\/\/www.mojeplazma.cz\/farmacie\/#website","url":"https:\/\/www.mojeplazma.cz\/farmacie\/","name":"mojeplazma.cz","description":"","potentialAction":[{"@type":"SearchAction","target":{"@type":"EntryPoint","urlTemplate":"https:\/\/www.mojeplazma.cz\/farmacie\/?s={search_term_string}"},"query-input":{"@type":"PropertyValueSpecification","valueRequired":true,"valueName":"search_term_string"}}],"inLanguage":"cs"}]}},"_links":{"self":[{"href":"https:\/\/www.mojeplazma.cz\/farmacie\/wp-json\/wp\/v2\/product\/4043","targetHints":{"allow":["GET"]}}],"collection":[{"href":"https:\/\/www.mojeplazma.cz\/farmacie\/wp-json\/wp\/v2\/product"}],"about":[{"href":"https:\/\/www.mojeplazma.cz\/farmacie\/wp-json\/wp\/v2\/types\/product"}],"replies":[{"embeddable":true,"href":"https:\/\/www.mojeplazma.cz\/farmacie\/wp-json\/wp\/v2\/comments?post=4043"}],"wp:featuredmedia":[{"embeddable":true,"href":"https:\/\/www.mojeplazma.cz\/farmacie\/wp-json\/wp\/v2\/media\/4072"}],"wp:attachment":[{"href":"https:\/\/www.mojeplazma.cz\/farmacie\/wp-json\/wp\/v2\/media?parent=4043"}],"wp:term":[{"taxonomy":"product_brand","embeddable":true,"href":"https:\/\/www.mojeplazma.cz\/farmacie\/wp-json\/wp\/v2\/product_brand?post=4043"},{"taxonomy":"product_cat","embeddable":true,"href":"https:\/\/www.mojeplazma.cz\/farmacie\/wp-json\/wp\/v2\/product_cat?post=4043"},{"taxonomy":"product_tag","embeddable":true,"href":"https:\/\/www.mojeplazma.cz\/farmacie\/wp-json\/wp\/v2\/product_tag?post=4043"}],"curies":[{"name":"wp","href":"https:\/\/api.w.org\/{rel}","templated":true}]}}