{"id":4044,"date":"2024-10-10T16:26:58","date_gmt":"2024-10-10T16:26:58","guid":{"rendered":"https:\/\/www.mojeplazma.cz\/farmacie\/?post_type=product&#038;p=4044"},"modified":"2024-11-16T18:39:27","modified_gmt":"2024-11-16T18:39:27","slug":"traugel","status":"publish","type":"product","link":"https:\/\/www.mojeplazma.cz\/farmacie\/farmacie\/traugel\/","title":{"rendered":"Traugel"},"content":{"rendered":"\n<h2 class=\"wp-block-heading\">Co je TRAUGEL a jak funguje?<\/h2>\n\n\n\n<p><b>Traugel<\/b> je inovativn\u00ed gel, kter\u00fd se pou\u017e\u00edv\u00e1 k \u00falev\u011b od bolesti kloub\u016f a ke zm\u00edrn\u011bn\u00ed z\u00e1n\u011btu. Jeho <b>\u00fa\u010dinek<\/b> je zalo\u017een na pokro\u010dil\u00e9 receptu\u0159e, kter\u00e1 kombinuje p\u0159\u00edrodn\u00ed slo\u017eky s ov\u011b\u0159en\u00fdmi \u00fa\u010dinky. Traugel se vyzna\u010duje t\u00edm, \u017ee m\u00e1 a\u017e 10kr\u00e1t siln\u011bj\u0161\u00ed hojiv\u00fd \u00fa\u010dinek ne\u017e tradi\u010dn\u00ed prost\u0159edky na kloubn\u00ed vazivo, co\u017e z n\u011bj \u010din\u00ed \u00fa\u010dinn\u00fd prost\u0159edek proti kloubn\u00edm pot\u00ed\u017e\u00edm.<\/p>\n\n\n\n<p><b>Slo\u017een\u00ed<\/b> p\u0159\u00edpravku zahrnuje extrakt z arniky, m\u00e1tov\u00fd olej a extrakt z \u017een\u0161enu, kter\u00e9 podporuj\u00ed regenera\u010dn\u00ed procesy v tk\u00e1n\u00edch. Gel se p\u0159ekvapiv\u011b rychle dost\u00e1v\u00e1 do po\u0161kozen\u00fdch tk\u00e1n\u00ed, poskytuje \u00falevu a zlep\u0161uje pohyblivost kloub\u016f. Pravideln\u00e9 pou\u017e\u00edv\u00e1n\u00ed p\u0159\u00edpravku Traugel m\u016f\u017ee v\u00e9st k v\u00fdrazn\u00e9 \u00falev\u011b od bolesti a sn\u00ed\u017een\u00ed otok\u016f.<\/p>\n\n\n\n<p>Traugel je bezpe\u010dn\u00fd pro osoby star\u0161\u00ed 35 let s kloubn\u00edmi probl\u00e9my a jeho <b>p\u016fsoben\u00ed<\/b> pom\u00e1h\u00e1 zlep\u0161ovat pru\u017enost c\u00e9v, co\u017e n\u00e1sledn\u011b podporuje p\u0159\u00edsun <b>\u017eivin<\/b> do kloub\u016f. Laboratorn\u00ed a klinick\u00e9 studie proveden\u00e9 v Polsku potvrdily jeho \u00fa\u010dinnost a <b>bezpe\u010dnost<\/b>, co\u017e z n\u011bj \u010din\u00ed doporu\u010dovan\u00fd produkt na trhu zdrav\u00ed a wellness.<\/p>\n\n\n\n<p>Pro dosa\u017een\u00ed optim\u00e1ln\u00edch v\u00fdsledk\u016f se doporu\u010duje pou\u017e\u00edvat gel dvakr\u00e1t denn\u011b po dobu 30-60 dn\u016f v z\u00e1vislosti na individu\u00e1ln\u00edch pot\u0159eb\u00e1ch u\u017eivatele. P\u0159ed zah\u00e1jen\u00edm l\u00e9\u010dby je vhodn\u00e9 poradit se s l\u00e9ka\u0159em, aby odpov\u00eddaj\u00edc\u00edm zp\u016fsobem upravil <b>d\u00e1vkov\u00e1n\u00ed<\/b> a zp\u016fsob aplikace.<\/p>\n\n\n\n<h2 class=\"wp-block-heading\">TRAUGEL &#8211; \u00fa\u010dinky u\u017e\u00edv\u00e1n\u00ed<\/h2>\n\n\n\n<p>Traugel je jedn\u00edm z nej\u010dast\u011bji volen\u00fdch p\u0159\u00edpravk\u016f pro l\u00e9\u010dbu bolesti kloub\u016f. U\u017eivatel\u00e9 uv\u00e1d\u011bj\u00ed v\u00fdrazn\u00e9 zlep\u0161en\u00ed \u00falevy od bolesti a <b>zlep\u0161en\u00ed pohyblivosti<\/b>. <b>\u00da\u010dinky<\/b> u\u017e\u00edv\u00e1n\u00ed jsou obvykle patrn\u00e9 ji\u017e po n\u011bkolika dnech, co\u017e je p\u016fsobiv\u00fd v\u00fdsledek. Mnoho lid\u00ed s kloubn\u00edmi probl\u00e9my, jako je artritida nebo osteochondr\u00f3za, ud\u00e1v\u00e1 zm\u00edrn\u011bn\u00ed pot\u00ed\u017e\u00ed, kter\u00e9 d\u0159\u00edve v\u00fdrazn\u011b omezovaly jejich ka\u017edodenn\u00ed \u017eivot.<\/p>\n\n\n\n<p>Je t\u0159eba vyzdvihnout p\u0159\u00edrodn\u00ed <b>slo\u017een\u00ed p\u0159\u00edpravku<\/b> Traugel, kter\u00fd obsahuje arniku horskou, ginkgo bilobu, kapsaicin a mentol. Tyto slo\u017eky maj\u00ed nejen analgetick\u00fd \u00fa\u010dinek, ale tak\u00e9 <b>protiz\u00e1n\u011btliv\u00e9 vlastnosti<\/b>. V\u00fdsledkem je, \u017ee pravideln\u00e9 u\u017e\u00edv\u00e1n\u00ed p\u0159\u00edpravku p\u0159in\u00e1\u0161\u00ed \u00falevu a zlep\u0161uje kvalitu \u017eivota.<\/p>\n\n\n\n<p>Mnoho <b>u\u017eivatel\u016f<\/b> zjistilo, \u017ee u\u017e\u00edv\u00e1n\u00ed p\u0159\u00edpravku Traugel dvakr\u00e1t a\u017e t\u0159ikr\u00e1t denn\u011b m\u00e1 po\u017eadovan\u00fd <b>\u00fa\u010dinek<\/b>. Kl\u00ed\u010dem k \u00fasp\u011bchu je pravidelnost. \u00da\u010dinky u\u017e\u00edv\u00e1n\u00ed jsou tedy potvrzeny nejen v\u00fdzkumem, ale i samotn\u00fdmi lidmi, kte\u0159\u00ed se rozhodli investovat do sv\u00e9ho zdrav\u00ed.<\/p>\n\n\n\n<h2 class=\"wp-block-heading\">Jak pou\u017e\u00edvat p\u0159\u00edpravek TRAUGEL? &#8211; D\u00e1vkov\u00e1n\u00ed a doporu\u010den\u00ed<\/h2>\n\n\n\n<p>Abyste dos\u00e1hli maxim\u00e1ln\u00edch v\u00fdsledk\u016f gelu Traugel, je d\u016fle\u017eit\u00e9 jej spr\u00e1vn\u011b aplikovat podle p\u0159ilo\u017een\u00e9ho n\u00e1vodu. Kl\u00ed\u010dov\u00fdm krokem je <em>d\u016fkladn\u00e9 omyt\u00ed a osu\u0161en\u00ed<\/em> m\u00edsta, na kter\u00e9 m\u00e1 b\u00fdt gel aplikov\u00e1n. Pot\u00e9 je t\u0159eba p\u0159\u00edpravek jemn\u011b vmas\u00edrovat do poko\u017eky, dokud se pln\u011b nevst\u0159eb\u00e1. Tato <em>aplikace<\/em> podporuje p\u016fsoben\u00ed \u00fa\u010dinn\u00fdch <b>l\u00e1tek<\/b> a umo\u017e\u0148uje jim \u00fa\u010dinn\u011b proniknout do tk\u00e1n\u00ed.<\/p>\n\n\n\n<p>Doporu\u010den\u00e1 frekvence aplikace by m\u011bla b\u00fdt p\u0159izp\u016fsobena individu\u00e1ln\u00edm pot\u0159eb\u00e1m pacienta. Obecn\u011b plat\u00ed, \u017ee pro dosa\u017een\u00ed nejlep\u0161\u00edch v\u00fdsledk\u016f je vhodn\u00e9 <em>d\u00e1vkov\u00e1n\u00ed<\/em> gelu dvakr\u00e1t a\u017e t\u0159ikr\u00e1t denn\u011b v z\u00e1vislosti na intenzit\u011b bolesti kloub\u016f. Je t\u0159eba poznamenat, \u017ee p\u0159\u00edpravek by nem\u011bl b\u00fdt aplikov\u00e1n na po\u0161kozenou poko\u017eku.<\/p>\n\n\n\n<p>N\u00ed\u017ee jsou uvedena <em>doporu\u010den\u00ed pro<\/em> pou\u017e\u00edv\u00e1n\u00ed p\u0159\u00edpravku Traugel gel:<\/p>\n\n\n\n<ul class=\"wp-block-list\">\n<li>P\u0159ed aplikac\u00ed si omyjte a osu\u0161te poko\u017eku.<\/li>\n\n\n\n<li>Naneste mal\u00e9 mno\u017estv\u00ed gelu na bolestiv\u00e9 m\u00edsto.<\/li>\n\n\n\n<li>Krou\u017eiv\u00fdmi pohyby gel mas\u00edrujte, dokud se zcela nevst\u0159eb\u00e1.<\/li>\n\n\n\n<li>Aplikujte 2-3kr\u00e1t denn\u011b, podle pot\u0159eby upravte frekvenci.<\/li>\n<\/ul>\n\n\n\n<p>Pravideln\u00e1 aplikace gelu podle v\u00fd\u0161e uveden\u00fdch <em>doporu\u010den\u00ed<\/em> p\u0159isp\u011bje ke zlep\u0161en\u00ed kvality \u017eivota a \u00falev\u011b od bolesti. M\u011bjte v\u0161ak na pam\u011bti kumulativn\u00ed \u00fa\u010dinek, ke kter\u00e9mu doch\u00e1z\u00ed p\u0159i dlouhodob\u00e9m pou\u017e\u00edv\u00e1n\u00ed.<\/p>\n\n\n\n<h2 class=\"wp-block-heading\">TRAUGEL &#8211; N\u00e1zory a recenze, F\u00f3rum<\/h2>\n\n\n\n<p>Traugel z\u00edskal pozitivn\u00ed <em>ohlasy<\/em> od <b>u\u017eivatel\u016f,<\/b> kte\u0159\u00ed sd\u00edlej\u00ed sv\u00e9 <em>zku\u0161enosti<\/em> na r\u016fzn\u00fdch internetov\u00fdch f\u00f3rech. Je obl\u00edbenou volbou pro lidi, kte\u0159\u00ed bojuj\u00ed s bolestmi kloub\u016f. Mnoho <em>recenz\u00ed<\/em> zd\u016fraz\u0148uje jeho \u00fa\u010dinnost p\u0159i zm\u00edr\u0148ov\u00e1n\u00ed nepohodl\u00ed a zlep\u0161ov\u00e1n\u00ed celkov\u00e9 pohody.<\/p>\n\n\n\n<blockquote class=\"wp-block-quote is-layout-flow wp-block-quote-is-layout-flow\">\n<p><em>&#8222;Trp\u00edm artritidou kolenn\u00edch kloub\u016f ji\u017e v\u00edce ne\u017e osm let. Po u\u017e\u00edv\u00e1n\u00ed p\u0159\u00edpravku Traugel se mi vr\u00e1tila pln\u00e1 pohyblivost a bolesti ustoupily.&#8220; &#8211; Anna<\/em><\/p>\n<\/blockquote>\n\n\n\n<blockquote class=\"wp-block-quote is-layout-flow wp-block-quote-is-layout-flow\">\n<p><em>&#8222;Traugel mi pomohl vr\u00e1tit se k fyzick\u00e9 aktivit\u011b po \u00farazu. U\u017e\u00edvala jsem ho pravideln\u011b po dobu 2 m\u011bs\u00edc\u016f. \u00da\u010dinky byly viditeln\u00e9 ji\u017e po n\u011bkolika dnech.&#8220; &#8211; Marek<\/em><\/p>\n<\/blockquote>\n\n\n\n<blockquote class=\"wp-block-quote is-layout-flow wp-block-quote-is-layout-flow\">\n<p><em>&#8222;Tento gel bych doporu\u010dil v\u0161em, kte\u0159\u00ed se pot\u00fdkaj\u00ed s bolestmi kloub\u016f. U m\u011b zabral okam\u017eit\u011b.&#8220; &#8211; Kasia<\/em><\/p>\n<\/blockquote>\n\n\n\n<p>Tyto <em>recenze<\/em> ukazuj\u00ed, jak velkou \u00falevu gel p\u0159in\u00e1\u0161\u00ed lidem trp\u00edc\u00edm r\u016fzn\u00fdmi kloubn\u00edmi pot\u00ed\u017eemi. U\u017eivatel\u00e9 \u010dasto nastoluj\u00ed t\u00e9mata t\u00fdkaj\u00edc\u00ed se \u00fa\u010dinnosti a zp\u016fsobu pou\u017eit\u00ed v\u00fdrobku na f\u00f3rech, co\u017e podporuje v\u00fdm\u011bnu vertik\u00e1l a <em>recenz\u00ed<\/em>. Existuje mnoho vl\u00e1ken o pou\u017eit\u00ed Traugel na artritidu nebo zran\u011bn\u00ed, co\u017e z n\u011bj \u010din\u00ed zaj\u00edmav\u00e9 t\u00e9ma pro diskusi.<\/p>\n\n\n\n<h2 class=\"wp-block-heading\">Slo\u017een\u00ed p\u0159\u00edpravku TRAUGEL &#8211; anal\u00fdza slo\u017eek<\/h2>\n\n\n\n<p>Slo\u017een\u00ed p\u0159\u00edpravku TRAUGEL obsahuje p\u0159\u00edrodn\u00ed slo\u017eky, kter\u00e9 jsou d\u016fle\u017eit\u00e9 pro jeho \u00fa\u010dinnost p\u0159i zm\u00edr\u0148ov\u00e1n\u00ed bolesti kloub\u016f. <b>Vlastnosti<\/b> jednotliv\u00fdch <b>slo\u017eek<\/b> jsou zam\u011b\u0159eny na analgetick\u00e9 i protiz\u00e1n\u011btliv\u00e9 \u00fa\u010dinky. Pe\u010dliv\u00e1 <b>anal\u00fdza<\/b> slo\u017eek n\u00e1m umo\u017e\u0148uje pochopit, jak p\u016fsob\u00ed na organismus.<\/p>\n\n\n\n<p>Mezi slo\u017eky p\u0159\u00edpravku TRAUGEL pat\u0159\u00ed:<\/p>\n\n\n\n<ul class=\"wp-block-list\">\n<li><em>Arnikov\u00fd olej<\/em> &#8211; zn\u00e1m\u00fd pro sv\u00e9 <b>vlastnosti<\/b> sni\u017euj\u00edc\u00ed z\u00e1n\u011bt a <b>zm\u00edr\u0148uj\u00edc\u00ed bolest<\/b>. Slo\u017een\u00ed t\u00e9to slo\u017eky zlep\u0161uje regeneraci tk\u00e1n\u00ed.<\/li>\n\n\n\n<li><em>Rozmar\u00fdnov\u00fd extrakt<\/em> &#8211; podporuje lep\u0161\u00ed prokrven\u00ed, kter\u00e9 je d\u016fle\u017eit\u00e9 pro regeneraci po\u0161kozen\u00fdch tk\u00e1n\u00ed. <b>Anal\u00fdza<\/b> ukazuje, \u017ee p\u016fsob\u00ed tak\u00e9 jako p\u0159\u00edrodn\u00ed analgetikum.<\/li>\n\n\n\n<li><em>V\u00fdta\u017eek z m\u011bs\u00ed\u010dku l\u00e9ka\u0159sk\u00e9ho<\/em> &#8211; m\u00e1 zklid\u0148uj\u00edc\u00ed a protiz\u00e1n\u011btliv\u00e9 <b>vlastnosti,<\/b> tak\u017ee je vynikaj\u00edc\u00ed podporou pro ostatn\u00ed slo\u017eky gelu.<\/li>\n<\/ul>\n\n\n\n<p>Ka\u017ed\u00e1 slo\u017eka se skl\u00e1d\u00e1 z jedine\u010dn\u00fdch vlastnost\u00ed, kter\u00e9 spole\u010dn\u011b zvy\u0161uj\u00ed \u00fa\u010dinnost cel\u00e9ho v\u00fdrobku. <b>Anal\u00fdza<\/b> slo\u017eek p\u0159\u00edpravku TRAUGEL ukazuje, \u017ee p\u016fsob\u00ed synergicky, co\u017e z n\u011bj \u010din\u00ed hodnotn\u00fd produkt pro ty, kte\u0159\u00ed bojuj\u00ed s bolestmi kloub\u016f.<\/p>\n\n\n\n<h2 class=\"wp-block-heading\">Kde koupit a jak\u00e1 je cena p\u0159\u00edpravku TRAUGEL?<\/h2>\n\n\n\n<p>TRAUGEL lze zakoupit pouze na ofici\u00e1ln\u00edch <em>str\u00e1nk\u00e1ch<\/em> v\u00fdrobce. Jeho dostupnost ve stacion\u00e1rn\u00edch l\u00e9k\u00e1rn\u00e1ch je omezen\u00e1, co\u017e zaji\u0161\u0165uje <b>bezpe\u010dnost<\/b> a originalitu n\u00e1kupu. N\u00e1kup prost\u0159ednictv\u00edm ofici\u00e1ln\u00edch webov\u00fdch str\u00e1nek je nejlep\u0161\u00ed mo\u017enost\u00ed, jak se vyhnout pad\u011blk\u016fm a m\u00edt jistotu, \u017ee v\u00fdrobek, kter\u00fd kupujete, je vysoce kvalitn\u00ed.<\/p>\n\n\n\n<p><b>Cena p\u0159\u00edpravku<\/b> TRAUGEL se m\u016f\u017ee li\u0161it v z\u00e1vislosti na aktu\u00e1ln\u00edch <em>ak\u010dn\u00edch nab\u00eddk\u00e1ch<\/em> v\u00fdrobce. Proto je dobr\u00e9 pravideln\u011b nav\u0161t\u011bvovat <em>ofici\u00e1ln\u00ed webov\u00e9 str\u00e1nky,<\/em> abyste m\u011bli p\u0159ehled o aktu\u00e1ln\u00edch nab\u00eddk\u00e1ch. \u010casto se mohou objevit slevy, d\u00edky nim\u017e je tento v\u00fdrobek dostupn\u011bj\u0161\u00ed pro z\u00e1kazn\u00edky v tr\u00e9ninku.<\/p>\n\n\n\n<figure class=\"wp-block-table\"><table class=\"has-fixed-layout\"><tbody><tr><th>V\u00fdrobek<\/th><th>M\u00edsto n\u00e1kupu<\/th><th>Cena<\/th><th>Akce<\/th><\/tr><tr><td>TRAUGEL<\/td><td><b>Ofici\u00e1ln\u00ed webov\u00e9 str\u00e1nky<\/b> v\u00fdrobce<\/td><td>M\u011bn\u00ed se v z\u00e1vislosti na akci<\/td><td>50% sleva ve vybran\u00fdch obdob\u00edch<\/td><\/tr><\/tbody><\/table><\/figure>\n\n\n\n<h2 class=\"wp-block-heading\">TRAUGEL &#8211; Ne\u017e\u00e1douc\u00ed \u00fa\u010dinky a kontraindikace<\/h2>\n\n\n\n<p>I p\u0159es sv\u00e9 p\u0159\u00edrodn\u00ed slo\u017een\u00ed m\u016f\u017ee b\u00fdt u\u017e\u00edv\u00e1n\u00ed p\u0159\u00edpravku Traugel spojeno s n\u011bkter\u00fdmi <strong>ne\u017e\u00e1douc\u00edmi \u00fa\u010dinky<\/strong>. Mezi nej\u010dast\u011bji hl\u00e1\u0161en\u00e9 reakce pat\u0159\u00ed <strong>alergick\u00e9 reakce<\/strong> a podr\u00e1\u017ed\u011bn\u00ed k\u016f\u017ee. Zvl\u00e1\u0161t\u011b opatrn\u00ed by m\u011bli b\u00fdt jedinci, kte\u0159\u00ed jsou citliv\u00ed na slo\u017eky gelu. P\u0159ed zah\u00e1jen\u00edm pravideln\u00e9ho pou\u017e\u00edv\u00e1n\u00ed se doporu\u010duje prov\u00e9st ko\u017en\u00ed test, kter\u00fd m\u016f\u017ee riziko ne\u017e\u00e1douc\u00edch \u00fa\u010dink\u016f minimalizovat.<\/p>\n\n\n\n<p>Za zm\u00ednku stoj\u00ed tak\u00e9 <strong>kontraindikace<\/strong> spojen\u00e9 s pou\u017e\u00edv\u00e1n\u00edm p\u0159\u00edpravku Traugel. T\u011bhotn\u00e9 a koj\u00edc\u00ed \u017eeny a d\u011bti do 12 let by se m\u011bly p\u0159ed pou\u017eit\u00edm tohoto p\u0159\u00edpravku poradit s l\u00e9ka\u0159em. Sledov\u00e1n\u00ed reakce organismu je kl\u00ed\u010dov\u00e9 pro zaji\u0161t\u011bn\u00ed <strong>bezpe\u010dnosti<\/strong> a \u00fa\u010dinnosti pou\u017e\u00edvan\u00e9ho p\u0159\u00edpravku.<\/p>\n\n\n\n<p>Obecn\u011b je p\u0159\u00edpravek Traugel pova\u017eov\u00e1n za bezpe\u010dnou alternativu k tradi\u010dn\u00edm analgetik\u016fm, ale informovan\u00fd p\u0159\u00edstup k u\u017e\u00edv\u00e1n\u00ed, zejm\u00e9na s ohledem na mo\u017enost <strong>alergick\u00fdch reakc\u00ed<\/strong>, maximalizuje p\u0159\u00ednos jeho u\u017e\u00edv\u00e1n\u00ed.<\/p>\n","protected":false},"excerpt":{"rendered":"<p><strong>[date_countdown]<\/strong><\/p>\n<p><strong><img decoding=\"async\" class=\"alignnone  wp-image-8078\" src=\"https:\/\/www.mojeplazma.cz\/farmacie\/wp-content\/uploads\/2024\/10\/SAFE-PAY-300x88-1.png\" alt=\"SAFE-PAY-300x88\" width=\"154\" height=\"45\" \/><\/strong><\/p>\n","protected":false},"featured_media":4073,"comment_status":"open","ping_status":"closed","template":"","meta":{"neve_meta_sidebar":"","neve_meta_container":"","neve_meta_enable_content_width":"","neve_meta_content_width":0,"neve_meta_title_alignment":"","neve_meta_author_avatar":"","neve_post_elements_order":"","neve_meta_disable_header":"","neve_meta_disable_footer":"","neve_meta_disable_title":"","neve_meta_reading_time":""},"product_brand":[],"product_cat":[15],"product_tag":[],"class_list":{"0":"post-4044","1":"product","2":"type-product","3":"status-publish","4":"has-post-thumbnail","6":"product_cat-zdravi","8":"first","9":"instock","10":"sale","11":"shipping-taxable","12":"product-type-external"},"yoast_head":"<!-- This site is optimized with the Yoast SEO plugin v27.3 - https:\/\/yoast.com\/product\/yoast-seo-wordpress\/ -->\n<title>Traugel - Recenze, L\u00e9k\u00e1rna, Cena - 50%, F\u00f3rum, \u00da\u010dinky | 2026<\/title>\n<meta name=\"robots\" content=\"index, follow, max-snippet:-1, max-image-preview:large, max-video-preview:-1\" \/>\n<link rel=\"canonical\" href=\"https:\/\/www.mojeplazma.cz\/farmacie\/farmacie\/traugel\/\" \/>\n<meta property=\"og:locale\" content=\"cs_CZ\" \/>\n<meta property=\"og:type\" content=\"article\" \/>\n<meta property=\"og:title\" content=\"Traugel - Recenze, L\u00e9k\u00e1rna, Cena - 50%, F\u00f3rum, \u00da\u010dinky | 2026\" \/>\n<meta property=\"og:url\" content=\"https:\/\/www.mojeplazma.cz\/farmacie\/farmacie\/traugel\/\" \/>\n<meta property=\"og:site_name\" content=\"MojePlazma\" \/>\n<meta property=\"article:modified_time\" content=\"2024-11-16T18:39:27+00:00\" \/>\n<meta property=\"og:image\" content=\"https:\/\/www.mojeplazma.cz\/farmacie\/wp-content\/uploads\/2024\/10\/TRAUGEL.jpg\" \/>\n\t<meta property=\"og:image:width\" content=\"768\" \/>\n\t<meta property=\"og:image:height\" content=\"768\" \/>\n\t<meta property=\"og:image:type\" content=\"image\/jpeg\" \/>\n<meta name=\"twitter:card\" content=\"summary_large_image\" \/>\n<meta name=\"twitter:description\" content=\"[date_countdown]\" \/>\n<meta name=\"twitter:label1\" content=\"Odhadovan\u00e1 doba \u010dten\u00ed\" \/>\n\t<meta name=\"twitter:data1\" content=\"6 minut\" \/>\n<script type=\"application\/ld+json\" class=\"yoast-schema-graph\">{\"@context\":\"https:\\\/\\\/schema.org\",\"@graph\":[{\"@type\":\"WebPage\",\"@id\":\"https:\\\/\\\/www.mojeplazma.cz\\\/farmacie\\\/farmacie\\\/traugel\\\/\",\"url\":\"https:\\\/\\\/www.mojeplazma.cz\\\/farmacie\\\/farmacie\\\/traugel\\\/\",\"name\":\"Traugel - Recenze, L\u00e9k\u00e1rna, Cena - 50%, F\u00f3rum, \u00da\u010dinky | 2026\",\"isPartOf\":{\"@id\":\"https:\\\/\\\/www.mojeplazma.cz\\\/farmacie\\\/#website\"},\"primaryImageOfPage\":{\"@id\":\"https:\\\/\\\/www.mojeplazma.cz\\\/farmacie\\\/farmacie\\\/traugel\\\/#primaryimage\"},\"image\":{\"@id\":\"https:\\\/\\\/www.mojeplazma.cz\\\/farmacie\\\/farmacie\\\/traugel\\\/#primaryimage\"},\"thumbnailUrl\":\"https:\\\/\\\/www.mojeplazma.cz\\\/farmacie\\\/wp-content\\\/uploads\\\/2024\\\/10\\\/TRAUGEL.jpg\",\"datePublished\":\"2024-10-10T16:26:58+00:00\",\"dateModified\":\"2024-11-16T18:39:27+00:00\",\"breadcrumb\":{\"@id\":\"https:\\\/\\\/www.mojeplazma.cz\\\/farmacie\\\/farmacie\\\/traugel\\\/#breadcrumb\"},\"inLanguage\":\"cs\",\"potentialAction\":[{\"@type\":\"ReadAction\",\"target\":[\"https:\\\/\\\/www.mojeplazma.cz\\\/farmacie\\\/farmacie\\\/traugel\\\/\"]}]},{\"@type\":\"ImageObject\",\"inLanguage\":\"cs\",\"@id\":\"https:\\\/\\\/www.mojeplazma.cz\\\/farmacie\\\/farmacie\\\/traugel\\\/#primaryimage\",\"url\":\"https:\\\/\\\/www.mojeplazma.cz\\\/farmacie\\\/wp-content\\\/uploads\\\/2024\\\/10\\\/TRAUGEL.jpg\",\"contentUrl\":\"https:\\\/\\\/www.mojeplazma.cz\\\/farmacie\\\/wp-content\\\/uploads\\\/2024\\\/10\\\/TRAUGEL.jpg\",\"width\":768,\"height\":768},{\"@type\":\"BreadcrumbList\",\"@id\":\"https:\\\/\\\/www.mojeplazma.cz\\\/farmacie\\\/farmacie\\\/traugel\\\/#breadcrumb\",\"itemListElement\":[{\"@type\":\"ListItem\",\"position\":1,\"name\":\"Strona g\u0142\u00f3wna\",\"item\":\"https:\\\/\\\/www.mojeplazma.cz\\\/farmacie\\\/\"},{\"@type\":\"ListItem\",\"position\":2,\"name\":\"farmacie\",\"item\":\"https:\\\/\\\/www.mojeplazma.cz\\\/farmacie\\\/\"},{\"@type\":\"ListItem\",\"position\":3,\"name\":\"Traugel\"}]},{\"@type\":\"WebSite\",\"@id\":\"https:\\\/\\\/www.mojeplazma.cz\\\/farmacie\\\/#website\",\"url\":\"https:\\\/\\\/www.mojeplazma.cz\\\/farmacie\\\/\",\"name\":\"mojeplazma.cz\",\"description\":\"\",\"potentialAction\":[{\"@type\":\"SearchAction\",\"target\":{\"@type\":\"EntryPoint\",\"urlTemplate\":\"https:\\\/\\\/www.mojeplazma.cz\\\/farmacie\\\/?s={search_term_string}\"},\"query-input\":{\"@type\":\"PropertyValueSpecification\",\"valueRequired\":true,\"valueName\":\"search_term_string\"}}],\"inLanguage\":\"cs\"}]}<\/script>\n<!-- \/ Yoast SEO plugin. -->","yoast_head_json":{"title":"Traugel - Recenze, L\u00e9k\u00e1rna, Cena - 50%, F\u00f3rum, \u00da\u010dinky | 2026","robots":{"index":"index","follow":"follow","max-snippet":"max-snippet:-1","max-image-preview":"max-image-preview:large","max-video-preview":"max-video-preview:-1"},"canonical":"https:\/\/www.mojeplazma.cz\/farmacie\/farmacie\/traugel\/","og_locale":"cs_CZ","og_type":"article","og_title":"Traugel - Recenze, L\u00e9k\u00e1rna, Cena - 50%, F\u00f3rum, \u00da\u010dinky | 2026","og_url":"https:\/\/www.mojeplazma.cz\/farmacie\/farmacie\/traugel\/","og_site_name":"MojePlazma","article_modified_time":"2024-11-16T18:39:27+00:00","og_image":[{"width":768,"height":768,"url":"https:\/\/www.mojeplazma.cz\/farmacie\/wp-content\/uploads\/2024\/10\/TRAUGEL.jpg","type":"image\/jpeg"}],"twitter_card":"summary_large_image","twitter_description":"[date_countdown]","twitter_misc":{"Odhadovan\u00e1 doba \u010dten\u00ed":"6 minut"},"schema":{"@context":"https:\/\/schema.org","@graph":[{"@type":"WebPage","@id":"https:\/\/www.mojeplazma.cz\/farmacie\/farmacie\/traugel\/","url":"https:\/\/www.mojeplazma.cz\/farmacie\/farmacie\/traugel\/","name":"Traugel - Recenze, L\u00e9k\u00e1rna, Cena - 50%, F\u00f3rum, \u00da\u010dinky | 2026","isPartOf":{"@id":"https:\/\/www.mojeplazma.cz\/farmacie\/#website"},"primaryImageOfPage":{"@id":"https:\/\/www.mojeplazma.cz\/farmacie\/farmacie\/traugel\/#primaryimage"},"image":{"@id":"https:\/\/www.mojeplazma.cz\/farmacie\/farmacie\/traugel\/#primaryimage"},"thumbnailUrl":"https:\/\/www.mojeplazma.cz\/farmacie\/wp-content\/uploads\/2024\/10\/TRAUGEL.jpg","datePublished":"2024-10-10T16:26:58+00:00","dateModified":"2024-11-16T18:39:27+00:00","breadcrumb":{"@id":"https:\/\/www.mojeplazma.cz\/farmacie\/farmacie\/traugel\/#breadcrumb"},"inLanguage":"cs","potentialAction":[{"@type":"ReadAction","target":["https:\/\/www.mojeplazma.cz\/farmacie\/farmacie\/traugel\/"]}]},{"@type":"ImageObject","inLanguage":"cs","@id":"https:\/\/www.mojeplazma.cz\/farmacie\/farmacie\/traugel\/#primaryimage","url":"https:\/\/www.mojeplazma.cz\/farmacie\/wp-content\/uploads\/2024\/10\/TRAUGEL.jpg","contentUrl":"https:\/\/www.mojeplazma.cz\/farmacie\/wp-content\/uploads\/2024\/10\/TRAUGEL.jpg","width":768,"height":768},{"@type":"BreadcrumbList","@id":"https:\/\/www.mojeplazma.cz\/farmacie\/farmacie\/traugel\/#breadcrumb","itemListElement":[{"@type":"ListItem","position":1,"name":"Strona g\u0142\u00f3wna","item":"https:\/\/www.mojeplazma.cz\/farmacie\/"},{"@type":"ListItem","position":2,"name":"farmacie","item":"https:\/\/www.mojeplazma.cz\/farmacie\/"},{"@type":"ListItem","position":3,"name":"Traugel"}]},{"@type":"WebSite","@id":"https:\/\/www.mojeplazma.cz\/farmacie\/#website","url":"https:\/\/www.mojeplazma.cz\/farmacie\/","name":"mojeplazma.cz","description":"","potentialAction":[{"@type":"SearchAction","target":{"@type":"EntryPoint","urlTemplate":"https:\/\/www.mojeplazma.cz\/farmacie\/?s={search_term_string}"},"query-input":{"@type":"PropertyValueSpecification","valueRequired":true,"valueName":"search_term_string"}}],"inLanguage":"cs"}]}},"_links":{"self":[{"href":"https:\/\/www.mojeplazma.cz\/farmacie\/wp-json\/wp\/v2\/product\/4044","targetHints":{"allow":["GET"]}}],"collection":[{"href":"https:\/\/www.mojeplazma.cz\/farmacie\/wp-json\/wp\/v2\/product"}],"about":[{"href":"https:\/\/www.mojeplazma.cz\/farmacie\/wp-json\/wp\/v2\/types\/product"}],"replies":[{"embeddable":true,"href":"https:\/\/www.mojeplazma.cz\/farmacie\/wp-json\/wp\/v2\/comments?post=4044"}],"wp:featuredmedia":[{"embeddable":true,"href":"https:\/\/www.mojeplazma.cz\/farmacie\/wp-json\/wp\/v2\/media\/4073"}],"wp:attachment":[{"href":"https:\/\/www.mojeplazma.cz\/farmacie\/wp-json\/wp\/v2\/media?parent=4044"}],"wp:term":[{"taxonomy":"product_brand","embeddable":true,"href":"https:\/\/www.mojeplazma.cz\/farmacie\/wp-json\/wp\/v2\/product_brand?post=4044"},{"taxonomy":"product_cat","embeddable":true,"href":"https:\/\/www.mojeplazma.cz\/farmacie\/wp-json\/wp\/v2\/product_cat?post=4044"},{"taxonomy":"product_tag","embeddable":true,"href":"https:\/\/www.mojeplazma.cz\/farmacie\/wp-json\/wp\/v2\/product_tag?post=4044"}],"curies":[{"name":"wp","href":"https:\/\/api.w.org\/{rel}","templated":true}]}}