{"id":4045,"date":"2024-10-10T16:26:58","date_gmt":"2024-10-10T16:26:58","guid":{"rendered":"https:\/\/www.mojeplazma.cz\/farmacie\/?post_type=product&#038;p=4045"},"modified":"2024-11-16T17:50:03","modified_gmt":"2024-11-16T17:50:03","slug":"revitaprost","status":"publish","type":"product","link":"https:\/\/www.mojeplazma.cz\/farmacie\/farmacie\/revitaprost\/","title":{"rendered":"Revitaprost"},"content":{"rendered":"\n<h2 class=\"wp-block-heading\">Co je REVITAPROST a jak funguje?<\/h2>\n\n\n\n<p><b>REVITAPROST<\/b> je inovativn\u00ed <b>dopln\u011bk stravy<\/b>, kter\u00fd si z\u00edskal zna\u010dnou popularitu na trhu jako p\u0159\u00edpravek podporuj\u00edc\u00ed <b>zdrav\u00ed prostaty<\/b>. Jeho <b>\u00fa\u010dinek<\/b> je zalo\u017een na synergick\u00e9m efektu \u00fa\u010dinn\u00fdch l\u00e1tek, kter\u00e9 p\u0159isp\u00edvaj\u00ed ke zlep\u0161en\u00ed funkce prostaty a zm\u00edrn\u011bn\u00ed p\u0159\u00edznak\u016f prostatitidy.<\/p>\n\n\n\n<p><b>Slo\u017een\u00ed p\u0159\u00edpravku<\/b> REVITAPROST zahrnuje p\u0159\u00edrodn\u00ed extrakty, jako nap\u0159:<\/p>\n\n\n\n<ul class=\"wp-block-list\">\n<li><em>Sabalov\u00e1 palma<\/em> &#8211; zn\u00e1m\u00e1 sv\u00fdmi \u00fa\u010dinky na zm\u00edrn\u011bn\u00ed p\u0159\u00edznak\u016f spojen\u00fdch s prostatitidou.<\/li>\n\n\n\n<li><em>Zinek<\/em> &#8211; podporuje <b>zdrav\u00ed<\/b> prostaty a tak\u00e9 p\u0159isp\u00edv\u00e1 k udr\u017een\u00ed optim\u00e1ln\u00ed velikosti prostaty.<\/li>\n\n\n\n<li><em>D\u00fd\u0148ov\u00fd extrakt<\/em> &#8211; vykazuje protiz\u00e1n\u011btliv\u00e9 a antioxida\u010dn\u00ed vlastnosti.<\/li>\n\n\n\n<li><em>Ho\u0159\u010d\u00edk<\/em> &#8211; reguluje procesy v prostat\u011b.<\/li>\n\n\n\n<li><em>Vitaminy skupiny B<\/em> &#8211; podporuj\u00ed regeneraci organismu a zlep\u0161uj\u00ed celkovou imunitu.<\/li>\n<\/ul>\n\n\n\n<p>Pravideln\u00e9 <b>u\u017e\u00edv\u00e1n\u00ed p\u0159\u00edpravku<\/b> REVITAPROST p\u0159in\u00e1\u0161\u00ed \u00falevu v p\u0159\u00edpadech spojen\u00fdch se z\u00e1n\u011btem prostaty. Kapsle nav\u00edc nab\u00edzej\u00ed pohodlnou formu po\u017eit\u00ed, d\u00edky \u010demu\u017e je suplementace pro u\u017eivatele jednodu\u0161\u0161\u00ed a dostupn\u011bj\u0161\u00ed.<\/p>\n\n\n\n<p>P\u0159ed u\u017e\u00edv\u00e1n\u00edm p\u0159\u00edpravku REVITAPROST je vhodn\u00e9 poradit se s l\u00e9ka\u0159em, zejm\u00e9na v souvislosti s dlouhodob\u00fdmi pot\u00ed\u017eemi s prostatou.<\/p>\n\n\n\n<h2 class=\"wp-block-heading\">REVITAPROST &#8211; \u00fa\u010dinky<\/h2>\n\n\n\n<p><b>U\u017e\u00edv\u00e1n\u00ed p\u0159\u00edpravku<\/b> REVITAPROST m\u00e1 \u0159adu nepokryt\u00fdch \u00fa\u010dink\u016f, kter\u00e9 v\u00fdznamn\u011b ovliv\u0148uj\u00ed <b>zdrav\u00ed mu\u017e\u016f<\/b>. Mnoho u\u017eivatel\u016f zaznamen\u00e1v\u00e1 zlep\u0161en\u00ed kvality sv\u00e9ho sexu\u00e1ln\u00edho \u017eivota, kter\u00e9 zahrnuje zv\u00fd\u0161en\u00ed <b>libida<\/b> a udr\u017een\u00ed stabiln\u00ed erekce. Pravideln\u00e9 u\u017e\u00edv\u00e1n\u00ed tohoto dopl\u0148ku pom\u00e1h\u00e1 p\u0159edch\u00e1zet probl\u00e9m\u016fm s prostatou, kter\u00e9 mohou m\u00edt v\u00e1\u017en\u00fd dopad na komfort ka\u017edodenn\u00edho \u017eivota.<\/p>\n\n\n\n<p>Revitaprost je p\u0159\u00edpravek, jeho\u017e p\u0159\u00edrodn\u00ed <b>slo\u017eky<\/b> podporuj\u00ed t\u011blo v boji proti zdravotn\u00edm pot\u00ed\u017e\u00edm reproduk\u010dn\u00edho syst\u00e9mu. V\u00fdsledkem je, \u017ee u\u017eivatel\u00e9 poci\u0165uj\u00ed nejen zlep\u0161en\u00ed sexu\u00e1ln\u00edch funkc\u00ed, ale tak\u00e9 celkov\u00e9 zv\u00fd\u0161en\u00ed vitality a energie. <b>\u00da\u010dinky<\/b> se mohou li\u0161it a jejich rozsah z\u00e1vis\u00ed na individu\u00e1ln\u00edch pot\u0159eb\u00e1ch organismu.<\/p>\n\n\n\n<figure class=\"wp-block-table\"><table class=\"has-fixed-layout\"><tbody><tr><th>\u00da\u010dinek<\/th><th>Popis<\/th><\/tr><tr><td>Zlep\u0161en\u00ed kvality sexu\u00e1ln\u00edho \u017eivota<\/td><td>Zv\u00fd\u0161en\u00e9 <b>libido<\/b> a stabilita erekce, co\u017e vede k uspokojiv\u00fdm intimn\u00edm pro\u017eitk\u016fm.<\/td><\/tr><tr><td>Podpora zdrav\u00ed prostaty<\/td><td>P\u0159i pravideln\u00e9m <b>u\u017e\u00edv\u00e1n\u00ed<\/b> lze sn\u00ed\u017eit riziko probl\u00e9m\u016f s prostatou.<\/td><\/tr><tr><td>Zv\u00fd\u0161en\u00ed energie<\/td><td>U\u017eivatel\u00e9 poci\u0165uj\u00ed v\u00fdrazn\u00e9 zv\u00fd\u0161en\u00ed vitality, kter\u00e9 ovliv\u0148uje jejich ka\u017edodenn\u00ed fungov\u00e1n\u00ed.<\/td><\/tr><\/tbody><\/table><\/figure>\n\n\n\n<p>Spr\u00e1vn\u00fd v\u00fdb\u011br slo\u017eek p\u0159\u00edpravku Revitaprost se setk\u00e1v\u00e1 s pozitivn\u00ed zp\u011btnou vazbou na \u00fa\u010dinky, kter\u00e9 vyvol\u00e1v\u00e1. Modern\u00ed \u017eivotn\u00ed styl a v\u011bk mohou p\u0159isp\u00edvat k nepohodl\u00ed, a proto vitam\u00edny a rostlinn\u00e9 v\u00fdta\u017eky obsa\u017een\u00e9 v tomto dopl\u0148ku hraj\u00ed kl\u00ed\u010dovou roli p\u0159i zlep\u0161ov\u00e1n\u00ed zdrav\u00ed mu\u017e\u016f.<\/p>\n\n\n\n<h2 class=\"wp-block-heading\">Jak spr\u00e1vn\u011b pou\u017e\u00edvat REVITAPROST &#8211; D\u00e1vkov\u00e1n\u00ed<\/h2>\n\n\n\n<p>Pro dosa\u017een\u00ed optim\u00e1ln\u00edch v\u00fdsledk\u016f s p\u0159\u00edpravkem Revitaprost je t\u0159eba dodr\u017eovat doporu\u010den\u00e9 d\u00e1vkov\u00e1n\u00ed. P\u0159\u00edpravek se doporu\u010duje u\u017e\u00edvat ve form\u011b dvou tobolek denn\u011b, kter\u00e9 by se m\u011bly zap\u00edt sklenic\u00ed vody. Nejlep\u0161\u00ed je u\u017e\u00edvat jej p\u0159ed j\u00eddlem, co\u017e podporuje vst\u0159eb\u00e1v\u00e1n\u00ed a maximalizuje zdravotn\u00ed p\u0159\u00ednosy. Je d\u016fle\u017eit\u00e9 nep\u0159ekra\u010dovat doporu\u010denou d\u00e1vku, proto\u017ee spr\u00e1vn\u00e9 <b>d\u00e1vkov\u00e1n\u00ed<\/b> pom\u00e1h\u00e1 dos\u00e1hnout zam\u00fd\u0161len\u00fdch <b>\u00fa\u010dink\u016f<\/b>.<\/p>\n\n\n\n<ul class=\"wp-block-list\">\n<li>Pou\u017eit\u00ed p\u0159\u00edpravku Revitaprost:\n\n<ul class=\"wp-block-list\">\n<li>2 tobolky denn\u011b<\/li>\n\n\n\n<li>U\u017e\u00edvejte se sklenic\u00ed vody<\/li>\n\n\n\n<li>U\u017e\u00edvejte p\u0159ed j\u00eddlem<\/li>\n<\/ul>\n<\/li>\n<\/ul>\n\n\n\n<p>Revitaprost m\u00e1 komplexn\u00ed \u00fa\u010dinek, co\u017e znamen\u00e1, \u017ee nejen zm\u00edr\u0148uje p\u0159\u00edznaky prostatitidy, ale tak\u00e9 zlep\u0161uje sexu\u00e1ln\u00ed v\u00fdkonnost a p\u0159edch\u00e1z\u00ed mo\u017en\u00fdm zdravotn\u00edm komplikac\u00edm. Nel\u00e9\u010den\u00e1 prostatitida m\u016f\u017ee v\u00e9st k z\u00e1va\u017en\u00fdm probl\u00e9m\u016fm, jako je erektiln\u00ed dysfunkce a pot\u00ed\u017ee s mo\u010den\u00edm.<\/p>\n\n\n\n<p>U\u017e\u00edv\u00e1n\u00ed p\u0159\u00edpravku Revitaprost podle p\u0159edpisu m\u016f\u017ee v\u00fdrazn\u011b zlep\u0161it kvalitu \u017eivota odstran\u011bn\u00edm nep\u0159\u00edjemn\u00fdch p\u0159\u00edznak\u016f a podporou <b>zdrav\u00ed<\/b> prostaty. Z tohoto d\u016fvodu je vhodn\u00e9 za\u010d\u00edt p\u0159\u00edpravek u\u017e\u00edvat co nejd\u0159\u00edve, jakmile se objev\u00ed prvn\u00ed p\u0159\u00edznaky. V\u00fdkyvy zdravotn\u00edho stavu vy\u017eaduj\u00ed sledov\u00e1n\u00ed a v p\u0159\u00edpad\u011b pochybnost\u00ed konzultaci s l\u00e9ka\u0159em. U\u017eivatel\u00e9 potvrzuj\u00ed \u00fa\u010dinnost tohoto dopl\u0148ku proti probl\u00e9m\u016fm s prostatou.<\/p>\n\n\n\n<h2 class=\"wp-block-heading\">Zku\u0161enosti u\u017eivatel\u016f a recenze p\u0159\u00edpravku REVITAPROST &#8211; jak\u00e9 jsou recenze?<\/h2>\n\n\n\n<p>Revitaprost z\u00edsk\u00e1v\u00e1 pozitivn\u00ed <b>recenze<\/b> od u\u017eivatel\u016f, kte\u0159\u00ed se d\u011bl\u00ed o sv\u00e9 zku\u0161enosti po pou\u017eit\u00ed tohoto dopl\u0148ku. Mnoz\u00ed z nich zaznamenali v\u00fdznamn\u00e9 zm\u011bny ve zdrav\u00ed prostaty a zlep\u0161en\u00ed kvality \u017eivota. Pod\u00edvejme se na n\u011bkter\u00e9 podrobn\u00e9 recenze.<\/p>\n\n\n\n<blockquote class=\"wp-block-quote is-layout-flow wp-block-quote-is-layout-flow\">\n<p><em>Mark:<\/em>&#8222;Pou\u017e\u00edval jsem Revitaprost dva m\u011bs\u00edce a zaznamenal jsem v\u00fdrazn\u00e9 zlep\u0161en\u00ed sv\u00e9ho intimn\u00edho \u017eivota. Erekce se stala stabiln\u011bj\u0161\u00ed a zv\u00fd\u0161ilo se <b>libido<\/b>. C\u00edt\u00edm se sebev\u011bdom\u011bj\u0161\u00ed a uvoln\u011bn\u011bj\u0161\u00ed.&#8220;<\/p>\n<\/blockquote>\n\n\n\n<blockquote class=\"wp-block-quote is-layout-flow wp-block-quote-is-layout-flow\">\n<p><em>Adam<\/em>: &#8222;Po t\u0159ech t\u00fddnech u\u017e\u00edv\u00e1n\u00ed p\u0159\u00edpravku Revitaprost jsem zaznamenal zlep\u0161en\u00ed mo\u010den\u00ed. Bolest a p\u00e1len\u00ed zmizely a frekvence n\u00e1v\u0161t\u011bv toalety se v\u00fdrazn\u011b sn\u00ed\u017eila. Moje <b>zku\u0161enost<\/b> je opravdu pozitivn\u00ed. Tento produkt bych doporu\u010dil v\u0161em, kte\u0159\u00ed se pot\u00fdkaj\u00ed s probl\u00e9my s prostatou.&#8220;<\/p>\n<\/blockquote>\n\n\n\n<blockquote class=\"wp-block-quote is-layout-flow wp-block-quote-is-layout-flow\">\n<p><em>Luke<\/em>: &#8222;Zpo\u010d\u00e1tku jsem nev\u011b\u0159il, \u017ee by dopln\u011bk stravy mohl d\u011blat z\u00e1zraky, ale Revitaprost m\u011b p\u0159ekvapil. Po m\u011bs\u00ed\u010dn\u00edm u\u017e\u00edv\u00e1n\u00ed jsem se c\u00edtil znateln\u011b l\u00e9pe. Nav\u00edc jsem zaznamenal zv\u00fd\u0161en\u00ed energie a lep\u0161\u00ed kondici p\u0159i fyzick\u00e9 aktivit\u011b. <b>Recenze<\/b> mluv\u00ed samy za sebe.&#8220;<\/p>\n<\/blockquote>\n\n\n\n<p>Naprost\u00e1 v\u011bt\u0161ina pacient\u016f v klinick\u00fdch studi\u00edch, a\u017e 98 %, potvrdila, \u017ee se po u\u017e\u00edv\u00e1n\u00ed p\u0159\u00edpravku Revitaprost uzdravila. U\u017eivatel\u00e9 oce\u0148uj\u00ed jeho p\u0159\u00edrodn\u00ed <b>slo\u017een\u00ed<\/b> a odborn\u00edci jej uznali jako jeden z nej\u00fa\u010dinn\u011bj\u0161\u00edch l\u00e9k\u016f na z\u00e1n\u011bt prostaty pro mu\u017ee star\u0161\u00ed 40 let. <b>Recenze<\/b> a <b>zku\u0161enosti<\/b> u\u017eivatel\u016f ukazuj\u00ed, \u017ee tento produkt je vysoce \u00fa\u010dinn\u00fd v boji proti probl\u00e9m\u016fm s prostatou.<\/p>\n\n\n\n<p>Stoj\u00ed za zm\u00ednku, \u017ee Revitaprost p\u0159i pravideln\u00e9m u\u017e\u00edv\u00e1n\u00ed m\u016f\u017ee p\u0159in\u00e9st v\u00fdznamn\u00e9 v\u00fdsledky a jeho <b>p\u016fsoben\u00ed<\/b> zahrnuje nejen \u00falevu od st\u00ed\u017enost\u00ed, ale tak\u00e9 zlep\u0161en\u00ed celkov\u00e9ho zdrav\u00ed mu\u017e\u016f. Proto stoj\u00ed za to p\u0159e\u010d\u00edst si recenze a my\u0161lenky ostatn\u00edch u\u017eivatel\u016f tohoto p\u0159\u00edpravku.<\/p>\n\n\n\n<h2 class=\"wp-block-heading\">REVITAPROST &#8211; Slo\u017een\u00ed &#8211; Anal\u00fdza slo\u017eek<\/h2>\n\n\n\n<p>Revitaprost je <b>dopln\u011bk stravy<\/b>, jeho\u017e <em>slo\u017een\u00ed<\/em> kombinuje \u0159adu p\u0159\u00edrodn\u00edch <b>slo\u017eek, kter\u00e9<\/b> prosp\u00edvaj\u00ed zdrav\u00ed prostaty. Kl\u00ed\u010dovou slo\u017ekou je extrakt z palmy sabalov\u00e9, kter\u00fd pom\u00e1h\u00e1 sni\u017eovat hladinu dihydrotestosteronu v krvi. To je d\u016fle\u017eit\u00e9, proto\u017ee vysok\u00e9 hladiny tohoto hormonu mohou v\u00e9st k probl\u00e9m\u016fm s prostatou.<\/p>\n\n\n\n<p>Dal\u0161\u00ed d\u016fle\u017eitou sou\u010d\u00e1st\u00ed slo\u017een\u00ed p\u0159\u00edpravku Revitaprost jsou d\u00fd\u0148ov\u00e1 sem\u00ednka. Jsou bohat\u00e1 na cenn\u00e9 mikro\u017eiviny, jako je zinek a vitamin E, a podporuj\u00ed norm\u00e1ln\u00ed funkci prostaty. <b>Anal\u00fdza slo\u017eek<\/b> p\u0159\u00edpravku ukazuje, \u017ee tato sem\u00ednka sv\u00fdm obsahem zinku p\u0159isp\u00edvaj\u00ed k regulaci hormon\u00e1ln\u00edch proces\u016f.<\/p>\n\n\n\n<p>Ln\u011bn\u00e9 sem\u00ednko, dal\u0161\u00ed p\u0159\u00edrodn\u00ed slo\u017eka, poskytuje omega-3 mastn\u00e9 kyseliny, kter\u00e9 mohou sn\u00ed\u017eit riziko z\u00e1n\u011btu prostaty. Toto <b>p\u016fsoben\u00ed<\/b> t\u011bchto slo\u017eek v\u00fdrazn\u011b zlep\u0161uje celkov\u00fd zdravotn\u00ed stav mu\u017e\u016f.<\/p>\n\n\n\n<p>Ivan\u016fv \u010daj je nav\u00edc zn\u00e1m\u00fd sv\u00fdmi protiz\u00e1n\u011btliv\u00fdmi a antioxida\u010dn\u00edmi vlastnostmi, co\u017e zvy\u0161uje \u00fa\u010dinky ostatn\u00edch slo\u017eek dopl\u0148ku. <em>Anal\u00fdza slo\u017eek p\u0159\u00edpravku<\/em> Revitaprost ukazuje, \u017ee tyto <b>slo\u017eky<\/b> spole\u010dn\u011b p\u016fsob\u00ed na zlep\u0161en\u00ed pohody a zdrav\u00ed prostaty.<\/p>\n\n\n\n<p>Kapsle Revitaprost se doporu\u010duj\u00ed u\u017e\u00edvat dvakr\u00e1t denn\u011b, aby se dos\u00e1hlo optim\u00e1ln\u00edch v\u00fdsledk\u016f. L\u00e9\u010dba by m\u011bla trvat 14 a\u017e 30 dn\u00ed a pro zv\u00fd\u0161en\u00ed \u00fa\u010dinnosti se vyplat\u00ed zdrav\u00e1 strava a fyzick\u00e1 aktivita.<\/p>\n\n\n\n<h2 class=\"wp-block-heading\">Cena p\u0159\u00edpravku REVITAPROST &#8211; kde koupit?<\/h2>\n\n\n\n<p>Revitaprost je dopln\u011bk stravy, kter\u00fd se stal velmi obl\u00edben\u00fdm mezi mu\u017ei s probl\u00e9my s prostatou. Stoj\u00ed za zm\u00ednku, \u017ee <em>cena p\u0159\u00edpravku<\/em> Revitaprost je prom\u011bnliv\u00e1 v z\u00e1vislosti na aktu\u00e1ln\u00edch akc\u00edch nab\u00edzen\u00fdch v\u00fdrobcem. N\u00e1kupy je nejlep\u0161\u00ed prov\u00e1d\u011bt na ofici\u00e1ln\u00edch webov\u00fdch str\u00e1nk\u00e1ch, kter\u00e9 poskytuj\u00ed p\u0159\u00edstup k nejnov\u011bj\u0161\u00edm nab\u00eddk\u00e1m a slev\u00e1m. Webov\u00e9 str\u00e1nky v\u00fdrobce nab\u00edzej\u00ed informace o slev\u00e1ch a\u017e do v\u00fd\u0161e 50 %, co\u017e \u010din\u00ed v\u00fdrobek je\u0161t\u011b finan\u010dn\u011b atraktivn\u011bj\u0161\u00edm.<\/p>\n\n\n\n<p>Na rozd\u00edl od mnoha dopl\u0148k\u016f stravy nen\u00ed Revitaprost k dispozici ve stacion\u00e1rn\u00edch l\u00e9k\u00e1rn\u00e1ch. Z\u00e1kazn\u00edci se proto \u010dasto ptaj\u00ed, <em>kde si<\/em> tento \u00fa\u010dinn\u00fd prost\u0159edek na probl\u00e9my s prostatou <em>koupit<\/em>. Jedin\u00e9 m\u00edsto, kde si jej m\u016f\u017eete koupit, je na webov\u00fdch str\u00e1nk\u00e1ch v\u00fdrobce, a to zaji\u0161\u0165uje bezpe\u010dnost a originalitu v\u00fdrobku.<\/p>\n\n\n\n<p>P\u0159i rozhodov\u00e1n\u00ed, kde koupit Revitaprost, je tedy z\u00e1sadn\u00ed zkontrolovat dostupn\u00e9 akce a nakupovat na webov\u00fdch str\u00e1nk\u00e1ch v\u00fdrobce, co\u017e zaru\u010duje nejlep\u0161\u00ed nab\u00eddku a pravost v\u00fdrobku.<\/p>\n\n\n\n<h2 class=\"wp-block-heading\">REVITAPROST &#8211; Mo\u017en\u00e9 ne\u017e\u00e1douc\u00ed \u00fa\u010dinky a kontraindikace pou\u017eit\u00ed<\/h2>\n\n\n\n<p>Revitaprost je p\u0159\u00edpravek na b\u00e1zi p\u0159\u00edrodn\u00edch slo\u017eek, co\u017e p\u0159isp\u00edv\u00e1 ke sn\u00ed\u017een\u00ed rizika ne\u017e\u00e1douc\u00edch \u00fa\u010dink\u016f. P\u0159esto je d\u016fle\u017eit\u00e9, aby se osoby s alergi\u00ed na n\u011bkterou ze slo\u017eek p\u0159ed zah\u00e1jen\u00edm u\u017e\u00edv\u00e1n\u00ed dopl\u0148ku poradily s l\u00e9ka\u0159em. Jen tak lze minimalizovat mo\u017en\u00e1 zdravotn\u00ed rizika a zajistit bezpe\u010dn\u00e9 u\u017e\u00edv\u00e1n\u00ed.<\/p>\n\n\n\n<p><b>Kontraindikace<\/b> p\u0159\u00edpravku Revitaprost zahrnuj\u00ed mimo jin\u00e9 nezletil\u00e9 osoby a t\u011bhotn\u00e9 a koj\u00edc\u00ed \u017eeny. Lid\u00e9 se zdravotn\u00edmi pot\u00ed\u017eemi, jako je adenom prostaty, n\u00e1dorov\u00e9 onemocn\u011bn\u00ed, autoimunitn\u00ed onemocn\u011bn\u00ed nebo cukrovka, by se m\u011bli u\u017e\u00edv\u00e1n\u00ed tohoto dopl\u0148ku tak\u00e9 vyhnout. V p\u0159\u00edpad\u011b jak\u00fdchkoli pochybnost\u00ed je v\u017edy vhodn\u00e9 po\u017e\u00e1dat o radu odborn\u00edka, kter\u00fd m\u016f\u017ee pomoci posoudit bezpe\u010dnost p\u0159\u00edpravku pro va\u0161i konkr\u00e9tn\u00ed zdravotn\u00ed situaci.<\/p>\n\n\n\n<p>Z\u00e1v\u011brem lze \u0159\u00edci, \u017ee Revitaprost m\u016f\u017ee b\u00fdt cenn\u00fdm pomocn\u00edkem v p\u00e9\u010di o <b>zdrav\u00ed<\/b> prostaty, pokud jeho u\u017e\u00edv\u00e1n\u00ed p\u0159edch\u00e1z\u00ed vhodn\u00e1 l\u00e9ka\u0159sk\u00e1 rada. Znalost mo\u017en\u00fdch ne\u017e\u00e1douc\u00edch \u00fa\u010dink\u016f a kontraindikac\u00ed umo\u017e\u0148uje bezpe\u010dn\u011bj\u0161\u00ed p\u0159\u00edstup k u\u017e\u00edv\u00e1n\u00ed dopl\u0148k\u016f a p\u0159edch\u00e1z\u00ed nep\u0159\u00edjemn\u00fdm n\u00e1sledk\u016fm.<\/p>\n","protected":false},"excerpt":{"rendered":"<p><strong>[date_countdown]<\/strong><\/p>\n<p><strong><img decoding=\"async\" class=\"alignnone  wp-image-8078\" src=\"https:\/\/www.mojeplazma.cz\/farmacie\/wp-content\/uploads\/2024\/10\/SAFE-PAY-300x88-1.png\" alt=\"SAFE-PAY-300x88\" width=\"154\" height=\"45\" \/><\/strong><\/p>\n","protected":false},"featured_media":4074,"comment_status":"open","ping_status":"closed","template":"","meta":{"neve_meta_sidebar":"","neve_meta_container":"","neve_meta_enable_content_width":"","neve_meta_content_width":0,"neve_meta_title_alignment":"","neve_meta_author_avatar":"","neve_post_elements_order":"","neve_meta_disable_header":"","neve_meta_disable_footer":"","neve_meta_disable_title":"","neve_meta_reading_time":""},"product_brand":[],"product_cat":[15],"product_tag":[],"class_list":{"0":"post-4045","1":"product","2":"type-product","3":"status-publish","4":"has-post-thumbnail","6":"product_cat-zdravi","8":"first","9":"instock","10":"sale","11":"shipping-taxable","12":"product-type-external"},"yoast_head":"<!-- This site is optimized with the Yoast SEO plugin v27.3 - https:\/\/yoast.com\/product\/yoast-seo-wordpress\/ -->\n<title>Revitaprost - Recenze, L\u00e9k\u00e1rna, Cena - 50%, F\u00f3rum, \u00da\u010dinky | 2026<\/title>\n<meta name=\"robots\" content=\"index, follow, max-snippet:-1, max-image-preview:large, max-video-preview:-1\" \/>\n<link rel=\"canonical\" href=\"https:\/\/www.mojeplazma.cz\/farmacie\/farmacie\/revitaprost\/\" \/>\n<meta property=\"og:locale\" content=\"cs_CZ\" \/>\n<meta property=\"og:type\" content=\"article\" \/>\n<meta property=\"og:title\" content=\"Revitaprost - Recenze, L\u00e9k\u00e1rna, Cena - 50%, F\u00f3rum, \u00da\u010dinky | 2026\" \/>\n<meta property=\"og:url\" content=\"https:\/\/www.mojeplazma.cz\/farmacie\/farmacie\/revitaprost\/\" \/>\n<meta property=\"og:site_name\" content=\"MojePlazma\" \/>\n<meta property=\"article:modified_time\" content=\"2024-11-16T17:50:03+00:00\" \/>\n<meta property=\"og:image\" content=\"https:\/\/www.mojeplazma.cz\/farmacie\/wp-content\/uploads\/2024\/10\/REVITAPROST.jpg\" \/>\n\t<meta property=\"og:image:width\" content=\"768\" \/>\n\t<meta property=\"og:image:height\" content=\"768\" \/>\n\t<meta property=\"og:image:type\" content=\"image\/jpeg\" \/>\n<meta name=\"twitter:card\" content=\"summary_large_image\" \/>\n<meta name=\"twitter:description\" content=\"[date_countdown]\" \/>\n<meta name=\"twitter:label1\" content=\"Odhadovan\u00e1 doba \u010dten\u00ed\" \/>\n\t<meta name=\"twitter:data1\" content=\"7 minut\" \/>\n<script type=\"application\/ld+json\" class=\"yoast-schema-graph\">{\"@context\":\"https:\\\/\\\/schema.org\",\"@graph\":[{\"@type\":\"WebPage\",\"@id\":\"https:\\\/\\\/www.mojeplazma.cz\\\/farmacie\\\/farmacie\\\/revitaprost\\\/\",\"url\":\"https:\\\/\\\/www.mojeplazma.cz\\\/farmacie\\\/farmacie\\\/revitaprost\\\/\",\"name\":\"Revitaprost - Recenze, L\u00e9k\u00e1rna, Cena - 50%, F\u00f3rum, \u00da\u010dinky | 2026\",\"isPartOf\":{\"@id\":\"https:\\\/\\\/www.mojeplazma.cz\\\/farmacie\\\/#website\"},\"primaryImageOfPage\":{\"@id\":\"https:\\\/\\\/www.mojeplazma.cz\\\/farmacie\\\/farmacie\\\/revitaprost\\\/#primaryimage\"},\"image\":{\"@id\":\"https:\\\/\\\/www.mojeplazma.cz\\\/farmacie\\\/farmacie\\\/revitaprost\\\/#primaryimage\"},\"thumbnailUrl\":\"https:\\\/\\\/www.mojeplazma.cz\\\/farmacie\\\/wp-content\\\/uploads\\\/2024\\\/10\\\/REVITAPROST.jpg\",\"datePublished\":\"2024-10-10T16:26:58+00:00\",\"dateModified\":\"2024-11-16T17:50:03+00:00\",\"breadcrumb\":{\"@id\":\"https:\\\/\\\/www.mojeplazma.cz\\\/farmacie\\\/farmacie\\\/revitaprost\\\/#breadcrumb\"},\"inLanguage\":\"cs\",\"potentialAction\":[{\"@type\":\"ReadAction\",\"target\":[\"https:\\\/\\\/www.mojeplazma.cz\\\/farmacie\\\/farmacie\\\/revitaprost\\\/\"]}]},{\"@type\":\"ImageObject\",\"inLanguage\":\"cs\",\"@id\":\"https:\\\/\\\/www.mojeplazma.cz\\\/farmacie\\\/farmacie\\\/revitaprost\\\/#primaryimage\",\"url\":\"https:\\\/\\\/www.mojeplazma.cz\\\/farmacie\\\/wp-content\\\/uploads\\\/2024\\\/10\\\/REVITAPROST.jpg\",\"contentUrl\":\"https:\\\/\\\/www.mojeplazma.cz\\\/farmacie\\\/wp-content\\\/uploads\\\/2024\\\/10\\\/REVITAPROST.jpg\",\"width\":768,\"height\":768},{\"@type\":\"BreadcrumbList\",\"@id\":\"https:\\\/\\\/www.mojeplazma.cz\\\/farmacie\\\/farmacie\\\/revitaprost\\\/#breadcrumb\",\"itemListElement\":[{\"@type\":\"ListItem\",\"position\":1,\"name\":\"Strona g\u0142\u00f3wna\",\"item\":\"https:\\\/\\\/www.mojeplazma.cz\\\/farmacie\\\/\"},{\"@type\":\"ListItem\",\"position\":2,\"name\":\"farmacie\",\"item\":\"https:\\\/\\\/www.mojeplazma.cz\\\/farmacie\\\/\"},{\"@type\":\"ListItem\",\"position\":3,\"name\":\"Revitaprost\"}]},{\"@type\":\"WebSite\",\"@id\":\"https:\\\/\\\/www.mojeplazma.cz\\\/farmacie\\\/#website\",\"url\":\"https:\\\/\\\/www.mojeplazma.cz\\\/farmacie\\\/\",\"name\":\"mojeplazma.cz\",\"description\":\"\",\"potentialAction\":[{\"@type\":\"SearchAction\",\"target\":{\"@type\":\"EntryPoint\",\"urlTemplate\":\"https:\\\/\\\/www.mojeplazma.cz\\\/farmacie\\\/?s={search_term_string}\"},\"query-input\":{\"@type\":\"PropertyValueSpecification\",\"valueRequired\":true,\"valueName\":\"search_term_string\"}}],\"inLanguage\":\"cs\"}]}<\/script>\n<!-- \/ Yoast SEO plugin. -->","yoast_head_json":{"title":"Revitaprost - Recenze, L\u00e9k\u00e1rna, Cena - 50%, F\u00f3rum, \u00da\u010dinky | 2026","robots":{"index":"index","follow":"follow","max-snippet":"max-snippet:-1","max-image-preview":"max-image-preview:large","max-video-preview":"max-video-preview:-1"},"canonical":"https:\/\/www.mojeplazma.cz\/farmacie\/farmacie\/revitaprost\/","og_locale":"cs_CZ","og_type":"article","og_title":"Revitaprost - Recenze, L\u00e9k\u00e1rna, Cena - 50%, F\u00f3rum, \u00da\u010dinky | 2026","og_url":"https:\/\/www.mojeplazma.cz\/farmacie\/farmacie\/revitaprost\/","og_site_name":"MojePlazma","article_modified_time":"2024-11-16T17:50:03+00:00","og_image":[{"width":768,"height":768,"url":"https:\/\/www.mojeplazma.cz\/farmacie\/wp-content\/uploads\/2024\/10\/REVITAPROST.jpg","type":"image\/jpeg"}],"twitter_card":"summary_large_image","twitter_description":"[date_countdown]","twitter_misc":{"Odhadovan\u00e1 doba \u010dten\u00ed":"7 minut"},"schema":{"@context":"https:\/\/schema.org","@graph":[{"@type":"WebPage","@id":"https:\/\/www.mojeplazma.cz\/farmacie\/farmacie\/revitaprost\/","url":"https:\/\/www.mojeplazma.cz\/farmacie\/farmacie\/revitaprost\/","name":"Revitaprost - Recenze, L\u00e9k\u00e1rna, Cena - 50%, F\u00f3rum, \u00da\u010dinky | 2026","isPartOf":{"@id":"https:\/\/www.mojeplazma.cz\/farmacie\/#website"},"primaryImageOfPage":{"@id":"https:\/\/www.mojeplazma.cz\/farmacie\/farmacie\/revitaprost\/#primaryimage"},"image":{"@id":"https:\/\/www.mojeplazma.cz\/farmacie\/farmacie\/revitaprost\/#primaryimage"},"thumbnailUrl":"https:\/\/www.mojeplazma.cz\/farmacie\/wp-content\/uploads\/2024\/10\/REVITAPROST.jpg","datePublished":"2024-10-10T16:26:58+00:00","dateModified":"2024-11-16T17:50:03+00:00","breadcrumb":{"@id":"https:\/\/www.mojeplazma.cz\/farmacie\/farmacie\/revitaprost\/#breadcrumb"},"inLanguage":"cs","potentialAction":[{"@type":"ReadAction","target":["https:\/\/www.mojeplazma.cz\/farmacie\/farmacie\/revitaprost\/"]}]},{"@type":"ImageObject","inLanguage":"cs","@id":"https:\/\/www.mojeplazma.cz\/farmacie\/farmacie\/revitaprost\/#primaryimage","url":"https:\/\/www.mojeplazma.cz\/farmacie\/wp-content\/uploads\/2024\/10\/REVITAPROST.jpg","contentUrl":"https:\/\/www.mojeplazma.cz\/farmacie\/wp-content\/uploads\/2024\/10\/REVITAPROST.jpg","width":768,"height":768},{"@type":"BreadcrumbList","@id":"https:\/\/www.mojeplazma.cz\/farmacie\/farmacie\/revitaprost\/#breadcrumb","itemListElement":[{"@type":"ListItem","position":1,"name":"Strona g\u0142\u00f3wna","item":"https:\/\/www.mojeplazma.cz\/farmacie\/"},{"@type":"ListItem","position":2,"name":"farmacie","item":"https:\/\/www.mojeplazma.cz\/farmacie\/"},{"@type":"ListItem","position":3,"name":"Revitaprost"}]},{"@type":"WebSite","@id":"https:\/\/www.mojeplazma.cz\/farmacie\/#website","url":"https:\/\/www.mojeplazma.cz\/farmacie\/","name":"mojeplazma.cz","description":"","potentialAction":[{"@type":"SearchAction","target":{"@type":"EntryPoint","urlTemplate":"https:\/\/www.mojeplazma.cz\/farmacie\/?s={search_term_string}"},"query-input":{"@type":"PropertyValueSpecification","valueRequired":true,"valueName":"search_term_string"}}],"inLanguage":"cs"}]}},"_links":{"self":[{"href":"https:\/\/www.mojeplazma.cz\/farmacie\/wp-json\/wp\/v2\/product\/4045","targetHints":{"allow":["GET"]}}],"collection":[{"href":"https:\/\/www.mojeplazma.cz\/farmacie\/wp-json\/wp\/v2\/product"}],"about":[{"href":"https:\/\/www.mojeplazma.cz\/farmacie\/wp-json\/wp\/v2\/types\/product"}],"replies":[{"embeddable":true,"href":"https:\/\/www.mojeplazma.cz\/farmacie\/wp-json\/wp\/v2\/comments?post=4045"}],"wp:featuredmedia":[{"embeddable":true,"href":"https:\/\/www.mojeplazma.cz\/farmacie\/wp-json\/wp\/v2\/media\/4074"}],"wp:attachment":[{"href":"https:\/\/www.mojeplazma.cz\/farmacie\/wp-json\/wp\/v2\/media?parent=4045"}],"wp:term":[{"taxonomy":"product_brand","embeddable":true,"href":"https:\/\/www.mojeplazma.cz\/farmacie\/wp-json\/wp\/v2\/product_brand?post=4045"},{"taxonomy":"product_cat","embeddable":true,"href":"https:\/\/www.mojeplazma.cz\/farmacie\/wp-json\/wp\/v2\/product_cat?post=4045"},{"taxonomy":"product_tag","embeddable":true,"href":"https:\/\/www.mojeplazma.cz\/farmacie\/wp-json\/wp\/v2\/product_tag?post=4045"}],"curies":[{"name":"wp","href":"https:\/\/api.w.org\/{rel}","templated":true}]}}