{"id":4046,"date":"2024-10-10T16:26:58","date_gmt":"2024-10-10T16:26:58","guid":{"rendered":"https:\/\/www.mojeplazma.cz\/farmacie\/?post_type=product&#038;p=4046"},"modified":"2024-11-16T17:39:27","modified_gmt":"2024-11-16T17:39:27","slug":"removio","status":"publish","type":"product","link":"https:\/\/www.mojeplazma.cz\/farmacie\/farmacie\/removio\/","title":{"rendered":"Removio"},"content":{"rendered":"\n<h2 class=\"wp-block-heading\">Co je Removio a jak funguje?<\/h2>\n\n\n\n<p><b>Removio<\/b> je inovativn\u00ed <b>dopln\u011bk stravy<\/b> ur\u010den\u00fd k p\u0159irozen\u00e9 kontrole krevn\u00edho tlaku. D\u00edky jedine\u010dn\u00e9 kombinaci \u00fa\u010dinn\u00fdch l\u00e1tek p\u016fsob\u00ed na organismus tak, \u017ee podporuje mechanismy, kter\u00e9 reguluj\u00ed krevn\u00ed tlak. <b>P\u016fsoben\u00ed<\/b> tohoto p\u0159\u00edpravku je zalo\u017eeno na zlep\u0161en\u00ed pru\u017enosti c\u00e9v, kter\u00e1 je kl\u00ed\u010dov\u00e1 pro zdrav\u00fd krevn\u00ed ob\u011bh.<\/p>\n\n\n\n<p>Slo\u017eky obsa\u017een\u00e9 v p\u0159\u00edpravku Removio podporuj\u00ed metabolismus lipid\u016f, co\u017e vede ke sn\u00ed\u017een\u00ed krevn\u00edho tlaku. Systematick\u00e9 <b>u\u017e\u00edv\u00e1n\u00ed<\/b> p\u0159\u00edpravku zaji\u0161\u0165uje optim\u00e1ln\u00ed <b>v\u00fdsledky<\/b>, proto je d\u016fle\u017eit\u00e9 dodr\u017eovat doporu\u010den\u00ed v\u00fdrobce. Klinick\u00e9 studie prok\u00e1zaly, \u017ee u 75 % \u00fa\u010dastn\u00edk\u016f se krevn\u00ed tlak vr\u00e1til k norm\u00e1lu ji\u017e po jednom t\u00fddnu u\u017e\u00edv\u00e1n\u00ed tohoto dopl\u0148ku stravy.<\/p>\n\n\n\n<p>Slo\u017eky p\u0159\u00edpravku Removio p\u016fsob\u00ed synergicky, aktivuj\u00ed obrann\u00e9 procesy organismu a maj\u00ed pozitivn\u00ed vliv na kontrolu krevn\u00edho tlaku. Krom\u011b sv\u00fdch regula\u010dn\u00edch vlastnost\u00ed p\u0159isp\u00edvaj\u00ed produkty v p\u0159\u00edpravku k celkov\u00e9 pohod\u011b a dobr\u00e9 n\u00e1lad\u011b u\u017eivatel\u016f.<\/p>\n\n\n\n<figure class=\"wp-block-table\"><table class=\"has-fixed-layout\"><tbody><tr><th>Slo\u017een\u00ed<\/th><th>\u00da\u010dinek<\/th><\/tr><tr><td>Z\u00e1zvorov\u00fd olej<\/td><td>Podporuje krevn\u00ed ob\u011bh, zlep\u0161uje pru\u017enost c\u00e9v<\/td><\/tr><tr><td>V\u00fdta\u017eek z rodiostea<\/td><td>Podporuje regeneraci tk\u00e1n\u00ed<\/td><\/tr><tr><td>Extrakt z medu\u0148ky<\/td><td>Pom\u00e1h\u00e1 sni\u017eovat stres<\/td><\/tr><tr><td>Vitamin E<\/td><td>Neutralizuje voln\u00e9 radik\u00e1ly<\/td><\/tr><tr><td>Esenci\u00e1ln\u00ed olej z citronov\u00e9 tr\u00e1vy<\/td><td>M\u00e1 omlazuj\u00edc\u00ed \u00fa\u010dinek na c\u00e9vy<\/td><\/tr><tr><td>Olej z \u010dajovn\u00edku<\/td><td>M\u00e1 antibakteri\u00e1ln\u00ed \u00fa\u010dinky<\/td><\/tr><\/tbody><\/table><\/figure>\n\n\n\n<h2 class=\"wp-block-heading\">V\u00fdhody p\u0159\u00edpravku Removio &#8211; \u00fa\u010dinky<\/h2>\n\n\n\n<p><b>Pou\u017e\u00edv\u00e1n\u00ed p\u0159\u00edpravku<\/b> Removio m\u00e1 \u0159adu <em>v\u00fdhod, kter\u00e9<\/em> maj\u00ed v\u00fdznamn\u00fd vliv na <em>zdrav\u00ed srdce<\/em> a celkov\u00fd zdravotn\u00ed stav organismu. Pravideln\u00e9 u\u017e\u00edv\u00e1n\u00ed tohoto dopl\u0148ku pom\u00e1h\u00e1 stabilizovat <em>krevn\u00ed tlak,<\/em> co\u017e je pro mnoho lid\u00ed s kardiovaskul\u00e1rn\u00edmi probl\u00e9my z\u00e1sadn\u00ed. U\u017eivatel\u00e9 zaznamen\u00e1vaj\u00ed zlep\u0161en\u00ed krevn\u00edho ob\u011bhu a sn\u00ed\u017een\u00ed rizika kardiovaskul\u00e1rn\u00edch onemocn\u011bn\u00ed.<\/p>\n\n\n\n<p>Vysok\u00e1 kvalita \u00fa\u010dinn\u00fdch l\u00e1tek v p\u0159\u00edpravku Removio znamen\u00e1, \u017ee <b>\u00fa\u010dinky<\/b> u\u017e\u00edv\u00e1n\u00ed se <b>projev\u00ed<\/b> ji\u017e po n\u011bkolika dnech. Ti, kte\u0159\u00ed dopln\u011bk u\u017e\u00edvaj\u00ed, zaznamen\u00e1vaj\u00ed zv\u00fd\u0161en\u00ed hladiny energie a celkov\u00e9 vitality. Toto zlep\u0161en\u00ed pohody nepochybn\u011b zvy\u0161uje \u017eivotn\u00ed komfort, co\u017e je d\u016fle\u017eit\u00fd <em>p\u0159\u00ednos pro<\/em> ka\u017edodenn\u00ed \u010dinnosti.<\/p>\n\n\n\n<p>N\u00e1sleduj\u00edc\u00ed tabulka ukazuje hlavn\u00ed <b>\u00fa\u010dinky p\u0159\u00edpravku<\/b> Removio a jejich spole\u010densk\u00fd odraz ve zku\u0161enostech u\u017eivatel\u016f:<\/p>\n\n\n\n<figure class=\"wp-block-table\"><table class=\"has-fixed-layout\"><tbody><tr><th>\u00da\u010dinek<\/th><th>Popis<\/th><th>Zp\u011btn\u00e1 vazba od u\u017eivatel\u016f<\/th><\/tr><tr><td>Stabilizace krevn\u00edho tlaku<\/td><td>Pravideln\u00e9 <b>u\u017e\u00edv\u00e1n\u00ed<\/b> udr\u017euje norm\u00e1ln\u00ed hodnoty krevn\u00edho tlaku.<\/td><td>&#8222;C\u00edt\u00edm se l\u00e9pe a aktivn\u011bji, zlep\u0161ila se mi kvalita \u017eivota.&#8220;<\/td><\/tr><tr><td>Zlep\u0161en\u00ed krevn\u00edho ob\u011bhu<\/td><td>L\u00e1tky obsa\u017een\u00e9 v p\u0159\u00edpravku Removio podporuj\u00ed lep\u0161\u00ed prokrven\u00ed organismu.<\/td><td>&#8222;Zaznamenal jsem m\u00e9n\u011b probl\u00e9m\u016f s nohama, rozhodn\u011b m\u00e1m v\u00edce energie!&#8220;<\/td><\/tr><tr><td>Sn\u00ed\u017een\u00ed rizika kardiovaskul\u00e1rn\u00edch onemocn\u011bn\u00ed<\/td><td>Preventivn\u00ed<b>p\u016fsoben\u00ed<\/b> v souvislosti s onemocn\u011bn\u00edm srdce.<\/td><td>&#8222;C\u00edt\u00edm se bezpe\u010dn\u011bji, kdy\u017e v\u00edm, \u017ee podporuji zdrav\u00ed sv\u00e9ho srdce.&#8220;<\/td><\/tr><\/tbody><\/table><\/figure>\n\n\n\n<p>P\u0159\u00edrodn\u00ed slo\u017een\u00ed p\u0159\u00edpravku Removio umo\u017e\u0148uje jeho bezpe\u010dn\u00e9 u\u017e\u00edv\u00e1n\u00ed a zamezuje ne\u017e\u00e1douc\u00edm vedlej\u0161\u00edm \u00fa\u010dink\u016fm. \u00da\u010dinnost slo\u017eek potvrzuj\u00ed \u010detn\u00e9 pozitivn\u00ed <b>recenze<\/b> u\u017eivatel\u016f, co\u017e posiluje d\u016fv\u011bru v tento produkt. U\u017e\u00edv\u00e1n\u00edm p\u0159\u00edpravku Removio dosahuje mnoho lid\u00ed v\u00fdznamn\u00fdch zdravotn\u00edch <em>p\u0159\u00ednos\u016f<\/em> a z\u00e1rove\u0148 v\u011bdom\u011b p\u016fsob\u00ed na <em>zdrav\u00ed srdce<\/em>.<\/p>\n\n\n\n<h2 class=\"wp-block-heading\">Jak pou\u017e\u00edvat Removio &#8211; n\u00e1vod k pou\u017eit\u00ed a d\u00e1vkov\u00e1n\u00ed<\/h2>\n\n\n\n<p>Pou\u017e\u00edv\u00e1n\u00ed dopl\u0148ku stravy, jako je Removio, vy\u017eaduje dodr\u017eov\u00e1n\u00ed specifick\u00fdch pokyn\u016f poskytnut\u00fdch v\u00fdrobcem. Doporu\u010duje se u\u017e\u00edvat jednu kapsli denn\u011b, nejl\u00e9pe s j\u00eddlem, co\u017e v\u00fdrazn\u011b zvy\u0161uje vst\u0159eb\u00e1v\u00e1n\u00ed \u00fa\u010dinn\u00fdch l\u00e1tek.<\/p>\n\n\n\n<p>Spr\u00e1vn\u00e9 <b>d\u00e1vkov\u00e1n\u00ed<\/b> je kl\u00ed\u010dov\u00e9 pro zamezen\u00ed ne\u017e\u00e1douc\u00edch zdravotn\u00edch \u00fa\u010dink\u016f. Je nesm\u00edrn\u011b d\u016fle\u017eit\u00e9 nep\u0159ekra\u010dovat doporu\u010denou denn\u00ed d\u00e1vku, co\u017e zaru\u010duje <b>bezpe\u010dnost<\/b> p\u0159\u00edpravku. Pravideln\u00e9 denn\u00ed u\u017e\u00edv\u00e1n\u00ed p\u0159\u00edpravku Removio umo\u017e\u0148uje dos\u00e1hnout nejlep\u0161\u00edch v\u00fdsledk\u016f p\u0159i odstra\u0148ov\u00e1n\u00ed bradavic a kondylomat.<\/p>\n\n\n\n<p>Mezi<b>v\u00fdhody<\/b> spojen\u00e9 s pravideln\u00fdm u\u017e\u00edv\u00e1n\u00edm p\u0159\u00edpravku Removio pat\u0159\u00ed:<\/p>\n\n\n\n<ul class=\"wp-block-list\">\n<li>\u00da\u010dinn\u00e9 odstran\u011bn\u00ed bradavic a kondylomat<\/li>\n\n\n\n<li>P\u0159\u00edrodn\u00ed slo\u017eky, kter\u00e9 podporuj\u00ed zdrav\u00ed poko\u017eky<\/li>\n\n\n\n<li>Zlep\u0161en\u00ed stavu poko\u017eky v d\u016fsledku antibakteri\u00e1ln\u00edch a protiz\u00e1n\u011btliv\u00fdch vlastnost\u00ed<\/li>\n<\/ul>\n\n\n\n<p>V\u00fdrobek Removio je dostupn\u00fd pouze na ofici\u00e1ln\u00edch str\u00e1nk\u00e1ch v\u00fdrobce, co\u017e zaru\u010duje jeho pravost. N\u00e1kupy na neautorizovan\u00fdch platform\u00e1ch mohou z\u00e1kazn\u00edky vystavit riziku n\u00e1kupu pad\u011blk\u016f. Pro lep\u0161\u00ed \u00fa\u010dinnost by m\u011blo b\u00fdt pou\u017e\u00edv\u00e1n\u00ed p\u0159\u00edpravku Removio sou\u010d\u00e1st\u00ed komplexn\u00ed p\u00e9\u010de o ple\u0165 s pravideln\u00fdmi dermatologick\u00fdmi prohl\u00eddkami pro sledov\u00e1n\u00ed zdravotn\u00edho stavu.<\/p>\n\n\n\n<h2 class=\"wp-block-heading\">Removio &#8211; N\u00e1zory a recenze &#8211; Co na to \u0159\u00edkaj\u00ed u\u017eivatel\u00e9?<\/h2>\n\n\n\n<p><b>Recenze na<\/b> Removio ukazuj\u00ed r\u016fzn\u00e9 zku\u0161enosti u\u017eivatel\u016f, kte\u0159\u00ed se rozhodli pro tento <b>dopln\u011bk stravy.<\/b> Mnoho recenz\u00ed zd\u016fraz\u0148uje \u00fa\u010dinnost a p\u0159irozen\u00e9 <b>slo\u017een\u00ed<\/b> v\u00fdrobku.<\/p>\n\n\n\n<blockquote class=\"wp-block-quote is-layout-flow wp-block-quote-is-layout-flow\">\n<p><em>&#8222;Pou\u017e\u00edv\u00e1m Removio ji\u017e m\u011bs\u00edc a zaznamenal jsem v\u00fdrazn\u00e9 zlep\u0161en\u00ed. M\u016fj krevn\u00ed tlak se kone\u010dn\u011b vr\u00e1til do norm\u00e1lu, co\u017e je pro m\u011b obrovsk\u00e1 \u00faleva. Doporu\u010dil bych ho v\u0161em, kte\u0159\u00ed maj\u00ed probl\u00e9my s vysok\u00fdm krevn\u00edm tlakem.&#8220;<\/em> &#8211; Anna<\/p>\n<\/blockquote>\n\n\n\n<blockquote class=\"wp-block-quote is-layout-flow wp-block-quote-is-layout-flow\">\n<p><em>&#8222;Zpo\u010d\u00e1tku jsem byla skeptick\u00e1, ale po 3 t\u00fddnech u\u017e\u00edv\u00e1n\u00ed p\u0159\u00edpravku Removio se m\u016fj krevn\u00ed tlak stabilizoval. C\u00edt\u00edm se l\u00e9pe a m\u00e1m v\u00edce energie. P\u0159\u00edrodn\u00ed slo\u017een\u00ed je velk\u00e9 plus.&#8220;<\/em> &#8211; Marek<\/p>\n<\/blockquote>\n\n\n\n<blockquote class=\"wp-block-quote is-layout-flow wp-block-quote-is-layout-flow\">\n<p><em>&#8222;Removio jsem si vybral po mnoha ne\u00fasp\u011b\u0161n\u00fdch pokusech s jin\u00fdmi dopl\u0148ky stravy. Jsem s n\u00edm velmi spokojen a zdrav\u00ed je pro m\u011b nejd\u016fle\u017eit\u011bj\u0161\u00ed. Kone\u010dn\u011b m\u00e1m se sv\u00fdm krevn\u00edm tlakem klid.&#8220;<\/em> &#8211; Catherine<\/p>\n<\/blockquote>\n\n\n\n<p>Zku\u0161enosti u\u017eivatel\u016f jasn\u011b ukazuj\u00ed, \u017ee Removio m\u00e1 pozitivn\u00ed \u00fa\u010dinky a zlep\u0161uje celkovou pohodu. Recenze nazna\u010duj\u00ed, \u017ee \u00fa\u010dinnost v\u00fdrobku z n\u011bj \u010din\u00ed obl\u00edbenou volbu v boji proti hypertenzi.<\/p>\n\n\n\n<h2 class=\"wp-block-heading\">Removio &#8211; Slo\u017een\u00ed &#8211; Co obsahuje?<\/h2>\n\n\n\n<p>Removio je modern\u00ed <b>dopln\u011bk stravy<\/b>, kter\u00fd kombinuje <em>\u00fa\u010dinn\u00e9 l\u00e1tky<\/em> p\u0159\u00edrodn\u00edho p\u016fvodu. Jeho <em>slo\u017een\u00ed<\/em> zahrnuje \u0159adu rostlinn\u00fdch extrakt\u016f, vitam\u00edn\u016f a miner\u00e1l\u016f na podporu kardiovaskul\u00e1rn\u00edho syst\u00e9mu. Mezi kl\u00ed\u010dov\u00e9 <em>\u00fa\u010dinn\u00e9 l\u00e1tky<\/em> pat\u0159\u00ed nap\u0159\u00edklad extrakt z \u010desneku, kter\u00fd je zn\u00e1m\u00fd sv\u00fdmi \u00fa\u010dinky na sni\u017eov\u00e1n\u00ed krevn\u00edho tlaku, a ho\u0159\u010d\u00edk, d\u016fle\u017eit\u00fd pro spr\u00e1vnou funkci srdce.<\/p>\n\n\n\n<p>U\u017eivatel\u00e9 si mohou b\u00fdt slo\u017een\u00edm p\u0159\u00edpravku <b>Removio<\/b> jisti. \u00dapln\u00e9 <em>slo\u017een\u00ed<\/em> lze nal\u00e9zt na p\u0159\u00edbalov\u00e9m let\u00e1ku, kter\u00fd poskytuje transparentnost a pocit jistoty. P\u0159i pravideln\u00e9m u\u017e\u00edv\u00e1n\u00ed se slo\u017een\u00ed skl\u00e1d\u00e1 z n\u00e1sleduj\u00edc\u00edch l\u00e1tek:<\/p>\n\n\n\n<figure class=\"wp-block-table\"><table class=\"has-fixed-layout\"><tbody><tr><th>Slo\u017een\u00ed<\/th><th>Popis<\/th><\/tr><tr><td>Extrakt z \u010desneku<\/td><td>M\u00e1 \u00fa\u010dinek na sn\u00ed\u017een\u00ed krevn\u00edho tlaku a podporuje kardiovaskul\u00e1rn\u00ed syst\u00e9m.<\/td><\/tr><tr><td>Ho\u0159\u010d\u00edk<\/td><td>Podporuje srde\u010dn\u00ed \u010dinnost, zlep\u0161uje celkovou pohodu.<\/td><\/tr><tr><td>Vitamin D<\/td><td>Reguluje metabolismus v\u00e1pn\u00edku, podporuje zdrav\u00ed kost\u00ed.<\/td><\/tr><tr><td>Rhodiola rosea extrakt<\/td><td>Pom\u00e1h\u00e1 v boji proti stresu, podporuje energii a vitalitu.<\/td><\/tr><\/tbody><\/table><\/figure>\n\n\n\n<p><b>Dopln\u011bk stravy<\/b> Removio \u00fa\u010dinn\u011b kombinuje tyto <em>\u00fa\u010dinn\u00e9 l\u00e1tky<\/em> a nab\u00edz\u00ed tak u\u017eivatel\u016fm komplexn\u00ed podporu jejich zdrav\u00ed. Kl\u00ed\u010dov\u00e9 slo\u017eky zaji\u0161\u0165uj\u00ed nejen <b>bezpe\u010dn\u00e9<\/b> u\u017e\u00edv\u00e1n\u00ed, ale tak\u00e9 \u00fa\u010dinnost, co\u017e z n\u011bj \u010din\u00ed zaj\u00edmavou volbu pro ty, kte\u0159\u00ed hledaj\u00ed p\u0159\u00edrodn\u00ed metody ke zlep\u0161en\u00ed kvality sv\u00e9ho \u017eivota.<\/p>\n\n\n\n<h2 class=\"wp-block-heading\">Kde koupit a jak\u00e1 je cena Removio?<\/h2>\n\n\n\n<p>Removio je dopln\u011bk stravy, kter\u00fd lze zakoupit pouze na ofici\u00e1ln\u00edch <em>str\u00e1nk\u00e1ch v\u00fdrobce<\/em>. Tato volba zaji\u0161\u0165uje u\u017eivatel\u016fm kvalitu a originalitu v\u00fdrobku. Stoj\u00ed za to si uv\u011bdomit, \u017ee p\u0159i n\u00e1kupu z ofici\u00e1ln\u00edch webov\u00fdch str\u00e1nek v\u00fdrobce m\u00e1te jistotu, \u017ee obdr\u017e\u00edte origin\u00e1ln\u00ed Removio, co\u017e je obzvl\u00e1\u0161t\u011b d\u016fle\u017eit\u00e9, pokud jde o dopl\u0148ky stravy.<\/p>\n\n\n\n<p>Pokud jde o cenu, m\u011bla by b\u00fdt pravideln\u011b kontrolov\u00e1na, proto\u017ee <em>cena<\/em> Removio se m\u016f\u017ee li\u0161it v z\u00e1vislosti na aktu\u00e1ln\u00edch akc\u00edch a nab\u00eddk\u00e1ch. V\u00fdrobce \u010dasto zav\u00e1d\u00ed slevy, zejm\u00e9na p\u0159i n\u00e1kupu v\u00edce balen\u00ed, co\u017e \u010din\u00ed tento v\u00fdrobek je\u0161t\u011b atraktivn\u011bj\u0161\u00edm.<\/p>\n\n\n\n<p>Stoj\u00ed za zm\u00ednku, \u017ee Removio nen\u00ed k dispozici ve stacion\u00e1rn\u00edch l\u00e9k\u00e1rn\u00e1ch nebo jin\u00fdch maloobchodn\u00edch prodejn\u00e1ch, co\u017e zd\u016fraz\u0148uje jeho jedine\u010dnost a specifi\u010dnost jako p\u0159\u00edrodn\u00edho dopl\u0148ku. Pro ty, kte\u0159\u00ed se zaj\u00edmaj\u00ed, <em>kde koupit<\/em> Removio, je odpov\u011b\u010f jasn\u00e1: pouze na ofici\u00e1ln\u00edch str\u00e1nk\u00e1ch <em>v\u00fdrobce<\/em>.<\/p>\n\n\n\n<p>T\u00edmto zp\u016fsobem si ka\u017ed\u00fd u\u017eivatel m\u016f\u017ee b\u00fdt jist\u00fd, \u017ee si koup\u00ed vysoce kvalitn\u00ed v\u00fdrobek, kter\u00fd funguje efektivn\u011b a bezpe\u010dn\u011b. Pozitivn\u00ed recenze na polsk\u00fdch internetov\u00fdch f\u00f3rech potvrzuj\u00ed p\u016fsoben\u00ed Removio, co\u017e d\u00e1le podporuje n\u00e1kup.<\/p>\n\n\n\n<h2 class=\"wp-block-heading\">Removio &#8211; Ne\u017e\u00e1douc\u00ed \u00fa\u010dinky a kontraindikace &#8211; Bezpe\u010dnost pou\u017eit\u00ed<\/h2>\n\n\n\n<p>Removio je obecn\u011b pova\u017eov\u00e1n za bezpe\u010dn\u00fd dopln\u011bk stravy, zejm\u00e9na pokud je pou\u017e\u00edv\u00e1n v souladu s doporu\u010den\u00edmi v\u00fdrobce. Vykazuje vysok\u00fd stupe\u0148 \u00fa\u010dinnosti a <b>bezpe\u010dnosti,<\/b> co\u017e potvrzuj\u00ed klinick\u00e9 studie. Nicm\u00e9n\u011b jako u ka\u017ed\u00e9ho dopl\u0148ku stravy se mohou vyskytnout n\u011bkter\u00e9 <strong>ne\u017e\u00e1douc\u00ed \u00fa\u010dinky<\/strong>. N\u011bkte\u0159\u00ed u\u017eivatel\u00e9 hl\u00e1sili m\u00edrn\u00e9 \u017ealude\u010dn\u00ed pot\u00ed\u017ee, zejm\u00e9na na za\u010d\u00e1tku l\u00e9\u010dby. Je d\u016fle\u017eit\u00e9, aby se ka\u017ed\u00fd, kdo m\u00e1 obavy, p\u0159ed zah\u00e1jen\u00edm l\u00e9\u010dby poradil s l\u00e9ka\u0159em.<\/p>\n\n\n\n<p>Lid\u00e9, kte\u0159\u00ed jsou alergi\u010dt\u00ed na n\u011bkterou ze slo\u017eek p\u0159\u00edpravku Removio, by se m\u011bli jeho u\u017e\u00edv\u00e1n\u00ed vyhnout, co\u017e je d\u016fle\u017eit\u00e1 <strong>kontraindikace<\/strong>. Proto je vhodn\u00e9 si p\u0159ed pou\u017eit\u00edm p\u0159\u00edpravku pe\u010dliv\u011b p\u0159e\u010d\u00edst jeho etiketu a slo\u017een\u00ed. Pro ty, kte\u0159\u00ed hledaj\u00ed p\u0159\u00edrodn\u00ed \u0159e\u0161en\u00ed v boji proti bradavic\u00edm, se Removio doporu\u010duje jako alternativa k invazivn\u011bj\u0161\u00edm metod\u00e1m.<\/p>\n\n\n\n<p>Z\u00e1v\u011brem lze \u0159\u00edci, \u017ee bezpe\u010dnost p\u0159\u00edpravku Removio je na vysok\u00e9 \u00farovni, co\u017e z n\u011bj \u010din\u00ed atraktivn\u00ed volbu pro ty, kte\u0159\u00ed cht\u011bj\u00ed kontrolovat sv\u00e9 zdrav\u00ed p\u0159irozenou cestou. Kl\u00ed\u010dem k \u00fa\u010dinn\u00e9 a bezpe\u010dn\u00e9 l\u00e9\u010db\u011b je v\u0161ak opatrnost a konzultace s odborn\u00edkem.<\/p>\n\n\n\n<p><\/p>\n","protected":false},"excerpt":{"rendered":"<p><strong>[date_countdown]<\/strong><\/p>\n<p><strong><img decoding=\"async\" class=\"alignnone  wp-image-8078\" src=\"https:\/\/www.mojeplazma.cz\/farmacie\/wp-content\/uploads\/2024\/10\/SAFE-PAY-300x88-1.png\" alt=\"SAFE-PAY-300x88\" width=\"154\" height=\"45\" \/><\/strong><\/p>\n","protected":false},"featured_media":4075,"comment_status":"open","ping_status":"closed","template":"","meta":{"neve_meta_sidebar":"","neve_meta_container":"","neve_meta_enable_content_width":"","neve_meta_content_width":0,"neve_meta_title_alignment":"","neve_meta_author_avatar":"","neve_post_elements_order":"","neve_meta_disable_header":"","neve_meta_disable_footer":"","neve_meta_disable_title":"","neve_meta_reading_time":""},"product_brand":[],"product_cat":[15],"product_tag":[],"class_list":{"0":"post-4046","1":"product","2":"type-product","3":"status-publish","4":"has-post-thumbnail","6":"product_cat-zdravi","8":"first","9":"instock","10":"sale","11":"shipping-taxable","12":"product-type-external"},"yoast_head":"<!-- This site is optimized with the Yoast SEO plugin v27.3 - https:\/\/yoast.com\/product\/yoast-seo-wordpress\/ -->\n<title>Removio - Recenze, L\u00e9k\u00e1rna, Cena - 50%, F\u00f3rum, \u00da\u010dinky | 2026<\/title>\n<meta name=\"robots\" content=\"index, follow, max-snippet:-1, max-image-preview:large, max-video-preview:-1\" \/>\n<link rel=\"canonical\" href=\"https:\/\/www.mojeplazma.cz\/farmacie\/farmacie\/removio\/\" \/>\n<meta property=\"og:locale\" content=\"cs_CZ\" \/>\n<meta property=\"og:type\" content=\"article\" \/>\n<meta property=\"og:title\" content=\"Removio - Recenze, L\u00e9k\u00e1rna, Cena - 50%, F\u00f3rum, \u00da\u010dinky | 2026\" \/>\n<meta property=\"og:url\" content=\"https:\/\/www.mojeplazma.cz\/farmacie\/farmacie\/removio\/\" \/>\n<meta property=\"og:site_name\" content=\"MojePlazma\" \/>\n<meta property=\"article:modified_time\" content=\"2024-11-16T17:39:27+00:00\" \/>\n<meta property=\"og:image\" content=\"https:\/\/www.mojeplazma.cz\/farmacie\/wp-content\/uploads\/2024\/10\/removio.jpg\" \/>\n\t<meta property=\"og:image:width\" content=\"768\" \/>\n\t<meta property=\"og:image:height\" content=\"768\" \/>\n\t<meta property=\"og:image:type\" content=\"image\/jpeg\" \/>\n<meta name=\"twitter:card\" content=\"summary_large_image\" \/>\n<meta name=\"twitter:description\" content=\"[date_countdown]\" \/>\n<meta name=\"twitter:label1\" content=\"Odhadovan\u00e1 doba \u010dten\u00ed\" \/>\n\t<meta name=\"twitter:data1\" content=\"1 minuta\" \/>\n<script type=\"application\/ld+json\" class=\"yoast-schema-graph\">{\"@context\":\"https:\\\/\\\/schema.org\",\"@graph\":[{\"@type\":\"WebPage\",\"@id\":\"https:\\\/\\\/www.mojeplazma.cz\\\/farmacie\\\/farmacie\\\/removio\\\/\",\"url\":\"https:\\\/\\\/www.mojeplazma.cz\\\/farmacie\\\/farmacie\\\/removio\\\/\",\"name\":\"Removio - Recenze, L\u00e9k\u00e1rna, Cena - 50%, F\u00f3rum, \u00da\u010dinky | 2026\",\"isPartOf\":{\"@id\":\"https:\\\/\\\/www.mojeplazma.cz\\\/farmacie\\\/#website\"},\"primaryImageOfPage\":{\"@id\":\"https:\\\/\\\/www.mojeplazma.cz\\\/farmacie\\\/farmacie\\\/removio\\\/#primaryimage\"},\"image\":{\"@id\":\"https:\\\/\\\/www.mojeplazma.cz\\\/farmacie\\\/farmacie\\\/removio\\\/#primaryimage\"},\"thumbnailUrl\":\"https:\\\/\\\/www.mojeplazma.cz\\\/farmacie\\\/wp-content\\\/uploads\\\/2024\\\/10\\\/removio.jpg\",\"datePublished\":\"2024-10-10T16:26:58+00:00\",\"dateModified\":\"2024-11-16T17:39:27+00:00\",\"breadcrumb\":{\"@id\":\"https:\\\/\\\/www.mojeplazma.cz\\\/farmacie\\\/farmacie\\\/removio\\\/#breadcrumb\"},\"inLanguage\":\"cs\",\"potentialAction\":[{\"@type\":\"ReadAction\",\"target\":[\"https:\\\/\\\/www.mojeplazma.cz\\\/farmacie\\\/farmacie\\\/removio\\\/\"]}]},{\"@type\":\"ImageObject\",\"inLanguage\":\"cs\",\"@id\":\"https:\\\/\\\/www.mojeplazma.cz\\\/farmacie\\\/farmacie\\\/removio\\\/#primaryimage\",\"url\":\"https:\\\/\\\/www.mojeplazma.cz\\\/farmacie\\\/wp-content\\\/uploads\\\/2024\\\/10\\\/removio.jpg\",\"contentUrl\":\"https:\\\/\\\/www.mojeplazma.cz\\\/farmacie\\\/wp-content\\\/uploads\\\/2024\\\/10\\\/removio.jpg\",\"width\":768,\"height\":768},{\"@type\":\"BreadcrumbList\",\"@id\":\"https:\\\/\\\/www.mojeplazma.cz\\\/farmacie\\\/farmacie\\\/removio\\\/#breadcrumb\",\"itemListElement\":[{\"@type\":\"ListItem\",\"position\":1,\"name\":\"Strona g\u0142\u00f3wna\",\"item\":\"https:\\\/\\\/www.mojeplazma.cz\\\/farmacie\\\/\"},{\"@type\":\"ListItem\",\"position\":2,\"name\":\"farmacie\",\"item\":\"https:\\\/\\\/www.mojeplazma.cz\\\/farmacie\\\/\"},{\"@type\":\"ListItem\",\"position\":3,\"name\":\"Removio\"}]},{\"@type\":\"WebSite\",\"@id\":\"https:\\\/\\\/www.mojeplazma.cz\\\/farmacie\\\/#website\",\"url\":\"https:\\\/\\\/www.mojeplazma.cz\\\/farmacie\\\/\",\"name\":\"mojeplazma.cz\",\"description\":\"\",\"potentialAction\":[{\"@type\":\"SearchAction\",\"target\":{\"@type\":\"EntryPoint\",\"urlTemplate\":\"https:\\\/\\\/www.mojeplazma.cz\\\/farmacie\\\/?s={search_term_string}\"},\"query-input\":{\"@type\":\"PropertyValueSpecification\",\"valueRequired\":true,\"valueName\":\"search_term_string\"}}],\"inLanguage\":\"cs\"}]}<\/script>\n<!-- \/ Yoast SEO plugin. -->","yoast_head_json":{"title":"Removio - Recenze, L\u00e9k\u00e1rna, Cena - 50%, F\u00f3rum, \u00da\u010dinky | 2026","robots":{"index":"index","follow":"follow","max-snippet":"max-snippet:-1","max-image-preview":"max-image-preview:large","max-video-preview":"max-video-preview:-1"},"canonical":"https:\/\/www.mojeplazma.cz\/farmacie\/farmacie\/removio\/","og_locale":"cs_CZ","og_type":"article","og_title":"Removio - Recenze, L\u00e9k\u00e1rna, Cena - 50%, F\u00f3rum, \u00da\u010dinky | 2026","og_url":"https:\/\/www.mojeplazma.cz\/farmacie\/farmacie\/removio\/","og_site_name":"MojePlazma","article_modified_time":"2024-11-16T17:39:27+00:00","og_image":[{"width":768,"height":768,"url":"https:\/\/www.mojeplazma.cz\/farmacie\/wp-content\/uploads\/2024\/10\/removio.jpg","type":"image\/jpeg"}],"twitter_card":"summary_large_image","twitter_description":"[date_countdown]","twitter_misc":{"Odhadovan\u00e1 doba \u010dten\u00ed":"1 minuta"},"schema":{"@context":"https:\/\/schema.org","@graph":[{"@type":"WebPage","@id":"https:\/\/www.mojeplazma.cz\/farmacie\/farmacie\/removio\/","url":"https:\/\/www.mojeplazma.cz\/farmacie\/farmacie\/removio\/","name":"Removio - Recenze, L\u00e9k\u00e1rna, Cena - 50%, F\u00f3rum, \u00da\u010dinky | 2026","isPartOf":{"@id":"https:\/\/www.mojeplazma.cz\/farmacie\/#website"},"primaryImageOfPage":{"@id":"https:\/\/www.mojeplazma.cz\/farmacie\/farmacie\/removio\/#primaryimage"},"image":{"@id":"https:\/\/www.mojeplazma.cz\/farmacie\/farmacie\/removio\/#primaryimage"},"thumbnailUrl":"https:\/\/www.mojeplazma.cz\/farmacie\/wp-content\/uploads\/2024\/10\/removio.jpg","datePublished":"2024-10-10T16:26:58+00:00","dateModified":"2024-11-16T17:39:27+00:00","breadcrumb":{"@id":"https:\/\/www.mojeplazma.cz\/farmacie\/farmacie\/removio\/#breadcrumb"},"inLanguage":"cs","potentialAction":[{"@type":"ReadAction","target":["https:\/\/www.mojeplazma.cz\/farmacie\/farmacie\/removio\/"]}]},{"@type":"ImageObject","inLanguage":"cs","@id":"https:\/\/www.mojeplazma.cz\/farmacie\/farmacie\/removio\/#primaryimage","url":"https:\/\/www.mojeplazma.cz\/farmacie\/wp-content\/uploads\/2024\/10\/removio.jpg","contentUrl":"https:\/\/www.mojeplazma.cz\/farmacie\/wp-content\/uploads\/2024\/10\/removio.jpg","width":768,"height":768},{"@type":"BreadcrumbList","@id":"https:\/\/www.mojeplazma.cz\/farmacie\/farmacie\/removio\/#breadcrumb","itemListElement":[{"@type":"ListItem","position":1,"name":"Strona g\u0142\u00f3wna","item":"https:\/\/www.mojeplazma.cz\/farmacie\/"},{"@type":"ListItem","position":2,"name":"farmacie","item":"https:\/\/www.mojeplazma.cz\/farmacie\/"},{"@type":"ListItem","position":3,"name":"Removio"}]},{"@type":"WebSite","@id":"https:\/\/www.mojeplazma.cz\/farmacie\/#website","url":"https:\/\/www.mojeplazma.cz\/farmacie\/","name":"mojeplazma.cz","description":"","potentialAction":[{"@type":"SearchAction","target":{"@type":"EntryPoint","urlTemplate":"https:\/\/www.mojeplazma.cz\/farmacie\/?s={search_term_string}"},"query-input":{"@type":"PropertyValueSpecification","valueRequired":true,"valueName":"search_term_string"}}],"inLanguage":"cs"}]}},"_links":{"self":[{"href":"https:\/\/www.mojeplazma.cz\/farmacie\/wp-json\/wp\/v2\/product\/4046","targetHints":{"allow":["GET"]}}],"collection":[{"href":"https:\/\/www.mojeplazma.cz\/farmacie\/wp-json\/wp\/v2\/product"}],"about":[{"href":"https:\/\/www.mojeplazma.cz\/farmacie\/wp-json\/wp\/v2\/types\/product"}],"replies":[{"embeddable":true,"href":"https:\/\/www.mojeplazma.cz\/farmacie\/wp-json\/wp\/v2\/comments?post=4046"}],"wp:featuredmedia":[{"embeddable":true,"href":"https:\/\/www.mojeplazma.cz\/farmacie\/wp-json\/wp\/v2\/media\/4075"}],"wp:attachment":[{"href":"https:\/\/www.mojeplazma.cz\/farmacie\/wp-json\/wp\/v2\/media?parent=4046"}],"wp:term":[{"taxonomy":"product_brand","embeddable":true,"href":"https:\/\/www.mojeplazma.cz\/farmacie\/wp-json\/wp\/v2\/product_brand?post=4046"},{"taxonomy":"product_cat","embeddable":true,"href":"https:\/\/www.mojeplazma.cz\/farmacie\/wp-json\/wp\/v2\/product_cat?post=4046"},{"taxonomy":"product_tag","embeddable":true,"href":"https:\/\/www.mojeplazma.cz\/farmacie\/wp-json\/wp\/v2\/product_tag?post=4046"}],"curies":[{"name":"wp","href":"https:\/\/api.w.org\/{rel}","templated":true}]}}