{"id":4051,"date":"2024-10-10T16:26:58","date_gmt":"2024-10-10T16:26:58","guid":{"rendered":"https:\/\/www.mojeplazma.cz\/farmacie\/?post_type=product&#038;p=4051"},"modified":"2024-11-16T17:25:44","modified_gmt":"2024-11-16T17:25:44","slug":"promicil","status":"publish","type":"product","link":"https:\/\/www.mojeplazma.cz\/farmacie\/farmacie\/promicil\/","title":{"rendered":"Promicil"},"content":{"rendered":"\n<h2 class=\"wp-block-heading\">Co je p\u0159\u00edpravek Promicil a jak funguje?<\/h2>\n\n\n\n<p>Promicil je inovativn\u00ed kr\u00e9m ur\u010den\u00fd k boji proti dermatofyt\u00f3ze. Jeho <em>\u00fa\u010dinek<\/em> je zalo\u017een na likvidaci pl\u00edsn\u00ed a jejich mno\u017een\u00ed na povrchu k\u016f\u017ee. Slo\u017een\u00ed obsahuje <em>\u00fa\u010dinn\u00e9 l\u00e1tky,<\/em> kter\u00e9 pronikaj\u00ed do hlub\u0161\u00edch vrstev epidermis a \u00fa\u010dinn\u011b zm\u00edr\u0148uj\u00ed p\u0159\u00edznaky, jako je sv\u011bd\u011bn\u00ed, p\u00e1len\u00ed a zarudnut\u00ed.<\/p>\n\n\n\n<p>P\u0159\u00edpravek Promicil byl vyvinut pro osoby s dermatologick\u00fdmi probl\u00e9my, kter\u00e9 cht\u011bj\u00ed rychlou a \u00fa\u010dinnou \u00falevu. P\u0159\u00edpravek p\u016fsob\u00ed na mnoho typ\u016f p\u00e1sov\u00e9ho oparu a jeho pou\u017e\u00edv\u00e1n\u00ed p\u0159in\u00e1\u0161\u00ed zlep\u0161en\u00ed i t\u011bm, kte\u0159\u00ed se pot\u00fdkaj\u00ed s nep\u0159\u00edjemn\u00fdm z\u00e1pachem nohou nebo olupov\u00e1n\u00edm k\u016f\u017ee. Pravideln\u00e9 <b>pou\u017e\u00edv\u00e1n\u00ed<\/b> p\u0159\u00edpravku m\u016f\u017ee p\u0159isp\u011bt k v\u00fdrazn\u00e9mu zm\u00edrn\u011bn\u00ed p\u0159\u00edznak\u016f p\u00e1sov\u00e9ho oparu.<\/p>\n\n\n\n<ul class=\"wp-block-list\">\n<li>Eliminuje pl\u00edsn\u011b na povrchu k\u016f\u017ee.<\/li>\n\n\n\n<li>Zm\u00edr\u0148uje p\u0159\u00edznaky spojen\u00e9 s p\u00e1sov\u00fdm oparem, v\u010detn\u011b sv\u011bd\u011bn\u00ed a p\u00e1len\u00ed.<\/li>\n\n\n\n<li>Zabra\u0148uje vzniku nov\u00fdch infekc\u00ed.<\/li>\n<\/ul>\n\n\n\n<p>Promicil si z\u00edskal chv\u00e1lu u\u017eivatel\u016f pro sv\u016fj rychl\u00fd <b>\u00fa\u010dinek<\/b> a \u00fa\u010dinnost p\u0159i odstra\u0148ov\u00e1n\u00ed pl\u00eds\u0148ov\u00fdch infekc\u00ed. Pravideln\u00e9 <b>pou\u017e\u00edv\u00e1n\u00ed<\/b> nejen l\u00e9\u010d\u00ed, ale tak\u00e9 podporuje regeneraci poko\u017eky, tak\u017ee je v boji proti p\u00e1sov\u00e9mu oparu univerz\u00e1ln\u00ed.<\/p>\n\n\n\n<h2 class=\"wp-block-heading\">Promicil &#8211; \u00fa\u010dinky<\/h2>\n\n\n\n<p><b>\u00da\u010dinky p\u0159\u00edpravku<\/b> Promicil jsou viditeln\u00e9 ji\u017e po prvn\u00edm pou\u017eit\u00ed. U\u017eivatel\u00e9 \u010dasto zaznamen\u00e1vaj\u00ed rychl\u00e9 vymizen\u00ed p\u0159\u00edznak\u016f p\u00e1sov\u00e9ho oparu, jako je <em>sv\u011bd\u011bn\u00ed<\/em>, <em>nep\u0159\u00edjemn\u00fd z\u00e1pach<\/em> a bolest. P\u0159\u00edpravek je ur\u010den lidem, kte\u0159\u00ed bojuj\u00ed s pl\u00eds\u0148ovou infekc\u00ed nohou a suchou k\u016f\u017e\u00ed. Pravideln\u00e9 <b>pou\u017e\u00edv\u00e1n\u00ed p\u0159\u00edpravku<\/b> Promicil vede k v\u00fdrazn\u00e9mu zlep\u0161en\u00ed stavu poko\u017eky, co\u017e potvrzuj\u00ed \u010detn\u00e9 studie a <b>zp\u011btn\u00e1 vazba od<\/b> spokojen\u00fdch z\u00e1kazn\u00edk\u016f.<\/p>\n\n\n\n<p>Mnoho lid\u00ed hl\u00e1s\u00ed \u00fapln\u00e9 vyl\u00e9\u010den\u00ed p\u00e1sov\u00e9ho oparu a <b>\u00fa\u010dinky<\/b> jsou patrn\u00e9 na poko\u017ece nohou i na dal\u0161\u00edch m\u00edstech n\u00e1chyln\u00fdch k p\u00e1sov\u00e9mu oparu. Po t\u00fddnu pou\u017e\u00edv\u00e1n\u00ed p\u0159\u00edpravku Promicil je zaznamen\u00e1no zmen\u0161en\u00ed prasklin na pat\u00e1ch, hojen\u00ed ran a ukon\u010den\u00ed \u00faporn\u00e9ho sv\u011bd\u011bn\u00ed. D\u00edky sv\u00fdm slo\u017ek\u00e1m, jako je tea tree olej, a tak\u00e9 p\u0159\u00edrodn\u00edm protiz\u00e1n\u011btliv\u00fdm l\u00e1tk\u00e1m Promicil \u00fa\u010dinn\u011b bojuje proti p\u00e1sov\u00e9mu oparu a z\u00e1rove\u0148 zm\u00edr\u0148uje jeho p\u0159\u00edznaky.<\/p>\n\n\n\n<p>Stoj\u00ed za zm\u00ednku, \u017ee Promicil se aplikuje lok\u00e1ln\u011b na posti\u017een\u00e1 m\u00edsta, co\u017e p\u0159isp\u00edv\u00e1 k dosa\u017een\u00ed rychl\u00fdch a trval\u00fdch v\u00fdsledk\u016f. P\u0159\u00edpravek je v\u011bt\u0161inou u\u017eivatel\u016f dob\u0159e sn\u00e1\u0161en a jeho <b>slo\u017een\u00ed<\/b> zalo\u017een\u00e9 na p\u0159\u00edrodn\u00edch slo\u017ek\u00e1ch sni\u017euje riziko ne\u017e\u00e1douc\u00edch \u00fa\u010dink\u016f.<\/p>\n\n\n\n<figure class=\"wp-block-table\"><table class=\"has-fixed-layout\"><tbody><tr><th>P\u0159\u00edznaky p\u00e1sov\u00e9ho oparu<\/th><th>\u00da\u010dinky po pou\u017eit\u00ed p\u0159\u00edpravku Promicil<\/th><\/tr><tr><td>Sv\u011bd\u011bn\u00ed<\/td><td>Zmiz\u00ed po prvn\u00ed aplikaci<\/td><\/tr><tr><td>Nep\u0159\u00edjemn\u00fd z\u00e1pach<\/td><td>Sn\u00ed\u017e\u00ed se b\u011bhem t\u00fddne<\/td><\/tr><tr><td>Praskliny na pat\u00e1ch<\/td><td>Redukce viditeln\u00e1 po t\u00fddnu aplikace<\/td><\/tr><tr><td>Bolest a nepohodl\u00ed<\/td><td>Zmiz\u00ed po n\u011bkolika dnech pravideln\u00e9ho pou\u017e\u00edv\u00e1n\u00ed<\/td><\/tr><\/tbody><\/table><\/figure>\n\n\n\n<p>Z\u00e1v\u011brem lze \u0159\u00edci, \u017ee Promicil je \u00fa\u010dinn\u00fdm \u0159e\u0161en\u00edm pro l\u00e9\u010dbu p\u00e1sov\u00e9ho oparu. Jeho v\u00edcesm\u011brn\u00e9 <b>p\u016fsoben\u00ed<\/b> p\u0159in\u00e1\u0161\u00ed uspokojiv\u00e9 <b>v\u00fdsledky,<\/b> d\u00edky \u010demu\u017e jej doporu\u010duje mnoho lid\u00ed, kte\u0159\u00ed se s t\u00edmto probl\u00e9mem pot\u00fdkaj\u00ed.<\/p>\n\n\n\n<h2 class=\"wp-block-heading\">Jak pou\u017e\u00edvat p\u0159\u00edpravek Promicil? &#8211; D\u00e1vkov\u00e1n\u00ed a doporu\u010den\u00ed<\/h2>\n\n\n\n<p>Pou\u017e\u00edv\u00e1n\u00ed p\u0159\u00edpravku Promicil vy\u017eaduje pro dosa\u017een\u00ed optim\u00e1ln\u00edch v\u00fdsledk\u016f dodr\u017eov\u00e1n\u00ed n\u011bkolika kl\u00ed\u010dov\u00fdch z\u00e1sad. Pro \u00fa\u010dinnou l\u00e9\u010dbu dermatofyt\u00f3zy se doporu\u010duje aplikovat p\u0159\u00edpravek dvakr\u00e1t denn\u011b, r\u00e1no a ve\u010der. Kr\u00e9m by se m\u011bl nan\u00e1\u0161et na p\u0159edem o\u010di\u0161t\u011bnou a d\u016fkladn\u011b osu\u0161enou poko\u017eku. D\u016fkladn\u00e9 vmas\u00edrov\u00e1n\u00ed do posti\u017een\u00e9 oblasti urychluje jeho vst\u0159eb\u00e1v\u00e1n\u00ed a zvy\u0161uje jeho \u00fa\u010dinnost. Je t\u0159eba m\u00edt na pam\u011bti, \u017ee pokra\u010dov\u00e1n\u00ed v l\u00e9\u010db\u011b i po vymizen\u00ed p\u0159\u00edznak\u016f je d\u016fle\u017eit\u00e9 pro prevenci recidivy mycosis fungoides.<\/p>\n\n\n\n<p>Pokud se objev\u00ed z\u00e1va\u017en\u00e1 alergick\u00e1 reakce nebo po t\u00fddnu u\u017e\u00edv\u00e1n\u00ed p\u0159\u00edpravku Promicil nedojde k v\u00fdrazn\u00e9mu zlep\u0161en\u00ed, neot\u00e1lejte s konzultac\u00ed s odborn\u00edkem. Spr\u00e1vn\u00e9 <b>d\u00e1vkov\u00e1n\u00ed<\/b> a doporu\u010den\u00ed l\u00e9ka\u0159e m\u016f\u017ee ovlivnit \u00fa\u010dinnost l\u00e9\u010dby. U\u017eivatel\u00e9 by tak\u00e9 m\u011bli dodr\u017eovat osobn\u00ed hygienu, aby se minimalizovalo riziko op\u011btovn\u00e9 infekce.<\/p>\n\n\n\n<p>Doporu\u010den\u00e9 <b>d\u00e1vkov\u00e1n\u00ed p\u0159\u00edpravku<\/b> Promicil je uvedeno n\u00ed\u017ee:<\/p>\n\n\n\n<ul class=\"wp-block-list\">\n<li>Aplikace: 2kr\u00e1t denn\u011b &#8211; r\u00e1no a ve\u010der<\/li>\n\n\n\n<li>Application on: vy\u010di\u0161t\u011bnou a suchou poko\u017eku<\/li>\n\n\n\n<li>D\u00e9lka l\u00e9\u010dby: minim\u00e1ln\u011b 30 dn\u00ed<\/li>\n<\/ul>\n\n\n\n<p>Spr\u00e1vn\u00e9 <em>d\u00e1vkov\u00e1n\u00ed<\/em> a <em>pou\u017e\u00edv\u00e1n\u00ed<\/em> p\u0159\u00edpravk\u016f, jako je Promicil, zvy\u0161uje \u0161anci na \u00fapln\u00e9 vyl\u00e9\u010den\u00ed a zabra\u0148uje opakovan\u00e9mu v\u00fdskytu dermatofyt\u00f3zy. Stoj\u00ed za to v\u011bnovat pozornost v\u0161em <em>doporu\u010den\u00edm<\/em>, abyste se mohli t\u011b\u0161it ze zdrav\u00e9 k\u016f\u017ee bez infekce.<\/p>\n\n\n\n<h2 class=\"wp-block-heading\">Zku\u0161enosti a recenze u\u017eivatel\u016f Promicil &#8211; jak\u00e9 jsou recenze?<\/h2>\n\n\n\n<p>U\u017eivatelsk\u00e9<b>recenze na<\/b> Promicil ukazuj\u00ed, \u017ee tento p\u0159\u00edpravek je v boji proti p\u00e1sov\u00e9mu oparu vysoce \u00fa\u010dinn\u00fd. Mnoho u\u017eivatel\u016f se pod\u011blilo o sv\u00e9 pozitivn\u00ed zku\u0161enosti po pou\u017eit\u00ed kr\u00e9mu. Zde jsou n\u011bkter\u00e9 z nich:<\/p>\n\n\n\n<blockquote class=\"wp-block-quote is-layout-flow wp-block-quote-is-layout-flow\">\n<p><em>Kasia:<\/em> &#8222;Po n\u011bkolika t\u00fddnech pou\u017e\u00edv\u00e1n\u00ed Promicilu jsem zaznamenala obrovsk\u00e9 zlep\u0161en\u00ed. Sv\u011bd\u011bn\u00ed zmizelo a moje poko\u017eka za\u010dala vypadat zdrav\u011bji. D\u00edky hypoalergenn\u00edmu slo\u017een\u00ed jsem nem\u011bla \u017e\u00e1dn\u00e9 alergick\u00e9 reakce. Byl to hit!&#8220;<\/p>\n<\/blockquote>\n\n\n\n<blockquote class=\"wp-block-quote is-layout-flow wp-block-quote-is-layout-flow\">\n<p><em>Marek:<\/em> &#8222;P\u0159i hled\u00e1n\u00ed \u0159e\u0161en\u00ed pl\u00edsn\u011b nohou jsem narazil na Promicil. S velkou \u00falevou mus\u00edm \u0159\u00edct, \u017ee fungoval l\u00e9pe, ne\u017e jsem o\u010dek\u00e1val. \u00da\u010dinek u\u017e po prvn\u00edm t\u00fddnu byl p\u0159ekvapiv\u011b pozitivn\u00ed.&#8220;<\/p>\n<\/blockquote>\n\n\n\n<blockquote class=\"wp-block-quote is-layout-flow wp-block-quote-is-layout-flow\">\n<p><em>Ania:<\/em> &#8222;M\u00e1m probl\u00e9m s pl\u00edsn\u00ed neht\u016f, Promicil mi pomohl vr\u00e1tit se do norm\u00e1lu. Pou\u017e\u00edvala jsem ho pravideln\u011b 2 t\u00fddny, v\u00fdsledky jsou fantastick\u00e9. Doporu\u010dila bych ho ka\u017ed\u00e9mu, kdo m\u00e1 podobn\u00fd probl\u00e9m.&#8220;<\/p>\n<\/blockquote>\n\n\n\n<p>Tyto<b>recenze<\/b> potvrzuj\u00ed, \u017ee Promicil je \u00fa\u010dinnou volbou v boji proti pl\u00eds\u0148ov\u00fdm infekc\u00edm. U\u017eivatel\u00e9 si pochvaluj\u00ed nejen jeho \u00fa\u010dinnost, ale tak\u00e9 absenci vedlej\u0161\u00edch \u00fa\u010dink\u016f a pozitivn\u00ed vliv na vzhled poko\u017eky. Pravideln\u00e9 pou\u017e\u00edv\u00e1n\u00ed po dobu 30-35 dn\u016f p\u0159in\u00e1\u0161\u00ed viditeln\u00e9 v\u00fdsledky, co\u017e z n\u011bj \u010din\u00ed v\u00fdrobek hodn\u00fd pozornosti.<\/p>\n\n\n\n<h2 class=\"wp-block-heading\">Slo\u017een\u00ed p\u0159\u00edpravku Promicil &#8211; anal\u00fdza slo\u017eek<\/h2>\n\n\n\n<p>Promicil je modern\u00ed p\u0159\u00edpravek na ko\u017en\u00ed pl\u00edsn\u011b, jeho\u017e <em>slo\u017een\u00ed<\/em> je zalo\u017eeno na pe\u010dliv\u011b vybran\u00fdch <em>\u00fa\u010dinn\u00fdch l\u00e1tk\u00e1ch<\/em>. Jeho slo\u017een\u00ed obsahuje antimykotick\u00e9 l\u00e1tky, kter\u00e9 \u00fa\u010dinn\u011b p\u016fsob\u00ed na ko\u017en\u00ed infekce. Kl\u00ed\u010dovou slo\u017ekou je triclosan, kter\u00fd inhibuje r\u016fst pl\u00edsn\u00ed t\u00edm, \u017ee naru\u0161uje jejich metabolismus a ni\u010d\u00ed jejich DNA, co\u017e p\u0159isp\u00edv\u00e1 k rychl\u00e9mu odstran\u011bn\u00ed infekce.<\/p>\n\n\n\n<p>Krom\u011b \u00fa\u010dinn\u00fdch l\u00e1tek obsahuje Promicil p\u0159\u00edrodn\u00ed v\u00fdta\u017eky, kter\u00e9 zklid\u0148uj\u00ed podr\u00e1\u017ed\u011bn\u00ed a podporuj\u00ed regeneraci poko\u017eky. Mo\u010dovina a ricinov\u00fd olej maj\u00ed hydrata\u010dn\u00ed \u00fa\u010dinek, kter\u00fd je pro poko\u017eku posti\u017eenou p\u00e1sov\u00fdm oparem obzvl\u00e1\u0161t\u011b d\u016fle\u017eit\u00fd. Alantoin a panthenol dod\u00e1vaj\u00ed poko\u017ece zklid\u0148uj\u00edc\u00ed vlastnosti, sni\u017euj\u00ed nep\u0159\u00edjemn\u00e9 pocity, zat\u00edmco kv\u011bty m\u011bs\u00ed\u010dku l\u00e9ka\u0159sk\u00e9ho podporuj\u00ed proces hojen\u00ed.<\/p>\n\n\n\n<figure class=\"wp-block-table\"><table class=\"has-fixed-layout\"><tbody><tr><th>Slo\u017een\u00ed<\/th><th>Funkce<\/th><\/tr><tr><td>Triclosan<\/td><td>M\u00e1 protipl\u00eds\u0148ov\u00fd \u00fa\u010dinek, potla\u010duje r\u016fst pl\u00edsn\u00ed<\/td><\/tr><tr><td>Mo\u010dovina<\/td><td>Zvlh\u010duje a dod\u00e1v\u00e1 poko\u017ece v\u011bt\u0161\u00ed pru\u017enost<\/td><\/tr><tr><td>Ricinov\u00fd olej<\/td><td>Vy\u017eivuje poko\u017eku a podporuje jej\u00ed regeneraci<\/td><\/tr><tr><td>Alantoin<\/td><td>Zklid\u0148uje podr\u00e1\u017ed\u011bn\u00ed, podporuje hojen\u00ed<\/td><\/tr><tr><td>Panthenol<\/td><td>Regeneruje poko\u017eku, urychluje proces hojen\u00ed<\/td><\/tr><tr><td>V\u00fdta\u017eek z kv\u011bt\u016f m\u011bs\u00ed\u010dku l\u00e9ka\u0159sk\u00e9ho<\/td><td>M\u00e1 protiz\u00e1n\u011btliv\u00e9 a hydrata\u010dn\u00ed \u00fa\u010dinky<\/td><\/tr><\/tbody><\/table><\/figure>\n\n\n\n<p>Anal\u00fdzy ukazuj\u00ed, \u017ee <em>slo\u017een\u00ed p\u0159\u00edprav<\/em> ku Promicil odpov\u00edd\u00e1 dermatologick\u00fdm norm\u00e1m, tak\u017ee je bezpe\u010dnou a \u00fa\u010dinnou volbou v boji proti p\u00e1sov\u00e9mu oparu. P\u00e9\u010de o zdravou poko\u017eku nohou a neht\u016f se tak st\u00e1v\u00e1 mo\u017enou d\u00edky inovativn\u00edmu slo\u017een\u00ed tohoto kr\u00e9mu.<\/p>\n\n\n\n<h2 class=\"wp-block-heading\">Kde koupit a kolik stoj\u00ed Promicil &#8211; cena<\/h2>\n\n\n\n<p>Promicil lze zakoupit pouze na <em>ofici\u00e1ln\u00edch<\/em> str\u00e1nk\u00e1ch <em>v\u00fdrobce<\/em>. Pouze tak si mohou b\u00fdt z\u00e1kazn\u00edci jisti originalitou v\u00fdrobku. N\u00e1kupy na jin\u00fdch platform\u00e1ch nemus\u00ed poskytovat stejnou z\u00e1ruku kvality a bezpe\u010dnosti.<\/p>\n\n\n\n<p><b>Cena<\/b> Promicil je z\u00e1visl\u00e1 na aktu\u00e1ln\u00edch akc\u00edch, proto je nejlep\u0161\u00ed m\u00edt na pam\u011bti, \u017ee je t\u0159eba pravideln\u011b kontrolovat ofici\u00e1ln\u00ed webov\u00e9 str\u00e1nky v\u00fdrobce, zda neobsahuj\u00ed speci\u00e1ln\u00ed nab\u00eddky. Stacion\u00e1rn\u00ed l\u00e9k\u00e1rny tento produkt neprod\u00e1vaj\u00ed, co\u017e v\u00fdrazn\u011b omezuje va\u0161e mo\u017enosti n\u00e1kupu.<\/p>\n\n\n\n<p>V\u00fdb\u011brem p\u0159\u00edpravku <em>Promicil<\/em> investujete do spolehliv\u00e9ho produktu, kter\u00fd v\u00e1m nejen pom\u016f\u017ee v boji s p\u00e1sov\u00fdm oparem, ale tak\u00e9 v\u00e1m poskytne z\u00e1ruku spokojenosti. Nezapome\u0148te si v\u017edy vybrat <em>ofici\u00e1ln\u00edho v\u00fdrobce,<\/em> abyste se vyhnuli nep\u0159\u00edjemn\u00fdm p\u0159ekvapen\u00edm.<\/p>\n\n\n\n<h2 class=\"wp-block-heading\">Promicil &#8211; Ne\u017e\u00e1douc\u00ed \u00fa\u010dinky a kontraindikace &#8211; Je bezpe\u010dn\u00fd?<\/h2>\n\n\n\n<p>Promicil je obecn\u011b pova\u017eov\u00e1n za vysoce <strong>bezpe\u010dn\u00fd<\/strong> p\u0159\u00edpravek pro v\u011bt\u0161inu u\u017eivatel\u016f. D\u00edky p\u0159\u00edrodn\u00edm slo\u017ek\u00e1m, jako je olej z \u010dajovn\u00edku a v\u00fdta\u017eek z m\u011bs\u00ed\u010dku, tento kr\u00e9m \u00fa\u010dinn\u011b p\u016fsob\u00ed proti p\u00e1sov\u00e9mu oparu, ani\u017e by ohrozil zdrav\u00ed t\u011bch, kte\u0159\u00ed ho pou\u017e\u00edvaj\u00ed. Nicm\u00e9n\u011b jako u ka\u017ed\u00e9ho p\u0159\u00edpravku i zde existuj\u00ed ur\u010dit\u00e9 <strong>kontraindikace<\/strong> a mo\u017enost v\u00fdskytu <strong>ne\u017e\u00e1douc\u00edch \u00fa\u010dink\u016f<\/strong>.<\/p>\n\n\n\n<p>Ve vz\u00e1cn\u00fdch p\u0159\u00edpadech se mohou objevit drobn\u00e9 ko\u017en\u00ed reakce, jako je zarudnut\u00ed nebo pocit p\u00e1len\u00ed, kter\u00e9 obvykle po n\u011bkolika aplikac\u00edch zmiz\u00ed. Lid\u00e9 s alergi\u00ed na n\u011bkterou ze slo\u017eek p\u0159\u00edpravku Promicil by se m\u011bli jeho pou\u017e\u00edv\u00e1n\u00ed vyhnout, aby se nevystavili mo\u017en\u00fdm nep\u0159\u00edjemn\u00fdm p\u0159\u00edznak\u016fm. V p\u0159\u00edpad\u011b jak\u00fdchkoli pochybnost\u00ed nebo z\u00e1va\u017en\u00fdch alergick\u00fdch reakc\u00ed se doporu\u010duje poradit se s l\u00e9ka\u0159em.<\/p>\n\n\n\n<p>Navzdory mo\u017enosti v\u00fdskytu ne\u017e\u00e1douc\u00edch \u00fa\u010dink\u016f p\u0159ev\u00e1\u017en\u00e1 v\u011bt\u0161ina u\u017eivatelsk\u00fdch recenz\u00ed potvrzuje \u00fa\u010dinnost a <strong>bezpe\u010dnost p\u0159\u00edpravku<\/strong> Promicil. Je t\u0159eba m\u00edt na pam\u011bti, \u017ee kl\u00ed\u010dov\u00fdm prvkem pro dosa\u017een\u00ed pozitivn\u00edch v\u00fdsledk\u016f je spr\u00e1vn\u00e1 aplikace a pravidelnost pou\u017e\u00edv\u00e1n\u00ed p\u0159\u00edpravku.<\/p>\n","protected":false},"excerpt":{"rendered":"<p><strong>[date_countdown]<\/strong><\/p>\n<p><strong><img decoding=\"async\" class=\"alignnone  wp-image-8078\" src=\"https:\/\/www.mojeplazma.cz\/farmacie\/wp-content\/uploads\/2024\/10\/SAFE-PAY-300x88-1.png\" alt=\"SAFE-PAY-300x88\" width=\"154\" height=\"45\" \/><\/strong><\/p>\n","protected":false},"featured_media":4080,"comment_status":"open","ping_status":"closed","template":"","meta":{"neve_meta_sidebar":"","neve_meta_container":"","neve_meta_enable_content_width":"","neve_meta_content_width":0,"neve_meta_title_alignment":"","neve_meta_author_avatar":"","neve_post_elements_order":"","neve_meta_disable_header":"","neve_meta_disable_footer":"","neve_meta_disable_title":"","neve_meta_reading_time":""},"product_brand":[],"product_cat":[15],"product_tag":[],"class_list":{"0":"post-4051","1":"product","2":"type-product","3":"status-publish","4":"has-post-thumbnail","6":"product_cat-zdravi","8":"first","9":"instock","10":"sale","11":"shipping-taxable","12":"product-type-external"},"yoast_head":"<!-- This site is optimized with the Yoast SEO plugin v27.3 - https:\/\/yoast.com\/product\/yoast-seo-wordpress\/ -->\n<title>Promicil - Recenze, L\u00e9k\u00e1rna, Cena - 50%, F\u00f3rum, \u00da\u010dinky | 2026<\/title>\n<meta name=\"robots\" content=\"index, follow, max-snippet:-1, max-image-preview:large, max-video-preview:-1\" \/>\n<link rel=\"canonical\" href=\"https:\/\/www.mojeplazma.cz\/farmacie\/farmacie\/promicil\/\" \/>\n<meta property=\"og:locale\" content=\"cs_CZ\" \/>\n<meta property=\"og:type\" content=\"article\" \/>\n<meta property=\"og:title\" content=\"Promicil - Recenze, L\u00e9k\u00e1rna, Cena - 50%, F\u00f3rum, \u00da\u010dinky | 2026\" \/>\n<meta property=\"og:url\" content=\"https:\/\/www.mojeplazma.cz\/farmacie\/farmacie\/promicil\/\" \/>\n<meta property=\"og:site_name\" content=\"MojePlazma\" \/>\n<meta property=\"article:modified_time\" content=\"2024-11-16T17:25:44+00:00\" \/>\n<meta property=\"og:image\" content=\"https:\/\/www.mojeplazma.cz\/farmacie\/wp-content\/uploads\/2024\/10\/PROMICIL.jpg\" \/>\n\t<meta property=\"og:image:width\" content=\"768\" \/>\n\t<meta property=\"og:image:height\" content=\"768\" \/>\n\t<meta property=\"og:image:type\" content=\"image\/jpeg\" \/>\n<meta name=\"twitter:card\" content=\"summary_large_image\" \/>\n<meta name=\"twitter:description\" content=\"[date_countdown]\" \/>\n<meta name=\"twitter:label1\" content=\"Odhadovan\u00e1 doba \u010dten\u00ed\" \/>\n\t<meta name=\"twitter:data1\" content=\"1 minuta\" \/>\n<script type=\"application\/ld+json\" class=\"yoast-schema-graph\">{\"@context\":\"https:\\\/\\\/schema.org\",\"@graph\":[{\"@type\":\"WebPage\",\"@id\":\"https:\\\/\\\/www.mojeplazma.cz\\\/farmacie\\\/farmacie\\\/promicil\\\/\",\"url\":\"https:\\\/\\\/www.mojeplazma.cz\\\/farmacie\\\/farmacie\\\/promicil\\\/\",\"name\":\"Promicil - Recenze, L\u00e9k\u00e1rna, Cena - 50%, F\u00f3rum, \u00da\u010dinky | 2026\",\"isPartOf\":{\"@id\":\"https:\\\/\\\/www.mojeplazma.cz\\\/farmacie\\\/#website\"},\"primaryImageOfPage\":{\"@id\":\"https:\\\/\\\/www.mojeplazma.cz\\\/farmacie\\\/farmacie\\\/promicil\\\/#primaryimage\"},\"image\":{\"@id\":\"https:\\\/\\\/www.mojeplazma.cz\\\/farmacie\\\/farmacie\\\/promicil\\\/#primaryimage\"},\"thumbnailUrl\":\"https:\\\/\\\/www.mojeplazma.cz\\\/farmacie\\\/wp-content\\\/uploads\\\/2024\\\/10\\\/PROMICIL.jpg\",\"datePublished\":\"2024-10-10T16:26:58+00:00\",\"dateModified\":\"2024-11-16T17:25:44+00:00\",\"breadcrumb\":{\"@id\":\"https:\\\/\\\/www.mojeplazma.cz\\\/farmacie\\\/farmacie\\\/promicil\\\/#breadcrumb\"},\"inLanguage\":\"cs\",\"potentialAction\":[{\"@type\":\"ReadAction\",\"target\":[\"https:\\\/\\\/www.mojeplazma.cz\\\/farmacie\\\/farmacie\\\/promicil\\\/\"]}]},{\"@type\":\"ImageObject\",\"inLanguage\":\"cs\",\"@id\":\"https:\\\/\\\/www.mojeplazma.cz\\\/farmacie\\\/farmacie\\\/promicil\\\/#primaryimage\",\"url\":\"https:\\\/\\\/www.mojeplazma.cz\\\/farmacie\\\/wp-content\\\/uploads\\\/2024\\\/10\\\/PROMICIL.jpg\",\"contentUrl\":\"https:\\\/\\\/www.mojeplazma.cz\\\/farmacie\\\/wp-content\\\/uploads\\\/2024\\\/10\\\/PROMICIL.jpg\",\"width\":768,\"height\":768},{\"@type\":\"BreadcrumbList\",\"@id\":\"https:\\\/\\\/www.mojeplazma.cz\\\/farmacie\\\/farmacie\\\/promicil\\\/#breadcrumb\",\"itemListElement\":[{\"@type\":\"ListItem\",\"position\":1,\"name\":\"Strona g\u0142\u00f3wna\",\"item\":\"https:\\\/\\\/www.mojeplazma.cz\\\/farmacie\\\/\"},{\"@type\":\"ListItem\",\"position\":2,\"name\":\"farmacie\",\"item\":\"https:\\\/\\\/www.mojeplazma.cz\\\/farmacie\\\/\"},{\"@type\":\"ListItem\",\"position\":3,\"name\":\"Promicil\"}]},{\"@type\":\"WebSite\",\"@id\":\"https:\\\/\\\/www.mojeplazma.cz\\\/farmacie\\\/#website\",\"url\":\"https:\\\/\\\/www.mojeplazma.cz\\\/farmacie\\\/\",\"name\":\"mojeplazma.cz\",\"description\":\"\",\"potentialAction\":[{\"@type\":\"SearchAction\",\"target\":{\"@type\":\"EntryPoint\",\"urlTemplate\":\"https:\\\/\\\/www.mojeplazma.cz\\\/farmacie\\\/?s={search_term_string}\"},\"query-input\":{\"@type\":\"PropertyValueSpecification\",\"valueRequired\":true,\"valueName\":\"search_term_string\"}}],\"inLanguage\":\"cs\"}]}<\/script>\n<!-- \/ Yoast SEO plugin. -->","yoast_head_json":{"title":"Promicil - Recenze, L\u00e9k\u00e1rna, Cena - 50%, F\u00f3rum, \u00da\u010dinky | 2026","robots":{"index":"index","follow":"follow","max-snippet":"max-snippet:-1","max-image-preview":"max-image-preview:large","max-video-preview":"max-video-preview:-1"},"canonical":"https:\/\/www.mojeplazma.cz\/farmacie\/farmacie\/promicil\/","og_locale":"cs_CZ","og_type":"article","og_title":"Promicil - Recenze, L\u00e9k\u00e1rna, Cena - 50%, F\u00f3rum, \u00da\u010dinky | 2026","og_url":"https:\/\/www.mojeplazma.cz\/farmacie\/farmacie\/promicil\/","og_site_name":"MojePlazma","article_modified_time":"2024-11-16T17:25:44+00:00","og_image":[{"width":768,"height":768,"url":"https:\/\/www.mojeplazma.cz\/farmacie\/wp-content\/uploads\/2024\/10\/PROMICIL.jpg","type":"image\/jpeg"}],"twitter_card":"summary_large_image","twitter_description":"[date_countdown]","twitter_misc":{"Odhadovan\u00e1 doba \u010dten\u00ed":"1 minuta"},"schema":{"@context":"https:\/\/schema.org","@graph":[{"@type":"WebPage","@id":"https:\/\/www.mojeplazma.cz\/farmacie\/farmacie\/promicil\/","url":"https:\/\/www.mojeplazma.cz\/farmacie\/farmacie\/promicil\/","name":"Promicil - Recenze, L\u00e9k\u00e1rna, Cena - 50%, F\u00f3rum, \u00da\u010dinky | 2026","isPartOf":{"@id":"https:\/\/www.mojeplazma.cz\/farmacie\/#website"},"primaryImageOfPage":{"@id":"https:\/\/www.mojeplazma.cz\/farmacie\/farmacie\/promicil\/#primaryimage"},"image":{"@id":"https:\/\/www.mojeplazma.cz\/farmacie\/farmacie\/promicil\/#primaryimage"},"thumbnailUrl":"https:\/\/www.mojeplazma.cz\/farmacie\/wp-content\/uploads\/2024\/10\/PROMICIL.jpg","datePublished":"2024-10-10T16:26:58+00:00","dateModified":"2024-11-16T17:25:44+00:00","breadcrumb":{"@id":"https:\/\/www.mojeplazma.cz\/farmacie\/farmacie\/promicil\/#breadcrumb"},"inLanguage":"cs","potentialAction":[{"@type":"ReadAction","target":["https:\/\/www.mojeplazma.cz\/farmacie\/farmacie\/promicil\/"]}]},{"@type":"ImageObject","inLanguage":"cs","@id":"https:\/\/www.mojeplazma.cz\/farmacie\/farmacie\/promicil\/#primaryimage","url":"https:\/\/www.mojeplazma.cz\/farmacie\/wp-content\/uploads\/2024\/10\/PROMICIL.jpg","contentUrl":"https:\/\/www.mojeplazma.cz\/farmacie\/wp-content\/uploads\/2024\/10\/PROMICIL.jpg","width":768,"height":768},{"@type":"BreadcrumbList","@id":"https:\/\/www.mojeplazma.cz\/farmacie\/farmacie\/promicil\/#breadcrumb","itemListElement":[{"@type":"ListItem","position":1,"name":"Strona g\u0142\u00f3wna","item":"https:\/\/www.mojeplazma.cz\/farmacie\/"},{"@type":"ListItem","position":2,"name":"farmacie","item":"https:\/\/www.mojeplazma.cz\/farmacie\/"},{"@type":"ListItem","position":3,"name":"Promicil"}]},{"@type":"WebSite","@id":"https:\/\/www.mojeplazma.cz\/farmacie\/#website","url":"https:\/\/www.mojeplazma.cz\/farmacie\/","name":"mojeplazma.cz","description":"","potentialAction":[{"@type":"SearchAction","target":{"@type":"EntryPoint","urlTemplate":"https:\/\/www.mojeplazma.cz\/farmacie\/?s={search_term_string}"},"query-input":{"@type":"PropertyValueSpecification","valueRequired":true,"valueName":"search_term_string"}}],"inLanguage":"cs"}]}},"_links":{"self":[{"href":"https:\/\/www.mojeplazma.cz\/farmacie\/wp-json\/wp\/v2\/product\/4051","targetHints":{"allow":["GET"]}}],"collection":[{"href":"https:\/\/www.mojeplazma.cz\/farmacie\/wp-json\/wp\/v2\/product"}],"about":[{"href":"https:\/\/www.mojeplazma.cz\/farmacie\/wp-json\/wp\/v2\/types\/product"}],"replies":[{"embeddable":true,"href":"https:\/\/www.mojeplazma.cz\/farmacie\/wp-json\/wp\/v2\/comments?post=4051"}],"wp:featuredmedia":[{"embeddable":true,"href":"https:\/\/www.mojeplazma.cz\/farmacie\/wp-json\/wp\/v2\/media\/4080"}],"wp:attachment":[{"href":"https:\/\/www.mojeplazma.cz\/farmacie\/wp-json\/wp\/v2\/media?parent=4051"}],"wp:term":[{"taxonomy":"product_brand","embeddable":true,"href":"https:\/\/www.mojeplazma.cz\/farmacie\/wp-json\/wp\/v2\/product_brand?post=4051"},{"taxonomy":"product_cat","embeddable":true,"href":"https:\/\/www.mojeplazma.cz\/farmacie\/wp-json\/wp\/v2\/product_cat?post=4051"},{"taxonomy":"product_tag","embeddable":true,"href":"https:\/\/www.mojeplazma.cz\/farmacie\/wp-json\/wp\/v2\/product_tag?post=4051"}],"curies":[{"name":"wp","href":"https:\/\/api.w.org\/{rel}","templated":true}]}}