{"id":4057,"date":"2024-10-10T16:26:59","date_gmt":"2024-10-10T16:26:59","guid":{"rendered":"https:\/\/www.mojeplazma.cz\/farmacie\/?post_type=product&#038;p=4057"},"modified":"2024-11-13T15:12:17","modified_gmt":"2024-11-13T15:12:17","slug":"normadex","status":"publish","type":"product","link":"https:\/\/www.mojeplazma.cz\/farmacie\/farmacie\/normadex\/","title":{"rendered":"Normadex"},"content":{"rendered":"\n<h2 class=\"wp-block-heading\">Co je Normadex a jak funguje?<\/h2>\n\n\n\n<p><b>Normadex<\/b> je inovativn\u00ed <b>dopln\u011bk stravy<\/b>, jeho\u017e c\u00edlem je podpo\u0159it t\u011blo v boji proti parazit\u016fm. Jeho <em>\u00fa\u010dinek<\/em> je zalo\u017een na synergick\u00e9 kombinaci p\u0159\u00edrodn\u00edch rostlinn\u00fdch extrakt\u016f, jako jsou listy vla\u0161sk\u00fdch o\u0159ech\u016f a bobkov\u00fd list, kter\u00e9 jsou zn\u00e1m\u00e9 sv\u00fdmi antiparazit\u00e1rn\u00edmi \u00fa\u010dinky.<\/p>\n\n\n\n<p>Tento dopln\u011bk stravy se skl\u00e1d\u00e1 z \u00fa\u010dinn\u00fdch l\u00e1tek, kter\u00e9 p\u0159isp\u00edvaj\u00ed k detoxikaci organismu a podporuj\u00ed zdrav\u00e9 fungov\u00e1n\u00ed tr\u00e1vic\u00edho syst\u00e9mu. <b>Normadex<\/b> nejen odstra\u0148uje <b>parazity<\/b>, ale tak\u00e9 podporuje tr\u00e1vic\u00ed procesy a pom\u00e1h\u00e1 vyrovn\u00e1vat bakteri\u00e1ln\u00ed fl\u00f3ru.<\/p>\n\n\n\n<ul class=\"wp-block-list\">\n<li>\u00da\u010dinn\u011b bojuje proti <b>parazit\u016fm<\/b> v r\u016fzn\u00fdch f\u00e1z\u00edch jejich v\u00fdvoje.<\/li>\n\n\n\n<li>Posiluje p\u0159irozen\u00e9 obrann\u00e9 mechanismy organismu.<\/li>\n\n\n\n<li>Zlep\u0161uje n\u00e1ladu a hladinu energie.<\/li>\n\n\n\n<li>Podporuje rychl\u00e9 odstran\u011bn\u00ed parazit\u016f a zlep\u0161uje tr\u00e1ven\u00ed.<\/li>\n<\/ul>\n\n\n\n<p>Normadex se doporu\u010duje lidem, kte\u0159\u00ed maj\u00ed podez\u0159en\u00ed na p\u0159\u00edtomnost parazit\u016f v t\u011ble, a t\u011bm, kte\u0159\u00ed cht\u011bj\u00ed p\u0159edch\u00e1zet zdravotn\u00edm probl\u00e9m\u016fm spojen\u00fdm s jejich p\u0159\u00edtomnost\u00ed. Dopln\u011bk stravy bude u\u017eite\u010dn\u00fd pro lidi v\u0161ech v\u011bkov\u00fdch kategori\u00ed, kte\u0159\u00ed hledaj\u00ed zp\u016fsob, jak si udr\u017eet zdrav\u00ed na vysok\u00e9 \u00farovni.<\/p>\n\n\n\n<h2 class=\"wp-block-heading\">Normadex &#8211; \u00fa\u010dinky u\u017e\u00edv\u00e1n\u00ed<\/h2>\n\n\n\n<p>Pravideln\u00e9 <b>u\u017e\u00edv\u00e1n\u00ed p\u0159\u00edprav<\/b> ku Normadex vyvol\u00e1v\u00e1 \u0159adu zdravotn\u00edch <em>\u00fa\u010dink\u016f<\/em>, kter\u00e9 jsou v souvislosti s kontrolou <em>parazit\u016f<\/em> velmi cenn\u00e9. U\u017eivatel\u00e9 po zah\u00e1jen\u00ed l\u00e9\u010dby zaznamen\u00e1vaj\u00ed zlep\u0161en\u00ed celkov\u00e9 pohody a zv\u00fd\u0161en\u00ed energie. \u010casto je zmi\u0148ov\u00e1no zlep\u0161en\u00ed chuti k j\u00eddlu a zm\u00edrn\u011bn\u00ed nep\u0159\u00edjemn\u00fdch p\u0159\u00edznak\u016f, jako je nad\u00fdm\u00e1n\u00ed a bolesti b\u0159icha, kter\u00e9 jsou spojeny s p\u0159\u00edtomnost\u00ed <em>parazit\u016f<\/em>.<\/p>\n\n\n\n<p><b>\u00da\u010dinky p\u0159\u00edpravku<\/b> Normadex se mohou projevit ji\u017e po n\u011bkolika t\u00fddnech. Organismus se postupn\u011b za\u010d\u00edn\u00e1 regenerovat a doch\u00e1z\u00ed k obnoven\u00ed vnit\u0159n\u00ed rovnov\u00e1hy. Kr\u00e1tkodob\u00fdm v\u00fdsledkem je nejen odstran\u011bn\u00ed <em>parazit\u016f<\/em>, ale tak\u00e9 zlep\u0161en\u00ed zdravotn\u00edho stavu tr\u00e1vic\u00edho syst\u00e9mu, co\u017e je d\u016fle\u017eit\u00e9 zejm\u00e9na pro osoby s tr\u00e1vic\u00edmi obt\u00ed\u017eemi.<\/p>\n\n\n\n<p>Mezi dlouhodob\u00e9 <em>\u00fa\u010dinky<\/em> Normadexu pat\u0159\u00ed pos\u00edlen\u00ed imunitn\u00edho syst\u00e9mu, co\u017e se projev\u00ed v lep\u0161\u00ed obran\u011b organismu proti budouc\u00edm infekc\u00edm a nemocem. \u00da\u010dinn\u00e9 <b>l\u00e1tky v<\/b> tomto dopl\u0148ku stravy, jako je extrakt z \u010dern\u00fdch o\u0159ech\u016f, h\u0159eb\u00ed\u010dek, \u010desnek, kurkuma a \u010dern\u00fd pep\u0159, p\u016fsob\u00ed ve vz\u00e1jemn\u00e9 sou\u010dinnosti a pom\u00e1haj\u00ed tak o\u010distit organismus od <em>parazit\u016f<\/em>.<\/p>\n\n\n\n<figure class=\"wp-block-table\"><table class=\"has-fixed-layout\"><tbody><tr><th>F\u00e1ze pou\u017eit\u00ed<\/th><th>\u00da\u010dinky<\/th><\/tr><tr><td>1-2 t\u00fddny<\/td><td>Zlep\u0161en\u00ed pohody, zv\u00fd\u0161en\u00ed energie<\/td><\/tr><tr><td>3-4 t\u00fddny<\/td><td>Sn\u00ed\u017een\u00ed bolesti b\u0159icha, nad\u00fdm\u00e1n\u00ed, zlep\u0161en\u00ed chuti k j\u00eddlu<\/td><\/tr><tr><td>4 t\u00fddny<\/td><td>Pos\u00edlen\u00ed imunitn\u00edho syst\u00e9mu, odstran\u011bn\u00ed parazit\u016f<\/td><\/tr><\/tbody><\/table><\/figure>\n\n\n\n<p>Z hlediska p\u00e9\u010de o zdrav\u00ed lze pravideln\u00e9 <b>u\u017e\u00edv\u00e1n\u00ed p\u0159\u00edpravku<\/b> Normadex pova\u017eovat za zdrav\u00ed podporuj\u00edc\u00ed <b>opat\u0159en\u00ed,<\/b> kter\u00e9 nejen chlad\u00ed n\u00e1sledky <em>parazit\u016f<\/em>, ale tak\u00e9 zabra\u0148uje jejich budouc\u00edmu v\u00fdskytu. Lid\u00e9, kte\u0159\u00ed se rozhodli pro tento dopln\u011bk stravy, \u010dasto zd\u016fraz\u0148uj\u00ed jeho v\u00fdznam v ka\u017edodenn\u00ed p\u00e9\u010di o sv\u00e9 zdrav\u00ed a pohodu.<\/p>\n\n\n\n<h2 class=\"wp-block-heading\">D\u00e1vkov\u00e1n\u00ed p\u0159\u00edpravku Normadex &#8211; jak se pou\u017e\u00edv\u00e1?<\/h2>\n\n\n\n<p>Doporu\u010den\u00e9 <b>d\u00e1vkov\u00e1n\u00ed p\u0159\u00edpravku<\/b> Normadex je jedna tobolka denn\u011b, u\u017e\u00edvan\u00e1 s j\u00eddlem. Aby bylo dosa\u017eeno viditeln\u00fdch v\u00fdsledk\u016f, m\u011bla by l\u00e9\u010dba trvat minim\u00e1ln\u011b dva m\u011bs\u00edce. U\u017e\u00edv\u00e1n\u00ed je mo\u017en\u00e9 opakovat v z\u00e1vislosti na Va\u0161ich p\u0159\u00edznac\u00edch a doporu\u010den\u00ed l\u00e9ka\u0159e. Dodr\u017eov\u00e1n\u00ed pokyn\u016f je kl\u00ed\u010dov\u00e9, proto si pe\u010dliv\u011b p\u0159e\u010dt\u011bte informace v p\u0159\u00edbalov\u00e9m let\u00e1ku.<\/p>\n\n\n\n<p>P\u0159ed zah\u00e1jen\u00edm l\u00e9\u010dby p\u0159\u00edpravkem Normadex je d\u016fle\u017eit\u00e9 poradit se s odborn\u00edkem, zejm\u00e9na u osob s chronick\u00fdmi onemocn\u011bn\u00edmi. P\u0159i <em>u\u017e\u00edv\u00e1n\u00ed<\/em> dopl\u0148ku je t\u0159eba db\u00e1t na doporu\u010den\u00e9 <b>d\u00e1vkov\u00e1n\u00ed<\/b>, proto\u017ee jeho \u00fa\u010dinn\u00e9 <b>l\u00e1tky<\/b> p\u016fsob\u00ed synergicky a pom\u00e1haj\u00ed o\u010distit t\u011blo od parazit\u016f.<\/p>\n\n\n\n<ul class=\"wp-block-list\">\n<li><strong>D\u00e1vkov\u00e1n\u00ed pro dosp\u011bl\u00e9:<\/strong> d\u00e1vkov\u00e1n\u00ed: 2 tobolky dvakr\u00e1t denn\u011b p\u0159i j\u00eddle.<\/li>\n\n\n\n<li><strong>D\u00e9lka l\u00e9\u010dby<\/strong>: nejm\u00e9n\u011b 30 dn\u00ed, aby bylo zaji\u0161t\u011bno \u00fapln\u00e9 odstran\u011bn\u00ed parazit\u016f.<\/li>\n\n\n\n<li><strong>Indikace<\/strong>: lid\u00e9 s p\u0159\u00edznaky oslaben\u00e9 imunity nebo za\u017e\u00edvac\u00edmi probl\u00e9my.<\/li>\n<\/ul>\n\n\n\n<p>Dodr\u017eov\u00e1n\u00ed pokyn\u016f a doporu\u010den\u00e9ho d\u00e1vkov\u00e1n\u00ed v\u00e1m umo\u017en\u00ed dos\u00e1hnout s Normadexem nejlep\u0161\u00edch v\u00fdsledk\u016f. Tento dopln\u011bk stravy je d\u00edky sv\u00fdm p\u0159\u00edrodn\u00edm slo\u017ek\u00e1m bezpe\u010dn\u00fdm zp\u016fsobem boje proti parazit\u016fm v t\u011ble.<\/p>\n\n\n\n<h2 class=\"wp-block-heading\">Zku\u0161enosti u\u017eivatel\u016f a recenze Normadex &#8211; jak\u00e9 jsou recenze?<\/h2>\n\n\n\n<p>U\u017eivatelsk\u00e9<b>recenze<\/b> Normadex poukazuj\u00ed na jeho \u00fa\u010dinnost a pozitivn\u00ed \u00fa\u010dinky na zdrav\u00ed. Mnoho lid\u00ed sd\u00edl\u00ed sv\u00e9 zku\u0161enosti, kter\u00e9 potvrzuj\u00ed vysokou kvalitu tohoto dopl\u0148ku.<\/p>\n\n\n\n<ul class=\"wp-block-list\">\n<li><blockquote><p><em>Beata<\/em>, 40 let: &#8222;N\u011bjakou dobu jsem se pot\u00fdkala se zdravotn\u00edmi probl\u00e9my zp\u016fsoben\u00fdmi <b>parazity<\/b>. Po u\u017e\u00edv\u00e1n\u00ed Normadexu jsem zaznamenala v\u00fdrazn\u00e9 zlep\u0161en\u00ed. Zmizely p\u0159\u00edznaky, jako je \u00fanava a ko\u017en\u00ed vyr\u00e1\u017eky. Mohu \u0159\u00edci, \u017ee tento produkt opravdu funguje. D\u00edky n\u011bmu jsem znovu z\u00edskal pln\u00e9 zdrav\u00ed a energii.&#8220;<\/p><\/blockquote><\/li>\n\n\n\n<li><blockquote><p><em>Magdalena<\/em>, 38 let: &#8222;Dlouho jsem se pot\u00fdkala se siln\u00fdmi bolestmi b\u0159icha zp\u016fsoben\u00fdmi parazity. Po pravideln\u00e9m u\u017e\u00edv\u00e1n\u00ed Normadexu m\u00e9 pot\u00ed\u017ee zmizely. Jsem r\u00e1da, \u017ee jsem s\u00e1hla po tomto dopl\u0148ku stravy. Doporu\u010dila bych ho ka\u017ed\u00e9mu, kdo m\u00e1 podobn\u00e9 probl\u00e9my.&#8220;<\/p><\/blockquote><\/li>\n\n\n\n<li><blockquote><p><em>Thaddeus<\/em>, 34 let: &#8222;Normadex mi velmi pomohl v boji s parazit\u00e1rn\u00ed infekc\u00ed. Po ka\u017edodenn\u00edm u\u017e\u00edv\u00e1n\u00ed jsem zaznamenal v\u00fdrazn\u00e9 zlep\u0161en\u00ed sv\u00e9 pohody. Nejen\u017ee zmizely p\u0159\u00edznaky, ale tak\u00e9 se denn\u011b c\u00edt\u00edm mnohem l\u00e9pe.&#8220;<\/p><\/blockquote><\/li>\n<\/ul>\n\n\n\n<p>Mnoho recenz\u00ed zd\u016fraz\u0148uje, \u017ee Normadex m\u00e1 nejen pozitivn\u00ed vliv na eliminaci parazit\u016f, ale tak\u00e9 zlep\u0161uje celkov\u00fd stav organismu. U\u017eivatel\u00e9 poukazuj\u00ed na zv\u00fd\u0161en\u00ed energie a lep\u0161\u00ed pocit pohody. Pr\u016fm\u011brn\u00e9 hodnocen\u00ed p\u0159\u00edpravku Normadex je 4,7 z 5, co\u017e potvrzuje jeho obl\u00edbenost a d\u016fv\u011bru mezi z\u00e1kazn\u00edky.<\/p>\n\n\n\n<p><b>Recenze<\/b> ukazuj\u00ed, \u017ee tento <b>dopln\u011bk stravy<\/b> je \u00fa\u010dinn\u00fdm \u0159e\u0161en\u00edm, kter\u00e9 m\u016f\u017ee podpo\u0159it t\u011blo proti zdravotn\u00edm probl\u00e9m\u016fm. Z\u00e1kazn\u00edci tak\u00e9 chv\u00e1l\u00ed jeho pohodln\u00e9 pou\u017e\u00edv\u00e1n\u00ed a p\u0159irozen\u00e9 <b>slo\u017een\u00ed<\/b>, co\u017e \u010din\u00ed Normadex atraktivn\u00ed volbou pro ty, kte\u0159\u00ed hledaj\u00ed bezpe\u010dn\u00e9 dopl\u0148ky.<\/p>\n\n\n\n<h2 class=\"wp-block-heading\">Normadex slo\u017een\u00ed &#8211; co obsahuje?<\/h2>\n\n\n\n<p>Normadex obsahuje soubor pe\u010dliv\u011b vybran\u00fdch rostlinn\u00fdch slo\u017eek, kter\u00e9 podporuj\u00ed boj proti parazit\u016fm. Tyto p\u0159\u00edrodn\u00ed <b>rostlinn\u00e9 extrakty<\/b> jsou navr\u017eeny tak, aby nejen eliminovaly parazity, ale tak\u00e9 podporovaly tr\u00e1vic\u00ed syst\u00e9m a posilovaly imunitu. N\u00ed\u017ee jsou uvedeny n\u011bkter\u00e9 kl\u00ed\u010dov\u00e9 slo\u017eky obsa\u017een\u00e9 v p\u0159\u00edpravku Normadex:<\/p>\n\n\n\n<ul class=\"wp-block-list\">\n<li><em>V\u00fdta\u017eek z bobkov\u00e9ho listu<\/em>: M\u00e1 antiparazit\u00e1rn\u00ed \u00fa\u010dinky, kter\u00e9 mohou v\u00fdznamn\u011b ovlivnit likvidaci parazit\u016f.<\/li>\n\n\n\n<li><em>V\u00fdta\u017eek z list\u016f vla\u0161sk\u00e9ho o\u0159echu<\/em>: M\u00e1 detoxika\u010dn\u00ed \u00fa\u010dinek, kter\u00fd podporuje spr\u00e1vnou funkci tr\u00e1vic\u00edho syst\u00e9mu.<\/li>\n\n\n\n<li><em>Extrakt z ko\u0159ene pampeli\u0161ky<\/em>: Zn\u00e1m\u00fd pro sv\u00e9 pozitivn\u00ed \u00fa\u010dinky na tr\u00e1vic\u00ed syst\u00e9m, pom\u00e1h\u00e1 regenerovat organismus.<\/li>\n\n\n\n<li><em>Cholekalciferol (vitamin D)<\/em>: D\u016fle\u017eit\u00e1 slo\u017eka podporuj\u00edc\u00ed imunitn\u00ed syst\u00e9m, kter\u00e1 d\u00e1le posiluje <b>\u00fa\u010dinek<\/b> dopl\u0148ku.<\/li>\n<\/ul>\n\n\n\n<p>V\u0161echny slo\u017eky jsou pe\u010dliv\u011b vybr\u00e1ny a p\u016fsob\u00ed synergicky, co\u017e zvy\u0161uje <b>\u00fa\u010dinky<\/b> Normadexu. Hlavn\u00ed v\u00fdhodou je, \u017ee p\u0159\u00edpravek nem\u00e1 \u017e\u00e1dn\u00e9 vedlej\u0161\u00ed \u00fa\u010dinky, tak\u017ee je bezpe\u010dnou volbou pro lidi v\u0161ech v\u011bkov\u00fdch kategori\u00ed.<\/p>\n\n\n\n<p>Krom\u011b t\u011bchto rostlinn\u00fdch extrakt\u016f p\u0159isp\u00edv\u00e1 ka\u017ed\u00e1 slo\u017eka p\u0159\u00edpravku Normadex k celkov\u00e9mu \u00fa\u010dinku dopl\u0148ku, co\u017e z n\u011bj \u010din\u00ed obl\u00edbenou volbu pro ty, kte\u0159\u00ed cht\u011bj\u00ed p\u0159evz\u00edt odpov\u011bdnost za sv\u00e9 zdrav\u00ed.<\/p>\n\n\n\n<h2 class=\"wp-block-heading\">Kde koupit a kolik stoj\u00ed Normadex &#8211; cena<\/h2>\n\n\n\n<p>Normadex je k dispozici v\u00fdhradn\u011b na <em>ofici\u00e1ln\u00edch<\/em> str\u00e1nk\u00e1ch <em>v\u00fdrobce<\/em>. Z\u00e1kazn\u00edci tak z\u00edsk\u00e1vaj\u00ed d\u016fv\u011bru v kvalitu v\u00fdrobku a maj\u00ed p\u0159\u00edstup k aktu\u00e1ln\u00edm akc\u00edm. Stoj\u00ed za zm\u00ednku, \u017ee <b>cena<\/b> Normadex se m\u016f\u017ee li\u0161it v z\u00e1vislosti na aktu\u00e1ln\u00edch slev\u00e1ch nab\u00edzen\u00fdch v\u00fdrobcem, kter\u00e9 mohou sn\u00ed\u017eit n\u00e1klady na n\u00e1kup a\u017e o 51%.<\/p>\n\n\n\n<p>Normadex nenajdete ve stacion\u00e1rn\u00edch l\u00e9k\u00e1rn\u00e1ch, tak\u017ee webov\u00e9 str\u00e1nky v\u00fdrobce jsou jedin\u00fdm m\u00edstem, kde si jej m\u016f\u017eete koupit. T\u00edm, \u017ee se rozhodnete nakupovat p\u0159\u00edmo od <em>ofici\u00e1ln\u00edho v\u00fdrobce<\/em>, m\u00e1te k dispozici r\u016fzn\u00e9 mo\u017enosti doru\u010den\u00ed a vr\u00e1cen\u00ed, co\u017e je pro spot\u0159ebitele d\u016fle\u017eitou v\u00fdhodou.<\/p>\n\n\n\n<blockquote class=\"wp-block-quote is-layout-flow wp-block-quote-is-layout-flow\">\n<p>N\u00e1kup p\u0159\u00edmo od v\u00fdrobce zaji\u0161\u0165uje, \u017ee obdr\u017e\u00edte origin\u00e1ln\u00ed v\u00fdrobek, co\u017e je rozhoduj\u00edc\u00ed pro bezpe\u010dnost a \u00fa\u010dinnost dopl\u0148k\u016f stravy.<\/p>\n<\/blockquote>\n\n\n\n<h2 class=\"wp-block-heading\">Normadex &#8211; Ne\u017e\u00e1douc\u00ed \u00fa\u010dinky a kontraindikace &#8211; Je to bezpe\u010dn\u00e9?<\/h2>\n\n\n\n<p>Normadex je obecn\u011b pova\u017eov\u00e1n za bezpe\u010dn\u00fd <b>dopln\u011bk stravy<\/b> na podporu imunitn\u00edho a tr\u00e1vic\u00edho syst\u00e9mu. P\u0159esto je vhodn\u00e9 se p\u0159ed zah\u00e1jen\u00edm l\u00e9\u010dby sezn\u00e1mit s ne\u017e\u00e1douc\u00edmi \u00fa\u010dinky a kontraindikacemi, aby se p\u0159ede\u0161lo nep\u0159\u00edjemn\u00fdm zku\u0161enostem. Lid\u00e9 s alergi\u00ed na n\u011bkterou ze slo\u017eek p\u0159\u00edpravku Normadex, jako je \u010desnek, pelyn\u011bk nebo h\u0159eb\u00ed\u010dek, by se m\u011bli jeho u\u017e\u00edv\u00e1n\u00ed zdr\u017eet.<\/p>\n\n\n\n<p>Je tak\u00e9 t\u0159eba m\u00edt na pam\u011bti, \u017ee u\u017e\u00edv\u00e1n\u00ed velk\u00fdch d\u00e1vek nebo nevhodn\u00e9 <b>d\u00e1vkov\u00e1n\u00ed<\/b> m\u016f\u017ee v\u00e9st k ne\u017e\u00e1douc\u00edm \u00fa\u010dink\u016fm, jako jsou bolesti b\u0159icha nebo alergick\u00e9 reakce. Proto je vhodn\u00e9 poradit se s l\u00e9ka\u0159em, zejm\u00e9na pokud jste t\u011bhotn\u00e1 nebo m\u00e1te chronick\u00e9 onemocn\u011bn\u00ed, aby byla zaji\u0161t\u011bna maxim\u00e1ln\u00ed <b>bezpe\u010dnost<\/b> p\u0159i u\u017e\u00edv\u00e1n\u00ed p\u0159\u00edpravku Normadex.<\/p>\n\n\n\n<p>Pravideln\u00e9 u\u017e\u00edv\u00e1n\u00ed p\u0159\u00edpravku Normadex v doporu\u010den\u00fdch d\u00e1vk\u00e1ch by m\u011blo b\u00fdt pro v\u011bt\u0161inu lid\u00ed bezpe\u010dn\u00e9. V r\u00e1mci systematick\u00e9ho a uv\u00e1\u017eliv\u00e9ho u\u017e\u00edv\u00e1n\u00ed dopl\u0148ku mohou u\u017eivatel\u00e9 pln\u011b vyu\u017e\u00edt jeho potenci\u00e1l a z\u00e1rove\u0148 minimalizovat riziko ne\u017e\u00e1douc\u00edch \u00fa\u010dink\u016f.<\/p>\n","protected":false},"excerpt":{"rendered":"<p><strong>[date_countdown]<\/strong><\/p>\n<p><strong><img decoding=\"async\" class=\"alignnone  wp-image-8078\" src=\"https:\/\/www.mojeplazma.cz\/farmacie\/wp-content\/uploads\/2024\/10\/SAFE-PAY-300x88-1.png\" alt=\"SAFE-PAY-300x88\" width=\"154\" height=\"45\" \/><\/strong><\/p>\n","protected":false},"featured_media":4105,"comment_status":"open","ping_status":"closed","template":"","meta":{"neve_meta_sidebar":"","neve_meta_container":"","neve_meta_enable_content_width":"","neve_meta_content_width":0,"neve_meta_title_alignment":"","neve_meta_author_avatar":"","neve_post_elements_order":"","neve_meta_disable_header":"","neve_meta_disable_footer":"","neve_meta_disable_title":"","neve_meta_reading_time":""},"product_brand":[],"product_cat":[15],"product_tag":[],"class_list":{"0":"post-4057","1":"product","2":"type-product","3":"status-publish","4":"has-post-thumbnail","6":"product_cat-zdravi","8":"first","9":"instock","10":"sale","11":"shipping-taxable","12":"product-type-external"},"yoast_head":"<!-- This site is optimized with the Yoast SEO plugin v27.3 - https:\/\/yoast.com\/product\/yoast-seo-wordpress\/ -->\n<title>Normadex - Recenze, L\u00e9k\u00e1rna, Cena - 50%, F\u00f3rum, \u00da\u010dinky | 2026<\/title>\n<meta name=\"robots\" content=\"index, follow, max-snippet:-1, max-image-preview:large, max-video-preview:-1\" \/>\n<link rel=\"canonical\" href=\"https:\/\/www.mojeplazma.cz\/farmacie\/farmacie\/normadex\/\" \/>\n<meta property=\"og:locale\" content=\"cs_CZ\" \/>\n<meta property=\"og:type\" content=\"article\" \/>\n<meta property=\"og:title\" content=\"Normadex - Recenze, L\u00e9k\u00e1rna, Cena - 50%, F\u00f3rum, \u00da\u010dinky | 2026\" \/>\n<meta property=\"og:url\" content=\"https:\/\/www.mojeplazma.cz\/farmacie\/farmacie\/normadex\/\" \/>\n<meta property=\"og:site_name\" content=\"MojePlazma\" \/>\n<meta property=\"article:modified_time\" content=\"2024-11-13T15:12:17+00:00\" \/>\n<meta property=\"og:image\" content=\"https:\/\/www.mojeplazma.cz\/farmacie\/wp-content\/uploads\/2024\/10\/NORMADEX.jpg\" \/>\n\t<meta property=\"og:image:width\" content=\"768\" \/>\n\t<meta property=\"og:image:height\" content=\"768\" \/>\n\t<meta property=\"og:image:type\" content=\"image\/jpeg\" \/>\n<meta name=\"twitter:card\" content=\"summary_large_image\" \/>\n<meta name=\"twitter:description\" content=\"[date_countdown]\" \/>\n<meta name=\"twitter:label1\" content=\"Odhadovan\u00e1 doba \u010dten\u00ed\" \/>\n\t<meta name=\"twitter:data1\" content=\"6 minut\" \/>\n<script type=\"application\/ld+json\" class=\"yoast-schema-graph\">{\"@context\":\"https:\\\/\\\/schema.org\",\"@graph\":[{\"@type\":\"WebPage\",\"@id\":\"https:\\\/\\\/www.mojeplazma.cz\\\/farmacie\\\/farmacie\\\/normadex\\\/\",\"url\":\"https:\\\/\\\/www.mojeplazma.cz\\\/farmacie\\\/farmacie\\\/normadex\\\/\",\"name\":\"Normadex - Recenze, L\u00e9k\u00e1rna, Cena - 50%, F\u00f3rum, \u00da\u010dinky | 2026\",\"isPartOf\":{\"@id\":\"https:\\\/\\\/www.mojeplazma.cz\\\/farmacie\\\/#website\"},\"primaryImageOfPage\":{\"@id\":\"https:\\\/\\\/www.mojeplazma.cz\\\/farmacie\\\/farmacie\\\/normadex\\\/#primaryimage\"},\"image\":{\"@id\":\"https:\\\/\\\/www.mojeplazma.cz\\\/farmacie\\\/farmacie\\\/normadex\\\/#primaryimage\"},\"thumbnailUrl\":\"https:\\\/\\\/www.mojeplazma.cz\\\/farmacie\\\/wp-content\\\/uploads\\\/2024\\\/10\\\/NORMADEX.jpg\",\"datePublished\":\"2024-10-10T16:26:59+00:00\",\"dateModified\":\"2024-11-13T15:12:17+00:00\",\"breadcrumb\":{\"@id\":\"https:\\\/\\\/www.mojeplazma.cz\\\/farmacie\\\/farmacie\\\/normadex\\\/#breadcrumb\"},\"inLanguage\":\"cs\",\"potentialAction\":[{\"@type\":\"ReadAction\",\"target\":[\"https:\\\/\\\/www.mojeplazma.cz\\\/farmacie\\\/farmacie\\\/normadex\\\/\"]}]},{\"@type\":\"ImageObject\",\"inLanguage\":\"cs\",\"@id\":\"https:\\\/\\\/www.mojeplazma.cz\\\/farmacie\\\/farmacie\\\/normadex\\\/#primaryimage\",\"url\":\"https:\\\/\\\/www.mojeplazma.cz\\\/farmacie\\\/wp-content\\\/uploads\\\/2024\\\/10\\\/NORMADEX.jpg\",\"contentUrl\":\"https:\\\/\\\/www.mojeplazma.cz\\\/farmacie\\\/wp-content\\\/uploads\\\/2024\\\/10\\\/NORMADEX.jpg\",\"width\":768,\"height\":768},{\"@type\":\"BreadcrumbList\",\"@id\":\"https:\\\/\\\/www.mojeplazma.cz\\\/farmacie\\\/farmacie\\\/normadex\\\/#breadcrumb\",\"itemListElement\":[{\"@type\":\"ListItem\",\"position\":1,\"name\":\"Strona g\u0142\u00f3wna\",\"item\":\"https:\\\/\\\/www.mojeplazma.cz\\\/farmacie\\\/\"},{\"@type\":\"ListItem\",\"position\":2,\"name\":\"farmacie\",\"item\":\"https:\\\/\\\/www.mojeplazma.cz\\\/farmacie\\\/\"},{\"@type\":\"ListItem\",\"position\":3,\"name\":\"Normadex\"}]},{\"@type\":\"WebSite\",\"@id\":\"https:\\\/\\\/www.mojeplazma.cz\\\/farmacie\\\/#website\",\"url\":\"https:\\\/\\\/www.mojeplazma.cz\\\/farmacie\\\/\",\"name\":\"mojeplazma.cz\",\"description\":\"\",\"potentialAction\":[{\"@type\":\"SearchAction\",\"target\":{\"@type\":\"EntryPoint\",\"urlTemplate\":\"https:\\\/\\\/www.mojeplazma.cz\\\/farmacie\\\/?s={search_term_string}\"},\"query-input\":{\"@type\":\"PropertyValueSpecification\",\"valueRequired\":true,\"valueName\":\"search_term_string\"}}],\"inLanguage\":\"cs\"}]}<\/script>\n<!-- \/ Yoast SEO plugin. -->","yoast_head_json":{"title":"Normadex - Recenze, L\u00e9k\u00e1rna, Cena - 50%, F\u00f3rum, \u00da\u010dinky | 2026","robots":{"index":"index","follow":"follow","max-snippet":"max-snippet:-1","max-image-preview":"max-image-preview:large","max-video-preview":"max-video-preview:-1"},"canonical":"https:\/\/www.mojeplazma.cz\/farmacie\/farmacie\/normadex\/","og_locale":"cs_CZ","og_type":"article","og_title":"Normadex - Recenze, L\u00e9k\u00e1rna, Cena - 50%, F\u00f3rum, \u00da\u010dinky | 2026","og_url":"https:\/\/www.mojeplazma.cz\/farmacie\/farmacie\/normadex\/","og_site_name":"MojePlazma","article_modified_time":"2024-11-13T15:12:17+00:00","og_image":[{"width":768,"height":768,"url":"https:\/\/www.mojeplazma.cz\/farmacie\/wp-content\/uploads\/2024\/10\/NORMADEX.jpg","type":"image\/jpeg"}],"twitter_card":"summary_large_image","twitter_description":"[date_countdown]","twitter_misc":{"Odhadovan\u00e1 doba \u010dten\u00ed":"6 minut"},"schema":{"@context":"https:\/\/schema.org","@graph":[{"@type":"WebPage","@id":"https:\/\/www.mojeplazma.cz\/farmacie\/farmacie\/normadex\/","url":"https:\/\/www.mojeplazma.cz\/farmacie\/farmacie\/normadex\/","name":"Normadex - Recenze, L\u00e9k\u00e1rna, Cena - 50%, F\u00f3rum, \u00da\u010dinky | 2026","isPartOf":{"@id":"https:\/\/www.mojeplazma.cz\/farmacie\/#website"},"primaryImageOfPage":{"@id":"https:\/\/www.mojeplazma.cz\/farmacie\/farmacie\/normadex\/#primaryimage"},"image":{"@id":"https:\/\/www.mojeplazma.cz\/farmacie\/farmacie\/normadex\/#primaryimage"},"thumbnailUrl":"https:\/\/www.mojeplazma.cz\/farmacie\/wp-content\/uploads\/2024\/10\/NORMADEX.jpg","datePublished":"2024-10-10T16:26:59+00:00","dateModified":"2024-11-13T15:12:17+00:00","breadcrumb":{"@id":"https:\/\/www.mojeplazma.cz\/farmacie\/farmacie\/normadex\/#breadcrumb"},"inLanguage":"cs","potentialAction":[{"@type":"ReadAction","target":["https:\/\/www.mojeplazma.cz\/farmacie\/farmacie\/normadex\/"]}]},{"@type":"ImageObject","inLanguage":"cs","@id":"https:\/\/www.mojeplazma.cz\/farmacie\/farmacie\/normadex\/#primaryimage","url":"https:\/\/www.mojeplazma.cz\/farmacie\/wp-content\/uploads\/2024\/10\/NORMADEX.jpg","contentUrl":"https:\/\/www.mojeplazma.cz\/farmacie\/wp-content\/uploads\/2024\/10\/NORMADEX.jpg","width":768,"height":768},{"@type":"BreadcrumbList","@id":"https:\/\/www.mojeplazma.cz\/farmacie\/farmacie\/normadex\/#breadcrumb","itemListElement":[{"@type":"ListItem","position":1,"name":"Strona g\u0142\u00f3wna","item":"https:\/\/www.mojeplazma.cz\/farmacie\/"},{"@type":"ListItem","position":2,"name":"farmacie","item":"https:\/\/www.mojeplazma.cz\/farmacie\/"},{"@type":"ListItem","position":3,"name":"Normadex"}]},{"@type":"WebSite","@id":"https:\/\/www.mojeplazma.cz\/farmacie\/#website","url":"https:\/\/www.mojeplazma.cz\/farmacie\/","name":"mojeplazma.cz","description":"","potentialAction":[{"@type":"SearchAction","target":{"@type":"EntryPoint","urlTemplate":"https:\/\/www.mojeplazma.cz\/farmacie\/?s={search_term_string}"},"query-input":{"@type":"PropertyValueSpecification","valueRequired":true,"valueName":"search_term_string"}}],"inLanguage":"cs"}]}},"_links":{"self":[{"href":"https:\/\/www.mojeplazma.cz\/farmacie\/wp-json\/wp\/v2\/product\/4057","targetHints":{"allow":["GET"]}}],"collection":[{"href":"https:\/\/www.mojeplazma.cz\/farmacie\/wp-json\/wp\/v2\/product"}],"about":[{"href":"https:\/\/www.mojeplazma.cz\/farmacie\/wp-json\/wp\/v2\/types\/product"}],"replies":[{"embeddable":true,"href":"https:\/\/www.mojeplazma.cz\/farmacie\/wp-json\/wp\/v2\/comments?post=4057"}],"wp:featuredmedia":[{"embeddable":true,"href":"https:\/\/www.mojeplazma.cz\/farmacie\/wp-json\/wp\/v2\/media\/4105"}],"wp:attachment":[{"href":"https:\/\/www.mojeplazma.cz\/farmacie\/wp-json\/wp\/v2\/media?parent=4057"}],"wp:term":[{"taxonomy":"product_brand","embeddable":true,"href":"https:\/\/www.mojeplazma.cz\/farmacie\/wp-json\/wp\/v2\/product_brand?post=4057"},{"taxonomy":"product_cat","embeddable":true,"href":"https:\/\/www.mojeplazma.cz\/farmacie\/wp-json\/wp\/v2\/product_cat?post=4057"},{"taxonomy":"product_tag","embeddable":true,"href":"https:\/\/www.mojeplazma.cz\/farmacie\/wp-json\/wp\/v2\/product_tag?post=4057"}],"curies":[{"name":"wp","href":"https:\/\/api.w.org\/{rel}","templated":true}]}}