{"id":4060,"date":"2024-10-10T16:26:59","date_gmt":"2024-10-10T16:26:59","guid":{"rendered":"https:\/\/www.mojeplazma.cz\/farmacie\/?post_type=product&#038;p=4060"},"modified":"2024-11-13T13:44:40","modified_gmt":"2024-11-13T13:44:40","slug":"levicose","status":"publish","type":"product","link":"https:\/\/www.mojeplazma.cz\/farmacie\/farmacie\/levicose\/","title":{"rendered":"Levicose"},"content":{"rendered":"\n<h2 class=\"wp-block-heading\">Co je p\u0159\u00edpravek Levicose a jak funguje?<\/h2>\n\n\n\n<p>Levicose je inovativn\u00ed gel vytvo\u0159en\u00fd pro lidi, kte\u0159\u00ed se pot\u00fdkaj\u00ed s probl\u00e9mem k\u0159e\u010dov\u00fdch \u017eil. P\u0159\u00edpravek, kter\u00fd m\u00e1 p\u0159\u00edrodn\u00ed slo\u017een\u00ed, obsahuje mimo jin\u00e9 extrakt z ko\u0148sk\u00e9ho ka\u0161tanu a arniky, kter\u00e9 maj\u00ed p\u0159\u00edzniv\u00fd vliv na stav c\u00e9v. Stoj\u00ed za to v\u011bd\u011bt, <b>co je Levicose<\/b> a jak\u00e9 m\u00e1 vlastnosti, abyste mohli \u00fa\u010dinn\u011b bojovat proti \u0161patn\u00e9mu krevn\u00edmu ob\u011bhu a nep\u0159\u00edjemn\u00fdm p\u0159\u00edznak\u016fm spojen\u00fdm s t\u00edmto stavem.<\/p>\n\n\n\n<p><b>\u00da\u010dinek p\u0159\u00edpravku Levicose<\/b> je zalo\u017een na vyu\u017eit\u00ed mikro\u010d\u00e1stic, kter\u00e9 pronikaj\u00ed do po\u0161kozen\u00fdch c\u00e9vn\u00edch tk\u00e1n\u00ed. D\u00edky tomu gel p\u0159isp\u00edv\u00e1 ke sn\u00ed\u017een\u00ed z\u00e1n\u011btu, podporuje regeneraci a zabra\u0148uje odum\u00edr\u00e1n\u00ed tk\u00e1n\u00ed. Pravideln\u00e9 <b>u\u017e\u00edv\u00e1n\u00ed<\/b> p\u0159\u00edpravku m\u00e1 p\u0159\u00edzniv\u00fd vliv na zlep\u0161en\u00ed kvality krevn\u00edho ob\u011bhu a pos\u00edlen\u00ed c\u00e9vn\u00edch st\u011bn, co\u017e je d\u016fle\u017eit\u00e9 z hlediska odstran\u011bn\u00ed p\u0159\u00edznak\u016f, jako jsou bolest, otoky nebo pocit t\u00edhy v nohou.<\/p>\n\n\n\n<p>P\u0159\u00edpravek Levicose se doporu\u010duje zejm\u00e9na lidem, kte\u0159\u00ed cht\u011bj\u00ed p\u0159edej\u00edt opakovan\u00e9mu v\u00fdskytu probl\u00e9m\u016f s \u017eilami. Ji\u017e po n\u011bkolika t\u00fddnech u\u017e\u00edv\u00e1n\u00ed lze zaznamenat v\u00fdraznou \u00falevu od pot\u00ed\u017e\u00ed s k\u0159e\u010dov\u00fdmi \u017eilami. Mnoho lid\u00ed zd\u016fraz\u0148uje, \u017ee <b>\u00fa\u010dinek p\u0159\u00edpravku Levicose<\/b> je patrn\u00fd jak v ka\u017edodenn\u00edm fungov\u00e1n\u00ed, tak v celkov\u00e9m zlep\u0161en\u00ed stavu jejich nohou.<\/p>\n\n\n\n<figure class=\"wp-block-table\"><table class=\"has-fixed-layout\"><tbody><tr><th>Slo\u017een\u00ed<\/th><th>Vlastnosti<\/th><\/tr><tr><td>Extrakt z ko\u0148sk\u00e9ho ka\u0161tanu<\/td><td>Hojiv\u00e9 vlastnosti, protiz\u00e1n\u011btliv\u00fd \u00fa\u010dinek<\/td><\/tr><tr><td>V\u00fdta\u017eek z arniky<\/td><td>\u00daleva od bolesti, urychluje regeneraci tk\u00e1n\u00ed<\/td><\/tr><tr><td>Olej z m\u00e1ty peprn\u00e9<\/td><td>Chladiv\u00fd a osv\u011b\u017euj\u00edc\u00ed \u00fa\u010dinek<\/td><\/tr><tr><td>V\u00fdta\u017eek z t\u0159ezalky te\u010dkovan\u00e9<\/td><td>Antibakteri\u00e1ln\u00ed a protiz\u00e1n\u011btliv\u00fd \u00fa\u010dinek<\/td><\/tr><\/tbody><\/table><\/figure>\n\n\n\n<p>Levicose lze aplikovat snadno a pohodln\u011b, proto\u017ee sta\u010d\u00ed nan\u00e9st mal\u00e9 mno\u017estv\u00ed gelu na oblast k\u0159e\u010dov\u00fdch \u017eil a jemn\u011b vmas\u00edrovat. D\u00edky sv\u00e9mu p\u0159\u00edrodn\u00edmu slo\u017een\u00ed m\u00e1 p\u0159\u00edpravek minim\u00e1ln\u00ed riziko ne\u017e\u00e1douc\u00edch \u00fa\u010dink\u016f. Cenn\u00e9 vlastnosti p\u0159\u00edpravku Levicose p\u0159itahuj\u00ed v Polsku st\u00e1le v\u00edce u\u017eivatel\u016f, kter\u00fdm nab\u00edz\u00ed \u00falevu a zlep\u0161en\u00ed kvality \u017eivota. Doporu\u010dujeme v\u00e1m, abyste se sezn\u00e1mili s jeho nab\u00eddkou a vyu\u017eili akce dostupn\u00e9 na ofici\u00e1ln\u00edch str\u00e1nk\u00e1ch v\u00fdrobce.<\/p>\n\n\n\n<h2 class=\"wp-block-heading\">Levicose &#8211; \u00fa\u010dinky aplikace<\/h2>\n\n\n\n<p>\u00da\u010dinky u\u017e\u00edv\u00e1n\u00ed p\u0159\u00edpravku Levicose za\u010d\u00ednaj\u00ed b\u00fdt patrn\u00e9 ji\u017e po n\u011bkolika dnech. U\u017eivatel\u00e9 uv\u00e1d\u011bj\u00ed v\u00fdraznou \u00falevu od pot\u00ed\u017e\u00ed spojen\u00fdch s k\u0159e\u010dov\u00fdmi \u017eilami, jako je bolest nebo pocit t\u00edhy. Pravideln\u00e9 <b>pou\u017e\u00edv\u00e1n\u00ed<\/b> gelu m\u016f\u017ee pomoci zlep\u0161it krevn\u00ed ob\u011bh v doln\u00edch kon\u010detin\u00e1ch a sn\u00ed\u017eit otoky. Ji\u017e za dva t\u00fddny mnoho lid\u00ed zaznamen\u00e1 v\u00fdrazn\u00e9 zm\u011bny a k\u0159e\u010dov\u00e9 \u017e\u00edly se mohou v\u00fdrazn\u011b zmen\u0161it nebo zcela zmizet.<\/p>\n\n\n\n<p>Po del\u0161\u00ed dob\u011b pou\u017e\u00edv\u00e1n\u00ed p\u0159\u00edpravek Levicose tak\u00e9 zlep\u0161uje vzhled nohou a \u017e\u00edly jsou d\u00edky n\u011bmu m\u00e9n\u011b viditeln\u00e9. <b>\u00da\u010dinky p\u0159\u00edpravku Levicose<\/b> jsou v\u00fdsledkem synergick\u00e9ho p\u016fsoben\u00ed \u00fa\u010dinn\u00fdch l\u00e1tek, kter\u00e9 pom\u00e1haj\u00ed obnovit strukturu c\u00e9v, sni\u017euj\u00ed k\u0159ehkost \u017eil a zlep\u0161uj\u00ed jejich pru\u017enost. Tento \u00fa\u010dinek byl potvrzen p\u0159i testech, kter\u00fdch se \u00fa\u010dastnili z\u00e1kazn\u00edci trp\u00edc\u00ed probl\u00e9my s k\u0159e\u010dov\u00fdmi \u017eilami.<\/p>\n\n\n\n<p>P\u0159\u00edpravek Levicose je doporu\u010dov\u00e1n pro ob\u011b pohlav\u00ed, tak\u017ee je dostupn\u00fdm a \u00fa\u010dinn\u00fdm \u0159e\u0161en\u00edm pro ka\u017ed\u00e9ho, bez ohledu na stadium onemocn\u011bn\u00ed k\u0159e\u010dov\u00fdch \u017eil. P\u0159\u00edpravek lze pou\u017e\u00edt jak na v\u011bt\u0161\u00ed k\u0159e\u010dov\u00e9 \u017e\u00edly, tak na men\u0161\u00ed pavou\u010d\u00ed \u017e\u00edly. P\u016fsoben\u00ed gelu se neomezuje pouze na l\u00e9\u010dbu st\u00e1vaj\u00edc\u00edch probl\u00e9m\u016f, ale m\u00e1 tak\u00e9 preventivn\u00ed \u00fa\u010dinek, co\u017e je d\u016fle\u017eit\u00e9 zejm\u00e9na pro osoby s genetickou predispozic\u00ed ke vzniku k\u0159e\u010dov\u00fdch \u017eil.<\/p>\n\n\n\n<h2 class=\"wp-block-heading\">D\u00e1vkov\u00e1n\u00ed p\u0159\u00edpravku Levicose &#8211; Jak se pou\u017e\u00edv\u00e1?<\/h2>\n\n\n\n<p><b>D\u00e1vkov\u00e1n\u00ed p\u0159\u00edpravku Levicose<\/b> je jednoduch\u00e9 a p\u0159ehledn\u00e9, d\u00edky \u010demu\u017e je pou\u017e\u00edv\u00e1n\u00ed p\u0159\u00edpravku bezprobl\u00e9mov\u00e9. Gel by se m\u011bl nan\u00e1\u0161et na \u010distou a osu\u0161enou poko\u017eku nohou. Proces aplikace zahrnuje jemn\u00e9 vmas\u00edrov\u00e1n\u00ed gelu, dokud se zcela nevst\u0159eb\u00e1. Tento postup podporuje lep\u0161\u00ed vst\u0159eb\u00e1v\u00e1n\u00ed \u00fa\u010dinn\u00fdch l\u00e1tek ve v\u00fdrobku.<\/p>\n\n\n\n<p>Doporu\u010duje se <b>aplikovat<\/b> Levicose 2-3kr\u00e1t denn\u011b. Pravideln\u00e9 pou\u017e\u00edv\u00e1n\u00ed zvy\u0161uje \u00fa\u010dinnost a urychluje dosa\u017een\u00ed po\u017eadovan\u00fdch v\u00fdsledk\u016f. P\u0159ed prvn\u00edm pou\u017eit\u00edm se doporu\u010duje prov\u00e9st <em>test senzibilizace<\/em>, aby se p\u0159ede\u0161lo alergick\u00fdm reakc\u00edm. P\u0159\u00edpravek je ur\u010den pouze k vn\u011bj\u0161\u00edmu pou\u017eit\u00ed; vyhn\u011bte se aplikaci na otev\u0159en\u00e9 r\u00e1ny.<\/p>\n\n\n\n<figure class=\"wp-block-table\"><table class=\"has-fixed-layout\"><tbody><tr><th>Krok<\/th><th>Popis<\/th><th>Pozn\u00e1mky<\/th><\/tr><tr><td>1<\/td><td>O\u010di\u0161t\u011bn\u00ed poko\u017eky<\/td><td>P\u0159ed nanesen\u00edm gelu mus\u00ed b\u00fdt poko\u017eka \u010dist\u00e1 a such\u00e1.<\/td><\/tr><tr><td>2<\/td><td><b>Aplikace<\/b> levicov\u00e9ho p\u0159\u00edpravku<\/td><td>Naneste p\u0159im\u011b\u0159en\u00e9 mno\u017estv\u00ed gelu a jemn\u011b vmas\u00edrujte.<\/td><\/tr><tr><td>3<\/td><td>Proces opakujte<\/td><td>Pro dosa\u017een\u00ed lep\u0161\u00edch v\u00fdsledk\u016f opakujte 2-3kr\u00e1t denn\u011b.<\/td><\/tr><tr><td>4<\/td><td>Test senzibilizace<\/td><td>Vyplat\u00ed se prov\u00e9st p\u0159ed prvn\u00edm pou\u017eit\u00edm.<\/td><\/tr><\/tbody><\/table><\/figure>\n\n\n\n<p>Zku\u0161enosti u\u017eivatel\u016f ukazuj\u00ed, \u017ee spr\u00e1vn\u00e9 <b>d\u00e1vkov\u00e1n\u00ed p\u0159\u00edpravku Levicose<\/b> a pravidelnost pou\u017e\u00edv\u00e1n\u00ed p\u0159in\u00e1\u0161ej\u00ed nejlep\u0161\u00ed v\u00fdsledky v boji proti k\u0159e\u010dov\u00fdm \u017eil\u00e1m.<\/p>\n\n\n\n<h2 class=\"wp-block-heading\">Levicose &#8211; N\u00e1zory a recenze, F\u00f3rum<\/h2>\n\n\n\n<p>Recenze p\u0159\u00edpravku Levicose ukazuj\u00ed, \u017ee je vysoce <b>\u00fa\u010dinn\u00fd<\/b> p\u0159i sni\u017eov\u00e1n\u00ed p\u0159\u00edznak\u016f k\u0159e\u010dov\u00fdch \u017eil. Mnoho u\u017eivatel\u016f sd\u00edl\u00ed sv\u00e9 pozitivn\u00ed zku\u0161enosti na <b>f\u00f3ru<\/b>, co\u017e m\u016f\u017ee b\u00fdt u\u017eite\u010dn\u00e9 pro ty, kte\u0159\u00ed zva\u017euj\u00ed pou\u017eit\u00ed tohoto produktu.<\/p>\n\n\n\n<blockquote class=\"wp-block-quote is-layout-flow wp-block-quote-is-layout-flow\">\n<p><em>Anna<\/em>: &#8222;Po n\u011bkolikat\u00fddenn\u00edm u\u017e\u00edv\u00e1n\u00ed p\u0159\u00edpravku Levicose jsem zaznamenala v\u00fdrazn\u00e9 sn\u00ed\u017een\u00ed bolesti a otok\u016f nohou. Kone\u010dn\u011b mohu chodit bez nep\u0159\u00edjemn\u00fdch pocit\u016f. Gel m\u00e1 p\u0159\u00edjemnou v\u016fni a dob\u0159e se vst\u0159eb\u00e1v\u00e1. Opravdu bych doporu\u010dila ostatn\u00edm, kte\u0159\u00ed se pot\u00fdkaj\u00ed s probl\u00e9my s k\u0159e\u010dov\u00fdmi \u017eilami.&#8220;<\/p>\n<\/blockquote>\n\n\n\n<blockquote class=\"wp-block-quote is-layout-flow wp-block-quote-is-layout-flow\">\n<p><em>Christopher<\/em>: &#8222;Zpo\u010d\u00e1tku jsem byl skeptick\u00fd, ale Levicose opravdu funguje. Pracuji mnoho hodin v sed\u011b a po pou\u017eit\u00ed gelu c\u00edt\u00edm \u00falevu. V\u0161iml jsem si, \u017ee mi nohy m\u00e9n\u011b ot\u00e9kaj\u00ed a pocit t\u011b\u017ekosti je pry\u010d. Takov\u00e9 mno\u017estv\u00ed krve dok\u00e1\u017ee p\u0159e\u010derpat pouze srdce v litrech a Levicose tento proces podporuje.&#8220;<\/p>\n<\/blockquote>\n\n\n\n<blockquote class=\"wp-block-quote is-layout-flow wp-block-quote-is-layout-flow\">\n<p><em>Elizabeth<\/em>: &#8222;Pou\u017e\u00edv\u00e1m p\u0159\u00edpravek Levicose ji\u017e v\u00edce ne\u017e m\u011bs\u00edc. Moje nohy vypadaj\u00ed l\u00e9pe a pocit t\u011b\u017ekosti zcela zmizel. Gel se snadno nan\u00e1\u0161\u00ed a p\u0159in\u00e1\u0161\u00ed rychlou \u00falevu. Zaznamenala jsem v\u00fdrazn\u00e9 zlep\u0161en\u00ed krevn\u00edho ob\u011bhu a \u00fa\u010dinky jsou viditeln\u00e9 ji\u017e po n\u011bkolika t\u00fddnech.&#8220;<\/p>\n<\/blockquote>\n\n\n\n<p><b>Recenze p\u0159\u00edpravku Levicose<\/b> potvrzuj\u00ed jeho <b>\u00fa\u010dinnost<\/b> a mnoh\u00e9 nab\u00e1daj\u00ed k jeho vyzkou\u0161en\u00ed. Stoj\u00ed za to vz\u00edt na v\u011bdom\u00ed <b>recenze,<\/b> kter\u00e9 v\u00e1m mohou pomoci p\u0159i rozhodov\u00e1n\u00ed, zda v\u00fdrobek pou\u017e\u00edt v boji proti p\u0159\u00edznak\u016fm k\u0159e\u010dov\u00fdch \u017eil.<\/p>\n\n\n\n<h2 class=\"wp-block-heading\">Slo\u017een\u00ed Levicose &#8211; anal\u00fdza slo\u017eek<\/h2>\n\n\n\n<p><b>Slo\u017een\u00ed Levicose<\/b> je pe\u010dliv\u011b vybran\u00e9 slo\u017een\u00ed, kter\u00e9 obsahuje \u0159adu \u00fa\u010dinn\u00fdch l\u00e1tek, kter\u00e9 podporuj\u00ed zdrav\u00ed \u017eiln\u00edho syst\u00e9mu. <b>Anal\u00fdza slo\u017eek<\/b> ukazuje, \u017ee ka\u017ed\u00e1 ze slo\u017eek p\u0159\u00edpravku p\u0159isp\u00edv\u00e1 k jeho \u00fa\u010dinnosti v boji proti k\u0159e\u010dov\u00fdm \u017eil\u00e1m.<\/p>\n\n\n\n<ul class=\"wp-block-list\">\n<li><em>Troxerutin<\/em> &#8211; tato slo\u017eka posiluje c\u00e9vy a zlep\u0161uje krevn\u00ed ob\u011bh, co\u017e je v souvislosti se zdrav\u00edm \u017eil mimo\u0159\u00e1dn\u011b d\u016fle\u017eit\u00e9.<\/li>\n\n\n\n<li><em>Extrakt z ko\u0148sk\u00e9ho ka\u0161tanu<\/em> &#8211; zn\u00e1m\u00fd sv\u00fdmi vlastnostmi proti otok\u016fm a schopnost\u00ed zlep\u0161ovat krevn\u00ed ob\u011bh.<\/li>\n\n\n\n<li><em>Glycerin<\/em> &#8211; m\u00e1 hydrata\u010dn\u00ed \u00fa\u010dinek, podporuje regeneraci poko\u017eky a zlep\u0161uje jej\u00ed vzhled.<\/li>\n\n\n\n<li><em>Mentol<\/em> &#8211; p\u0159in\u00e1\u0161\u00ed chladiv\u00fd a osv\u011b\u017euj\u00edc\u00ed pocit, kter\u00fd m\u00e1 zklid\u0148uj\u00edc\u00ed \u00fa\u010dinek na unaven\u00e9 nohy.<\/li>\n<\/ul>\n\n\n\n<p>Dal\u0161\u00ed slo\u017eky, jako je ruscus, arnika a v\u00fdta\u017eky z ginkgo biloby, hraj\u00ed tak\u00e9 d\u016fle\u017eitou roli p\u0159i zlep\u0161ov\u00e1n\u00ed mikrocirkulace. P\u0159\u00edtomnost t\u011bchto \u00fa\u010dinn\u00fdch l\u00e1tek \u010din\u00ed z Levicose neuv\u011b\u0159iteln\u011b \u00fa\u010dinn\u00fd p\u0159\u00edpravek v boji proti probl\u00e9m\u016fm s k\u0159e\u010dov\u00fdmi \u017eilami.<\/p>\n\n\n\n<figure class=\"wp-block-table\"><table class=\"has-fixed-layout\"><tbody><tr><th>Slo\u017een\u00ed<\/th><th>\u00da\u010dinek<\/th><\/tr><tr><td>Troxerutin<\/td><td>Posiluje c\u00e9vy, zlep\u0161uje krevn\u00ed ob\u011bh.<\/td><\/tr><tr><td>Extrakt z ko\u0148sk\u00e9ho ka\u0161tanu<\/td><td>P\u016fsob\u00ed proti otok\u016fm, zlep\u0161uje krevn\u00ed ob\u011bh.<\/td><\/tr><tr><td>Glycerin<\/td><td>Zvlh\u010duje poko\u017eku, podporuje regeneraci poko\u017eky.<\/td><\/tr><tr><td>Mentol<\/td><td>P\u0159in\u00e1\u0161\u00ed chladiv\u00fd pocit, osv\u011b\u017euje.<\/td><\/tr><tr><td>V\u00fdta\u017eek z ruscusu<\/td><td>Zlep\u0161uje mikrocirkulaci.<\/td><\/tr><tr><td>V\u00fdta\u017eek z arniky<\/td><td>M\u00e1 protiz\u00e1n\u011btliv\u00fd \u00fa\u010dinek, zm\u00edr\u0148uje p\u0159\u00edznaky.<\/td><\/tr><tr><td>Extrakt z jinanu dvoulalo\u010dn\u00e9ho<\/td><td>Podporuje prokrven\u00ed \u017eil.<\/td><\/tr><\/tbody><\/table><\/figure>\n\n\n\n<p>D\u00edky tomuto <em>slo\u017een\u00ed<\/em> p\u0159\u00edpravek <em>Leivcose<\/em> \u00fa\u010dinn\u011b podporuje zdrav\u00ed \u017eil a zlep\u0161uje jejich funkci, co\u017e se v\u00fdrazn\u011b prom\u00edt\u00e1 do komfortu ka\u017edodenn\u00edho \u017eivota.<\/p>\n\n\n\n<h2 class=\"wp-block-heading\">Kde koupit a jak\u00e1 je cena p\u0159\u00edpravku Levicose?<\/h2>\n\n\n\n<p>N\u00e1kup p\u0159\u00edpravku Levicose je mo\u017en\u00fd pouze na webov\u00fdch str\u00e1nk\u00e1ch <em>ofici\u00e1ln\u00edho v\u00fdrobce<\/em>. Tato forma n\u00e1kupu zaru\u010duje, \u017ee obdr\u017e\u00edte origin\u00e1ln\u00ed v\u00fdrobek. Nav\u00edc n\u00e1kupem p\u0159\u00edmo od v\u00fdrobce m\u00e1me mo\u017enost vyu\u017e\u00edt p\u0159\u00edpadn\u00fdch akc\u00ed, kter\u00e9 mohou v\u00fdrazn\u011b sn\u00ed\u017eit <em>cenu Levicose<\/em>.<\/p>\n\n\n\n<p>Ceny Levicose z\u00e1vis\u00ed na aktu\u00e1ln\u00edch nab\u00eddk\u00e1ch a akc\u00edch. Proto stoj\u00ed za to pravideln\u011b kontrolovat <em>ofici\u00e1ln\u00ed webov\u00e9 str\u00e1nky,<\/em> abyste m\u011bli aktu\u00e1ln\u00ed informace o mo\u017en\u00fdch slev\u00e1ch. Vezm\u011bte pros\u00edm na v\u011bdom\u00ed, \u017ee p\u0159\u00edpravek nen\u00ed dostupn\u00fd ve stacion\u00e1rn\u00edch l\u00e9k\u00e1rn\u00e1ch, co\u017e \u010din\u00ed online nakupov\u00e1n\u00ed je\u0161t\u011b pohodln\u011bj\u0161\u00edm.<\/p>\n\n\n\n<h2 class=\"wp-block-heading\">Mo\u017en\u00e9 ne\u017e\u00e1douc\u00ed \u00fa\u010dinky a kontraindikace p\u0159\u00edpravku Levicose<\/h2>\n\n\n\n<p>Levicose, zn\u00e1m\u00fd sv\u00fdm p\u0159\u00edrodn\u00edm slo\u017een\u00edm, je obecn\u011b pova\u017eov\u00e1n za bezpe\u010dn\u00fd produkt pro vn\u011bj\u0161\u00ed pou\u017eit\u00ed. Nicm\u00e9n\u011b jako ka\u017ed\u00fd v\u00fdrobek m\u016f\u017ee v\u00e9st k ne\u017e\u00e1douc\u00edm \u00fa\u010dink\u016fm Levicose. Nej\u010dast\u011bji hl\u00e1\u0161en\u00fdmi p\u0159\u00edznaky jsou alergick\u00e9 reakce, jako je sv\u011bd\u011bn\u00ed, eryt\u00e9m a ve vz\u00e1cn\u00fdch p\u0159\u00edpadech bolesti b\u0159icha nebo pr\u016fjem. Proto by se lid\u00e9 s p\u0159ecitliv\u011blost\u00ed na n\u011bkterou \u00fa\u010dinnou l\u00e1tku m\u011bli jeho u\u017e\u00edv\u00e1n\u00ed vyhnout.<\/p>\n\n\n\n<p>Je d\u016fle\u017eit\u00e9 zn\u00e1t kontraindikace u\u017e\u00edv\u00e1n\u00ed p\u0159\u00edpravku Levicose. P\u0159\u00edpravek se nedoporu\u010duje t\u011bhotn\u00fdm a koj\u00edc\u00edm \u017een\u00e1m a d\u011btem do 3 let. Lid\u00e9 trp\u00edc\u00ed autoimunitn\u00edmi chorobami nebo v akutn\u00ed f\u00e1zi ob\u011bhov\u00fdch poruch by se m\u011bli p\u0159ed zah\u00e1jen\u00edm l\u00e9\u010dby poradit s l\u00e9ka\u0159em. Dodr\u017eov\u00e1n\u00ed bezpe\u010dnostn\u00edch opat\u0159en\u00ed zaji\u0161\u0165uje dal\u0161\u00ed <b>bezpe\u010dnost p\u0159i pou\u017e\u00edv\u00e1n\u00ed<\/b> p\u0159\u00edpravku.<\/p>\n\n\n\n<p>P\u0159ed pou\u017eit\u00edm p\u0159\u00edpravku Levicose je vhodn\u00e9 poradit se s l\u00e9ka\u0159em, \u010d\u00edm\u017e se minimalizuje riziko nep\u0159\u00edjemn\u00fdch reakc\u00ed. T\u00edmto zp\u016fsobem si m\u016f\u017eete u\u017e\u00edvat jeho pozitivn\u00edch \u00fa\u010dink\u016f a vyhnout se mo\u017en\u00fdm zdravotn\u00edm komplikac\u00edm. V kone\u010dn\u00e9m d\u016fsledku je dodr\u017eov\u00e1n\u00ed doporu\u010den\u00ed a zohledn\u011bn\u00ed mo\u017en\u00fdch ne\u017e\u00e1douc\u00edch \u00fa\u010dink\u016f kl\u00ed\u010dem k \u00fa\u010dinn\u00e9mu a bezpe\u010dn\u00e9mu pou\u017e\u00edv\u00e1n\u00ed tohoto v\u00fdrobku.<\/p>\n\n\n\n<p><\/p>\n","protected":false},"excerpt":{"rendered":"<p><strong>[date_countdown]<\/strong><\/p>\n<p><strong><img decoding=\"async\" class=\"alignnone  wp-image-8078\" src=\"https:\/\/www.mojeplazma.cz\/farmacie\/wp-content\/uploads\/2024\/10\/SAFE-PAY-300x88-1.png\" alt=\"SAFE-PAY-300x88\" width=\"154\" height=\"45\" \/><\/strong><\/p>\n","protected":false},"featured_media":4108,"comment_status":"open","ping_status":"closed","template":"","meta":{"neve_meta_sidebar":"","neve_meta_container":"","neve_meta_enable_content_width":"","neve_meta_content_width":0,"neve_meta_title_alignment":"","neve_meta_author_avatar":"","neve_post_elements_order":"","neve_meta_disable_header":"","neve_meta_disable_footer":"","neve_meta_disable_title":"","neve_meta_reading_time":""},"product_brand":[],"product_cat":[15],"product_tag":[],"class_list":{"0":"post-4060","1":"product","2":"type-product","3":"status-publish","4":"has-post-thumbnail","6":"product_cat-zdravi","8":"first","9":"instock","10":"sale","11":"shipping-taxable","12":"product-type-external"},"yoast_head":"<!-- This site is optimized with the Yoast SEO plugin v27.3 - https:\/\/yoast.com\/product\/yoast-seo-wordpress\/ -->\n<title>Levicose - Recenze, L\u00e9k\u00e1rna, Cena - 50%, F\u00f3rum, \u00da\u010dinky | 2026<\/title>\n<meta name=\"robots\" content=\"index, follow, max-snippet:-1, max-image-preview:large, max-video-preview:-1\" \/>\n<link rel=\"canonical\" href=\"https:\/\/www.mojeplazma.cz\/farmacie\/farmacie\/levicose\/\" \/>\n<meta property=\"og:locale\" content=\"cs_CZ\" \/>\n<meta property=\"og:type\" content=\"article\" \/>\n<meta property=\"og:title\" content=\"Levicose - Recenze, L\u00e9k\u00e1rna, Cena - 50%, F\u00f3rum, \u00da\u010dinky | 2026\" \/>\n<meta property=\"og:url\" content=\"https:\/\/www.mojeplazma.cz\/farmacie\/farmacie\/levicose\/\" \/>\n<meta property=\"og:site_name\" content=\"MojePlazma\" \/>\n<meta property=\"article:modified_time\" content=\"2024-11-13T13:44:40+00:00\" \/>\n<meta property=\"og:image\" content=\"https:\/\/www.mojeplazma.cz\/farmacie\/wp-content\/uploads\/2024\/10\/LEVICOSE.jpg\" \/>\n\t<meta property=\"og:image:width\" content=\"768\" \/>\n\t<meta property=\"og:image:height\" content=\"768\" \/>\n\t<meta property=\"og:image:type\" content=\"image\/jpeg\" \/>\n<meta name=\"twitter:card\" content=\"summary_large_image\" \/>\n<meta name=\"twitter:description\" content=\"[date_countdown]\" \/>\n<meta name=\"twitter:label1\" content=\"Odhadovan\u00e1 doba \u010dten\u00ed\" \/>\n\t<meta name=\"twitter:data1\" content=\"7 minut\" \/>\n<script type=\"application\/ld+json\" class=\"yoast-schema-graph\">{\"@context\":\"https:\\\/\\\/schema.org\",\"@graph\":[{\"@type\":\"WebPage\",\"@id\":\"https:\\\/\\\/www.mojeplazma.cz\\\/farmacie\\\/farmacie\\\/levicose\\\/\",\"url\":\"https:\\\/\\\/www.mojeplazma.cz\\\/farmacie\\\/farmacie\\\/levicose\\\/\",\"name\":\"Levicose - Recenze, L\u00e9k\u00e1rna, Cena - 50%, F\u00f3rum, \u00da\u010dinky | 2026\",\"isPartOf\":{\"@id\":\"https:\\\/\\\/www.mojeplazma.cz\\\/farmacie\\\/#website\"},\"primaryImageOfPage\":{\"@id\":\"https:\\\/\\\/www.mojeplazma.cz\\\/farmacie\\\/farmacie\\\/levicose\\\/#primaryimage\"},\"image\":{\"@id\":\"https:\\\/\\\/www.mojeplazma.cz\\\/farmacie\\\/farmacie\\\/levicose\\\/#primaryimage\"},\"thumbnailUrl\":\"https:\\\/\\\/www.mojeplazma.cz\\\/farmacie\\\/wp-content\\\/uploads\\\/2024\\\/10\\\/LEVICOSE.jpg\",\"datePublished\":\"2024-10-10T16:26:59+00:00\",\"dateModified\":\"2024-11-13T13:44:40+00:00\",\"breadcrumb\":{\"@id\":\"https:\\\/\\\/www.mojeplazma.cz\\\/farmacie\\\/farmacie\\\/levicose\\\/#breadcrumb\"},\"inLanguage\":\"cs\",\"potentialAction\":[{\"@type\":\"ReadAction\",\"target\":[\"https:\\\/\\\/www.mojeplazma.cz\\\/farmacie\\\/farmacie\\\/levicose\\\/\"]}]},{\"@type\":\"ImageObject\",\"inLanguage\":\"cs\",\"@id\":\"https:\\\/\\\/www.mojeplazma.cz\\\/farmacie\\\/farmacie\\\/levicose\\\/#primaryimage\",\"url\":\"https:\\\/\\\/www.mojeplazma.cz\\\/farmacie\\\/wp-content\\\/uploads\\\/2024\\\/10\\\/LEVICOSE.jpg\",\"contentUrl\":\"https:\\\/\\\/www.mojeplazma.cz\\\/farmacie\\\/wp-content\\\/uploads\\\/2024\\\/10\\\/LEVICOSE.jpg\",\"width\":768,\"height\":768},{\"@type\":\"BreadcrumbList\",\"@id\":\"https:\\\/\\\/www.mojeplazma.cz\\\/farmacie\\\/farmacie\\\/levicose\\\/#breadcrumb\",\"itemListElement\":[{\"@type\":\"ListItem\",\"position\":1,\"name\":\"Strona g\u0142\u00f3wna\",\"item\":\"https:\\\/\\\/www.mojeplazma.cz\\\/farmacie\\\/\"},{\"@type\":\"ListItem\",\"position\":2,\"name\":\"farmacie\",\"item\":\"https:\\\/\\\/www.mojeplazma.cz\\\/farmacie\\\/\"},{\"@type\":\"ListItem\",\"position\":3,\"name\":\"Levicose\"}]},{\"@type\":\"WebSite\",\"@id\":\"https:\\\/\\\/www.mojeplazma.cz\\\/farmacie\\\/#website\",\"url\":\"https:\\\/\\\/www.mojeplazma.cz\\\/farmacie\\\/\",\"name\":\"mojeplazma.cz\",\"description\":\"\",\"potentialAction\":[{\"@type\":\"SearchAction\",\"target\":{\"@type\":\"EntryPoint\",\"urlTemplate\":\"https:\\\/\\\/www.mojeplazma.cz\\\/farmacie\\\/?s={search_term_string}\"},\"query-input\":{\"@type\":\"PropertyValueSpecification\",\"valueRequired\":true,\"valueName\":\"search_term_string\"}}],\"inLanguage\":\"cs\"}]}<\/script>\n<!-- \/ Yoast SEO plugin. -->","yoast_head_json":{"title":"Levicose - Recenze, L\u00e9k\u00e1rna, Cena - 50%, F\u00f3rum, \u00da\u010dinky | 2026","robots":{"index":"index","follow":"follow","max-snippet":"max-snippet:-1","max-image-preview":"max-image-preview:large","max-video-preview":"max-video-preview:-1"},"canonical":"https:\/\/www.mojeplazma.cz\/farmacie\/farmacie\/levicose\/","og_locale":"cs_CZ","og_type":"article","og_title":"Levicose - Recenze, L\u00e9k\u00e1rna, Cena - 50%, F\u00f3rum, \u00da\u010dinky | 2026","og_url":"https:\/\/www.mojeplazma.cz\/farmacie\/farmacie\/levicose\/","og_site_name":"MojePlazma","article_modified_time":"2024-11-13T13:44:40+00:00","og_image":[{"width":768,"height":768,"url":"https:\/\/www.mojeplazma.cz\/farmacie\/wp-content\/uploads\/2024\/10\/LEVICOSE.jpg","type":"image\/jpeg"}],"twitter_card":"summary_large_image","twitter_description":"[date_countdown]","twitter_misc":{"Odhadovan\u00e1 doba \u010dten\u00ed":"7 minut"},"schema":{"@context":"https:\/\/schema.org","@graph":[{"@type":"WebPage","@id":"https:\/\/www.mojeplazma.cz\/farmacie\/farmacie\/levicose\/","url":"https:\/\/www.mojeplazma.cz\/farmacie\/farmacie\/levicose\/","name":"Levicose - Recenze, L\u00e9k\u00e1rna, Cena - 50%, F\u00f3rum, \u00da\u010dinky | 2026","isPartOf":{"@id":"https:\/\/www.mojeplazma.cz\/farmacie\/#website"},"primaryImageOfPage":{"@id":"https:\/\/www.mojeplazma.cz\/farmacie\/farmacie\/levicose\/#primaryimage"},"image":{"@id":"https:\/\/www.mojeplazma.cz\/farmacie\/farmacie\/levicose\/#primaryimage"},"thumbnailUrl":"https:\/\/www.mojeplazma.cz\/farmacie\/wp-content\/uploads\/2024\/10\/LEVICOSE.jpg","datePublished":"2024-10-10T16:26:59+00:00","dateModified":"2024-11-13T13:44:40+00:00","breadcrumb":{"@id":"https:\/\/www.mojeplazma.cz\/farmacie\/farmacie\/levicose\/#breadcrumb"},"inLanguage":"cs","potentialAction":[{"@type":"ReadAction","target":["https:\/\/www.mojeplazma.cz\/farmacie\/farmacie\/levicose\/"]}]},{"@type":"ImageObject","inLanguage":"cs","@id":"https:\/\/www.mojeplazma.cz\/farmacie\/farmacie\/levicose\/#primaryimage","url":"https:\/\/www.mojeplazma.cz\/farmacie\/wp-content\/uploads\/2024\/10\/LEVICOSE.jpg","contentUrl":"https:\/\/www.mojeplazma.cz\/farmacie\/wp-content\/uploads\/2024\/10\/LEVICOSE.jpg","width":768,"height":768},{"@type":"BreadcrumbList","@id":"https:\/\/www.mojeplazma.cz\/farmacie\/farmacie\/levicose\/#breadcrumb","itemListElement":[{"@type":"ListItem","position":1,"name":"Strona g\u0142\u00f3wna","item":"https:\/\/www.mojeplazma.cz\/farmacie\/"},{"@type":"ListItem","position":2,"name":"farmacie","item":"https:\/\/www.mojeplazma.cz\/farmacie\/"},{"@type":"ListItem","position":3,"name":"Levicose"}]},{"@type":"WebSite","@id":"https:\/\/www.mojeplazma.cz\/farmacie\/#website","url":"https:\/\/www.mojeplazma.cz\/farmacie\/","name":"mojeplazma.cz","description":"","potentialAction":[{"@type":"SearchAction","target":{"@type":"EntryPoint","urlTemplate":"https:\/\/www.mojeplazma.cz\/farmacie\/?s={search_term_string}"},"query-input":{"@type":"PropertyValueSpecification","valueRequired":true,"valueName":"search_term_string"}}],"inLanguage":"cs"}]}},"_links":{"self":[{"href":"https:\/\/www.mojeplazma.cz\/farmacie\/wp-json\/wp\/v2\/product\/4060","targetHints":{"allow":["GET"]}}],"collection":[{"href":"https:\/\/www.mojeplazma.cz\/farmacie\/wp-json\/wp\/v2\/product"}],"about":[{"href":"https:\/\/www.mojeplazma.cz\/farmacie\/wp-json\/wp\/v2\/types\/product"}],"replies":[{"embeddable":true,"href":"https:\/\/www.mojeplazma.cz\/farmacie\/wp-json\/wp\/v2\/comments?post=4060"}],"wp:featuredmedia":[{"embeddable":true,"href":"https:\/\/www.mojeplazma.cz\/farmacie\/wp-json\/wp\/v2\/media\/4108"}],"wp:attachment":[{"href":"https:\/\/www.mojeplazma.cz\/farmacie\/wp-json\/wp\/v2\/media?parent=4060"}],"wp:term":[{"taxonomy":"product_brand","embeddable":true,"href":"https:\/\/www.mojeplazma.cz\/farmacie\/wp-json\/wp\/v2\/product_brand?post=4060"},{"taxonomy":"product_cat","embeddable":true,"href":"https:\/\/www.mojeplazma.cz\/farmacie\/wp-json\/wp\/v2\/product_cat?post=4060"},{"taxonomy":"product_tag","embeddable":true,"href":"https:\/\/www.mojeplazma.cz\/farmacie\/wp-json\/wp\/v2\/product_tag?post=4060"}],"curies":[{"name":"wp","href":"https:\/\/api.w.org\/{rel}","templated":true}]}}