{"id":4061,"date":"2024-10-10T16:26:59","date_gmt":"2024-10-10T16:26:59","guid":{"rendered":"https:\/\/www.mojeplazma.cz\/farmacie\/?post_type=product&#038;p=4061"},"modified":"2024-11-13T13:02:19","modified_gmt":"2024-11-13T13:02:19","slug":"intenskin","status":"publish","type":"product","link":"https:\/\/www.mojeplazma.cz\/farmacie\/farmacie\/intenskin\/","title":{"rendered":"Intenskin"},"content":{"rendered":"\n\n<h2 class=\"wp-block-heading\">Co je Intenskin a jak funguje?<\/h2>\n\n\n\n\n\n<p>Intenskin je modern\u00ed <b>kr\u00e9m proti vr\u00e1sk\u00e1m<\/b>, kter\u00fd kombinuje <em>p\u0159\u00edrodn\u00ed slo\u017een\u00ed<\/em> s \u0159adou <em>\u00fa\u010dinn\u00fdch l\u00e1tek<\/em>. Hlavn\u00ed slo\u017eky, jako je <em>mo\u0159sk\u00fd kolagen<\/em> a <em>v\u00fdta\u017eek z \u017een\u0161enu<\/em>, hraj\u00ed kl\u00ed\u010dovou roli p\u0159i regeneraci a omlazen\u00ed pleti. Tento kr\u00e9m \u00fa\u010dinn\u011b stimuluje tvorbu kolagenu, co\u017e p\u0159isp\u00edv\u00e1 k pevn\u011bj\u0161\u00ed a pru\u017en\u011bj\u0161\u00ed pleti.<\/p>\n\n\n\n\n\n<p>Dosa\u017een\u00ed viditeln\u00fdch v\u00fdsledk\u016f vy\u017eaduje pravideln\u00e9 pou\u017e\u00edv\u00e1n\u00ed kr\u00e9mu Intenskin. D\u00edky obsahu <em>kyseliny hyaluronov\u00e9<\/em> z\u00edsk\u00e1v\u00e1 ple\u0165 hloubkovou hydrataci a z\u00e1\u0159ivost. <em>Arganov\u00fd olej<\/em>, zdroj nenasycen\u00fdch mastn\u00fdch kyselin, podporuje regeneraci na bun\u011b\u010dn\u00e9 \u00farovni a <em>vitamin E,<\/em> zn\u00e1m\u00fd jako &#8222;vitamin ml\u00e1d\u00ed&#8220;, podporuje ochranu p\u0159ed voln\u00fdmi radik\u00e1ly, co\u017e je d\u016fle\u017eit\u00e9 v boji proti zn\u00e1mk\u00e1m st\u00e1rnut\u00ed.<\/p>\n\n\n\n\n\n<ul class=\"wp-block-list\">\n\n<li>Intenskin obsahuje 100% p\u0159\u00edrodn\u00ed <b>slo\u017eky<\/b><\/li>\n\n\n\n\n\n<li>Posiluje regenera\u010dn\u00ed procesy poko\u017eky<\/li>\n\n\n\n\n\n<li>Redukuje jemn\u00e9 linky a vr\u00e1sky<\/li>\n\n\n\n\n\n<li>Zlep\u0161uje t\u00f3n pleti a jej\u00ed hydrataci<\/li>\n\n<\/ul>\n\n\n\n\n\n<p>P\u0159ed zah\u00e1jen\u00edm o\u0161et\u0159en\u00ed se rovn\u011b\u017e doporu\u010duje otestovat reakci pleti. Pro dosa\u017een\u00ed nejlep\u0161\u00edch v\u00fdsledk\u016f v boji proti zn\u00e1mk\u00e1m st\u00e1rnut\u00ed *a ztr\u00e1t\u011b pevnosti pleti* se doporu\u010duje kr\u00e9m aplikovat dvakr\u00e1t denn\u011b, r\u00e1no a ve\u010der.<\/p>\n\n\n\n\n\n<figure class=\"wp-block-table\"><table class=\"has-fixed-layout\"><tbody><tr><th>Slo\u017een\u00ed<\/th><th>\u00da\u010dinek<\/th><\/tr><tr><td>Mo\u0159sk\u00fd kolagen<\/td><td>Zlep\u0161uje pevnost pleti<\/td><\/tr><tr><td>V\u00fdta\u017eek z \u017een\u0161enu<\/td><td>Podporuje regeneraci a pru\u017enost<\/td><\/tr><tr><td>Kyselina hyaluronov\u00e1<\/td><td>Hloubkov\u00e1 hydratace<\/td><\/tr><tr><td>Arganov\u00fd olej<\/td><td>Regenerace a zlep\u0161en\u00ed barvy<\/td><\/tr><tr><td>Vitamin E<\/td><td>Ochrana proti voln\u00fdm radik\u00e1l\u016fm<\/td><\/tr><\/tbody><\/table><\/figure>\n\n\n\n\n\n<h2 class=\"wp-block-heading\">Jak\u00e9 jsou \u00fa\u010dinky pou\u017e\u00edv\u00e1n\u00ed p\u0159\u00edpravku Intenskin?<\/h2>\n\n\n\n\n\n<p>Pravideln\u00e9 <b>pou\u017e\u00edv\u00e1n\u00ed<\/b> Intenskin vede k <em>aplika\u010dn\u00edm \u00fa\u010dink\u016fm<\/em>, kter\u00e9 u\u017eivatel\u00e9 st\u00e1le v\u00edce oce\u0148uj\u00ed. \u00da\u010dinn\u00e9 l\u00e1tky v kr\u00e9mu pronikaj\u00ed hluboko do poko\u017eky, co\u017e vede k v\u00fdrazn\u00e9 <em>redukci vr\u00e1sek<\/em> a <em>zlep\u0161en\u00ed elasticity<\/em> pleti. Mnoho lid\u00ed si v\u0161imlo, \u017ee jejich ple\u0165 je hlad\u0161\u00ed a vypad\u00e1 mlad\u0161\u00ed.<\/p>\n\n\n\n\n\n<p>Elizabeth, 53let\u00e1 u\u017eivatelka kr\u00e9mu Intenskin, zaznamenala viditeln\u00e9 v\u00fdsledky ji\u017e po jednom t\u00fddnu pou\u017e\u00edv\u00e1n\u00ed. Jej\u00ed hlub\u0161\u00ed vr\u00e1sky se za\u010daly zmen\u0161ovat a po jednom m\u011bs\u00edci se stav jej\u00ed pleti v\u00fdrazn\u011b zlep\u0161il. V\u0161imla si, \u017ee kontury jej\u00edho obli\u010deje jsou jasn\u011bj\u0161\u00ed a barva pleti \u017eiv\u011bj\u0161\u00ed.<\/p>\n\n\n\n\n\n<p><b>U\u017eivatel\u00e9<\/b> si pochvaluj\u00ed lehkou, nemastnou texturu kr\u00e9mu a p\u0159\u00edjemnou, neutr\u00e1ln\u00ed v\u016fni. Po \u0161esti m\u011bs\u00edc\u00edch pou\u017e\u00edv\u00e1n\u00ed kr\u00e9mu Intenskin Elizabeth zaznamenala v\u00fdrazn\u00e9 zlep\u0161en\u00ed vzhledu sv\u00e9 pleti. Jej\u00ed kamar\u00e1dka, kter\u00e1 za\u010dala v\u00fdrobek pou\u017e\u00edvat d\u0159\u00edve, vypad\u00e1 tak\u00e9 o deset let mlad\u0161\u00ed, co\u017e Elizabeth inspirovalo k zakoupen\u00ed kr\u00e9mu.<\/p>\n\n\n\n\n\n<figure class=\"wp-block-table\"><table class=\"has-fixed-layout\"><tbody><tr><th>\u00da\u010dinek<\/th><th>Popis<\/th><\/tr><tr><td><b>Redukce vr\u00e1sek<\/b><\/td><td>Viditeln\u00e1 redukce hlub\u0161\u00edch vr\u00e1sek ji\u017e po jednom t\u00fddnu pou\u017e\u00edv\u00e1n\u00ed.<\/td><\/tr><tr><td><b>Zlep\u0161en\u00e1 pru\u017enost<\/b><\/td><td>Ple\u0165 se st\u00e1v\u00e1 pevn\u011bj\u0161\u00ed a pru\u017en\u011bj\u0161\u00ed, co\u017e je patrn\u00e9 ji\u017e po jednom m\u011bs\u00edci.<\/td><\/tr><tr><td>Hydratace<\/td><td><b>U\u017eivatel\u00e9<\/b> zaznamen\u00e1vaj\u00ed zv\u00fd\u0161enou hydrataci a zdrav\u00fd lesk pleti.<\/td><\/tr><tr><td>Celkov\u00e9 zlep\u0161en\u00ed vzhledu<\/td><td>Po \u0161esti m\u011bs\u00edc\u00edch pou\u017e\u00edv\u00e1n\u00ed vypad\u00e1 ple\u0165 mlad\u0161\u00ed a zdrav\u011bj\u0161\u00ed.<\/td><\/tr><\/tbody><\/table><\/figure>\n\n\n\n\n\n<h2 class=\"wp-block-heading\">Jak pou\u017e\u00edvat Intenskin? &#8211; D\u00e1vkov\u00e1n\u00ed a doporu\u010den\u00ed<\/h2>\n\n\n\n\n\n<p>Pro dosa\u017een\u00ed nejlep\u0161\u00edch v\u00fdsledk\u016f p\u0159\u00edpravku Intenskin se doporu\u010duje aplikovat jej dvakr\u00e1t denn\u011b &#8211; r\u00e1no a ve\u010der. Kr\u00e9m by se m\u011bl nan\u00e1\u0161et na vy\u010di\u0161t\u011bnou ple\u0165, mal\u00e9 mno\u017estv\u00ed naneste na obli\u010dej a krk. Kl\u00ed\u010dov\u00e9 je jemn\u011b vmas\u00edrovat p\u0159\u00edpravek krou\u017eiv\u00fdmi pohyby, dokud se pln\u011b nevst\u0159eb\u00e1. Tato <em>aplikace<\/em> umo\u017e\u0148uje \u00fa\u010dinn\u00e9mu p\u016fsoben\u00ed aktivn\u00edch slo\u017eek na ple\u0165.<\/p>\n\n\n\n\n\n<p>Pro dosa\u017een\u00ed maxim\u00e1ln\u00edch v\u00fdsledk\u016f odborn\u00edk doporu\u010duje pravideln\u00e9 <b>pou\u017e\u00edv\u00e1n\u00ed p\u0159\u00edpravku<\/b> Intenskin po dobu minim\u00e1ln\u011b 4-6 t\u00fddn\u016f. Podrobn\u00e9 <em>d\u00e1vkov\u00e1n\u00ed<\/em> a <em>doporu\u010den\u00ed pro<\/em> aplikaci naleznete n\u00ed\u017ee:<\/p>\n\n\n\n\n\n<figure class=\"wp-block-table\"><table class=\"has-fixed-layout\"><tbody><tr><th>Doporu\u010den\u00ed<\/th><th>D\u00e1vkov\u00e1n\u00ed<\/th><th>Aplikace<\/th><\/tr><tr><td><b>Aplikace<\/b> r\u00e1no<\/td><td>Mal\u00e9 mno\u017estv\u00ed na obli\u010dej a krk<\/td><td>Jemn\u011b vmas\u00edrujte krou\u017eiv\u00fdmi pohyby<\/td><\/tr><tr><td>Ve\u010dern\u00ed<b>aplikace<\/b> <\/td><td>Mal\u00e9 mno\u017estv\u00ed na obli\u010dej a krk<\/td><td>Jemn\u011b vmas\u00edrujte krou\u017eiv\u00fdmi pohyby<\/td><\/tr><tr><td>Pravidelnost<\/td><td>Minim\u00e1ln\u011b 4-6 t\u00fddn\u016f<\/td><td>Denn\u011b, bez p\u0159eru\u0161en\u00ed<\/td><\/tr><\/tbody><\/table><\/figure>\n\n\n\n\n\n<p>Intenskin obsahuje jedine\u010dn\u00e9 slo\u017een\u00ed, kter\u00e9 podporuje regeneraci poko\u017eky, a pozitivn\u00ed <b>recenze<\/b> u\u017eivatel\u016f vyzdvihuj\u00ed jeho \u00fa\u010dinnost p\u0159i zlep\u0161ov\u00e1n\u00ed elasticity pleti a redukci vr\u00e1sek. D\u00edky minimu kontraindikac\u00ed a absenci \u0161kodliv\u00fdch l\u00e1tek se <em>pou\u017e\u00edv\u00e1n\u00ed<\/em> tohoto kr\u00e9mu st\u00e1v\u00e1 bezpe\u010dnou volbou pro ka\u017edodenn\u00ed p\u00e9\u010di.<\/p>\n\n\n\n\n\n<h2 class=\"wp-block-heading\">Intenskin recenze &#8211; Co \u0159\u00edkaj\u00ed u\u017eivatel\u00e9 ve f\u00f3rech?<\/h2>\n\n\n\n\n\n<p><b>Recenze o<\/b> Intenskin jsou v\u011bt\u0161inou pozitivn\u00ed, <b>u\u017eivatel\u00e9<\/b> oce\u0148uj\u00ed <b>\u00fa\u010dinky, kter\u00e9<\/b> <b>pou\u017e\u00edv\u00e1n\u00ed<\/b> tohoto kr\u00e9mu p\u0159in\u00e1\u0161\u00ed. V online f\u00f3rech existuje mnoho autentick\u00fdch sv\u011bdectv\u00ed, kter\u00e1 ilustruj\u00ed <b>v\u00fdhody<\/b> tohoto produktu.<\/p>\n\n\n\n\n\n<blockquote class=\"wp-block-quote is-layout-flow wp-block-quote-is-layout-flow\">\n\n<p><em>&#8222;Pou\u017e\u00edv\u00e1m Intenskin m\u011bs\u00edc a zaznamenal jsem v\u00fdrazn\u00e9 zlep\u0161en\u00ed. M\u00e9 vr\u00e1sky se staly m\u00e9n\u011b viditeln\u00fdmi a moje ple\u0165 vypad\u00e1 v\u00edce hydratovan\u00e1. Nav\u00edc jsem si v\u0161imla, \u017ee moje ple\u0165 je z\u00e1\u0159iv\u011bj\u0161\u00ed. C\u00edt\u00edm se mlad\u0161\u00ed a sebev\u011bdom\u011bj\u0161\u00ed.&#8220;<\/em> &#8211; Dorothy, 34 let<\/p>\n\n<\/blockquote>\n\n\n\n\n\n<blockquote class=\"wp-block-quote is-layout-flow wp-block-quote-is-layout-flow\">\n\n<p><em>&#8222;Tohle je nejlep\u0161\u00ed produkt, jak\u00fd jsem kdy m\u011bla! Moje ple\u0165 je pevn\u011bj\u0161\u00ed a hlad\u0161\u00ed. Nan\u00e1\u0161en\u00ed kr\u00e9mu je radost a d\u00edky jeho textu\u0159e se rychle vst\u0159eb\u00e1v\u00e1. Doporu\u010dila bych ho ka\u017ed\u00e9mu, kdo chce zlep\u0161it stav sv\u00e9 pleti.&#8220;<\/em> &#8211; Magda, 47 let<\/p>\n\n<\/blockquote>\n\n\n\n\n\n<blockquote class=\"wp-block-quote is-layout-flow wp-block-quote-is-layout-flow\">\n\n<p><em>&#8222;Ne\u010dekala jsem, \u017ee kr\u00e9m bude tak dob\u0159e fungovat. Po n\u011bkolika t\u00fddnech vid\u00edm zm\u011bny ve vzhledu sv\u00e9 pleti, co\u017e m\u011b velmi t\u011b\u0161\u00ed. Pou\u017e\u00edv\u00e1m ho pravideln\u011b a \u00fa\u010dinky jsou opravdu viditeln\u00e9. Moje ple\u0165 vypad\u00e1 sv\u011b\u017eeji a regenerovan\u011bji.&#8220;<\/em> &#8211; Alexander, 52 let<\/p>\n\n<\/blockquote>\n\n\n\n\n\n<p>Mnoho u\u017eivatel\u016f zd\u016fraz\u0148uje, \u017ee Intenskin \u00fa\u010dinn\u011b zlep\u0161uje pru\u017enost pleti a redukuje v\u00e1\u010dky pod o\u010dima. Tyto typy <b>recenz\u00ed<\/b> jsou d\u016fle\u017eitou sou\u010d\u00e1st\u00ed rozhodnut\u00ed o koupi tohoto kr\u00e9mu. Na f\u00f3rech jsou tak\u00e9 \u010dasto kladeny ot\u00e1zky t\u00fdkaj\u00edc\u00ed se slo\u017een\u00ed v\u00fdrobku a jeho fungov\u00e1n\u00ed, co\u017e sv\u011bd\u010d\u00ed o rostouc\u00edm z\u00e1jmu.<\/p>\n\n\n\n\n\n<h2 class=\"wp-block-heading\">Intenskin &#8211; slo\u017een\u00ed &#8211; anal\u00fdza slo\u017eek<\/h2>\n\n\n\n\n\n<p>Intenskin obsahuje pe\u010dliv\u011b vybran\u00e9 <b>p\u0159\u00edrodn\u00ed slo\u017eky,<\/b> kter\u00e9 maj\u00ed pozitivn\u00ed vliv na stav poko\u017eky. Mezi slo\u017eky pat\u0159\u00ed <em>kyselina hyaluronov\u00e1<\/em>, kter\u00e1 intenzivn\u011b hydratuje poko\u017eku, a rostlinn\u00e9 v\u00fdta\u017eky, jako je <em>aloe vera<\/em> a <em>\u017een\u0161en<\/em>, zn\u00e1m\u00e9 sv\u00fdmi regenera\u010dn\u00edmi \u00fa\u010dinky. Tyto slo\u017eky tak\u00e9 pom\u00e1haj\u00ed bojovat proti voln\u00fdm radik\u00e1l\u016fm, co\u017e zpomaluje proces st\u00e1rnut\u00ed pleti.<\/p>\n\n\n\n\n\n<p>N\u00ed\u017ee uveden\u00e1 tabulka uv\u00e1d\u00ed kl\u00ed\u010dov\u00e9 slo\u017eky p\u0159\u00edpravku Intenskin a jejich vlastnosti:<\/p>\n\n\n\n\n\n<figure class=\"wp-block-table\"><table class=\"has-fixed-layout\"><tbody><tr><th>Slo\u017eky<\/th><th>Vlastnosti<\/th><\/tr><tr><td>Kyselina hyaluronov\u00e1<\/td><td>Intenzivn\u00ed hydratace, vyhlazen\u00ed jemn\u00fdch linek a vr\u00e1sek<\/td><\/tr><tr><td>Aloe Vera<\/td><td>Regenerace, protiz\u00e1n\u011btliv\u00fd <b>\u00fa\u010dinek<\/b> <\/td><\/tr><tr><td>\u017den\u0161en<\/td><td>Posiluje poko\u017eku, <b>zlep\u0161uje<\/b> jej\u00ed <b>pru\u017enost<\/b><\/td><\/tr><tr><td>Olivov\u00fd olej<\/td><td>Hydratace, antioxida\u010dn\u00ed <b>\u00fa\u010dinek<\/b> <\/td><\/tr><tr><td>Komplex vitam\u00edn\u016f a miner\u00e1l\u016f<\/td><td>V\u00fd\u017eiva, podpora regenerace poko\u017eky<\/td><\/tr><\/tbody><\/table><\/figure>\n\n\n\n\n\n<p>D\u00edky kombinaci t\u011bchto p\u0159\u00edrodn\u00edch slo\u017eek Intenskin \u00fa\u010dinn\u011b zlep\u0161uje vzhled pleti. <b>Anal\u00fdza slo\u017eek<\/b> ukazuje jejich prokazateln\u00e9 p\u016fsoben\u00ed proti vr\u00e1sk\u00e1m, co\u017e potvrzuj\u00ed n\u00e1zory u\u017eivatel\u016f i dermatologick\u00fdch a kosmetick\u00fdch specialist\u016f. Pravideln\u00e9 pou\u017e\u00edv\u00e1n\u00ed tohoto kr\u00e9mu p\u0159isp\u00edv\u00e1 ke zv\u00fd\u0161en\u00ed pru\u017enosti poko\u017eky a sn\u00ed\u017een\u00ed v\u00fdskytu vr\u00e1sek, d\u00edky \u010demu\u017e je v\u00fdrobek na trhu s kosmetikou st\u00e1le obl\u00edben\u011bj\u0161\u00ed.<\/p>\n\n\n\n\n\n<h2 class=\"wp-block-heading\">Kde koupit a jak\u00e1 je cena Intenskin?<\/h2>\n\n\n\n\n\n<p>Intenskin kr\u00e9m je produkt, kter\u00fd lze zakoupit pouze na ofici\u00e1ln\u00edch <em>str\u00e1nk\u00e1ch v\u00fdrobce<\/em>. N\u00e1kup zde zaru\u010duje, \u017ee obdr\u017e\u00edte origin\u00e1ln\u00ed v\u00fdrobek nejvy\u0161\u0161\u00ed kvality, co\u017e je kl\u00ed\u010dem k dosa\u017een\u00ed o\u010dek\u00e1van\u00fdch v\u00fdsledk\u016f. Stoj\u00ed za zm\u00ednku, \u017ee <em>v\u00fdrobek nen\u00ed k dispozici ve stacion\u00e1rn\u00edch l\u00e9k\u00e1rn\u00e1ch ani v jin\u00fdch obchodech<\/em>, co\u017e omezuje mo\u017enosti n\u00e1kupu, ale z\u00e1rove\u0148 zaji\u0161\u0165uje bezpe\u010dnost transakce.<\/p>\n\n\n\n\n\n<p><b>Cena<\/b> Intenskin se m\u016f\u017ee li\u0161it v z\u00e1vislosti na aktu\u00e1ln\u00edch akc\u00edch. Na ofici\u00e1ln\u00edch <em>str\u00e1nk\u00e1ch v\u00fdrobce<\/em> jsou \u010dasto k dispozici atraktivn\u00ed slevy, v\u010detn\u011b 50% slevy, co\u017e \u010din\u00ed tento produkt je\u0161t\u011b dostupn\u011bj\u0161\u00edm. Stoj\u00ed za to pravideln\u011b kontrolovat tuto str\u00e1nku, abyste m\u011bli aktu\u00e1ln\u00ed informace o nejlep\u0161\u00edch v\u00fdhodn\u00fdch nab\u00eddk\u00e1ch.<\/p>\n\n\n\n\n\n<p>Rozhodnete-li se zakoupit Intenskin, m\u016f\u017eete si b\u00fdt jisti, \u017ee investujete do v\u00fdrobku doporu\u010den\u00e9ho odborn\u00edky a pozitivn\u011b hodnocen\u00e9ho u\u017eivateli. Pravideln\u00e9 pou\u017e\u00edv\u00e1n\u00ed tohoto kr\u00e9mu p\u0159in\u00e1\u0161\u00ed v\u00fdhody, jako je <b>zlep\u0161en\u00ed pru\u017enosti<\/b> poko\u017eky a redukce vr\u00e1sek. Nezapome\u0148te v\u017edy pou\u017e\u00edvat <em>ofici\u00e1ln\u00ed webov\u00e9 str\u00e1nky v\u00fdrobce,<\/em> abyste se vyhnuli neautorizovan\u00fdm prodejc\u016fm a zajistili, \u017ee v\u00e1\u0161 n\u00e1kup je zcela bezpe\u010dn\u00fd.<\/p>\n\n\n\n\n\n<h2 class=\"wp-block-heading\">Mo\u017en\u00e9 ne\u017e\u00e1douc\u00ed \u00fa\u010dinky a kontraindikace pou\u017e\u00edv\u00e1n\u00ed Intenskin<\/h2>\n\n\n\n\n\n<p>P\u0159esto\u017ee je Intenskin obecn\u011b pova\u017eov\u00e1n za bezpe\u010dn\u00fd v\u00fdrobek, u\u017eivatel\u00e9 by si m\u011bli b\u00fdt v\u011bdomi mo\u017en\u00fdch vedlej\u0161\u00edch \u00fa\u010dink\u016f. U n\u011bkter\u00fdch lid\u00ed se mohou vyskytnout <strong>alergick\u00e9 reakce<\/strong>, kter\u00e9 se mohou projevit podr\u00e1\u017ed\u011bn\u00edm, vyr\u00e1\u017ekou nebo jin\u00fdmi ko\u017en\u00edmi reakcemi. Proto se p\u0159ed pou\u017eit\u00edm doporu\u010duje prov\u00e9st test senzibilizace na mal\u00e9 plo\u0161e k\u016f\u017ee. Lid\u00e9 s <strong>citlivou poko\u017ekou<\/strong> by m\u011bli zv\u00e1\u017eit konzultaci s dermatologem, aby se ujistili, \u017ee je pro n\u011b p\u0159\u00edpravek vhodn\u00fd.<\/p>\n\n\n\n\n\n<p>D\u016fle\u017eit\u00fdm aspektem bezpe\u010dnosti p\u0159\u00edpravku Intenskin je jeho <b>aplikace<\/b> podle pokyn\u016f v\u00fdrobce. Nedodr\u017een\u00ed pokyn\u016f m\u016f\u017ee zv\u00fd\u0161it riziko ne\u017e\u00e1douc\u00edch \u00fa\u010dink\u016f, jako je <strong>nadm\u011brn\u00e9 vysu\u0161en\u00ed<\/strong> poko\u017eky nebo zhor\u0161en\u00ed stavu poko\u017eky. Lid\u00e9, kte\u0159\u00ed maj\u00ed <strong>kontraindikace,<\/strong> jako je po\u0161kozen\u00e1 k\u016f\u017ee, zan\u00edcen\u00e1 k\u016f\u017ee nebo k\u016f\u017ee s ur\u010dit\u00fdmi dermatologick\u00fdmi onemocn\u011bn\u00edmi, by m\u011bli b\u00fdt p\u0159i v\u00fdb\u011bru tohoto kr\u00e9mu obzvl\u00e1\u0161t\u011b opatrn\u00ed.<\/p>\n\n\n\n\n\n<p>Navzdory mo\u017en\u00fdm vedlej\u0161\u00edm \u00fa\u010dink\u016fm pova\u017euje mnoho u\u017eivatel\u016f Intenskin za \u00fa\u010dinn\u00fd p\u0159\u00edpravek proti st\u00e1rnut\u00ed, kter\u00fd podporuje regeneraci poko\u017eky a stimuluje tvorbu kolagenu. Kl\u00ed\u010dem k minimalizaci rizik je opatrnost a uv\u011bdom\u011bl\u00fd p\u0159\u00edstup k p\u00e9\u010di o ple\u0165, d\u00edky \u010demu\u017e se m\u016f\u017eete t\u011b\u0161it z viditeln\u00e9ho zlep\u0161en\u00ed pleti bez nep\u0159\u00edjemn\u00fdch vedlej\u0161\u00edch \u00fa\u010dink\u016f.<\/p>\n\n","protected":false},"excerpt":{"rendered":"<p><strong>[date_countdown]<\/strong><\/p>\n<p><strong><img decoding=\"async\" class=\"alignnone  wp-image-8078\" src=\"https:\/\/www.mojeplazma.cz\/farmacie\/wp-content\/uploads\/2024\/10\/SAFE-PAY-300x88-1.png\" alt=\"SAFE-PAY-300x88\" width=\"154\" height=\"45\" \/><\/strong><\/p>\n","protected":false},"featured_media":4109,"comment_status":"open","ping_status":"closed","template":"","meta":{"neve_meta_sidebar":"","neve_meta_container":"","neve_meta_enable_content_width":"","neve_meta_content_width":0,"neve_meta_title_alignment":"","neve_meta_author_avatar":"","neve_post_elements_order":"","neve_meta_disable_header":"","neve_meta_disable_footer":"","neve_meta_disable_title":"","neve_meta_reading_time":""},"product_brand":[],"product_cat":[16],"product_tag":[],"class_list":{"0":"post-4061","1":"product","2":"type-product","3":"status-publish","4":"has-post-thumbnail","6":"product_cat-krasa","8":"first","9":"instock","10":"sale","11":"shipping-taxable","12":"product-type-external"},"yoast_head":"<!-- This site is optimized with the Yoast SEO plugin v27.3 - https:\/\/yoast.com\/product\/yoast-seo-wordpress\/ -->\n<title>Intenskin - Recenze, L\u00e9k\u00e1rna, Cena - 50%, F\u00f3rum, \u00da\u010dinky | 2026<\/title>\n<meta name=\"robots\" content=\"index, follow, max-snippet:-1, max-image-preview:large, max-video-preview:-1\" \/>\n<link rel=\"canonical\" href=\"https:\/\/www.mojeplazma.cz\/farmacie\/farmacie\/intenskin\/\" \/>\n<meta property=\"og:locale\" content=\"cs_CZ\" \/>\n<meta property=\"og:type\" content=\"article\" \/>\n<meta property=\"og:title\" content=\"Intenskin - Recenze, L\u00e9k\u00e1rna, Cena - 50%, F\u00f3rum, \u00da\u010dinky | 2026\" \/>\n<meta property=\"og:url\" content=\"https:\/\/www.mojeplazma.cz\/farmacie\/farmacie\/intenskin\/\" \/>\n<meta property=\"og:site_name\" content=\"MojePlazma\" \/>\n<meta property=\"article:modified_time\" content=\"2024-11-13T13:02:19+00:00\" \/>\n<meta property=\"og:image\" content=\"https:\/\/www.mojeplazma.cz\/farmacie\/wp-content\/uploads\/2024\/10\/INTENSKIN.jpg\" \/>\n\t<meta property=\"og:image:width\" content=\"768\" \/>\n\t<meta property=\"og:image:height\" content=\"768\" \/>\n\t<meta property=\"og:image:type\" content=\"image\/jpeg\" \/>\n<meta name=\"twitter:card\" content=\"summary_large_image\" \/>\n<meta name=\"twitter:description\" content=\"[date_countdown]\" \/>\n<meta name=\"twitter:label1\" content=\"Odhadovan\u00e1 doba \u010dten\u00ed\" \/>\n\t<meta name=\"twitter:data1\" content=\"7 minut\" \/>\n<script type=\"application\/ld+json\" class=\"yoast-schema-graph\">{\"@context\":\"https:\\\/\\\/schema.org\",\"@graph\":[{\"@type\":\"WebPage\",\"@id\":\"https:\\\/\\\/www.mojeplazma.cz\\\/farmacie\\\/farmacie\\\/intenskin\\\/\",\"url\":\"https:\\\/\\\/www.mojeplazma.cz\\\/farmacie\\\/farmacie\\\/intenskin\\\/\",\"name\":\"Intenskin - Recenze, L\u00e9k\u00e1rna, Cena - 50%, F\u00f3rum, \u00da\u010dinky | 2026\",\"isPartOf\":{\"@id\":\"https:\\\/\\\/www.mojeplazma.cz\\\/farmacie\\\/#website\"},\"primaryImageOfPage\":{\"@id\":\"https:\\\/\\\/www.mojeplazma.cz\\\/farmacie\\\/farmacie\\\/intenskin\\\/#primaryimage\"},\"image\":{\"@id\":\"https:\\\/\\\/www.mojeplazma.cz\\\/farmacie\\\/farmacie\\\/intenskin\\\/#primaryimage\"},\"thumbnailUrl\":\"https:\\\/\\\/www.mojeplazma.cz\\\/farmacie\\\/wp-content\\\/uploads\\\/2024\\\/10\\\/INTENSKIN.jpg\",\"datePublished\":\"2024-10-10T16:26:59+00:00\",\"dateModified\":\"2024-11-13T13:02:19+00:00\",\"breadcrumb\":{\"@id\":\"https:\\\/\\\/www.mojeplazma.cz\\\/farmacie\\\/farmacie\\\/intenskin\\\/#breadcrumb\"},\"inLanguage\":\"cs\",\"potentialAction\":[{\"@type\":\"ReadAction\",\"target\":[\"https:\\\/\\\/www.mojeplazma.cz\\\/farmacie\\\/farmacie\\\/intenskin\\\/\"]}]},{\"@type\":\"ImageObject\",\"inLanguage\":\"cs\",\"@id\":\"https:\\\/\\\/www.mojeplazma.cz\\\/farmacie\\\/farmacie\\\/intenskin\\\/#primaryimage\",\"url\":\"https:\\\/\\\/www.mojeplazma.cz\\\/farmacie\\\/wp-content\\\/uploads\\\/2024\\\/10\\\/INTENSKIN.jpg\",\"contentUrl\":\"https:\\\/\\\/www.mojeplazma.cz\\\/farmacie\\\/wp-content\\\/uploads\\\/2024\\\/10\\\/INTENSKIN.jpg\",\"width\":768,\"height\":768},{\"@type\":\"BreadcrumbList\",\"@id\":\"https:\\\/\\\/www.mojeplazma.cz\\\/farmacie\\\/farmacie\\\/intenskin\\\/#breadcrumb\",\"itemListElement\":[{\"@type\":\"ListItem\",\"position\":1,\"name\":\"Strona g\u0142\u00f3wna\",\"item\":\"https:\\\/\\\/www.mojeplazma.cz\\\/farmacie\\\/\"},{\"@type\":\"ListItem\",\"position\":2,\"name\":\"farmacie\",\"item\":\"https:\\\/\\\/www.mojeplazma.cz\\\/farmacie\\\/\"},{\"@type\":\"ListItem\",\"position\":3,\"name\":\"Intenskin\"}]},{\"@type\":\"WebSite\",\"@id\":\"https:\\\/\\\/www.mojeplazma.cz\\\/farmacie\\\/#website\",\"url\":\"https:\\\/\\\/www.mojeplazma.cz\\\/farmacie\\\/\",\"name\":\"mojeplazma.cz\",\"description\":\"\",\"potentialAction\":[{\"@type\":\"SearchAction\",\"target\":{\"@type\":\"EntryPoint\",\"urlTemplate\":\"https:\\\/\\\/www.mojeplazma.cz\\\/farmacie\\\/?s={search_term_string}\"},\"query-input\":{\"@type\":\"PropertyValueSpecification\",\"valueRequired\":true,\"valueName\":\"search_term_string\"}}],\"inLanguage\":\"cs\"}]}<\/script>\n<!-- \/ Yoast SEO plugin. -->","yoast_head_json":{"title":"Intenskin - Recenze, L\u00e9k\u00e1rna, Cena - 50%, F\u00f3rum, \u00da\u010dinky | 2026","robots":{"index":"index","follow":"follow","max-snippet":"max-snippet:-1","max-image-preview":"max-image-preview:large","max-video-preview":"max-video-preview:-1"},"canonical":"https:\/\/www.mojeplazma.cz\/farmacie\/farmacie\/intenskin\/","og_locale":"cs_CZ","og_type":"article","og_title":"Intenskin - Recenze, L\u00e9k\u00e1rna, Cena - 50%, F\u00f3rum, \u00da\u010dinky | 2026","og_url":"https:\/\/www.mojeplazma.cz\/farmacie\/farmacie\/intenskin\/","og_site_name":"MojePlazma","article_modified_time":"2024-11-13T13:02:19+00:00","og_image":[{"width":768,"height":768,"url":"https:\/\/www.mojeplazma.cz\/farmacie\/wp-content\/uploads\/2024\/10\/INTENSKIN.jpg","type":"image\/jpeg"}],"twitter_card":"summary_large_image","twitter_description":"[date_countdown]","twitter_misc":{"Odhadovan\u00e1 doba \u010dten\u00ed":"7 minut"},"schema":{"@context":"https:\/\/schema.org","@graph":[{"@type":"WebPage","@id":"https:\/\/www.mojeplazma.cz\/farmacie\/farmacie\/intenskin\/","url":"https:\/\/www.mojeplazma.cz\/farmacie\/farmacie\/intenskin\/","name":"Intenskin - Recenze, L\u00e9k\u00e1rna, Cena - 50%, F\u00f3rum, \u00da\u010dinky | 2026","isPartOf":{"@id":"https:\/\/www.mojeplazma.cz\/farmacie\/#website"},"primaryImageOfPage":{"@id":"https:\/\/www.mojeplazma.cz\/farmacie\/farmacie\/intenskin\/#primaryimage"},"image":{"@id":"https:\/\/www.mojeplazma.cz\/farmacie\/farmacie\/intenskin\/#primaryimage"},"thumbnailUrl":"https:\/\/www.mojeplazma.cz\/farmacie\/wp-content\/uploads\/2024\/10\/INTENSKIN.jpg","datePublished":"2024-10-10T16:26:59+00:00","dateModified":"2024-11-13T13:02:19+00:00","breadcrumb":{"@id":"https:\/\/www.mojeplazma.cz\/farmacie\/farmacie\/intenskin\/#breadcrumb"},"inLanguage":"cs","potentialAction":[{"@type":"ReadAction","target":["https:\/\/www.mojeplazma.cz\/farmacie\/farmacie\/intenskin\/"]}]},{"@type":"ImageObject","inLanguage":"cs","@id":"https:\/\/www.mojeplazma.cz\/farmacie\/farmacie\/intenskin\/#primaryimage","url":"https:\/\/www.mojeplazma.cz\/farmacie\/wp-content\/uploads\/2024\/10\/INTENSKIN.jpg","contentUrl":"https:\/\/www.mojeplazma.cz\/farmacie\/wp-content\/uploads\/2024\/10\/INTENSKIN.jpg","width":768,"height":768},{"@type":"BreadcrumbList","@id":"https:\/\/www.mojeplazma.cz\/farmacie\/farmacie\/intenskin\/#breadcrumb","itemListElement":[{"@type":"ListItem","position":1,"name":"Strona g\u0142\u00f3wna","item":"https:\/\/www.mojeplazma.cz\/farmacie\/"},{"@type":"ListItem","position":2,"name":"farmacie","item":"https:\/\/www.mojeplazma.cz\/farmacie\/"},{"@type":"ListItem","position":3,"name":"Intenskin"}]},{"@type":"WebSite","@id":"https:\/\/www.mojeplazma.cz\/farmacie\/#website","url":"https:\/\/www.mojeplazma.cz\/farmacie\/","name":"mojeplazma.cz","description":"","potentialAction":[{"@type":"SearchAction","target":{"@type":"EntryPoint","urlTemplate":"https:\/\/www.mojeplazma.cz\/farmacie\/?s={search_term_string}"},"query-input":{"@type":"PropertyValueSpecification","valueRequired":true,"valueName":"search_term_string"}}],"inLanguage":"cs"}]}},"_links":{"self":[{"href":"https:\/\/www.mojeplazma.cz\/farmacie\/wp-json\/wp\/v2\/product\/4061","targetHints":{"allow":["GET"]}}],"collection":[{"href":"https:\/\/www.mojeplazma.cz\/farmacie\/wp-json\/wp\/v2\/product"}],"about":[{"href":"https:\/\/www.mojeplazma.cz\/farmacie\/wp-json\/wp\/v2\/types\/product"}],"replies":[{"embeddable":true,"href":"https:\/\/www.mojeplazma.cz\/farmacie\/wp-json\/wp\/v2\/comments?post=4061"}],"wp:featuredmedia":[{"embeddable":true,"href":"https:\/\/www.mojeplazma.cz\/farmacie\/wp-json\/wp\/v2\/media\/4109"}],"wp:attachment":[{"href":"https:\/\/www.mojeplazma.cz\/farmacie\/wp-json\/wp\/v2\/media?parent=4061"}],"wp:term":[{"taxonomy":"product_brand","embeddable":true,"href":"https:\/\/www.mojeplazma.cz\/farmacie\/wp-json\/wp\/v2\/product_brand?post=4061"},{"taxonomy":"product_cat","embeddable":true,"href":"https:\/\/www.mojeplazma.cz\/farmacie\/wp-json\/wp\/v2\/product_cat?post=4061"},{"taxonomy":"product_tag","embeddable":true,"href":"https:\/\/www.mojeplazma.cz\/farmacie\/wp-json\/wp\/v2\/product_tag?post=4061"}],"curies":[{"name":"wp","href":"https:\/\/api.w.org\/{rel}","templated":true}]}}