{"id":4094,"date":"2024-10-10T16:27:21","date_gmt":"2024-10-10T16:27:21","guid":{"rendered":"https:\/\/www.mojeplazma.cz\/farmacie\/?post_type=product&#038;p=4094"},"modified":"2024-11-17T15:37:15","modified_gmt":"2024-11-17T15:37:15","slug":"abslim","status":"publish","type":"product","link":"https:\/\/www.mojeplazma.cz\/farmacie\/farmacie\/abslim\/","title":{"rendered":"Abslim"},"content":{"rendered":"\n<h2 class=\"wp-block-heading\">Co je Abslim a jak funguje?<\/h2>\n\n\n\n<p>Abslim je <em>dopln\u011bk stravy<\/em>, kter\u00fd je ur\u010den k podpo\u0159e <em>hubnut\u00ed<\/em>. <em>Funguje<\/em> tak, \u017ee zrychluje metabolismus, co\u017e umo\u017e\u0148uje efektivn\u011bj\u0161\u00ed spalov\u00e1n\u00ed tuk\u016f. Slo\u017een\u00ed tohoto v\u00fdrobku obsahuje pe\u010dliv\u011b vybran\u00e9 slo\u017eky, kter\u00e9 podporuj\u00ed kontrolu chuti k j\u00eddlu a p\u0159isp\u00edvaj\u00ed ke zlep\u0161en\u00ed celkov\u00e9ho stavu organismu.<\/p>\n\n\n\n<p>Stoj\u00ed za zm\u00ednku, \u017ee Abslim je na trhu v reakci na rostouc\u00ed z\u00e1jem o zdrav\u00fd \u017eivotn\u00ed styl a hled\u00e1n\u00ed ide\u00e1ln\u00ed postavy. St\u00e1le v\u00edce lid\u00ed se obrac\u00ed k dopl\u0148k\u016fm stravy, kter\u00e9 nab\u00edzej\u00ed p\u0159\u00edrodn\u00ed slo\u017eky a \u00fa\u010dinn\u00e9 <b>p\u016fsoben\u00ed<\/b>. Abslim do tohoto trendu zapad\u00e1 a nab\u00edz\u00ed inovativn\u00ed p\u0159\u00edstup v diet\u00e1ch na hubnut\u00ed.<\/p>\n\n\n\n<p>\u00da\u010dinnost p\u0159\u00edpravku Abslim se v\u0161ak m\u016f\u017ee li\u0161it a z\u00e1vis\u00ed na individu\u00e1ln\u00edch predispozic\u00edch u\u017eivatel\u016f. Proto se doporu\u010duje, aby <b>u\u017e\u00edv\u00e1n\u00ed<\/b> dopl\u0148ku bylo sou\u010d\u00e1st\u00ed vyv\u00e1\u017een\u00e9 stravy a fyzick\u00e9 aktivity. U\u017eivatel\u00e9 oce\u0148uj\u00ed v\u00fdrobek pro jeho pozitivn\u00ed <b>\u00fa\u010dinky<\/b> a stabilitu p\u016fsoben\u00ed na organismus.<\/p>\n\n\n\n<p>Stoj\u00ed za to p\u0159e\u010d\u00edst si n\u00e1zory ostatn\u00edch lid\u00ed, abyste l\u00e9pe pochopili, jak Abslim podporuje proces hubnut\u00ed. Nezapome\u0148te, \u017ee ka\u017ed\u00e9 t\u011blo reaguje jinak, tak\u017ee je d\u016fle\u017eit\u00e9 naj\u00edt spr\u00e1vn\u00e9 \u0159e\u0161en\u00ed, kter\u00e9 vyhovuje va\u0161im vlastn\u00edm pot\u0159eb\u00e1m a o\u010dek\u00e1v\u00e1n\u00edm.<\/p>\n\n\n\n<h2 class=\"wp-block-heading\">Abslim &#8211; \u00fa\u010dinky<\/h2>\n\n\n\n<p>U\u017eivatel\u00e9 dopl\u0148ku stravy Abslim \u010dasto zaznamen\u00e1vaj\u00ed v\u00fdznamn\u00e9 \u00fa\u010dinky souvisej\u00edc\u00ed s \u00fabytkem hmotnosti. Pravideln\u00e9 <b>u\u017e\u00edv\u00e1n\u00ed<\/b> vede ke sn\u00ed\u017een\u00ed hmotnosti a zv\u00fd\u0161en\u00ed hladiny energie. Zd\u016fraz\u0148uj\u00ed, \u017ee Abslim jim d\u00e1v\u00e1 pocit men\u0161\u00edho hladu, co\u017e usnad\u0148uje kontrolu jejich stravy.<\/p>\n\n\n\n<p>Stoj\u00ed za zm\u00ednku, \u017ee \u00fa\u010dinky p\u0159\u00edpravku Abslim jsou nejviditeln\u011bj\u0161\u00ed, pokud je l\u00e9\u010dba podpo\u0159ena zdravou stravou a fyzickou aktivitou. \u00da\u010dinnost p\u0159\u00edpravku se li\u0161\u00ed v z\u00e1vislosti na individu\u00e1ln\u00edch t\u011blesn\u00fdch podm\u00ednk\u00e1ch a \u017eivotn\u00edm stylu. Mnoho lid\u00ed poukazuje na pozitivn\u00ed zku\u0161enosti, v\u010detn\u011b:<\/p>\n\n\n\n<ul class=\"wp-block-list\">\n<li><em>Anna<\/em>: &#8222;Po dvou m\u011bs\u00edc\u00edch u\u017e\u00edv\u00e1n\u00ed p\u0159\u00edpravku Abslim jsem si v\u0161imla, \u017ee moje v\u00e1ha klesla o 8 kilogram\u016f. C\u00edt\u00edm se pln\u00e1 energie a hlad m\u011b netr\u00e1p\u00ed tolik jako d\u0159\u00edve.&#8220;<\/li>\n\n\n\n<li><em>Marcin<\/em>: &#8222;D\u00edky p\u0159\u00edpravku Abslim se mi kone\u010dn\u011b poda\u0159ilo zhubnout. \u00da\u010dinky byly viditeln\u00e9 ji\u017e po n\u011bkolika t\u00fddnech. Zm\u011bnil jsem tak\u00e9 sv\u00e9 stravovac\u00ed n\u00e1vyky, co\u017e mi d\u00e1le pomohlo zhubnout.&#8220;<\/li>\n\n\n\n<li><em>Karolina<\/em>: &#8222;Abslim je skv\u011bl\u00fd <b>dopln\u011bk stravy<\/b>. C\u00edt\u00edm men\u0161\u00ed \u00fanavu a m\u00e9 v\u00fdsledky jsou lep\u0161\u00ed s v\u011bt\u0161\u00edm mno\u017estv\u00edm energie. M\u00e1m pocit, \u017ee toho zvl\u00e1dnu v\u00edc a rychleji dos\u00e1hnu sv\u00fdch c\u00edl\u016f.&#8220;<\/li>\n<\/ul>\n\n\n\n<p>Je v\u0161ak t\u0159eba m\u00edt na pam\u011bti, \u017ee kone\u010dn\u00e9 v\u00fdsledky se mohou u jednotliv\u00fdch t\u011bl li\u0161it. <b>Dopln\u011bk stravy<\/b> Abslim se doporu\u010duje zejm\u00e9na osob\u00e1m s pomal\u00fdm metabolismem a t\u011bm, kte\u0159\u00ed maj\u00ed pot\u00ed\u017ee s kontrolou sv\u00e9 hmotnosti. Doporu\u010den\u00ed pro jeho u\u017e\u00edv\u00e1n\u00ed uv\u00e1d\u011bj\u00ed, \u017ee se nevyskytuj\u00ed \u017e\u00e1dn\u00e9 vedlej\u0161\u00ed \u00fa\u010dinky, pokud jsou dodr\u017eov\u00e1na doporu\u010den\u00ed pro d\u00e1vkov\u00e1n\u00ed.<\/p>\n\n\n\n<h2 class=\"wp-block-heading\">Jak pou\u017e\u00edvat Abslim? &#8211; D\u00e1vkov\u00e1n\u00ed<\/h2>\n\n\n\n<p>Doporu\u010den\u00e9 <b>d\u00e1vkov\u00e1n\u00ed<\/b> Abslim je kl\u00ed\u010dov\u00fdm prvkem, kter\u00fd m\u00e1 v\u00fdznamn\u00fd vliv na dosa\u017een\u00ed po\u017eadovan\u00fdch v\u00fdsledk\u016f. Pro dosa\u017een\u00ed nejlep\u0161\u00edch v\u00fdsledk\u016f pou\u017e\u00edvejte dopln\u011bk stravy podle informac\u00ed uveden\u00fdch v p\u0159\u00edbalov\u00e9m let\u00e1ku. V pr\u016fm\u011bru <b>u\u017e\u00edv\u00e1n\u00ed p\u0159\u00edpravku<\/b> Abslim zahrnuje rozpu\u0161t\u011bn\u00ed 20 kapek ve 100 ml vody. Tento roztok se doporu\u010duje p\u00edt 1 a\u017e 2kr\u00e1t denn\u011b, p\u0159i\u010dem\u017e je mo\u017en\u00e9 jej p\u0159izp\u016fsobit individu\u00e1ln\u00edm pot\u0159eb\u00e1m organismu.<\/p>\n\n\n\n<p>Stoj\u00ed za zm\u00ednku, \u017ee \u00fa\u010dinky p\u0159\u00edpravku Abslim se mohou projevit ji\u017e po n\u011bkolika t\u00fddnech pravideln\u00e9ho u\u017e\u00edv\u00e1n\u00ed. Je v\u0161ak nezbytn\u00e9 dodr\u017eovat doporu\u010den\u00e9 d\u00e1vkov\u00e1n\u00ed, proto\u017ee nevhodn\u00e9 u\u017e\u00edv\u00e1n\u00ed m\u016f\u017ee nejen ovlivnit dosa\u017een\u00ed zam\u00fd\u0161len\u00fdch v\u00fdsledk\u016f, ale tak\u00e9 v\u00e9st k mo\u017en\u00fdm vedlej\u0161\u00edm \u00fa\u010dink\u016fm. Lid\u00e9 s alergiemi na slo\u017eky p\u0159\u00edpravku by se m\u011bli zdr\u017eet jeho u\u017e\u00edv\u00e1n\u00ed.<\/p>\n\n\n\n<p>Abslim je dopln\u011bk stravy, kter\u00fd se stal na trhu velmi popul\u00e1rn\u00ed. Je k dispozici pouze na ofici\u00e1ln\u00edch str\u00e1nk\u00e1ch v\u00fdrobce. To umo\u017e\u0148uje z\u00e1kazn\u00edk\u016fm, aby si byli jisti kvalitou sv\u00e9ho n\u00e1kupu, co\u017e p\u0159isp\u00edv\u00e1 k pohodl\u00ed p\u0159i pou\u017e\u00edv\u00e1n\u00ed tohoto produktu. Nezapome\u0148te zajistit pravidelnost p\u0159i pou\u017e\u00edv\u00e1n\u00ed Abslim a p\u0159\u00edpadn\u011b upravit <b>d\u00e1vkov\u00e1n\u00ed<\/b>, abyste optimalizovali \u00fa\u010dinky dopl\u0148ku.<\/p>\n\n\n\n<h2 class=\"wp-block-heading\">Abslim &#8211; N\u00e1zory a recenze, F\u00f3rum<\/h2>\n\n\n\n<p>U\u017eivatele Abslim lze nal\u00e9zt v \u010detn\u00fdch diskus\u00edch na popul\u00e1rn\u00edch internetov\u00fdch f\u00f3rech. Jejich <em>n\u00e1zory<\/em> vrhaj\u00ed sv\u011btlo na \u00fa\u010dinnost dopl\u0148ku. Mnoho lid\u00ed je ochotno sd\u00edlet sv\u00e9 zku\u0161enosti, co\u017e m\u016f\u017ee b\u00fdt u\u017eite\u010dn\u00e9 pro nov\u00e9 u\u017eivatele.<\/p>\n\n\n\n<blockquote class=\"wp-block-quote is-layout-flow wp-block-quote-is-layout-flow\">\n<p>Veronica se pod\u011blila o sv\u00e1 zji\u0161t\u011bn\u00ed: &#8222;Abslim jsem pou\u017e\u00edvala t\u0159i m\u011bs\u00edce a opravdu jsem zaznamenala rozd\u00edl. Poda\u0159ilo se mi zhubnout 5 kg, z \u010deho\u017e m\u00e1m velkou radost. V\u00edce energie a men\u0161\u00ed hlad jsou dal\u0161\u00edmi plusy!&#8220;<\/p>\n<\/blockquote>\n\n\n\n<blockquote class=\"wp-block-quote is-layout-flow wp-block-quote-is-layout-flow\">\n<p>Marcin poukazuje na zlep\u0161en\u00ed kondice: &#8222;Po m\u011bs\u00edci u\u017e\u00edv\u00e1n\u00ed jsem zaznamenal v\u00fdrazn\u00e9 zlep\u0161en\u00ed. Zlep\u0161ila se mi kondice a v\u00e1ha jde pomalu dol\u016f. Je to dobr\u00fd dopln\u011bk pro lidi, kte\u0159\u00ed cht\u011bj\u00ed podpo\u0159it <b>hubnut\u00ed<\/b>.&#8220;<\/p>\n<\/blockquote>\n\n\n\n<blockquote class=\"wp-block-quote is-layout-flow wp-block-quote-is-layout-flow\">\n<p>Anne zd\u016fraz\u0148uje, \u017ee je d\u016fle\u017eit\u00e9 kombinovat p\u0159\u00edpravek Abslim s dal\u0161\u00edmi aktivitami: &#8222;Zpo\u010d\u00e1tku jsem m\u011bla pochybnosti, ale Abslim opravdu funguje. Vyplat\u00ed se ho v\u0161ak kombinovat s dietou a cvi\u010den\u00edm.&#8220;<\/p>\n<\/blockquote>\n\n\n\n<p>Tyto<b>recenze<\/b> potvrzuj\u00ed, \u017ee Abslim m\u016f\u017ee b\u00fdt \u00fa\u010dinn\u00fdm \u0159e\u0161en\u00edm pro ty, kte\u0159\u00ed usiluj\u00ed o zhubnut\u00ed. Na <em>f\u00f3ru<\/em> je \u0159ada cenn\u00fdch <em>recenz\u00ed,<\/em> kter\u00e9 v\u00e1m pomohou rozhodnout, zda tento dopln\u011bk pou\u017e\u00edt. D\u00edky r\u016fzn\u00fdm u\u017eivatelsk\u00fdm posudk\u016fm mohou z\u00e1jemci o Abslim naj\u00edt informace p\u0159izp\u016fsoben\u00e9 jejich pot\u0159eb\u00e1m.<\/p>\n\n\n\n<h2 class=\"wp-block-heading\">Slo\u017een\u00ed Abslim &#8211; co obsahuje?<\/h2>\n\n\n\n<p>Dopln\u011bk stravy Abslim byl vyvinut pro ty, kte\u0159\u00ed cht\u011bj\u00ed podpo\u0159it hubnut\u00ed. Jeho <em>slo\u017een\u00ed<\/em> je zalo\u017eeno na p\u0159\u00edrodn\u00edch slo\u017ek\u00e1ch, co\u017e ho odli\u0161uje od jin\u00fdch produkt\u016f s podobn\u00fdmi \u00fa\u010dinky. Kl\u00ed\u010dov\u00fdmi slo\u017ekami jsou:<\/p>\n\n\n\n<ul class=\"wp-block-list\">\n<li>Extrakt z guarany &#8211; zn\u00e1m\u00fd pro sv\u00e9 vlastnosti, kter\u00e9 stimuluj\u00ed metabolismus a podporuj\u00ed procesy hubnut\u00ed.<\/li>\n\n\n\n<li>Bromelain &#8211; enzym, kter\u00fd pom\u00e1h\u00e1 \u0161t\u011bpit b\u00edlkoviny a m\u016f\u017ee podporovat tr\u00e1ven\u00ed.<\/li>\n\n\n\n<li>Niacin &#8211; vitamin B3, d\u016fle\u017eit\u00fd pro metabolismus a celkovou kondici organismu.<\/li>\n<\/ul>\n\n\n\n<p>Ka\u017ed\u00e1 z t\u011bchto slo\u017eek hraje d\u016fle\u017eitou roli v p\u016fsoben\u00ed dopl\u0148ku stravy Abslim, p\u0159isp\u00edv\u00e1 k rychlej\u0161\u00edmu spalov\u00e1n\u00ed tuk\u016f a lep\u0161\u00ed pohod\u011b. Je v\u0161ak d\u016fle\u017eit\u00e9 v\u011bnovat pozornost individu\u00e1ln\u00ed toleranci organismu k t\u011bmto slo\u017ek\u00e1m, aby se p\u0159ede\u0161lo ne\u017e\u00e1douc\u00edm vedlej\u0161\u00edm \u00fa\u010dink\u016fm.<\/p>\n\n\n\n<p>P\u0159i v\u00fdb\u011bru dopl\u0148ku stravy Abslim stoj\u00ed za to v\u011bnovat pozornost jeho <b>slo\u017een\u00ed<\/b>, kter\u00e9 m\u016f\u017ee prosp\u011bt procesu hubnut\u00ed, pokud se pou\u017e\u00edv\u00e1 podle doporu\u010den\u00ed. P\u0159i v\u00fdb\u011bru dopl\u0148k\u016f stravy, zejm\u00e9na t\u011bch s efektem hubnut\u00ed, je dobr\u00e9 se vyhnout v\u00fdrobk\u016fm s nejist\u00fdmi nebo nedeklarovan\u00fdmi slo\u017ekami, co\u017e je d\u016fle\u017eit\u00e9 pro zdrav\u00ed a pohodu.<\/p>\n\n\n\n<h2 class=\"wp-block-heading\">Kde koupit a kolik stoj\u00ed Abslim &#8211; cena<\/h2>\n\n\n\n<p>Abslim lze zakoupit pouze na <em>ofici\u00e1ln\u00edch<\/em> str\u00e1nk\u00e1ch <em>v\u00fdrobce<\/em>. Je d\u016fle\u017eit\u00e9 si uv\u011bdomit, \u017ee v\u00fdrobek nen\u00ed k dispozici ve stacion\u00e1rn\u00edch l\u00e9k\u00e1rn\u00e1ch, co\u017e m\u016f\u017ee v\u00e9st mnoho z\u00e1kazn\u00edk\u016f k n\u00e1kupu online. Z tohoto d\u016fvodu stoj\u00ed za to pravideln\u011b sledovat nab\u00eddku na webov\u00fdch str\u00e1nk\u00e1ch v\u00fdrobce, proto\u017ee ceny se mohou li\u0161it v z\u00e1vislosti na aktu\u00e1ln\u00edch akc\u00edch.<\/p>\n\n\n\n<p>D\u00edky rozmanitosti produkt\u016f dok\u00e1\u017ee Abslim zaujmout z\u00e1kazn\u00edky s r\u016fzn\u00fdmi rozpo\u010dtov\u00fdmi preferencemi. <b>Cena<\/b> Slimagic CAPS na <b>hubnut\u00ed<\/b> je pro spot\u0159ebitele kl\u00ed\u010dovou informac\u00ed, kter\u00e1 jim umo\u017e\u0148uje snadn\u00e9 porovn\u00e1n\u00ed produkt\u016f a rozhodov\u00e1n\u00ed o n\u00e1kupu.<\/p>\n\n\n\n<h2 class=\"wp-block-heading\">Abslim &#8211; Mo\u017en\u00e9 ne\u017e\u00e1douc\u00ed \u00fa\u010dinky a kontraindikace u\u017e\u00edv\u00e1n\u00ed<\/h2>\n\n\n\n<p>U\u017e\u00edv\u00e1n\u00ed p\u0159\u00edpravku Abslim, p\u0159esto\u017ee se skl\u00e1d\u00e1 z p\u0159\u00edrodn\u00edch slo\u017eek, m\u016f\u017ee b\u00fdt spojeno s n\u011bkter\u00fdmi <strong>ne\u017e\u00e1douc\u00edmi \u00fa\u010dinky<\/strong>. U\u017eivatel\u00e9 by si m\u011bli uv\u011bdomit, \u017ee i p\u0159\u00edpravky na b\u00e1zi rostlinn\u00fdch extrakt\u016f mohou ve vz\u00e1cn\u00fdch p\u0159\u00edpadech zp\u016fsobit ne\u017e\u00e1douc\u00ed reakce v organismu. Zvl\u00e1\u0161tn\u00ed opatrnosti by m\u011bli db\u00e1t lid\u00e9 s anamn\u00e9zou <strong>srde\u010dn\u00edho onemocn\u011bn\u00ed<\/strong>, hypertenze nebo jin\u00fdch z\u00e1va\u017en\u00fdch zdravotn\u00edch pot\u00ed\u017e\u00ed, kte\u0159\u00ed by se m\u011bli o zah\u00e1jen\u00ed l\u00e9\u010dby poradit se sv\u00fdm l\u00e9ka\u0159em.<\/p>\n\n\n\n<p>V souvislosti s <strong>kontraindikacemi<\/strong> m\u016f\u017ee b\u00fdt d\u016fle\u017eit\u00fdm faktorem tak\u00e9 individu\u00e1ln\u00ed nesn\u00e1\u0161enlivost slo\u017eek p\u0159\u00edpravku Abslim. Doporu\u010dujeme, aby si lid\u00e9, kte\u0159\u00ed trp\u00ed alergiemi nebo jin\u00fdmi zdravotn\u00edmi probl\u00e9my, p\u0159e\u010detli cel\u00e9 slo\u017een\u00ed dopl\u0148ku a vyhledali l\u00e9ka\u0159skou radu. Takov\u00e1 opat\u0159en\u00ed jsou nezbytn\u00e1 k minimalizaci rizika mo\u017en\u00fdch ne\u017e\u00e1douc\u00edch \u00fa\u010dink\u016f.<\/p>\n\n\n\n<p>Obecn\u011b plat\u00ed, \u017ee ka\u017ed\u00fd dopln\u011bk stravy by m\u011bl b\u00fdt u\u017e\u00edv\u00e1n s opatrnost\u00ed a u\u017eivatel\u00e9 by m\u011bli b\u00fdt informov\u00e1ni o mo\u017en\u00fdch <strong>vedlej\u0161\u00edch \u00fa\u010dinc\u00edch<\/strong> a <strong>kontraindikac\u00edch<\/strong>. Starost o zdrav\u00ed a bezpe\u010dnost jsou kl\u00ed\u010dov\u00fdmi aspekty na cest\u011b k dosa\u017een\u00ed po\u017eadovan\u00fdch v\u00fdsledk\u016f p\u0159i hubnut\u00ed.<\/p>\n","protected":false},"excerpt":{"rendered":"<p><strong>[date_countdown]<\/strong><\/p>\n<p><strong><img decoding=\"async\" class=\"alignnone  wp-image-8078\" src=\"https:\/\/www.mojeplazma.cz\/farmacie\/wp-content\/uploads\/2024\/10\/SAFE-PAY-300x88-1.png\" alt=\"SAFE-PAY-300x88\" width=\"154\" height=\"45\" \/><\/strong><\/p>\n","protected":false},"featured_media":4138,"comment_status":"open","ping_status":"closed","template":"","meta":{"neve_meta_sidebar":"","neve_meta_container":"","neve_meta_enable_content_width":"","neve_meta_content_width":0,"neve_meta_title_alignment":"","neve_meta_author_avatar":"","neve_post_elements_order":"","neve_meta_disable_header":"","neve_meta_disable_footer":"","neve_meta_disable_title":"","neve_meta_reading_time":""},"product_brand":[],"product_cat":[18],"product_tag":[],"class_list":{"0":"post-4094","1":"product","2":"type-product","3":"status-publish","4":"has-post-thumbnail","6":"product_cat-hubnuti","8":"first","9":"instock","10":"sale","11":"shipping-taxable","12":"product-type-external"},"yoast_head":"<!-- This site is optimized with the Yoast SEO plugin v27.3 - https:\/\/yoast.com\/product\/yoast-seo-wordpress\/ -->\n<title>Abslim - Recenze, L\u00e9k\u00e1rna, Cena - 50%, F\u00f3rum, \u00da\u010dinky | 2026<\/title>\n<meta name=\"robots\" content=\"index, follow, max-snippet:-1, max-image-preview:large, max-video-preview:-1\" \/>\n<link rel=\"canonical\" href=\"https:\/\/www.mojeplazma.cz\/farmacie\/farmacie\/abslim\/\" \/>\n<meta property=\"og:locale\" content=\"cs_CZ\" \/>\n<meta property=\"og:type\" content=\"article\" \/>\n<meta property=\"og:title\" content=\"Abslim - Recenze, L\u00e9k\u00e1rna, Cena - 50%, F\u00f3rum, \u00da\u010dinky | 2026\" \/>\n<meta property=\"og:url\" content=\"https:\/\/www.mojeplazma.cz\/farmacie\/farmacie\/abslim\/\" \/>\n<meta property=\"og:site_name\" content=\"MojePlazma\" \/>\n<meta property=\"article:modified_time\" content=\"2024-11-17T15:37:15+00:00\" \/>\n<meta property=\"og:image\" content=\"https:\/\/www.mojeplazma.cz\/farmacie\/wp-content\/uploads\/2024\/10\/Abslim.jpg\" \/>\n\t<meta property=\"og:image:width\" content=\"768\" \/>\n\t<meta property=\"og:image:height\" content=\"768\" \/>\n\t<meta property=\"og:image:type\" content=\"image\/jpeg\" \/>\n<meta name=\"twitter:card\" content=\"summary_large_image\" \/>\n<meta name=\"twitter:description\" content=\"[date_countdown]\" \/>\n<meta name=\"twitter:label1\" content=\"Odhadovan\u00e1 doba \u010dten\u00ed\" \/>\n\t<meta name=\"twitter:data1\" content=\"6 minut\" \/>\n<script type=\"application\/ld+json\" class=\"yoast-schema-graph\">{\"@context\":\"https:\\\/\\\/schema.org\",\"@graph\":[{\"@type\":\"WebPage\",\"@id\":\"https:\\\/\\\/www.mojeplazma.cz\\\/farmacie\\\/farmacie\\\/abslim\\\/\",\"url\":\"https:\\\/\\\/www.mojeplazma.cz\\\/farmacie\\\/farmacie\\\/abslim\\\/\",\"name\":\"Abslim - Recenze, L\u00e9k\u00e1rna, Cena - 50%, F\u00f3rum, \u00da\u010dinky | 2026\",\"isPartOf\":{\"@id\":\"https:\\\/\\\/www.mojeplazma.cz\\\/farmacie\\\/#website\"},\"primaryImageOfPage\":{\"@id\":\"https:\\\/\\\/www.mojeplazma.cz\\\/farmacie\\\/farmacie\\\/abslim\\\/#primaryimage\"},\"image\":{\"@id\":\"https:\\\/\\\/www.mojeplazma.cz\\\/farmacie\\\/farmacie\\\/abslim\\\/#primaryimage\"},\"thumbnailUrl\":\"https:\\\/\\\/www.mojeplazma.cz\\\/farmacie\\\/wp-content\\\/uploads\\\/2024\\\/10\\\/Abslim.jpg\",\"datePublished\":\"2024-10-10T16:27:21+00:00\",\"dateModified\":\"2024-11-17T15:37:15+00:00\",\"breadcrumb\":{\"@id\":\"https:\\\/\\\/www.mojeplazma.cz\\\/farmacie\\\/farmacie\\\/abslim\\\/#breadcrumb\"},\"inLanguage\":\"cs\",\"potentialAction\":[{\"@type\":\"ReadAction\",\"target\":[\"https:\\\/\\\/www.mojeplazma.cz\\\/farmacie\\\/farmacie\\\/abslim\\\/\"]}]},{\"@type\":\"ImageObject\",\"inLanguage\":\"cs\",\"@id\":\"https:\\\/\\\/www.mojeplazma.cz\\\/farmacie\\\/farmacie\\\/abslim\\\/#primaryimage\",\"url\":\"https:\\\/\\\/www.mojeplazma.cz\\\/farmacie\\\/wp-content\\\/uploads\\\/2024\\\/10\\\/Abslim.jpg\",\"contentUrl\":\"https:\\\/\\\/www.mojeplazma.cz\\\/farmacie\\\/wp-content\\\/uploads\\\/2024\\\/10\\\/Abslim.jpg\",\"width\":768,\"height\":768},{\"@type\":\"BreadcrumbList\",\"@id\":\"https:\\\/\\\/www.mojeplazma.cz\\\/farmacie\\\/farmacie\\\/abslim\\\/#breadcrumb\",\"itemListElement\":[{\"@type\":\"ListItem\",\"position\":1,\"name\":\"Strona g\u0142\u00f3wna\",\"item\":\"https:\\\/\\\/www.mojeplazma.cz\\\/farmacie\\\/\"},{\"@type\":\"ListItem\",\"position\":2,\"name\":\"farmacie\",\"item\":\"https:\\\/\\\/www.mojeplazma.cz\\\/farmacie\\\/\"},{\"@type\":\"ListItem\",\"position\":3,\"name\":\"Abslim\"}]},{\"@type\":\"WebSite\",\"@id\":\"https:\\\/\\\/www.mojeplazma.cz\\\/farmacie\\\/#website\",\"url\":\"https:\\\/\\\/www.mojeplazma.cz\\\/farmacie\\\/\",\"name\":\"mojeplazma.cz\",\"description\":\"\",\"potentialAction\":[{\"@type\":\"SearchAction\",\"target\":{\"@type\":\"EntryPoint\",\"urlTemplate\":\"https:\\\/\\\/www.mojeplazma.cz\\\/farmacie\\\/?s={search_term_string}\"},\"query-input\":{\"@type\":\"PropertyValueSpecification\",\"valueRequired\":true,\"valueName\":\"search_term_string\"}}],\"inLanguage\":\"cs\"}]}<\/script>\n<!-- \/ Yoast SEO plugin. -->","yoast_head_json":{"title":"Abslim - Recenze, L\u00e9k\u00e1rna, Cena - 50%, F\u00f3rum, \u00da\u010dinky | 2026","robots":{"index":"index","follow":"follow","max-snippet":"max-snippet:-1","max-image-preview":"max-image-preview:large","max-video-preview":"max-video-preview:-1"},"canonical":"https:\/\/www.mojeplazma.cz\/farmacie\/farmacie\/abslim\/","og_locale":"cs_CZ","og_type":"article","og_title":"Abslim - Recenze, L\u00e9k\u00e1rna, Cena - 50%, F\u00f3rum, \u00da\u010dinky | 2026","og_url":"https:\/\/www.mojeplazma.cz\/farmacie\/farmacie\/abslim\/","og_site_name":"MojePlazma","article_modified_time":"2024-11-17T15:37:15+00:00","og_image":[{"width":768,"height":768,"url":"https:\/\/www.mojeplazma.cz\/farmacie\/wp-content\/uploads\/2024\/10\/Abslim.jpg","type":"image\/jpeg"}],"twitter_card":"summary_large_image","twitter_description":"[date_countdown]","twitter_misc":{"Odhadovan\u00e1 doba \u010dten\u00ed":"6 minut"},"schema":{"@context":"https:\/\/schema.org","@graph":[{"@type":"WebPage","@id":"https:\/\/www.mojeplazma.cz\/farmacie\/farmacie\/abslim\/","url":"https:\/\/www.mojeplazma.cz\/farmacie\/farmacie\/abslim\/","name":"Abslim - Recenze, L\u00e9k\u00e1rna, Cena - 50%, F\u00f3rum, \u00da\u010dinky | 2026","isPartOf":{"@id":"https:\/\/www.mojeplazma.cz\/farmacie\/#website"},"primaryImageOfPage":{"@id":"https:\/\/www.mojeplazma.cz\/farmacie\/farmacie\/abslim\/#primaryimage"},"image":{"@id":"https:\/\/www.mojeplazma.cz\/farmacie\/farmacie\/abslim\/#primaryimage"},"thumbnailUrl":"https:\/\/www.mojeplazma.cz\/farmacie\/wp-content\/uploads\/2024\/10\/Abslim.jpg","datePublished":"2024-10-10T16:27:21+00:00","dateModified":"2024-11-17T15:37:15+00:00","breadcrumb":{"@id":"https:\/\/www.mojeplazma.cz\/farmacie\/farmacie\/abslim\/#breadcrumb"},"inLanguage":"cs","potentialAction":[{"@type":"ReadAction","target":["https:\/\/www.mojeplazma.cz\/farmacie\/farmacie\/abslim\/"]}]},{"@type":"ImageObject","inLanguage":"cs","@id":"https:\/\/www.mojeplazma.cz\/farmacie\/farmacie\/abslim\/#primaryimage","url":"https:\/\/www.mojeplazma.cz\/farmacie\/wp-content\/uploads\/2024\/10\/Abslim.jpg","contentUrl":"https:\/\/www.mojeplazma.cz\/farmacie\/wp-content\/uploads\/2024\/10\/Abslim.jpg","width":768,"height":768},{"@type":"BreadcrumbList","@id":"https:\/\/www.mojeplazma.cz\/farmacie\/farmacie\/abslim\/#breadcrumb","itemListElement":[{"@type":"ListItem","position":1,"name":"Strona g\u0142\u00f3wna","item":"https:\/\/www.mojeplazma.cz\/farmacie\/"},{"@type":"ListItem","position":2,"name":"farmacie","item":"https:\/\/www.mojeplazma.cz\/farmacie\/"},{"@type":"ListItem","position":3,"name":"Abslim"}]},{"@type":"WebSite","@id":"https:\/\/www.mojeplazma.cz\/farmacie\/#website","url":"https:\/\/www.mojeplazma.cz\/farmacie\/","name":"mojeplazma.cz","description":"","potentialAction":[{"@type":"SearchAction","target":{"@type":"EntryPoint","urlTemplate":"https:\/\/www.mojeplazma.cz\/farmacie\/?s={search_term_string}"},"query-input":{"@type":"PropertyValueSpecification","valueRequired":true,"valueName":"search_term_string"}}],"inLanguage":"cs"}]}},"_links":{"self":[{"href":"https:\/\/www.mojeplazma.cz\/farmacie\/wp-json\/wp\/v2\/product\/4094","targetHints":{"allow":["GET"]}}],"collection":[{"href":"https:\/\/www.mojeplazma.cz\/farmacie\/wp-json\/wp\/v2\/product"}],"about":[{"href":"https:\/\/www.mojeplazma.cz\/farmacie\/wp-json\/wp\/v2\/types\/product"}],"replies":[{"embeddable":true,"href":"https:\/\/www.mojeplazma.cz\/farmacie\/wp-json\/wp\/v2\/comments?post=4094"}],"wp:featuredmedia":[{"embeddable":true,"href":"https:\/\/www.mojeplazma.cz\/farmacie\/wp-json\/wp\/v2\/media\/4138"}],"wp:attachment":[{"href":"https:\/\/www.mojeplazma.cz\/farmacie\/wp-json\/wp\/v2\/media?parent=4094"}],"wp:term":[{"taxonomy":"product_brand","embeddable":true,"href":"https:\/\/www.mojeplazma.cz\/farmacie\/wp-json\/wp\/v2\/product_brand?post=4094"},{"taxonomy":"product_cat","embeddable":true,"href":"https:\/\/www.mojeplazma.cz\/farmacie\/wp-json\/wp\/v2\/product_cat?post=4094"},{"taxonomy":"product_tag","embeddable":true,"href":"https:\/\/www.mojeplazma.cz\/farmacie\/wp-json\/wp\/v2\/product_tag?post=4094"}],"curies":[{"name":"wp","href":"https:\/\/api.w.org\/{rel}","templated":true}]}}