{"id":4161,"date":"2024-10-10T16:28:04","date_gmt":"2024-10-10T16:28:04","guid":{"rendered":"https:\/\/www.mojeplazma.cz\/farmacie\/?post_type=product&#038;p=4161"},"modified":"2024-11-18T07:44:13","modified_gmt":"2024-11-18T07:44:13","slug":"beauty-age-skin","status":"publish","type":"product","link":"https:\/\/www.mojeplazma.cz\/farmacie\/farmacie\/beauty-age-skin\/","title":{"rendered":"Beauty Age Skin"},"content":{"rendered":"\n<h2 class=\"wp-block-heading\">Co je Beauty Age Skin a jak funguje?<\/h2>\n\n\n\n<p><b>Beauty Age Skin<\/b> je \u0161pi\u010dkov\u00fd <em>kr\u00e9m na obli\u010dej<\/em> ur\u010den\u00fd pro pot\u0159eby zral\u00e9 pleti. Jeho <em>p\u016fsoben\u00ed<\/em> zahrnuje mnoho aspekt\u016f, kter\u00e9 jsou kl\u00ed\u010dov\u00e9 pro ka\u017edodenn\u00ed <em>p\u00e9\u010di<\/em>. <b>Slo\u017een\u00ed<\/b> v\u00fdrobku je zalo\u017eeno na pe\u010dliv\u011b vybran\u00fdch \u00fa\u010dinn\u00fdch l\u00e1tk\u00e1ch, jako je hlem\u00fd\u017ed\u00ed mucin, kyselina glykolov\u00e1 a kyselina hyaluronov\u00e1. Tyto l\u00e1tky jsou mimo\u0159\u00e1dn\u011b \u00fa\u010dinn\u00e9 p\u0159i regeneraci pleti a stimulaci tvorby kolagenu, kter\u00fd je d\u016fle\u017eit\u00fd pro udr\u017een\u00ed mladistv\u00e9ho vzhledu.<\/p>\n\n\n\n<p><b>Beauty Age Skin<\/b> p\u016fsob\u00ed v\u00edcesm\u011brn\u011b a podporuje p\u0159irozen\u00e9 ochrann\u00e9 funkce pleti. D\u00edky sv\u00fdm antioxida\u010dn\u00edm vlastnostem chr\u00e1n\u00ed ple\u0165 p\u0159ed oxida\u010dn\u00edm stresem a negativn\u00edmi \u00fa\u010dinky UV z\u00e1\u0159en\u00ed. U\u017eivatel\u00e9 zaznamen\u00e1vaj\u00ed v\u00fdrazn\u00e9 zlep\u0161en\u00ed stavu pleti a redukci vr\u00e1sek, co\u017e potvrdilo a\u017e 39 % u\u017eivatel\u016f, kte\u0159\u00ed zaznamenali viditeln\u00e9 <b>v\u00fdsledky<\/b> ji\u017e po n\u011bkolika t\u00fddnech pou\u017e\u00edv\u00e1n\u00ed.<\/p>\n\n\n\n<p>Slo\u017eky, jako jsou peptidy, kokosov\u00fd a arganov\u00fd olej, nav\u00edc pom\u00e1haj\u00ed zlep\u0161ovat pru\u017enost a pevnost pleti. Tyto vlastnosti zaji\u0161\u0165uj\u00ed, \u017ee <em>Beauty Age Skin<\/em> poskytuje <em>kr\u00e1sn\u00fd vzhled<\/em> po del\u0161\u00ed dobu, a pravideln\u00e9 <b>pou\u017e\u00edv\u00e1n\u00ed<\/b> v\u00fdrobku je kl\u00ed\u010dem k dosa\u017een\u00ed optim\u00e1ln\u00edch v\u00fdsledk\u016f.<\/p>\n\n\n\n<h2 class=\"wp-block-heading\">\u00da\u010dinky p\u0159\u00edpravku Beauty Age Skin<\/h2>\n\n\n\n<p><b>Pou\u017e\u00edv\u00e1n\u00ed p\u0159\u00edpravku<\/b> <b>Beauty Age Skin<\/b> p\u0159in\u00e1\u0161\u00ed znateln\u00e9 <em>v\u00fdsledky<\/em> ji\u017e po kr\u00e1tk\u00e9 dob\u011b. <b>U\u017eivatel\u00e9<\/b> uv\u00e1d\u011bj\u00ed v\u00fdrazn\u00e9 zlep\u0161en\u00ed <em>vyhlazen\u00ed vr\u00e1sek<\/em>, co\u017e m\u00e1 vliv na celkov\u00fd stav poko\u017eky. Mezi hlavn\u00ed \u00fasp\u011bchy pat\u0159\u00ed nejen redukce viditeln\u00fdch vr\u00e1sek, ale tak\u00e9 zlep\u0161en\u00ed <em>pevnosti pleti<\/em>.<\/p>\n\n\n\n<p>Pravideln\u00e9 pou\u017e\u00edv\u00e1n\u00ed kr\u00e9mu podporuje p\u0159irozenou regeneraci epidermis, co\u017e p\u0159isp\u00edv\u00e1 k lep\u0161\u00ed hydrataci a z\u00e1\u0159iv\u00e9mu vzhledu obli\u010deje. U\u017eivatel\u00e9 kr\u00e9mu Beauty Age Skin si v\u0161imli, \u017ee jejich ple\u0165 je pru\u017en\u011bj\u0161\u00ed a hlad\u0161\u00ed, co\u017e zvy\u0161uje jejich sebev\u011bdom\u00ed.<\/p>\n\n\n\n<ul class=\"wp-block-list\">\n<li><strong>Redukce vr\u00e1sek:<\/strong> <b>U\u017eivatel\u00e9<\/b> hl\u00e1s\u00ed znateln\u00e9 vyhlazen\u00ed hlub\u0161\u00edch vr\u00e1sek a nerovnost\u00ed.<\/li>\n\n\n\n<li><strong>Zlep\u0161en\u00ed pevnosti:<\/strong> Ple\u0165 z\u00edsk\u00e1v\u00e1 zp\u011bt svou pru\u017enost a mladistv\u00fd vzhled.<\/li>\n\n\n\n<li><strong>Z\u00e1\u0159iv\u00fd vzhled<\/strong>: Pravideln\u00e9 <b>pou\u017e\u00edv\u00e1n\u00ed<\/b> p\u0159isp\u00edv\u00e1 ke zdrav\u00e9mu a sv\u011b\u017e\u00edmu t\u00f3nu pleti.<\/li>\n<\/ul>\n\n\n\n<p>P\u0159\u00edklady pozitivn\u00edch <em>\u00fa\u010dink\u016f<\/em> aplikace: Obnoven\u00ed z\u00e1\u0159ivosti pleti a podpora jej\u00edch obrann\u00fdch funkc\u00ed. Klienti a z\u00e1kazn\u00edci tak\u00e9 oce\u0148uj\u00ed, \u017ee p\u0159\u00edpravek v\u00fdrazn\u011b zlep\u0161uje hydrataci, co\u017e se odr\u00e1\u017e\u00ed v ka\u017edodenn\u00edm komfortu p\u0159i no\u0161en\u00ed make-upu a v celkov\u00e9 pohod\u011b.<\/p>\n\n\n\n<h2 class=\"wp-block-heading\">Jak pou\u017e\u00edvat Beauty Age Skin? &#8211; D\u00e1vkov\u00e1n\u00ed<\/h2>\n\n\n\n<p>Pro <b>dosa\u017een\u00ed<\/b> nejlep\u0161\u00edch <b>v\u00fdsledk\u016f<\/b> by se m\u011bl kr\u00e9m Beauty Age Skin pou\u017e\u00edvat denn\u011b. Doporu\u010den\u00e9 <b>d\u00e1vkov\u00e1n\u00ed<\/b> zahrnuje aplikaci kr\u00e9mu r\u00e1no a ve\u010der. P\u0159ed aplikac\u00ed p\u0159\u00edpravku by m\u011bla b\u00fdt ple\u0165 d\u016fkladn\u011b vy\u010di\u0161t\u011bna, co\u017e zvy\u0161uje \u00fa\u010dinnost p\u0159\u00edpravku.<\/p>\n\n\n\n<p>Po p\u0159\u00edprav\u011b pleti je vhodn\u00e9 nan\u00e9st p\u0159im\u011b\u0159en\u00e9 mno\u017estv\u00ed kr\u00e9mu na obli\u010dej, krk a dekolt. Kl\u00ed\u010dov\u00fdm krokem pro zaji\u0161t\u011bn\u00ed spr\u00e1vn\u00e9 hydratace a v\u00fd\u017eivy je jemn\u00e9 vmas\u00edrov\u00e1n\u00ed p\u0159\u00edpravku do poko\u017eky, dokud se pln\u011b nevst\u0159eb\u00e1. D\u00edky sv\u00e9mu lehk\u00e9mu slo\u017een\u00ed funguje Beauty Age Skin dokonale jako podklad pod make-up.<\/p>\n\n\n\n<p>Kl\u00ed\u010dov\u00e1 je systematick\u00e1 aplikace. Pravideln\u00e1 <b>aplikace kr\u00e9mu<\/b> vede ke zlep\u0161en\u00ed stavu pleti a viditeln\u00fdm v\u00fdsledk\u016fm v podob\u011b vyhlazen\u00ed vr\u00e1sek a zpevn\u011bn\u00ed. Za pozornost stoj\u00ed n\u00ed\u017ee uveden\u00e1 tabulka, kter\u00e1 zn\u00e1zor\u0148uje doporu\u010den\u00e9 <b>d\u00e1vkov\u00e1n\u00ed<\/b> a aplika\u010dn\u00ed re\u017eim v\u00fdrobku:<\/p>\n\n\n\n<p>Dodr\u017eov\u00e1n\u00ed t\u011bchto pokyn\u016f pro aplikaci a d\u00e1vkov\u00e1n\u00ed kr\u00e9mu Beauty Age Skin zajist\u00ed optim\u00e1ln\u00ed v\u00fdsledky a umo\u017en\u00ed v\u00e1m t\u011b\u0161it se ze zdrav\u011b a z\u00e1\u0159iv\u011b vypadaj\u00edc\u00ed pleti po del\u0161\u00ed dobu.<\/p>\n\n\n\n<h2 class=\"wp-block-heading\">Beauty Age Skin recenze &#8211; Co \u0159\u00edkaj\u00ed u\u017eivatel\u00e9 ve f\u00f3rech?<\/h2>\n\n\n\n<p><b>U\u017eivatel\u00e9,<\/b> kte\u0159\u00ed se rozhodli pou\u017e\u00edvat Beauty Age Skin, sd\u00edlej\u00ed sv\u00e9 zku\u0161enosti na r\u016fzn\u00fdch online f\u00f3rech. Mnoho z t\u011bchto <em>recenz\u00ed<\/em> se zam\u011b\u0159uje na \u00fa\u010dinky, kter\u00e9 zaznamenali po pravideln\u00e9m pou\u017e\u00edv\u00e1n\u00ed tohoto produktu.<\/p>\n\n\n\n<blockquote class=\"wp-block-quote is-layout-flow wp-block-quote-is-layout-flow\">\n<p><strong>Anna:<\/strong> &#8222;Od t\u00e9 doby, co jsem za\u010dala pou\u017e\u00edvat Beauty Age Skin, je moje ple\u0165 mnohem hlad\u0161\u00ed. Vr\u00e1sky kolem o\u010d\u00ed jsou m\u00e9n\u011b viditeln\u00e9 a c\u00edt\u00edm se mlad\u0161\u00ed. Kr\u00e9m se rychle vst\u0159eb\u00e1v\u00e1, co\u017e je pro m\u011b d\u016fle\u017eit\u00e9, proto\u017ee se b\u011bhem dne \u010dasto l\u00ed\u010d\u00edm.&#8220;<\/p>\n<\/blockquote>\n\n\n\n<blockquote class=\"wp-block-quote is-layout-flow wp-block-quote-is-layout-flow\">\n<p><strong>Catherine:<\/strong> &#8222;I kdy\u017e za\u010d\u00e1tky byly t\u011b\u017ek\u00e9, proto\u017ee jsem si myslela, \u017ee si nev\u0161imnu rozd\u00edlu, po m\u011bs\u00edci pou\u017e\u00edv\u00e1n\u00ed jsem zaznamenala obrovsk\u00e9 zlep\u0161en\u00ed. Moje ple\u0165 se stala hydratovan\u011bj\u0161\u00ed a vypnut\u011bj\u0161\u00ed, co\u017e umoc\u0148uje m\u016fj obdiv k tomuto v\u00fdrobku.&#8220;<\/p>\n<\/blockquote>\n\n\n\n<blockquote class=\"wp-block-quote is-layout-flow wp-block-quote-is-layout-flow\">\n<p><strong>Peter:<\/strong> &#8222;V den, kdy jsem za\u010dal pou\u017e\u00edvat tento kr\u00e9m, se zm\u011bnil m\u016fj p\u0159\u00edstup k p\u00e9\u010di o ple\u0165. M\u00e1 p\u0159\u00edjemnou v\u016fni a nezat\u011b\u017euje ple\u0165. V\u0161iml jsem si, \u017ee i po cel\u00e9m dni vypad\u00e1 moje ple\u0165 sv\u011b\u017ee.&#8220;<\/p>\n<\/blockquote>\n\n\n\n<p>Celkov\u00e9 <em>ohlasy<\/em> u\u017eivatel\u016f potvrzuj\u00ed, \u017ee Beauty Age Skin \u00fa\u010dinn\u011b redukuje zn\u00e1mky st\u00e1rnut\u00ed a \u017ee jeho p\u0159\u00edrodn\u00ed slo\u017eky a intenzivn\u00ed hydratace jsou hlavn\u00edmi p\u0159ednostmi, kter\u00e9 p\u0159itahuj\u00ed pozornost z\u00e1kazn\u00edk\u016f ve f\u00f3rech. U\u017eivatel\u00e9 si v\u0161\u00edmaj\u00ed viditeln\u00fdch <b>\u00fa\u010dink\u016f, kter\u00e9<\/b> p\u0159in\u00e1\u0161\u00ed jeho pravideln\u00e9 pou\u017e\u00edv\u00e1n\u00ed, co\u017e nepochybn\u011b p\u0159isp\u00edv\u00e1 k rostouc\u00ed oblib\u011b tohoto v\u00fdrobku v kosmetick\u00e9m pr\u016fmyslu.<\/p>\n\n\n\n<h2 class=\"wp-block-heading\">Slo\u017een\u00ed p\u0159\u00edpravku Beauty Age Skin &#8211; co obsahuje?<\/h2>\n\n\n\n<p>Kr\u00e9m Beauty Age Skin kombinuje \u0159adu <em>\u00fa\u010dinn\u00fdch l\u00e1tek, kter\u00e9<\/em> podporuj\u00ed zdrav\u00ed a vzhled poko\u017eky. Jeho <em>slo\u017een\u00ed<\/em> bylo pe\u010dliv\u011b vyvinuto tak, aby byla zaji\u0161t\u011bna maxim\u00e1ln\u00ed \u00fa\u010dinnost. Mezi slo\u017eky pat\u0159\u00ed nap\u0159:<\/p>\n\n\n\n<ul class=\"wp-block-list\">\n<li>voda<\/li>\n\n\n\n<li>skvalan<\/li>\n\n\n\n<li>avok\u00e1dov\u00fd olej<\/li>\n\n\n\n<li>extrakt z b\u00edl\u00e9 moru\u0161e<\/li>\n\n\n\n<li>extrakt z ginko biloby<\/li>\n\n\n\n<li>kyselina hyaluronov\u00e1<\/li>\n\n\n\n<li>retinol<\/li>\n\n\n\n<li>peptidy<\/li>\n\n\n\n<li>antioxidanty a vitaminy A, B a E<\/li>\n<\/ul>\n\n\n\n<p>Tyto <em>\u00fa\u010dinn\u00e9 l\u00e1tky<\/em> p\u016fsob\u00ed synergicky, chr\u00e1n\u00ed poko\u017eku p\u0159ed po\u0161kozen\u00edm a podporuj\u00ed jej\u00ed regeneraci. Inovativn\u00ed biochemick\u00e1 \u0159e\u0161en\u00ed pou\u017eit\u00e1 ve <em>slo\u017een\u00ed<\/em> zlep\u0161uj\u00ed <b>pru\u017enost a pevnost poko\u017eky<\/b>. U\u017eivatel\u00e9 zaznamen\u00e1vaj\u00ed v\u00fdrazn\u00e9 zlep\u0161en\u00ed stavu pleti a redukci vr\u00e1sek b\u011bhem kr\u00e1tk\u00e9 doby pou\u017e\u00edv\u00e1n\u00ed.<\/p>\n\n\n\n<p>Stoj\u00ed za zm\u00ednku, \u017ee produkt Beauty Age Skin nen\u00ed k dispozici v l\u00e9k\u00e1rn\u00e1ch ani na online platform\u00e1ch, jako je Allegro nebo Ceneo, co\u017e zaji\u0161\u0165uje jeho pravost a bezpe\u010dnost pou\u017e\u00edv\u00e1n\u00ed.<\/p>\n\n\n\n<h2 class=\"wp-block-heading\">Beauty Age Skin cena &#8211; Kde koupit?<\/h2>\n\n\n\n<p>N\u00e1klady na n\u00e1kup kr\u00e9mu Beauty Age Skin jsou variabiln\u00ed a z\u00e1vis\u00ed na aktu\u00e1ln\u00edch akc\u00edch. Nejlep\u0161\u00edm m\u00edstem pro <em>n\u00e1kup<\/em> jsou ofici\u00e1ln\u00ed webov\u00e9 str\u00e1nky <em>v\u00fdrobce<\/em>. Ta poskytuje aktu\u00e1ln\u00ed informace o <em>cen\u011b<\/em> a dostupn\u00fdch slev\u00e1ch. Kr\u00e9m nen\u00ed k dispozici ve stacion\u00e1rn\u00edch l\u00e9k\u00e1rn\u00e1ch, co\u017e poskytuje d\u016fv\u011bru v kvalitu a pravost v\u00fdrobku.<\/p>\n\n\n\n<p>Vyplat\u00ed se sledovat p\u0159\u00edpadn\u00e9 <em>akce, kter\u00e9<\/em> mohou zahrnovat slevy nebo speci\u00e1ln\u00ed nab\u00eddky na sady v\u00fdrobk\u016f. Kontrola <em>ofici\u00e1ln\u00edch<\/em> webov\u00fdch str\u00e1nek <em>v\u00fdrobce<\/em> v\u00e1m umo\u017en\u00ed naj\u00edt nejlep\u0161\u00ed nab\u00eddky a zajist\u00ed v\u00e1m p\u0159\u00edstup k nejnov\u011bj\u0161\u00edm informac\u00edm.<\/p>\n\n\n\n<h2 class=\"wp-block-heading\">Beauty Age Skin &#8211; Ne\u017e\u00e1douc\u00ed \u00fa\u010dinky a kontraindikace<\/h2>\n\n\n\n<p>Beauty Age Skin je do zna\u010dn\u00e9 m\u00edry bezpe\u010dn\u00fd produkt pro v\u011bt\u0161inu lid\u00ed. Nicm\u00e9n\u011b u n\u011bkter\u00fdch u\u017eivatel\u016f se mohou vyskytnout <b>ne\u017e\u00e1douc\u00ed \u00fa\u010dinky<\/b>, zejm\u00e9na v p\u0159\u00edpadech p\u0159ecitliv\u011blosti na slo\u017eky. Zde jsou n\u011bkter\u00e9 d\u016fle\u017eit\u00e9 aspekty, kter\u00e9 je t\u0159eba zv\u00e1\u017eit p\u0159ed pou\u017eit\u00edm tohoto kr\u00e9mu. Za prv\u00e9, ka\u017ed\u00fd, kdo je n\u00e1chyln\u00fd k alergi\u00edm, by m\u011bl pe\u010dliv\u011b zkontrolovat seznam slo\u017eek, aby se vyhnul reakc\u00edm. Pokud dojde k podr\u00e1\u017ed\u011bn\u00ed, je nezbytn\u00e9 okam\u017eit\u011b p\u0159estat pou\u017e\u00edvat.<\/p>\n\n\n\n<p><b>Kontraindikace pro<\/b> Beauty Age Skin zahrnuj\u00ed mimo jin\u00e9 t\u011bhotenstv\u00ed, kojen\u00ed, onemocn\u011bn\u00ed ledvin a jater. Osoby s autoimunitn\u00edmi zdravotn\u00edmi probl\u00e9my by se m\u011bly p\u0159ed pou\u017eit\u00edm v\u00fdrobku poradit s l\u00e9ka\u0159em. Tak\u00e9 ti, kte\u0159\u00ed u\u017e\u00edvaj\u00ed l\u00e9ky, mohou pot\u0159ebovat konzultovat zdravotn\u00ed dusponent, aby se ujistil, \u017ee neexistuj\u00ed \u017e\u00e1dn\u00e9 ne\u017e\u00e1douc\u00ed interakce.<\/p>\n\n\n\n<p>Je t\u0159eba m\u00edt na pam\u011bti, \u017ee a\u010dkoli mnoho lid\u00ed hl\u00e1s\u00ed pozitivn\u00ed v\u00fdsledky z Beauty Age Skin, n\u011bkte\u0159\u00ed u\u017eivatel\u00e9 mohou m\u00edt m\u00edrn\u00e9 gastrointestin\u00e1ln\u00ed ne\u017e\u00e1douc\u00ed \u00fa\u010dinky, jako je nad\u00fdm\u00e1n\u00ed nebo bolesti b\u0159icha. Pokud tedy m\u00e1te n\u011bjak\u00e9 st\u00e1vaj\u00edc\u00ed zdravotn\u00ed probl\u00e9my, zejm\u00e9na souvisej\u00edc\u00ed s tr\u00e1vic\u00edm syst\u00e9mem, m\u011blo by b\u00fdt pou\u017e\u00edv\u00e1n\u00ed tohoto v\u00fdrobku pod dohledem odborn\u00edka. Pro zachov\u00e1n\u00ed zdrav\u00ed a dosa\u017een\u00ed nejlep\u0161\u00edch v\u00fdsledk\u016f kosmetick\u00fdch p\u0159\u00edpravk\u016f, jako je Beauty Age Skin, se doporu\u010duje opatrnost.<\/p>\n","protected":false},"excerpt":{"rendered":"<p><strong>[date_countdown]<\/strong><\/p>\n<p><strong><img decoding=\"async\" class=\"alignnone  wp-image-8078\" src=\"https:\/\/www.mojeplazma.cz\/farmacie\/wp-content\/uploads\/2024\/10\/SAFE-PAY-300x88-1.png\" alt=\"SAFE-PAY-300x88\" width=\"154\" height=\"45\" \/><\/strong><\/p>\n","protected":false},"featured_media":4203,"comment_status":"open","ping_status":"closed","template":"","meta":{"neve_meta_sidebar":"","neve_meta_container":"","neve_meta_enable_content_width":"","neve_meta_content_width":0,"neve_meta_title_alignment":"","neve_meta_author_avatar":"","neve_post_elements_order":"","neve_meta_disable_header":"","neve_meta_disable_footer":"","neve_meta_disable_title":"","neve_meta_reading_time":""},"product_brand":[],"product_cat":[16],"product_tag":[],"class_list":{"0":"post-4161","1":"product","2":"type-product","3":"status-publish","4":"has-post-thumbnail","6":"product_cat-krasa","8":"first","9":"instock","10":"sale","11":"shipping-taxable","12":"product-type-external"},"yoast_head":"<!-- This site is optimized with the Yoast SEO plugin v27.3 - https:\/\/yoast.com\/product\/yoast-seo-wordpress\/ -->\n<title>Beauty Age Skin - Recenze, L\u00e9k\u00e1rna, Cena - 50%, F\u00f3rum, \u00da\u010dinky | 2026<\/title>\n<meta name=\"robots\" content=\"index, follow, max-snippet:-1, max-image-preview:large, max-video-preview:-1\" \/>\n<link rel=\"canonical\" href=\"https:\/\/www.mojeplazma.cz\/farmacie\/farmacie\/beauty-age-skin\/\" \/>\n<meta property=\"og:locale\" content=\"cs_CZ\" \/>\n<meta property=\"og:type\" content=\"article\" \/>\n<meta property=\"og:title\" content=\"Beauty Age Skin - Recenze, L\u00e9k\u00e1rna, Cena - 50%, F\u00f3rum, \u00da\u010dinky | 2026\" \/>\n<meta property=\"og:url\" content=\"https:\/\/www.mojeplazma.cz\/farmacie\/farmacie\/beauty-age-skin\/\" \/>\n<meta property=\"og:site_name\" content=\"MojePlazma\" \/>\n<meta property=\"article:modified_time\" content=\"2024-11-18T07:44:13+00:00\" \/>\n<meta property=\"og:image\" content=\"https:\/\/www.mojeplazma.cz\/farmacie\/wp-content\/uploads\/2024\/10\/BEAUTY-AGE.jpg\" \/>\n\t<meta property=\"og:image:width\" content=\"768\" \/>\n\t<meta property=\"og:image:height\" content=\"768\" \/>\n\t<meta property=\"og:image:type\" content=\"image\/jpeg\" \/>\n<meta name=\"twitter:card\" content=\"summary_large_image\" \/>\n<meta name=\"twitter:description\" content=\"[date_countdown]\" \/>\n<meta name=\"twitter:label1\" content=\"Odhadovan\u00e1 doba \u010dten\u00ed\" \/>\n\t<meta name=\"twitter:data1\" content=\"6 minut\" \/>\n<script type=\"application\/ld+json\" class=\"yoast-schema-graph\">{\"@context\":\"https:\\\/\\\/schema.org\",\"@graph\":[{\"@type\":\"WebPage\",\"@id\":\"https:\\\/\\\/www.mojeplazma.cz\\\/farmacie\\\/farmacie\\\/beauty-age-skin\\\/\",\"url\":\"https:\\\/\\\/www.mojeplazma.cz\\\/farmacie\\\/farmacie\\\/beauty-age-skin\\\/\",\"name\":\"Beauty Age Skin - Recenze, L\u00e9k\u00e1rna, Cena - 50%, F\u00f3rum, \u00da\u010dinky | 2026\",\"isPartOf\":{\"@id\":\"https:\\\/\\\/www.mojeplazma.cz\\\/farmacie\\\/#website\"},\"primaryImageOfPage\":{\"@id\":\"https:\\\/\\\/www.mojeplazma.cz\\\/farmacie\\\/farmacie\\\/beauty-age-skin\\\/#primaryimage\"},\"image\":{\"@id\":\"https:\\\/\\\/www.mojeplazma.cz\\\/farmacie\\\/farmacie\\\/beauty-age-skin\\\/#primaryimage\"},\"thumbnailUrl\":\"https:\\\/\\\/www.mojeplazma.cz\\\/farmacie\\\/wp-content\\\/uploads\\\/2024\\\/10\\\/BEAUTY-AGE.jpg\",\"datePublished\":\"2024-10-10T16:28:04+00:00\",\"dateModified\":\"2024-11-18T07:44:13+00:00\",\"breadcrumb\":{\"@id\":\"https:\\\/\\\/www.mojeplazma.cz\\\/farmacie\\\/farmacie\\\/beauty-age-skin\\\/#breadcrumb\"},\"inLanguage\":\"cs\",\"potentialAction\":[{\"@type\":\"ReadAction\",\"target\":[\"https:\\\/\\\/www.mojeplazma.cz\\\/farmacie\\\/farmacie\\\/beauty-age-skin\\\/\"]}]},{\"@type\":\"ImageObject\",\"inLanguage\":\"cs\",\"@id\":\"https:\\\/\\\/www.mojeplazma.cz\\\/farmacie\\\/farmacie\\\/beauty-age-skin\\\/#primaryimage\",\"url\":\"https:\\\/\\\/www.mojeplazma.cz\\\/farmacie\\\/wp-content\\\/uploads\\\/2024\\\/10\\\/BEAUTY-AGE.jpg\",\"contentUrl\":\"https:\\\/\\\/www.mojeplazma.cz\\\/farmacie\\\/wp-content\\\/uploads\\\/2024\\\/10\\\/BEAUTY-AGE.jpg\",\"width\":768,\"height\":768},{\"@type\":\"BreadcrumbList\",\"@id\":\"https:\\\/\\\/www.mojeplazma.cz\\\/farmacie\\\/farmacie\\\/beauty-age-skin\\\/#breadcrumb\",\"itemListElement\":[{\"@type\":\"ListItem\",\"position\":1,\"name\":\"Strona g\u0142\u00f3wna\",\"item\":\"https:\\\/\\\/www.mojeplazma.cz\\\/farmacie\\\/\"},{\"@type\":\"ListItem\",\"position\":2,\"name\":\"farmacie\",\"item\":\"https:\\\/\\\/www.mojeplazma.cz\\\/farmacie\\\/\"},{\"@type\":\"ListItem\",\"position\":3,\"name\":\"Beauty Age Skin\"}]},{\"@type\":\"WebSite\",\"@id\":\"https:\\\/\\\/www.mojeplazma.cz\\\/farmacie\\\/#website\",\"url\":\"https:\\\/\\\/www.mojeplazma.cz\\\/farmacie\\\/\",\"name\":\"mojeplazma.cz\",\"description\":\"\",\"potentialAction\":[{\"@type\":\"SearchAction\",\"target\":{\"@type\":\"EntryPoint\",\"urlTemplate\":\"https:\\\/\\\/www.mojeplazma.cz\\\/farmacie\\\/?s={search_term_string}\"},\"query-input\":{\"@type\":\"PropertyValueSpecification\",\"valueRequired\":true,\"valueName\":\"search_term_string\"}}],\"inLanguage\":\"cs\"}]}<\/script>\n<!-- \/ Yoast SEO plugin. -->","yoast_head_json":{"title":"Beauty Age Skin - Recenze, L\u00e9k\u00e1rna, Cena - 50%, F\u00f3rum, \u00da\u010dinky | 2026","robots":{"index":"index","follow":"follow","max-snippet":"max-snippet:-1","max-image-preview":"max-image-preview:large","max-video-preview":"max-video-preview:-1"},"canonical":"https:\/\/www.mojeplazma.cz\/farmacie\/farmacie\/beauty-age-skin\/","og_locale":"cs_CZ","og_type":"article","og_title":"Beauty Age Skin - Recenze, L\u00e9k\u00e1rna, Cena - 50%, F\u00f3rum, \u00da\u010dinky | 2026","og_url":"https:\/\/www.mojeplazma.cz\/farmacie\/farmacie\/beauty-age-skin\/","og_site_name":"MojePlazma","article_modified_time":"2024-11-18T07:44:13+00:00","og_image":[{"width":768,"height":768,"url":"https:\/\/www.mojeplazma.cz\/farmacie\/wp-content\/uploads\/2024\/10\/BEAUTY-AGE.jpg","type":"image\/jpeg"}],"twitter_card":"summary_large_image","twitter_description":"[date_countdown]","twitter_misc":{"Odhadovan\u00e1 doba \u010dten\u00ed":"6 minut"},"schema":{"@context":"https:\/\/schema.org","@graph":[{"@type":"WebPage","@id":"https:\/\/www.mojeplazma.cz\/farmacie\/farmacie\/beauty-age-skin\/","url":"https:\/\/www.mojeplazma.cz\/farmacie\/farmacie\/beauty-age-skin\/","name":"Beauty Age Skin - Recenze, L\u00e9k\u00e1rna, Cena - 50%, F\u00f3rum, \u00da\u010dinky | 2026","isPartOf":{"@id":"https:\/\/www.mojeplazma.cz\/farmacie\/#website"},"primaryImageOfPage":{"@id":"https:\/\/www.mojeplazma.cz\/farmacie\/farmacie\/beauty-age-skin\/#primaryimage"},"image":{"@id":"https:\/\/www.mojeplazma.cz\/farmacie\/farmacie\/beauty-age-skin\/#primaryimage"},"thumbnailUrl":"https:\/\/www.mojeplazma.cz\/farmacie\/wp-content\/uploads\/2024\/10\/BEAUTY-AGE.jpg","datePublished":"2024-10-10T16:28:04+00:00","dateModified":"2024-11-18T07:44:13+00:00","breadcrumb":{"@id":"https:\/\/www.mojeplazma.cz\/farmacie\/farmacie\/beauty-age-skin\/#breadcrumb"},"inLanguage":"cs","potentialAction":[{"@type":"ReadAction","target":["https:\/\/www.mojeplazma.cz\/farmacie\/farmacie\/beauty-age-skin\/"]}]},{"@type":"ImageObject","inLanguage":"cs","@id":"https:\/\/www.mojeplazma.cz\/farmacie\/farmacie\/beauty-age-skin\/#primaryimage","url":"https:\/\/www.mojeplazma.cz\/farmacie\/wp-content\/uploads\/2024\/10\/BEAUTY-AGE.jpg","contentUrl":"https:\/\/www.mojeplazma.cz\/farmacie\/wp-content\/uploads\/2024\/10\/BEAUTY-AGE.jpg","width":768,"height":768},{"@type":"BreadcrumbList","@id":"https:\/\/www.mojeplazma.cz\/farmacie\/farmacie\/beauty-age-skin\/#breadcrumb","itemListElement":[{"@type":"ListItem","position":1,"name":"Strona g\u0142\u00f3wna","item":"https:\/\/www.mojeplazma.cz\/farmacie\/"},{"@type":"ListItem","position":2,"name":"farmacie","item":"https:\/\/www.mojeplazma.cz\/farmacie\/"},{"@type":"ListItem","position":3,"name":"Beauty Age Skin"}]},{"@type":"WebSite","@id":"https:\/\/www.mojeplazma.cz\/farmacie\/#website","url":"https:\/\/www.mojeplazma.cz\/farmacie\/","name":"mojeplazma.cz","description":"","potentialAction":[{"@type":"SearchAction","target":{"@type":"EntryPoint","urlTemplate":"https:\/\/www.mojeplazma.cz\/farmacie\/?s={search_term_string}"},"query-input":{"@type":"PropertyValueSpecification","valueRequired":true,"valueName":"search_term_string"}}],"inLanguage":"cs"}]}},"_links":{"self":[{"href":"https:\/\/www.mojeplazma.cz\/farmacie\/wp-json\/wp\/v2\/product\/4161","targetHints":{"allow":["GET"]}}],"collection":[{"href":"https:\/\/www.mojeplazma.cz\/farmacie\/wp-json\/wp\/v2\/product"}],"about":[{"href":"https:\/\/www.mojeplazma.cz\/farmacie\/wp-json\/wp\/v2\/types\/product"}],"replies":[{"embeddable":true,"href":"https:\/\/www.mojeplazma.cz\/farmacie\/wp-json\/wp\/v2\/comments?post=4161"}],"wp:featuredmedia":[{"embeddable":true,"href":"https:\/\/www.mojeplazma.cz\/farmacie\/wp-json\/wp\/v2\/media\/4203"}],"wp:attachment":[{"href":"https:\/\/www.mojeplazma.cz\/farmacie\/wp-json\/wp\/v2\/media?parent=4161"}],"wp:term":[{"taxonomy":"product_brand","embeddable":true,"href":"https:\/\/www.mojeplazma.cz\/farmacie\/wp-json\/wp\/v2\/product_brand?post=4161"},{"taxonomy":"product_cat","embeddable":true,"href":"https:\/\/www.mojeplazma.cz\/farmacie\/wp-json\/wp\/v2\/product_cat?post=4161"},{"taxonomy":"product_tag","embeddable":true,"href":"https:\/\/www.mojeplazma.cz\/farmacie\/wp-json\/wp\/v2\/product_tag?post=4161"}],"curies":[{"name":"wp","href":"https:\/\/api.w.org\/{rel}","templated":true}]}}