{"id":4163,"date":"2024-10-10T16:28:04","date_gmt":"2024-10-10T16:28:04","guid":{"rendered":"https:\/\/www.mojeplazma.cz\/farmacie\/?post_type=product&#038;p=4163"},"modified":"2024-11-13T10:28:17","modified_gmt":"2024-11-13T10:28:17","slug":"diaform","status":"publish","type":"product","link":"https:\/\/www.mojeplazma.cz\/farmacie\/farmacie\/diaform\/","title":{"rendered":"Diaform+"},"content":{"rendered":"\n<h2 class=\"wp-block-heading\">Co je Diaform a jak funguje?<\/h2>\n\n\n\n<p><b>Diaform <\/b> je <em>dopln\u011bk stravy<\/em> ur\u010den\u00fd pro lidi, kte\u0159\u00ed maj\u00ed probl\u00e9my s <em>hladinou cukru v<\/em> krvi. T\u00edm, \u017ee podporuje t\u011blo v udr\u017eov\u00e1n\u00ed stability gluk\u00f3zy, p\u016fsob\u00ed Diaform na v\u00edce \u00farovn\u00edch, co\u017e z n\u011bj \u010din\u00ed inovativn\u00ed \u0159e\u0161en\u00ed pro ty, kte\u0159\u00ed trp\u00ed n\u00edzkou gluk\u00f3zovou toleranc\u00ed.<\/p>\n\n\n\n<p>Hlavn\u00ed <em>d p\u016fsoben\u00ed<\/em> tohoto dopl\u0148ku souvis\u00ed se zlep\u0161en\u00edm citlivosti bun\u011bk na inzul\u00edn a regulac\u00ed metabolick\u00fdch proces\u016f. <b>P\u0159\u00edrodn\u00ed<\/b> rostlinn\u00e9 v\u00fdta\u017eky, jako je konopn\u00fd olej, kyselina alfa-linolenov\u00e1 a kyselina gama-linolenov\u00e1, hraj\u00ed kl\u00ed\u010dovou roli p\u0159i zlep\u0161ov\u00e1n\u00ed funkce slinivky b\u0159i\u0161n\u00ed a podporuj\u00ed organismus v boji proti nadm\u011brn\u00e9 <em>hladin\u011b cukru<\/em>.<\/p>\n\n\n\n<ul class=\"wp-block-list\">\n<li>Regulace hladiny gluk\u00f3zy v krvi<\/li>\n\n\n\n<li>Zlep\u0161en\u00ed funkce slinivky b\u0159i\u0161n\u00ed<\/li>\n\n\n\n<li>Podpora kardiovaskul\u00e1rn\u00edho syst\u00e9mu<\/li>\n<\/ul>\n\n\n\n<p><b>U\u017e\u00edv\u00e1n\u00ed p\u0159\u00edpravku<\/b> Diaform m\u016f\u017ee pomoci zlep\u0161it pohodu lid\u00ed s diabetem 2. typu. D\u00edky tomu, \u017ee <b>\u00fa\u010dinn\u00e9 l\u00e1tky<\/b> vykazuj\u00ed stabiliza\u010dn\u00ed vlastnosti, pat\u0159\u00ed tento dopln\u011bk stravy k produkt\u016fm, kter\u00e9 pacienti, kte\u0159\u00ed cht\u011bj\u00ed zlep\u0161it sv\u00e9 <b>zdrav\u00ed<\/b> a pohodu, nejv\u00edce vyhled\u00e1vaj\u00ed.<\/p>\n\n\n\n<h2 class=\"wp-block-heading\">\u00da\u010dinky u\u017e\u00edv\u00e1n\u00ed p\u0159\u00edpravku Diaform <\/h2>\n\n\n\n<p><b>U\u017eivatel\u00e9<\/b> p\u0159\u00edpravku Diaform uv\u00e1d\u011bj\u00ed \u0159adu p\u0159\u00edzniv\u00fdch <em>\u00fa\u010dink\u016f<\/em>, kter\u00e9 p\u0159isp\u00edvaj\u00ed ke zlep\u0161en\u00ed jejich <em>zdravotn\u00edho stavu<\/em>. Zde jsou uvedeny nej\u010dast\u011bji uv\u00e1d\u011bn\u00e9 v\u00fdsledky, kter\u00fdch lze dos\u00e1hnout pravideln\u00fdm u\u017e\u00edv\u00e1n\u00edm tohoto dopl\u0148ku stravy:<\/p>\n\n\n\n<ul class=\"wp-block-list\">\n<li><strong>Stabilizace hladiny cukru v krvi:<\/strong> Mnoho lid\u00ed zaznamenalo v\u00fdrazn\u00e9 zlep\u0161en\u00ed hladiny cukru, co\u017e je pro osoby s metabolick\u00fdmi probl\u00e9my z\u00e1sadn\u00ed.<\/li>\n\n\n\n<li><strong>Zv\u00fd\u0161en\u00ed energie:<\/strong> <b>U\u017eivatel\u00e9<\/b> \u010dasto zd\u016fraz\u0148uj\u00ed, \u017ee se c\u00edt\u00ed energi\u010dt\u011bj\u0161\u00ed a aktivn\u011bj\u0161\u00ed po cel\u00fd den.<\/li>\n\n\n\n<li><strong>Zlep\u0161en\u00ed celkov\u00e9 pohody<\/strong>: Mnoho u\u017eivatel\u016f uv\u00e1d\u00ed zlep\u0161en\u00ed psychick\u00e9 a fyzick\u00e9 pohody, co\u017e m\u00e1 pozitivn\u00ed dopad na jejich ka\u017edodenn\u00ed \u017eivot.<\/li>\n<\/ul>\n\n\n\n<p>Dlouhodob\u00e9<b>u\u017e\u00edv\u00e1n\u00ed<\/b> p\u0159\u00edpravku Diaform m\u016f\u017ee tak\u00e9 p\u0159isp\u011bt ke sn\u00ed\u017een\u00ed rizika komplikac\u00ed souvisej\u00edc\u00edch s cukrovkou. Mnoho u\u017eivatel\u016f nav\u00edc uv\u00e1d\u00ed, \u017ee p\u0159\u00edpravek podporuje metabolick\u00e9 procesy, co\u017e vede k dlouhodob\u00e9 <em>stabilizaci hladiny cukru<\/em> a \u00fabytku hmotnosti, p\u0159i\u010dem\u017e pr\u016fm\u011brn\u00fd \u00fabytek hmotnosti po jednom m\u011bs\u00edci \u010din\u00ed p\u0159ibli\u017en\u011b 5 kg.<\/p>\n\n\n\n<figure class=\"wp-block-table\"><table class=\"has-fixed-layout\"><tbody><tr><th>\u00da\u010dinek<\/th><th>Procento u\u017eivatel\u016f<\/th><\/tr><tr><td>Stabilizace hladiny cukru<\/td><td>100%<\/td><\/tr><tr><td>Sn\u00ed\u017een\u00ed hladiny cholesterolu<\/td><td>100%<\/td><\/tr><tr><td>Stabilizace krevn\u00edho tlaku<\/td><td>100%<\/td><\/tr><tr><td>\u00dabytek hmotnosti<\/td><td>100%<\/td><\/tr><\/tbody><\/table><\/figure>\n\n\n\n<p><b>Recenze<\/b> u\u017eivatel\u016f potvrzuj\u00ed pozitivn\u00ed <b>\u00fa\u010dinky p\u0159\u00edpravku<\/b> Diaform . Mnoho lid\u00ed se r\u00e1do pod\u011bl\u00ed o sv\u00e9 zku\u0161enosti na internetov\u00fdch f\u00f3rech, co\u017e m\u016f\u017ee b\u00fdt pro nov\u00e9 u\u017eivatele inspirativn\u00ed. S tak vysokou m\u00edrou \u00fa\u010dinnosti stoj\u00ed za to zv\u00e1\u017eit pravideln\u00e9 <b>pou\u017e\u00edv\u00e1n\u00ed<\/b> Diaform pro dosa\u017een\u00ed optim\u00e1ln\u00edch v\u00fdsledk\u016f.<\/p>\n\n\n\n<h2 class=\"wp-block-heading\">Jak spr\u00e1vn\u011b pou\u017e\u00edvat Diaform &#8211; D\u00e1vkov\u00e1n\u00ed<\/h2>\n\n\n\n<p>Abyste z\u00edskali maxim\u00e1ln\u00ed prosp\u011bch z pou\u017e\u00edv\u00e1n\u00ed p\u0159\u00edpravku Diaform , je d\u016fle\u017eit\u00e9 dodr\u017eovat doporu\u010den\u00e9 d\u00e1vkov\u00e1n\u00ed. V\u00fdrobce doporu\u010duje u\u017e\u00edvat jednu nebo dv\u011b tobolky denn\u011b, nejl\u00e9pe s j\u00eddlem. Tento d\u00e1vkovac\u00ed re\u017eim podporuje lep\u0161\u00ed vst\u0159eb\u00e1v\u00e1n\u00ed \u00fa\u010dinn\u00fdch l\u00e1tek a podporuje \u00fa\u010dinnost dopl\u0148ku p\u0159i normalizaci hladiny cukru v krvi.<\/p>\n\n\n\n<p>Pravideln\u00e9 u\u017e\u00edv\u00e1n\u00ed p\u0159\u00edpravku Diaform hraje kl\u00ed\u010dovou roli p\u0159i dosahov\u00e1n\u00ed po\u017eadovan\u00fdch zdravotn\u00edch v\u00fdsledk\u016f. Doporu\u010den\u00e1 d\u00e1vka by nem\u011bla b\u00fdt p\u0159ekra\u010dov\u00e1na, co\u017e m\u016f\u017ee v\u00e9st k ne\u017e\u00e1douc\u00edm vedlej\u0161\u00edm \u00fa\u010dink\u016fm. Lid\u00e9 u\u017e\u00edvaj\u00edc\u00ed l\u00e9ky na cukrovku by se m\u011bli p\u0159ed zah\u00e1jen\u00edm u\u017e\u00edv\u00e1n\u00ed dopl\u0148ku poradit se sv\u00fdm l\u00e9ka\u0159em.<\/p>\n\n\n\n<blockquote class=\"wp-block-quote is-layout-flow wp-block-quote-is-layout-flow\">\n<p><em>&#8222;Diaform jsem za\u010dal u\u017e\u00edvat p\u0159ed dv\u011bma m\u011bs\u00edci a zaznamenal jsem v\u00fdrazn\u00e9 zlep\u0161en\u00ed hladiny cukru v krvi. R\u00e1no se c\u00edt\u00edm mnohem l\u00e9pe a dokonce jsem zhubla n\u011bkolik kilogram\u016f!&#8220;<\/em> &#8211; Anna<\/p>\n<\/blockquote>\n\n\n\n<blockquote class=\"wp-block-quote is-layout-flow wp-block-quote-is-layout-flow\">\n<p><em>&#8222;Po m\u011bs\u00edci u\u017e\u00edv\u00e1n\u00ed p\u0159\u00edpravku Diaform se c\u00edt\u00edm energi\u010dt\u011bj\u0161\u00ed. Hladina cukru se mi stabilizuje a \u00fa\u010dinky jsou patrn\u00e9 i na m\u00e9 ka\u017edodenn\u00ed n\u00e1lad\u011b.&#8220;<\/em> &#8211; Marta<\/p>\n<\/blockquote>\n\n\n\n<blockquote class=\"wp-block-quote is-layout-flow wp-block-quote-is-layout-flow\">\n<p><em>&#8222;Zpo\u010d\u00e1tku jsem byla skeptick\u00e1, ale Diaform opravdu funguje. Po 6 t\u00fddnech vid\u00edm zlep\u0161en\u00ed nejen ve v\u00fdsledc\u00edch test\u016f, ale i v celkov\u00e9m zdravotn\u00edm stavu.&#8220;<\/em> &#8211; Robert<\/p>\n<\/blockquote>\n\n\n\n<p>U\u017e\u00edv\u00e1n\u00ed p\u0159\u00edpravku Diaform podle v\u00fd\u0161e uveden\u00fdch pokyn\u016f v\u00e1m pom\u016f\u017ee regulovat hladinu cukru v krvi a prosp\u011bje tak\u00e9 va\u0161\u00ed pohod\u011b. Z dlouhodob\u00e9ho hlediska spr\u00e1vn\u00e9 <b>d\u00e1vkov\u00e1n\u00ed<\/b> podporuje metabolick\u00e9 procesy v t\u011ble.<\/p>\n\n\n\n<figure class=\"wp-block-table\"><table class=\"has-fixed-layout\"><tbody><tr><th>Slo\u017een\u00ed<\/th><th>Funkce<\/th><\/tr><tr><td>Extrakt z ko\u0159ene pampeli\u0161ky<\/td><td>Reguluje hladinu gluk\u00f3zy<\/td><\/tr><tr><td>Sko\u0159ice<\/td><td>Podporuje metabolismus<\/td><\/tr><tr><td>Chrom<\/td><td>Zvy\u0161uje <b>\u00fa\u010dinek<\/b> inzul\u00ednu<\/td><\/tr><tr><td>Kvercetin<\/td><td>Chr\u00e1n\u00ed p\u0159ed z\u00e1n\u011bty<\/td><\/tr><tr><td>Biotin<\/td><td>Zlep\u0161uje celkovou metabolickou funkci<\/td><\/tr><\/tbody><\/table><\/figure>\n\n\n\n<h2 class=\"wp-block-heading\">Diaform &#8211; Recenze u\u017eivatel\u016f, f\u00f3rum &#8211; Co na to \u0159\u00edkaj\u00ed u\u017eivatel\u00e9?<\/h2>\n\n\n\n<p>U\u017eivatelsk\u00e9<b>recenze<\/b> Diaform jsou obecn\u011b pozitivn\u00ed a potvrzuj\u00ed jeho \u00fa\u010dinnost p\u0159i regulaci hladiny cukru v krvi. V jednom popul\u00e1rn\u00edm f\u00f3ru se z\u00e1kazn\u00edci d\u011bl\u00ed o sv\u00e9 zku\u0161enosti, co\u017e v\u00e1m d\u00e1v\u00e1 mo\u017enost l\u00e9pe pochopit, jak tento dopln\u011bk funguje. A zde jsou n\u011bkter\u00e9 v\u00fdmluvn\u00e9 n\u00e1zory:<\/p>\n\n\n\n<blockquote class=\"wp-block-quote is-layout-flow wp-block-quote-is-layout-flow\">\n<p><em>Kasia<\/em>: &#8222;Pou\u017e\u00edv\u00e1m Diaform t\u0159i m\u011bs\u00edce a zaznamenala jsem v\u00fdrazn\u00e9 zlep\u0161en\u00ed. <b>Hladina cukru v krvi<\/b> se mi stabilizovala a c\u00edt\u00edm v\u00edce energie po cel\u00fd den. Rozhodn\u011b bych ho doporu\u010dila v\u0161em, kte\u0159\u00ed bojuj\u00ed s cukrovkou!&#8220;<\/p>\n<\/blockquote>\n\n\n\n<blockquote class=\"wp-block-quote is-layout-flow wp-block-quote-is-layout-flow\">\n<p><em>Marek:<\/em> &#8222;Diaform je jedin\u00fd dopln\u011bk stravy, kter\u00fd u m\u011b skute\u010dn\u011b funguje. M\u011bl jsem probl\u00e9my s kontrolou hladiny cukru a po n\u011bkolika t\u00fddnech u\u017e\u00edv\u00e1n\u00ed jsem si v\u0161iml, \u017ee se m\u00e9 hodnoty vr\u00e1tily do norm\u00e1lu. Nyn\u00ed si bez n\u011bj nedok\u00e1\u017eu p\u0159edstavit \u017eivot.&#8220;<\/p>\n<\/blockquote>\n\n\n\n<blockquote class=\"wp-block-quote is-layout-flow wp-block-quote-is-layout-flow\">\n<p><em>Ania:<\/em> &#8222;K dopl\u0148k\u016fm stravy jsem byla skeptick\u00e1, ale Diaform m\u011b pozitivn\u011b p\u0159ekvapil. U\u017e po prvn\u00edm m\u011bs\u00edci jsem zaznamenala rozd\u00edl. Douf\u00e1m, \u017ee jeho <b>\u00fa\u010dinky<\/b> vydr\u017e\u00ed.&#8220;<\/p>\n<\/blockquote>\n\n\n\n<p>D\u00edky vysok\u00e9mu hodnocen\u00ed <strong>5\/6<\/strong> hv\u011bzdi\u010dek mezi u\u017eivateli a doporu\u010den\u00edm l\u00e9ka\u0159\u016f si Diaform z\u00edskal uzn\u00e1n\u00ed jako jeden z nej\u00fa\u010dinn\u011bj\u0161\u00edch dopl\u0148k\u016f stravy dostupn\u00fdch na trhu. Na zdravotn\u00edm <b>f\u00f3ru<\/b> <b>u\u017eivatel\u00e9<\/b> vyzdvihuj\u00ed jeho v\u00fdhody a uv\u00e1d\u011bj\u00ed slo\u017eky, jako je sko\u0159ice a v\u00fdta\u017eek z olivov\u00fdch list\u016f, jako prosp\u011b\u0161n\u00e9 p\u0159i regulaci hladiny cukru.<\/p>\n\n\n\n<p><b>\u00da\u010dinky<\/b> Diaformu se mohou li\u0161it v z\u00e1vislosti na individu\u00e1ln\u00edch t\u011blesn\u00fdch vlastnostech. Mnoho lid\u00ed zd\u016fraz\u0148uje, \u017ee si v\u0161imli zlep\u0161en\u00ed ji\u017e po kr\u00e1tk\u00e9 dob\u011b, co\u017e p\u0159isp\u00edv\u00e1 k rostouc\u00ed popularit\u011b tohoto dopl\u0148ku v Polsku. U\u017eivatel\u00e9 tak\u00e9 oce\u0148uj\u00ed absenci vedlej\u0161\u00edch \u00fa\u010dink\u016f a jednoduchost u\u017e\u00edv\u00e1n\u00ed, co\u017e potvrzuje jeho <b>bezpe\u010dnost<\/b>.<\/p>\n\n\n\n<h2 class=\"wp-block-heading\">Slo\u017een\u00ed p\u0159\u00edpravku Diaform &#8211; co obsahuje?<\/h2>\n\n\n\n<p>Diaform je unik\u00e1tn\u00ed <b>dopln\u011bk stravy<\/b>, kter\u00fd obsahuje <em>p\u0159\u00edrodn\u00ed<\/em> slo\u017eky podporuj\u00edc\u00ed regulaci hladiny cukru v krvi. Jeho <em>slo\u017een\u00ed<\/em> je zalo\u017eeno na t\u0159ech hlavn\u00edch slo\u017ek\u00e1ch rostlinn\u00e9ho p\u016fvodu: konopn\u00e9m oleji, kyselin\u011b alfa-linolenov\u00e9 a kyselin\u011b gama-linolenov\u00e9. Tyto <em>\u00fa\u010dinn\u00e9 l\u00e1tky<\/em> podporuj\u00ed metabolick\u00e9 procesy a p\u0159isp\u00edvaj\u00ed ke stabilizaci hladiny gluk\u00f3zy v t\u011ble.<\/p>\n\n\n\n<p>Za zm\u00ednku stoj\u00ed jedine\u010dn\u00e9 vlastnosti p\u0159\u00edpravku Diaform , kter\u00e9 jej odli\u0161uj\u00ed od ostatn\u00edch produkt\u016f. P\u0159\u00edpravek dod\u00e1v\u00e1 t\u011blu nejen <em>p\u0159\u00edrodn\u00ed<\/em> oleje, ale tak\u00e9 mno\u017estv\u00ed vitam\u00edn\u016f a miner\u00e1l\u016f nezbytn\u00fdch pro udr\u017een\u00ed zdrav\u00ed a pohody. Pravideln\u00e9 u\u017e\u00edv\u00e1n\u00ed p\u0159\u00edpravku m\u016f\u017ee v\u00e9st k pozitivn\u00edm \u00fa\u010dink\u016fm, jako je regulace hladiny gluk\u00f3zy a zlep\u0161en\u00ed celkov\u00e9ho fungov\u00e1n\u00ed organismu.<\/p>\n\n\n\n<figure class=\"wp-block-table\"><table class=\"has-fixed-layout\"><tbody><tr><th>\u00da\u010dinn\u00e1 l\u00e1tka<\/th><th>\u00da\u010dinek<\/th><\/tr><tr><td>Konopn\u00fd olej<\/td><td>Podpora endokrinn\u00edho syst\u00e9mu, zlep\u0161en\u00ed metabolismu<\/td><\/tr><tr><td>Kyselina alfa-linolenov\u00e1<\/td><td>Regulace hladiny cukru, zlep\u0161en\u00ed kardiovaskul\u00e1rn\u00edho zdrav\u00ed<\/td><\/tr><tr><td>Kyselina gama-linolenov\u00e1<\/td><td>Podpora metabolick\u00fdch proces\u016f<\/td><\/tr><tr><td>Extrakt z olivov\u00fdch list\u016f<\/td><td>Antioxida\u010dn\u00ed vlastnosti, stabilizace hladiny gluk\u00f3zy<\/td><\/tr><tr><td>L-arginin<\/td><td>Podpora tvorby inzul\u00ednu<\/td><\/tr><tr><td>Chrom<\/td><td>Optimalizace metabolismu gluk\u00f3zy<\/td><\/tr><\/tbody><\/table><\/figure>\n\n\n\n<p>P\u0159\u00edpravek Diaform se doporu\u010duje u\u017e\u00edvat jednou denn\u011b a prvn\u00ed \u00fa\u010dinky stabilizace hladiny gluk\u00f3zy lze pozorovat ji\u017e po dvou t\u00fddnech pravideln\u00e9ho u\u017e\u00edv\u00e1n\u00ed. P\u0159\u00edpravek je ur\u010den dosp\u011bl\u00fdm, kte\u0159\u00ed cht\u011bj\u00ed m\u00edt pod kontrolou <b>hladinu cukru<\/b>, a jeho <em>slo\u017een\u00ed<\/em> odr\u00e1\u017e\u00ed pozornost v\u00fdrobce v\u011bnovanou kvalit\u011b a \u00fa\u010dinnosti v\u00fdrobku.<\/p>\n\n\n\n<h2 class=\"wp-block-heading\">Kde koupit a kolik stoj\u00ed Diaform &#8211; cena<\/h2>\n\n\n\n<p>Diaform je dopln\u011bk stravy, kter\u00fd lze zakoupit pouze na ofici\u00e1ln\u00edch str\u00e1nk\u00e1ch <em>v\u00fdrobce<\/em>. Pouze tam jsou k dispozici aktu\u00e1ln\u00ed propaga\u010dn\u00ed akce, kter\u00e9 v\u00e1m umo\u017e\u0148uj\u00ed ziskov\u00e9 n\u00e1kupy. N\u00e1kupy z <em>ofici\u00e1ln\u00edch str\u00e1nek<\/em> zaru\u010duj\u00ed originalitu v\u00fdrobku a podporu v p\u0159\u00edpad\u011b ot\u00e1zek nebo probl\u00e9m\u016f. Pro zaji\u0161t\u011bn\u00ed <b>bezpe\u010dnosti<\/b> a kvality se doporu\u010duje vyhnout se n\u00e1kupu z neautorizovan\u00fdch zdroj\u016f, jako jsou stacion\u00e1rn\u00ed l\u00e9k\u00e1rny nebo tr\u017ei\u0161t\u011b.<\/p>\n\n\n\n<p>Origin\u00e1ln\u00ed kapsle Diaform nejsou k dispozici v l\u00e9k\u00e1rn\u00e1ch, tak\u017ee <em>ofici\u00e1ln\u00ed str\u00e1nky v\u00fdrobce<\/em> jsou jedin\u00fdm m\u00edstem n\u00e1kupu. Vzhledem k rostouc\u00ed popularit\u011b se vyplat\u00ed zkontrolovat aktu\u00e1ln\u00ed nab\u00eddky, proto\u017ee n\u00e1sleduj\u00edc\u00ed \u0161ar\u017ee mohou b\u00fdt po vyprod\u00e1n\u00ed z\u00e1sob prod\u00e1v\u00e1ny za vy\u0161\u0161\u00ed ceny.<\/p>\n\n\n\n<h2 class=\"wp-block-heading\">Diaform &#8211; Ne\u017e\u00e1douc\u00ed \u00fa\u010dinky a kontraindikace &#8211; Bezpe\u010dnost pou\u017eit\u00ed<\/h2>\n\n\n\n<p>Diaform je dopln\u011bk stravy, kter\u00fd z\u00edskal popularitu d\u00edky sv\u00e9 \u00fa\u010dinnosti p\u0159i stabilizaci hladiny cukru v krvi. P\u0159esto\u017ee je tento p\u0159\u00edpravek pova\u017eov\u00e1n za bezpe\u010dn\u00fd pro v\u011bt\u0161inu lid\u00ed, mohou se vyskytnout <b>ne\u017e\u00e1douc\u00ed \u00fa\u010dinky<\/b>. Mezi nimi vynikaj\u00ed \u017ealude\u010dn\u00ed pot\u00ed\u017ee a tak\u00e9 alergick\u00e9 reakce, zejm\u00e9na u lid\u00ed, kte\u0159\u00ed jsou citliv\u00ed na slo\u017eky, jako je konopn\u00fd olej, kyselina alfa-linolenov\u00e1 a dal\u0161\u00ed <b>\u00fa\u010dinn\u00e9 l\u00e1tky<\/b> obsa\u017een\u00e9 v p\u0159\u00edpravku.<\/p>\n\n\n\n<p>Je t\u0159eba upozornit na <b>kontraindikace<\/b> u\u017e\u00edv\u00e1n\u00ed p\u0159\u00edpravku Diaform . T\u011bhotn\u00e9, koj\u00edc\u00ed a osoby s t\u011b\u017ekou cukrovkou by se m\u011bly tomuto dopl\u0148ku vyhnout. P\u0159ed pou\u017eit\u00edm je tak\u00e9 vhodn\u00e9 poradit se s l\u00e9ka\u0159em, aby byla zaji\u0161t\u011bna bezpe\u010dnost a p\u0159ede\u0161lo se mo\u017en\u00fdm zdravotn\u00edm probl\u00e9m\u016fm v d\u016fsledku nesn\u00e1\u0161enlivosti slo\u017eek obsa\u017een\u00fdch v p\u0159\u00edpravku.<\/p>\n\n\n\n<p>U osob se sklonem k alergi\u00edm nebo nesn\u00e1\u0161enlivosti mohou b\u00fdt <b>ne\u017e\u00e1douc\u00ed \u00fa\u010dinky<\/b> z\u00e1va\u017en\u011bj\u0161\u00ed, co\u017e je vhodn\u00e9 zv\u00e1\u017eit p\u0159ed zah\u00e1jen\u00edm u\u017e\u00edv\u00e1n\u00ed dopl\u0148ku. V\u017edy je lep\u0161\u00ed p\u0159istupovat opatrn\u011b a poradit se s odborn\u00edkem, aby posoudil individu\u00e1ln\u00ed pot\u0159eby a mo\u017enosti.<\/p>\n","protected":false},"excerpt":{"rendered":"<p><strong>[date_countdown]<\/strong><\/p>\n<p><strong><img decoding=\"async\" class=\"alignnone  wp-image-8078\" src=\"https:\/\/www.mojeplazma.cz\/farmacie\/wp-content\/uploads\/2024\/10\/SAFE-PAY-300x88-1.png\" alt=\"SAFE-PAY-300x88\" width=\"154\" height=\"45\" \/><\/strong><\/p>\n","protected":false},"featured_media":4205,"comment_status":"open","ping_status":"closed","template":"","meta":{"neve_meta_sidebar":"","neve_meta_container":"","neve_meta_enable_content_width":"","neve_meta_content_width":0,"neve_meta_title_alignment":"","neve_meta_author_avatar":"","neve_post_elements_order":"","neve_meta_disable_header":"","neve_meta_disable_footer":"","neve_meta_disable_title":"","neve_meta_reading_time":""},"product_brand":[],"product_cat":[15],"product_tag":[],"class_list":{"0":"post-4163","1":"product","2":"type-product","3":"status-publish","4":"has-post-thumbnail","6":"product_cat-zdravi","8":"first","9":"instock","10":"sale","11":"shipping-taxable","12":"product-type-external"},"yoast_head":"<!-- This site is optimized with the Yoast SEO plugin v27.3 - https:\/\/yoast.com\/product\/yoast-seo-wordpress\/ -->\n<title>Diaform+ - Recenze, L\u00e9k\u00e1rna, Cena - 50%, F\u00f3rum, \u00da\u010dinky | 2026<\/title>\n<meta name=\"robots\" content=\"index, follow, max-snippet:-1, max-image-preview:large, max-video-preview:-1\" \/>\n<link rel=\"canonical\" href=\"https:\/\/www.mojeplazma.cz\/farmacie\/farmacie\/diaform\/\" \/>\n<meta property=\"og:locale\" content=\"cs_CZ\" \/>\n<meta property=\"og:type\" content=\"article\" \/>\n<meta property=\"og:title\" content=\"Diaform+ - Recenze, L\u00e9k\u00e1rna, Cena - 50%, F\u00f3rum, \u00da\u010dinky | 2026\" \/>\n<meta property=\"og:url\" content=\"https:\/\/www.mojeplazma.cz\/farmacie\/farmacie\/diaform\/\" \/>\n<meta property=\"og:site_name\" content=\"MojePlazma\" \/>\n<meta property=\"article:modified_time\" content=\"2024-11-13T10:28:17+00:00\" \/>\n<meta property=\"og:image\" content=\"https:\/\/www.mojeplazma.cz\/farmacie\/wp-content\/uploads\/2024\/10\/Diaform.jpg\" \/>\n\t<meta property=\"og:image:width\" content=\"768\" \/>\n\t<meta property=\"og:image:height\" content=\"768\" \/>\n\t<meta property=\"og:image:type\" content=\"image\/jpeg\" \/>\n<meta name=\"twitter:card\" content=\"summary_large_image\" \/>\n<meta name=\"twitter:description\" content=\"[date_countdown]\" \/>\n<meta name=\"twitter:label1\" content=\"Odhadovan\u00e1 doba \u010dten\u00ed\" \/>\n\t<meta name=\"twitter:data1\" content=\"1 minuta\" \/>\n<script type=\"application\/ld+json\" class=\"yoast-schema-graph\">{\"@context\":\"https:\\\/\\\/schema.org\",\"@graph\":[{\"@type\":\"WebPage\",\"@id\":\"https:\\\/\\\/www.mojeplazma.cz\\\/farmacie\\\/farmacie\\\/diaform\\\/\",\"url\":\"https:\\\/\\\/www.mojeplazma.cz\\\/farmacie\\\/farmacie\\\/diaform\\\/\",\"name\":\"Diaform+ - Recenze, L\u00e9k\u00e1rna, Cena - 50%, F\u00f3rum, \u00da\u010dinky | 2026\",\"isPartOf\":{\"@id\":\"https:\\\/\\\/www.mojeplazma.cz\\\/farmacie\\\/#website\"},\"primaryImageOfPage\":{\"@id\":\"https:\\\/\\\/www.mojeplazma.cz\\\/farmacie\\\/farmacie\\\/diaform\\\/#primaryimage\"},\"image\":{\"@id\":\"https:\\\/\\\/www.mojeplazma.cz\\\/farmacie\\\/farmacie\\\/diaform\\\/#primaryimage\"},\"thumbnailUrl\":\"https:\\\/\\\/www.mojeplazma.cz\\\/farmacie\\\/wp-content\\\/uploads\\\/2024\\\/10\\\/Diaform.jpg\",\"datePublished\":\"2024-10-10T16:28:04+00:00\",\"dateModified\":\"2024-11-13T10:28:17+00:00\",\"breadcrumb\":{\"@id\":\"https:\\\/\\\/www.mojeplazma.cz\\\/farmacie\\\/farmacie\\\/diaform\\\/#breadcrumb\"},\"inLanguage\":\"cs\",\"potentialAction\":[{\"@type\":\"ReadAction\",\"target\":[\"https:\\\/\\\/www.mojeplazma.cz\\\/farmacie\\\/farmacie\\\/diaform\\\/\"]}]},{\"@type\":\"ImageObject\",\"inLanguage\":\"cs\",\"@id\":\"https:\\\/\\\/www.mojeplazma.cz\\\/farmacie\\\/farmacie\\\/diaform\\\/#primaryimage\",\"url\":\"https:\\\/\\\/www.mojeplazma.cz\\\/farmacie\\\/wp-content\\\/uploads\\\/2024\\\/10\\\/Diaform.jpg\",\"contentUrl\":\"https:\\\/\\\/www.mojeplazma.cz\\\/farmacie\\\/wp-content\\\/uploads\\\/2024\\\/10\\\/Diaform.jpg\",\"width\":768,\"height\":768},{\"@type\":\"BreadcrumbList\",\"@id\":\"https:\\\/\\\/www.mojeplazma.cz\\\/farmacie\\\/farmacie\\\/diaform\\\/#breadcrumb\",\"itemListElement\":[{\"@type\":\"ListItem\",\"position\":1,\"name\":\"Strona g\u0142\u00f3wna\",\"item\":\"https:\\\/\\\/www.mojeplazma.cz\\\/farmacie\\\/\"},{\"@type\":\"ListItem\",\"position\":2,\"name\":\"farmacie\",\"item\":\"https:\\\/\\\/www.mojeplazma.cz\\\/farmacie\\\/\"},{\"@type\":\"ListItem\",\"position\":3,\"name\":\"Diaform+\"}]},{\"@type\":\"WebSite\",\"@id\":\"https:\\\/\\\/www.mojeplazma.cz\\\/farmacie\\\/#website\",\"url\":\"https:\\\/\\\/www.mojeplazma.cz\\\/farmacie\\\/\",\"name\":\"mojeplazma.cz\",\"description\":\"\",\"potentialAction\":[{\"@type\":\"SearchAction\",\"target\":{\"@type\":\"EntryPoint\",\"urlTemplate\":\"https:\\\/\\\/www.mojeplazma.cz\\\/farmacie\\\/?s={search_term_string}\"},\"query-input\":{\"@type\":\"PropertyValueSpecification\",\"valueRequired\":true,\"valueName\":\"search_term_string\"}}],\"inLanguage\":\"cs\"}]}<\/script>\n<!-- \/ Yoast SEO plugin. -->","yoast_head_json":{"title":"Diaform+ - Recenze, L\u00e9k\u00e1rna, Cena - 50%, F\u00f3rum, \u00da\u010dinky | 2026","robots":{"index":"index","follow":"follow","max-snippet":"max-snippet:-1","max-image-preview":"max-image-preview:large","max-video-preview":"max-video-preview:-1"},"canonical":"https:\/\/www.mojeplazma.cz\/farmacie\/farmacie\/diaform\/","og_locale":"cs_CZ","og_type":"article","og_title":"Diaform+ - Recenze, L\u00e9k\u00e1rna, Cena - 50%, F\u00f3rum, \u00da\u010dinky | 2026","og_url":"https:\/\/www.mojeplazma.cz\/farmacie\/farmacie\/diaform\/","og_site_name":"MojePlazma","article_modified_time":"2024-11-13T10:28:17+00:00","og_image":[{"width":768,"height":768,"url":"https:\/\/www.mojeplazma.cz\/farmacie\/wp-content\/uploads\/2024\/10\/Diaform.jpg","type":"image\/jpeg"}],"twitter_card":"summary_large_image","twitter_description":"[date_countdown]","twitter_misc":{"Odhadovan\u00e1 doba \u010dten\u00ed":"1 minuta"},"schema":{"@context":"https:\/\/schema.org","@graph":[{"@type":"WebPage","@id":"https:\/\/www.mojeplazma.cz\/farmacie\/farmacie\/diaform\/","url":"https:\/\/www.mojeplazma.cz\/farmacie\/farmacie\/diaform\/","name":"Diaform+ - Recenze, L\u00e9k\u00e1rna, Cena - 50%, F\u00f3rum, \u00da\u010dinky | 2026","isPartOf":{"@id":"https:\/\/www.mojeplazma.cz\/farmacie\/#website"},"primaryImageOfPage":{"@id":"https:\/\/www.mojeplazma.cz\/farmacie\/farmacie\/diaform\/#primaryimage"},"image":{"@id":"https:\/\/www.mojeplazma.cz\/farmacie\/farmacie\/diaform\/#primaryimage"},"thumbnailUrl":"https:\/\/www.mojeplazma.cz\/farmacie\/wp-content\/uploads\/2024\/10\/Diaform.jpg","datePublished":"2024-10-10T16:28:04+00:00","dateModified":"2024-11-13T10:28:17+00:00","breadcrumb":{"@id":"https:\/\/www.mojeplazma.cz\/farmacie\/farmacie\/diaform\/#breadcrumb"},"inLanguage":"cs","potentialAction":[{"@type":"ReadAction","target":["https:\/\/www.mojeplazma.cz\/farmacie\/farmacie\/diaform\/"]}]},{"@type":"ImageObject","inLanguage":"cs","@id":"https:\/\/www.mojeplazma.cz\/farmacie\/farmacie\/diaform\/#primaryimage","url":"https:\/\/www.mojeplazma.cz\/farmacie\/wp-content\/uploads\/2024\/10\/Diaform.jpg","contentUrl":"https:\/\/www.mojeplazma.cz\/farmacie\/wp-content\/uploads\/2024\/10\/Diaform.jpg","width":768,"height":768},{"@type":"BreadcrumbList","@id":"https:\/\/www.mojeplazma.cz\/farmacie\/farmacie\/diaform\/#breadcrumb","itemListElement":[{"@type":"ListItem","position":1,"name":"Strona g\u0142\u00f3wna","item":"https:\/\/www.mojeplazma.cz\/farmacie\/"},{"@type":"ListItem","position":2,"name":"farmacie","item":"https:\/\/www.mojeplazma.cz\/farmacie\/"},{"@type":"ListItem","position":3,"name":"Diaform+"}]},{"@type":"WebSite","@id":"https:\/\/www.mojeplazma.cz\/farmacie\/#website","url":"https:\/\/www.mojeplazma.cz\/farmacie\/","name":"mojeplazma.cz","description":"","potentialAction":[{"@type":"SearchAction","target":{"@type":"EntryPoint","urlTemplate":"https:\/\/www.mojeplazma.cz\/farmacie\/?s={search_term_string}"},"query-input":{"@type":"PropertyValueSpecification","valueRequired":true,"valueName":"search_term_string"}}],"inLanguage":"cs"}]}},"_links":{"self":[{"href":"https:\/\/www.mojeplazma.cz\/farmacie\/wp-json\/wp\/v2\/product\/4163","targetHints":{"allow":["GET"]}}],"collection":[{"href":"https:\/\/www.mojeplazma.cz\/farmacie\/wp-json\/wp\/v2\/product"}],"about":[{"href":"https:\/\/www.mojeplazma.cz\/farmacie\/wp-json\/wp\/v2\/types\/product"}],"replies":[{"embeddable":true,"href":"https:\/\/www.mojeplazma.cz\/farmacie\/wp-json\/wp\/v2\/comments?post=4163"}],"wp:featuredmedia":[{"embeddable":true,"href":"https:\/\/www.mojeplazma.cz\/farmacie\/wp-json\/wp\/v2\/media\/4205"}],"wp:attachment":[{"href":"https:\/\/www.mojeplazma.cz\/farmacie\/wp-json\/wp\/v2\/media?parent=4163"}],"wp:term":[{"taxonomy":"product_brand","embeddable":true,"href":"https:\/\/www.mojeplazma.cz\/farmacie\/wp-json\/wp\/v2\/product_brand?post=4163"},{"taxonomy":"product_cat","embeddable":true,"href":"https:\/\/www.mojeplazma.cz\/farmacie\/wp-json\/wp\/v2\/product_cat?post=4163"},{"taxonomy":"product_tag","embeddable":true,"href":"https:\/\/www.mojeplazma.cz\/farmacie\/wp-json\/wp\/v2\/product_tag?post=4163"}],"curies":[{"name":"wp","href":"https:\/\/api.w.org\/{rel}","templated":true}]}}