{"id":4189,"date":"2024-10-10T16:28:27","date_gmt":"2024-10-10T16:28:27","guid":{"rendered":"https:\/\/www.mojeplazma.cz\/farmacie\/?post_type=product&#038;p=4189"},"modified":"2024-11-13T10:22:18","modified_gmt":"2024-11-13T10:22:18","slug":"cyto-forte","status":"publish","type":"product","link":"https:\/\/www.mojeplazma.cz\/farmacie\/farmacie\/cyto-forte\/","title":{"rendered":"Cyto Forte"},"content":{"rendered":"\n\n<h2 class=\"wp-block-heading\">Co je p\u0159\u00edpravek Cyto Forte a jak funguje?<\/h2>\n\n\n\n\n\n<p><b>Cyto Forte<\/b> je <em>dopln\u011bk<\/em> stravy ur\u010den\u00fd pro osoby, kter\u00e9 se pot\u00fdkaj\u00ed s <em>infekcemi mo\u010dov\u00fdch cest,<\/em> zejm\u00e9na se z\u00e1n\u011btem mo\u010dov\u00e9ho m\u011bch\u00fd\u0159e. Jeho <em>\u00fa\u010dinek<\/em> je zalo\u017een na p\u0159\u00edrodn\u00edch slo\u017ek\u00e1ch, jako je extrakt z brusinek, he\u0159m\u00e1nek, a tak\u00e9 zinek a vitaminy skupiny B. Tyto slo\u017eky jsou zn\u00e1m\u00e9 sv\u00fdmi protiz\u00e1n\u011btliv\u00fdmi a antibakteri\u00e1ln\u00edmi vlastnostmi, kter\u00e9 pom\u00e1haj\u00ed bojovat s patogeny zodpov\u011bdn\u00fdmi za infekce.<\/p>\n\n\n\n\n\n<p>Pravideln\u00e9 u\u017e\u00edv\u00e1n\u00ed p\u0159\u00edpravku Cyto Forte pom\u00e1h\u00e1 zlep\u0161it pohodu osob trp\u00edc\u00edch probl\u00e9my s mo\u010dov\u00fdmi cestami. U\u017eivatel\u00e9 \u010dasto zaznamen\u00e1vaj\u00ed v\u00fdrazn\u00e9 zm\u00edrn\u011bn\u00ed p\u0159\u00edznak\u016f, jako je p\u00e1len\u00ed a bolest p\u0159i mo\u010den\u00ed. <b>Dopln\u011bk<\/b> tak\u00e9 podporuje <b>zdrav\u00ed<\/b> mo\u010dov\u00fdch cest t\u00edm, \u017ee posiluje organismus v boji proti opakovan\u00fdm infekc\u00edm.<\/p>\n\n\n\n\n\n<p>Zde jsou uvedeny hlavn\u00ed v\u00fdhody u\u017e\u00edv\u00e1n\u00ed p\u0159\u00edpravku Cyto Forte:<\/p>\n\n\n\n\n\n<ul class=\"wp-block-list\">\n\n<li>Pom\u00e1h\u00e1 zm\u00edrnit p\u0159\u00edznaky z\u00e1n\u011btu mo\u010dov\u00e9ho m\u011bch\u00fd\u0159e.<\/li>\n\n\n\n\n\n<li>Neutralizace bakteri\u00ed a sn\u00ed\u017een\u00ed z\u00e1n\u011btu.<\/li>\n\n\n\n\n\n<li>Pos\u00edlen\u00ed mo\u010dov\u00e9ho syst\u00e9mu, kter\u00e9 zabra\u0148uje opakovan\u00fdm infekc\u00edm.<\/li>\n\n<\/ul>\n\n\n\n\n\n<p>Celkov\u011b Cyto Forte vynik\u00e1 jako \u00fa\u010dinn\u00e1 podpora mo\u010dov\u00e9ho syst\u00e9mu <em>,<\/em> zejm\u00e9na v souvislosti s opakuj\u00edc\u00edmi se zdravotn\u00edmi probl\u00e9my.<\/p>\n\n\n\n\n\n<h2 class=\"wp-block-heading\">P\u0159\u00ednosy u\u017e\u00edv\u00e1n\u00ed p\u0159\u00edpravku Cyto Forte &#8211; \u00da\u010dinky<\/h2>\n\n\n\n\n\n<p>U\u017e\u00edv\u00e1n\u00ed p\u0159\u00edpravku Cyto Forte m\u00e1 mnoho <em>v\u00fdhod pro<\/em> zdrav\u00ed mo\u010dov\u00fdch cest. <b>Dopln\u011bk stravy<\/b> je zalo\u017een na p\u0159\u00edrodn\u00edch slo\u017ek\u00e1ch a je ur\u010den p\u0159edev\u0161\u00edm ke sn\u00ed\u017een\u00ed bolesti a nep\u0159\u00edjemn\u00fdch pocit\u016f, \u010d\u00edm\u017e v\u00fdrazn\u011b zlep\u0161uje celkov\u00e9 <em>zdrav\u00ed mo\u010dov\u00fdch cest<\/em>. U\u017eivatel\u00e9 r\u00e1di vyzdvihuj\u00ed pozorovan\u00e9 <em>\u00fa\u010dinky,<\/em> jako je rychlej\u0161\u00ed \u00faleva od p\u0159\u00edznak\u016f a zv\u00fd\u0161en\u00e1 odolnost v\u016f\u010di opakovan\u00fdm infekc\u00edm.<\/p>\n\n\n\n\n\n<p>Kl\u00ed\u010dov\u00e9 slo\u017eky p\u0159\u00edpravku Cyto Forte, jako je extrakt z brusinek, maj\u00ed antimikrobi\u00e1ln\u00ed <b>\u00fa\u010dinek<\/b>, kter\u00fd zabra\u0148uje usazov\u00e1n\u00ed bakteri\u00ed v mo\u010dov\u00fdch cest\u00e1ch. Trval\u00e9 u\u017e\u00edv\u00e1n\u00ed tohoto dopl\u0148ku stravy p\u0159isp\u00edv\u00e1 k eliminaci t\u011bchto patogen\u016f a sni\u017euje riziko chronick\u00fdch infekc\u00ed.<\/p>\n\n\n\n\n\n<ul class=\"wp-block-list\">\n\n<li>Sn\u00ed\u017een\u00ed bolesti a pocitu p\u00e1len\u00ed p\u0159i mo\u010den\u00ed<\/li>\n\n\n\n\n\n<li>Zlep\u0161en\u00ed pohody a celkov\u00e9ho zdravotn\u00edho stavu<\/li>\n\n\n\n\n\n<li>Sn\u00ed\u017een\u00ed n\u00e1chylnosti k opakovan\u00fdm infekc\u00edm<\/li>\n\n<\/ul>\n\n\n\n\n\n<p><b>Zp\u011btn\u00e1 vazba<\/b> u\u017eivatel\u016f potvrzuje vysokou \u00fa\u010dinnost p\u0159\u00edpravku Cyto Forte, co\u017e z n\u011bj \u010din\u00ed p\u0159\u00edznivou volbu pro ty, kte\u0159\u00ed se pot\u00fdkaj\u00ed se zdravotn\u00edmi probl\u00e9my v t\u00e9to oblasti. <b>P\u016fsoben\u00ed<\/b> dopl\u0148ku se setk\u00e1v\u00e1 s pozitivn\u00ed odezvou, zejm\u00e9na u t\u011bch, kte\u0159\u00ed se sna\u017e\u00ed zav\u00e9st p\u0159\u00edrodn\u00ed metody na podporu sv\u00e9ho zdrav\u00ed.<\/p>\n\n\n\n\n\n<figure class=\"wp-block-table\"><table class=\"has-fixed-layout\"><tbody><tr><th>V\u00fdhody<\/th><th>\u00da\u010dinky<\/th><\/tr><tr><td>Sn\u00ed\u017een\u00ed bolesti<\/td><td>Okam\u017eit\u00e1 \u00faleva od nep\u0159\u00edjemn\u00fdch pocit\u016f<\/td><\/tr><tr><td>Zlep\u0161en\u00ed zdrav\u00ed mo\u010dov\u00fdch cest<\/td><td>Vy\u0161\u0161\u00ed kvalita \u017eivota<\/td><\/tr><tr><td>Sn\u00ed\u017een\u00ed rizika recidivy<\/td><td>V\u011bt\u0161\u00ed ochrana p\u0159ed infekcemi<\/td><\/tr><\/tbody><\/table><\/figure>\n\n\n\n\n\n<p>P\u0159\u00edpravek Cyto Forte nab\u00edz\u00ed p\u0159edev\u0161\u00edm p\u0159irozen\u00fd a \u00fa\u010dinn\u00fd p\u0159\u00edstup k boji proti infekc\u00edm, tak\u017ee je ide\u00e1ln\u00ed pro ty, kte\u0159\u00ed si cen\u00ed <b>zdrav\u00ed mo\u010dov\u00fdch cest.<\/b><\/p>\n\n\n\n\n\n<h2 class=\"wp-block-heading\">D\u00e1vkov\u00e1n\u00ed p\u0159\u00edpravku Cyto Forte &#8211; Jak pou\u017e\u00edvat?<\/h2>\n\n\n\n\n\n<p><b>D\u00e1vkov\u00e1n\u00ed p\u0159\u00edpravku<\/b> Cyto Forte by m\u011blo b\u00fdt p\u0159izp\u016fsobeno individu\u00e1ln\u00edm pot\u0159eb\u00e1m a zdravotn\u00edmu stavu u\u017eivatele. Obvykle se doporu\u010duje u\u017e\u00edvat 1-2 tobolky denn\u011b a zap\u00edt dostate\u010dn\u00fdm mno\u017estv\u00edm vody. P\u0159ed zah\u00e1jen\u00edm u\u017e\u00edv\u00e1n\u00ed dopl\u0148ku je vhodn\u00e9 poradit se s l\u00e9ka\u0159em, zejm\u00e9na u osob s chronick\u00fdm onemocn\u011bn\u00edm nebo zvl\u00e1\u0161tn\u00edmi zdravotn\u00edmi pot\u0159ebami.<\/p>\n\n\n\n\n\n<p>\u00da\u010dinn\u00e9 <b>d\u00e1vkov\u00e1n\u00ed p\u0159\u00edprav<\/b> ku Cyto Forte se m\u016f\u017ee li\u0161it v z\u00e1vislosti na situaci:<\/p>\n\n\n\n\n\n<figure class=\"wp-block-table\"><table class=\"has-fixed-layout\"><tbody><tr><th>\u00da\u010del<\/th><th>D\u00e1vkov\u00e1n\u00ed<\/th><\/tr><tr><td>L\u00e9\u010debn\u00fd cyklus<\/td><td>1 tableta 2kr\u00e1t denn\u011b<\/td><\/tr><tr><td>V kombinaci s antibiotiky<\/td><td>1,5 tablety 2kr\u00e1t denn\u011b<\/td><\/tr><tr><td>Obdob\u00ed exacerbace<\/td><td>2 tablety 2kr\u00e1t denn\u011b<\/td><\/tr><tr><td>Profylakticky<\/td><td>1 tableta jednou denn\u011b<\/td><\/tr><\/tbody><\/table><\/figure>\n\n\n\n\n\n<p>Pravideln\u00e9 u\u017e\u00edv\u00e1n\u00ed p\u0159\u00edpravku Cyto Forte p\u0159in\u00e1\u0161\u00ed znateln\u00e9 v\u00fdsledky. U\u017eivatel\u00e9 mohou b\u011bhem prvn\u00edho t\u00fddne poc\u00edtit zm\u00edrn\u011bn\u00ed p\u0159\u00edznak\u016f infekce, p\u0159i\u010dem\u017e celkov\u00fd stav mo\u010dov\u00fdch cest se zlep\u0161\u00ed po dvou t\u00fddnech u\u017e\u00edv\u00e1n\u00ed. Del\u0161\u00ed u\u017e\u00edv\u00e1n\u00ed, p\u0159esahuj\u00edc\u00ed 2-3 t\u00fddny, podporuje udr\u017eov\u00e1n\u00ed kysel\u00e9ho pH mo\u010di a posiluje odolnost organismu v\u016f\u010di infekc\u00edm mo\u010dov\u00fdch cest.<\/p>\n\n\n\n\n\n<p>Na z\u00e1v\u011br je t\u0159eba upozornit, \u017ee <b>d\u00e1vkov\u00e1n\u00ed p\u0159\u00edprav<\/b> ku Cyto Forte vy\u017eaduje pozornost a dodr\u017eov\u00e1n\u00ed pokyn\u016f v\u00fdrobce. Vhodn\u00e9 u\u017e\u00edv\u00e1n\u00ed zvy\u0161uje \u00fa\u010dinnost dopl\u0148ku a p\u0159isp\u00edv\u00e1 tak ke zlep\u0161en\u00ed kvality \u017eivota z hlediska zdrav\u00ed mo\u010dov\u00fdch cest.<\/p>\n\n\n\n\n\n<h2 class=\"wp-block-heading\">Recenze a n\u00e1zory na Cyto Forte<\/h2>\n\n\n\n\n\n<p><b>Recenze na<\/b> Cyto Forte ukazuj\u00ed na vysokou spokojenost u\u017eivatel\u016f, kte\u0159\u00ed tento <b>dopln\u011bk stravy<\/b> pou\u017e\u00edvali v boji proti infekc\u00edm mo\u010dov\u00fdch cest. Mnoho recenz\u00ed poch\u00e1z\u00ed z r\u016fzn\u00fdch zem\u00ed, v\u010detn\u011b Polska, N\u011bmecka a Francie. U\u017eivatel\u00e9 zd\u016fraz\u0148uj\u00ed p\u0159\u00edrodn\u00ed <b>slo\u017een\u00ed<\/b> v\u00fdrobku a jeho rychl\u00fd <b>\u00fa\u010dinek<\/b>. Mezi recenzemi je mnoho pozitivn\u00edch zku\u0161enost\u00ed, kter\u00e9 hovo\u0159\u00ed o v\u00fdrazn\u00e9m zlep\u0161en\u00ed zdravotn\u00edho stavu v kr\u00e1tk\u00e9m \u010dasov\u00e9m obdob\u00ed.<\/p>\n\n\n\n\n\n<blockquote class=\"wp-block-quote is-layout-flow wp-block-quote-is-layout-flow\">\n\n<p>&#8222;Kdy\u017e jsem se rozhodl u\u017e\u00edvat Cyto Forte, netu\u0161il jsem, jakou \u00falevu mi tento <b>dopln\u011bk<\/b> p\u0159inese. L\u00e9ta jsem se pot\u00fdkal s probl\u00e9my s mo\u010dov\u00fdmi cestami a po dvou t\u00fddnech u\u017e\u00edv\u00e1n\u00ed jsem zaznamenal v\u00fdrazn\u00e9 zlep\u0161en\u00ed. Nep\u0159\u00edjemn\u00e9 pocity ustoupily a j\u00e1 kone\u010dn\u011b mohu norm\u00e1ln\u011b fungovat. Opravdu to funguje!&#8220; &#8211; Eva<\/p>\n\n<\/blockquote>\n\n\n\n\n\n<blockquote class=\"wp-block-quote is-layout-flow wp-block-quote-is-layout-flow\">\n\n<p>&#8222;Po dlouh\u00e9m boji s opakovan\u00fdmi infekcemi jsem s\u00e1hla po p\u0159\u00edpravku Cyto Forte. V\u00fdsledek m\u011b p\u0159\u00edjemn\u011b p\u0159ekvapil. P\u0159\u00edrodn\u00ed <b>slo\u017een\u00ed<\/b> m\u011b p\u0159esv\u011bd\u010dilo, abych si vybrala tento produkt, a <b>v\u00fdsledky<\/b> p\u0159ed\u010dily m\u00e9 o\u010dek\u00e1v\u00e1n\u00ed. Rozhodn\u011b bych ho doporu\u010dila ostatn\u00edm!&#8220; &#8211; Christopher<\/p>\n\n<\/blockquote>\n\n\n\n\n\n<blockquote class=\"wp-block-quote is-layout-flow wp-block-quote-is-layout-flow\">\n\n<p>&#8222;Pro u\u017e\u00edv\u00e1n\u00ed p\u0159\u00edpravku Cyto Forte jsem se rozhodl na z\u00e1klad\u011b pozitivn\u00edch <b>recenz\u00ed<\/b> na <b>f\u00f3ru.<\/b> Po m\u011bs\u00edci u\u017e\u00edv\u00e1n\u00ed jsem zaznamenal v\u00fdrazn\u00e9 zlep\u0161en\u00ed, zejm\u00e9na co se t\u00fd\u010de \u00falevy od p\u0159\u00edznak\u016f. Mysl\u00edm, \u017ee je to velmi dobr\u00fd produkt za p\u0159ijatelnou cenu.&#8220; &#8211; Maria<\/p>\n\n<\/blockquote>\n\n\n\n\n\n<p>U\u017eivatel\u00e9 \u010dasto upozor\u0148uj\u00ed na absenci vedlej\u0161\u00edch \u00fa\u010dink\u016f, co\u017e z p\u0159\u00edpravku Cyto Forte \u010din\u00ed ide\u00e1ln\u00ed volbu pro l\u00e9\u010debn\u00e9 i preventivn\u00ed u\u017e\u00edv\u00e1n\u00ed. Mnoz\u00ed tento dopln\u011bk doporu\u010duj\u00ed jako \u00fa\u010dinnou a ekonomickou alternativu v boji proti obt\u011b\u017euj\u00edc\u00edm infekc\u00edm mo\u010dov\u00fdch cest.<\/p>\n\n\n\n\n\n<h2 class=\"wp-block-heading\">Slo\u017een\u00ed p\u0159\u00edpravku Cyto Forte &#8211; co obsahuje?<\/h2>\n\n\n\n\n\n<p>Cyto Forte je p\u0159\u00edpravek ur\u010den\u00fd k podpo\u0159e zdrav\u00ed mo\u010dov\u00fdch cest. Jeho <b>slo\u017een\u00ed<\/b> je zalo\u017eeno na p\u0159\u00edrodn\u00edch slo\u017ek\u00e1ch ur\u010den\u00fdch k \u00fa\u010dinn\u00e9mu boji proti infekc\u00edm, zejm\u00e9na z\u00e1n\u011btu mo\u010dov\u00e9ho m\u011bch\u00fd\u0159e. Stoj\u00ed za to pod\u00edvat se na kl\u00ed\u010dov\u00e9 slo\u017eky tohoto inovativn\u00edho dopl\u0148ku stravy.<\/p>\n\n\n\n\n\n<ul class=\"wp-block-list\">\n\n<li><em>Extrakt z brusinek<\/em> &#8211; Kl\u00ed\u010dov\u00e1 slo\u017eka, kter\u00e1 je zn\u00e1m\u00e1 sv\u00fdmi ochrann\u00fdmi vlastnostmi a pom\u00e1h\u00e1 p\u0159i sni\u017eov\u00e1n\u00ed p\u0159\u00edznak\u016f z\u00e1n\u011btu mo\u010dov\u00e9ho m\u011bch\u00fd\u0159e.<\/li>\n\n\n\n\n\n<li><em>Extrakt z b\u0159\u00edzy<\/em> &#8211; Rostlina, kter\u00e1 pom\u00e1h\u00e1 detoxikovat organismus a m\u00e1 mo\u010dopudn\u00fd \u00fa\u010dinek.<\/li>\n\n\n\n\n\n<li><em>Extrakt z kop\u0159ivy<\/em> &#8211; Pom\u00e1h\u00e1 regulovat metabolismus a podporuje mo\u010dov\u00fd syst\u00e9m.<\/li>\n\n\n\n\n\n<li><em>Zinek<\/em> &#8211; Odpov\u00edd\u00e1 za podporu imunitn\u00edho syst\u00e9mu a podporuje regenera\u010dn\u00ed procesy.<\/li>\n\n\n\n\n\n<li><em>Vitam\u00edny B1, B2, B6 a E<\/em> &#8211; P\u0159isp\u00edvaj\u00ed k udr\u017een\u00ed norm\u00e1ln\u00edho fungov\u00e1n\u00ed organismu podporou metabolismu a imunitn\u00edch proces\u016f.<\/li>\n\n<\/ul>\n\n\n\n\n\n<p>Kompletn\u00ed slo\u017een\u00ed p\u0159\u00edpravku Cyto Forte je pe\u010dliv\u011b vybranou kombinac\u00ed p\u0159\u00edrodn\u00edch slo\u017eek, kter\u00e9 podporuj\u00ed <b>zdrav\u00ed<\/b> mo\u010dov\u00fdch cest a p\u016fsob\u00ed preventivn\u011b proti infekc\u00edm. P\u0159ed n\u00e1kupem d\u016frazn\u011b doporu\u010dujeme p\u0159e\u010d\u00edst si popis v\u00fdrobku na webov\u00fdch str\u00e1nk\u00e1ch v\u00fdrobce.<\/p>\n\n\n\n\n\n<figure class=\"wp-block-table\"><table class=\"has-fixed-layout\"><tbody><tr><th>Slo\u017een\u00ed<\/th><th>Vlastnosti<\/th><\/tr><tr><td>Extrakt z brusinek<\/td><td>Chr\u00e1n\u00ed mo\u010dov\u00e9 cesty, sni\u017euje p\u0159\u00edznaky z\u00e1n\u011btu<\/td><\/tr><tr><td>Extrakt z b\u0159\u00edzy<\/td><td>Detoxikace, diuretick\u00fd \u00fa\u010dinek<\/td><\/tr><tr><td>Extrakt z kop\u0159ivy<\/td><td>Podpora mo\u010dov\u00fdch cest, regulace metabolismu<\/td><\/tr><tr><td>Zinek<\/td><td>Podpora imunitn\u00edho syst\u00e9mu<\/td><\/tr><tr><td>Vitam\u00edny B1, B2, B6 a E<\/td><td>Udr\u017eov\u00e1n\u00ed norm\u00e1ln\u00edho fungov\u00e1n\u00ed organismu<\/td><\/tr><\/tbody><\/table><\/figure>\n\n\n\n\n\n<p>Stoj\u00ed za zm\u00ednku, \u017ee Cyto Forte je dostupn\u00fd bez l\u00e9ka\u0159sk\u00e9ho p\u0159edpisu a lze jej zakoupit pouze na ofici\u00e1ln\u00edch str\u00e1nk\u00e1ch v\u00fdrobce. D\u00edky sv\u00fdm p\u0159\u00edrodn\u00edm slo\u017ek\u00e1m je vhodnou volbou pro ty, kte\u0159\u00ed hledaj\u00ed \u00fa\u010dinnou a bezpe\u010dnou metodu podpory zdrav\u00ed mo\u010dov\u00fdch cest.<\/p>\n\n\n\n\n\n<h2 class=\"wp-block-heading\">Cyto Forte cena &#8211; Kde koupit?<\/h2>\n\n\n\n\n\n<p><b>Cena p\u0159\u00edpravku<\/b> Cyto Forte se m\u016f\u017ee li\u0161it v z\u00e1vislosti na aktu\u00e1ln\u00edch ak\u010dn\u00edch nab\u00eddk\u00e1ch ofici\u00e1ln\u00edho v\u00fdrobce. Pro <b>zakoupen\u00ed<\/b> tohoto dopl\u0148ku nav\u0161tivte <em>ofici\u00e1ln\u00ed webov\u00e9 str\u00e1nky<\/em> v\u00fdrobce, proto\u017ee produkt nen\u00ed k dispozici ve stacion\u00e1rn\u00edch l\u00e9k\u00e1rn\u00e1ch. N\u00e1kup p\u0159\u00edmo od v\u00fdrobce zaji\u0161\u0165uje <em>bezpe\u010dnou transakci<\/em> a zaru\u010duje pravost v\u00fdrobku.<\/p>\n\n\n\n\n\n<p>N\u00e1kup Cyto Forte pouze z ofici\u00e1ln\u00edch webov\u00fdch str\u00e1nek <em>v\u00fdrobce<\/em> minimalizuje riziko n\u00e1kupu pad\u011blk\u016f. Z\u00e1kazn\u00edci \u010dasto zd\u016fraz\u0148uj\u00ed d\u016fle\u017eitost kontroly zdroje n\u00e1kupu, aby se vyhnuli neautorizovan\u00fdm prodejc\u016fm a nespolehliv\u00fdm v\u00fdrobk\u016fm.<\/p>\n\n\n\n\n\n<h2 class=\"wp-block-heading\">Cyto Forte &#8211; Ne\u017e\u00e1douc\u00ed \u00fa\u010dinky a kontraindikace &#8211; Je to bezpe\u010dn\u00e9?<\/h2>\n\n\n\n\n\n<p>Jako <b>dopln\u011bk stravy<\/b> je Cyto Forte \u010dasto pova\u017eov\u00e1n za bezpe\u010dnou volbu pro ty, kte\u0159\u00ed bojuj\u00ed s infekcemi mo\u010dov\u00fdch cest. Obsahuje p\u0159\u00edrodn\u00ed slo\u017eky, co\u017e znamen\u00e1, \u017ee bezpe\u010dnost jeho u\u017e\u00edv\u00e1n\u00ed je obvykle vysok\u00e1. Nicm\u00e9n\u011b jako ka\u017ed\u00fd dopln\u011bk m\u016f\u017ee zp\u016fsobit n\u011bkter\u00e9 <b>ne\u017e\u00e1douc\u00ed \u00fa\u010dinky<\/b>. Nej\u010dast\u011bji jsou hl\u00e1\u0161eny alergick\u00e9 reakce, bolesti b\u0159icha a celkov\u00e9 pot\u00ed\u017ee.<\/p>\n\n\n\n\n\n<p>Ti, kte\u0159\u00ed zva\u017euj\u00ed dopln\u011bn\u00ed stravy p\u0159\u00edpravkem Cyto Forte, by si m\u011bli b\u00fdt v\u011bdomi jeho kontraindikac\u00ed. Zejm\u00e9na osoby s p\u0159ecitliv\u011blost\u00ed na n\u011bkterou ze slo\u017eek p\u0159\u00edpravku by se m\u011bly jeho u\u017e\u00edv\u00e1n\u00ed vyhnout. Tak\u00e9 t\u011bhotn\u00e9 a koj\u00edc\u00ed \u017eeny by nem\u011bly tento dopln\u011bk u\u017e\u00edvat bez p\u0159edchoz\u00ed konzultace se sv\u00fdm l\u00e9ka\u0159em. P\u0159ed zah\u00e1jen\u00edm jak\u00e9koli suplementace je v\u017edy vhodn\u00e9 poradit se s odborn\u00edkem.<\/p>\n\n\n\n\n\n<p>Z\u00e1v\u011brem lze \u0159\u00edci, \u017ee p\u0159\u00edpravek Cyto Forte m\u00e1 mnoho <b>v\u00fdhod,<\/b> ale je d\u016fle\u017eit\u00e9 si uv\u011bdomit mo\u017en\u00e9 ne\u017e\u00e1douc\u00ed \u00fa\u010dinky a kontraindikace. Spr\u00e1vn\u00e9 d\u00e1vkov\u00e1n\u00ed a konzultace s odborn\u00edkem m\u016f\u017ee zv\u00fd\u0161it bezpe\u010dnost tohoto dopl\u0148ku a pozitivn\u011b ovlivnit jeho <b>\u00fa\u010dinky<\/b>.<\/p>\n\n","protected":false},"excerpt":{"rendered":"<p><strong>[date_countdown]<\/strong><\/p>\n<p><strong><img decoding=\"async\" class=\"alignnone  wp-image-8078\" src=\"https:\/\/www.mojeplazma.cz\/farmacie\/wp-content\/uploads\/2024\/10\/SAFE-PAY-300x88-1.png\" alt=\"SAFE-PAY-300x88\" width=\"154\" height=\"45\" \/><\/strong><\/p>\n","protected":false},"featured_media":4234,"comment_status":"open","ping_status":"closed","template":"","meta":{"neve_meta_sidebar":"","neve_meta_container":"","neve_meta_enable_content_width":"","neve_meta_content_width":0,"neve_meta_title_alignment":"","neve_meta_author_avatar":"","neve_post_elements_order":"","neve_meta_disable_header":"","neve_meta_disable_footer":"","neve_meta_disable_title":"","neve_meta_reading_time":""},"product_brand":[],"product_cat":[15],"product_tag":[],"class_list":{"0":"post-4189","1":"product","2":"type-product","3":"status-publish","4":"has-post-thumbnail","6":"product_cat-zdravi","8":"first","9":"instock","10":"sale","11":"shipping-taxable","12":"product-type-external"},"yoast_head":"<!-- This site is optimized with the Yoast SEO plugin v27.3 - https:\/\/yoast.com\/product\/yoast-seo-wordpress\/ -->\n<title>Cyto Forte - Recenze, L\u00e9k\u00e1rna, Cena - 50%, F\u00f3rum, \u00da\u010dinky | 2026<\/title>\n<meta name=\"robots\" content=\"index, follow, max-snippet:-1, max-image-preview:large, max-video-preview:-1\" \/>\n<link rel=\"canonical\" href=\"https:\/\/www.mojeplazma.cz\/farmacie\/farmacie\/cyto-forte\/\" \/>\n<meta property=\"og:locale\" content=\"cs_CZ\" \/>\n<meta property=\"og:type\" content=\"article\" \/>\n<meta property=\"og:title\" content=\"Cyto Forte - Recenze, L\u00e9k\u00e1rna, Cena - 50%, F\u00f3rum, \u00da\u010dinky | 2026\" \/>\n<meta property=\"og:url\" content=\"https:\/\/www.mojeplazma.cz\/farmacie\/farmacie\/cyto-forte\/\" \/>\n<meta property=\"og:site_name\" content=\"MojePlazma\" \/>\n<meta property=\"article:modified_time\" content=\"2024-11-13T10:22:18+00:00\" \/>\n<meta property=\"og:image\" content=\"https:\/\/www.mojeplazma.cz\/farmacie\/wp-content\/uploads\/2024\/10\/Cyto-Forte.jpg\" \/>\n\t<meta property=\"og:image:width\" content=\"768\" \/>\n\t<meta property=\"og:image:height\" content=\"768\" \/>\n\t<meta property=\"og:image:type\" content=\"image\/jpeg\" \/>\n<meta name=\"twitter:card\" content=\"summary_large_image\" \/>\n<meta name=\"twitter:description\" content=\"[date_countdown]\" \/>\n<meta name=\"twitter:label1\" content=\"Odhadovan\u00e1 doba \u010dten\u00ed\" \/>\n\t<meta name=\"twitter:data1\" content=\"7 minut\" \/>\n<script type=\"application\/ld+json\" class=\"yoast-schema-graph\">{\"@context\":\"https:\\\/\\\/schema.org\",\"@graph\":[{\"@type\":\"WebPage\",\"@id\":\"https:\\\/\\\/www.mojeplazma.cz\\\/farmacie\\\/farmacie\\\/cyto-forte\\\/\",\"url\":\"https:\\\/\\\/www.mojeplazma.cz\\\/farmacie\\\/farmacie\\\/cyto-forte\\\/\",\"name\":\"Cyto Forte - Recenze, L\u00e9k\u00e1rna, Cena - 50%, F\u00f3rum, \u00da\u010dinky | 2026\",\"isPartOf\":{\"@id\":\"https:\\\/\\\/www.mojeplazma.cz\\\/farmacie\\\/#website\"},\"primaryImageOfPage\":{\"@id\":\"https:\\\/\\\/www.mojeplazma.cz\\\/farmacie\\\/farmacie\\\/cyto-forte\\\/#primaryimage\"},\"image\":{\"@id\":\"https:\\\/\\\/www.mojeplazma.cz\\\/farmacie\\\/farmacie\\\/cyto-forte\\\/#primaryimage\"},\"thumbnailUrl\":\"https:\\\/\\\/www.mojeplazma.cz\\\/farmacie\\\/wp-content\\\/uploads\\\/2024\\\/10\\\/Cyto-Forte.jpg\",\"datePublished\":\"2024-10-10T16:28:27+00:00\",\"dateModified\":\"2024-11-13T10:22:18+00:00\",\"breadcrumb\":{\"@id\":\"https:\\\/\\\/www.mojeplazma.cz\\\/farmacie\\\/farmacie\\\/cyto-forte\\\/#breadcrumb\"},\"inLanguage\":\"cs\",\"potentialAction\":[{\"@type\":\"ReadAction\",\"target\":[\"https:\\\/\\\/www.mojeplazma.cz\\\/farmacie\\\/farmacie\\\/cyto-forte\\\/\"]}]},{\"@type\":\"ImageObject\",\"inLanguage\":\"cs\",\"@id\":\"https:\\\/\\\/www.mojeplazma.cz\\\/farmacie\\\/farmacie\\\/cyto-forte\\\/#primaryimage\",\"url\":\"https:\\\/\\\/www.mojeplazma.cz\\\/farmacie\\\/wp-content\\\/uploads\\\/2024\\\/10\\\/Cyto-Forte.jpg\",\"contentUrl\":\"https:\\\/\\\/www.mojeplazma.cz\\\/farmacie\\\/wp-content\\\/uploads\\\/2024\\\/10\\\/Cyto-Forte.jpg\",\"width\":768,\"height\":768},{\"@type\":\"BreadcrumbList\",\"@id\":\"https:\\\/\\\/www.mojeplazma.cz\\\/farmacie\\\/farmacie\\\/cyto-forte\\\/#breadcrumb\",\"itemListElement\":[{\"@type\":\"ListItem\",\"position\":1,\"name\":\"Strona g\u0142\u00f3wna\",\"item\":\"https:\\\/\\\/www.mojeplazma.cz\\\/farmacie\\\/\"},{\"@type\":\"ListItem\",\"position\":2,\"name\":\"farmacie\",\"item\":\"https:\\\/\\\/www.mojeplazma.cz\\\/farmacie\\\/\"},{\"@type\":\"ListItem\",\"position\":3,\"name\":\"Cyto Forte\"}]},{\"@type\":\"WebSite\",\"@id\":\"https:\\\/\\\/www.mojeplazma.cz\\\/farmacie\\\/#website\",\"url\":\"https:\\\/\\\/www.mojeplazma.cz\\\/farmacie\\\/\",\"name\":\"mojeplazma.cz\",\"description\":\"\",\"potentialAction\":[{\"@type\":\"SearchAction\",\"target\":{\"@type\":\"EntryPoint\",\"urlTemplate\":\"https:\\\/\\\/www.mojeplazma.cz\\\/farmacie\\\/?s={search_term_string}\"},\"query-input\":{\"@type\":\"PropertyValueSpecification\",\"valueRequired\":true,\"valueName\":\"search_term_string\"}}],\"inLanguage\":\"cs\"}]}<\/script>\n<!-- \/ Yoast SEO plugin. -->","yoast_head_json":{"title":"Cyto Forte - Recenze, L\u00e9k\u00e1rna, Cena - 50%, F\u00f3rum, \u00da\u010dinky | 2026","robots":{"index":"index","follow":"follow","max-snippet":"max-snippet:-1","max-image-preview":"max-image-preview:large","max-video-preview":"max-video-preview:-1"},"canonical":"https:\/\/www.mojeplazma.cz\/farmacie\/farmacie\/cyto-forte\/","og_locale":"cs_CZ","og_type":"article","og_title":"Cyto Forte - Recenze, L\u00e9k\u00e1rna, Cena - 50%, F\u00f3rum, \u00da\u010dinky | 2026","og_url":"https:\/\/www.mojeplazma.cz\/farmacie\/farmacie\/cyto-forte\/","og_site_name":"MojePlazma","article_modified_time":"2024-11-13T10:22:18+00:00","og_image":[{"width":768,"height":768,"url":"https:\/\/www.mojeplazma.cz\/farmacie\/wp-content\/uploads\/2024\/10\/Cyto-Forte.jpg","type":"image\/jpeg"}],"twitter_card":"summary_large_image","twitter_description":"[date_countdown]","twitter_misc":{"Odhadovan\u00e1 doba \u010dten\u00ed":"7 minut"},"schema":{"@context":"https:\/\/schema.org","@graph":[{"@type":"WebPage","@id":"https:\/\/www.mojeplazma.cz\/farmacie\/farmacie\/cyto-forte\/","url":"https:\/\/www.mojeplazma.cz\/farmacie\/farmacie\/cyto-forte\/","name":"Cyto Forte - Recenze, L\u00e9k\u00e1rna, Cena - 50%, F\u00f3rum, \u00da\u010dinky | 2026","isPartOf":{"@id":"https:\/\/www.mojeplazma.cz\/farmacie\/#website"},"primaryImageOfPage":{"@id":"https:\/\/www.mojeplazma.cz\/farmacie\/farmacie\/cyto-forte\/#primaryimage"},"image":{"@id":"https:\/\/www.mojeplazma.cz\/farmacie\/farmacie\/cyto-forte\/#primaryimage"},"thumbnailUrl":"https:\/\/www.mojeplazma.cz\/farmacie\/wp-content\/uploads\/2024\/10\/Cyto-Forte.jpg","datePublished":"2024-10-10T16:28:27+00:00","dateModified":"2024-11-13T10:22:18+00:00","breadcrumb":{"@id":"https:\/\/www.mojeplazma.cz\/farmacie\/farmacie\/cyto-forte\/#breadcrumb"},"inLanguage":"cs","potentialAction":[{"@type":"ReadAction","target":["https:\/\/www.mojeplazma.cz\/farmacie\/farmacie\/cyto-forte\/"]}]},{"@type":"ImageObject","inLanguage":"cs","@id":"https:\/\/www.mojeplazma.cz\/farmacie\/farmacie\/cyto-forte\/#primaryimage","url":"https:\/\/www.mojeplazma.cz\/farmacie\/wp-content\/uploads\/2024\/10\/Cyto-Forte.jpg","contentUrl":"https:\/\/www.mojeplazma.cz\/farmacie\/wp-content\/uploads\/2024\/10\/Cyto-Forte.jpg","width":768,"height":768},{"@type":"BreadcrumbList","@id":"https:\/\/www.mojeplazma.cz\/farmacie\/farmacie\/cyto-forte\/#breadcrumb","itemListElement":[{"@type":"ListItem","position":1,"name":"Strona g\u0142\u00f3wna","item":"https:\/\/www.mojeplazma.cz\/farmacie\/"},{"@type":"ListItem","position":2,"name":"farmacie","item":"https:\/\/www.mojeplazma.cz\/farmacie\/"},{"@type":"ListItem","position":3,"name":"Cyto Forte"}]},{"@type":"WebSite","@id":"https:\/\/www.mojeplazma.cz\/farmacie\/#website","url":"https:\/\/www.mojeplazma.cz\/farmacie\/","name":"mojeplazma.cz","description":"","potentialAction":[{"@type":"SearchAction","target":{"@type":"EntryPoint","urlTemplate":"https:\/\/www.mojeplazma.cz\/farmacie\/?s={search_term_string}"},"query-input":{"@type":"PropertyValueSpecification","valueRequired":true,"valueName":"search_term_string"}}],"inLanguage":"cs"}]}},"_links":{"self":[{"href":"https:\/\/www.mojeplazma.cz\/farmacie\/wp-json\/wp\/v2\/product\/4189","targetHints":{"allow":["GET"]}}],"collection":[{"href":"https:\/\/www.mojeplazma.cz\/farmacie\/wp-json\/wp\/v2\/product"}],"about":[{"href":"https:\/\/www.mojeplazma.cz\/farmacie\/wp-json\/wp\/v2\/types\/product"}],"replies":[{"embeddable":true,"href":"https:\/\/www.mojeplazma.cz\/farmacie\/wp-json\/wp\/v2\/comments?post=4189"}],"wp:featuredmedia":[{"embeddable":true,"href":"https:\/\/www.mojeplazma.cz\/farmacie\/wp-json\/wp\/v2\/media\/4234"}],"wp:attachment":[{"href":"https:\/\/www.mojeplazma.cz\/farmacie\/wp-json\/wp\/v2\/media?parent=4189"}],"wp:term":[{"taxonomy":"product_brand","embeddable":true,"href":"https:\/\/www.mojeplazma.cz\/farmacie\/wp-json\/wp\/v2\/product_brand?post=4189"},{"taxonomy":"product_cat","embeddable":true,"href":"https:\/\/www.mojeplazma.cz\/farmacie\/wp-json\/wp\/v2\/product_cat?post=4189"},{"taxonomy":"product_tag","embeddable":true,"href":"https:\/\/www.mojeplazma.cz\/farmacie\/wp-json\/wp\/v2\/product_tag?post=4189"}],"curies":[{"name":"wp","href":"https:\/\/api.w.org\/{rel}","templated":true}]}}