{"id":4216,"date":"2024-10-10T16:28:48","date_gmt":"2024-10-10T16:28:48","guid":{"rendered":"https:\/\/www.mojeplazma.cz\/farmacie\/?post_type=product&#038;p=4216"},"modified":"2024-11-17T15:02:27","modified_gmt":"2024-11-17T15:02:27","slug":"delislim","status":"publish","type":"product","link":"https:\/\/www.mojeplazma.cz\/farmacie\/farmacie\/delislim\/","title":{"rendered":"Delislim"},"content":{"rendered":"\n<h2 class=\"wp-block-heading\">Co je Delislim a jak funguje?<\/h2>\n\n\n\n<p>Delislim je \u0161pi\u010dkov\u00fd dopln\u011bk stravy, kter\u00fd byl vytvo\u0159en pro lidi, kte\u0159\u00ed cht\u011bj\u00ed zhubnout \u00fa\u010dinn\u00fdm a bezpe\u010dn\u00fdm zp\u016fsobem. Jeho <em>d p\u016fsoben\u00ed<\/em> se zam\u011b\u0159uje na uveden\u00ed t\u011bla do stavu <em>ket\u00f3zy<\/em>, co\u017e n\u00e1sledn\u011b umo\u017e\u0148uje spalov\u00e1n\u00ed tukov\u00e9 tk\u00e1n\u011b jako hlavn\u00edho zdroje energie. V\u00fdsledkem je v\u00fdrazn\u00e1 podpora hubnut\u00ed a u\u017eivatel\u00e9 mohou dos\u00e1hnout sv\u00fdch c\u00edl\u016f v kr\u00e1tk\u00e9 dob\u011b.<\/p>\n\n\n\n<p>Slo\u017een\u00ed p\u0159\u00edpravku Delislim obsahuje slo\u017eky, kter\u00e9 podporuj\u00ed <em>optimalizaci metabolismu<\/em>. D\u00edky pou\u017eit\u00ed p\u0159\u00edrodn\u00edch l\u00e1tek dok\u00e1\u017ee p\u0159\u00edpravek \u00fa\u010dinn\u011b kontrolovat chu\u0165 k j\u00eddlu a eliminovat pocit hladu. Pravideln\u00e9 u\u017e\u00edv\u00e1n\u00ed dopl\u0148ku podporuje hubnut\u00ed, p\u0159i\u010dem\u017e mnoho lid\u00ed uv\u00e1d\u00ed, \u017ee zhubli a\u017e 15 kg za pouh\u00e9 4 t\u00fddny.<\/p>\n\n\n\n<p>Delislim je vhodn\u00fd pro mu\u017ee i \u017eeny a jeho <b>u\u017e\u00edv\u00e1n\u00ed<\/b> nevy\u017eaduje l\u00e9ka\u0159sk\u00fd p\u0159edpis. Doporu\u010duje se u\u017e\u00edvat 3 kapsle denn\u011b, 30 minut p\u0159ed j\u00eddlem. P\u0159\u00edpravek m\u00e1 mnoho p\u0159\u00edzniv\u00fdch vlastnost\u00ed, v\u010detn\u011b lipolytick\u00fdch, anticelulitidn\u00edch a nutri\u010dn\u00edch, co\u017e z n\u011bj \u010din\u00ed kompletn\u00ed podporu v boji proti nadv\u00e1ze.<\/p>\n\n\n\n<figure class=\"wp-block-table\"><table class=\"has-fixed-layout\"><tbody><tr><th>Slo\u017een\u00ed<\/th><th>Popis<\/th><\/tr><tr><td>Acetyl-L-karnitin<\/td><td>Podporuje proces spalov\u00e1n\u00ed tuk\u016f a dod\u00e1v\u00e1 energii.<\/td><\/tr><tr><td>Kyselina linolov\u00e1<\/td><td>Pom\u00e1h\u00e1 regulovat metabolismus lipid\u016f.<\/td><\/tr><tr><td>Extrakt ze zelen\u00e9ho \u010daje<\/td><td>M\u00e1 antioxida\u010dn\u00ed vlastnosti a podporuje hubnut\u00ed.<\/td><\/tr><tr><td>Niacin<\/td><td>Podporuje udr\u017eov\u00e1n\u00ed zdrav\u00e9 hladiny cholesterolu a metabolismus.<\/td><\/tr><\/tbody><\/table><\/figure>\n\n\n\n<h2 class=\"wp-block-heading\">V\u00fdhody u\u017e\u00edv\u00e1n\u00ed p\u0159\u00edpravku Delislim &#8211; \u00da\u010dinky<\/h2>\n\n\n\n<p><b>U\u017e\u00edv\u00e1n\u00ed p\u0159\u00edpravku<\/b> Delislim m\u00e1 mnoho <em>v\u00fdhod pro<\/em> ty, kte\u0159\u00ed usiluj\u00ed o <em>sn\u00ed\u017een\u00ed hmotnosti<\/em>. Dopln\u011bk stravy je ur\u010den ke zlep\u0161en\u00ed metabolismu a sn\u00ed\u017een\u00ed chuti k j\u00eddlu, co\u017e podporuje sn\u00ed\u017een\u00ed p\u0159\u00edjmu kalori\u00ed a zrychlen\u00e9 spalov\u00e1n\u00ed tuk\u016f. Pravideln\u00e9 u\u017e\u00edv\u00e1n\u00ed p\u0159\u00edpravku Delislim m\u016f\u017ee p\u0159in\u00e9st v\u00fdznamn\u00e9 <em>v\u00fdsledky u\u017e\u00edv\u00e1n\u00ed<\/em> a u\u017eivatel\u00e9 \u010dasto zaznamen\u00e1vaj\u00ed zv\u00fd\u0161en\u00ed hladiny <em>energie<\/em>.<\/p>\n\n\n\n<ul class=\"wp-block-list\">\n<li>Ztr\u00e1ta nadv\u00e1hy d\u00edky termogenn\u00edmu \u00fa\u010dinku extraktu z Garcinia Cambogia.<\/li>\n\n\n\n<li>Podpora metabolick\u00fdch proces\u016f, kter\u00e1 m\u016f\u017ee v\u00e9st ke zv\u00fd\u0161en\u00ed <em>energie<\/em>.<\/li>\n\n\n\n<li>Sn\u00ed\u017een\u00ed chuti na mls\u00e1n\u00ed, co\u017e pom\u00e1h\u00e1 udr\u017eovat zdravou stravu.<\/li>\n\n\n\n<li>Inhibice enzymu, kter\u00fd p\u0159em\u011b\u0148uje sacharidy na tuky, co\u017e zvy\u0161uje \u00fa\u010dinnost spalov\u00e1n\u00ed kalori\u00ed.<\/li>\n\n\n\n<li>Dodate\u010dn\u00e1 p\u0159\u00edtomnost vitaminu B6, kter\u00fd podporuje p\u0159em\u011bnu potravy na <em>energii<\/em>.<\/li>\n<\/ul>\n\n\n\n<p>U\u017eivatel\u00e9 Delislimu \u010dasto sd\u00edlej\u00ed pozitivn\u00ed zku\u0161enosti, co\u017e jen potvrzuje \u00fa\u010dinnost tohoto dopl\u0148ku v procesu <em>hubnut\u00ed<\/em>. U\u017e\u00edv\u00e1n\u00ed p\u0159\u00edpravku Delislim m\u016f\u017ee p\u0159isp\u011bt ke zlep\u0161en\u00ed celkov\u00e9 pohody a zdrav\u00ed, p\u0159isp\u00edv\u00e1 k lep\u0161\u00ed funkci srdce a sn\u00ed\u017een\u00ed rizika onemocn\u011bn\u00ed.<\/p>\n\n\n\n<h2 class=\"wp-block-heading\">Jak spr\u00e1vn\u011b pou\u017e\u00edvat Delislim &#8211; D\u00e1vkov\u00e1n\u00ed<\/h2>\n\n\n\n<p>Pro dosa\u017een\u00ed optim\u00e1ln\u00edch v\u00fdsledk\u016f je t\u0159eba u\u017e\u00edvat <b>d\u00e1vkov\u00e1n\u00ed<\/b> dopl\u0148ku stravy Delislim podle doporu\u010den\u00ed v\u00fdrobce. \u00da\u010dinn\u00e9 <b>u\u017e\u00edv\u00e1n\u00ed<\/b> zahrnuje u\u017e\u00edv\u00e1n\u00ed jedn\u00e9 kapsle dvakr\u00e1t denn\u011b, b\u011bhem j\u00eddla. M\u011bla by se u\u017e\u00edvat s velk\u00fdm mno\u017estv\u00edm vody, co\u017e m\u016f\u017ee usnadnit vst\u0159eb\u00e1v\u00e1n\u00ed \u00fa\u010dinn\u00fdch l\u00e1tek.<\/p>\n\n\n\n<p>Je d\u016fle\u017eit\u00e9, aby dopln\u011bk stravy Delislim byl \u00fazce spojen s vhodnou stravou. Ketogenn\u00ed dieta, kter\u00e1 se vyzna\u010duje n\u00edzk\u00fdm p\u0159\u00edjmem sacharid\u016f, umo\u017e\u0148uje t\u011blu p\u0159ej\u00edt do stavu ket\u00f3zy, kter\u00fd podporuje intenzivn\u00ed spalov\u00e1n\u00ed tuk\u016f. Proto m\u016f\u017ee u\u017e\u00edv\u00e1n\u00ed p\u0159\u00edpravku Delislim v kombinaci s takovou dietou p\u0159in\u00e9st lep\u0161\u00ed v\u00fdsledky p\u0159i hubnut\u00ed.<\/p>\n\n\n\n<p>N\u00ed\u017ee jsou uvedeny vzorov\u00e9 <b>pokyny pro<\/b> u\u017e\u00edv\u00e1n\u00ed p\u0159\u00edpravku Delislim v denn\u00edm pl\u00e1nu:<\/p>\n\n\n\n<ul class=\"wp-block-list\">\n<li><em>Dopoledn\u00ed j\u00eddlo<\/em>: 1 kapsle Delislim.<\/li>\n\n\n\n<li><em>Ob\u011bd<\/em>: 1 kapsle Delislim.<\/li>\n\n\n\n<li><em>Po u\u017eit\u00ed tobolky dostate\u010dn\u00e9 mno\u017estv\u00ed vody.<\/em><\/li>\n<\/ul>\n\n\n\n<p>Pravideln\u00e9 u\u017e\u00edv\u00e1n\u00ed p\u0159\u00edpravku Delislim ve spr\u00e1vn\u00e9m d\u00e1vkov\u00e1n\u00ed nejen podporuje proces hubnut\u00ed, ale tak\u00e9 p\u0159isp\u00edv\u00e1 ke zlep\u0161en\u00ed celkov\u00e9 pohody a fyzick\u00e9 v\u00fdkonnosti. Je t\u0159eba m\u00edt na pam\u011bti, \u017ee pozitivn\u00edch \u00fa\u010dink\u016f se nejl\u00e9pe dos\u00e1hne kombinac\u00ed suplementace s vhodn\u00fdm dietn\u00edm pl\u00e1nem a fyzickou aktivitou.<\/p>\n\n\n\n<h2 class=\"wp-block-heading\">Recenze a n\u00e1zory na Delislim<\/h2>\n\n\n\n<p><b>Recenze<\/b> u\u017eivatel\u016f Delislim na internetov\u00fdch f\u00f3rech jsou v drtiv\u00e9 v\u011bt\u0161in\u011b pozitivn\u00ed. U\u017eivatel\u00e9 sd\u00edlej\u00ed sv\u00e9 zku\u0161enosti s t\u00edm, jak v\u00fdrobek ovlivnil jejich \u017eivot. Marek, 40let\u00fd u\u017eivatel, dos\u00e1hl p\u016fsobiv\u00e9ho \u00fabytku hmotnosti <em>29 kg<\/em>. Sd\u00edl\u00ed: &#8222;Delislim mi pomohl v boji s nadv\u00e1hou a proces hubnut\u00ed se pro m\u011b stal pot\u011b\u0161en\u00edm. Nen\u00ed to jen dopln\u011bk stravy, je to zm\u011bna \u017eivotn\u00edho stylu!&#8220;<\/p>\n\n\n\n<p>Dal\u0161\u00ed zaj\u00edmav\u00fd n\u00e1zor prezentuje 38let\u00e1 Marta, kter\u00e1 zaznamenala \u00fabytek <em>9 kg<\/em>. &#8222;V\u017edycky jsem m\u011bla probl\u00e9m s chut\u00ed k j\u00eddlu. D\u00edky Delislimu se mi sn\u00ed\u017eila chu\u0165 na sladk\u00e9, co\u017e m\u011b p\u0159ekvapilo. Nyn\u00ed se c\u00edt\u00edm lehk\u00e1 a pln\u00e1 energie!&#8220;<\/p>\n\n\n\n<p>Pozitivn\u00ed v\u00fdsledky zaznamenala tak\u00e9 49let\u00e1 u\u017eivatelka Elizabeth, kter\u00e1 zhubla <em>15 kg<\/em>. Ve sv\u00e9 recenzi uv\u00e1d\u00ed: &#8222;Delislim je velmi \u00fa\u010dinn\u00fd: &#8222;U\u017e\u00edv\u00e1n\u00ed p\u0159\u00edpravku Delislim mi p\u0159ineslo \u00falevu. Zmen\u0161ily se mi otoky nohou a m\u00e1m v\u011bt\u0161\u00ed chu\u0165 b\u00fdt fyzicky aktivn\u00ed. Vid\u00edm skute\u010dn\u00fd rozd\u00edl!&#8220;<\/p>\n\n\n\n<p>Podobn\u00fdch recenz\u00ed a zku\u0161enost\u00ed najdete na <b>f\u00f3ru<\/b> mnoho. U\u017eivatel\u00e9 oce\u0148uj\u00ed p\u0159\u00edpravek Delislim pro jeho \u00fa\u010dinnost a p\u0159\u00edjemnost p\u0159i pou\u017e\u00edv\u00e1n\u00ed. Mnoz\u00ed dokazuj\u00ed, \u017ee ji\u017e po n\u011bkolika dnech u\u017e\u00edv\u00e1n\u00ed poc\u00edtili pozitivn\u00ed zm\u011bny, jako je zv\u00fd\u0161en\u00ed energie a chu\u0165 do cvi\u010den\u00ed.<\/p>\n\n\n\n<h2 class=\"wp-block-heading\">Delislim &#8211; slo\u017een\u00ed &#8211; co obsahuje?<\/h2>\n\n\n\n<p>Delislim se vyzna\u010duje jedine\u010dn\u00fdm slo\u017een\u00edm, kter\u00e9 obsahuje \u0159adu <b>\u00fa\u010dinn\u00fdch l\u00e1tek<\/b> a <b>rostlinn\u00fdch extrakt\u016f<\/b> podporuj\u00edc\u00edch hubnut\u00ed. Hlavn\u00ed \u00fa\u010dinnou l\u00e1tkou je beta-hydroxybutyr\u00e1t (BHB), kter\u00fd podporuje t\u011blo v dosa\u017een\u00ed stavu ket\u00f3zy, \u010d\u00edm\u017e urychluje metabolismus tuk\u016f. P\u0159\u00edpravek je obohacen o <em>rostlinn\u00e9 extrakty<\/em>, v\u010detn\u011b guavy, zelen\u00e9ho \u010daje a extraktu z ho\u0159k\u00e9ho pomeran\u010de. Ka\u017ed\u00e1 z t\u011bchto slo\u017eek p\u0159isp\u00edv\u00e1 ke zlep\u0161en\u00ed metabolismu a udr\u017een\u00ed hladiny energie, co\u017e je kl\u00ed\u010dov\u00e9 pro hubnut\u00ed.<\/p>\n\n\n\n<p>N\u00ed\u017ee uveden\u00e1 tabulka uv\u00e1d\u00ed hlavn\u00ed slo\u017eky a jejich <b>\u00fa\u010dinky<\/b>:<\/p>\n\n\n\n<figure class=\"wp-block-table\"><table class=\"has-fixed-layout\"><tbody><tr><th>Slo\u017een\u00ed<\/th><th>\u00da\u010dinek<\/th><\/tr><tr><td>Beta-hydroxybutyr\u00e1t (BHB)<\/td><td>Stimuluje proces ket\u00f3zy<\/td><\/tr><tr><td>Extrakt ze zelen\u00e9ho \u010daje<\/td><td>Urychluje metabolismus, antioxida\u010dn\u00ed \u00fa\u010dinek<\/td><\/tr><tr><td>Extrakt z garcinie kambod\u017esk\u00e9<\/td><td>Kontroluje chu\u0165 k j\u00eddlu, podporuje spalov\u00e1n\u00ed tuk\u016f<\/td><\/tr><tr><td>Extrakt z ovoce a\u00e7ai<\/td><td>Zdroj antioxidant\u016f, podporuje metabolismus<\/td><\/tr><tr><td>\u017den\u0161enov\u00fd extrakt<\/td><td>zvy\u0161uje energii a celkovou kondici organismu<\/td><\/tr><tr><td>Extrakt ze sko\u0159ice<\/td><td>Reguluje hladinu cukru v krvi<\/td><\/tr><tr><td>Chrom<\/td><td>Podporuje metabolismus sacharid\u016f<\/td><\/tr><\/tbody><\/table><\/figure>\n\n\n\n<p>Pravideln\u00e9 u\u017e\u00edv\u00e1n\u00ed p\u0159\u00edpravku Delislim, kter\u00fd obsahuje tyto <em>\u00fa\u010dinn\u00e9 l\u00e1tky<\/em>, m\u016f\u017ee p\u0159in\u00e9st m\u011b\u0159iteln\u00e9 v\u00fdsledky p\u0159i sni\u017eov\u00e1n\u00ed hmotnosti i p\u0159i kontrole chuti k j\u00eddlu. P\u0159\u00edrodn\u00ed <em>rostlinn\u00e9 v\u00fdta\u017eky z<\/em> tohoto dopl\u0148ku stravy minimalizuj\u00ed riziko mo\u017en\u00fdch vedlej\u0161\u00edch \u00fa\u010dink\u016f, tak\u017ee Delislim je atraktivn\u00ed volbou pro ty, kte\u0159\u00ed hledaj\u00ed bezpe\u010dn\u00e9 metody hubnut\u00ed.<\/p>\n\n\n\n<h2 class=\"wp-block-heading\">Kde koupit a kolik stoj\u00ed Delislim &#8211; cena<\/h2>\n\n\n\n<p>Delislim je k dispozici pouze z <em>ofici\u00e1ln\u00edch str\u00e1nek v\u00fdrobce<\/em>. Tato volba zaji\u0161\u0165uje pravost v\u00fdrobku a mo\u017enost vyu\u017e\u00edt v t\u00e9 dob\u011b dostupn\u00fdch <em>propaga\u010dn\u00edch akc\u00ed<\/em>. Stoj\u00ed za to sledovat aktu\u00e1ln\u00ed nab\u00eddky, proto\u017ee <em>cena<\/em> Delislim se m\u016f\u017ee li\u0161it v z\u00e1vislosti na akci.<\/p>\n\n\n\n<p><b>N\u00e1kup<\/b> tohoto produktu ve stacion\u00e1rn\u00edch l\u00e9k\u00e1rn\u00e1ch nen\u00ed mo\u017en\u00fd a jin\u00e9 popul\u00e1rn\u00ed platformy elektronick\u00e9ho obchodu tak\u00e9 nenab\u00edzej\u00ed Delislim. Chcete-li se ujistit, \u017ee kupujete origin\u00e1ln\u00ed v\u00fdrobek za nejlep\u0161\u00ed cenu, doporu\u010duje se nav\u0161t\u00edvit <em>ofici\u00e1ln\u00ed webov\u00e9 str\u00e1nky v\u00fdrobce<\/em>.<\/p>\n\n\n\n<p>S v\u00fd\u0161e uveden\u00fdmi informacemi je rozhodov\u00e1n\u00ed o tom, <em>kde koupit<\/em> Delislim a jak\u00e1 je jeho <em>cena<\/em>, snaz\u0161\u00ed. V\u017edy je dobr\u00e9 db\u00e1t na kvalitu n\u00e1kupu a vybrat si <em>ofici\u00e1ln\u00edho v\u00fdrobce<\/em>.<\/p>\n\n\n\n<h2 class=\"wp-block-heading\">Mo\u017en\u00e9 ne\u017e\u00e1douc\u00ed \u00fa\u010dinky a kontraindikace p\u0159\u00edpravku Delislim<\/h2>\n\n\n\n<p>Delislim byl vyvinut s ohledem na bezpe\u010dnost a \u00fa\u010dinnost, i kdy\u017e jako ka\u017ed\u00fd dopln\u011bk stravy m\u016f\u017ee u n\u011bkter\u00fdch lid\u00ed vyvolat <b>ne\u017e\u00e1douc\u00ed \u00fa\u010dinky<\/b>. Stoj\u00ed za zm\u00ednku, \u017ee u v\u011bt\u0161iny u\u017eivatel\u016f nebyly hl\u00e1\u0161eny \u017e\u00e1dn\u00e9 z\u00e1va\u017en\u00e9 vedlej\u0161\u00ed \u00fa\u010dinky. Bez ohledu na to je vhodn\u00e9 se p\u0159ed zah\u00e1jen\u00edm l\u00e9\u010dby poradit s l\u00e9ka\u0159em, zejm\u00e9na v p\u0159\u00edpadech lid\u00ed s existuj\u00edc\u00edmi zdravotn\u00edmi kontraindikacemi.<\/p>\n\n\n\n<p>Lid\u00e9 se srde\u010dn\u00edm onemocn\u011bn\u00edm, cukrovkou, t\u011bhotn\u00e9 \u017eeny a koj\u00edc\u00ed matky by m\u011bli b\u00fdt obzvl\u00e1\u0161t\u011b pozorn\u00ed na potenci\u00e1ln\u00ed nebezpe\u010d\u00ed neuv\u00e1\u017een\u00e9ho u\u017e\u00edv\u00e1n\u00ed dopl\u0148k\u016f. Tyto osoby by m\u011bly prov\u00e9st d\u016fkladnou anal\u00fdzu sv\u00e9ho stavu a z\u00edskat solidn\u00ed odborn\u00e9 stanovisko. <b>Bezpe\u010dnost<\/b> u\u017e\u00edv\u00e1n\u00ed p\u0159\u00edpravku Delislim by m\u011bla b\u00fdt prioritou pro ka\u017ed\u00e9ho, kdo pl\u00e1nuje zah\u00e1jit tuto formu podpory hubnut\u00ed.<\/p>\n\n\n\n<p>Nezapome\u0148te, \u017ee \u0159\u00e1dn\u00e9 pou\u010den\u00ed o ne\u017e\u00e1douc\u00edch \u00fa\u010dinc\u00edch a kontraindikac\u00edch je z\u00e1sadn\u00ed. Spr\u00e1vn\u00fdm p\u0159\u00edstupem lze minimalizovat riziko negativn\u00edch reakc\u00ed organismu, co\u017e v\u00e1m umo\u017en\u00ed \u00fa\u010dinn\u011b vyu\u017e\u00edvat vlastnosti p\u0159\u00edpravku Delislim p\u0159i snaze o z\u00edsk\u00e1n\u00ed vysn\u011bn\u00e9 postavy.<\/p>\n","protected":false},"excerpt":{"rendered":"<p><strong>[date_countdown]<\/strong><\/p>\n<p><strong><img decoding=\"async\" class=\"alignnone  wp-image-8078\" src=\"https:\/\/www.mojeplazma.cz\/farmacie\/wp-content\/uploads\/2024\/10\/SAFE-PAY-300x88-1.png\" alt=\"SAFE-PAY-300x88\" width=\"154\" height=\"45\" \/><\/strong><\/p>\n","protected":false},"featured_media":4244,"comment_status":"open","ping_status":"closed","template":"","meta":{"neve_meta_sidebar":"","neve_meta_container":"","neve_meta_enable_content_width":"","neve_meta_content_width":0,"neve_meta_title_alignment":"","neve_meta_author_avatar":"","neve_post_elements_order":"","neve_meta_disable_header":"","neve_meta_disable_footer":"","neve_meta_disable_title":"","neve_meta_reading_time":""},"product_brand":[],"product_cat":[18],"product_tag":[],"class_list":{"0":"post-4216","1":"product","2":"type-product","3":"status-publish","4":"has-post-thumbnail","6":"product_cat-hubnuti","8":"first","9":"instock","10":"sale","11":"shipping-taxable","12":"product-type-external"},"yoast_head":"<!-- This site is optimized with the Yoast SEO plugin v27.3 - https:\/\/yoast.com\/product\/yoast-seo-wordpress\/ -->\n<title>Delislim - Recenze, L\u00e9k\u00e1rna, Cena - 50%, F\u00f3rum, \u00da\u010dinky | 2026<\/title>\n<meta name=\"robots\" content=\"index, follow, max-snippet:-1, max-image-preview:large, max-video-preview:-1\" \/>\n<link rel=\"canonical\" href=\"https:\/\/www.mojeplazma.cz\/farmacie\/farmacie\/delislim\/\" \/>\n<meta property=\"og:locale\" content=\"cs_CZ\" \/>\n<meta property=\"og:type\" content=\"article\" \/>\n<meta property=\"og:title\" content=\"Delislim - Recenze, L\u00e9k\u00e1rna, Cena - 50%, F\u00f3rum, \u00da\u010dinky | 2026\" \/>\n<meta property=\"og:url\" content=\"https:\/\/www.mojeplazma.cz\/farmacie\/farmacie\/delislim\/\" \/>\n<meta property=\"og:site_name\" content=\"MojePlazma\" \/>\n<meta property=\"article:modified_time\" content=\"2024-11-17T15:02:27+00:00\" \/>\n<meta property=\"og:image\" content=\"https:\/\/www.mojeplazma.cz\/farmacie\/wp-content\/uploads\/2024\/10\/Delislim.jpg\" \/>\n\t<meta property=\"og:image:width\" content=\"768\" \/>\n\t<meta property=\"og:image:height\" content=\"768\" \/>\n\t<meta property=\"og:image:type\" content=\"image\/jpeg\" \/>\n<meta name=\"twitter:card\" content=\"summary_large_image\" \/>\n<meta name=\"twitter:description\" content=\"[date_countdown]\" \/>\n<meta name=\"twitter:label1\" content=\"Odhadovan\u00e1 doba \u010dten\u00ed\" \/>\n\t<meta name=\"twitter:data1\" content=\"1 minuta\" \/>\n<script type=\"application\/ld+json\" class=\"yoast-schema-graph\">{\"@context\":\"https:\\\/\\\/schema.org\",\"@graph\":[{\"@type\":\"WebPage\",\"@id\":\"https:\\\/\\\/www.mojeplazma.cz\\\/farmacie\\\/farmacie\\\/delislim\\\/\",\"url\":\"https:\\\/\\\/www.mojeplazma.cz\\\/farmacie\\\/farmacie\\\/delislim\\\/\",\"name\":\"Delislim - Recenze, L\u00e9k\u00e1rna, Cena - 50%, F\u00f3rum, \u00da\u010dinky | 2026\",\"isPartOf\":{\"@id\":\"https:\\\/\\\/www.mojeplazma.cz\\\/farmacie\\\/#website\"},\"primaryImageOfPage\":{\"@id\":\"https:\\\/\\\/www.mojeplazma.cz\\\/farmacie\\\/farmacie\\\/delislim\\\/#primaryimage\"},\"image\":{\"@id\":\"https:\\\/\\\/www.mojeplazma.cz\\\/farmacie\\\/farmacie\\\/delislim\\\/#primaryimage\"},\"thumbnailUrl\":\"https:\\\/\\\/www.mojeplazma.cz\\\/farmacie\\\/wp-content\\\/uploads\\\/2024\\\/10\\\/Delislim.jpg\",\"datePublished\":\"2024-10-10T16:28:48+00:00\",\"dateModified\":\"2024-11-17T15:02:27+00:00\",\"breadcrumb\":{\"@id\":\"https:\\\/\\\/www.mojeplazma.cz\\\/farmacie\\\/farmacie\\\/delislim\\\/#breadcrumb\"},\"inLanguage\":\"cs\",\"potentialAction\":[{\"@type\":\"ReadAction\",\"target\":[\"https:\\\/\\\/www.mojeplazma.cz\\\/farmacie\\\/farmacie\\\/delislim\\\/\"]}]},{\"@type\":\"ImageObject\",\"inLanguage\":\"cs\",\"@id\":\"https:\\\/\\\/www.mojeplazma.cz\\\/farmacie\\\/farmacie\\\/delislim\\\/#primaryimage\",\"url\":\"https:\\\/\\\/www.mojeplazma.cz\\\/farmacie\\\/wp-content\\\/uploads\\\/2024\\\/10\\\/Delislim.jpg\",\"contentUrl\":\"https:\\\/\\\/www.mojeplazma.cz\\\/farmacie\\\/wp-content\\\/uploads\\\/2024\\\/10\\\/Delislim.jpg\",\"width\":768,\"height\":768},{\"@type\":\"BreadcrumbList\",\"@id\":\"https:\\\/\\\/www.mojeplazma.cz\\\/farmacie\\\/farmacie\\\/delislim\\\/#breadcrumb\",\"itemListElement\":[{\"@type\":\"ListItem\",\"position\":1,\"name\":\"Strona g\u0142\u00f3wna\",\"item\":\"https:\\\/\\\/www.mojeplazma.cz\\\/farmacie\\\/\"},{\"@type\":\"ListItem\",\"position\":2,\"name\":\"farmacie\",\"item\":\"https:\\\/\\\/www.mojeplazma.cz\\\/farmacie\\\/\"},{\"@type\":\"ListItem\",\"position\":3,\"name\":\"Delislim\"}]},{\"@type\":\"WebSite\",\"@id\":\"https:\\\/\\\/www.mojeplazma.cz\\\/farmacie\\\/#website\",\"url\":\"https:\\\/\\\/www.mojeplazma.cz\\\/farmacie\\\/\",\"name\":\"mojeplazma.cz\",\"description\":\"\",\"potentialAction\":[{\"@type\":\"SearchAction\",\"target\":{\"@type\":\"EntryPoint\",\"urlTemplate\":\"https:\\\/\\\/www.mojeplazma.cz\\\/farmacie\\\/?s={search_term_string}\"},\"query-input\":{\"@type\":\"PropertyValueSpecification\",\"valueRequired\":true,\"valueName\":\"search_term_string\"}}],\"inLanguage\":\"cs\"}]}<\/script>\n<!-- \/ Yoast SEO plugin. -->","yoast_head_json":{"title":"Delislim - Recenze, L\u00e9k\u00e1rna, Cena - 50%, F\u00f3rum, \u00da\u010dinky | 2026","robots":{"index":"index","follow":"follow","max-snippet":"max-snippet:-1","max-image-preview":"max-image-preview:large","max-video-preview":"max-video-preview:-1"},"canonical":"https:\/\/www.mojeplazma.cz\/farmacie\/farmacie\/delislim\/","og_locale":"cs_CZ","og_type":"article","og_title":"Delislim - Recenze, L\u00e9k\u00e1rna, Cena - 50%, F\u00f3rum, \u00da\u010dinky | 2026","og_url":"https:\/\/www.mojeplazma.cz\/farmacie\/farmacie\/delislim\/","og_site_name":"MojePlazma","article_modified_time":"2024-11-17T15:02:27+00:00","og_image":[{"width":768,"height":768,"url":"https:\/\/www.mojeplazma.cz\/farmacie\/wp-content\/uploads\/2024\/10\/Delislim.jpg","type":"image\/jpeg"}],"twitter_card":"summary_large_image","twitter_description":"[date_countdown]","twitter_misc":{"Odhadovan\u00e1 doba \u010dten\u00ed":"1 minuta"},"schema":{"@context":"https:\/\/schema.org","@graph":[{"@type":"WebPage","@id":"https:\/\/www.mojeplazma.cz\/farmacie\/farmacie\/delislim\/","url":"https:\/\/www.mojeplazma.cz\/farmacie\/farmacie\/delislim\/","name":"Delislim - Recenze, L\u00e9k\u00e1rna, Cena - 50%, F\u00f3rum, \u00da\u010dinky | 2026","isPartOf":{"@id":"https:\/\/www.mojeplazma.cz\/farmacie\/#website"},"primaryImageOfPage":{"@id":"https:\/\/www.mojeplazma.cz\/farmacie\/farmacie\/delislim\/#primaryimage"},"image":{"@id":"https:\/\/www.mojeplazma.cz\/farmacie\/farmacie\/delislim\/#primaryimage"},"thumbnailUrl":"https:\/\/www.mojeplazma.cz\/farmacie\/wp-content\/uploads\/2024\/10\/Delislim.jpg","datePublished":"2024-10-10T16:28:48+00:00","dateModified":"2024-11-17T15:02:27+00:00","breadcrumb":{"@id":"https:\/\/www.mojeplazma.cz\/farmacie\/farmacie\/delislim\/#breadcrumb"},"inLanguage":"cs","potentialAction":[{"@type":"ReadAction","target":["https:\/\/www.mojeplazma.cz\/farmacie\/farmacie\/delislim\/"]}]},{"@type":"ImageObject","inLanguage":"cs","@id":"https:\/\/www.mojeplazma.cz\/farmacie\/farmacie\/delislim\/#primaryimage","url":"https:\/\/www.mojeplazma.cz\/farmacie\/wp-content\/uploads\/2024\/10\/Delislim.jpg","contentUrl":"https:\/\/www.mojeplazma.cz\/farmacie\/wp-content\/uploads\/2024\/10\/Delislim.jpg","width":768,"height":768},{"@type":"BreadcrumbList","@id":"https:\/\/www.mojeplazma.cz\/farmacie\/farmacie\/delislim\/#breadcrumb","itemListElement":[{"@type":"ListItem","position":1,"name":"Strona g\u0142\u00f3wna","item":"https:\/\/www.mojeplazma.cz\/farmacie\/"},{"@type":"ListItem","position":2,"name":"farmacie","item":"https:\/\/www.mojeplazma.cz\/farmacie\/"},{"@type":"ListItem","position":3,"name":"Delislim"}]},{"@type":"WebSite","@id":"https:\/\/www.mojeplazma.cz\/farmacie\/#website","url":"https:\/\/www.mojeplazma.cz\/farmacie\/","name":"mojeplazma.cz","description":"","potentialAction":[{"@type":"SearchAction","target":{"@type":"EntryPoint","urlTemplate":"https:\/\/www.mojeplazma.cz\/farmacie\/?s={search_term_string}"},"query-input":{"@type":"PropertyValueSpecification","valueRequired":true,"valueName":"search_term_string"}}],"inLanguage":"cs"}]}},"_links":{"self":[{"href":"https:\/\/www.mojeplazma.cz\/farmacie\/wp-json\/wp\/v2\/product\/4216","targetHints":{"allow":["GET"]}}],"collection":[{"href":"https:\/\/www.mojeplazma.cz\/farmacie\/wp-json\/wp\/v2\/product"}],"about":[{"href":"https:\/\/www.mojeplazma.cz\/farmacie\/wp-json\/wp\/v2\/types\/product"}],"replies":[{"embeddable":true,"href":"https:\/\/www.mojeplazma.cz\/farmacie\/wp-json\/wp\/v2\/comments?post=4216"}],"wp:featuredmedia":[{"embeddable":true,"href":"https:\/\/www.mojeplazma.cz\/farmacie\/wp-json\/wp\/v2\/media\/4244"}],"wp:attachment":[{"href":"https:\/\/www.mojeplazma.cz\/farmacie\/wp-json\/wp\/v2\/media?parent=4216"}],"wp:term":[{"taxonomy":"product_brand","embeddable":true,"href":"https:\/\/www.mojeplazma.cz\/farmacie\/wp-json\/wp\/v2\/product_brand?post=4216"},{"taxonomy":"product_cat","embeddable":true,"href":"https:\/\/www.mojeplazma.cz\/farmacie\/wp-json\/wp\/v2\/product_cat?post=4216"},{"taxonomy":"product_tag","embeddable":true,"href":"https:\/\/www.mojeplazma.cz\/farmacie\/wp-json\/wp\/v2\/product_tag?post=4216"}],"curies":[{"name":"wp","href":"https:\/\/api.w.org\/{rel}","templated":true}]}}