{"id":4221,"date":"2024-10-10T16:28:48","date_gmt":"2024-10-10T16:28:48","guid":{"rendered":"https:\/\/www.mojeplazma.cz\/farmacie\/?post_type=product&#038;p=4221"},"modified":"2024-11-17T14:28:22","modified_gmt":"2024-11-17T14:28:22","slug":"vermixin","status":"publish","type":"product","link":"https:\/\/www.mojeplazma.cz\/farmacie\/farmacie\/vermixin\/","title":{"rendered":"Vermixin"},"content":{"rendered":"\n<h2 class=\"wp-block-heading\">Co je p\u0159\u00edpravek Vermixin a jak funguje?<\/h2>\n\n\n\n<p>Vermixin je <b>dopln\u011bk<\/b> stravy ur\u010den\u00fd k \u00fa\u010dinn\u00e9mu boji proti <em>parazit\u00e1rn\u00edm infekc\u00edm<\/em>. Jeho <em>\u00fa\u010dinek<\/em> je zalo\u017een na synergick\u00e9m vyu\u017eit\u00ed <em>p\u0159\u00edrodn\u00edch slo\u017eek<\/em>, jejich\u017e c\u00edlem je odstran\u011bn\u00ed parazit\u016f z t\u011bla. P\u0159\u00edpravek Vermixin obsahuje slo\u017eky, jako je extrakt z \u010dern\u00e9ho km\u00ednu, oreganov\u00fd olej a vitaminy (C, E, D), kter\u00e9 podporuj\u00ed <b>zdrav\u00ed<\/b> a imunitu.<\/p>\n\n\n\n<p>Pravideln\u00e9 <b>u\u017e\u00edv\u00e1n\u00ed<\/b> tohoto dopl\u0148ku p\u0159isp\u00edv\u00e1 k odstran\u011bn\u00ed parazit\u016f, co\u017e vede ke zlep\u0161en\u00ed celkov\u00e9 pohody. Antiseptick\u00e9 a antiparazit\u00e1rn\u00ed vlastnosti extraktu z \u010dern\u00e9ho km\u00ednu potvrzuj\u00ed jeho \u00fa\u010dinnost proti patogen\u016fm. Postupn\u011b sni\u017euje p\u0159\u00edznaky, jako jsou bolesti b\u0159icha, pr\u016fjem nebo ko\u017en\u00ed alergie, a zlep\u0161uje tak kvalitu \u017eivota.<\/p>\n\n\n\n<p>Krom\u011b p\u016fsoben\u00ed na <em>parazit\u00e1rn\u00ed infekce<\/em> Vermixin podporuje tr\u00e1vic\u00ed procesy, co\u017e je prosp\u011b\u0161n\u00e9 pro zdrav\u00ed tr\u00e1vic\u00edho syst\u00e9mu. Slo\u017een\u00ed p\u0159\u00edpravku obsahuje <em>p\u0159\u00edrodn\u00ed slo\u017eky,<\/em> kter\u00e9 nejen likviduj\u00ed <b>parazity<\/b>, ale tak\u00e9 obnovuj\u00ed rovnov\u00e1hu organismu, kter\u00e1 je kl\u00ed\u010dov\u00e1 pro udr\u017een\u00ed dobr\u00e9ho zdrav\u00ed.<\/p>\n\n\n\n<h2 class=\"wp-block-heading\">Vermixin &#8211; \u00fa\u010dinky u\u017e\u00edv\u00e1n\u00ed<\/h2>\n\n\n\n<p><b>U\u017eivatel\u00e9 p\u0159\u00edpravku<\/b> Vermixin \u010dasto zaznamen\u00e1vaj\u00ed v\u00fdznamn\u00e9 <em>\u00fa\u010dinky<\/em> ji\u017e po kr\u00e1tk\u00e9 dob\u011b u\u017e\u00edv\u00e1n\u00ed. Mezi <b>\u00fa\u010dinky<\/b> Vermixinu pat\u0159\u00ed odstran\u011bn\u00ed <em>parazit\u016f<\/em> a zlep\u0161en\u00ed celkov\u00e9ho zdravotn\u00edho stavu. Mnoho lid\u00ed nap\u0159\u00edklad uv\u00e1d\u00ed, \u017ee se jim po u\u017e\u00edv\u00e1n\u00ed tohoto dopl\u0148ku ulevilo od pot\u00ed\u017e\u00ed, jako jsou bolesti b\u0159icha, nad\u00fdm\u00e1n\u00ed a celkov\u00e1 \u00fanava.<\/p>\n\n\n\n<p>Pravideln\u00e9 u\u017e\u00edv\u00e1n\u00ed p\u0159\u00edpravku Vermixin podporuje p\u0159irozen\u00e9 o\u010distn\u00e9 procesy organismu. To vede k <em>ozdraven\u00ed<\/em> tr\u00e1vic\u00edho syst\u00e9mu a z\u00e1t\u011b\u017e zp\u016fsoben\u00e1 parazit\u00e1rn\u00ed infekc\u00ed ustupuje.<\/p>\n\n\n\n<p>N\u00ed\u017ee jsou uvedeny n\u011bkter\u00e9 z kl\u00ed\u010dov\u00fdch \u00fa\u010dink\u016f u\u017e\u00edv\u00e1n\u00ed p\u0159\u00edpravku Vermixin:<\/p>\n\n\n\n<ul class=\"wp-block-list\">\n<li>Eliminace parazit\u016f a jejich vaj\u00ed\u010dek<\/li>\n\n\n\n<li>Detoxikace organismu<\/li>\n\n\n\n<li>Zlep\u0161en\u00ed metabolismu<\/li>\n\n\n\n<li>Pos\u00edlen\u00ed imunity<\/li>\n\n\n\n<li>Zlep\u0161en\u00ed pohody a energetick\u00e9 hladiny<\/li>\n<\/ul>\n\n\n\n<figure class=\"wp-block-table\"><table class=\"has-fixed-layout\"><tbody><tr><th>\u00da\u010dinek aplikace<\/th><th>Procento u\u017eivatel\u016f<\/th><\/tr><tr><td>Odstran\u011bn\u00ed parazit\u016f<\/td><td>97%<\/td><\/tr><tr><td>Zv\u00fd\u0161en\u00ed s\u00edly a energie<\/td><td>93%<\/td><\/tr><tr><td>Zlep\u0161en\u00ed celkov\u00e9ho zdravotn\u00edho stavu<\/td><td>90%<\/td><\/tr><\/tbody><\/table><\/figure>\n\n\n\n<p>Z pohledu u\u017eivatel\u016f a l\u00e9ka\u0159\u016f Vermixin \u00fa\u010dinn\u011b p\u016fsob\u00ed p\u0159i sni\u017eov\u00e1n\u00ed p\u0159\u00edznak\u016f spojen\u00fdch s parazit\u00e1rn\u00edmi probl\u00e9my. Nav\u00edc se jedn\u00e1 o dopln\u011bk stravy, kter\u00fd lze u\u017e\u00edvat jak preventivn\u011b, tak p\u0159i ji\u017e vznikl\u00fdch zdravotn\u00edch probl\u00e9mech <em>souvisej\u00edc\u00edch s parazity<\/em>.<\/p>\n\n\n\n<h2 class=\"wp-block-heading\">Jak pou\u017e\u00edvat Vermixin &#8211; n\u00e1vod k pou\u017eit\u00ed a d\u00e1vkov\u00e1n\u00ed<\/h2>\n\n\n\n<p>Vermixin je k dispozici ve form\u011b kapsl\u00ed. <b>U\u017e\u00edv\u00e1n\u00ed<\/b> tohoto dopl\u0148ku vy\u017eaduje dodr\u017eov\u00e1n\u00ed n\u011bkolika pravidel, aby byla zaji\u0161t\u011bna \u00fa\u010dinnost l\u00e9\u010dby. Zde jsou uvedeny kl\u00ed\u010dov\u00e9 informace o d\u00e1vkov\u00e1n\u00ed a n\u00e1vod k pou\u017eit\u00ed:<\/p>\n\n\n\n<ul class=\"wp-block-list\">\n<li>D\u00e1vkov\u00e1n\u00ed<em>:<\/em> Doporu\u010den\u00e1 d\u00e1vka je jedna tobolka denn\u011b. U\u017e\u00edv\u00e1 se nejl\u00e9pe r\u00e1no na la\u010dno, aby se optimalizovalo vst\u0159eb\u00e1v\u00e1n\u00ed \u00fa\u010dinn\u00fdch l\u00e1tek.<\/li>\n\n\n\n<li><em>Pravidelnost<\/em>: Pro dosa\u017een\u00ed nejlep\u0161\u00edch v\u00fdsledk\u016f je d\u016fle\u017eit\u00e9 u\u017e\u00edvat p\u0159\u00edpravek pravideln\u011b po stanovenou dobu, jak je doporu\u010deno v p\u0159\u00edbalov\u00e9m let\u00e1ku.<\/li>\n\n\n\n<li><em>Konzultace s l\u00e9ka\u0159em:<\/em> P\u0159ed u\u017e\u00edv\u00e1n\u00edm p\u0159\u00edpravku Vermixin je vhodn\u00e9 poradit se s l\u00e9ka\u0159em, zejm\u00e9na pokud trp\u00edte chronick\u00fdm onemocn\u011bn\u00edm nebo u\u017e\u00edv\u00e1te jin\u00e9 l\u00e9ky.<\/li>\n<\/ul>\n\n\n\n<p>Je dobr\u00e9 si pe\u010dliv\u011b p\u0159e\u010d\u00edst p\u0159ilo\u017een\u00fd <em>n\u00e1vod k pou\u017eit\u00ed, kter\u00fd<\/em> obsahuje podrobn\u00e9 informace o slo\u017ek\u00e1ch a mo\u017en\u00fdch kontraindikac\u00edch spojen\u00fdch s u\u017e\u00edv\u00e1n\u00edm p\u0159\u00edpravku Vermixin. <\/p>\n\n\n\n<p><b>U\u017e\u00edv\u00e1n\u00ed p\u0159\u00edprav<\/b> ku Vermixin spr\u00e1vn\u00fdm zp\u016fsobem, jak je doporu\u010deno v p\u0159\u00edbalov\u00e9m let\u00e1ku, m\u016f\u017ee v\u00fdznamn\u011b ovlivnit \u00fa\u010dinnost tohoto p\u0159\u00edpravku. Dbejte na jeho pravideln\u00e9 u\u017e\u00edv\u00e1n\u00ed a dodr\u017eujte pokyny, kter\u00e9 pomohou dos\u00e1hnout optim\u00e1ln\u00edch v\u00fdsledk\u016f v boji proti parazit\u016fm.<\/p>\n\n\n\n<h2 class=\"wp-block-heading\">Vermixin &#8211; N\u00e1zory a recenze &#8211; Co na to \u0159\u00edkaj\u00ed u\u017eivatel\u00e9?<\/h2>\n\n\n\n<p><b>Recenze<\/b> Vermixin jsou v drtiv\u00e9 v\u011bt\u0161in\u011b pozitivn\u00ed. <b>U\u017eivatel\u00e9<\/b> na <b>f\u00f3ru<\/b> sd\u00edlej\u00ed sv\u00e9 zku\u0161enosti a zd\u016fraz\u0148uj\u00ed \u00fa\u010dinnost a snadnost pou\u017eit\u00ed tohoto dopl\u0148ku. Zde jsou n\u011bkter\u00e9 velmi podrobn\u00e9 recenze:<\/p>\n\n\n\n<blockquote class=\"wp-block-quote is-layout-flow wp-block-quote-is-layout-flow\">\n<p><em>Anna:<\/em> &#8222;Dlouho jsem bojovala s parazity, ale teprve po pou\u017eit\u00ed Vermixinu jsem zaznamenala v\u00fdrazn\u00e9 zlep\u0161en\u00ed. V\u00fdrobek se snadno pou\u017e\u00edv\u00e1 a <b>\u00fa\u010dinky<\/b> jsou viditeln\u00e9 ji\u017e po kr\u00e1tk\u00e9 dob\u011b. Doporu\u010dila bych ho ka\u017ed\u00e9mu, kdo m\u00e1 podobn\u00e9 probl\u00e9my!&#8220;<\/p>\n<\/blockquote>\n\n\n\n<blockquote class=\"wp-block-quote is-layout-flow wp-block-quote-is-layout-flow\">\n<p><em>Petr:<\/em> &#8222;Byl jsem p\u0159ekvapen \u00fa\u010dinnost\u00ed p\u0159\u00edpravku Vermixin. Po n\u011bkolika t\u00fddnech u\u017e\u00edv\u00e1n\u00ed m\u00e9 pot\u00ed\u017ee s parazity zmizely a c\u00edt\u00edm se mnohem l\u00e9pe. Nav\u00edc se d\u00edky snadn\u00e9mu n\u00e1kupu a bezpe\u010dn\u00e9mu dod\u00e1n\u00ed vyplat\u00ed na tento produkt vsadit.&#8220;<\/p>\n<\/blockquote>\n\n\n\n<blockquote class=\"wp-block-quote is-layout-flow wp-block-quote-is-layout-flow\">\n<p><em>Marta:<\/em> &#8222;Vermixin mi \u00fa\u010dinn\u011b pomohl v boji proti parazit\u016fm. C\u00edtila jsem se slab\u00e1 a po u\u017e\u00edv\u00e1n\u00ed p\u0159\u00edpravku jsem poc\u00edtila v\u00fdrazn\u00fd p\u0159\u00edliv energie a lep\u0161\u00ed n\u00e1ladu. D\u016fle\u017eit\u00e9 je, \u017ee v\u00fdrobek je zalo\u017een na p\u0159\u00edrodn\u00edch slo\u017ek\u00e1ch, co\u017e minimalizuje riziko vedlej\u0161\u00edch \u00fa\u010dink\u016f.&#8220;<\/p>\n<\/blockquote>\n\n\n\n<p>Na mnoha diskusn\u00edch f\u00f3rech <b>u\u017eivatel\u00e9<\/b> zd\u016fraz\u0148uj\u00ed, \u017ee pravideln\u00e9 u\u017e\u00edv\u00e1n\u00ed p\u0159\u00edpravku Vermixin p\u0159in\u00e1\u0161\u00ed vynikaj\u00edc\u00ed v\u00fdsledky p\u0159i zlep\u0161ov\u00e1n\u00ed zdrav\u00ed a pohody. Mnoho lid\u00ed si tak\u00e9 v\u0161\u00edm\u00e1 zlep\u0161en\u00ed vzhledu sv\u00e9 poko\u017eky, vlas\u016f a neht\u016f. Alergick\u00e9 reakce jsou vz\u00e1cn\u00e9, co\u017e z tohoto dopl\u0148ku \u010din\u00ed je\u0161t\u011b atraktivn\u011bj\u0161\u00ed volbu pro ty, kte\u0159\u00ed hledaj\u00ed p\u0159\u00edrodn\u00ed metody zlep\u0161en\u00ed zdrav\u00ed.<\/p>\n\n\n\n<h2 class=\"wp-block-heading\">Slo\u017een\u00ed p\u0159\u00edpravku Vermixin &#8211; anal\u00fdza slo\u017eek<\/h2>\n\n\n\n<p>Vermixin je dopln\u011bk stravy obsahuj\u00edc\u00ed <em>p\u0159\u00edrodn\u00ed slo\u017eky<\/em>, jejich\u017e \u00fa\u010dinnost byla potvrzena \u0159adou studi\u00ed. Kl\u00ed\u010dov\u00fdmi slo\u017ekami v jeho slo\u017een\u00ed jsou:<\/p>\n\n\n\n<ul class=\"wp-block-list\">\n<li><strong>Pelyn\u011bk \u010dernob\u00fdl<\/strong> &#8211; zn\u00e1m\u00fd pro sv\u00e9 vlastnosti, kter\u00e9 likviduj\u00ed <b>parazity<\/b> a podporuj\u00ed obranyschopnost organismu.<\/li>\n\n\n\n<li><strong>\u010cesnek<\/strong> &#8211; siln\u00fd antiparazit\u00e1rn\u00ed prost\u0159edek, kter\u00fd zlep\u0161uje celkov\u00fd zdravotn\u00ed stav a podporuje detoxikaci.<\/li>\n\n\n\n<li><strong>Vla\u0161sk\u00fd o\u0159ech<\/strong> &#8211; m\u00e1 regenera\u010dn\u00ed \u00fa\u010dinek na tk\u00e1n\u011b a podporuje tr\u00e1vic\u00ed syst\u00e9m.<\/li>\n\n\n\n<li><strong>Ostropest\u0159ec<\/strong> &#8211; p\u0159isp\u00edv\u00e1 k detoxikaci organismu, podporuje o\u010distn\u00e9 procesy.<\/li>\n<\/ul>\n\n\n\n<p>Ka\u017ed\u00e1 z t\u011bchto slo\u017eek je navr\u017eena tak, aby zvy\u0161ovala bezpe\u010dnost p\u0159\u00edpravku a minimalizovala riziko ne\u017e\u00e1douc\u00edch \u00fa\u010dink\u016f. <strong>Anal\u00fdza<\/strong> slo\u017een\u00ed p\u0159\u00edpravku Vermixin potvrzuje, \u017ee se jedn\u00e1 o 100% organick\u00fd produkt bez syntetick\u00fdch p\u0159\u00edsad.<\/p>\n\n\n\n<p>Vitam\u00edny a miner\u00e1ly, jako jsou Omega-3 a Omega-6, d\u00e1le podporuj\u00ed imunitn\u00ed syst\u00e9m a <strong>CBD (konopn\u00fd olej)<\/strong> p\u0159isp\u00edv\u00e1 k odstra\u0148ov\u00e1n\u00ed toxin\u016f, co\u017e posiluje holistick\u00fd p\u0159\u00edstup. Vermixin nav\u00edc nem\u00e1 \u017e\u00e1dn\u00e9 potenci\u00e1ln\u00ed kontraindikace, tak\u017ee je pro v\u011bt\u0161inu u\u017eivatel\u016f bezpe\u010dnou volbou.<\/p>\n\n\n\n<p>Je t\u0159eba m\u00edt na pam\u011bti, \u017ee pravideln\u00e9 u\u017e\u00edv\u00e1n\u00ed Vermixinu v doporu\u010den\u00e9 d\u00e1vce 1 kapsle 2-3kr\u00e1t denn\u011b po dobu 1 a\u017e 3 m\u011bs\u00edc\u016f m\u016f\u017ee p\u0159in\u00e9st hmatateln\u00e9 zdravotn\u00ed v\u00fdhody.<\/p>\n\n\n\n<h2 class=\"wp-block-heading\">Kde koupit a kolik stoj\u00ed Vermixin &#8211; cena<\/h2>\n\n\n\n<p>Vermixin je k dost\u00e1n\u00ed v\u00fdhradn\u011b na ofici\u00e1ln\u00edch <em>str\u00e1nk\u00e1ch v\u00fdrobce<\/em>. Stoj\u00ed za zm\u00ednku, \u017ee tento v\u00fdrobek se neprod\u00e1v\u00e1 ve stacion\u00e1rn\u00edch l\u00e9k\u00e1rn\u00e1ch ani v obl\u00edben\u00fdch internetov\u00fdch obchodech. T\u00edm, \u017ee se rozhodnete <em>koupit<\/em> p\u0159\u00edmo, se m\u016f\u017eete vyhnout dodate\u010dn\u00fdm n\u00e1klad\u016fm, kter\u00e9 jsou spojeny se zprost\u0159edkovateli. Ceny <em>Vermixinu<\/em> se mohou li\u0161it v z\u00e1vislosti na aktu\u00e1ln\u00edch ak\u010dn\u00edch nab\u00eddk\u00e1ch, proto je pravideln\u00e1 kontrola webov\u00fdch str\u00e1nek v\u00fdrobce d\u016fle\u017eitou sou\u010d\u00e1st\u00ed n\u00e1kupn\u00edho procesu.<\/p>\n\n\n\n<p>Na <em>ofici\u00e1ln\u00edch<\/em> str\u00e1nk\u00e1ch <em>v\u00fdrobce<\/em> najdete nejnov\u011bj\u0161\u00ed informace o dostupn\u00fdch akc\u00edch a v\u0161echny podrobnosti o cen\u00e1ch. To je nejlep\u0161\u00ed zdroj, ze kter\u00e9ho zjist\u00edte, <em>kde koupit<\/em> Vermixin, abyste si mohli vychutnat vysoce kvalitn\u00ed v\u00fdrobek.<\/p>\n\n\n\n<h2 class=\"wp-block-heading\">Mo\u017en\u00e9 ne\u017e\u00e1douc\u00ed \u00fa\u010dinky a kontraindikace u\u017e\u00edv\u00e1n\u00ed p\u0159\u00edpravku Vermixin<\/h2>\n\n\n\n<p>D\u00edky p\u0159\u00edrodn\u00edmu slo\u017een\u00ed dopl\u0148ku, jako jsou rostlinn\u00e9 extrakty z \u010dernuchy, oregana, kajensk\u00e9ho pep\u0159e a z\u00e1zvoru, je riziko ne\u017e\u00e1douc\u00edch \u00fa\u010dink\u016f u\u017e\u00edv\u00e1n\u00ed p\u0159\u00edpravku Vermixin minim\u00e1ln\u00ed. P\u0159esto existuj\u00ed potenci\u00e1ln\u00ed <b>ne\u017e\u00e1douc\u00ed \u00fa\u010dinky<\/b>, jako jsou jednotliv\u00e9 alergick\u00e9 reakce, kter\u00e9 se mohou u n\u011bkter\u00fdch u\u017eivatel\u016f vyskytnout. Proto se doporu\u010duje, aby se lid\u00e9 s citlivou poko\u017ekou nebo s alergiemi v anamn\u00e9ze p\u0159ed zah\u00e1jen\u00edm l\u00e9\u010dby poradili s l\u00e9ka\u0159em.<\/p>\n\n\n\n<p>Mezi<b>kontraindikace<\/b> u\u017e\u00edv\u00e1n\u00ed p\u0159\u00edpravku Vermixin pat\u0159\u00ed t\u011bhotn\u00e9 \u017eeny, koj\u00edc\u00ed \u017eeny, onkologi\u010dt\u00ed pacienti a d\u011bti a mladistv\u00ed do 18 let. Je d\u016fle\u017eit\u00e9, aby u\u017e\u00edv\u00e1n\u00ed tohoto p\u0159\u00edpravku bylo pod dohledem odborn\u00edka, zejm\u00e9na u osob s chronick\u00fdm onemocn\u011bn\u00edm. P\u0159i rozhodov\u00e1n\u00ed o jak\u00fdchkoli dopl\u0148c\u00edch stravy v\u017edy dbejte na svou <b>bezpe\u010dnost<\/b> a <b>zdrav\u00ed<\/b>.<\/p>\n\n\n\n<p>Z\u00e1v\u011brem lze \u0159\u00edci, \u017ee Vermixin i p\u0159es sv\u00e9 p\u0159\u00edrodn\u00ed slo\u017een\u00ed a dobr\u00fd bezpe\u010dnostn\u00ed profil vy\u017eaduje zodpov\u011bdn\u00fd p\u0159\u00edstup k jeho u\u017e\u00edv\u00e1n\u00ed. P\u0159ed zah\u00e1jen\u00edm d\u00e1vkov\u00e1n\u00ed je dobr\u00e9 probrat p\u0159\u00edpadn\u00e9 obavy s l\u00e9ka\u0159em, abyste minimalizovali mo\u017en\u00e1 rizika a z\u00edskali jistotu, \u017ee l\u00e9\u010dba bude \u00fa\u010dinn\u00e1 a bezpe\u010dn\u00e1.<\/p>\n","protected":false},"excerpt":{"rendered":"<p><strong>[date_countdown]<\/strong><\/p>\n","protected":false},"featured_media":4267,"comment_status":"open","ping_status":"closed","template":"","meta":{"neve_meta_sidebar":"","neve_meta_container":"","neve_meta_enable_content_width":"","neve_meta_content_width":0,"neve_meta_title_alignment":"","neve_meta_author_avatar":"","neve_post_elements_order":"","neve_meta_disable_header":"","neve_meta_disable_footer":"","neve_meta_disable_title":"","neve_meta_reading_time":""},"product_brand":[],"product_cat":[15],"product_tag":[],"class_list":{"0":"post-4221","1":"product","2":"type-product","3":"status-publish","4":"has-post-thumbnail","6":"product_cat-zdravi","8":"first","9":"instock","10":"sale","11":"shipping-taxable","12":"product-type-external"},"yoast_head":"<!-- This site is optimized with the Yoast SEO plugin v27.3 - https:\/\/yoast.com\/product\/yoast-seo-wordpress\/ -->\n<title>Vermixin - Recenze, L\u00e9k\u00e1rna, Cena - 50%, F\u00f3rum, \u00da\u010dinky | 2026<\/title>\n<meta name=\"robots\" content=\"index, follow, max-snippet:-1, max-image-preview:large, max-video-preview:-1\" \/>\n<link rel=\"canonical\" href=\"https:\/\/www.mojeplazma.cz\/farmacie\/farmacie\/vermixin\/\" \/>\n<meta property=\"og:locale\" content=\"cs_CZ\" \/>\n<meta property=\"og:type\" content=\"article\" \/>\n<meta property=\"og:title\" content=\"Vermixin - Recenze, L\u00e9k\u00e1rna, Cena - 50%, F\u00f3rum, \u00da\u010dinky | 2026\" \/>\n<meta property=\"og:url\" content=\"https:\/\/www.mojeplazma.cz\/farmacie\/farmacie\/vermixin\/\" \/>\n<meta property=\"og:site_name\" content=\"MojePlazma\" \/>\n<meta property=\"article:modified_time\" content=\"2024-11-17T14:28:22+00:00\" \/>\n<meta property=\"og:image\" content=\"https:\/\/www.mojeplazma.cz\/farmacie\/wp-content\/uploads\/2024\/10\/Vermixin.jpg\" \/>\n\t<meta property=\"og:image:width\" content=\"768\" \/>\n\t<meta property=\"og:image:height\" content=\"768\" \/>\n\t<meta property=\"og:image:type\" content=\"image\/jpeg\" \/>\n<meta name=\"twitter:card\" content=\"summary_large_image\" \/>\n<meta name=\"twitter:description\" content=\"[date_countdown]\" \/>\n<meta name=\"twitter:label1\" content=\"Odhadovan\u00e1 doba \u010dten\u00ed\" \/>\n\t<meta name=\"twitter:data1\" content=\"1 minuta\" \/>\n<script type=\"application\/ld+json\" class=\"yoast-schema-graph\">{\"@context\":\"https:\\\/\\\/schema.org\",\"@graph\":[{\"@type\":\"WebPage\",\"@id\":\"https:\\\/\\\/www.mojeplazma.cz\\\/farmacie\\\/farmacie\\\/vermixin\\\/\",\"url\":\"https:\\\/\\\/www.mojeplazma.cz\\\/farmacie\\\/farmacie\\\/vermixin\\\/\",\"name\":\"Vermixin - Recenze, L\u00e9k\u00e1rna, Cena - 50%, F\u00f3rum, \u00da\u010dinky | 2026\",\"isPartOf\":{\"@id\":\"https:\\\/\\\/www.mojeplazma.cz\\\/farmacie\\\/#website\"},\"primaryImageOfPage\":{\"@id\":\"https:\\\/\\\/www.mojeplazma.cz\\\/farmacie\\\/farmacie\\\/vermixin\\\/#primaryimage\"},\"image\":{\"@id\":\"https:\\\/\\\/www.mojeplazma.cz\\\/farmacie\\\/farmacie\\\/vermixin\\\/#primaryimage\"},\"thumbnailUrl\":\"https:\\\/\\\/www.mojeplazma.cz\\\/farmacie\\\/wp-content\\\/uploads\\\/2024\\\/10\\\/Vermixin.jpg\",\"datePublished\":\"2024-10-10T16:28:48+00:00\",\"dateModified\":\"2024-11-17T14:28:22+00:00\",\"breadcrumb\":{\"@id\":\"https:\\\/\\\/www.mojeplazma.cz\\\/farmacie\\\/farmacie\\\/vermixin\\\/#breadcrumb\"},\"inLanguage\":\"cs\",\"potentialAction\":[{\"@type\":\"ReadAction\",\"target\":[\"https:\\\/\\\/www.mojeplazma.cz\\\/farmacie\\\/farmacie\\\/vermixin\\\/\"]}]},{\"@type\":\"ImageObject\",\"inLanguage\":\"cs\",\"@id\":\"https:\\\/\\\/www.mojeplazma.cz\\\/farmacie\\\/farmacie\\\/vermixin\\\/#primaryimage\",\"url\":\"https:\\\/\\\/www.mojeplazma.cz\\\/farmacie\\\/wp-content\\\/uploads\\\/2024\\\/10\\\/Vermixin.jpg\",\"contentUrl\":\"https:\\\/\\\/www.mojeplazma.cz\\\/farmacie\\\/wp-content\\\/uploads\\\/2024\\\/10\\\/Vermixin.jpg\",\"width\":768,\"height\":768},{\"@type\":\"BreadcrumbList\",\"@id\":\"https:\\\/\\\/www.mojeplazma.cz\\\/farmacie\\\/farmacie\\\/vermixin\\\/#breadcrumb\",\"itemListElement\":[{\"@type\":\"ListItem\",\"position\":1,\"name\":\"Strona g\u0142\u00f3wna\",\"item\":\"https:\\\/\\\/www.mojeplazma.cz\\\/farmacie\\\/\"},{\"@type\":\"ListItem\",\"position\":2,\"name\":\"farmacie\",\"item\":\"https:\\\/\\\/www.mojeplazma.cz\\\/farmacie\\\/\"},{\"@type\":\"ListItem\",\"position\":3,\"name\":\"Vermixin\"}]},{\"@type\":\"WebSite\",\"@id\":\"https:\\\/\\\/www.mojeplazma.cz\\\/farmacie\\\/#website\",\"url\":\"https:\\\/\\\/www.mojeplazma.cz\\\/farmacie\\\/\",\"name\":\"mojeplazma.cz\",\"description\":\"\",\"potentialAction\":[{\"@type\":\"SearchAction\",\"target\":{\"@type\":\"EntryPoint\",\"urlTemplate\":\"https:\\\/\\\/www.mojeplazma.cz\\\/farmacie\\\/?s={search_term_string}\"},\"query-input\":{\"@type\":\"PropertyValueSpecification\",\"valueRequired\":true,\"valueName\":\"search_term_string\"}}],\"inLanguage\":\"cs\"}]}<\/script>\n<!-- \/ Yoast SEO plugin. -->","yoast_head_json":{"title":"Vermixin - Recenze, L\u00e9k\u00e1rna, Cena - 50%, F\u00f3rum, \u00da\u010dinky | 2026","robots":{"index":"index","follow":"follow","max-snippet":"max-snippet:-1","max-image-preview":"max-image-preview:large","max-video-preview":"max-video-preview:-1"},"canonical":"https:\/\/www.mojeplazma.cz\/farmacie\/farmacie\/vermixin\/","og_locale":"cs_CZ","og_type":"article","og_title":"Vermixin - Recenze, L\u00e9k\u00e1rna, Cena - 50%, F\u00f3rum, \u00da\u010dinky | 2026","og_url":"https:\/\/www.mojeplazma.cz\/farmacie\/farmacie\/vermixin\/","og_site_name":"MojePlazma","article_modified_time":"2024-11-17T14:28:22+00:00","og_image":[{"width":768,"height":768,"url":"https:\/\/www.mojeplazma.cz\/farmacie\/wp-content\/uploads\/2024\/10\/Vermixin.jpg","type":"image\/jpeg"}],"twitter_card":"summary_large_image","twitter_description":"[date_countdown]","twitter_misc":{"Odhadovan\u00e1 doba \u010dten\u00ed":"1 minuta"},"schema":{"@context":"https:\/\/schema.org","@graph":[{"@type":"WebPage","@id":"https:\/\/www.mojeplazma.cz\/farmacie\/farmacie\/vermixin\/","url":"https:\/\/www.mojeplazma.cz\/farmacie\/farmacie\/vermixin\/","name":"Vermixin - Recenze, L\u00e9k\u00e1rna, Cena - 50%, F\u00f3rum, \u00da\u010dinky | 2026","isPartOf":{"@id":"https:\/\/www.mojeplazma.cz\/farmacie\/#website"},"primaryImageOfPage":{"@id":"https:\/\/www.mojeplazma.cz\/farmacie\/farmacie\/vermixin\/#primaryimage"},"image":{"@id":"https:\/\/www.mojeplazma.cz\/farmacie\/farmacie\/vermixin\/#primaryimage"},"thumbnailUrl":"https:\/\/www.mojeplazma.cz\/farmacie\/wp-content\/uploads\/2024\/10\/Vermixin.jpg","datePublished":"2024-10-10T16:28:48+00:00","dateModified":"2024-11-17T14:28:22+00:00","breadcrumb":{"@id":"https:\/\/www.mojeplazma.cz\/farmacie\/farmacie\/vermixin\/#breadcrumb"},"inLanguage":"cs","potentialAction":[{"@type":"ReadAction","target":["https:\/\/www.mojeplazma.cz\/farmacie\/farmacie\/vermixin\/"]}]},{"@type":"ImageObject","inLanguage":"cs","@id":"https:\/\/www.mojeplazma.cz\/farmacie\/farmacie\/vermixin\/#primaryimage","url":"https:\/\/www.mojeplazma.cz\/farmacie\/wp-content\/uploads\/2024\/10\/Vermixin.jpg","contentUrl":"https:\/\/www.mojeplazma.cz\/farmacie\/wp-content\/uploads\/2024\/10\/Vermixin.jpg","width":768,"height":768},{"@type":"BreadcrumbList","@id":"https:\/\/www.mojeplazma.cz\/farmacie\/farmacie\/vermixin\/#breadcrumb","itemListElement":[{"@type":"ListItem","position":1,"name":"Strona g\u0142\u00f3wna","item":"https:\/\/www.mojeplazma.cz\/farmacie\/"},{"@type":"ListItem","position":2,"name":"farmacie","item":"https:\/\/www.mojeplazma.cz\/farmacie\/"},{"@type":"ListItem","position":3,"name":"Vermixin"}]},{"@type":"WebSite","@id":"https:\/\/www.mojeplazma.cz\/farmacie\/#website","url":"https:\/\/www.mojeplazma.cz\/farmacie\/","name":"mojeplazma.cz","description":"","potentialAction":[{"@type":"SearchAction","target":{"@type":"EntryPoint","urlTemplate":"https:\/\/www.mojeplazma.cz\/farmacie\/?s={search_term_string}"},"query-input":{"@type":"PropertyValueSpecification","valueRequired":true,"valueName":"search_term_string"}}],"inLanguage":"cs"}]}},"_links":{"self":[{"href":"https:\/\/www.mojeplazma.cz\/farmacie\/wp-json\/wp\/v2\/product\/4221","targetHints":{"allow":["GET"]}}],"collection":[{"href":"https:\/\/www.mojeplazma.cz\/farmacie\/wp-json\/wp\/v2\/product"}],"about":[{"href":"https:\/\/www.mojeplazma.cz\/farmacie\/wp-json\/wp\/v2\/types\/product"}],"replies":[{"embeddable":true,"href":"https:\/\/www.mojeplazma.cz\/farmacie\/wp-json\/wp\/v2\/comments?post=4221"}],"wp:featuredmedia":[{"embeddable":true,"href":"https:\/\/www.mojeplazma.cz\/farmacie\/wp-json\/wp\/v2\/media\/4267"}],"wp:attachment":[{"href":"https:\/\/www.mojeplazma.cz\/farmacie\/wp-json\/wp\/v2\/media?parent=4221"}],"wp:term":[{"taxonomy":"product_brand","embeddable":true,"href":"https:\/\/www.mojeplazma.cz\/farmacie\/wp-json\/wp\/v2\/product_brand?post=4221"},{"taxonomy":"product_cat","embeddable":true,"href":"https:\/\/www.mojeplazma.cz\/farmacie\/wp-json\/wp\/v2\/product_cat?post=4221"},{"taxonomy":"product_tag","embeddable":true,"href":"https:\/\/www.mojeplazma.cz\/farmacie\/wp-json\/wp\/v2\/product_tag?post=4221"}],"curies":[{"name":"wp","href":"https:\/\/api.w.org\/{rel}","templated":true}]}}