{"id":4248,"date":"2024-10-10T16:29:09","date_gmt":"2024-10-10T16:29:09","guid":{"rendered":"https:\/\/www.mojeplazma.cz\/farmacie\/?post_type=product&#038;p=4248"},"modified":"2024-11-16T16:57:25","modified_gmt":"2024-11-16T16:57:25","slug":"paraxan","status":"publish","type":"product","link":"https:\/\/www.mojeplazma.cz\/farmacie\/farmacie\/paraxan\/","title":{"rendered":"Paraxan"},"content":{"rendered":"\n\n<h2 class=\"wp-block-heading\">Co je Paraxan a jak funguje?<\/h2>\n\n\n\n\n\n<p>Paraxan je p\u0159\u00edrodn\u00ed <b>dopln\u011bk stravy<\/b> ur\u010den\u00fd k odstran\u011bn\u00ed parazit\u016f z t\u011bla. Jeho <b>\u00fa\u010dinek<\/b> je zalo\u017een na slo\u017ek\u00e1ch, jako je <em>pelyn\u011bk<\/em>, <em>h\u0159eb\u00ed\u010dek<\/em> a <em>vl\u010d\u00ed bob,<\/em> kter\u00e9 maj\u00ed antiseptick\u00e9 a antiparazit\u00e1rn\u00ed vlastnosti. Pravideln\u00e9 <b>u\u017e\u00edv\u00e1n\u00ed<\/b> Paraxanu podporuje detoxikaci organismu a tr\u00e1vic\u00ed procesy.<\/p>\n\n\n\n\n\n<p>Tento dopln\u011bk stravy podporuje st\u0159evn\u00ed mikrofl\u00f3ru a imunitn\u00ed syst\u00e9m, co\u017e je d\u016fle\u017eitou sou\u010d\u00e1st\u00ed prevence proti parazit\u00e1rn\u00edm infekc\u00edm. U\u017eivatel\u00e9 \u010dasto zaznamen\u00e1vaj\u00ed zlep\u0161en\u00ed sv\u00e9 pohody a sn\u00ed\u017een\u00ed zdravotn\u00edch probl\u00e9m\u016f spojen\u00fdch s parazity.<\/p>\n\n\n\n\n\n<p>Paraxan z\u00edskal vysok\u00e9 hodnocen\u00ed 4,9\/5 na z\u00e1klad\u011b 122 hlas\u016f u\u017eivatel\u016f, co\u017e sv\u011bd\u010d\u00ed o jeho \u00fa\u010dinnosti. D\u00edky sv\u00fdm p\u0159\u00edrodn\u00edm slo\u017ek\u00e1m je Paraxan pova\u017eov\u00e1n za bezpe\u010dn\u00fd prost\u0159edek pro pos\u00edlen\u00ed <b>zdrav\u00ed.<\/b> Stoj\u00ed za zm\u00ednku, \u017ee v\u00fdrobek lze zakoupit v\u00fdhradn\u011b na webov\u00fdch str\u00e1nk\u00e1ch v\u00fdrobce, kter\u00e9 poskytuj\u00ed p\u0159\u00edstup k aktu\u00e1ln\u00edm akc\u00edm.<\/p>\n\n\n\n\n\n<h2 class=\"wp-block-heading\">Jak\u00e9 jsou \u00fa\u010dinky pou\u017e\u00edv\u00e1n\u00ed Paraxan?<\/h2>\n\n\n\n\n\n<p><b>Pou\u017e\u00edv\u00e1n\u00ed<\/b> Paraxan m\u016f\u017ee m\u00edt \u0159adu p\u0159\u00edzniv\u00fdch <em>\u00fa\u010dink\u016f<\/em>, kter\u00e9 maj\u00ed pozitivn\u00ed dopad na celkov\u00e9 <em>zdrav\u00ed<\/em>. Kl\u00ed\u010dov\u00fdm <em>d p\u016fsoben\u00edm<\/em> tohoto dopl\u0148ku stravy je eliminace <em>parazit\u016f<\/em>, co\u017e p\u0159isp\u00edv\u00e1 ke zlep\u0161en\u00ed pocitu pohody a blahobytu. U\u017eivatel\u00e9 uv\u00e1d\u011bj\u00ed v\u00fdraznou \u00falevu od \u017ealude\u010dn\u00edch pot\u00ed\u017e\u00ed a zlep\u0161en\u00ed tr\u00e1ven\u00ed.<\/p>\n\n\n\n\n\n<ul class=\"wp-block-list\">\n\n<li><em>Zlep\u0161en\u00ed celkov\u00e9ho zdravotn\u00edho stavu<\/em> &#8211; <b>u\u017e\u00edv\u00e1n\u00ed p\u0159\u00edprav<\/b> ku Paraxan podporuje organismus v boji proti parazit\u00e1rn\u00edm infekc\u00edm.<\/li>\n\n\n\n\n\n<li><em>Zv\u00fd\u0161en\u00ed energie<\/em> &#8211; U\u017eivatel\u00e9 poci\u0165uj\u00ed zv\u00fd\u0161enou vitalitu a sn\u00ed\u017een\u00ed \u00fanavy.<\/li>\n\n\n\n\n\n<li><em>Zlep\u0161en\u00ed imunity<\/em> &#8211; \u00da\u010dinnost p\u0159\u00edpravku Paraxan p\u0159isp\u00edv\u00e1 k pos\u00edlen\u00ed imunitn\u00edho syst\u00e9mu.<\/li>\n\n\n\n\n\n<li><em>Zlep\u0161en\u00ed rovnov\u00e1hy st\u0159evn\u00ed mikrofl\u00f3ry<\/em> &#8211; Dopln\u011bk stravy podporuje zdrav\u00e9 tr\u00e1ven\u00ed, kter\u00e9 je kl\u00ed\u010dem k dobr\u00e9 pohod\u011b.<\/li>\n\n<\/ul>\n\n\n\n\n\n<p>V\u00fdsledky p\u0159\u00edpravku Paraxan jsou nejv\u00edce patrn\u00e9 po dlouhodob\u00e9m u\u017e\u00edv\u00e1n\u00ed, co\u017e dokl\u00e1daj\u00ed \u010detn\u00e9 reference na internetov\u00fdch f\u00f3rech. U\u017eivatel\u00e9 tohoto p\u0159\u00edpravku obvykle zaznamen\u00e1vaj\u00ed <em>\u00fa\u010dinky<\/em> spojen\u00e9 s odstran\u011bn\u00edm <em>parazit\u016f<\/em> a zlep\u0161en\u00edm funkce tr\u00e1vic\u00edho traktu. P\u0159i pravideln\u00e9m u\u017e\u00edv\u00e1n\u00ed m\u016f\u017ee Paraxan poskytovat dlouhodob\u00e9 v\u00fdhody, podporovat detoxika\u010dn\u00ed proces organismu a zlep\u0161ovat celkov\u00fd <em>zdravotn\u00ed stav<\/em>.<\/p>\n\n\n\n\n\n<h2 class=\"wp-block-heading\">Jak spr\u00e1vn\u011b pou\u017e\u00edvat Paraxan &#8211; D\u00e1vkov\u00e1n\u00ed<\/h2>\n\n\n\n\n\n<p>U\u017e\u00edv\u00e1n\u00ed dopl\u0148ku stravy Paraxan vy\u017eaduje dodr\u017eov\u00e1n\u00ed ur\u010dit\u00fdch pravidel, aby byly zaji\u0161t\u011bny optim\u00e1ln\u00ed <b>v\u00fdsledky<\/b>. Doporu\u010den\u00e9 <b>d\u00e1vkov\u00e1n\u00ed<\/b> je jedna tobolka jednou nebo dvakr\u00e1t denn\u011b, nejl\u00e9pe nala\u010dno. Nezapome\u0148te poka\u017ed\u00e9 zap\u00edt dostate\u010dn\u00fdm mno\u017estv\u00edm vody. Pravideln\u00e9 u\u017e\u00edv\u00e1n\u00ed je pro \u00fa\u010dinnou kontrolu parazit\u016f z\u00e1sadn\u00ed.<\/p>\n\n\n\n\n\n<p>Je v\u0161ak t\u0159eba poznamenat, \u017ee <b>d\u00e1vkov\u00e1n\u00ed<\/b> se m\u016f\u017ee li\u0161it v z\u00e1vislosti na individu\u00e1ln\u00edch pot\u0159eb\u00e1ch a v\u011bku u\u017eivatele. U dosp\u011bl\u00fdch se doporu\u010duj\u00ed dv\u011b kapsle denn\u011b, zat\u00edmco d\u011bti by se m\u011bly omezit na jednu kapsli. Dopl\u0148ov\u00e1n\u00ed stravy t\u00edmto zp\u016fsobem podporuje organismus ve vylu\u010dov\u00e1n\u00ed voln\u011b \u017eij\u00edc\u00edch parazit\u016f.<\/p>\n\n\n\n\n\n<p>Bezpe\u010dn\u00e9 u\u017e\u00edv\u00e1n\u00ed p\u0159\u00edpravku Paraxan umo\u017e\u0148uj\u00ed p\u0159\u00edrodn\u00ed slo\u017eky obsa\u017een\u00e9 v dopl\u0148ku, jako je echinacea, \u0161\u00edpek a citr\u00e1t zine\u010dnat\u00fd. U\u017eivatel\u00e9 \u010dasto uv\u00e1d\u011bj\u00ed v\u00fdrazn\u00e9 zlep\u0161en\u00ed pohody ji\u017e po n\u011bkolika dnech u\u017e\u00edv\u00e1n\u00ed, co\u017e potvrzuje \u00fa\u010dinnost p\u0159\u00edpravku p\u0159i dlouhodob\u00e9m u\u017e\u00edv\u00e1n\u00ed dopl\u0148k\u016f.<\/p>\n\n\n\n\n\n<p>P\u0159i u\u017e\u00edv\u00e1n\u00ed p\u0159\u00edpravku Paraxan nebyly zaznamen\u00e1ny \u017e\u00e1dn\u00e9 vedlej\u0161\u00ed \u00fa\u010dinky a p\u0159\u00edpravek je pova\u017eov\u00e1n za bezpe\u010dn\u00fd pro v\u011bt\u0161inu u\u017eivatel\u016f. Doporu\u010den\u00e1 d\u00e1vka by v\u0161ak nem\u011bla b\u00fdt p\u0159ekro\u010dena. Pravidelnost v u\u017e\u00edv\u00e1n\u00ed dopl\u0148ku v kombinaci se spr\u00e1vnou stravou p\u0159isp\u00edv\u00e1 k dosa\u017een\u00ed nejlep\u0161\u00edch zdravotn\u00edch v\u00fdsledk\u016f.<\/p>\n\n\n\n\n\n<h2 class=\"wp-block-heading\">Paraxan &#8211; U\u017eivatelsk\u00e9 recenze, f\u00f3rum &#8211; Co na to \u0159\u00edkaj\u00ed u\u017eivatel\u00e9?<\/h2>\n\n\n\n\n\n<p><b>Recenze<\/b> u\u017eivatel\u016f Paraxan jsou r\u016fzn\u00e9, ale mnoho lid\u00ed uv\u00e1d\u00ed spokojenost s v\u00fdkonem tohoto dopl\u0148ku. Na internetov\u00fdch f\u00f3rech existuje mnoho pozitivn\u00edch posudk\u016f, kter\u00e9 poukazuj\u00ed na \u00fa\u010dinnost p\u0159\u00edpravku Paraxan a jeho p\u0159irozen\u00e9 <b>slo\u017een\u00ed.<\/b><\/p>\n\n\n\n\n\n<blockquote class=\"wp-block-quote is-layout-flow wp-block-quote-is-layout-flow\">\n\n<p><em>&#8222;Od t\u00e9 doby, co pou\u017e\u00edv\u00e1m Paraxan, jsem zaznamenal v\u00fdrazn\u00e9 zlep\u0161en\u00ed sv\u00e9ho zdrav\u00ed. D\u0159\u00edve jsem m\u00edval za\u017e\u00edvac\u00ed probl\u00e9my a nyn\u00ed se c\u00edt\u00edm lehk\u00fd a pln\u00fd energie. D\u0159\u00edve jsem b\u00fdval \u010dasto nemocn\u00fd a nyn\u00ed jsem mnohem zdrav\u011bj\u0161\u00ed. Opravdu ho doporu\u010duji!&#8220;<\/em> &#8211; Anna<\/p>\n\n<\/blockquote>\n\n\n\n\n\n<blockquote class=\"wp-block-quote is-layout-flow wp-block-quote-is-layout-flow\">\n\n<p><em>&#8222;Paraxan je opravdu p\u0159\u00edjemn\u00fd v\u00fdrobek. Po m\u011bs\u00edci pou\u017e\u00edv\u00e1n\u00ed jsem si v\u0161imla, \u017ee moje ple\u0165 vypad\u00e1 l\u00e9pe a nav\u00edc zmizely probl\u00e9my s alergi\u00ed. Z\u00e1rove\u0148 nem\u00e1 \u017e\u00e1dn\u00e9 vedlej\u0161\u00ed \u00fa\u010dinky. Byl to pro m\u011b hit.&#8220;<\/em> &#8211; Karol<\/p>\n\n<\/blockquote>\n\n\n\n\n\n<blockquote class=\"wp-block-quote is-layout-flow wp-block-quote-is-layout-flow\">\n\n<p><em>&#8222;K dopl\u0148k\u016fm stravy jsem byla velmi skeptick\u00e1, ale Paraxan m\u011b p\u0159ekvapil. M\u00e9 p\u0159\u00edznaky astmatu se zm\u00edrnily a c\u00edt\u00edm se l\u00e9pe ne\u017e kdykoli p\u0159edt\u00edm. Ur\u010dit\u011b ho budu pou\u017e\u00edvat i nad\u00e1le&#8220;<\/em> &#8211; Tomasz<\/p>\n\n<\/blockquote>\n\n\n\n\n\n<p>Mnoho u\u017eivatel\u016f na <b>f\u00f3ru<\/b> zd\u016fraz\u0148uje, \u017ee kl\u00ed\u010dem k \u00fasp\u011bchu je pravideln\u00e9 u\u017e\u00edv\u00e1n\u00ed p\u0159\u00edpravku podle doporu\u010den\u00ed. <b>Zp\u011btn\u00e1 vazba<\/b> potvrzuje, \u017ee Paraxan m\u00e1 skute\u010dn\u00e9 zdravotn\u00ed p\u0159\u00ednosy, v\u010detn\u011b zlep\u0161en\u00ed tr\u00e1ven\u00ed, zv\u00fd\u0161en\u00ed energie a zlep\u0161en\u00ed vzhledu poko\u017eky. Navzdory ob\u010dasn\u00fdm zpr\u00e1v\u00e1m o vedlej\u0161\u00edch \u00fa\u010dinc\u00edch, jako jsou bolesti hlavy a nevolnost, p\u0159eva\u017euj\u00ed pozitivn\u00ed koment\u00e1\u0159e. D\u00edky <b>slo\u017een\u00ed<\/b> zalo\u017een\u00e9mu na p\u0159\u00edrodn\u00edch slo\u017ek\u00e1ch se mnoz\u00ed u\u017eivatel\u00e9 p\u0159i jeho pou\u017e\u00edv\u00e1n\u00ed c\u00edt\u00ed bezpe\u010dn\u011b. Paraxan z\u00edskal uzn\u00e1n\u00ed na <b>f\u00f3rech,<\/b> kter\u00e1 mohou potvrdit jeho kvalitu a \u00fa\u010dinnost v boji proti parazit\u016fm u lid\u00ed.<\/p>\n\n\n\n\n\n<h2 class=\"wp-block-heading\">Paraxan &#8211; slo\u017een\u00ed &#8211; co obsahuje?<\/h2>\n\n\n\n\n\n<p><b>Slo\u017een\u00ed p\u0159\u00edpravku<\/b> Paraxan je zalo\u017eeno na <em>p\u0159\u00edrodn\u00edch slo\u017ek\u00e1ch<\/em>, co\u017e z n\u011bj \u010din\u00ed bezpe\u010dnou volbu pro ty, kte\u0159\u00ed cht\u011bj\u00ed pe\u010dovat o sv\u00e9 <b>zdrav\u00ed.<\/b> Tento v\u00fdrobek funguje jako \u00fa\u010dinn\u00fd <em>dopln\u011bk stravy<\/em> s antiparazit\u00e1rn\u00edmi \u00fa\u010dinky.<\/p>\n\n\n\n\n\n<p>Slo\u017een\u00ed p\u0159\u00edpravku Paraxan zahrnuje pe\u010dliv\u011b vybran\u00e9 rostlinn\u00e9 extrakty, kter\u00e9 podporuj\u00ed t\u011blo v procesu detoxikace. Mezi kl\u00ed\u010dov\u00e9 slo\u017eky pat\u0159\u00ed:<\/p>\n\n\n\n\n\n<ul class=\"wp-block-list\">\n\n<li>Extrakt z grapefruitov\u00fdch sem\u00ednek<\/li>\n\n\n\n\n\n<li>\u010cesnek<\/li>\n\n\n\n\n\n<li>H\u0159eb\u00ed\u010dek<\/li>\n\n\n\n\n\n<li>Pelyn\u011bk<\/li>\n\n\n\n\n\n<li>\u017dabinec<\/li>\n\n<\/ul>\n\n\n\n\n\n<p>Tyto <em>p\u0159\u00edrodn\u00ed slo\u017eky<\/em> p\u0159isp\u00edvaj\u00ed k likvidaci parazit\u016f a zabra\u0148uj\u00ed jejich mno\u017een\u00ed. V\u00fdrobce zaji\u0161\u0165uje, \u017ee slo\u017eky jsou vybr\u00e1ny tak, aby zvy\u0161ovaly \u00fa\u010dinnost <em>dopl\u0148ku stravy<\/em>. <b>\u00da\u010dinek p\u0159\u00edpravku<\/b> Paraxan je zalo\u017een na synergii t\u011bchto slo\u017eek, a proto si v\u00fdrobek z\u00edskal uzn\u00e1n\u00ed u\u017eivatel\u016f.<\/p>\n\n\n\n\n\n<p>Mezi <em>p\u0159\u00edrodn\u00edmi slo\u017ekami<\/em> Paraxan vynik\u00e1 dobr\u00fdm bezpe\u010dnostn\u00edm profilem. V\u00fdrobek je inzerov\u00e1n jako bez vedlej\u0161\u00edch \u00fa\u010dink\u016f a kontraindikac\u00ed, s v\u00fdjimkou t\u011bhotn\u00fdch a koj\u00edc\u00edch \u017een a osob alergick\u00fdch na slo\u017eky dopl\u0148ku. Doporu\u010duje se u\u017e\u00edvat jednu kapsli denn\u011b nala\u010dno, zap\u00edt velkou sklenic\u00ed vody.<\/p>\n\n\n\n\n\n<h2 class=\"wp-block-heading\">Kde koupit a kolik stoj\u00ed Paraxan &#8211; cena<\/h2>\n\n\n\n\n\n<p>Paraxan je k dost\u00e1n\u00ed v\u00fdhradn\u011b na ofici\u00e1ln\u00edch <em>str\u00e1nk\u00e1ch v\u00fdrobce<\/em>. N\u00e1kup online poskytuje plnou jistotu, \u017ee obdr\u017e\u00edte origin\u00e1ln\u00ed v\u00fdrobek. <b>Cena p\u0159\u00edpravku<\/b> Paraxan se m\u016f\u017ee m\u011bnit v z\u00e1vislosti na aktu\u00e1ln\u00edch akc\u00edch, proto se vyplat\u00ed sledovat dostupn\u00e9 nab\u00eddky. Stoj\u00ed za zm\u00ednku, \u017ee Paraxan nen\u00ed v\u016fbec dostupn\u00fd ve stacion\u00e1rn\u00edch l\u00e9k\u00e1rn\u00e1ch, tak\u017ee n\u00e1kup online je jedin\u00fdm rozumn\u00fdm \u0159e\u0161en\u00edm.<\/p>\n\n\n\n\n\n<p>Za zm\u00ednku tak\u00e9 stoj\u00ed, \u017ee mnoho lid\u00ed hled\u00e1 odpov\u011bdi na ot\u00e1zku, <em>kde koupit<\/em> Paraxan, tak\u017ee z\u00e1jem o tento produkt roste na internetov\u00fdch f\u00f3rech, kde se u\u017eivatel\u00e9 d\u011bl\u00ed o sv\u00e9 zku\u0161enosti. <b>Recenze<\/b> jsou v\u011bt\u0161inou pozitivn\u00ed a kl\u00ed\u010dov\u00e9 informace o jeho \u00fa\u010dinnosti, p\u0159\u00edrodn\u00edch slo\u017ek\u00e1ch a snadn\u00e9m pou\u017eit\u00ed z\u00edsk\u00e1vaj\u00ed velkou pozornost.<\/p>\n\n\n\n\n\n<h2 class=\"wp-block-heading\">Paraxan &#8211; Ne\u017e\u00e1douc\u00ed \u00fa\u010dinky a kontraindikace &#8211; Bezpe\u010dnost pou\u017e\u00edv\u00e1n\u00ed<\/h2>\n\n\n\n\n\n<p>Paraxan je jako dopln\u011bk stravy obecn\u011b pova\u017eov\u00e1n za bezpe\u010dn\u00fd. Nicm\u00e9n\u011b jako u ka\u017ed\u00e9ho v\u00fdrobku m\u016f\u017ee existovat riziko ne\u017e\u00e1douc\u00edch \u00fa\u010dink\u016f. U u\u017eivatel\u016f se mohou vyskytnout m\u00edrn\u00e9 alergick\u00e9 reakce nebo \u017ealude\u010dn\u00ed probl\u00e9my. Lid\u00e9 s alergi\u00ed na n\u011bkterou ze slo\u017eek p\u0159\u00edpravku by se m\u011bli u\u017e\u00edv\u00e1n\u00ed p\u0159\u00edpravku Paraxan vyhnout. P\u0159ed zah\u00e1jen\u00edm u\u017e\u00edv\u00e1n\u00ed dopl\u0148k\u016f stravy se doporu\u010duje poradit se s l\u00e9ka\u0159em, zejm\u00e9na u osob s chronick\u00fdm onemocn\u011bn\u00edm.<\/p>\n\n\n\n\n\n<p>Bezpe\u010dnost p\u0159\u00edpravku Paraxan je tak\u00e9 z\u00e1visl\u00e1 na dodr\u017eov\u00e1n\u00ed doporu\u010den\u00e9ho d\u00e1vkov\u00e1n\u00ed. U\u017e\u00edv\u00e1n\u00ed 1 tablety 2-3 hodiny p\u0159ed j\u00eddlem je kl\u00ed\u010dov\u00e9 pro minimalizaci rizika mo\u017en\u00fdch ne\u017e\u00e1douc\u00edch \u00fa\u010dink\u016f. Pro dosa\u017een\u00ed optim\u00e1ln\u00edch v\u00fdsledk\u016f p\u0159i zachov\u00e1n\u00ed bezpe\u010dnosti je d\u016fle\u017eit\u00e9 u\u017e\u00edvat dopln\u011bk podle pokyn\u016f.<\/p>\n\n\n\n\n\n<p>Z\u00e1v\u011brem lze \u0159\u00edci, \u017ee p\u0159\u00edpravek Paraxan m\u016f\u017ee b\u00fdt \u00fa\u010dinn\u00fdm n\u00e1strojem v boji proti parazit\u016fm za p\u0159edpokladu, \u017ee jeho u\u017e\u00edv\u00e1n\u00ed prob\u00edh\u00e1 s n\u00e1le\u017eit\u00fdmi bezpe\u010dnostn\u00edmi opat\u0159en\u00edmi. P\u00e9\u010de o zdrav\u00ed a konzultace s l\u00e9ka\u0159em jsou kl\u00ed\u010dov\u00fdmi kroky k zaji\u0161t\u011bn\u00ed \u00fa\u010dinnosti a bezpe\u010dnosti b\u011bhem l\u00e9\u010dby. P\u0159ed zah\u00e1jen\u00edm u\u017e\u00edv\u00e1n\u00ed dopl\u0148k\u016f nezapome\u0148te na mo\u017en\u00e9 kontraindikace a ne\u017e\u00e1douc\u00ed \u00fa\u010dinky.<\/p>\n\n","protected":false},"excerpt":{"rendered":"<p><strong>[date_countdown]<\/strong><\/p>\n<p><strong><img decoding=\"async\" class=\"alignnone  wp-image-8078\" src=\"https:\/\/www.mojeplazma.cz\/farmacie\/wp-content\/uploads\/2024\/10\/SAFE-PAY-300x88-1.png\" alt=\"SAFE-PAY-300x88\" width=\"154\" height=\"45\" \/><\/strong><\/p>\n","protected":false},"featured_media":4276,"comment_status":"open","ping_status":"closed","template":"","meta":{"neve_meta_sidebar":"","neve_meta_container":"","neve_meta_enable_content_width":"","neve_meta_content_width":0,"neve_meta_title_alignment":"","neve_meta_author_avatar":"","neve_post_elements_order":"","neve_meta_disable_header":"","neve_meta_disable_footer":"","neve_meta_disable_title":"","neve_meta_reading_time":""},"product_brand":[],"product_cat":[15],"product_tag":[],"class_list":{"0":"post-4248","1":"product","2":"type-product","3":"status-publish","4":"has-post-thumbnail","6":"product_cat-zdravi","8":"first","9":"instock","10":"sale","11":"shipping-taxable","12":"product-type-external"},"yoast_head":"<!-- This site is optimized with the Yoast SEO plugin v27.3 - https:\/\/yoast.com\/product\/yoast-seo-wordpress\/ -->\n<title>Paraxan - Recenze, L\u00e9k\u00e1rna, Cena - 50%, F\u00f3rum, \u00da\u010dinky | 2026<\/title>\n<meta name=\"robots\" content=\"index, follow, max-snippet:-1, max-image-preview:large, max-video-preview:-1\" \/>\n<link rel=\"canonical\" href=\"https:\/\/www.mojeplazma.cz\/farmacie\/farmacie\/paraxan\/\" \/>\n<meta property=\"og:locale\" content=\"cs_CZ\" \/>\n<meta property=\"og:type\" content=\"article\" \/>\n<meta property=\"og:title\" content=\"Paraxan - Recenze, L\u00e9k\u00e1rna, Cena - 50%, F\u00f3rum, \u00da\u010dinky | 2026\" \/>\n<meta property=\"og:url\" content=\"https:\/\/www.mojeplazma.cz\/farmacie\/farmacie\/paraxan\/\" \/>\n<meta property=\"og:site_name\" content=\"MojePlazma\" \/>\n<meta property=\"article:modified_time\" content=\"2024-11-16T16:57:25+00:00\" \/>\n<meta property=\"og:image\" content=\"https:\/\/www.mojeplazma.cz\/farmacie\/wp-content\/uploads\/2024\/10\/Paraxan.jpg\" \/>\n\t<meta property=\"og:image:width\" content=\"768\" \/>\n\t<meta property=\"og:image:height\" content=\"768\" \/>\n\t<meta property=\"og:image:type\" content=\"image\/jpeg\" \/>\n<meta name=\"twitter:card\" content=\"summary_large_image\" \/>\n<meta name=\"twitter:description\" content=\"[date_countdown]\" \/>\n<meta name=\"twitter:label1\" content=\"Odhadovan\u00e1 doba \u010dten\u00ed\" \/>\n\t<meta name=\"twitter:data1\" content=\"6 minut\" \/>\n<script type=\"application\/ld+json\" class=\"yoast-schema-graph\">{\"@context\":\"https:\\\/\\\/schema.org\",\"@graph\":[{\"@type\":\"WebPage\",\"@id\":\"https:\\\/\\\/www.mojeplazma.cz\\\/farmacie\\\/farmacie\\\/paraxan\\\/\",\"url\":\"https:\\\/\\\/www.mojeplazma.cz\\\/farmacie\\\/farmacie\\\/paraxan\\\/\",\"name\":\"Paraxan - Recenze, L\u00e9k\u00e1rna, Cena - 50%, F\u00f3rum, \u00da\u010dinky | 2026\",\"isPartOf\":{\"@id\":\"https:\\\/\\\/www.mojeplazma.cz\\\/farmacie\\\/#website\"},\"primaryImageOfPage\":{\"@id\":\"https:\\\/\\\/www.mojeplazma.cz\\\/farmacie\\\/farmacie\\\/paraxan\\\/#primaryimage\"},\"image\":{\"@id\":\"https:\\\/\\\/www.mojeplazma.cz\\\/farmacie\\\/farmacie\\\/paraxan\\\/#primaryimage\"},\"thumbnailUrl\":\"https:\\\/\\\/www.mojeplazma.cz\\\/farmacie\\\/wp-content\\\/uploads\\\/2024\\\/10\\\/Paraxan.jpg\",\"datePublished\":\"2024-10-10T16:29:09+00:00\",\"dateModified\":\"2024-11-16T16:57:25+00:00\",\"breadcrumb\":{\"@id\":\"https:\\\/\\\/www.mojeplazma.cz\\\/farmacie\\\/farmacie\\\/paraxan\\\/#breadcrumb\"},\"inLanguage\":\"cs\",\"potentialAction\":[{\"@type\":\"ReadAction\",\"target\":[\"https:\\\/\\\/www.mojeplazma.cz\\\/farmacie\\\/farmacie\\\/paraxan\\\/\"]}]},{\"@type\":\"ImageObject\",\"inLanguage\":\"cs\",\"@id\":\"https:\\\/\\\/www.mojeplazma.cz\\\/farmacie\\\/farmacie\\\/paraxan\\\/#primaryimage\",\"url\":\"https:\\\/\\\/www.mojeplazma.cz\\\/farmacie\\\/wp-content\\\/uploads\\\/2024\\\/10\\\/Paraxan.jpg\",\"contentUrl\":\"https:\\\/\\\/www.mojeplazma.cz\\\/farmacie\\\/wp-content\\\/uploads\\\/2024\\\/10\\\/Paraxan.jpg\",\"width\":768,\"height\":768},{\"@type\":\"BreadcrumbList\",\"@id\":\"https:\\\/\\\/www.mojeplazma.cz\\\/farmacie\\\/farmacie\\\/paraxan\\\/#breadcrumb\",\"itemListElement\":[{\"@type\":\"ListItem\",\"position\":1,\"name\":\"Strona g\u0142\u00f3wna\",\"item\":\"https:\\\/\\\/www.mojeplazma.cz\\\/farmacie\\\/\"},{\"@type\":\"ListItem\",\"position\":2,\"name\":\"farmacie\",\"item\":\"https:\\\/\\\/www.mojeplazma.cz\\\/farmacie\\\/\"},{\"@type\":\"ListItem\",\"position\":3,\"name\":\"Paraxan\"}]},{\"@type\":\"WebSite\",\"@id\":\"https:\\\/\\\/www.mojeplazma.cz\\\/farmacie\\\/#website\",\"url\":\"https:\\\/\\\/www.mojeplazma.cz\\\/farmacie\\\/\",\"name\":\"mojeplazma.cz\",\"description\":\"\",\"potentialAction\":[{\"@type\":\"SearchAction\",\"target\":{\"@type\":\"EntryPoint\",\"urlTemplate\":\"https:\\\/\\\/www.mojeplazma.cz\\\/farmacie\\\/?s={search_term_string}\"},\"query-input\":{\"@type\":\"PropertyValueSpecification\",\"valueRequired\":true,\"valueName\":\"search_term_string\"}}],\"inLanguage\":\"cs\"}]}<\/script>\n<!-- \/ Yoast SEO plugin. -->","yoast_head_json":{"title":"Paraxan - Recenze, L\u00e9k\u00e1rna, Cena - 50%, F\u00f3rum, \u00da\u010dinky | 2026","robots":{"index":"index","follow":"follow","max-snippet":"max-snippet:-1","max-image-preview":"max-image-preview:large","max-video-preview":"max-video-preview:-1"},"canonical":"https:\/\/www.mojeplazma.cz\/farmacie\/farmacie\/paraxan\/","og_locale":"cs_CZ","og_type":"article","og_title":"Paraxan - Recenze, L\u00e9k\u00e1rna, Cena - 50%, F\u00f3rum, \u00da\u010dinky | 2026","og_url":"https:\/\/www.mojeplazma.cz\/farmacie\/farmacie\/paraxan\/","og_site_name":"MojePlazma","article_modified_time":"2024-11-16T16:57:25+00:00","og_image":[{"width":768,"height":768,"url":"https:\/\/www.mojeplazma.cz\/farmacie\/wp-content\/uploads\/2024\/10\/Paraxan.jpg","type":"image\/jpeg"}],"twitter_card":"summary_large_image","twitter_description":"[date_countdown]","twitter_misc":{"Odhadovan\u00e1 doba \u010dten\u00ed":"6 minut"},"schema":{"@context":"https:\/\/schema.org","@graph":[{"@type":"WebPage","@id":"https:\/\/www.mojeplazma.cz\/farmacie\/farmacie\/paraxan\/","url":"https:\/\/www.mojeplazma.cz\/farmacie\/farmacie\/paraxan\/","name":"Paraxan - Recenze, L\u00e9k\u00e1rna, Cena - 50%, F\u00f3rum, \u00da\u010dinky | 2026","isPartOf":{"@id":"https:\/\/www.mojeplazma.cz\/farmacie\/#website"},"primaryImageOfPage":{"@id":"https:\/\/www.mojeplazma.cz\/farmacie\/farmacie\/paraxan\/#primaryimage"},"image":{"@id":"https:\/\/www.mojeplazma.cz\/farmacie\/farmacie\/paraxan\/#primaryimage"},"thumbnailUrl":"https:\/\/www.mojeplazma.cz\/farmacie\/wp-content\/uploads\/2024\/10\/Paraxan.jpg","datePublished":"2024-10-10T16:29:09+00:00","dateModified":"2024-11-16T16:57:25+00:00","breadcrumb":{"@id":"https:\/\/www.mojeplazma.cz\/farmacie\/farmacie\/paraxan\/#breadcrumb"},"inLanguage":"cs","potentialAction":[{"@type":"ReadAction","target":["https:\/\/www.mojeplazma.cz\/farmacie\/farmacie\/paraxan\/"]}]},{"@type":"ImageObject","inLanguage":"cs","@id":"https:\/\/www.mojeplazma.cz\/farmacie\/farmacie\/paraxan\/#primaryimage","url":"https:\/\/www.mojeplazma.cz\/farmacie\/wp-content\/uploads\/2024\/10\/Paraxan.jpg","contentUrl":"https:\/\/www.mojeplazma.cz\/farmacie\/wp-content\/uploads\/2024\/10\/Paraxan.jpg","width":768,"height":768},{"@type":"BreadcrumbList","@id":"https:\/\/www.mojeplazma.cz\/farmacie\/farmacie\/paraxan\/#breadcrumb","itemListElement":[{"@type":"ListItem","position":1,"name":"Strona g\u0142\u00f3wna","item":"https:\/\/www.mojeplazma.cz\/farmacie\/"},{"@type":"ListItem","position":2,"name":"farmacie","item":"https:\/\/www.mojeplazma.cz\/farmacie\/"},{"@type":"ListItem","position":3,"name":"Paraxan"}]},{"@type":"WebSite","@id":"https:\/\/www.mojeplazma.cz\/farmacie\/#website","url":"https:\/\/www.mojeplazma.cz\/farmacie\/","name":"mojeplazma.cz","description":"","potentialAction":[{"@type":"SearchAction","target":{"@type":"EntryPoint","urlTemplate":"https:\/\/www.mojeplazma.cz\/farmacie\/?s={search_term_string}"},"query-input":{"@type":"PropertyValueSpecification","valueRequired":true,"valueName":"search_term_string"}}],"inLanguage":"cs"}]}},"_links":{"self":[{"href":"https:\/\/www.mojeplazma.cz\/farmacie\/wp-json\/wp\/v2\/product\/4248","targetHints":{"allow":["GET"]}}],"collection":[{"href":"https:\/\/www.mojeplazma.cz\/farmacie\/wp-json\/wp\/v2\/product"}],"about":[{"href":"https:\/\/www.mojeplazma.cz\/farmacie\/wp-json\/wp\/v2\/types\/product"}],"replies":[{"embeddable":true,"href":"https:\/\/www.mojeplazma.cz\/farmacie\/wp-json\/wp\/v2\/comments?post=4248"}],"wp:featuredmedia":[{"embeddable":true,"href":"https:\/\/www.mojeplazma.cz\/farmacie\/wp-json\/wp\/v2\/media\/4276"}],"wp:attachment":[{"href":"https:\/\/www.mojeplazma.cz\/farmacie\/wp-json\/wp\/v2\/media?parent=4248"}],"wp:term":[{"taxonomy":"product_brand","embeddable":true,"href":"https:\/\/www.mojeplazma.cz\/farmacie\/wp-json\/wp\/v2\/product_brand?post=4248"},{"taxonomy":"product_cat","embeddable":true,"href":"https:\/\/www.mojeplazma.cz\/farmacie\/wp-json\/wp\/v2\/product_cat?post=4248"},{"taxonomy":"product_tag","embeddable":true,"href":"https:\/\/www.mojeplazma.cz\/farmacie\/wp-json\/wp\/v2\/product_tag?post=4248"}],"curies":[{"name":"wp","href":"https:\/\/api.w.org\/{rel}","templated":true}]}}