{"id":4283,"date":"2024-10-10T16:29:32","date_gmt":"2024-10-10T16:29:32","guid":{"rendered":"https:\/\/www.mojeplazma.cz\/farmacie\/?post_type=product&#038;p=4283"},"modified":"2024-11-18T11:25:47","modified_gmt":"2024-11-18T11:25:47","slug":"nicosinex","status":"publish","type":"product","link":"https:\/\/www.mojeplazma.cz\/farmacie\/farmacie\/nicosinex\/","title":{"rendered":"Nicosinex"},"content":{"rendered":"\n<h2 class=\"wp-block-heading\">Co je p\u0159\u00edpravek Nicosinex a jak funguje?<\/h2>\n\n\n\n<p><b>Nicosinex<\/b> je inovativn\u00ed <em>dopln\u011bk stravy<\/em>, kter\u00fd podporuje lidi, kte\u0159\u00ed se cht\u011bj\u00ed zbavit sv\u00e9ho ku\u0159\u00e1ck\u00e9ho n\u00e1vyku. Jeho <strong>\u00fa\u010dinek Nicosinex<\/strong> je zalo\u017een na p\u0159\u00edrodn\u00edch slo\u017ek\u00e1ch, jako jsou rostlinn\u00e9 v\u00fdta\u017eky. Tyto slo\u017eky jsou navr\u017eeny tak, aby podporovaly t\u011blo v n\u00e1ro\u010dn\u00e9m procesu odvyk\u00e1n\u00ed nikotinu.<\/p>\n\n\n\n<p>P\u0159\u00edpravek minimalizuje abstinen\u010dn\u00ed p\u0159\u00edznaky, kter\u00e9 v\u00fdznamn\u011b ovliv\u0148uj\u00ed komfort lid\u00ed, kte\u0159\u00ed p\u0159est\u00e1vaj\u00ed kou\u0159it. Pravideln\u00e9 u\u017e\u00edv\u00e1n\u00ed p\u0159\u00edpravku Nicosinex umo\u017e\u0148uje t\u011blu \u00fa\u010dinn\u011bj\u0161\u00ed detoxikaci od toxick\u00fdch l\u00e1tek spojen\u00fdch s kou\u0159en\u00edm. U\u017eivatel\u00e9 si v\u0161imnou, \u017ee d\u00edky p\u0159\u00edpravku Nicosinex se v\u00fdrazn\u011b sni\u017euje jejich touha po nikotinu.<\/p>\n\n\n\n<ul class=\"wp-block-list\">\n<li>Sn\u00ed\u017een\u00ed touhy po nikotinu.<\/li>\n\n\n\n<li>Podpora procesu detoxikace.<\/li>\n\n\n\n<li>Zlep\u0161en\u00ed du\u0161evn\u00ed rovnov\u00e1hy a sn\u00ed\u017een\u00ed stresu.<\/li>\n<\/ul>\n\n\n\n<p>Zaznamenan\u00e9 pozorovan\u00e9 \u00fa\u010dinky ukazuj\u00ed na v\u00fdrazn\u00e9 zlep\u0161en\u00ed pohody u\u017eivatel\u016f a tak\u00e9 na lep\u0161\u00ed funkci plic po u\u017e\u00edv\u00e1n\u00ed p\u0159\u00edpravku Nicosinex. Krom\u011b toho <strong>dopl\u0148ky stravy pro odvyk\u00e1n\u00ed kou\u0159en\u00ed,<\/strong> jako je Nicosinex, v\u00fdrazn\u011b zvy\u0161uj\u00ed \u0161anci na dlouhodob\u00e9 odvyk\u00e1n\u00ed kou\u0159en\u00ed, co\u017e potvrzuj\u00ed statistiky u\u017eivatel\u016f.<\/p>\n\n\n\n<h2 class=\"wp-block-heading\">Jak\u00e9 jsou \u00fa\u010dinky u\u017e\u00edv\u00e1n\u00ed p\u0159\u00edpravku Nicosinex?<\/h2>\n\n\n\n<p><b>\u00da\u010dinky p\u0159\u00edpravku Nicosinex<\/b> jsou velmi slibn\u00e9 a p\u0159itahuj\u00ed pozornost t\u011bch, kte\u0159\u00ed cht\u011bj\u00ed p\u0159estat kou\u0159it. P\u0159\u00edpravek si vyslou\u017eil vysok\u00e9 hodnocen\u00ed 4,92 hv\u011bzdi\u010dek z 5, kter\u00e9 potvrzuje <em>\u00fa\u010dinnost<\/em> p\u0159\u00edpravku <em>Nicosinex<\/em> p\u0159i detoxikaci a sni\u017eov\u00e1n\u00ed abstinen\u010dn\u00edch p\u0159\u00edznak\u016f. U\u017eivatel\u00e9 zaznamenali v\u00fdrazn\u00e9 sn\u00ed\u017een\u00ed chuti na nikotin a zlep\u0161en\u00ed celkov\u00e9 du\u0161evn\u00ed pohody.<\/p>\n\n\n\n<ul class=\"wp-block-list\">\n<li>Mnoho u\u017eivatel\u016f uv\u00e1d\u00ed v\u00fdrazn\u00e9 zlep\u0161en\u00ed n\u00e1lady a v\u011bt\u0161\u00ed motivaci p\u0159estat kou\u0159it.<\/li>\n\n\n\n<li><b>\u00da\u010dinnost p\u0159\u00edpravku Nicosinex<\/b> se projevuje tak\u00e9 sn\u00ed\u017een\u00edm podr\u00e1\u017ed\u011bnosti a probl\u00e9m\u016f se soust\u0159ed\u011bn\u00edm, tedy probl\u00e9m\u016f, kter\u00e9 se \u010dasto vyskytuj\u00ed p\u0159i odvyk\u00e1n\u00ed nikotinu.<\/li>\n\n\n\n<li>L\u00e1tky obsa\u017een\u00e9 v p\u0159\u00edpravku Nicosinex, jako je libanonsk\u00e1 m\u00e1ta a eukalyptov\u00fd olej, ovliv\u0148uj\u00ed regulaci metabolick\u00fdch proces\u016f, co\u017e d\u00e1le podporuje \u00fa\u010dinnost terapie.<\/li>\n<\/ul>\n\n\n\n<p>Stoj\u00ed za zm\u00ednku, \u017ee <em>ohlasy u\u017eivatel\u016f<\/em> jsou veskrze pozitivn\u00ed. Uk\u00e1zkov\u00e9 reference spokojen\u00fdch z\u00e1kazn\u00edk\u016f ukazuj\u00ed, \u017ee \u00fa\u010dinek p\u0159\u00edpravku se m\u016f\u017ee li\u0161it v z\u00e1vislosti na individu\u00e1ln\u00edch predispozic\u00edch a pravidelnosti l\u00e9\u010dby.<\/p>\n\n\n\n<p>Z\u00e1v\u011brem lze \u0159\u00edci, \u017ee \u00fa\u010dinky p\u0159\u00edpravku Nicosinex nazna\u010duj\u00ed jeho vysokou \u00fa\u010dinnost p\u0159i podpo\u0159e procesu odvyk\u00e1n\u00ed kou\u0159en\u00ed, co\u017e potvrzuje mno\u017estv\u00ed spokojen\u00fdch u\u017eivatel\u016f.<\/p>\n\n\n\n<figure class=\"wp-block-table\"><table class=\"has-fixed-layout\"><tbody><tr><th>\u00da\u010dinek<\/th><th>Popis<\/th><\/tr><tr><td>Sn\u00ed\u017een\u00ed touhy po nikotinu<\/td><td>V\u00fdrazn\u00e9 sn\u00ed\u017een\u00ed pot\u0159eby s\u00e1hnout po cigaret\u011b a sn\u00ed\u017een\u00ed pocitu touhy po nikotinu.<\/td><\/tr><tr><td>Zlep\u0161en\u00ed n\u00e1lady<\/td><td>Zv\u00fd\u0161en\u00e1 motivace p\u0159estat kou\u0159it a zlep\u0161en\u00ed du\u0161evn\u00ed pohody.<\/td><\/tr><tr><td>Sn\u00ed\u017een\u00ed podr\u00e1\u017ed\u011bnosti<\/td><td>M\u00edrn\u011bj\u0161\u00ed abstinen\u010dn\u00ed p\u0159\u00edznaky, jako je sn\u00ed\u017een\u00e1 podr\u00e1\u017ed\u011bnost nebo probl\u00e9my se soust\u0159ed\u011bn\u00edm.<\/td><\/tr><tr><td>Podpora p\u0159i detoxikaci<\/td><td><b>P\u0159\u00edrodn\u00ed slo\u017eky<\/b> podporuj\u00ed detoxikaci organismu, co\u017e urychluje proces odvyk\u00e1n\u00ed kou\u0159en\u00ed.<\/td><\/tr><\/tbody><\/table><\/figure>\n\n\n\n<h2 class=\"wp-block-heading\">D\u00e1vkov\u00e1n\u00ed p\u0159\u00edpravku Nicosinex &#8211; jak pou\u017e\u00edvat?<\/h2>\n\n\n\n<p><b>D\u00e1vkov\u00e1n\u00ed p\u0159\u00edpravku Nicosinex<\/b> by m\u011blo b\u00fdt u\u017e\u00edv\u00e1no v souladu s doporu\u010den\u00edm v\u00fdrobce. B\u011bhem po\u010d\u00e1te\u010dn\u00edho obdob\u00ed l\u00e9\u010dby se doporu\u010duje u\u017e\u00edvat dv\u011b tobolky denn\u011b po dobu prvn\u00edch dvou t\u00fddn\u016f. Kl\u00ed\u010dov\u00fdm faktorem pro dosa\u017een\u00ed pozitivn\u00edch \u00fa\u010dink\u016f je <em>pravidelnost<\/em> a dodr\u017eov\u00e1n\u00ed pokyn\u016f k d\u00e1vkov\u00e1n\u00ed.<\/p>\n\n\n\n<p>Po dvou t\u00fddnech je vhodn\u00e9 sn\u00ed\u017eit d\u00e1vkov\u00e1n\u00ed p\u0159\u00edpravku Nicosinex na jednu tobolku denn\u011b a pot\u00e9 u\u017e\u00edvat ka\u017ed\u00fd druh\u00fd den. Tento re\u017eim umo\u017e\u0148uje t\u011blu jemn\u011b se p\u0159izp\u016fsobit sn\u00ed\u017een\u00e9mu mno\u017estv\u00ed nikotinu a podporuje p\u0159irozen\u00fd proces odvyk\u00e1n\u00ed. Pokud n\u011bkdo kou\u0159\u00ed dlouhou dobu nebo se pot\u00fdk\u00e1 s t\u011b\u017ekou z\u00e1vislost\u00ed, v\u00fdrobce doporu\u010duje zv\u00e1\u017eit prodlou\u017een\u00ed pln\u00e9 d\u00e1vky na del\u0161\u00ed dobu.<\/p>\n\n\n\n<p>Nen\u00ed pochyb o tom, \u017ee <em>zp\u016fsob spr\u00e1vn\u00e9ho u\u017e\u00edv\u00e1n\u00ed p\u0159\u00edpravku Nicosinex<\/em> m\u016f\u017ee v\u00fdznamn\u011b ovlivnit \u00fa\u010dinnost tohoto dopl\u0148ku stravy. D\u00edky p\u0159\u00edrodn\u00edm slo\u017ek\u00e1m, jako je extrakt z kudzu, vitamin C a \u017een\u0161en, Nicosinex \u00fa\u010dinn\u011b sni\u017euje touhu po nikotinu a podporuje regeneraci organismu.<\/p>\n\n\n\n<p>Je d\u016fle\u017eit\u00e9 u\u017e\u00edvat Nicosinex s plnou d\u016fslednost\u00ed, proto\u017ee pozitivn\u00ed v\u00fdsledky se mohou projevit a\u017e po ur\u010dit\u00e9 dob\u011b. Dodr\u017eov\u00e1n\u00ed v\u00fd\u0161e uveden\u00e9ho d\u00e1vkovac\u00edho re\u017eimu zvy\u0161uje \u0161ance na \u00fasp\u011bch v boji proti z\u00e1vislosti na kou\u0159en\u00ed.<\/p>\n\n\n\n<h2 class=\"wp-block-heading\">Recenze a n\u00e1zory na Nicosinex<\/h2>\n\n\n\n<p><b>Recenze Nicosinex<\/b> jsou r\u016fzn\u00e9, ale v\u011bt\u0161inou pozitivn\u00ed, co\u017e dokazuje \u00fa\u010dinnost tohoto dopl\u0148ku v boji proti z\u00e1vislosti na nikotinu. Mnoho <em>zku\u0161enost\u00ed u\u017eivatel\u016f<\/em> zd\u016fraz\u0148uje r\u016fzn\u00e9 aspekty p\u0159\u00edpravku Nicosinex.<\/p>\n\n\n\n<blockquote class=\"wp-block-quote is-layout-flow wp-block-quote-is-layout-flow\">\n<p><strong>Kasia:<\/strong> &#8222;Nicosinex u\u017e\u00edv\u00e1m dva m\u011bs\u00edce a mohu s klidn\u00fdm sv\u011bdom\u00edm \u0159\u00edci, \u017ee mi pomohl v boji proti z\u00e1vislosti. Dostalo se mi obrovsk\u00e9 podpory a touha kou\u0159it se v\u00fdrazn\u011b sn\u00ed\u017eila. C\u00edt\u00edm se l\u00e9pe a stres spojen\u00fd s odvyk\u00e1n\u00edm kou\u0159en\u00ed jsem sn\u00e1ze sn\u00e1\u0161ela.&#8220;<\/p>\n<\/blockquote>\n\n\n\n<blockquote class=\"wp-block-quote is-layout-flow wp-block-quote-is-layout-flow\">\n<p><strong>Radoslaw:<\/strong> &#8222;Nicosinex jsem u\u017e\u00edval m\u011bs\u00edc. Zpo\u010d\u00e1tku jsem m\u011bl obavy, ale u\u017e po n\u011bkolika dnech jsem si v\u0161iml, \u017ee na cigarety nemysl\u00edm tak \u010dasto jako d\u0159\u00edve. P\u0159\u00edpravek funguje, i kdy\u017e k odvyk\u00e1n\u00ed kou\u0159en\u00ed je zapot\u0159eb\u00ed trp\u011blivosti a dal\u0161\u00edho \u00fasil\u00ed.&#8220;<\/p>\n<\/blockquote>\n\n\n\n<blockquote class=\"wp-block-quote is-layout-flow wp-block-quote-is-layout-flow\">\n<p><strong>Marta:<\/strong> &#8222;Nicosinex zm\u011bnil mou motivaci p\u0159estat kou\u0159it. Pro\u0161la jsem si n\u011bkolika t\u011b\u017ek\u00fdmi dny, ale kouzlo tohoto dopl\u0148ku spo\u010d\u00edv\u00e1 v tom, \u017ee funguje. Krom\u011b toho, \u017ee jsem p\u0159estala kou\u0159it, jsem zaznamenala i zlep\u0161en\u00ed celkov\u00e9 pohody.&#8220;<\/p>\n<\/blockquote>\n\n\n\n<p>Pozitivn\u00ed <em>hodnocen\u00ed<\/em> u\u017eivatel\u016f potvrzuj\u00ed i statistiky. A\u017e 70 % lid\u00ed zaznamenalo zlep\u0161en\u00ed ji\u017e po dvou t\u00fddnech u\u017e\u00edv\u00e1n\u00ed a 75 % poc\u00edtilo znateln\u00e9 \u00fa\u010dinky do jednoho m\u011bs\u00edce. Zvl\u00e1\u0161tn\u00ed pozornost p\u0159itahuj\u00ed kl\u00ed\u010dov\u00e9 slo\u017eky, jako je extrakt z prysky\u0159ice a eukalyptov\u00fd olej, kter\u00e9 85 % u\u017eivatel\u016f pova\u017euje za \u00fa\u010dinn\u00e9 p\u0159i zm\u00edr\u0148ov\u00e1n\u00ed abstinen\u010dn\u00edch p\u0159\u00edznak\u016f.<\/p>\n\n\n\n<h2 class=\"wp-block-heading\">Slo\u017een\u00ed p\u0159\u00edpravku Nicosinex &#8211; anal\u00fdza slo\u017eek<\/h2>\n\n\n\n<p><b>Slo\u017een\u00ed p\u0159\u00edpravku Nicosinex<\/b> zahrnuje pe\u010dliv\u011b vybran\u00e9 <em>p\u0159\u00edrodn\u00ed slo\u017eky, kter\u00e9<\/em> podporuj\u00ed organismus v procesu odvyk\u00e1n\u00ed kou\u0159en\u00ed. Tento p\u0159\u00edpravek obsahuje bylinn\u00e9 extrakty, vitaminy a miner\u00e1ly, kter\u00e9 vykazuj\u00ed antioxida\u010dn\u00ed \u00fa\u010dinky a tak\u00e9 podporuj\u00ed detoxikaci organismu a nervov\u00e9ho syst\u00e9mu.<\/p>\n\n\n\n<p>Zde jsou uvedeny hlavn\u00ed \u00fa\u010dinn\u00e9 l\u00e1tky, kter\u00e9 lze nal\u00e9zt ve slo\u017een\u00ed p\u0159\u00edpravku Nicosinex:<\/p>\n\n\n\n<ul class=\"wp-block-list\">\n<li><strong>Libanonsk\u00e1 m\u00e1ta<\/strong> &#8211; m\u00e1 zklid\u0148uj\u00edc\u00ed \u00fa\u010dinek na tr\u00e1vic\u00ed a d\u00fdchac\u00ed syst\u00e9m.<\/li>\n\n\n\n<li><strong>Eukalyptov\u00fd olej<\/strong> &#8211; podporuje d\u00fdchac\u00ed procesy, usnad\u0148uje detoxikaci organismu.<\/li>\n\n\n\n<li><strong>Citronov\u00fd olej<\/strong> &#8211; zvy\u0161uje imunitu organismu a m\u00e1 osv\u011b\u017euj\u00edc\u00ed \u00fa\u010dinek.<\/li>\n\n\n\n<li><strong>Sm\u011bs esenci\u00e1ln\u00edch olej\u016f<\/strong> &#8211; m\u00e1 relaxa\u010dn\u00ed \u00fa\u010dinek, kter\u00fd je kl\u00ed\u010dov\u00fd b\u011bhem odvyk\u00e1n\u00ed.<\/li>\n<\/ul>\n\n\n\n<p><b>P\u0159\u00edrodn\u00ed slo\u017eky<\/b> p\u0159\u00edpravku Nicosinex p\u0159isp\u00edvaj\u00ed k regulaci metabolick\u00fdch proces\u016f. U\u017eivatel\u00e9 uv\u00e1d\u011bj\u00ed zlep\u0161en\u00ed du\u0161evn\u00ed pohody, co\u017e m\u00e1 pozitivn\u00ed vliv na proces odvyk\u00e1n\u00ed kou\u0159en\u00ed. Stoj\u00ed za to p\u0159e\u010d\u00edst si podrobn\u00e9 slo\u017een\u00ed v\u00fdrobku, abyste p\u0159esn\u011b pochopili, jak jednotliv\u00e9 slo\u017eky ovliv\u0148uj\u00ed \u00fa\u010dinnost dopl\u0148ku.<\/p>\n\n\n\n<p>Pou\u017e\u00edv\u00e1n\u00ed Nicosinex prost\u0159ednictv\u00edm <em>dopl\u0148k\u016f stravy s<\/em> n\u00e1plast\u00ed m\u016f\u017ee v\u00fdznamn\u011b podpo\u0159it ty, kte\u0159\u00ed bojuj\u00ed se z\u00e1vislost\u00ed na nikotinu, co\u017e dokazuj\u00ed \u010detn\u00e9 pozitivn\u00ed <b>recenze u\u017eivatel\u016f<\/b> a studie o \u00fa\u010dinnosti tohoto produktu.<\/p>\n\n\n\n<h2 class=\"wp-block-heading\">Nicosinex cena &#8211; Kde koupit?<\/h2>\n\n\n\n<p><b>Cena Nicosinex<\/b> z\u00e1vis\u00ed na aktu\u00e1ln\u00edch akc\u00edch nab\u00edzen\u00fdch v\u00fdrobcem. Je nesm\u00edrn\u011b d\u016fle\u017eit\u00e9 nakupovat pouze z ofici\u00e1ln\u00edch webov\u00fdch str\u00e1nek v\u00fdrobce. T\u00edmto zp\u016fsobem si m\u016f\u017eete b\u00fdt jisti, \u017ee z\u00edsk\u00e1v\u00e1te origin\u00e1ln\u00ed v\u00fdrobek. Nen\u00ed mo\u017en\u00e9 zakoupit Nicosinex ve stacion\u00e1rn\u00edch l\u00e9k\u00e1rn\u00e1ch nebo na popul\u00e1rn\u00edch platform\u00e1ch elektronick\u00e9ho obchodu.<\/p>\n\n\n\n<p>Nejlep\u0161\u00ed zp\u016fsob, jak naj\u00edt nejv\u00fdhodn\u011bj\u0161\u00ed cenu a dostupn\u00e9 akce, je nav\u0161t\u00edvit ofici\u00e1ln\u00ed webov\u00e9 str\u00e1nky v\u00fdrobce. N\u00e1kup z takov\u00e9 str\u00e1nky v\u00e1s chr\u00e1n\u00ed p\u0159ed pad\u011blky a poskytuje \u00fapln\u00e9 informace o v\u00fdrobku, co\u017e rozhodn\u011b p\u0159isp\u00edv\u00e1 k va\u0161emu pohodl\u00ed.<\/p>\n\n\n\n<p>Doporu\u010dujeme v\u00e1m, abyste pravideln\u011b kontrolovali ofici\u00e1ln\u00ed webov\u00e9 str\u00e1nky v\u00fdrobce, kde najdete nejnov\u011bj\u0161\u00ed informace o cen\u011b Nicosinex a dostupn\u00fdch propaga\u010dn\u00edch akc\u00edch.<\/p>\n\n\n\n<h2 class=\"wp-block-heading\">Mo\u017en\u00e9 ne\u017e\u00e1douc\u00ed \u00fa\u010dinky a kontraindikace u\u017e\u00edv\u00e1n\u00ed p\u0159\u00edpravku Nicosinex<\/h2>\n\n\n\n<p>U\u017e\u00edv\u00e1n\u00ed p\u0159\u00edpravku Nicosinex m\u016f\u017ee p\u0159in\u00e9st r\u016fzn\u00e9 v\u00fdhody v boji proti z\u00e1vislosti na kou\u0159en\u00ed, ale je t\u0159eba si uv\u011bdomit mo\u017en\u00e9 ne\u017e\u00e1douc\u00ed \u00fa\u010dinky. Mezi nej\u010dast\u011bji hl\u00e1\u0161en\u00e9 pot\u00ed\u017ee pat\u0159\u00ed m\u00edrn\u00e9 bolesti hlavy a \u017ealude\u010dn\u00ed pot\u00ed\u017ee, kter\u00e9 jsou vz\u00e1cn\u00e9. A\u010dkoli je celkov\u00fd bezpe\u010dnostn\u00ed profil p\u0159\u00edpravku Nicosinex hodnocen jako velmi dobr\u00fd, u osob s p\u0159ecitliv\u011blost\u00ed se mohou vyskytnout alergick\u00e9 reakce spojen\u00e9 s jeho slo\u017ekami.<\/p>\n\n\n\n<p>Ti, kte\u0159\u00ed zva\u017euj\u00ed u\u017e\u00edv\u00e1n\u00ed p\u0159\u00edpravku Nicosinex, by m\u011bli v\u011bnovat zvl\u00e1\u0161tn\u00ed pozornost <b>kontraindikac\u00edm<\/b> jeho u\u017e\u00edv\u00e1n\u00ed. Tento dopln\u011bk stravy se nedoporu\u010duje t\u011bhotn\u00fdm \u017een\u00e1m, koj\u00edc\u00edm matk\u00e1m a osob\u00e1m u\u017e\u00edvaj\u00edc\u00edm psychotropn\u00ed l\u00e9ky. Vzhledem k mo\u017enosti interakc\u00ed s jin\u00fdmi l\u00e9ky je d\u016fle\u017eit\u00e9 se p\u0159ed zah\u00e1jen\u00edm l\u00e9\u010dby poradit s l\u00e9ka\u0159em, zejm\u00e9na pokud m\u00e1te chronick\u00e9 onemocn\u011bn\u00ed.<\/p>\n\n\n\n<p>Z hlediska bezpe\u010dnosti p\u0159\u00edpravku Nicosinex je nesm\u00edrn\u011b d\u016fle\u017eit\u00e9 b\u00fdt dob\u0159e informov\u00e1n. Pravideln\u00e1 kontrola vlastn\u00edho zdravotn\u00edho stavu a reakce organismu na suplementaci pom\u016f\u017ee p\u0159edej\u00edt ne\u017e\u00e1douc\u00edm \u00fa\u010dink\u016fm. Z\u00e1v\u011brem lze \u0159\u00edci, \u017ee zodpov\u011bdnost a informovan\u00fd p\u0159\u00edstup k u\u017e\u00edv\u00e1n\u00ed dopl\u0148k\u016f stravy mohou v\u00fdrazn\u011b ovlivnit zku\u0161enosti s p\u0159\u00edpravkem Nicosinex.<\/p>\n","protected":false},"excerpt":{"rendered":"<p><strong>[date_countdown]<\/strong><\/p>\n<p><strong><img decoding=\"async\" class=\"alignnone  wp-image-8078\" src=\"https:\/\/www.mojeplazma.cz\/farmacie\/wp-content\/uploads\/2024\/10\/SAFE-PAY-300x88-1.png\" alt=\"SAFE-PAY-300x88\" width=\"154\" height=\"45\" \/><\/strong><\/p>\n","protected":false},"featured_media":4299,"comment_status":"open","ping_status":"closed","template":"","meta":{"neve_meta_sidebar":"","neve_meta_container":"","neve_meta_enable_content_width":"","neve_meta_content_width":0,"neve_meta_title_alignment":"","neve_meta_author_avatar":"","neve_post_elements_order":"","neve_meta_disable_header":"","neve_meta_disable_footer":"","neve_meta_disable_title":"","neve_meta_reading_time":""},"product_brand":[],"product_cat":[15],"product_tag":[],"class_list":{"0":"post-4283","1":"product","2":"type-product","3":"status-publish","4":"has-post-thumbnail","6":"product_cat-zdravi","8":"first","9":"instock","10":"sale","11":"shipping-taxable","12":"product-type-external"},"yoast_head":"<!-- This site is optimized with the Yoast SEO plugin v27.3 - https:\/\/yoast.com\/product\/yoast-seo-wordpress\/ -->\n<title>Nicosinex - Recenze, L\u00e9k\u00e1rna, Cena - 50%, F\u00f3rum, \u00da\u010dinky | 2026<\/title>\n<meta name=\"robots\" content=\"index, follow, max-snippet:-1, max-image-preview:large, max-video-preview:-1\" \/>\n<link rel=\"canonical\" href=\"https:\/\/www.mojeplazma.cz\/farmacie\/farmacie\/nicosinex\/\" \/>\n<meta property=\"og:locale\" content=\"cs_CZ\" \/>\n<meta property=\"og:type\" content=\"article\" \/>\n<meta property=\"og:title\" content=\"Nicosinex - Recenze, L\u00e9k\u00e1rna, Cena - 50%, F\u00f3rum, \u00da\u010dinky | 2026\" \/>\n<meta property=\"og:url\" content=\"https:\/\/www.mojeplazma.cz\/farmacie\/farmacie\/nicosinex\/\" \/>\n<meta property=\"og:site_name\" content=\"MojePlazma\" \/>\n<meta property=\"article:modified_time\" content=\"2024-11-18T11:25:47+00:00\" \/>\n<meta property=\"og:image\" content=\"https:\/\/www.mojeplazma.cz\/farmacie\/wp-content\/uploads\/2024\/10\/Nicosinex.jpg\" \/>\n\t<meta property=\"og:image:width\" content=\"768\" \/>\n\t<meta property=\"og:image:height\" content=\"768\" \/>\n\t<meta property=\"og:image:type\" content=\"image\/jpeg\" \/>\n<meta name=\"twitter:card\" content=\"summary_large_image\" \/>\n<meta name=\"twitter:description\" content=\"[date_countdown]\" \/>\n<meta name=\"twitter:label1\" content=\"Odhadovan\u00e1 doba \u010dten\u00ed\" \/>\n\t<meta name=\"twitter:data1\" content=\"1 minuta\" \/>\n<script type=\"application\/ld+json\" class=\"yoast-schema-graph\">{\"@context\":\"https:\\\/\\\/schema.org\",\"@graph\":[{\"@type\":\"WebPage\",\"@id\":\"https:\\\/\\\/www.mojeplazma.cz\\\/farmacie\\\/farmacie\\\/nicosinex\\\/\",\"url\":\"https:\\\/\\\/www.mojeplazma.cz\\\/farmacie\\\/farmacie\\\/nicosinex\\\/\",\"name\":\"Nicosinex - Recenze, L\u00e9k\u00e1rna, Cena - 50%, F\u00f3rum, \u00da\u010dinky | 2026\",\"isPartOf\":{\"@id\":\"https:\\\/\\\/www.mojeplazma.cz\\\/farmacie\\\/#website\"},\"primaryImageOfPage\":{\"@id\":\"https:\\\/\\\/www.mojeplazma.cz\\\/farmacie\\\/farmacie\\\/nicosinex\\\/#primaryimage\"},\"image\":{\"@id\":\"https:\\\/\\\/www.mojeplazma.cz\\\/farmacie\\\/farmacie\\\/nicosinex\\\/#primaryimage\"},\"thumbnailUrl\":\"https:\\\/\\\/www.mojeplazma.cz\\\/farmacie\\\/wp-content\\\/uploads\\\/2024\\\/10\\\/Nicosinex.jpg\",\"datePublished\":\"2024-10-10T16:29:32+00:00\",\"dateModified\":\"2024-11-18T11:25:47+00:00\",\"breadcrumb\":{\"@id\":\"https:\\\/\\\/www.mojeplazma.cz\\\/farmacie\\\/farmacie\\\/nicosinex\\\/#breadcrumb\"},\"inLanguage\":\"cs\",\"potentialAction\":[{\"@type\":\"ReadAction\",\"target\":[\"https:\\\/\\\/www.mojeplazma.cz\\\/farmacie\\\/farmacie\\\/nicosinex\\\/\"]}]},{\"@type\":\"ImageObject\",\"inLanguage\":\"cs\",\"@id\":\"https:\\\/\\\/www.mojeplazma.cz\\\/farmacie\\\/farmacie\\\/nicosinex\\\/#primaryimage\",\"url\":\"https:\\\/\\\/www.mojeplazma.cz\\\/farmacie\\\/wp-content\\\/uploads\\\/2024\\\/10\\\/Nicosinex.jpg\",\"contentUrl\":\"https:\\\/\\\/www.mojeplazma.cz\\\/farmacie\\\/wp-content\\\/uploads\\\/2024\\\/10\\\/Nicosinex.jpg\",\"width\":768,\"height\":768},{\"@type\":\"BreadcrumbList\",\"@id\":\"https:\\\/\\\/www.mojeplazma.cz\\\/farmacie\\\/farmacie\\\/nicosinex\\\/#breadcrumb\",\"itemListElement\":[{\"@type\":\"ListItem\",\"position\":1,\"name\":\"Strona g\u0142\u00f3wna\",\"item\":\"https:\\\/\\\/www.mojeplazma.cz\\\/farmacie\\\/\"},{\"@type\":\"ListItem\",\"position\":2,\"name\":\"farmacie\",\"item\":\"https:\\\/\\\/www.mojeplazma.cz\\\/farmacie\\\/\"},{\"@type\":\"ListItem\",\"position\":3,\"name\":\"Nicosinex\"}]},{\"@type\":\"WebSite\",\"@id\":\"https:\\\/\\\/www.mojeplazma.cz\\\/farmacie\\\/#website\",\"url\":\"https:\\\/\\\/www.mojeplazma.cz\\\/farmacie\\\/\",\"name\":\"mojeplazma.cz\",\"description\":\"\",\"potentialAction\":[{\"@type\":\"SearchAction\",\"target\":{\"@type\":\"EntryPoint\",\"urlTemplate\":\"https:\\\/\\\/www.mojeplazma.cz\\\/farmacie\\\/?s={search_term_string}\"},\"query-input\":{\"@type\":\"PropertyValueSpecification\",\"valueRequired\":true,\"valueName\":\"search_term_string\"}}],\"inLanguage\":\"cs\"}]}<\/script>\n<!-- \/ Yoast SEO plugin. -->","yoast_head_json":{"title":"Nicosinex - Recenze, L\u00e9k\u00e1rna, Cena - 50%, F\u00f3rum, \u00da\u010dinky | 2026","robots":{"index":"index","follow":"follow","max-snippet":"max-snippet:-1","max-image-preview":"max-image-preview:large","max-video-preview":"max-video-preview:-1"},"canonical":"https:\/\/www.mojeplazma.cz\/farmacie\/farmacie\/nicosinex\/","og_locale":"cs_CZ","og_type":"article","og_title":"Nicosinex - Recenze, L\u00e9k\u00e1rna, Cena - 50%, F\u00f3rum, \u00da\u010dinky | 2026","og_url":"https:\/\/www.mojeplazma.cz\/farmacie\/farmacie\/nicosinex\/","og_site_name":"MojePlazma","article_modified_time":"2024-11-18T11:25:47+00:00","og_image":[{"width":768,"height":768,"url":"https:\/\/www.mojeplazma.cz\/farmacie\/wp-content\/uploads\/2024\/10\/Nicosinex.jpg","type":"image\/jpeg"}],"twitter_card":"summary_large_image","twitter_description":"[date_countdown]","twitter_misc":{"Odhadovan\u00e1 doba \u010dten\u00ed":"1 minuta"},"schema":{"@context":"https:\/\/schema.org","@graph":[{"@type":"WebPage","@id":"https:\/\/www.mojeplazma.cz\/farmacie\/farmacie\/nicosinex\/","url":"https:\/\/www.mojeplazma.cz\/farmacie\/farmacie\/nicosinex\/","name":"Nicosinex - Recenze, L\u00e9k\u00e1rna, Cena - 50%, F\u00f3rum, \u00da\u010dinky | 2026","isPartOf":{"@id":"https:\/\/www.mojeplazma.cz\/farmacie\/#website"},"primaryImageOfPage":{"@id":"https:\/\/www.mojeplazma.cz\/farmacie\/farmacie\/nicosinex\/#primaryimage"},"image":{"@id":"https:\/\/www.mojeplazma.cz\/farmacie\/farmacie\/nicosinex\/#primaryimage"},"thumbnailUrl":"https:\/\/www.mojeplazma.cz\/farmacie\/wp-content\/uploads\/2024\/10\/Nicosinex.jpg","datePublished":"2024-10-10T16:29:32+00:00","dateModified":"2024-11-18T11:25:47+00:00","breadcrumb":{"@id":"https:\/\/www.mojeplazma.cz\/farmacie\/farmacie\/nicosinex\/#breadcrumb"},"inLanguage":"cs","potentialAction":[{"@type":"ReadAction","target":["https:\/\/www.mojeplazma.cz\/farmacie\/farmacie\/nicosinex\/"]}]},{"@type":"ImageObject","inLanguage":"cs","@id":"https:\/\/www.mojeplazma.cz\/farmacie\/farmacie\/nicosinex\/#primaryimage","url":"https:\/\/www.mojeplazma.cz\/farmacie\/wp-content\/uploads\/2024\/10\/Nicosinex.jpg","contentUrl":"https:\/\/www.mojeplazma.cz\/farmacie\/wp-content\/uploads\/2024\/10\/Nicosinex.jpg","width":768,"height":768},{"@type":"BreadcrumbList","@id":"https:\/\/www.mojeplazma.cz\/farmacie\/farmacie\/nicosinex\/#breadcrumb","itemListElement":[{"@type":"ListItem","position":1,"name":"Strona g\u0142\u00f3wna","item":"https:\/\/www.mojeplazma.cz\/farmacie\/"},{"@type":"ListItem","position":2,"name":"farmacie","item":"https:\/\/www.mojeplazma.cz\/farmacie\/"},{"@type":"ListItem","position":3,"name":"Nicosinex"}]},{"@type":"WebSite","@id":"https:\/\/www.mojeplazma.cz\/farmacie\/#website","url":"https:\/\/www.mojeplazma.cz\/farmacie\/","name":"mojeplazma.cz","description":"","potentialAction":[{"@type":"SearchAction","target":{"@type":"EntryPoint","urlTemplate":"https:\/\/www.mojeplazma.cz\/farmacie\/?s={search_term_string}"},"query-input":{"@type":"PropertyValueSpecification","valueRequired":true,"valueName":"search_term_string"}}],"inLanguage":"cs"}]}},"_links":{"self":[{"href":"https:\/\/www.mojeplazma.cz\/farmacie\/wp-json\/wp\/v2\/product\/4283","targetHints":{"allow":["GET"]}}],"collection":[{"href":"https:\/\/www.mojeplazma.cz\/farmacie\/wp-json\/wp\/v2\/product"}],"about":[{"href":"https:\/\/www.mojeplazma.cz\/farmacie\/wp-json\/wp\/v2\/types\/product"}],"replies":[{"embeddable":true,"href":"https:\/\/www.mojeplazma.cz\/farmacie\/wp-json\/wp\/v2\/comments?post=4283"}],"wp:featuredmedia":[{"embeddable":true,"href":"https:\/\/www.mojeplazma.cz\/farmacie\/wp-json\/wp\/v2\/media\/4299"}],"wp:attachment":[{"href":"https:\/\/www.mojeplazma.cz\/farmacie\/wp-json\/wp\/v2\/media?parent=4283"}],"wp:term":[{"taxonomy":"product_brand","embeddable":true,"href":"https:\/\/www.mojeplazma.cz\/farmacie\/wp-json\/wp\/v2\/product_brand?post=4283"},{"taxonomy":"product_cat","embeddable":true,"href":"https:\/\/www.mojeplazma.cz\/farmacie\/wp-json\/wp\/v2\/product_cat?post=4283"},{"taxonomy":"product_tag","embeddable":true,"href":"https:\/\/www.mojeplazma.cz\/farmacie\/wp-json\/wp\/v2\/product_tag?post=4283"}],"curies":[{"name":"wp","href":"https:\/\/api.w.org\/{rel}","templated":true}]}}