{"id":8144,"date":"2024-12-12T17:17:17","date_gmt":"2024-12-12T17:17:17","guid":{"rendered":"https:\/\/www.mojeplazma.cz\/farmacie\/?post_type=product&#038;p=8144"},"modified":"2024-12-12T17:17:18","modified_gmt":"2024-12-12T17:17:18","slug":"hondroine","status":"publish","type":"product","link":"https:\/\/www.mojeplazma.cz\/farmacie\/farmacie\/hondroine\/","title":{"rendered":"Hondroine"},"content":{"rendered":"\n<h2 class=\"wp-block-heading\">Co je Hondroine a jak funguje?<\/h2>\n\n\n\n<p>Hondroin je <b>dopln\u011bk stravy<\/b>, kter\u00fd podporuje <b>zdrav\u00ed kloub\u016f<\/b> t\u00edm, \u017ee t\u011blu dod\u00e1v\u00e1 z\u00e1kladn\u00ed \u00fa\u010dinn\u00e9 l\u00e1tky. P\u0159\u00edpravek je ur\u010den lidem, kte\u0159\u00ed maj\u00ed probl\u00e9my s klouby, jako je artritida nebo artr\u00f3za. Hondroine <b>p\u016fsob\u00ed<\/b> tak, \u017ee regeneruje kloubn\u00ed chrupavku, co\u017e zlep\u0161uje pru\u017enost kloub\u016f a celkovou pohodu.<\/p>\n\n\n\n<p><b>Hondroin<\/b> obsahuje cenn\u00e9 <b>\u00fa\u010dinn\u00e9 l\u00e1tky,<\/b> v\u010detn\u011b glukosaminu a chondroitinu, kter\u00e9 jsou zn\u00e1m\u00e9 sv\u00fdmi vlastnostmi podporuj\u00edc\u00edmi <b>zdrav\u00ed kloub\u016f<\/b>. Pou\u017eit\u00e9 rostlinn\u00e9 extrakty, jako je arnika a mentol, nav\u00edc p\u0159isp\u00edvaj\u00ed ke zm\u00edrn\u011bn\u00ed bolesti a z\u00e1n\u011btliv\u00fdch proces\u016f, co\u017e je kl\u00ed\u010dov\u00e9 p\u0159i suplementaci u lid\u00ed s kloubn\u00edmi pot\u00ed\u017eemi.<\/p>\n\n\n\n<p><b>Suplementace<\/b> hondroinem m\u016f\u017ee v\u00e9st ke znateln\u00e9 \u00falev\u011b od z\u00e1n\u011btu pohybov\u00e9ho apar\u00e1tu. Pravideln\u00e9 <b>u\u017e\u00edv\u00e1n\u00ed<\/b> p\u0159\u00edpravku podporuje p\u0159irozen\u00e9 regenera\u010dn\u00ed procesy v kloubech a pozitivn\u011b ovliv\u0148uje jejich pohyblivost a komfort. D\u00edky sv\u00e9mu jedine\u010dn\u00e9mu slo\u017een\u00ed se Hondroine st\u00e1v\u00e1 \u00fa\u010dinnou podporou pro ka\u017ed\u00e9ho, kdo hled\u00e1 osv\u011bd\u010den\u00e9 \u0159e\u0161en\u00ed v p\u00e9\u010di o <b>zdrav\u00ed<\/b> sv\u00fdch kloub\u016f.<\/p>\n\n\n\n<h2 class=\"wp-block-heading\">Jak\u00e9 jsou \u00fa\u010dinky p\u0159\u00edpravku Hondroine?<\/h2>\n\n\n\n<p><b>\u00da\u010dinky p\u0159\u00edpravku Hondroine<\/b> zaznamen\u00e1vaj\u00ed u\u017eivatel\u00e9 ji\u017e po n\u011bkolika t\u00fddnech pravideln\u00e9ho u\u017e\u00edv\u00e1n\u00ed. Mnoz\u00ed uv\u00e1d\u011bj\u00ed zlep\u0161en\u00ed <em>stavu kloub\u016f<\/em>, co\u017e vede k lep\u0161\u00ed pohyblivosti a flexibilit\u011b. U\u017e\u00edv\u00e1n\u00ed tohoto dopl\u0148ku <b>prosp\u00edv\u00e1<\/b> tak\u00e9 z hlediska sn\u00ed\u017een\u00ed bolesti. Studie potvrzuj\u00ed, \u017ee mezi <b>\u00fa\u010dinky Hondroinu<\/b> m\u016f\u017ee pat\u0159it i podpora regenerace kloub\u016f po intenzivn\u00edm cvi\u010den\u00ed.<\/p>\n\n\n\n<p><em>\u00da\u010dinek<\/em> tohoto dopl\u0148ku je zalo\u017een na p\u0159\u00edrodn\u00edch slo\u017ek\u00e1ch, kter\u00e9 podporuj\u00ed zdrav\u00e9 klouby a sni\u017euj\u00ed pravd\u011bpodobnost v\u00fdskytu degenerativn\u00edch onemocn\u011bn\u00ed, jako je artr\u00f3za. Pravideln\u00e9 <b>u\u017e\u00edv\u00e1n\u00ed p\u0159\u00edpravku<\/b> Hondroine sni\u017euje riziko po\u0161kozen\u00ed chrupavky, co\u017e je d\u016fle\u017eit\u00e9 zejm\u00e9na pro fyzicky aktivn\u00ed osoby a osoby, kter\u00e9 prod\u011blaly \u00faraz.<\/p>\n\n\n\n<ul class=\"wp-block-list\">\n<li>Zlep\u0161en\u00ed pohyblivosti kloub\u016f<\/li>\n\n\n\n<li>Sn\u00ed\u017een\u00ed bolesti<\/li>\n\n\n\n<li>V\u011bt\u0161\u00ed flexibilita<\/li>\n\n\n\n<li>Podpora regenerace po cvi\u010den\u00ed<\/li>\n\n\n\n<li>Sn\u00ed\u017een\u00ed rizika onemocn\u011bn\u00ed kloub\u016f<\/li>\n<\/ul>\n\n\n\n<p>P\u0159i pou\u017e\u00edv\u00e1n\u00ed p\u0159\u00edpravku Hondroine m\u016f\u017eete ocenit mnohostrann\u00e9 <b>v\u00fdhody<\/b>. Zaznamenan\u00e9 \u00fa\u010dinky vyb\u00edzej\u00ed k dal\u0161\u00edmu u\u017e\u00edv\u00e1n\u00ed, co\u017e p\u0159isp\u00edv\u00e1 k dlouhodob\u00fdm v\u00fdsledk\u016fm v oblasti <em>zdrav\u00ed kloub\u016f<\/em>. Pravidelnost a vhodn\u00e9 d\u00e1vkov\u00e1n\u00ed jsou kl\u00ed\u010dem k maximalizaci \u00fa\u010dink\u016f suplementace.<\/p>\n\n\n\n<p>P\u0159ed zah\u00e1jen\u00edm suplementace je d\u016fle\u017eit\u00e9 poradit se s l\u00e9ka\u0159em, zejm\u00e9na pokud se p\u0159\u00edznaky hromad\u00ed. Dostate\u010dn\u00e1 znalost \u00fa\u010dink\u016f p\u0159\u00edpravku Hondroine v\u00e1m m\u016f\u017ee pomoci p\u0159i rozhodov\u00e1n\u00ed a p\u0159izp\u016fsoben\u00ed se va\u0161im individu\u00e1ln\u00edm zdravotn\u00edm pot\u0159eb\u00e1m.<\/p>\n\n\n\n<h2 class=\"wp-block-heading\">Jak spr\u00e1vn\u011b pou\u017e\u00edvat Hondroine &#8211; D\u00e1vkov\u00e1n\u00ed<\/h2>\n\n\n\n<p>Doporu\u010den\u00e9 <b>d\u00e1vkov\u00e1n\u00ed p\u0159\u00edpravku Hondroine<\/b> je obvykle jedna tobolka denn\u011b. Nejl\u00e9pe se u\u017e\u00edv\u00e1 s j\u00eddlem, co\u017e usnad\u0148uje vst\u0159eb\u00e1v\u00e1n\u00ed \u00fa\u010dinn\u00fdch l\u00e1tek. Je d\u016fle\u017eit\u00e9 dodr\u017eovat pokyny k <b>p\u0159\u00edjmu<\/b>. Pokud m\u00e1te jak\u00e9koli pochybnosti o u\u017e\u00edv\u00e1n\u00ed dopl\u0148ku, v\u017edy se pora\u010fte se sv\u00fdm l\u00e9ka\u0159em.<\/p>\n\n\n\n<p>\u00da\u010dinky u\u017e\u00edv\u00e1n\u00ed se mohou li\u0161it v z\u00e1vislosti na individu\u00e1ln\u00edch pot\u0159eb\u00e1ch a \u00farovni fyzick\u00e9 aktivity. Pravideln\u00e9 <b>u\u017e\u00edv\u00e1n\u00ed<\/b> podle <b>d\u00e1vkov\u00e1n\u00ed p\u0159\u00edpravku Hondroine<\/b> m\u016f\u017ee p\u0159isp\u011bt ke zlep\u0161en\u00ed pohybov\u00e9ho komfortu a sn\u00ed\u017een\u00ed kloubn\u00edch pot\u00ed\u017e\u00ed.<\/p>\n\n\n\n<ul class=\"wp-block-list\">\n<li><em>Dosa\u017een\u00ed optim\u00e1ln\u00edch v\u00fdsledk\u016f vy\u017eaduje trp\u011blivost.<\/em><\/li>\n\n\n\n<li><em>Pokud se objev\u00ed jak\u00e9koli ne\u017e\u00e1douc\u00ed \u00fa\u010dinky, okam\u017eit\u011b p\u0159esta\u0148te p\u0159\u00edpravek u\u017e\u00edvat.<\/em><\/li>\n\n\n\n<li><em>Skladujte na such\u00e9m m\u00edst\u011b, mimo dosah zdroj\u016f tepla.<\/em><\/li>\n<\/ul>\n\n\n\n<h2 class=\"wp-block-heading\">Hondroine &#8211; N\u00e1zory a recenze &#8211; Co \u0159\u00edkaj\u00ed u\u017eivatel\u00e9?<\/h2>\n\n\n\n<p>Mnoho u\u017eivatel\u016f sd\u00edl\u00ed sv\u00e9 <em>zku\u0161enosti s<\/em> dopl\u0148kem Hondroine na r\u016fzn\u00fdch platform\u00e1ch, v\u010detn\u011b popul\u00e1rn\u00edch <em>f\u00f3r<\/em>. Jejich <em>recenze Hondroine<\/em> se \u010dasto zam\u011b\u0159uj\u00ed na \u00fa\u010dinnost a vn\u00edman\u00e9 zlep\u0161en\u00ed zdrav\u00ed kloub\u016f. N\u00ed\u017ee je uveden v\u00fdb\u011br <b>recenz\u00ed<\/b>:<\/p>\n\n\n\n<blockquote class=\"wp-block-quote is-layout-flow wp-block-quote-is-layout-flow\">\n<p><strong>42let\u00e1 Anna \u0159ekla:<\/strong> &#8222;Hondroin u\u017e\u00edv\u00e1m ji\u017e n\u011bkolik m\u011bs\u00edc\u016f a zaznamenala jsem v\u00fdrazn\u00e9 zlep\u0161en\u00ed pohyblivosti kolenn\u00edch kloub\u016f. Bolesti, kter\u00e9 jsem m\u011bla po b\u011bhu, t\u00e9m\u011b\u0159 \u00fapln\u011b zmizely. P\u0159i cvi\u010den\u00ed se c\u00edt\u00edm mnohem l\u00e9pe.&#8220;<\/p>\n<\/blockquote>\n\n\n\n<blockquote class=\"wp-block-quote is-layout-flow wp-block-quote-is-layout-flow\">\n<p><strong>55let\u00fd Michael \u0159ekl:<\/strong> Michael Michael: &#8222;Rozhodl jsem se u\u017e\u00edvat Hondroine kv\u016fli probl\u00e9m\u016fm s klouby v pr\u00e1ci. Po m\u011bs\u00edci u\u017e\u00edv\u00e1n\u00ed jsem zaznamenal men\u0161\u00ed bolest a ka\u017edodenn\u00ed \u010dinnosti byly m\u00e9n\u011b nam\u00e1hav\u00e9.&#8220;<\/p>\n<\/blockquote>\n\n\n\n<blockquote class=\"wp-block-quote is-layout-flow wp-block-quote-is-layout-flow\">\n<p><strong>Kasia, 36 let, \u0159ekla:<\/strong> &#8222;Po porodu jsem m\u011bla v\u00e1\u017en\u00e9 probl\u00e9my s bolestmi kloub\u016f. Hondroin mi doporu\u010dila kamar\u00e1dka a po n\u011bkolika t\u00fddnech u\u017e\u00edv\u00e1n\u00ed jsem zaznamenala velk\u00e9 zlep\u0161en\u00ed. Nyn\u00ed se mohu vr\u00e1tit k fyzick\u00e9 aktivit\u011b!&#8220;<\/p>\n<\/blockquote>\n\n\n\n<p>N\u00e1zory na Hondroine se li\u0161\u00ed a shrom\u00e1\u017ed\u011bn\u00e9 <em>recenze<\/em> nazna\u010duj\u00ed skute\u010dn\u00e9 <b>v\u00fdhody, kter\u00e9<\/b> u\u017eivatel\u00e9 za\u017eili po zah\u00e1jen\u00ed dopl\u0148ov\u00e1n\u00ed. \u010cl\u00e1nky a diskuse na <em>f\u00f3rech<\/em> potvrzuj\u00ed, \u017ee dopln\u011bk z\u00edskal uzn\u00e1n\u00ed mezi mnoha lidmi, kte\u0159\u00ed se pot\u00fdkaj\u00ed s probl\u00e9my s klouby.<\/p>\n\n\n\n<h2 class=\"wp-block-heading\">Slo\u017een\u00ed p\u0159\u00edpravku Hondroine &#8211; anal\u00fdza slo\u017eek<\/h2>\n\n\n\n<p><b>Slo\u017een\u00ed p\u0159\u00edpravku Hondroine<\/b> bylo pe\u010dliv\u011b vyvinuto pro podporu <b>zdrav\u00ed kloub\u016f<\/b>. Kl\u00ed\u010dov\u00e9 <b>\u00fa\u010dinn\u00e9 l\u00e1tky<\/b> jako glukosamin, chondroitin a kolagen maj\u00ed p\u0159\u00edzniv\u00fd vliv na regeneraci kloubn\u00ed chrupavky. Krom\u011b toho obohacuj\u00ed slo\u017een\u00ed rostlinn\u00e9 extrakty, jako je kurkuma, zn\u00e1m\u00e1 sv\u00fdmi protiz\u00e1n\u011btliv\u00fdmi \u00fa\u010dinky, d\u00edky \u010demu\u017e je dopln\u011bk \u00fa\u010dinn\u011bj\u0161\u00ed v boji proti kloubn\u00edm pot\u00ed\u017e\u00edm.<\/p>\n\n\n\n<p>Podle opatrn\u00fdch anal\u00fdz \u0159ady odborn\u00edk\u016f jsou glukosamin a chondroitin mimo\u0159\u00e1dn\u011b \u00fa\u010dinn\u00e9 p\u0159i regeneraci kloub\u016f. V\u00fdzkumy ukazuj\u00ed, \u017ee glukosamin, jeho\u017e hladina s v\u011bkem kles\u00e1, se nach\u00e1z\u00ed v matrici chrupavky a v kloubn\u00ed tekutin\u011b. Jeho hydroizolovan\u00e1 forma z\u00edskan\u00e1 z m\u011bkk\u00fd\u0161\u016f se pou\u017e\u00edv\u00e1 p\u0159i l\u00e9\u010db\u011b osteoartr\u00f3zy. Podobn\u011b chondroitin podporuje pru\u017enost a dostate\u010dnou hydrataci kloub\u016f.<\/p>\n\n\n\n<p>Dopln\u011bk obsahuje tak\u00e9 vitaminy a miner\u00e1ly, kter\u00e9 maj\u00ed dal\u0161\u00ed p\u0159\u00edzniv\u00fd vliv na kloubn\u00ed apar\u00e1t. Zde je podrobn\u00e1 <b>anal\u00fdza<\/b> \u00fa\u010dinn\u00fdch l\u00e1tek obsa\u017een\u00fdch v p\u0159\u00edpravku Hondroine:<\/p>\n\n\n\n<figure class=\"wp-block-table\"><table class=\"has-fixed-layout\"><tbody><tr><th>Komponenta<\/th><th>Akce<\/th><\/tr><tr><td>Glukosamin<\/td><td>Podporuje regeneraci chrupavky, sni\u017euje bolest kloub\u016f.<\/td><\/tr><tr><td>Chondroitin<\/td><td>Zvy\u0161uje pru\u017enost, udr\u017euje vodu v chrupavce.<\/td><\/tr><tr><td>Kolagen<\/td><td>Zlep\u0161uje strukturu chrupavky, zvy\u0161uje odolnost chrupavky.<\/td><\/tr><tr><td>Kurkuma<\/td><td>P\u016fsob\u00ed protiz\u00e1n\u011btliv\u011b a zm\u00edr\u0148uje z\u00e1n\u011btliv\u00e9 p\u0159\u00edznaky kloub\u016f.<\/td><\/tr><tr><td>Vitam\u00edny a miner\u00e1ly<\/td><td>Podporuje funkci kost\u00ed a <b>zdrav\u00ed<\/b> kostry.<\/td><\/tr><\/tbody><\/table><\/figure>\n\n\n\n<p>D\u00edky pe\u010dliv\u011b vybran\u00fdm slo\u017ek\u00e1m m\u016f\u017ee <b>slo\u017een\u00ed p\u0159\u00edpravku Hondroine<\/b> v\u00fdznamn\u011b p\u0159isp\u011bt ke zdrav\u00ed kloub\u016f a kvalit\u011b \u017eivota lid\u00ed, kte\u0159\u00ed se pot\u00fdkaj\u00ed s kloubn\u00edmi probl\u00e9my.<\/p>\n\n\n\n<h2 class=\"wp-block-heading\">Kde koupit a jak\u00e1 je cena p\u0159\u00edpravku Hondroine?<\/h2>\n\n\n\n<p>Hondroine je <b>dopln\u011bk stravy<\/b>, kter\u00fd lze zakoupit pouze na <em>ofici\u00e1ln\u00edch str\u00e1nk\u00e1ch v\u00fdrobce<\/em>. To je jedin\u00e9 m\u00edsto, kde jsou k dispozici nejaktu\u00e1ln\u011bj\u0161\u00ed informace o v\u00fdrobku, stejn\u011b jako propaga\u010dn\u00ed nab\u00eddky, kter\u00e9 mohou v\u00fdznamn\u011b ovlivnit <em>cenu Hondroine<\/em>. Nakupov\u00e1n\u00ed online je jedinou dostupnou mo\u017enost\u00ed, proto\u017ee v\u00fdrobek nen\u00ed nab\u00edzen ve stacion\u00e1rn\u00edch l\u00e9k\u00e1rn\u00e1ch.<\/p>\n\n\n\n<p>Vyplat\u00ed se sledovat dostupn\u00e9 <em>propaga\u010dn\u00ed akce,<\/em> kter\u00e9 mohou poskytnout v\u00fdhodn\u011bj\u0161\u00ed n\u00e1kupn\u00ed podm\u00ednky. Krom\u011b atraktivn\u00edch cen <b>ofici\u00e1ln\u00ed v\u00fdrobce<\/b> \u010dasto zav\u00e1d\u00ed r\u016fzn\u00e9 nab\u00eddky, nap\u0159\u00edklad slevy p\u0159i n\u00e1kupu v\u00edce jednotek, co\u017e m\u016f\u017ee b\u00fdt v\u00fdhodn\u00e9 pro ty, kte\u0159\u00ed pl\u00e1nuj\u00ed dopln\u011bk u\u017e\u00edvat del\u0161\u00ed dobu. Pravideln\u00e9 n\u00e1v\u0161t\u011bvy webov\u00fdch str\u00e1nek v\u00fdrobce nav\u00edc mohou odhalit omezen\u00e9 nab\u00eddky, kter\u00e9 stoj\u00ed za to vyu\u017e\u00edt.<\/p>\n\n\n\n<ul class=\"wp-block-list\">\n<li>Hondroine je k dispozici pouze online.<\/li>\n\n\n\n<li>Nedostupnost stacion\u00e1rn\u00edch l\u00e9k\u00e1ren.<\/li>\n\n\n\n<li>Ak\u010dn\u00ed nab\u00eddky mohou ovlivnit cenu.<\/li>\n<\/ul>\n\n\n\n<h2 class=\"wp-block-heading\">Hondroin &#8211; Mo\u017en\u00e9 ne\u017e\u00e1douc\u00ed \u00fa\u010dinky a kontraindikace pou\u017eit\u00ed<\/h2>\n\n\n\n<p>Hondroin je v\u0161eobecn\u011b pova\u017eov\u00e1n za bezpe\u010dn\u00fd dopln\u011bk na podporu <b>zdrav\u00ed<\/b> kloub\u016f, nicm\u00e9n\u011b jako ka\u017ed\u00fd zdravotn\u00ed p\u0159\u00edpravek m\u016f\u017ee u n\u011bkter\u00fdch lid\u00ed vyvolat <b>vedlej\u0161\u00ed \u00fa\u010dinky Hondroinu<\/b>. Nej\u010dast\u011bji hl\u00e1\u0161en\u00fdmi p\u0159\u00edznaky jsou m\u00edrn\u00e1 nevolnost a tak\u00e9 alergick\u00e9 reakce u lid\u00ed s p\u0159ecitliv\u011blost\u00ed na <b>\u00fa\u010dinn\u00e9 slo\u017eky<\/b> dopl\u0148ku. Z tohoto d\u016fvodu je d\u016fle\u017eit\u00e9, aby lid\u00e9, kte\u0159\u00ed jsou citliv\u00ed na ur\u010dit\u00e9 l\u00e1tky, dbali p\u0159i jeho u\u017e\u00edv\u00e1n\u00ed zvl\u00e1\u0161tn\u00ed opatrnosti.<\/p>\n\n\n\n<p>Mezi <b>kontraindikace<\/b> u\u017e\u00edv\u00e1n\u00ed p\u0159\u00edpravku Hondroine pat\u0159\u00ed t\u011bhotenstv\u00ed a kojen\u00ed. V tomto obdob\u00ed se st\u00e1v\u00e1 <b>bezpe\u010dnost<\/b> u\u017e\u00edvan\u00fdch dopl\u0148k\u016f z\u00e1sadn\u00ed a doporu\u010duje se vyhnout se jak\u00fdmkoli neov\u011b\u0159en\u00fdm l\u00e1tk\u00e1m. P\u0159ed zah\u00e1jen\u00edm u\u017e\u00edv\u00e1n\u00ed dopl\u0148k\u016f je v\u017edy vhodn\u00e9 poradit se s l\u00e9ka\u0159em, kter\u00fd pom\u016f\u017ee ur\u010dit, zda je dopln\u011bk vhodn\u00fd pro v\u00e1\u0161 konkr\u00e9tn\u00ed p\u0159\u00edpad, zejm\u00e9na pokud m\u00e1te jin\u00e9 zdravotn\u00ed pot\u00ed\u017ee.<\/p>\n\n\n\n<p>V souvislosti se zdrav\u00edm kloub\u016f je d\u016fle\u017eit\u00e9 sledovat vlastn\u00ed t\u011blo a p\u0159\u00edpadn\u00e9 ne\u017e\u00e1douc\u00ed \u00fa\u010dinky, kter\u00e9 se u v\u00e1s mohou po zah\u00e1jen\u00ed u\u017e\u00edv\u00e1n\u00ed p\u0159\u00edpravku Hondroine vyskytnout. Spr\u00e1vn\u00e9 veden\u00ed suplementace a dodr\u017eov\u00e1n\u00ed doporu\u010den\u00ed l\u00e9ka\u0159e v\u00e1m umo\u017en\u00ed maximalizovat p\u0159\u00ednosy jeho u\u017e\u00edv\u00e1n\u00ed a z\u00e1rove\u0148 minimalizovat riziko ne\u017e\u00e1douc\u00edch \u00fa\u010dink\u016f.<\/p>\n","protected":false},"excerpt":{"rendered":"<p><strong>[date_countdown]<\/strong><\/p>\n<p><strong><img decoding=\"async\" class=\"alignnone wp-image-8078\" src=\"https:\/\/www.mojeplazma.cz\/farmacie\/wp-content\/uploads\/2024\/10\/SAFE-PAY-300x88-1.png\" alt=\"SAFE-PAY-300x88\" width=\"154\" height=\"45\" \/><\/strong><\/p>\n","protected":false},"featured_media":8145,"comment_status":"open","ping_status":"closed","template":"","meta":{"neve_meta_sidebar":"","neve_meta_container":"","neve_meta_enable_content_width":"","neve_meta_content_width":0,"neve_meta_title_alignment":"","neve_meta_author_avatar":"","neve_post_elements_order":"","neve_meta_disable_header":"","neve_meta_disable_footer":"","neve_meta_disable_title":"","neve_meta_reading_time":""},"product_brand":[],"product_cat":[15],"product_tag":[],"class_list":{"0":"post-8144","1":"product","2":"type-product","3":"status-publish","4":"has-post-thumbnail","6":"product_cat-zdravi","8":"first","9":"instock","10":"sale","11":"shipping-taxable","12":"product-type-external"},"yoast_head":"<!-- This site is optimized with the Yoast SEO plugin v27.3 - https:\/\/yoast.com\/product\/yoast-seo-wordpress\/ -->\n<title>Hondroine - Recenze, L\u00e9k\u00e1rna, Cena - 50%, F\u00f3rum, \u00da\u010dinky | 2026<\/title>\n<meta name=\"robots\" content=\"index, follow, max-snippet:-1, max-image-preview:large, max-video-preview:-1\" \/>\n<link rel=\"canonical\" href=\"https:\/\/www.mojeplazma.cz\/farmacie\/farmacie\/hondroine\/\" \/>\n<meta property=\"og:locale\" content=\"cs_CZ\" \/>\n<meta property=\"og:type\" content=\"article\" \/>\n<meta property=\"og:title\" content=\"Hondroine - Recenze, L\u00e9k\u00e1rna, Cena - 50%, F\u00f3rum, \u00da\u010dinky | 2026\" \/>\n<meta property=\"og:url\" content=\"https:\/\/www.mojeplazma.cz\/farmacie\/farmacie\/hondroine\/\" \/>\n<meta property=\"og:site_name\" content=\"MojePlazma\" \/>\n<meta property=\"article:modified_time\" content=\"2024-12-12T17:17:18+00:00\" \/>\n<meta property=\"og:image\" content=\"https:\/\/www.mojeplazma.cz\/farmacie\/wp-content\/uploads\/2024\/12\/hondroine.jpg\" \/>\n\t<meta property=\"og:image:width\" content=\"768\" \/>\n\t<meta property=\"og:image:height\" content=\"768\" \/>\n\t<meta property=\"og:image:type\" content=\"image\/jpeg\" \/>\n<meta name=\"twitter:card\" content=\"summary_large_image\" \/>\n<meta name=\"twitter:description\" content=\"[date_countdown]\" \/>\n<meta name=\"twitter:label1\" content=\"Odhadovan\u00e1 doba \u010dten\u00ed\" \/>\n\t<meta name=\"twitter:data1\" content=\"6 minut\" \/>\n<script type=\"application\/ld+json\" class=\"yoast-schema-graph\">{\"@context\":\"https:\\\/\\\/schema.org\",\"@graph\":[{\"@type\":\"WebPage\",\"@id\":\"https:\\\/\\\/www.mojeplazma.cz\\\/farmacie\\\/farmacie\\\/hondroine\\\/\",\"url\":\"https:\\\/\\\/www.mojeplazma.cz\\\/farmacie\\\/farmacie\\\/hondroine\\\/\",\"name\":\"Hondroine - Recenze, L\u00e9k\u00e1rna, Cena - 50%, F\u00f3rum, \u00da\u010dinky | 2026\",\"isPartOf\":{\"@id\":\"https:\\\/\\\/www.mojeplazma.cz\\\/farmacie\\\/#website\"},\"primaryImageOfPage\":{\"@id\":\"https:\\\/\\\/www.mojeplazma.cz\\\/farmacie\\\/farmacie\\\/hondroine\\\/#primaryimage\"},\"image\":{\"@id\":\"https:\\\/\\\/www.mojeplazma.cz\\\/farmacie\\\/farmacie\\\/hondroine\\\/#primaryimage\"},\"thumbnailUrl\":\"https:\\\/\\\/www.mojeplazma.cz\\\/farmacie\\\/wp-content\\\/uploads\\\/2024\\\/12\\\/hondroine.jpg\",\"datePublished\":\"2024-12-12T17:17:17+00:00\",\"dateModified\":\"2024-12-12T17:17:18+00:00\",\"breadcrumb\":{\"@id\":\"https:\\\/\\\/www.mojeplazma.cz\\\/farmacie\\\/farmacie\\\/hondroine\\\/#breadcrumb\"},\"inLanguage\":\"cs\",\"potentialAction\":[{\"@type\":\"ReadAction\",\"target\":[\"https:\\\/\\\/www.mojeplazma.cz\\\/farmacie\\\/farmacie\\\/hondroine\\\/\"]}]},{\"@type\":\"ImageObject\",\"inLanguage\":\"cs\",\"@id\":\"https:\\\/\\\/www.mojeplazma.cz\\\/farmacie\\\/farmacie\\\/hondroine\\\/#primaryimage\",\"url\":\"https:\\\/\\\/www.mojeplazma.cz\\\/farmacie\\\/wp-content\\\/uploads\\\/2024\\\/12\\\/hondroine.jpg\",\"contentUrl\":\"https:\\\/\\\/www.mojeplazma.cz\\\/farmacie\\\/wp-content\\\/uploads\\\/2024\\\/12\\\/hondroine.jpg\",\"width\":768,\"height\":768,\"caption\":\"Hondroine\"},{\"@type\":\"BreadcrumbList\",\"@id\":\"https:\\\/\\\/www.mojeplazma.cz\\\/farmacie\\\/farmacie\\\/hondroine\\\/#breadcrumb\",\"itemListElement\":[{\"@type\":\"ListItem\",\"position\":1,\"name\":\"Strona g\u0142\u00f3wna\",\"item\":\"https:\\\/\\\/www.mojeplazma.cz\\\/farmacie\\\/\"},{\"@type\":\"ListItem\",\"position\":2,\"name\":\"farmacie\",\"item\":\"https:\\\/\\\/www.mojeplazma.cz\\\/farmacie\\\/\"},{\"@type\":\"ListItem\",\"position\":3,\"name\":\"Hondroine\"}]},{\"@type\":\"WebSite\",\"@id\":\"https:\\\/\\\/www.mojeplazma.cz\\\/farmacie\\\/#website\",\"url\":\"https:\\\/\\\/www.mojeplazma.cz\\\/farmacie\\\/\",\"name\":\"mojeplazma.cz\",\"description\":\"\",\"potentialAction\":[{\"@type\":\"SearchAction\",\"target\":{\"@type\":\"EntryPoint\",\"urlTemplate\":\"https:\\\/\\\/www.mojeplazma.cz\\\/farmacie\\\/?s={search_term_string}\"},\"query-input\":{\"@type\":\"PropertyValueSpecification\",\"valueRequired\":true,\"valueName\":\"search_term_string\"}}],\"inLanguage\":\"cs\"}]}<\/script>\n<!-- \/ Yoast SEO plugin. -->","yoast_head_json":{"title":"Hondroine - Recenze, L\u00e9k\u00e1rna, Cena - 50%, F\u00f3rum, \u00da\u010dinky | 2026","robots":{"index":"index","follow":"follow","max-snippet":"max-snippet:-1","max-image-preview":"max-image-preview:large","max-video-preview":"max-video-preview:-1"},"canonical":"https:\/\/www.mojeplazma.cz\/farmacie\/farmacie\/hondroine\/","og_locale":"cs_CZ","og_type":"article","og_title":"Hondroine - Recenze, L\u00e9k\u00e1rna, Cena - 50%, F\u00f3rum, \u00da\u010dinky | 2026","og_url":"https:\/\/www.mojeplazma.cz\/farmacie\/farmacie\/hondroine\/","og_site_name":"MojePlazma","article_modified_time":"2024-12-12T17:17:18+00:00","og_image":[{"width":768,"height":768,"url":"https:\/\/www.mojeplazma.cz\/farmacie\/wp-content\/uploads\/2024\/12\/hondroine.jpg","type":"image\/jpeg"}],"twitter_card":"summary_large_image","twitter_description":"[date_countdown]","twitter_misc":{"Odhadovan\u00e1 doba \u010dten\u00ed":"6 minut"},"schema":{"@context":"https:\/\/schema.org","@graph":[{"@type":"WebPage","@id":"https:\/\/www.mojeplazma.cz\/farmacie\/farmacie\/hondroine\/","url":"https:\/\/www.mojeplazma.cz\/farmacie\/farmacie\/hondroine\/","name":"Hondroine - Recenze, L\u00e9k\u00e1rna, Cena - 50%, F\u00f3rum, \u00da\u010dinky | 2026","isPartOf":{"@id":"https:\/\/www.mojeplazma.cz\/farmacie\/#website"},"primaryImageOfPage":{"@id":"https:\/\/www.mojeplazma.cz\/farmacie\/farmacie\/hondroine\/#primaryimage"},"image":{"@id":"https:\/\/www.mojeplazma.cz\/farmacie\/farmacie\/hondroine\/#primaryimage"},"thumbnailUrl":"https:\/\/www.mojeplazma.cz\/farmacie\/wp-content\/uploads\/2024\/12\/hondroine.jpg","datePublished":"2024-12-12T17:17:17+00:00","dateModified":"2024-12-12T17:17:18+00:00","breadcrumb":{"@id":"https:\/\/www.mojeplazma.cz\/farmacie\/farmacie\/hondroine\/#breadcrumb"},"inLanguage":"cs","potentialAction":[{"@type":"ReadAction","target":["https:\/\/www.mojeplazma.cz\/farmacie\/farmacie\/hondroine\/"]}]},{"@type":"ImageObject","inLanguage":"cs","@id":"https:\/\/www.mojeplazma.cz\/farmacie\/farmacie\/hondroine\/#primaryimage","url":"https:\/\/www.mojeplazma.cz\/farmacie\/wp-content\/uploads\/2024\/12\/hondroine.jpg","contentUrl":"https:\/\/www.mojeplazma.cz\/farmacie\/wp-content\/uploads\/2024\/12\/hondroine.jpg","width":768,"height":768,"caption":"Hondroine"},{"@type":"BreadcrumbList","@id":"https:\/\/www.mojeplazma.cz\/farmacie\/farmacie\/hondroine\/#breadcrumb","itemListElement":[{"@type":"ListItem","position":1,"name":"Strona g\u0142\u00f3wna","item":"https:\/\/www.mojeplazma.cz\/farmacie\/"},{"@type":"ListItem","position":2,"name":"farmacie","item":"https:\/\/www.mojeplazma.cz\/farmacie\/"},{"@type":"ListItem","position":3,"name":"Hondroine"}]},{"@type":"WebSite","@id":"https:\/\/www.mojeplazma.cz\/farmacie\/#website","url":"https:\/\/www.mojeplazma.cz\/farmacie\/","name":"mojeplazma.cz","description":"","potentialAction":[{"@type":"SearchAction","target":{"@type":"EntryPoint","urlTemplate":"https:\/\/www.mojeplazma.cz\/farmacie\/?s={search_term_string}"},"query-input":{"@type":"PropertyValueSpecification","valueRequired":true,"valueName":"search_term_string"}}],"inLanguage":"cs"}]}},"_links":{"self":[{"href":"https:\/\/www.mojeplazma.cz\/farmacie\/wp-json\/wp\/v2\/product\/8144","targetHints":{"allow":["GET"]}}],"collection":[{"href":"https:\/\/www.mojeplazma.cz\/farmacie\/wp-json\/wp\/v2\/product"}],"about":[{"href":"https:\/\/www.mojeplazma.cz\/farmacie\/wp-json\/wp\/v2\/types\/product"}],"replies":[{"embeddable":true,"href":"https:\/\/www.mojeplazma.cz\/farmacie\/wp-json\/wp\/v2\/comments?post=8144"}],"wp:featuredmedia":[{"embeddable":true,"href":"https:\/\/www.mojeplazma.cz\/farmacie\/wp-json\/wp\/v2\/media\/8145"}],"wp:attachment":[{"href":"https:\/\/www.mojeplazma.cz\/farmacie\/wp-json\/wp\/v2\/media?parent=8144"}],"wp:term":[{"taxonomy":"product_brand","embeddable":true,"href":"https:\/\/www.mojeplazma.cz\/farmacie\/wp-json\/wp\/v2\/product_brand?post=8144"},{"taxonomy":"product_cat","embeddable":true,"href":"https:\/\/www.mojeplazma.cz\/farmacie\/wp-json\/wp\/v2\/product_cat?post=8144"},{"taxonomy":"product_tag","embeddable":true,"href":"https:\/\/www.mojeplazma.cz\/farmacie\/wp-json\/wp\/v2\/product_tag?post=8144"}],"curies":[{"name":"wp","href":"https:\/\/api.w.org\/{rel}","templated":true}]}}