{"id":8146,"date":"2024-12-12T17:19:22","date_gmt":"2024-12-12T17:19:22","guid":{"rendered":"https:\/\/www.mojeplazma.cz\/farmacie\/?post_type=product&#038;p=8146"},"modified":"2024-12-12T17:19:23","modified_gmt":"2024-12-12T17:19:23","slug":"glucoren","status":"publish","type":"product","link":"https:\/\/www.mojeplazma.cz\/farmacie\/farmacie\/glucoren\/","title":{"rendered":"Glucoren"},"content":{"rendered":"\n<h2 class=\"wp-block-heading\">Co je p\u0159\u00edpravek Glucoren a jak funguje?<\/h2>\n\n\n\n<p><b>Glucoren<\/b> je inovativn\u00ed <b>dopln\u011bk stravy<\/b> ur\u010den\u00fd lidem, kte\u0159\u00ed maj\u00ed probl\u00e9my s regulac\u00ed hladiny cukru v krvi, zejm\u00e9na v souvislosti s cukrovkou. Jeho <em>d p\u016fsoben\u00ed<\/em> je zalo\u017eeno na p\u0159\u00edrodn\u00edch slo\u017ek\u00e1ch, kter\u00e9 podporuj\u00ed organismus p\u0159i udr\u017eov\u00e1n\u00ed stabiln\u00edch hodnot gluk\u00f3zy v krvi.<\/p>\n\n\n\n<p>P\u0159\u00edpravek Glucoren se sna\u017e\u00ed zlep\u0161it citlivost na inzul\u00edn, kter\u00e1 je kl\u00ed\u010dov\u00e1 v boji proti cukrovce. Dopln\u011bk obsahuje <b>slo\u017eky,<\/b> jako je extrakt z list\u016f gymnemy, kter\u00fd z hlediska v\u00fdzkumu vykazuje potenci\u00e1l p\u0159i sni\u017eov\u00e1n\u00ed hladiny gluk\u00f3zy. Krom\u011b toho m\u00e1 extrakt z ko\u0159ene \u010dekanky p\u0159\u00edzniv\u00fd vliv na metabolismus gluk\u00f3zy a inzulinu a extrakt ze semen b\u00edl\u00fdch fazol\u00ed m\u00e1 schopnost inhibovat enzymy tr\u00e1v\u00edc\u00ed sacharidy.<\/p>\n\n\n\n<p>V kombinaci s ho\u0159\u010d\u00edkem, kter\u00fd hraje d\u016fle\u017eitou roli v metabolismu gluk\u00f3zy, podporuje Glucoren zdrav\u00ed diabetik\u016f t\u00edm, \u017ee zlep\u0161uje regulaci inzul\u00ednu. <b>U\u017eivatel\u00e9<\/b> \u010dasto zd\u016fraz\u0148uj\u00ed, \u017ee <b>dopln\u011bk stravy<\/b> pom\u00e1h\u00e1 nejen s kontrolou hladiny cukru, ale ovliv\u0148uje tak\u00e9 jejich n\u00e1ladu, poskytuje \u00falevu od ka\u017edodenn\u00edho stresu a zlep\u0161uje n\u00e1ladu.<\/p>\n\n\n\n<p>Glucoren je v\u00edc ne\u017e jen <b>dopln\u011bk stravy<\/b>. Je to podpora pro lidi s cukrovkou, kte\u0159\u00ed usiluj\u00ed o lep\u0161\u00ed kvalitu \u017eivota prost\u0159ednictv\u00edm efektivn\u00edho \u0159\u00edzen\u00ed hladiny inzul\u00ednu. V\u00fdb\u011brem p\u0159\u00edpravku Glucoren <b>u\u017eivatel\u00e9<\/b> investuj\u00ed do zdrav\u00ed a ka\u017edodenn\u00ed rovnov\u00e1hy organismu.<\/p>\n\n\n\n<h2 class=\"wp-block-heading\">\u00da\u010dinky p\u0159\u00edpravku Glucoren<\/h2>\n\n\n\n<p>U\u017e\u00edv\u00e1n\u00ed p\u0159\u00edpravku Glucoren m\u00e1 \u0159adu pozitivn\u00edch \u00fa\u010dink\u016f na zdrav\u00ed. <b>Dopln\u011bk<\/b> podporuje <em>regulaci hladiny cukru v<\/em> krvi, co\u017e je pro osoby s cukrovkou z\u00e1sadn\u00ed. Mnoho lid\u00ed uv\u00e1d\u00ed znateln\u00e9 zlep\u0161en\u00ed hladiny gluk\u00f3zy, co\u017e m\u00e1 pozitivn\u00ed dopad na jejich pohodu.<\/p>\n\n\n\n<p>Krom\u011b sn\u00ed\u017een\u00ed hladiny cukru m\u016f\u017ee m\u00edt Glucoren p\u0159\u00edzniv\u00fd vliv na <em>hubnut\u00ed<\/em>. Sn\u00ed\u017een\u00edm chuti k j\u00eddlu a zrychlen\u00edm metabolismu doch\u00e1z\u00ed u <b>u\u017eivatel\u016f<\/b> ke snadn\u011bj\u0161\u00edmu procesu hubnut\u00ed. Pravideln\u00e9 u\u017e\u00edv\u00e1n\u00ed tohoto dopl\u0148ku nav\u00edc p\u0159isp\u00edv\u00e1 ke <em>zlep\u0161en\u00ed zdravotn\u00edho stavu,<\/em> co\u017e m\u00e1 za n\u00e1sledek vy\u0161\u0161\u00ed energii a lep\u0161\u00ed pocit pohody.<\/p>\n\n\n\n<figure class=\"wp-block-table\"><table class=\"has-fixed-layout\"><tbody><tr><th>\u00da\u010dinky p\u0159\u00edpravku Glucoren<\/th><th>Popis<\/th><\/tr><tr><td><b>Regulace cukru<\/b><\/td><td>Sn\u00ed\u017een\u00ed hladiny gluk\u00f3zy v krvi, co\u017e m\u00e1 stabilizuj\u00edc\u00ed \u00fa\u010dinek na n\u00e1ladu.<\/td><\/tr><tr><td><b>\u00dabytek hmotnosti<\/b><\/td><td>Sni\u017euje chu\u0165 k j\u00eddlu a zrychluje metabolismus, co\u017e usnad\u0148uje hubnut\u00ed.<\/td><\/tr><tr><td><b>Zlep\u0161en\u00ed zdrav\u00ed<\/b><\/td><td>Zv\u00fd\u0161en\u00ed energie, sn\u00ed\u017een\u00ed pocitu stresu a celkov\u00e9 zlep\u0161en\u00ed kvality \u017eivota.<\/td><\/tr><\/tbody><\/table><\/figure>\n\n\n\n<p>Pravideln\u00e9 u\u017e\u00edv\u00e1n\u00ed p\u0159\u00edpravku Glucoren podporuje nejen fyzick\u00e9, ale i du\u0161evn\u00ed zdrav\u00ed, tak\u017ee je cenn\u00fdm dopl\u0148kem ka\u017edodenn\u00ed stravy. U\u017eivatel\u00e9 zaznamen\u00e1vaj\u00ed \u00fa\u010dinn\u00e9 v\u00fdsledky, kter\u00e9 mohou p\u0159isp\u011bt k dlouhodob\u00e9mu zlep\u0161en\u00ed jejich zdravotn\u00edho stavu.<\/p>\n\n\n\n<h2 class=\"wp-block-heading\">Jak pou\u017e\u00edvat p\u0159\u00edpravek Glucoren? &#8211; D\u00e1vkov\u00e1n\u00ed<\/h2>\n\n\n\n<p>Pou\u017eit\u00ed dopl\u0148ku stravy Glucoren je jednoduch\u00e9 a pohodln\u00e9. Doporu\u010den\u00e1 d\u00e1vka je <em>1 kapsle dvakr\u00e1t denn\u011b<\/em>. Kapsle se nejl\u00e9pe u\u017e\u00edvaj\u00ed p\u0159ibli\u017en\u011b 20 minut p\u0159ed j\u00eddlem, co\u017e podporuje \u00fa\u010dinn\u00e9 vst\u0159eb\u00e1v\u00e1n\u00ed \u00fa\u010dinn\u00fdch l\u00e1tek. Toto <b>d\u00e1vkov\u00e1n\u00ed<\/b> zaji\u0161\u0165uje optim\u00e1ln\u00ed \u00fa\u010dinek na organismus.<\/p>\n\n\n\n<p>Kl\u00ed\u010dem k dosa\u017een\u00ed po\u017eadovan\u00fdch \u00fa\u010dink\u016f je p\u0159\u00edsn\u00e9 dodr\u017eov\u00e1n\u00ed d\u00e1vkov\u00e1n\u00ed. Doporu\u010den\u00e1 denn\u00ed d\u00e1vka by nem\u011bla b\u00fdt p\u0159ekro\u010dena, co\u017e pom\u016f\u017ee zachovat bezpe\u010dnost a \u00fa\u010dinnost p\u0159\u00edpravku. Je t\u0159eba m\u00edt na pam\u011bti, \u017ee p\u0159\u00edpravek Glucoren by m\u011bl b\u00fdt uchov\u00e1v\u00e1n v p\u016fvodn\u00edm obalu na chladn\u00e9m a such\u00e9m m\u00edst\u011b.<\/p>\n\n\n\n<p>Pravideln\u00e9 u\u017e\u00edv\u00e1n\u00ed p\u0159\u00edpravku Glucoren m\u016f\u017ee p\u0159in\u00e9st \u0159adu zdravotn\u00edch v\u00fdhod, nap\u0159\u00edklad stabilizaci hladiny cukru v krvi a podporu kardiovaskul\u00e1rn\u00edho zdrav\u00ed. Je t\u0159eba m\u00edt na pam\u011bti, \u017ee tento <b>dopln\u011bk stravy<\/b> m\u016f\u017ee v kombinaci s vhodnou stravou a fyzickou aktivitou v\u00fdrazn\u011b zlep\u0161it pohodu a celkov\u00fd zdravotn\u00ed stav.<\/p>\n\n\n\n<h2 class=\"wp-block-heading\">Glucoren &#8211; N\u00e1zory a recenze, F\u00f3rum<\/h2>\n\n\n\n<p>U\u017eivatelsk\u00e9 <b>recenze<\/b> p\u0159\u00edpravku Glucoren nazna\u010duj\u00ed, \u017ee je vysoce \u00fa\u010dinn\u00fd p\u0159i regulaci hladiny cukru v krvi. Pozitivn\u00ed <b>recenze<\/b> tohoto dopl\u0148ku lze \u010dasto nal\u00e9zt na f\u00f3rech o zdrav\u00e9 v\u00fd\u017eiv\u011b. Mnoho lid\u00ed vyzdvihuje znateln\u00e9 v\u00fdsledky pot\u00e9, co jej za\u010dali pou\u017e\u00edvat.<\/p>\n\n\n\n<blockquote class=\"wp-block-quote is-layout-flow wp-block-quote-is-layout-flow\">\n<p><em>Kasia:<\/em> &#8222;Okam\u017eit\u011b po zah\u00e1jen\u00ed l\u00e9\u010dby jsem zaznamenala v\u00fdrazn\u00e9 zlep\u0161en\u00ed sv\u00e9ho zdravotn\u00edho stavu. Hladina cukru je nyn\u00ed mnohem stabiln\u011bj\u0161\u00ed, co\u017e m\u011b velmi t\u011b\u0161\u00ed. D\u00edky p\u0159\u00edpravku Glucoren mohu v\u00e9st norm\u00e1ln\u00ed \u017eivot bez obav z n\u00e1hl\u00fdch v\u00fdkyv\u016f cukru.&#8220;<\/p>\n<\/blockquote>\n\n\n\n<blockquote class=\"wp-block-quote is-layout-flow wp-block-quote-is-layout-flow\">\n<p><em>Tom:<\/em> &#8222;S p\u0159\u00edpravkem Glucoren se mi poda\u0159ilo sn\u00ed\u017eit chu\u0165 k j\u00eddlu a v\u00fdrazn\u011b se mi zlep\u0161ily v\u00fdsledky test\u016f. C\u00edtil jsem se l\u00e9pe, m\u011bl jsem v\u00edce energie a kontrola nad m\u00fdm zdrav\u00edm byla snaz\u0161\u00ed.&#8220;<\/p>\n<\/blockquote>\n\n\n\n<blockquote class=\"wp-block-quote is-layout-flow wp-block-quote-is-layout-flow\">\n<p><em>Victoria:<\/em> &#8222;Nejen\u017ee se mi zlep\u0161ila kontrola cukru, ale tak\u00e9 jsem se c\u00edtila energi\u010dt\u011bj\u0161\u00ed a klidn\u011bj\u0161\u00ed v ka\u017edodenn\u00edm \u017eivot\u011b. Tohle by m\u011bl vyzkou\u0161et ka\u017ed\u00fd, zejm\u00e9na ti, kte\u0159\u00ed se pot\u00fdkaj\u00ed s metabolick\u00fdmi probl\u00e9my.&#8220;<\/p>\n<\/blockquote>\n\n\n\n<p>Na <b>f\u00f3ru<\/b> se u\u017eivatel\u00e9 \u010dasto d\u011bl\u00ed o sv\u00e9 zku\u0161enosti a v pr\u016fm\u011bru hodnot\u00ed 4,95 z 5 hv\u011bzdi\u010dek. To sv\u011bd\u010d\u00ed o vysok\u00e9 kvalit\u011b dopl\u0148ku. Lid\u00e9 doporu\u010duj\u00ed Glucoren jako podporu v ka\u017edodenn\u00edm boji za stabiln\u00ed hladinu cukru a doporu\u010duj\u00ed lidem, aby si jej koupili z ofici\u00e1ln\u00edch webov\u00fdch str\u00e1nek v\u00fdrobce, aby se vyhnuli pad\u011blk\u016fm.<\/p>\n\n\n\n<h2 class=\"wp-block-heading\">Slo\u017een\u00ed p\u0159\u00edpravku Glucoren &#8211; Co obsahuje?<\/h2>\n\n\n\n<p>Glucoren je dopln\u011bk stravy, kter\u00fd vynik\u00e1 pe\u010dliv\u011b vybran\u00fdmi slo\u017ekami, navr\u017een\u00fdmi tak, aby podporovaly p\u0159irozenou regulaci hladiny cukru v krvi. Jeho jedine\u010dn\u00e9 slo\u017een\u00ed je zalo\u017eeno na p\u0159\u00edrodn\u00edch slo\u017ek\u00e1ch, tak\u017ee je bezpe\u010dn\u00fd pro \u0161irokou \u0161k\u00e1lu spot\u0159ebitel\u016f.<\/p>\n\n\n\n<p>Slo\u017een\u00ed p\u0159\u00edpravku Glucoren zahrnuje:<\/p>\n\n\n\n<ul class=\"wp-block-list\">\n<li>Extrakt ze zelen\u00e9 k\u00e1vy &#8211; zn\u00e1m\u00fd pro sv\u00e9 vlastnosti podporuj\u00edc\u00ed metabolismus a sni\u017euj\u00edc\u00ed hladinu gluk\u00f3zy.<\/li>\n\n\n\n<li>Garcinia Cambogia &#8211; obl\u00edben\u00e1 slo\u017eka dopl\u0148k\u016f stravy, kter\u00e1 m\u016f\u017ee ovlivnit pocit hladu a podpo\u0159it hubnut\u00ed.<\/li>\n\n\n\n<li>Chrom &#8211; miner\u00e1l, kter\u00fd pom\u00e1h\u00e1 regulovat hladinu cukru a metabolismus sacharid\u016f.<\/li>\n\n\n\n<li>Selen &#8211; p\u016fsob\u00ed jako siln\u00fd antioxidant a podporuje celkov\u00e9 zdrav\u00ed organismu.<\/li>\n<\/ul>\n\n\n\n<p>Slo\u017een\u00ed p\u0159\u00edpravku Glucoren je vegansk\u00e9 a neobsahuje GMO, co\u017e zd\u016fraz\u0148uje <b>p\u0159\u00edrodn\u00ed<\/b> p\u016fvod jeho slo\u017eek. Toto <b>slo\u017een\u00ed<\/b> minimalizuje riziko vedlej\u0161\u00edch \u00fa\u010dink\u016f a alergick\u00fdch reakc\u00ed. Pro jedince, kte\u0159\u00ed dbaj\u00ed o sv\u00e9 zdrav\u00ed, je Glucoren zaj\u00edmavou volbou jako sou\u010d\u00e1st p\u0159irozen\u00e9 podpory regulace hladiny cukru v t\u011ble.<\/p>\n\n\n\n<h2 class=\"wp-block-heading\">Kde koupit a jak\u00e1 je cena p\u0159\u00edpravku Glucoren?<\/h2>\n\n\n\n<p>Glucoren lze zakoupit pouze na <em>ofici\u00e1ln\u00edch str\u00e1nk\u00e1ch v\u00fdrobce,<\/em> co\u017e zaji\u0161\u0165uje nejvy\u0161\u0161\u00ed kvalitu a originalitu v\u00fdrobku. V\u00fdrobek nen\u00ed k dispozici ve stacion\u00e1rn\u00edch l\u00e9k\u00e1rn\u00e1ch, co\u017e m\u016f\u017ee b\u00fdt d\u016fle\u017eit\u00e1 informace pro ty, kte\u0159\u00ed hledaj\u00ed dopln\u011bk na podporu regulace cukru.<\/p>\n\n\n\n<p><b>Cena p\u0159\u00edpravku<\/b> Glucoren se m\u016f\u017ee li\u0161it v z\u00e1vislosti na aktu\u00e1ln\u00edch akc\u00edch. Vyplat\u00ed se pravideln\u011b nav\u0161t\u011bvovat webov\u00e9 str\u00e1nky v\u00fdrobce, proto\u017ee jsou zde \u010dasto nab\u00edzeny slevy a atrakce, d\u00edky kter\u00fdm m\u016f\u017ee b\u00fdt v\u00e1\u0161 n\u00e1kup je\u0161t\u011b v\u00fdhodn\u011bj\u0161\u00ed. N\u00e1kup z ofici\u00e1ln\u00edch webov\u00fdch str\u00e1nek je z\u00e1rukou, \u017ee z\u00edsk\u00e1v\u00e1te v\u00fdrobek od <em>ofici\u00e1ln\u00edho v\u00fdrobce<\/em>.<\/p>\n\n\n\n<p>Z\u00e1v\u011brem lze \u0159\u00edci, \u017ee pro z\u00e1jemce o koupi p\u0159\u00edpravku Glucoren je nejlep\u0161\u00ed volbou ofici\u00e1ln\u00ed <em>webov\u00e1 str\u00e1nka v\u00fdrobce,<\/em> kde m\u016f\u017eete tak\u00e9 z\u00edskat nejnov\u011bj\u0161\u00ed informace o cen\u011b a dostupn\u00fdch propaga\u010dn\u00edch akc\u00edch.<\/p>\n\n\n\n<h2 class=\"wp-block-heading\">Glucoren &#8211; Ne\u017e\u00e1douc\u00ed \u00fa\u010dinky a kontraindikace<\/h2>\n\n\n\n<p>Dosavadn\u00ed v\u00fdzkum p\u0159\u00edpravku Glucoren ukazuje, \u017ee se jedn\u00e1 o dopln\u011bk, kter\u00fd obecn\u011b nezp\u016fsobuje z\u00e1va\u017en\u00e9 vedlej\u0161\u00ed \u00fa\u010dinky. P\u0159\u00edpravek zalo\u017een\u00fd na p\u0159\u00edrodn\u00edch slo\u017ek\u00e1ch, jako je berberin, zinek a moru\u0161e b\u00edl\u00e1, m\u00e1 p\u0159\u00edzniv\u00fd vliv na regulaci hladiny gluk\u00f3zy v krvi. <b>Ne\u017e\u00e1douc\u00ed \u00fa\u010dinky<\/b> spojen\u00e9 s jeho u\u017e\u00edv\u00e1n\u00edm mohou zahrnovat pouze drobn\u00e9 gastrointestin\u00e1ln\u00ed obt\u00ed\u017ee, jako je pr\u016fjem nebo k\u0159e\u010de v b\u0159i\u0161e. Je v\u0161ak t\u0159eba poznamenat, \u017ee u\u017eivatel p\u0159\u00edpravku Glucoren by m\u011bl db\u00e1t zv\u00fd\u0161en\u00e9 opatrnosti a pravideln\u011b sledovat sv\u016fj zdravotn\u00ed stav.<\/p>\n\n\n\n<p>P\u0159ed zah\u00e1jen\u00edm l\u00e9\u010dby je d\u016fle\u017eit\u00e9 poradit se s l\u00e9ka\u0159em, zejm\u00e9na pokud m\u00e1te ji\u017e existuj\u00edc\u00ed zdravotn\u00ed pot\u00ed\u017ee nebo u\u017e\u00edv\u00e1te jin\u00e9 l\u00e9ky. Existuj\u00ed n\u011bkter\u00e9 <b>kontraindikace, kter\u00e9<\/b> mohou omezit u\u017e\u00edv\u00e1n\u00ed p\u0159\u00edpravku Glucoren, jako je p\u0159ecitliv\u011blost na <b>slo\u017eky p\u0159\u00edpravku<\/b> nebo obdob\u00ed t\u011bhotenstv\u00ed a kojen\u00ed. Lid\u00e9, kte\u0159\u00ed u\u017e\u00edvaj\u00ed l\u00e9ky, zejm\u00e9na ty, kter\u00e9 se pou\u017e\u00edvaj\u00ed k l\u00e9\u010db\u011b cukrovky, by si m\u011bli b\u00fdt rovn\u011b\u017e v\u011bdomi mo\u017en\u00fdch interakc\u00ed s jin\u00fdmi \u00fa\u010dinn\u00fdmi l\u00e1tkami.<\/p>\n\n\n\n<p>Obecn\u011b je Glucoren p\u0159\u00edpravek, kter\u00fd je v\u011bt\u0161inou lid\u00ed dob\u0159e sn\u00e1\u0161en. Doporu\u010duje se v\u0161ak neignorovat mo\u017en\u00e9 ne\u017e\u00e1douc\u00ed \u00fa\u010dinky a dodr\u017eovat doporu\u010den\u00ed pro d\u00e1vkov\u00e1n\u00ed. U\u017eivatel\u00e9 si tak mohou pln\u011b vychutnat jeho p\u0159\u00edzniv\u00e9 \u00fa\u010dinky na regulaci hladiny cukru v krvi.<\/p>\n","protected":false},"excerpt":{"rendered":"<p><strong>[date_countdown]<\/strong><\/p>\n<p><strong><img decoding=\"async\" class=\"alignnone wp-image-8078\" src=\"https:\/\/www.mojeplazma.cz\/farmacie\/wp-content\/uploads\/2024\/10\/SAFE-PAY-300x88-1.png\" alt=\"SAFE-PAY-300x88\" width=\"154\" height=\"45\" \/><\/strong><\/p>\n","protected":false},"featured_media":8147,"comment_status":"open","ping_status":"closed","template":"","meta":{"neve_meta_sidebar":"","neve_meta_container":"","neve_meta_enable_content_width":"","neve_meta_content_width":0,"neve_meta_title_alignment":"","neve_meta_author_avatar":"","neve_post_elements_order":"","neve_meta_disable_header":"","neve_meta_disable_footer":"","neve_meta_disable_title":"","neve_meta_reading_time":""},"product_brand":[],"product_cat":[15],"product_tag":[],"class_list":{"0":"post-8146","1":"product","2":"type-product","3":"status-publish","4":"has-post-thumbnail","6":"product_cat-zdravi","8":"first","9":"instock","10":"sale","11":"shipping-taxable","12":"product-type-external"},"yoast_head":"<!-- This site is optimized with the Yoast SEO plugin v27.3 - https:\/\/yoast.com\/product\/yoast-seo-wordpress\/ -->\n<title>Glucoren - Recenze, L\u00e9k\u00e1rna, Cena - 50%, F\u00f3rum, \u00da\u010dinky | 2026<\/title>\n<meta name=\"robots\" content=\"index, follow, max-snippet:-1, max-image-preview:large, max-video-preview:-1\" \/>\n<link rel=\"canonical\" href=\"https:\/\/www.mojeplazma.cz\/farmacie\/farmacie\/glucoren\/\" \/>\n<meta property=\"og:locale\" content=\"cs_CZ\" \/>\n<meta property=\"og:type\" content=\"article\" \/>\n<meta property=\"og:title\" content=\"Glucoren - Recenze, L\u00e9k\u00e1rna, Cena - 50%, F\u00f3rum, \u00da\u010dinky | 2026\" \/>\n<meta property=\"og:url\" content=\"https:\/\/www.mojeplazma.cz\/farmacie\/farmacie\/glucoren\/\" \/>\n<meta property=\"og:site_name\" content=\"MojePlazma\" \/>\n<meta property=\"article:modified_time\" content=\"2024-12-12T17:19:23+00:00\" \/>\n<meta property=\"og:image\" content=\"https:\/\/www.mojeplazma.cz\/farmacie\/wp-content\/uploads\/2024\/12\/glucoren.jpg\" \/>\n\t<meta property=\"og:image:width\" content=\"768\" \/>\n\t<meta property=\"og:image:height\" content=\"768\" \/>\n\t<meta property=\"og:image:type\" content=\"image\/jpeg\" \/>\n<meta name=\"twitter:card\" content=\"summary_large_image\" \/>\n<meta name=\"twitter:description\" content=\"[date_countdown]\" \/>\n<meta name=\"twitter:label1\" content=\"Odhadovan\u00e1 doba \u010dten\u00ed\" \/>\n\t<meta name=\"twitter:data1\" content=\"6 minut\" \/>\n<script type=\"application\/ld+json\" class=\"yoast-schema-graph\">{\"@context\":\"https:\\\/\\\/schema.org\",\"@graph\":[{\"@type\":\"WebPage\",\"@id\":\"https:\\\/\\\/www.mojeplazma.cz\\\/farmacie\\\/farmacie\\\/glucoren\\\/\",\"url\":\"https:\\\/\\\/www.mojeplazma.cz\\\/farmacie\\\/farmacie\\\/glucoren\\\/\",\"name\":\"Glucoren - Recenze, L\u00e9k\u00e1rna, Cena - 50%, F\u00f3rum, \u00da\u010dinky | 2026\",\"isPartOf\":{\"@id\":\"https:\\\/\\\/www.mojeplazma.cz\\\/farmacie\\\/#website\"},\"primaryImageOfPage\":{\"@id\":\"https:\\\/\\\/www.mojeplazma.cz\\\/farmacie\\\/farmacie\\\/glucoren\\\/#primaryimage\"},\"image\":{\"@id\":\"https:\\\/\\\/www.mojeplazma.cz\\\/farmacie\\\/farmacie\\\/glucoren\\\/#primaryimage\"},\"thumbnailUrl\":\"https:\\\/\\\/www.mojeplazma.cz\\\/farmacie\\\/wp-content\\\/uploads\\\/2024\\\/12\\\/glucoren.jpg\",\"datePublished\":\"2024-12-12T17:19:22+00:00\",\"dateModified\":\"2024-12-12T17:19:23+00:00\",\"breadcrumb\":{\"@id\":\"https:\\\/\\\/www.mojeplazma.cz\\\/farmacie\\\/farmacie\\\/glucoren\\\/#breadcrumb\"},\"inLanguage\":\"cs\",\"potentialAction\":[{\"@type\":\"ReadAction\",\"target\":[\"https:\\\/\\\/www.mojeplazma.cz\\\/farmacie\\\/farmacie\\\/glucoren\\\/\"]}]},{\"@type\":\"ImageObject\",\"inLanguage\":\"cs\",\"@id\":\"https:\\\/\\\/www.mojeplazma.cz\\\/farmacie\\\/farmacie\\\/glucoren\\\/#primaryimage\",\"url\":\"https:\\\/\\\/www.mojeplazma.cz\\\/farmacie\\\/wp-content\\\/uploads\\\/2024\\\/12\\\/glucoren.jpg\",\"contentUrl\":\"https:\\\/\\\/www.mojeplazma.cz\\\/farmacie\\\/wp-content\\\/uploads\\\/2024\\\/12\\\/glucoren.jpg\",\"width\":768,\"height\":768,\"caption\":\"Glucoren\"},{\"@type\":\"BreadcrumbList\",\"@id\":\"https:\\\/\\\/www.mojeplazma.cz\\\/farmacie\\\/farmacie\\\/glucoren\\\/#breadcrumb\",\"itemListElement\":[{\"@type\":\"ListItem\",\"position\":1,\"name\":\"Strona g\u0142\u00f3wna\",\"item\":\"https:\\\/\\\/www.mojeplazma.cz\\\/farmacie\\\/\"},{\"@type\":\"ListItem\",\"position\":2,\"name\":\"farmacie\",\"item\":\"https:\\\/\\\/www.mojeplazma.cz\\\/farmacie\\\/\"},{\"@type\":\"ListItem\",\"position\":3,\"name\":\"Glucoren\"}]},{\"@type\":\"WebSite\",\"@id\":\"https:\\\/\\\/www.mojeplazma.cz\\\/farmacie\\\/#website\",\"url\":\"https:\\\/\\\/www.mojeplazma.cz\\\/farmacie\\\/\",\"name\":\"mojeplazma.cz\",\"description\":\"\",\"potentialAction\":[{\"@type\":\"SearchAction\",\"target\":{\"@type\":\"EntryPoint\",\"urlTemplate\":\"https:\\\/\\\/www.mojeplazma.cz\\\/farmacie\\\/?s={search_term_string}\"},\"query-input\":{\"@type\":\"PropertyValueSpecification\",\"valueRequired\":true,\"valueName\":\"search_term_string\"}}],\"inLanguage\":\"cs\"}]}<\/script>\n<!-- \/ Yoast SEO plugin. -->","yoast_head_json":{"title":"Glucoren - Recenze, L\u00e9k\u00e1rna, Cena - 50%, F\u00f3rum, \u00da\u010dinky | 2026","robots":{"index":"index","follow":"follow","max-snippet":"max-snippet:-1","max-image-preview":"max-image-preview:large","max-video-preview":"max-video-preview:-1"},"canonical":"https:\/\/www.mojeplazma.cz\/farmacie\/farmacie\/glucoren\/","og_locale":"cs_CZ","og_type":"article","og_title":"Glucoren - Recenze, L\u00e9k\u00e1rna, Cena - 50%, F\u00f3rum, \u00da\u010dinky | 2026","og_url":"https:\/\/www.mojeplazma.cz\/farmacie\/farmacie\/glucoren\/","og_site_name":"MojePlazma","article_modified_time":"2024-12-12T17:19:23+00:00","og_image":[{"width":768,"height":768,"url":"https:\/\/www.mojeplazma.cz\/farmacie\/wp-content\/uploads\/2024\/12\/glucoren.jpg","type":"image\/jpeg"}],"twitter_card":"summary_large_image","twitter_description":"[date_countdown]","twitter_misc":{"Odhadovan\u00e1 doba \u010dten\u00ed":"6 minut"},"schema":{"@context":"https:\/\/schema.org","@graph":[{"@type":"WebPage","@id":"https:\/\/www.mojeplazma.cz\/farmacie\/farmacie\/glucoren\/","url":"https:\/\/www.mojeplazma.cz\/farmacie\/farmacie\/glucoren\/","name":"Glucoren - Recenze, L\u00e9k\u00e1rna, Cena - 50%, F\u00f3rum, \u00da\u010dinky | 2026","isPartOf":{"@id":"https:\/\/www.mojeplazma.cz\/farmacie\/#website"},"primaryImageOfPage":{"@id":"https:\/\/www.mojeplazma.cz\/farmacie\/farmacie\/glucoren\/#primaryimage"},"image":{"@id":"https:\/\/www.mojeplazma.cz\/farmacie\/farmacie\/glucoren\/#primaryimage"},"thumbnailUrl":"https:\/\/www.mojeplazma.cz\/farmacie\/wp-content\/uploads\/2024\/12\/glucoren.jpg","datePublished":"2024-12-12T17:19:22+00:00","dateModified":"2024-12-12T17:19:23+00:00","breadcrumb":{"@id":"https:\/\/www.mojeplazma.cz\/farmacie\/farmacie\/glucoren\/#breadcrumb"},"inLanguage":"cs","potentialAction":[{"@type":"ReadAction","target":["https:\/\/www.mojeplazma.cz\/farmacie\/farmacie\/glucoren\/"]}]},{"@type":"ImageObject","inLanguage":"cs","@id":"https:\/\/www.mojeplazma.cz\/farmacie\/farmacie\/glucoren\/#primaryimage","url":"https:\/\/www.mojeplazma.cz\/farmacie\/wp-content\/uploads\/2024\/12\/glucoren.jpg","contentUrl":"https:\/\/www.mojeplazma.cz\/farmacie\/wp-content\/uploads\/2024\/12\/glucoren.jpg","width":768,"height":768,"caption":"Glucoren"},{"@type":"BreadcrumbList","@id":"https:\/\/www.mojeplazma.cz\/farmacie\/farmacie\/glucoren\/#breadcrumb","itemListElement":[{"@type":"ListItem","position":1,"name":"Strona g\u0142\u00f3wna","item":"https:\/\/www.mojeplazma.cz\/farmacie\/"},{"@type":"ListItem","position":2,"name":"farmacie","item":"https:\/\/www.mojeplazma.cz\/farmacie\/"},{"@type":"ListItem","position":3,"name":"Glucoren"}]},{"@type":"WebSite","@id":"https:\/\/www.mojeplazma.cz\/farmacie\/#website","url":"https:\/\/www.mojeplazma.cz\/farmacie\/","name":"mojeplazma.cz","description":"","potentialAction":[{"@type":"SearchAction","target":{"@type":"EntryPoint","urlTemplate":"https:\/\/www.mojeplazma.cz\/farmacie\/?s={search_term_string}"},"query-input":{"@type":"PropertyValueSpecification","valueRequired":true,"valueName":"search_term_string"}}],"inLanguage":"cs"}]}},"_links":{"self":[{"href":"https:\/\/www.mojeplazma.cz\/farmacie\/wp-json\/wp\/v2\/product\/8146","targetHints":{"allow":["GET"]}}],"collection":[{"href":"https:\/\/www.mojeplazma.cz\/farmacie\/wp-json\/wp\/v2\/product"}],"about":[{"href":"https:\/\/www.mojeplazma.cz\/farmacie\/wp-json\/wp\/v2\/types\/product"}],"replies":[{"embeddable":true,"href":"https:\/\/www.mojeplazma.cz\/farmacie\/wp-json\/wp\/v2\/comments?post=8146"}],"wp:featuredmedia":[{"embeddable":true,"href":"https:\/\/www.mojeplazma.cz\/farmacie\/wp-json\/wp\/v2\/media\/8147"}],"wp:attachment":[{"href":"https:\/\/www.mojeplazma.cz\/farmacie\/wp-json\/wp\/v2\/media?parent=8146"}],"wp:term":[{"taxonomy":"product_brand","embeddable":true,"href":"https:\/\/www.mojeplazma.cz\/farmacie\/wp-json\/wp\/v2\/product_brand?post=8146"},{"taxonomy":"product_cat","embeddable":true,"href":"https:\/\/www.mojeplazma.cz\/farmacie\/wp-json\/wp\/v2\/product_cat?post=8146"},{"taxonomy":"product_tag","embeddable":true,"href":"https:\/\/www.mojeplazma.cz\/farmacie\/wp-json\/wp\/v2\/product_tag?post=8146"}],"curies":[{"name":"wp","href":"https:\/\/api.w.org\/{rel}","templated":true}]}}