{"id":8148,"date":"2024-12-12T17:21:55","date_gmt":"2024-12-12T17:21:55","guid":{"rendered":"https:\/\/www.mojeplazma.cz\/farmacie\/?post_type=product&#038;p=8148"},"modified":"2024-12-12T17:21:56","modified_gmt":"2024-12-12T17:21:56","slug":"artovitel","status":"publish","type":"product","link":"https:\/\/www.mojeplazma.cz\/farmacie\/farmacie\/artovitel\/","title":{"rendered":"Artovitel"},"content":{"rendered":"\n<h2 class=\"wp-block-heading\">Co je Artovitel a jak funguje?<\/h2>\n\n\n\n<p><b>Artovitel<\/b> je modern\u00ed <b>dopln\u011bk stravy<\/b>, kter\u00fd podporuje <b>zdrav\u00ed kloub\u016f<\/b>. Jeho <b>\u00fa\u010dinek<\/b> je zalo\u017een na p\u0159\u00edrodn\u00edch slo\u017ek\u00e1ch, kter\u00e9 byly pe\u010dliv\u011b vybr\u00e1ny pro svou prok\u00e1zanou \u00fa\u010dinnost p\u0159i regeneraci tk\u00e1n\u00ed a zm\u00edrn\u011bn\u00ed pot\u00ed\u017e\u00ed souvisej\u00edc\u00edch s kostern\u00edm syst\u00e9mem.<\/p>\n\n\n\n<p>Artovitel <b>obsahuje<\/b> l\u00e1tky jako glukosamin, chondroitin a rostlinn\u00e9 extrakty, kter\u00e9 maj\u00ed protiz\u00e1n\u011btliv\u00e9 \u00fa\u010dinky. D\u00edky t\u011bmto slo\u017ek\u00e1m <b>dopln\u011bk stravy<\/b> funguje tak, \u017ee dod\u00e1v\u00e1 t\u011blu z\u00e1kladn\u00ed \u017eiviny, kter\u00e9 podporuj\u00ed opravn\u00e9 procesy v kloubech a pom\u00e1haj\u00ed sni\u017eovat z\u00e1n\u011bt.<\/p>\n\n\n\n<p>Odborn\u00edci upozor\u0148uj\u00ed, \u017ee s p\u0159ib\u00fdvaj\u00edc\u00edm v\u011bkem se opat\u0159en\u00ed v t\u00e9to oblasti doporu\u010duj\u00ed st\u00e1le \u010dast\u011bji. Lid\u00e9 star\u0161\u00ed t\u0159iceti let \u010dasto poci\u0165uj\u00ed p\u0159\u00edznaky onemocn\u011bn\u00ed kloub\u016f. V Evrop\u011b se s revmatoidn\u00ed artritidou pot\u00fdk\u00e1 a\u017e ka\u017ed\u00fd druh\u00fd d\u016fchodce. Je proto d\u016fle\u017eit\u00e9 zvolit spr\u00e1vn\u00e9 p\u0159\u00edpravky na podporu <b>zdrav\u00ed kloub\u016f<\/b>.<\/p>\n\n\n\n<p>Artovitel si z\u00edsk\u00e1v\u00e1 oblibu nejen pro sv\u00e9 <b>slo\u017eky<\/b>, ale tak\u00e9 pro <b>\u00fa\u010dinky, kter\u00e9<\/b> p\u0159in\u00e1\u0161\u00ed jeho pravideln\u00e9 <b>u\u017e\u00edv\u00e1n\u00ed<\/b>. Vhodn\u00e1 suplementace podporuje pohyblivost, zlep\u0161uje kvalitu \u017eivota a umo\u017e\u0148uje lidem u\u017e\u00edvat si aktivn\u00ed \u017eivotn\u00ed styl bez ohledu na v\u011bk.<\/p>\n\n\n\n<h2 class=\"wp-block-heading\">\u00da\u010dinky pou\u017e\u00edv\u00e1n\u00ed p\u0159\u00edpravku Artovitel<\/h2>\n\n\n\n<p>Artovitel je popul\u00e1rn\u00ed <b>dopln\u011bk stravy<\/b>, kter\u00fd p\u0159itahuje pozornost z\u00e1kazn\u00edk\u016f z r\u016fzn\u00fdch v\u011bkov\u00fdch skupin. <b>\u00da\u010dinky<\/b> jeho u\u017e\u00edv\u00e1n\u00ed \u010dasto vyzdvihuj\u00ed u\u017eivatel\u00e9, kte\u0159\u00ed zaznamen\u00e1vaj\u00ed v\u00fdrazn\u00e9 zlep\u0161en\u00ed <em>zdrav\u00ed kloub\u016f<\/em> a celkov\u00e9 fyzick\u00e9 kondice.<\/p>\n\n\n\n<p>Mezi hlavn\u00ed \u00fa\u010dinky vypl\u00fdvaj\u00edc\u00ed z jeho u\u017e\u00edv\u00e1n\u00ed pat\u0159\u00ed:<\/p>\n\n\n\n<ul class=\"wp-block-list\">\n<li>Sni\u017euj\u00ed bolest a nepohodl\u00ed v kloubech a v\u00fdrazn\u011b zlep\u0161uj\u00ed kvalitu \u017eivota.<\/li>\n\n\n\n<li>Usnad\u0148uje pohyblivost kloub\u016f, co\u017e je d\u016fle\u017eit\u00e9 zejm\u00e9na pro osoby s aktivn\u00edm \u017eivotn\u00edm stylem.<\/li>\n\n\n\n<li>zm\u00edr\u0148uje z\u00e1n\u011bt, co\u017e podporuje rychlej\u0161\u00ed regeneraci po cvi\u010den\u00ed.<\/li>\n\n\n\n<li>Zlep\u0161en\u00ed mikrocirkulace, kter\u00e9 p\u0159isp\u00edv\u00e1 k lep\u0161\u00edmu okysli\u010den\u00ed tk\u00e1n\u00ed.<\/li>\n<\/ul>\n\n\n\n<p>Dopln\u011bk stravy Artovitel obsahuje p\u0159\u00edrodn\u00ed <b>slo\u017eky,<\/b> kter\u00e9 podporuj\u00ed jeho <b>\u00fa\u010dinky<\/b>. <b>U\u017eivatel\u00e9,<\/b> kte\u0159\u00ed jej u\u017e\u00edvaj\u00ed pravideln\u011b, si pochvaluj\u00ed jeho \u00fa\u010dinnost a rychlost p\u016fsoben\u00ed. \u010casto poukazuj\u00ed na zv\u00fd\u0161enou pru\u017enost a lep\u0161\u00ed funkci kloub\u016f, co\u017e \u010din\u00ed tento p\u0159\u00edpravek nepostradateln\u00fdm pro sportovce a osoby s kloubn\u00edmi probl\u00e9my.<\/p>\n\n\n\n<p>Celkov\u011b maj\u00ed \u00fa\u010dinky p\u0159\u00edpravku Artovitel pozitivn\u00ed dopad na kvalitu \u017eivota, a proto si z\u00edsk\u00e1v\u00e1 uzn\u00e1n\u00ed na trhu s dopl\u0148ky stravy. <b>U\u017eivatel\u00e9<\/b> podot\u00fdkaj\u00ed v\u00fdznam p\u0159\u00edrodn\u00edch <b>slo\u017eek<\/b> tohoto p\u0159\u00edpravku z hlediska p\u00e9\u010de o <em>zdrav\u00ed kloub\u016f<\/em>.<\/p>\n\n\n\n<h2 class=\"wp-block-heading\">Jak pou\u017e\u00edvat Artovitel? &#8211; D\u00e1vkov\u00e1n\u00ed<\/h2>\n\n\n\n<p>Spr\u00e1vn\u00e9 <em>u\u017e\u00edv\u00e1n\u00ed<\/em> dopl\u0148ku stravy Artovitel je kl\u00ed\u010dem k dosa\u017een\u00ed optim\u00e1ln\u00edch v\u00fdsledk\u016f. Doporu\u010duje se, aby jej dosp\u011bl\u00ed u\u017e\u00edvali podle doporu\u010den\u00ed v\u00fdrobce. Nejlep\u0161\u00ed <em>d\u00e1vkov\u00e1n\u00ed<\/em> je jedna tableta denn\u011b, nejl\u00e9pe s j\u00eddlem. D\u016fle\u017eit\u00e1 je pravidelnost <em>u\u017e\u00edv\u00e1n\u00ed<\/em>, proto\u017ee systematick\u00e9 <b>u\u017e\u00edv\u00e1n\u00ed<\/b> p\u0159\u00edpravku p\u0159in\u00e1\u0161\u00ed nejlep\u0161\u00ed v\u00fdsledky.<\/p>\n\n\n\n<p>Artovitel je vytvo\u0159en ze 100% p\u0159\u00edrodn\u00edch slo\u017eek, d\u00edky \u010demu\u017e je \u0161etrn\u00fd k t\u011blu. Lid\u00e9, kte\u0159\u00ed tento dopln\u011bk stravy u\u017e\u00edvaj\u00ed, \u010dasto uv\u00e1d\u011bj\u00ed v\u00fdrazn\u00e9 zlep\u0161en\u00ed sv\u00fdch kloubn\u00edch pot\u00ed\u017e\u00ed. Je d\u016fle\u017eit\u00e9 si uv\u011bdomit, \u017ee v\u00fdrobek nen\u00ed k dispozici ve stacion\u00e1rn\u00edch l\u00e9k\u00e1rn\u00e1ch a lze jej zakoupit pouze objedn\u00e1n\u00edm online.<\/p>\n\n\n\n<p>Nejlep\u0161\u00ed zp\u016fsob, jak se z\u00e1sobit p\u0159\u00edpravkem Artovitel, je prost\u0159ednictv\u00edm ofici\u00e1ln\u00edch webov\u00fdch str\u00e1nek v\u00fdrobce, kde m\u016f\u017eete z\u00edskat dal\u0161\u00ed informace o slo\u017ek\u00e1ch a jeho v\u00fdhod\u00e1ch.<\/p>\n\n\n\n<h2 class=\"wp-block-heading\">Artovitel &#8211; U\u017eivatelsk\u00e9 recenze, f\u00f3rum &#8211; Co \u0159\u00edkaj\u00ed u\u017eivatel\u00e9?<\/h2>\n\n\n\n<p>Artovitel z\u00edsk\u00e1v\u00e1 \u010detn\u00e9 pozitivn\u00ed <em>recenze<\/em> na r\u016fzn\u00fdch <em>f\u00f3rech<\/em>, kde <b>u\u017eivatel\u00e9<\/b> sd\u00edlej\u00ed sv\u00e9 zku\u0161enosti s t\u00edmto dopl\u0148kem. N\u00ed\u017ee jsou uvedeny n\u011bkter\u00e9 konkr\u00e9tn\u00ed \u00fadaje, kter\u00e9 ilustruj\u00ed spokojenost t\u011bch, kte\u0159\u00ed pou\u017e\u00edvaj\u00ed Artovitel.<\/p>\n\n\n\n<blockquote class=\"wp-block-quote is-layout-flow wp-block-quote-is-layout-flow\">\n<p><strong>Marta:<\/strong> &#8222;Artovitel mi pomohl v m\u00e9m ka\u017edodenn\u00edm fungov\u00e1n\u00ed. Po n\u011bkolika t\u00fddnech u\u017e\u00edv\u00e1n\u00ed jsem zaznamenala v\u00fdrazn\u00e9 zlep\u0161en\u00ed pohyblivosti kloub\u016f. P\u0159\u00edmo\u010dar\u00fd ka\u017edodenn\u00ed \u017eivot se stal mnohem snaz\u0161\u00edm!&#8220;<\/p>\n<\/blockquote>\n\n\n\n<blockquote class=\"wp-block-quote is-layout-flow wp-block-quote-is-layout-flow\">\n<p><strong>Peter:<\/strong> &#8222;M\u011bl jsem probl\u00e9my s koleny, kter\u00e9 mi zt\u011b\u017eovaly tr\u00e9nink. Po pou\u017eit\u00ed Artovitelu jsem z\u00edskal zp\u011bt plnou pohyblivost. Jsem velmi spokojen a tento dopln\u011bk stravy s pln\u00fdm p\u0159esv\u011bd\u010den\u00edm doporu\u010duji.&#8220;<\/p>\n<\/blockquote>\n\n\n\n<blockquote class=\"wp-block-quote is-layout-flow wp-block-quote-is-layout-flow\">\n<p><strong>Kasia:<\/strong> &#8222;Ob\u00e1vala jsem se, \u017ee dopl\u0148ky stravy nebudou fungovat, ale Artovitel m\u011b pozitivn\u011b p\u0159ekvapil. M\u00e9n\u011b bolesti, v\u00edce energie k \u010dinnosti!&#8220;<\/p>\n<\/blockquote>\n\n\n\n<p><b>Zp\u011btn\u00e1 vazba od<\/b> u\u017eivatel\u016f jasn\u011b ukazuje pozitivn\u00ed \u00fa\u010dinky pou\u017e\u00edv\u00e1n\u00ed syst\u00e9mu Artovitel. Mnoho lid\u00ed zaznamenalo nejen zlep\u0161en\u00ed pohyblivosti kloub\u016f, ale tak\u00e9 celkov\u00e9 zv\u00fd\u0161en\u00ed \u017eivotn\u00edho komfortu. Navzdory rozd\u00edln\u00fdm o\u010dek\u00e1v\u00e1n\u00edm <em>u\u017eivatel\u00e9<\/em> vyzdvihuj\u00ed \u00fa\u010dinnost p\u0159\u00edpravku a jeho relativn\u011b jednoduchou aplikaci.<\/p>\n\n\n\n<h2 class=\"wp-block-heading\">Slo\u017een\u00ed p\u0159\u00edpravku Artovitel &#8211; anal\u00fdza slo\u017eek<\/h2>\n\n\n\n<p>Dopln\u011bk stravy Artovitel obsahuje pe\u010dliv\u011b vybran\u00e9 slo\u017eky na podporu zdrav\u00ed kloub\u016f. Ve slo\u017een\u00ed najdete mimo jin\u00e9 glukosamin, chondroitin a organick\u00e9 rostlinn\u00e9 extrakty. Tyto l\u00e1tky p\u0159isp\u00edvaj\u00ed k regeneraci chrupavky, vykazuj\u00ed protiz\u00e1n\u011btliv\u00e9 <b>\u00fa\u010dinky<\/b> a zlep\u0161uj\u00ed miner\u00e1ln\u00ed rovnov\u00e1hu v kloubech.<\/p>\n\n\n\n<p>V n\u00e1sleduj\u00edc\u00ed tabulce jsou uvedeny kl\u00ed\u010dov\u00e9 slo\u017eky p\u0159\u00edpravku Artovitel a jejich vlastnosti:<\/p>\n\n\n\n<figure class=\"wp-block-table\"><table class=\"has-fixed-layout\"><tbody><tr><th>Komponenta<\/th><th>Vlastnosti<\/th><\/tr><tr><td>Glukosamin<\/td><td>Podporuje regeneraci kloubn\u00ed chrupavky a zm\u00edr\u0148uje bolest.<\/td><\/tr><tr><td>Chondroitin<\/td><td>Pom\u00e1h\u00e1 udr\u017eovat pru\u017enost chrupavek a zm\u00edr\u0148uje z\u00e1n\u011bty.<\/td><\/tr><tr><td>Rostlinn\u00e9 v\u00fdta\u017eky<\/td><td>P\u016fsob\u00ed protiz\u00e1n\u011btliv\u011b a podporuj\u00ed <b>zdrav\u00ed<\/b> a pohyblivost <b>kloub\u016f<\/b>.<\/td><\/tr><\/tbody><\/table><\/figure>\n\n\n\n<p>Pravideln\u00e9 u\u017e\u00edv\u00e1n\u00ed p\u0159\u00edpravku Artovitel p\u0159isp\u00edv\u00e1 ke zlep\u0161en\u00ed celkov\u00e9ho stavu kloub\u016f, co\u017e m\u016f\u017ee b\u00fdt d\u016fle\u017eit\u00e9 zejm\u00e9na pro osoby s aktivn\u00edm \u017eivotn\u00edm stylem nebo pro osoby s kloubn\u00edmi probl\u00e9my. Spr\u00e1vn\u00e1 <em>anal\u00fdza<\/em> slo\u017eek je kl\u00ed\u010dem k pochopen\u00ed toho, jak dopln\u011bk stravy ovliv\u0148uje organismus a jak\u00e9 zdravotn\u00ed v\u00fdhody p\u0159in\u00e1\u0161\u00ed.<\/p>\n\n\n\n<h2 class=\"wp-block-heading\">Kde koupit a jak\u00e1 je cena p\u0159\u00edpravku Artovitel?<\/h2>\n\n\n\n<p>Artovitel lze zakoupit pouze na ofici\u00e1ln\u00edch str\u00e1nk\u00e1ch v\u00fdrobce. Tento typ n\u00e1kupu zaru\u010duje pravost a <b>bezpe\u010dnost<\/b> v\u00fdrobku. Jin\u00e9 str\u00e1nky, jako jsou stacion\u00e1rn\u00ed l\u00e9k\u00e1rny, v sou\u010dasn\u00e9 dob\u011b nenab\u00edzej\u00ed Artovitel ve sv\u00e9m sortimentu a dostupnost prost\u0159ednictv\u00edm jin\u00fdch prodejn\u00edch kan\u00e1l\u016f m\u016f\u017ee zahrnovat riziko n\u00e1kupu pad\u011blk\u016f.<\/p>\n\n\n\n<p><b>Cena<\/b> Artovitelu je prom\u011bnliv\u00e1, co\u017e znamen\u00e1, \u017ee stoj\u00ed za to zkontrolovat aktu\u00e1ln\u00ed propaga\u010dn\u00ed akce na ofici\u00e1ln\u00edch str\u00e1nk\u00e1ch v\u00fdrobce je\u0161t\u011b dnes. \u010casto jsou nab\u00edzeny v\u00fdhodn\u00e9 n\u00e1kupn\u00ed bal\u00ed\u010dky a slevy, d\u00edky nim\u017e je n\u00e1kup cenov\u011b v\u00fdhodn\u011bj\u0161\u00ed. U\u017eivatel\u00e9 chv\u00e1l\u00ed nejen kvalitu v\u00fdrobku, ale tak\u00e9 jeho \u00fa\u010dinnost a snadnou aplikaci.<\/p>\n\n\n\n<p>Z\u00e1kazn\u00edci si mohou b\u00fdt jisti, \u017ee si zakoup\u00ed produkt nejvy\u0161\u0161\u00ed kvality, o \u010dem\u017e sv\u011bd\u010d\u00ed \u010detn\u00e9 pozitivn\u00ed u\u017eivatelsk\u00e9 recenze a vysok\u00e9 hodnocen\u00ed 4,95 z 5 hv\u011bzdi\u010dek. Nestoj\u00ed za to riskovat a hledat Artovitel v neautorizovan\u00fdch prodejn\u00edch kan\u00e1lech, aby se zabr\u00e1nilo p\u0159\u00edpadn\u00e9mu zklam\u00e1n\u00ed.<\/p>\n\n\n\n<h2 class=\"wp-block-heading\">Artovitel &#8211; Ne\u017e\u00e1douc\u00ed \u00fa\u010dinky a kontraindikace &#8211; Bezpe\u010dnost pou\u017eit\u00ed<\/h2>\n\n\n\n<p>Artovitel je obecn\u011b pova\u017eov\u00e1n za bezpe\u010dn\u00fd dopln\u011bk stravy na podporu zdrav\u00ed kloub\u016f, ale je d\u016fle\u017eit\u00e9 m\u00edt na pam\u011bti mo\u017en\u00e9 ne\u017e\u00e1douc\u00ed \u00fa\u010dinky. Jako ka\u017ed\u00fd v\u00fdrobek m\u016f\u017ee zp\u016fsobit alergick\u00e9 reakce u lid\u00ed, kte\u0159\u00ed jsou citliv\u00ed na slo\u017eky, jako je kolagen nebo eukalyptov\u00fd extrakt. U n\u011bkter\u00fdch u\u017eivatel\u016f se mohou vyskytnout <strong>ne\u017e\u00e1douc\u00ed \u00fa\u010dinky,<\/strong> jako je podr\u00e1\u017ed\u011bn\u00ed k\u016f\u017ee, zarudnut\u00ed nebo sv\u011bd\u011bn\u00ed v m\u00edst\u011b aplikace.<\/p>\n\n\n\n<p>Lid\u00e9 s alergi\u00ed na n\u011bkterou ze slo\u017eek p\u0159\u00edpravku Artovitel nebo ti, kte\u0159\u00ed u\u017e\u00edvaj\u00ed jin\u00e9 l\u00e9ky, by se m\u011bli p\u0159ed jeho u\u017e\u00edv\u00e1n\u00edm poradit se sv\u00fdm l\u00e9ka\u0159em. Krom\u011b toho existuj\u00ed <strong>kontraindikace<\/strong> t\u00fdkaj\u00edc\u00ed se u\u017e\u00edv\u00e1n\u00ed p\u0159\u00edpravku t\u011bhotn\u00fdmi a koj\u00edc\u00edmi \u017eenami, proto\u017ee <b>bezpe\u010dnost<\/b> jeho u\u017e\u00edv\u00e1n\u00ed v t\u011bchto p\u0159\u00edpadech nebyla dostate\u010dn\u011b prozkoum\u00e1na. Z tohoto d\u016fvodu by osoby mlad\u0161\u00ed 18 let nem\u011bly p\u0159\u00edpravek Artovitel u\u017e\u00edvat bez p\u0159edchoz\u00ed konzultace s l\u00e9ka\u0159em.<\/p>\n\n\n\n<p>Navzdory obav\u00e1m se Artovitel op\u00edr\u00e1 o pozitivn\u00ed <b>ohlasy<\/b> u\u017eivatel\u016f a doporu\u010den\u00ed odborn\u00edk\u016f. Kl\u00ed\u010dem k bezpe\u010dn\u00e9mu u\u017e\u00edv\u00e1n\u00ed je pe\u010dliv\u00e9 dodr\u017eov\u00e1n\u00ed d\u00e1vkov\u00e1n\u00ed a pravideln\u00e9 sledov\u00e1n\u00ed reakce organismu. V p\u0159\u00edpad\u011b jak\u00fdchkoli znepokojiv\u00fdch p\u0159\u00edznak\u016f se doporu\u010duje okam\u017eit\u011b p\u0159eru\u0161it u\u017e\u00edv\u00e1n\u00ed a poradit se s l\u00e9ka\u0159em, aby byla zaji\u0161t\u011bna \u00fapln\u00e1 <strong>bezpe\u010dnost<\/strong> dopl\u0148ku.<\/p>\n","protected":false},"excerpt":{"rendered":"<p><strong>[date_countdown]<\/strong><\/p>\n<p><strong><img decoding=\"async\" class=\"alignnone wp-image-8078\" src=\"https:\/\/www.mojeplazma.cz\/farmacie\/wp-content\/uploads\/2024\/10\/SAFE-PAY-300x88-1.png\" alt=\"SAFE-PAY-300x88\" width=\"154\" height=\"45\" \/><\/strong><\/p>\n","protected":false},"featured_media":8149,"comment_status":"open","ping_status":"closed","template":"","meta":{"neve_meta_sidebar":"","neve_meta_container":"","neve_meta_enable_content_width":"","neve_meta_content_width":0,"neve_meta_title_alignment":"","neve_meta_author_avatar":"","neve_post_elements_order":"","neve_meta_disable_header":"","neve_meta_disable_footer":"","neve_meta_disable_title":"","neve_meta_reading_time":""},"product_brand":[],"product_cat":[15],"product_tag":[],"class_list":{"0":"post-8148","1":"product","2":"type-product","3":"status-publish","4":"has-post-thumbnail","6":"product_cat-zdravi","8":"first","9":"instock","10":"sale","11":"shipping-taxable","12":"product-type-external"},"yoast_head":"<!-- This site is optimized with the Yoast SEO plugin v27.3 - https:\/\/yoast.com\/product\/yoast-seo-wordpress\/ -->\n<title>Artovitel - Recenze, L\u00e9k\u00e1rna, Cena - 50%, F\u00f3rum, \u00da\u010dinky | 2026<\/title>\n<meta name=\"robots\" content=\"index, follow, max-snippet:-1, max-image-preview:large, max-video-preview:-1\" \/>\n<link rel=\"canonical\" href=\"https:\/\/www.mojeplazma.cz\/farmacie\/farmacie\/artovitel\/\" \/>\n<meta property=\"og:locale\" content=\"cs_CZ\" \/>\n<meta property=\"og:type\" content=\"article\" \/>\n<meta property=\"og:title\" content=\"Artovitel - Recenze, L\u00e9k\u00e1rna, Cena - 50%, F\u00f3rum, \u00da\u010dinky | 2026\" \/>\n<meta property=\"og:url\" content=\"https:\/\/www.mojeplazma.cz\/farmacie\/farmacie\/artovitel\/\" \/>\n<meta property=\"og:site_name\" content=\"MojePlazma\" \/>\n<meta property=\"article:modified_time\" content=\"2024-12-12T17:21:56+00:00\" \/>\n<meta property=\"og:image\" content=\"https:\/\/www.mojeplazma.cz\/farmacie\/wp-content\/uploads\/2024\/12\/artovitel.jpg\" \/>\n\t<meta property=\"og:image:width\" content=\"768\" \/>\n\t<meta property=\"og:image:height\" content=\"768\" \/>\n\t<meta property=\"og:image:type\" content=\"image\/jpeg\" \/>\n<meta name=\"twitter:card\" content=\"summary_large_image\" \/>\n<meta name=\"twitter:description\" content=\"[date_countdown]\" \/>\n<meta name=\"twitter:label1\" content=\"Odhadovan\u00e1 doba \u010dten\u00ed\" \/>\n\t<meta name=\"twitter:data1\" content=\"6 minut\" \/>\n<script type=\"application\/ld+json\" class=\"yoast-schema-graph\">{\"@context\":\"https:\\\/\\\/schema.org\",\"@graph\":[{\"@type\":\"WebPage\",\"@id\":\"https:\\\/\\\/www.mojeplazma.cz\\\/farmacie\\\/farmacie\\\/artovitel\\\/\",\"url\":\"https:\\\/\\\/www.mojeplazma.cz\\\/farmacie\\\/farmacie\\\/artovitel\\\/\",\"name\":\"Artovitel - Recenze, L\u00e9k\u00e1rna, Cena - 50%, F\u00f3rum, \u00da\u010dinky | 2026\",\"isPartOf\":{\"@id\":\"https:\\\/\\\/www.mojeplazma.cz\\\/farmacie\\\/#website\"},\"primaryImageOfPage\":{\"@id\":\"https:\\\/\\\/www.mojeplazma.cz\\\/farmacie\\\/farmacie\\\/artovitel\\\/#primaryimage\"},\"image\":{\"@id\":\"https:\\\/\\\/www.mojeplazma.cz\\\/farmacie\\\/farmacie\\\/artovitel\\\/#primaryimage\"},\"thumbnailUrl\":\"https:\\\/\\\/www.mojeplazma.cz\\\/farmacie\\\/wp-content\\\/uploads\\\/2024\\\/12\\\/artovitel.jpg\",\"datePublished\":\"2024-12-12T17:21:55+00:00\",\"dateModified\":\"2024-12-12T17:21:56+00:00\",\"breadcrumb\":{\"@id\":\"https:\\\/\\\/www.mojeplazma.cz\\\/farmacie\\\/farmacie\\\/artovitel\\\/#breadcrumb\"},\"inLanguage\":\"cs\",\"potentialAction\":[{\"@type\":\"ReadAction\",\"target\":[\"https:\\\/\\\/www.mojeplazma.cz\\\/farmacie\\\/farmacie\\\/artovitel\\\/\"]}]},{\"@type\":\"ImageObject\",\"inLanguage\":\"cs\",\"@id\":\"https:\\\/\\\/www.mojeplazma.cz\\\/farmacie\\\/farmacie\\\/artovitel\\\/#primaryimage\",\"url\":\"https:\\\/\\\/www.mojeplazma.cz\\\/farmacie\\\/wp-content\\\/uploads\\\/2024\\\/12\\\/artovitel.jpg\",\"contentUrl\":\"https:\\\/\\\/www.mojeplazma.cz\\\/farmacie\\\/wp-content\\\/uploads\\\/2024\\\/12\\\/artovitel.jpg\",\"width\":768,\"height\":768,\"caption\":\"Artovitel\"},{\"@type\":\"BreadcrumbList\",\"@id\":\"https:\\\/\\\/www.mojeplazma.cz\\\/farmacie\\\/farmacie\\\/artovitel\\\/#breadcrumb\",\"itemListElement\":[{\"@type\":\"ListItem\",\"position\":1,\"name\":\"Strona g\u0142\u00f3wna\",\"item\":\"https:\\\/\\\/www.mojeplazma.cz\\\/farmacie\\\/\"},{\"@type\":\"ListItem\",\"position\":2,\"name\":\"farmacie\",\"item\":\"https:\\\/\\\/www.mojeplazma.cz\\\/farmacie\\\/\"},{\"@type\":\"ListItem\",\"position\":3,\"name\":\"Artovitel\"}]},{\"@type\":\"WebSite\",\"@id\":\"https:\\\/\\\/www.mojeplazma.cz\\\/farmacie\\\/#website\",\"url\":\"https:\\\/\\\/www.mojeplazma.cz\\\/farmacie\\\/\",\"name\":\"mojeplazma.cz\",\"description\":\"\",\"potentialAction\":[{\"@type\":\"SearchAction\",\"target\":{\"@type\":\"EntryPoint\",\"urlTemplate\":\"https:\\\/\\\/www.mojeplazma.cz\\\/farmacie\\\/?s={search_term_string}\"},\"query-input\":{\"@type\":\"PropertyValueSpecification\",\"valueRequired\":true,\"valueName\":\"search_term_string\"}}],\"inLanguage\":\"cs\"}]}<\/script>\n<!-- \/ Yoast SEO plugin. -->","yoast_head_json":{"title":"Artovitel - Recenze, L\u00e9k\u00e1rna, Cena - 50%, F\u00f3rum, \u00da\u010dinky | 2026","robots":{"index":"index","follow":"follow","max-snippet":"max-snippet:-1","max-image-preview":"max-image-preview:large","max-video-preview":"max-video-preview:-1"},"canonical":"https:\/\/www.mojeplazma.cz\/farmacie\/farmacie\/artovitel\/","og_locale":"cs_CZ","og_type":"article","og_title":"Artovitel - Recenze, L\u00e9k\u00e1rna, Cena - 50%, F\u00f3rum, \u00da\u010dinky | 2026","og_url":"https:\/\/www.mojeplazma.cz\/farmacie\/farmacie\/artovitel\/","og_site_name":"MojePlazma","article_modified_time":"2024-12-12T17:21:56+00:00","og_image":[{"width":768,"height":768,"url":"https:\/\/www.mojeplazma.cz\/farmacie\/wp-content\/uploads\/2024\/12\/artovitel.jpg","type":"image\/jpeg"}],"twitter_card":"summary_large_image","twitter_description":"[date_countdown]","twitter_misc":{"Odhadovan\u00e1 doba \u010dten\u00ed":"6 minut"},"schema":{"@context":"https:\/\/schema.org","@graph":[{"@type":"WebPage","@id":"https:\/\/www.mojeplazma.cz\/farmacie\/farmacie\/artovitel\/","url":"https:\/\/www.mojeplazma.cz\/farmacie\/farmacie\/artovitel\/","name":"Artovitel - Recenze, L\u00e9k\u00e1rna, Cena - 50%, F\u00f3rum, \u00da\u010dinky | 2026","isPartOf":{"@id":"https:\/\/www.mojeplazma.cz\/farmacie\/#website"},"primaryImageOfPage":{"@id":"https:\/\/www.mojeplazma.cz\/farmacie\/farmacie\/artovitel\/#primaryimage"},"image":{"@id":"https:\/\/www.mojeplazma.cz\/farmacie\/farmacie\/artovitel\/#primaryimage"},"thumbnailUrl":"https:\/\/www.mojeplazma.cz\/farmacie\/wp-content\/uploads\/2024\/12\/artovitel.jpg","datePublished":"2024-12-12T17:21:55+00:00","dateModified":"2024-12-12T17:21:56+00:00","breadcrumb":{"@id":"https:\/\/www.mojeplazma.cz\/farmacie\/farmacie\/artovitel\/#breadcrumb"},"inLanguage":"cs","potentialAction":[{"@type":"ReadAction","target":["https:\/\/www.mojeplazma.cz\/farmacie\/farmacie\/artovitel\/"]}]},{"@type":"ImageObject","inLanguage":"cs","@id":"https:\/\/www.mojeplazma.cz\/farmacie\/farmacie\/artovitel\/#primaryimage","url":"https:\/\/www.mojeplazma.cz\/farmacie\/wp-content\/uploads\/2024\/12\/artovitel.jpg","contentUrl":"https:\/\/www.mojeplazma.cz\/farmacie\/wp-content\/uploads\/2024\/12\/artovitel.jpg","width":768,"height":768,"caption":"Artovitel"},{"@type":"BreadcrumbList","@id":"https:\/\/www.mojeplazma.cz\/farmacie\/farmacie\/artovitel\/#breadcrumb","itemListElement":[{"@type":"ListItem","position":1,"name":"Strona g\u0142\u00f3wna","item":"https:\/\/www.mojeplazma.cz\/farmacie\/"},{"@type":"ListItem","position":2,"name":"farmacie","item":"https:\/\/www.mojeplazma.cz\/farmacie\/"},{"@type":"ListItem","position":3,"name":"Artovitel"}]},{"@type":"WebSite","@id":"https:\/\/www.mojeplazma.cz\/farmacie\/#website","url":"https:\/\/www.mojeplazma.cz\/farmacie\/","name":"mojeplazma.cz","description":"","potentialAction":[{"@type":"SearchAction","target":{"@type":"EntryPoint","urlTemplate":"https:\/\/www.mojeplazma.cz\/farmacie\/?s={search_term_string}"},"query-input":{"@type":"PropertyValueSpecification","valueRequired":true,"valueName":"search_term_string"}}],"inLanguage":"cs"}]}},"_links":{"self":[{"href":"https:\/\/www.mojeplazma.cz\/farmacie\/wp-json\/wp\/v2\/product\/8148","targetHints":{"allow":["GET"]}}],"collection":[{"href":"https:\/\/www.mojeplazma.cz\/farmacie\/wp-json\/wp\/v2\/product"}],"about":[{"href":"https:\/\/www.mojeplazma.cz\/farmacie\/wp-json\/wp\/v2\/types\/product"}],"replies":[{"embeddable":true,"href":"https:\/\/www.mojeplazma.cz\/farmacie\/wp-json\/wp\/v2\/comments?post=8148"}],"wp:featuredmedia":[{"embeddable":true,"href":"https:\/\/www.mojeplazma.cz\/farmacie\/wp-json\/wp\/v2\/media\/8149"}],"wp:attachment":[{"href":"https:\/\/www.mojeplazma.cz\/farmacie\/wp-json\/wp\/v2\/media?parent=8148"}],"wp:term":[{"taxonomy":"product_brand","embeddable":true,"href":"https:\/\/www.mojeplazma.cz\/farmacie\/wp-json\/wp\/v2\/product_brand?post=8148"},{"taxonomy":"product_cat","embeddable":true,"href":"https:\/\/www.mojeplazma.cz\/farmacie\/wp-json\/wp\/v2\/product_cat?post=8148"},{"taxonomy":"product_tag","embeddable":true,"href":"https:\/\/www.mojeplazma.cz\/farmacie\/wp-json\/wp\/v2\/product_tag?post=8148"}],"curies":[{"name":"wp","href":"https:\/\/api.w.org\/{rel}","templated":true}]}}