{"id":8158,"date":"2024-12-12T17:34:28","date_gmt":"2024-12-12T17:34:28","guid":{"rendered":"https:\/\/www.mojeplazma.cz\/farmacie\/?post_type=product&#038;p=8158"},"modified":"2024-12-12T17:34:29","modified_gmt":"2024-12-12T17:34:29","slug":"predstonorm","status":"publish","type":"product","link":"https:\/\/www.mojeplazma.cz\/farmacie\/farmacie\/predstonorm\/","title":{"rendered":"Predstonorm"},"content":{"rendered":"\n<h2 class=\"wp-block-heading\">Co je Predstonorm a jak funguje?<\/h2>\n\n\n\n<p><b>Predstonorm<\/b> je <em>dopln\u011bk stravy<\/em> ur\u010den\u00fd k podpo\u0159e <em>zdrav\u00ed prostaty<\/em> a mo\u010dov\u00fdch cest. D\u00edky pe\u010dliv\u011b vybran\u00fdm p\u0159\u00edrodn\u00edm slo\u017ek\u00e1m m\u00e1 <b>p\u0159\u00edpravek<\/b> komplexn\u00ed \u00fa\u010dinek na organismus. Podporovan\u00e9 slo\u017eky, jako je extrakt ze sabalov\u00e9 palmy a extrakt z kop\u0159ivy, pom\u00e1haj\u00ed zlep\u0161ovat funkci mo\u010dov\u00fdch cest.<\/p>\n\n\n\n<p>Predstonorm <b>p\u016fsob\u00ed<\/b> tak, \u017ee sni\u017euje z\u00e1n\u011bt prostaty a zlep\u0161uje krevn\u00ed ob\u011bh. U\u017eivatel\u00e9 uv\u00e1d\u011bj\u00ed zv\u00fd\u0161en\u00fd komfort p\u0159i mo\u010den\u00ed, co\u017e vede k lep\u0161\u00ed kvalit\u011b \u017eivota. K dosa\u017een\u00ed znateln\u00fdch <b>v\u00fdsledk\u016f<\/b> se doporu\u010duje pravideln\u00e9 <b>u\u017e\u00edv\u00e1n\u00ed<\/b> po dobu p\u0159ibli\u017en\u011b 45 dn\u016f. Pr\u016fm\u011brn\u00e9 hodnocen\u00ed u\u017eivatel\u016f je 5 hv\u011bzdi\u010dek ze 6, co\u017e sv\u011bd\u010d\u00ed o vysok\u00e9 spokojenosti s jeho \u00fa\u010dinky.<\/p>\n\n\n\n<p>Predstonorm je bezpe\u010dn\u00fd dopln\u011bk stravy, ale p\u0159ed kombinac\u00ed s jin\u00fdmi l\u00e9ky je vhodn\u00e9 poradit se s l\u00e9ka\u0159em. P\u0159\u00edpravek je dostupn\u00fd pouze na ofici\u00e1ln\u00edch str\u00e1nk\u00e1ch v\u00fdrobce a nelze jej nal\u00e9zt v kamenn\u00fdch l\u00e9k\u00e1rn\u00e1ch ani v obl\u00edben\u00fdch online slu\u017eb\u00e1ch.<\/p>\n\n\n\n<h2 class=\"wp-block-heading\">\u00da\u010dinky Predstonormu<\/h2>\n\n\n\n<p><b>U\u017e\u00edv\u00e1n\u00ed p\u0159\u00edpravku<\/b> Predstonorm m\u00e1 \u0159adu pozitivn\u00edch <em>\u00fa\u010dink\u016f<\/em>, kter\u00e9 maj\u00ed v\u00fdznamn\u00fd vliv na <em>zdrav\u00ed prostaty<\/em> a <em>pohodl\u00ed \u017eivota<\/em> u\u017eivatel\u016f. Mnoho lid\u00ed zaznamen\u00e1v\u00e1 v\u00fdrazn\u00e9 zlep\u0161en\u00ed v \u00falev\u011b od p\u0159\u00edznak\u016f prostatitidy. Specializovan\u00e9 slo\u017eky p\u0159\u00edpravku, jako je extrakt z kop\u0159ivy a extrakt z d\u00fd\u0148ov\u00fdch semen, pom\u00e1haj\u00ed optimalizovat pr\u016ftok mo\u010di.<\/p>\n\n\n\n<p>Pravideln\u00e9 <b>u\u017e\u00edv\u00e1n\u00ed<\/b> Predstonormu podporuje sn\u00ed\u017een\u00ed z\u00e1n\u011btu prostaty a s n\u00edm spojen\u00fdch pot\u00ed\u017e\u00ed. U\u017eivatel\u00e9 uv\u00e1d\u011bj\u00ed sn\u00ed\u017een\u00ed bolesti v p\u00e1nevn\u00ed oblasti, co\u017e m\u00e1 v\u00fdznamn\u00fd dopad na jejich celkovou pohodu. Dlouhodob\u00e9 <b>\u00fa\u010dinky<\/b> dopl\u0148ku umo\u017e\u0148uj\u00ed v\u011bt\u0161\u00ed fyzickou a spole\u010denskou aktivitu, co\u017e vede k lep\u0161\u00ed kvalit\u011b \u017eivota.<\/p>\n\n\n\n<figure class=\"wp-block-table\"><table class=\"has-fixed-layout\"><tbody><tr><th>V\u00fdhody pou\u017e\u00edv\u00e1n\u00ed<\/th><th>V\u0161echny \u00fa\u010dinky<\/th><\/tr><tr><td>Sn\u00ed\u017een\u00ed p\u0159\u00edznak\u016f prostatitidy<\/td><td>Ano<\/td><\/tr><tr><td>Zlep\u0161en\u00ed komfortu p\u0159i mo\u010den\u00ed<\/td><td>Ano<\/td><\/tr><tr><td>\u00daleva od p\u00e1nevn\u00ed bolesti<\/td><td>Ano<\/td><\/tr><tr><td>Zlep\u0161en\u00ed celkov\u00e9 pohody<\/td><td>Ano<\/td><\/tr><tr><td>Zv\u00fd\u0161en\u00e1 fyzick\u00e1 aktivita<\/td><td>Ano<\/td><\/tr><tr><td>Lep\u0161\u00ed kvalita \u017eivota<\/td><td>Ano<\/td><\/tr><\/tbody><\/table><\/figure>\n\n\n\n<p>Souhrnn\u011b lze \u0159\u00edci, \u017ee pou\u017e\u00edv\u00e1n\u00ed p\u0159\u00edpravku Predstonorm p\u0159isp\u00edv\u00e1 ke <em>zdrav\u00ed prostaty<\/em> a tak\u00e9 v\u00fdrazn\u011b zvy\u0161uje <em>pohodl\u00ed<\/em> jeho u\u017eivatel\u016f. Kl\u00ed\u010dem k dosa\u017een\u00ed nejlep\u0161\u00edch v\u00fdsledk\u016f je pravidelnost u\u017e\u00edv\u00e1n\u00ed. Za zm\u00ednku stoj\u00ed pozitivn\u00ed <b>recenze, kter\u00e9<\/b> <em>Predstonorm<\/em> dost\u00e1v\u00e1 a kter\u00e9 potvrzuj\u00ed jeho \u00fa\u010dinnost.<\/p>\n\n\n\n<h2 class=\"wp-block-heading\">Jak pou\u017e\u00edvat Predstonorm? &#8211; D\u00e1vkov\u00e1n\u00ed a doporu\u010den\u00ed<\/h2>\n\n\n\n<p>Pro maxim\u00e1ln\u00ed vyu\u017eit\u00ed p\u0159\u00edpravku Predstonorm se doporu\u010duje <b>u\u017e\u00edvat<\/b> jednu kapsli dvakr\u00e1t denn\u011b, nejl\u00e9pe s j\u00eddlem. Je d\u016fle\u017eit\u00e9 zap\u00edt tobolku dostate\u010dn\u00fdm mno\u017estv\u00edm vody, aby se usnadnilo vst\u0159eb\u00e1v\u00e1n\u00ed. Pravideln\u00e9 u\u017e\u00edv\u00e1n\u00ed po dobu nejm\u00e9n\u011b 30 dn\u016f umo\u017e\u0148uje dos\u00e1hnout znateln\u00fdch <b>\u00fa\u010dink\u016f<\/b>, v\u010detn\u011b sn\u00ed\u017een\u00ed p\u0159\u00edznak\u016f hypertrofie prostaty a zlep\u0161en\u00ed sexu\u00e1ln\u00edch funkc\u00ed.<\/p>\n\n\n\n<p><b>Recenze<\/b> u\u017eivatel\u016f nazna\u010duj\u00ed, \u017ee po n\u011bkolika t\u00fddnech u\u017e\u00edv\u00e1n\u00ed doch\u00e1z\u00ed ke zlep\u0161en\u00ed pohody, co\u017e je do zna\u010dn\u00e9 m\u00edry zp\u016fsobeno slo\u017ekami pou\u017eit\u00fdmi v p\u0159\u00edpravku Predstonorm. Zinek a extrakt ze sabalov\u00e9 palmy podporuj\u00ed <b>zdrav\u00ed prostaty<\/b>, zat\u00edmco selen p\u016fsob\u00ed jako antioxidant a chr\u00e1n\u00ed bu\u0148ky p\u0159ed oxida\u010dn\u00edm stresem. P\u0159ed zah\u00e1jen\u00edm l\u00e9\u010dby je vhodn\u00e9 si p\u0159e\u010d\u00edst p\u0159\u00edbalov\u00fd let\u00e1k, abyste pochopili p\u0159esn\u00e1 <b>doporu\u010den\u00ed pro<\/b> u\u017e\u00edv\u00e1n\u00ed.<\/p>\n\n\n\n<ul class=\"wp-block-list\">\n<li>1 kapsle dvakr\u00e1t denn\u011b<\/li>\n\n\n\n<li>Nejlep\u0161\u00ed je u\u017e\u00edvat s j\u00eddlem<\/li>\n\n\n\n<li>Pravideln\u00e9 pou\u017e\u00edv\u00e1n\u00ed zaru\u010duje lep\u0161\u00ed v\u00fdsledky<\/li>\n\n\n\n<li>Dodr\u017eov\u00e1n\u00ed doporu\u010den\u00ed v let\u00e1ku je kl\u00ed\u010dov\u00e9<\/li>\n<\/ul>\n\n\n\n<p>U\u017e\u00edv\u00e1n\u00ed p\u0159\u00edpravku Predstonorm se doporu\u010duje mu\u017e\u016fm s probl\u00e9my s prostatou a jeho pravideln\u00e9 u\u017e\u00edv\u00e1n\u00ed m\u016f\u017ee p\u0159isp\u011bt ke zlep\u0161en\u00ed pohody a funkce mo\u010dov\u00fdch cest. Pro dosa\u017een\u00ed optim\u00e1ln\u00edch v\u00fdsledk\u016f je vhodn\u00e9 dodr\u017eovat pokyny pro d\u00e1vkov\u00e1n\u00ed a u\u017e\u00edv\u00e1n\u00ed.<\/p>\n\n\n\n<h2 class=\"wp-block-heading\">Zku\u0161enosti u\u017eivatel\u016f a recenze Predstonorm &#8211; jak\u00e9 jsou recenze?<\/h2>\n\n\n\n<p><b>Recenze<\/b> Predstonormu jsou v drtiv\u00e9 v\u011bt\u0161in\u011b pozitivn\u00ed, co\u017e dokazuj\u00ed autentick\u00e9 <b>zku\u0161enosti<\/b> t\u011bch, kte\u0159\u00ed se rozhodli jej pou\u017e\u00edvat. U\u017eivatel\u00e9 zd\u016fraz\u0148uj\u00ed znateln\u00e9 zdravotn\u00ed zm\u011bny a zlep\u0161en\u00ed kvality \u017eivota.<\/p>\n\n\n\n<blockquote class=\"wp-block-quote is-layout-flow wp-block-quote-is-layout-flow\">\n<p><em>Anna, 54 let:<\/em> Po n\u011bkolika t\u00fddnech pou\u017e\u00edv\u00e1n\u00ed Predstonormu mohu s jistotou \u0159\u00edci, \u017ee se stal m\u00fdm nerozlu\u010dn\u00fdm spole\u010dn\u00edkem. V\u0161imla jsem si, \u017ee se m\u016fj krevn\u00ed tlak vr\u00e1til do norm\u00e1lu, a nav\u00edc se c\u00edt\u00edm energi\u010dt\u011bj\u0161\u00ed. Rozhodn\u011b bych ho doporu\u010dila v\u0161em, kte\u0159\u00ed se pot\u00fdkaj\u00ed s podobn\u00fdmi probl\u00e9my!<\/p>\n<\/blockquote>\n\n\n\n<blockquote class=\"wp-block-quote is-layout-flow wp-block-quote-is-layout-flow\">\n<p><em>Christopher, 61 let:<\/em> Jako \u010dlov\u011bk, kter\u00fd se pot\u00fdk\u00e1 se srde\u010dn\u00edmi probl\u00e9my, jsem dlouho hledal \u00fa\u010dinnou podporu. Predstonorm se uk\u00e1zal jako senza\u010dn\u00ed volba. Pravideln\u00e9 u\u017e\u00edv\u00e1n\u00ed mi p\u0159ineslo \u00falevu a zlep\u0161ilo mou pohodu. Pozitivn\u00ed byla i zp\u011btn\u00e1 vazba od ostatn\u00edch u\u017eivatel\u016f, co\u017e m\u011b utvrdilo ve volb\u011b tohoto produktu.<\/p>\n<\/blockquote>\n\n\n\n<blockquote class=\"wp-block-quote is-layout-flow wp-block-quote-is-layout-flow\">\n<p><em>Marta, 47 let:<\/em> M\u016fj man\u017eel u\u017e\u00edv\u00e1 Predstonorm m\u011bs\u00edc a v\u0161imla jsem si, \u017ee je aktivn\u011bj\u0161\u00ed. Jeho ohlasy na tento produkt jsou velmi pozitivn\u00ed. \u0158\u00edk\u00e1, \u017ee se po jeho u\u017e\u00edv\u00e1n\u00ed c\u00edt\u00ed mnohem l\u00e9pe a zlep\u0161ily se i v\u00fdsledky jeho test\u016f. To je pro n\u00e1s obrovsk\u00e1 \u00faleva.<\/p>\n<\/blockquote>\n\n\n\n<p>Recenze a <b>zku\u0161enosti<\/b> u\u017eivatel\u016f p\u0159ipravuj\u00ed potenci\u00e1ln\u00ed nov\u00e9 z\u00e1kazn\u00edky na to, aby pochopili, jak m\u016f\u017ee Predstonorm ovlivnit jejich zdrav\u00ed a pohodu. Ka\u017ed\u00e1 recenze zd\u016fraz\u0148uje v\u00fdznam pravideln\u00e9ho u\u017e\u00edv\u00e1n\u00ed pro dosa\u017een\u00ed po\u017eadovan\u00fdch v\u00fdsledk\u016f.<\/p>\n\n\n\n<h2 class=\"wp-block-heading\">Predstonorm &#8211; Slo\u017een\u00ed &#8211; Anal\u00fdza slo\u017eek<\/h2>\n\n\n\n<p>Predstonorm obsahuje pe\u010dliv\u011b vybran\u00e9 slo\u017eky, kter\u00e9 podporuj\u00ed zdrav\u00ed prostaty. Hloubkov\u00e1 <b>anal\u00fdza slo\u017eek<\/b> odhaluje jejich kl\u00ed\u010dov\u00e9 vlastnosti:<\/p>\n\n\n\n<ul class=\"wp-block-list\">\n<li><em>Extrakt z kop\u0159ivy<\/em>: Podporuje <b>zdrav\u00ed prostaty<\/b> a sni\u017euje z\u00e1n\u011bt, co\u017e je d\u016fle\u017eit\u00e9 pro mu\u017ee st\u0159edn\u00edho v\u011bku.<\/li>\n\n\n\n<li><em>extrakt ze sabalov\u00e9 palmy<\/em>: <b>P\u016fsob\u00ed<\/b> na normalizaci hladiny hormon\u016f, co\u017e ovliv\u0148uje celkov\u00fd stav organismu.<\/li>\n\n\n\n<li><em>Extrakt z d\u00fd\u0148ov\u00fdch semen<\/em>: D\u00fd\u0148ov\u00fd extrakt: p\u0159\u00edzniv\u011b ovliv\u0148uje \u010dinnost mo\u010dov\u00fdch cest a podporuje jejich norm\u00e1ln\u00ed funkci.<\/li>\n\n\n\n<li><em>Zinek<\/em>: Je nezbytn\u00fd pro spr\u00e1vn\u00e9 fungov\u00e1n\u00ed imunitn\u00edho syst\u00e9mu, p\u0159isp\u00edv\u00e1 k lep\u0161\u00edmu zdrav\u00ed.<\/li>\n<\/ul>\n\n\n\n<p>Ka\u017ed\u00e1 ze slo\u017eek p\u0159\u00edpravku Predstonorm je navr\u017eena tak, aby zlep\u0161ovala pohodu mu\u017e\u016f a podporovala jejich zdrav\u00ed. <b>Anal\u00fdza slo\u017eek<\/b> odhaluje jejich synergick\u00e9 p\u016fsoben\u00ed, kter\u00e9 p\u0159isp\u00edv\u00e1 k optimalizaci funkce prostaty a celkov\u00e9 pohod\u011b.<\/p>\n\n\n\n<p>Stoj\u00ed za to p\u0159e\u010d\u00edst si kompletn\u00ed slo\u017een\u00ed a anal\u00fdzu slo\u017eek, abyste zjistili, jak m\u016f\u017ee Predstonorm pozitivn\u011b ovlivnit zdrav\u00ed. P\u0159i zva\u017eov\u00e1n\u00ed suplementace se vyplat\u00ed zvolit p\u0159\u00edpravek, kter\u00fd kombinuje p\u0159\u00edrodn\u00ed <b>extrakty<\/b> s v\u00fdrazn\u00fdmi zdravotn\u00edmi benefity.<\/p>\n\n\n\n<h2 class=\"wp-block-heading\">Kde koupit Predstonorm &#8211; cena<\/h2>\n\n\n\n<p>Predstonorm je p\u0159\u00edpravek, kter\u00fd lze zakoupit <em>pouze na ofici\u00e1ln\u00edch str\u00e1nk\u00e1ch v\u00fdrobce<\/em>. Tato volba zaji\u0161\u0165uje \u00faplnou pravost v\u00fdrobku a <b>bezpe\u010dnost<\/b> transakce. Stoj\u00ed za zm\u00ednku, \u017ee <em>cena<\/em> Predstonorm je variabiln\u00ed a m\u016f\u017ee se li\u0161it v z\u00e1vislosti na aktu\u00e1ln\u00edch akc\u00edch, kter\u00e9 jsou \u010dasto k dispozici na webov\u00fdch str\u00e1nk\u00e1ch v\u00fdrobce.<\/p>\n\n\n\n<p>N\u00e1kup ze stacion\u00e1rn\u00edch l\u00e9k\u00e1ren a popul\u00e1rn\u00edch platforem nezaru\u010duje originalitu v\u00fdrobku, co\u017e m\u016f\u017ee ovlivnit jeho \u00fa\u010dinnost. Nejlep\u0161\u00edm \u0159e\u0161en\u00edm je proto <em>n\u00e1kup p\u0159\u00edmo na ofici\u00e1ln\u00edch str\u00e1nk\u00e1ch v\u00fdrobce,<\/em> co\u017e v\u00fdrazn\u011b zvy\u0161uje jistotu, \u017ee z\u00edsk\u00e1te origin\u00e1ln\u00ed v\u00fdrobek.<\/p>\n\n\n\n<ul class=\"wp-block-list\">\n<li><b>Kde koupit<\/b>: <em>na ofici\u00e1ln\u00edch str\u00e1nk\u00e1ch v\u00fdrobce<\/em><\/li>\n\n\n\n<li>Aktu\u00e1ln\u00ed propaga\u010dn\u00ed akce ovliv\u0148uj\u00ed <em>cenu<\/em><\/li>\n\n\n\n<li>Nedostupnost ve stacion\u00e1rn\u00edch l\u00e9k\u00e1rn\u00e1ch<\/li>\n<\/ul>\n\n\n\n<p>Mezi v\u00fdhody n\u00e1kupu prost\u0159ednictv\u00edm ofici\u00e1ln\u00edho zdroje pat\u0159\u00ed nejen z\u00e1ruka pravosti, ale tak\u00e9 mo\u017enost vyu\u017e\u00edt atraktivn\u00ed nab\u00eddky, kter\u00e9 mohou usnadnit pou\u017e\u00edv\u00e1n\u00ed v\u00fdrobku. Pravideln\u00fd n\u00e1kup od v\u00fdrobce je nejlep\u0161\u00edm zp\u016fsobem, jak zajistit, \u017ee pou\u017e\u00edv\u00e1te Predstonorm a vyu\u017e\u00edv\u00e1te v\u00fdhod spojen\u00fdch s jeho pou\u017e\u00edv\u00e1n\u00edm.<\/p>\n\n\n\n<h2 class=\"wp-block-heading\">Predstonorm &#8211; Ne\u017e\u00e1douc\u00ed \u00fa\u010dinky a kontraindikace &#8211; Je bezpe\u010dn\u00fd?<\/h2>\n\n\n\n<p>Predstonorm je v\u0161eobecn\u011b uzn\u00e1v\u00e1n jako v\u00fdrobek s vysokou \u00farovn\u00ed bezpe\u010dnosti, zejm\u00e9na pokud je pou\u017e\u00edv\u00e1n v souladu s doporu\u010den\u00edmi v\u00fdrobce. D\u00edky sv\u00fdm p\u0159\u00edrodn\u00edm slo\u017ek\u00e1m vykazuje v\u00fdrobek vysokou m\u00edru sn\u00e1\u0161enlivosti u v\u011bt\u0161iny u\u017eivatel\u016f, co\u017e je v\u00fdhodn\u00e9 pro ty, kte\u0159\u00ed hledaj\u00ed podporu p\u0159i udr\u017eov\u00e1n\u00ed norm\u00e1ln\u00edho krevn\u00edho tlaku.<\/p>\n\n\n\n<p>Je v\u0161ak t\u0159eba m\u00edt na pam\u011bti ur\u010dit\u00e9 kontraindikace. Lid\u00e9, kte\u0159\u00ed maj\u00ed alergie na slo\u017eky obsa\u017een\u00e9 v p\u0159\u00edpravku, by se m\u011bli zdr\u017eet jeho pou\u017e\u00edv\u00e1n\u00ed. Krom\u011b toho se jeho u\u017e\u00edv\u00e1n\u00ed nedoporu\u010duje t\u011bhotn\u00fdm a koj\u00edc\u00edm \u017een\u00e1m, co\u017e je kl\u00ed\u010dov\u00fd aspekt, kter\u00fd by m\u011bl ka\u017ed\u00fd zv\u00e1\u017eit p\u0159ed zah\u00e1jen\u00edm l\u00e9\u010dby.<\/p>\n\n\n\n<p>A\u010dkoli se uv\u00e1d\u00ed, \u017ee <b>ne\u017e\u00e1douc\u00ed \u00fa\u010dinky<\/b> p\u0159\u00edpravku Predstonorm jsou velmi vz\u00e1cn\u00e9, je v\u017edy vhodn\u00e9 b\u00fdt opatrn\u00fd a p\u0159ed zah\u00e1jen\u00edm u\u017e\u00edv\u00e1n\u00ed se poradit se sv\u00fdm l\u00e9ka\u0159em. T\u00edmto zp\u016fsobem si m\u016f\u017eete b\u00fdt jisti, \u017ee pou\u017e\u00edv\u00e1n\u00ed tohoto produktu bude nejen \u00fa\u010dinn\u00e9, ale tak\u00e9 bezpe\u010dn\u00e9.<\/p>\n","protected":false},"excerpt":{"rendered":"<p><strong>[date_countdown]<\/strong><\/p>\n<p><strong><img decoding=\"async\" class=\"alignnone wp-image-8078\" src=\"https:\/\/www.mojeplazma.cz\/farmacie\/wp-content\/uploads\/2024\/10\/SAFE-PAY-300x88-1.png\" alt=\"SAFE-PAY-300x88\" width=\"154\" height=\"45\" \/><\/strong><\/p>\n","protected":false},"featured_media":8159,"comment_status":"open","ping_status":"closed","template":"","meta":{"neve_meta_sidebar":"","neve_meta_container":"","neve_meta_enable_content_width":"","neve_meta_content_width":0,"neve_meta_title_alignment":"","neve_meta_author_avatar":"","neve_post_elements_order":"","neve_meta_disable_header":"","neve_meta_disable_footer":"","neve_meta_disable_title":"","neve_meta_reading_time":""},"product_brand":[],"product_cat":[15],"product_tag":[],"class_list":{"0":"post-8158","1":"product","2":"type-product","3":"status-publish","4":"has-post-thumbnail","6":"product_cat-zdravi","8":"first","9":"instock","10":"sale","11":"shipping-taxable","12":"product-type-external"},"yoast_head":"<!-- This site is optimized with the Yoast SEO plugin v27.3 - https:\/\/yoast.com\/product\/yoast-seo-wordpress\/ -->\n<title>Predstonorm - Recenze, L\u00e9k\u00e1rna, Cena - 50%, F\u00f3rum, \u00da\u010dinky | 2026<\/title>\n<meta name=\"robots\" content=\"index, follow, max-snippet:-1, max-image-preview:large, max-video-preview:-1\" \/>\n<link rel=\"canonical\" href=\"https:\/\/www.mojeplazma.cz\/farmacie\/farmacie\/predstonorm\/\" \/>\n<meta property=\"og:locale\" content=\"cs_CZ\" \/>\n<meta property=\"og:type\" content=\"article\" \/>\n<meta property=\"og:title\" content=\"Predstonorm - Recenze, L\u00e9k\u00e1rna, Cena - 50%, F\u00f3rum, \u00da\u010dinky | 2026\" \/>\n<meta property=\"og:url\" content=\"https:\/\/www.mojeplazma.cz\/farmacie\/farmacie\/predstonorm\/\" \/>\n<meta property=\"og:site_name\" content=\"MojePlazma\" \/>\n<meta property=\"article:modified_time\" content=\"2024-12-12T17:34:29+00:00\" \/>\n<meta property=\"og:image\" content=\"https:\/\/www.mojeplazma.cz\/farmacie\/wp-content\/uploads\/2024\/12\/predstonorm.jpg\" \/>\n\t<meta property=\"og:image:width\" content=\"768\" \/>\n\t<meta property=\"og:image:height\" content=\"768\" \/>\n\t<meta property=\"og:image:type\" content=\"image\/jpeg\" \/>\n<meta name=\"twitter:card\" content=\"summary_large_image\" \/>\n<meta name=\"twitter:description\" content=\"[date_countdown]\" \/>\n<meta name=\"twitter:label1\" content=\"Odhadovan\u00e1 doba \u010dten\u00ed\" \/>\n\t<meta name=\"twitter:data1\" content=\"6 minut\" \/>\n<script type=\"application\/ld+json\" class=\"yoast-schema-graph\">{\"@context\":\"https:\\\/\\\/schema.org\",\"@graph\":[{\"@type\":\"WebPage\",\"@id\":\"https:\\\/\\\/www.mojeplazma.cz\\\/farmacie\\\/farmacie\\\/predstonorm\\\/\",\"url\":\"https:\\\/\\\/www.mojeplazma.cz\\\/farmacie\\\/farmacie\\\/predstonorm\\\/\",\"name\":\"Predstonorm - Recenze, L\u00e9k\u00e1rna, Cena - 50%, F\u00f3rum, \u00da\u010dinky | 2026\",\"isPartOf\":{\"@id\":\"https:\\\/\\\/www.mojeplazma.cz\\\/farmacie\\\/#website\"},\"primaryImageOfPage\":{\"@id\":\"https:\\\/\\\/www.mojeplazma.cz\\\/farmacie\\\/farmacie\\\/predstonorm\\\/#primaryimage\"},\"image\":{\"@id\":\"https:\\\/\\\/www.mojeplazma.cz\\\/farmacie\\\/farmacie\\\/predstonorm\\\/#primaryimage\"},\"thumbnailUrl\":\"https:\\\/\\\/www.mojeplazma.cz\\\/farmacie\\\/wp-content\\\/uploads\\\/2024\\\/12\\\/predstonorm.jpg\",\"datePublished\":\"2024-12-12T17:34:28+00:00\",\"dateModified\":\"2024-12-12T17:34:29+00:00\",\"breadcrumb\":{\"@id\":\"https:\\\/\\\/www.mojeplazma.cz\\\/farmacie\\\/farmacie\\\/predstonorm\\\/#breadcrumb\"},\"inLanguage\":\"cs\",\"potentialAction\":[{\"@type\":\"ReadAction\",\"target\":[\"https:\\\/\\\/www.mojeplazma.cz\\\/farmacie\\\/farmacie\\\/predstonorm\\\/\"]}]},{\"@type\":\"ImageObject\",\"inLanguage\":\"cs\",\"@id\":\"https:\\\/\\\/www.mojeplazma.cz\\\/farmacie\\\/farmacie\\\/predstonorm\\\/#primaryimage\",\"url\":\"https:\\\/\\\/www.mojeplazma.cz\\\/farmacie\\\/wp-content\\\/uploads\\\/2024\\\/12\\\/predstonorm.jpg\",\"contentUrl\":\"https:\\\/\\\/www.mojeplazma.cz\\\/farmacie\\\/wp-content\\\/uploads\\\/2024\\\/12\\\/predstonorm.jpg\",\"width\":768,\"height\":768,\"caption\":\"Predstonorm\"},{\"@type\":\"BreadcrumbList\",\"@id\":\"https:\\\/\\\/www.mojeplazma.cz\\\/farmacie\\\/farmacie\\\/predstonorm\\\/#breadcrumb\",\"itemListElement\":[{\"@type\":\"ListItem\",\"position\":1,\"name\":\"Strona g\u0142\u00f3wna\",\"item\":\"https:\\\/\\\/www.mojeplazma.cz\\\/farmacie\\\/\"},{\"@type\":\"ListItem\",\"position\":2,\"name\":\"farmacie\",\"item\":\"https:\\\/\\\/www.mojeplazma.cz\\\/farmacie\\\/\"},{\"@type\":\"ListItem\",\"position\":3,\"name\":\"Predstonorm\"}]},{\"@type\":\"WebSite\",\"@id\":\"https:\\\/\\\/www.mojeplazma.cz\\\/farmacie\\\/#website\",\"url\":\"https:\\\/\\\/www.mojeplazma.cz\\\/farmacie\\\/\",\"name\":\"mojeplazma.cz\",\"description\":\"\",\"potentialAction\":[{\"@type\":\"SearchAction\",\"target\":{\"@type\":\"EntryPoint\",\"urlTemplate\":\"https:\\\/\\\/www.mojeplazma.cz\\\/farmacie\\\/?s={search_term_string}\"},\"query-input\":{\"@type\":\"PropertyValueSpecification\",\"valueRequired\":true,\"valueName\":\"search_term_string\"}}],\"inLanguage\":\"cs\"}]}<\/script>\n<!-- \/ Yoast SEO plugin. -->","yoast_head_json":{"title":"Predstonorm - Recenze, L\u00e9k\u00e1rna, Cena - 50%, F\u00f3rum, \u00da\u010dinky | 2026","robots":{"index":"index","follow":"follow","max-snippet":"max-snippet:-1","max-image-preview":"max-image-preview:large","max-video-preview":"max-video-preview:-1"},"canonical":"https:\/\/www.mojeplazma.cz\/farmacie\/farmacie\/predstonorm\/","og_locale":"cs_CZ","og_type":"article","og_title":"Predstonorm - Recenze, L\u00e9k\u00e1rna, Cena - 50%, F\u00f3rum, \u00da\u010dinky | 2026","og_url":"https:\/\/www.mojeplazma.cz\/farmacie\/farmacie\/predstonorm\/","og_site_name":"MojePlazma","article_modified_time":"2024-12-12T17:34:29+00:00","og_image":[{"width":768,"height":768,"url":"https:\/\/www.mojeplazma.cz\/farmacie\/wp-content\/uploads\/2024\/12\/predstonorm.jpg","type":"image\/jpeg"}],"twitter_card":"summary_large_image","twitter_description":"[date_countdown]","twitter_misc":{"Odhadovan\u00e1 doba \u010dten\u00ed":"6 minut"},"schema":{"@context":"https:\/\/schema.org","@graph":[{"@type":"WebPage","@id":"https:\/\/www.mojeplazma.cz\/farmacie\/farmacie\/predstonorm\/","url":"https:\/\/www.mojeplazma.cz\/farmacie\/farmacie\/predstonorm\/","name":"Predstonorm - Recenze, L\u00e9k\u00e1rna, Cena - 50%, F\u00f3rum, \u00da\u010dinky | 2026","isPartOf":{"@id":"https:\/\/www.mojeplazma.cz\/farmacie\/#website"},"primaryImageOfPage":{"@id":"https:\/\/www.mojeplazma.cz\/farmacie\/farmacie\/predstonorm\/#primaryimage"},"image":{"@id":"https:\/\/www.mojeplazma.cz\/farmacie\/farmacie\/predstonorm\/#primaryimage"},"thumbnailUrl":"https:\/\/www.mojeplazma.cz\/farmacie\/wp-content\/uploads\/2024\/12\/predstonorm.jpg","datePublished":"2024-12-12T17:34:28+00:00","dateModified":"2024-12-12T17:34:29+00:00","breadcrumb":{"@id":"https:\/\/www.mojeplazma.cz\/farmacie\/farmacie\/predstonorm\/#breadcrumb"},"inLanguage":"cs","potentialAction":[{"@type":"ReadAction","target":["https:\/\/www.mojeplazma.cz\/farmacie\/farmacie\/predstonorm\/"]}]},{"@type":"ImageObject","inLanguage":"cs","@id":"https:\/\/www.mojeplazma.cz\/farmacie\/farmacie\/predstonorm\/#primaryimage","url":"https:\/\/www.mojeplazma.cz\/farmacie\/wp-content\/uploads\/2024\/12\/predstonorm.jpg","contentUrl":"https:\/\/www.mojeplazma.cz\/farmacie\/wp-content\/uploads\/2024\/12\/predstonorm.jpg","width":768,"height":768,"caption":"Predstonorm"},{"@type":"BreadcrumbList","@id":"https:\/\/www.mojeplazma.cz\/farmacie\/farmacie\/predstonorm\/#breadcrumb","itemListElement":[{"@type":"ListItem","position":1,"name":"Strona g\u0142\u00f3wna","item":"https:\/\/www.mojeplazma.cz\/farmacie\/"},{"@type":"ListItem","position":2,"name":"farmacie","item":"https:\/\/www.mojeplazma.cz\/farmacie\/"},{"@type":"ListItem","position":3,"name":"Predstonorm"}]},{"@type":"WebSite","@id":"https:\/\/www.mojeplazma.cz\/farmacie\/#website","url":"https:\/\/www.mojeplazma.cz\/farmacie\/","name":"mojeplazma.cz","description":"","potentialAction":[{"@type":"SearchAction","target":{"@type":"EntryPoint","urlTemplate":"https:\/\/www.mojeplazma.cz\/farmacie\/?s={search_term_string}"},"query-input":{"@type":"PropertyValueSpecification","valueRequired":true,"valueName":"search_term_string"}}],"inLanguage":"cs"}]}},"_links":{"self":[{"href":"https:\/\/www.mojeplazma.cz\/farmacie\/wp-json\/wp\/v2\/product\/8158","targetHints":{"allow":["GET"]}}],"collection":[{"href":"https:\/\/www.mojeplazma.cz\/farmacie\/wp-json\/wp\/v2\/product"}],"about":[{"href":"https:\/\/www.mojeplazma.cz\/farmacie\/wp-json\/wp\/v2\/types\/product"}],"replies":[{"embeddable":true,"href":"https:\/\/www.mojeplazma.cz\/farmacie\/wp-json\/wp\/v2\/comments?post=8158"}],"wp:featuredmedia":[{"embeddable":true,"href":"https:\/\/www.mojeplazma.cz\/farmacie\/wp-json\/wp\/v2\/media\/8159"}],"wp:attachment":[{"href":"https:\/\/www.mojeplazma.cz\/farmacie\/wp-json\/wp\/v2\/media?parent=8158"}],"wp:term":[{"taxonomy":"product_brand","embeddable":true,"href":"https:\/\/www.mojeplazma.cz\/farmacie\/wp-json\/wp\/v2\/product_brand?post=8158"},{"taxonomy":"product_cat","embeddable":true,"href":"https:\/\/www.mojeplazma.cz\/farmacie\/wp-json\/wp\/v2\/product_cat?post=8158"},{"taxonomy":"product_tag","embeddable":true,"href":"https:\/\/www.mojeplazma.cz\/farmacie\/wp-json\/wp\/v2\/product_tag?post=8158"}],"curies":[{"name":"wp","href":"https:\/\/api.w.org\/{rel}","templated":true}]}}