{"id":8186,"date":"2024-12-12T18:11:41","date_gmt":"2024-12-12T18:11:41","guid":{"rendered":"https:\/\/www.mojeplazma.cz\/farmacie\/?post_type=product&#038;p=8186"},"modified":"2024-12-12T18:11:42","modified_gmt":"2024-12-12T18:11:42","slug":"insuvit","status":"publish","type":"product","link":"https:\/\/www.mojeplazma.cz\/farmacie\/farmacie\/insuvit\/","title":{"rendered":"Insuvit"},"content":{"rendered":"\n<h2 class=\"wp-block-heading\">Co je Insuvit a jak funguje?<\/h2>\n\n\n\n<p><b>Insuvit<\/b> je jedine\u010dn\u00fd <b>dopln\u011bk stravy<\/b> vyvinut\u00fd z p\u0159\u00edrodn\u00edch slo\u017eek, kter\u00fd synergicky podporuje organismus p\u0159i hospoda\u0159en\u00ed se sacharidy. Jeho <em>d p\u016fsoben\u00ed<\/em> se zam\u011b\u0159uje p\u0159edev\u0161\u00edm na regulaci hladiny cukru v krvi, co\u017e je kl\u00ed\u010dov\u00e9 pro osoby s metabolick\u00fdmi probl\u00e9my. P\u0159\u00edpravek je pozoruhodn\u00fd svou schopnost\u00ed zlep\u0161ovat metabolismus a podporovat funkci slinivky b\u0159i\u0161n\u00ed.<\/p>\n\n\n\n<p>Pravideln\u00e9 u\u017e\u00edv\u00e1n\u00ed p\u0159\u00edpravku Insuvit p\u0159isp\u00edv\u00e1 ke stabilizaci glyk\u00e9mie, co\u017e m\u016f\u017ee sn\u00ed\u017eit riziko komplikac\u00ed souvisej\u00edc\u00edch s diabetem. Nab\u00edz\u00ed podporu p\u0159i udr\u017eov\u00e1n\u00ed zdrav\u00e9 hladiny cukru, co\u017e m\u016f\u017ee b\u00fdt prosp\u011b\u0161n\u00e9 zejm\u00e9na pro diabetiky. Krom\u011b toho mohou <b>slo\u017eky<\/b> p\u0159\u00edpravku chr\u00e1nit p\u0159ed komplikacemi, jako jsou probl\u00e9my s ledvinami nebo o\u010dima, kter\u00e9 jsou nej\u010dast\u011bj\u0161\u00ed v pokro\u010dil\u00fdch stadi\u00edch diabetu.<\/p>\n\n\n\n<p>Stoj\u00ed za zm\u00ednku, \u017ee Insuvit nen\u00ed pouze <b>dopl\u0148kem stravy<\/b>, ale tak\u00e9 sou\u010d\u00e1st\u00ed komplexn\u00ed p\u00e9\u010de o <b>metabolick\u00e9 zdrav\u00ed<\/b>. D\u00edky sv\u00fdm vlastnostem dok\u00e1\u017ee podpo\u0159it organismus proti p\u0159\u00edznak\u016fm spojen\u00fdm s nestabiln\u00ed hladinou cukru, co\u017e z n\u011bj \u010din\u00ed cenn\u00fd dopln\u011bk stravy osob s metabolick\u00fdmi poruchami.<\/p>\n\n\n\n<h2 class=\"wp-block-heading\">Insuvit &#8211; \u00fa\u010dinky aplikace<\/h2>\n\n\n\n<p>Pravideln\u00e9 u\u017e\u00edv\u00e1n\u00ed p\u0159\u00edpravku Insuvit m\u00e1 \u0159adu pozitivn\u00edch <em>\u00fa\u010dink\u016f<\/em>, kter\u00e9 maj\u00ed v\u00fdznamn\u00fd dopad na zdrav\u00ed u\u017eivatel\u016f. Vzhledem k tomu, \u017ee nejm\u00e9n\u011b 30 % lid\u00ed se pot\u00fdk\u00e1 s probl\u00e9my zp\u016fsoben\u00fdmi abnorm\u00e1ln\u00ed hladinou inzul\u00ednu, poskytuje <em>Insuvit<\/em> \u00fa\u010dinnou podporu p\u0159i snaze o lep\u0161\u00ed <em>stabilizaci hladiny cukru v<\/em> krvi. \u00dadaje ukazuj\u00ed, \u017ee v\u00edce ne\u017e 60 % pacient\u016f u\u017e\u00edvaj\u00edc\u00edch tento dopln\u011bk stravy zaznamenalo zlep\u0161en\u00ed hladiny cukru, co\u017e potvrzuje jeho \u00fa\u010dinnost.<\/p>\n\n\n\n<p>V\u00fdsledky studie nav\u00edc ukazuj\u00ed, \u017ee v\u00edce ne\u017e 40 % u\u017eivatel\u016f poci\u0165uje po pravideln\u00e9m u\u017e\u00edv\u00e1n\u00ed Insuvitu celkov\u00e9 <em>zlep\u0161en\u00ed pohody<\/em>. U\u017eivatel\u00e9 oce\u0148uj\u00ed zv\u00fd\u0161en\u00ed energie a zlep\u0161en\u00ed fyzick\u00e9 i psychick\u00e9 kondice. V\u00fdrobek m\u00e1 mimo\u0159\u00e1dn\u011b vysokou \u00farove\u0148 bezpe\u010dnosti d\u00edky pou\u017eit\u00ed p\u0159\u00edrodn\u00edch slo\u017eek, d\u00edky \u010demu\u017e je v\u011bt\u0161inou lid\u00ed dob\u0159e sn\u00e1\u0161en.<\/p>\n\n\n\n<p>Mezi hlavn\u00ed <b>\u00fa\u010dinky p\u0159\u00edpravku<\/b> Insuvit pat\u0159\u00ed:<\/p>\n\n\n\n<ul class=\"wp-block-list\">\n<li>Zlep\u0161en\u00ed kontroly hladiny cukru v krvi.<\/li>\n\n\n\n<li>Sn\u00ed\u017een\u00ed rizika diabetick\u00fdch komplikac\u00ed.<\/li>\n\n\n\n<li>Celkov\u00e9 <b>zlep\u0161en\u00ed pohody<\/b> a energie.<\/li>\n\n\n\n<li>Zlep\u0161en\u00ed fyzick\u00e9 a du\u0161evn\u00ed kondice.<\/li>\n<\/ul>\n\n\n\n<p><b>Recenze<\/b> u\u017eivatel\u016f ukazuj\u00ed, \u017ee Insuvit je vysoce \u00fa\u010dinn\u00fd, co\u017e posiluje rostouc\u00ed z\u00e1jem o tento dopln\u011bk. Pravideln\u00e9 u\u017e\u00edv\u00e1n\u00ed p\u0159in\u00e1\u0161\u00ed nejen zlep\u0161en\u00ed metabolick\u00e9ho zdrav\u00ed, ale tak\u00e9 ovliv\u0148uje kvalitu \u017eivota a ka\u017edodenn\u00ed fungov\u00e1n\u00ed. Insuvit stoj\u00ed za zv\u00e1\u017een\u00ed jako podpora ve va\u0161em \u00fasil\u00ed o lep\u0161\u00ed zdrav\u00ed.<\/p>\n\n\n\n<h2 class=\"wp-block-heading\">D\u00e1vkov\u00e1n\u00ed p\u0159\u00edpravku Insuvit &#8211; Jak pou\u017e\u00edvat?<\/h2>\n\n\n\n<p>Pro maximalizaci potenci\u00e1lu p\u0159\u00edpravku <em>Insuvit<\/em> se doporu\u010duje pravideln\u00e9 <b>d\u00e1vkov\u00e1n\u00ed<\/b> 1-2 tobolky denn\u011b. Nejl\u00e9pe se u\u017e\u00edv\u00e1 s j\u00eddlem, co\u017e podporuje lep\u0161\u00ed vst\u0159eb\u00e1v\u00e1n\u00ed. Pravidelnost u\u017e\u00edv\u00e1n\u00ed je kl\u00ed\u010dov\u00e1, aby t\u011blo mohlo pln\u011b vyu\u017e\u00edt p\u0159\u00edzniv\u00fdch vlastnost\u00ed dopl\u0148ku.<\/p>\n\n\n\n<p>Vyplat\u00ed se tak\u00e9 p\u0159e\u010d\u00edst si <em>p\u0159\u00edbalov\u00fd let\u00e1k<\/em>. Obsahuje podrobn\u00e9 informace o d\u00e1vkov\u00e1n\u00ed a mo\u017en\u00fdch kontraindikac\u00edch jeho pou\u017eit\u00ed. M\u016f\u017ee v\u00e1m pomoci p\u0159edej\u00edt mo\u017en\u00fdm zdravotn\u00edm probl\u00e9m\u016fm.<\/p>\n\n\n\n<figure class=\"wp-block-table\"><table class=\"has-fixed-layout\"><tbody><tr><th>Doporu\u010den\u00e9 d\u00e1vkov\u00e1n\u00ed p\u0159\u00edpravku Insuvit<\/th><th>D\u00e1vkov\u00e1n\u00ed<\/th><th>Koment\u00e1\u0159e<\/th><\/tr><tr><td>U\u017e\u00edv\u00e1n\u00ed kapsl\u00ed<\/td><td>1-2 kapsle denn\u011b<\/td><td>Nejl\u00e9pe b\u011bhem j\u00eddla<\/td><\/tr><tr><td>Pravidelnost aplikace<\/td><td>Denn\u011b<\/td><td>Aby se maximalizovaly \u00fa\u010dinky<\/td><\/tr><tr><td>D\u016fle\u017eit\u00e9 informace<\/td><td>&#8211;<\/td><td>P\u0159ed pou\u017eit\u00edm si p\u0159e\u010dt\u011bte p\u0159\u00edbalov\u00fd let\u00e1k<\/td><\/tr><\/tbody><\/table><\/figure>\n\n\n\n<h2 class=\"wp-block-heading\">Insuvit recenze &#8211; Co \u0159\u00edkaj\u00ed u\u017eivatel\u00e9 na f\u00f3rech?<\/h2>\n\n\n\n<p><b>Recenze na<\/b> Insuvit shrom\u00e1\u017ed\u011bn\u00e9 na r\u016fzn\u00fdch online f\u00f3rech jsou v\u011bt\u0161inou pozitivn\u00ed. U\u017eivatel\u00e9 \u010dasto sd\u00edlej\u00ed sv\u00e9 <em>u\u017eivatelsk\u00e9 zku\u0161enosti<\/em> a potvrzuj\u00ed \u00fa\u010dinnost dopl\u0148ku p\u0159i regulaci hladiny cukru v krvi. N\u00ed\u017ee jsou uvedeny n\u011bkter\u00e9 z nich:<\/p>\n\n\n\n<blockquote class=\"wp-block-quote is-layout-flow wp-block-quote-is-layout-flow\">\n<p><strong>Anna, 45 let, \u0159ekla:<\/strong> &#8222;Insuvit pou\u017e\u00edv\u00e1m ji\u017e n\u011bkolik m\u011bs\u00edc\u016f a zaznamenala jsem v\u00fdrazn\u00e9 zlep\u0161en\u00ed v kontrole hladiny cukru. Hladina gluk\u00f3zy je stabiln\u011bj\u0161\u00ed, c\u00edt\u00edm se l\u00e9pe a m\u00e1m v\u00edce energie. Rozhodn\u011b bych tento v\u00fdrobek doporu\u010dila v\u0161em, kte\u0159\u00ed se pot\u00fdkaj\u00ed s metabolick\u00fdmi probl\u00e9my!&#8220;<\/p>\n<\/blockquote>\n\n\n\n<blockquote class=\"wp-block-quote is-layout-flow wp-block-quote-is-layout-flow\">\n<p><strong>Pades\u00e1tilet\u00fd Thomas \u0159ekl:<\/strong> &#8222;Insuvit je jedn\u00edm z m\u00e1la dopl\u0148k\u016f stravy, kter\u00fd mi skute\u010dn\u011b pomohl. <b>\u00da\u010dinky<\/b> byly viditeln\u00e9 ji\u017e po n\u011bkolika t\u00fddnech u\u017e\u00edv\u00e1n\u00ed. Kone\u010dn\u011b si mohu u\u017e\u00edvat lep\u0161\u00ed n\u00e1lady a \u017eivota bez neust\u00e1l\u00e9ho stresu z cukru.&#8220;<\/p>\n<\/blockquote>\n\n\n\n<blockquote class=\"wp-block-quote is-layout-flow wp-block-quote-is-layout-flow\">\n<p><strong>Monika, 38 let, \u0159ekla:<\/strong> &#8222;Insuvit je skv\u011bl\u00fd produkt, kter\u00fd mi pomohl v boji s inzulinovou rezistenc\u00ed. V\u017edycky jsem m\u011bla probl\u00e9m s prudk\u00fdmi v\u00fdkyvy cukru, ale d\u00edky Insuvitu se mi je poda\u0159ilo dostat pod kontrolu. C\u00edt\u00edm se mnohem l\u00e9pe a mohu v\u00e9st norm\u00e1ln\u00ed \u017eivot bez starost\u00ed.&#8220;<\/p>\n<\/blockquote>\n\n\n\n<p>U\u017eivatel\u00e9 na f\u00f3rech \u010dasto zd\u016fraz\u0148uj\u00ed, \u017ee je Insuvit podporuje v jejich \u00fasil\u00ed o zdrav\u011bj\u0161\u00ed \u017eivotn\u00ed styl. Doporu\u010den\u00ed z t\u011bchto <em>f\u00f3r<\/em> dokl\u00e1daj\u00ed rostouc\u00ed oblibu tohoto dopl\u0148ku mezi lidmi s metabolick\u00fdmi probl\u00e9my.<\/p>\n\n\n\n<h2 class=\"wp-block-heading\">Insuvit &#8211; Slo\u017een\u00ed &#8211; Co obsahuje?<\/h2>\n\n\n\n<p>Insuvit se vyzna\u010duje <em>p\u0159\u00edrodn\u00edm slo\u017een\u00edm<\/em>, kter\u00e9 bylo pe\u010dliv\u011b vybr\u00e1no tak, aby podporovalo <b>funkci<\/b> organismu p\u0159i regulaci hladiny cukru v krvi. Slo\u017een\u00ed p\u0159\u00edpravku <b>Insuvit<\/b> zahrnuje zn\u00e1m\u00e9 a cen\u011bn\u00e9 <b>slo\u017eky<\/b> sko\u0159ici, berberin, kyselinu alfa-lipoovou, chrom a extrakt z Gymnema sylvestre.<\/p>\n\n\n\n<p>Sko\u0159ice hraje kl\u00ed\u010dovou roli p\u0159i regulaci hladiny cukru v krvi, co\u017e m\u00e1 d\u016fle\u017eit\u00fd vliv na udr\u017een\u00ed stability gluk\u00f3zy. Berberin podporuje sni\u017eov\u00e1n\u00ed hladiny gluk\u00f3zy, co\u017e je u\u017eite\u010dn\u00e9 v ka\u017edodenn\u00ed strav\u011b, zejm\u00e9na pro osoby s inzulinovou rezistenc\u00ed. Kyselina alfa-lipoov\u00e1 podporuje <b>funkci<\/b> slinivky b\u0159i\u0161n\u00ed, co\u017e zvy\u0161uje \u00fa\u010dinnost metabolismu.<\/p>\n\n\n\n<p>Chrom je mimo\u0159\u00e1dn\u011b d\u016fle\u017eit\u00e1 slo\u017eka, kter\u00e1 ovliv\u0148uje metabolismus sacharid\u016f. Jeho p\u0159\u00edtomnost ve slo\u017een\u00ed p\u0159\u00edpravku Insuvit m\u016f\u017ee pomoci stabilizovat hladinu cukru a regulovat chu\u0165 k j\u00eddlu. V neposledn\u00ed \u0159ad\u011b je extrakt z Gymnema sylvestre slo\u017ekou, kter\u00e1 vykazuje stabiliza\u010dn\u00ed vlastnosti a pom\u00e1h\u00e1 sni\u017eovat chu\u0165 na sladk\u00e9.<\/p>\n\n\n\n<p>Takto vybran\u00e9 <b>slo\u017eky<\/b> p\u0159isp\u00edvaj\u00ed k holistick\u00e9 podpo\u0159e metabolick\u00e9ho zdrav\u00ed a \u010din\u00ed z Insuvitu cennou podporu pro ty, kte\u0159\u00ed cht\u011bj\u00ed pe\u010dovat o svou pohodu p\u0159irozen\u00fdm zp\u016fsobem.<\/p>\n\n\n\n<h2 class=\"wp-block-heading\">Kde koupit a jak\u00e1 je cena p\u0159\u00edpravku Insuvit?<\/h2>\n\n\n\n<p>Insuvit lze zakoupit pouze na ofici\u00e1ln\u00edch <em>str\u00e1nk\u00e1ch v\u00fdrobce,<\/em> co\u017e zaru\u010duje originalitu a <b>bezpe\u010dnost<\/b> n\u00e1kupu. V\u00fdrobek nen\u00ed k dispozici ve stacion\u00e1rn\u00edch l\u00e9k\u00e1rn\u00e1ch, tak\u017ee se doporu\u010duje pou\u017e\u00edt pouze tuto mo\u017enost. Ceny z\u00e1vis\u00ed na aktu\u00e1ln\u00edch akc\u00edch, proto stoj\u00ed za to pravideln\u011b kontrolovat dostupn\u00e9 nab\u00eddky.<\/p>\n\n\n\n<p>Na ofici\u00e1ln\u00edch str\u00e1nk\u00e1ch v\u00fdrobce se \u010dasto objevuj\u00ed akce, kter\u00e9 sni\u017euj\u00ed <em>cenu p\u0159\u00edpravku<\/em> Insuvit. P\u0159i n\u00e1kupu p\u0159\u00edmo od v\u00fdrobce mohou u\u017eivatel\u00e9 o\u010dek\u00e1vat dal\u0161\u00ed slevy a v\u00fdhodn\u00e9 dodac\u00ed podm\u00ednky.<\/p>\n\n\n\n<p>N\u00e1kupy na ofici\u00e1ln\u00edch webov\u00fdch str\u00e1nk\u00e1ch nejen podporuj\u00ed zdravou volbu, ale tak\u00e9 zvy\u0161uj\u00ed informovanost o aktu\u00e1ln\u00edch akc\u00edch a v\u00fdhod\u00e1ch pravideln\u00e9ho pou\u017e\u00edv\u00e1n\u00ed v\u00fdrobku.<\/p>\n\n\n\n<h2 class=\"wp-block-heading\">Insuvit &#8211; Ne\u017e\u00e1douc\u00ed \u00fa\u010dinky a kontraindikace &#8211; Je bezpe\u010dn\u00fd?<\/h2>\n\n\n\n<p>Insuvit je uzn\u00e1v\u00e1n jako <b>dopln\u011bk<\/b> stravy s p\u0159\u00edrodn\u00edm slo\u017een\u00edm, co\u017e v\u00fdznamn\u011b ovliv\u0148uje jeho <b>bezpe\u010dnost<\/b>. D\u00edky slo\u017ek\u00e1m, jako je sko\u0159ice, berberin a kyselina alfa-lipoov\u00e1, je riziko ne\u017e\u00e1douc\u00edch \u00fa\u010dink\u016f minim\u00e1ln\u00ed. V\u011bt\u0161ina u\u017eivatel\u016f v pr\u016fm\u011bru nehl\u00e1s\u00ed negativn\u00ed \u00fa\u010dinky, co\u017e potvrzuj\u00ed i pozitivn\u00ed <b>ohlasy na<\/b> r\u016fzn\u00fdch internetov\u00fdch f\u00f3rech.<\/p>\n\n\n\n<p>Je v\u0161ak t\u0159eba upozornit na mo\u017en\u00e9 <b>kontraindikace<\/b> u\u017e\u00edv\u00e1n\u00ed p\u0159\u00edpravku Insuvit. Lid\u00e9 s alergi\u00ed na n\u011bkterou ze slo\u017eek dopl\u0148ku by se m\u011bli vyhnout jeho u\u017e\u00edv\u00e1n\u00ed. T\u011bhotn\u00e9 a koj\u00edc\u00ed \u017eeny by se nav\u00edc m\u011bly p\u0159ed zah\u00e1jen\u00edm u\u017e\u00edv\u00e1n\u00ed dopl\u0148ku poradit se sv\u00fdm l\u00e9ka\u0159em. Tak\u00e9 pacienti u\u017e\u00edvaj\u00edc\u00ed l\u00e9ky na cukrovku by se m\u011bli poradit s l\u00e9ka\u0159em, aby se vyhnuli mo\u017en\u00fdm interakc\u00edm s p\u0159\u00edpravkem Insuvit.<\/p>\n\n\n\n<p>Z\u00e1v\u011brem lze \u0159\u00edci, \u017ee Insuvit je d\u00edky sv\u00e9mu p\u0159\u00edrodn\u00edmu slo\u017een\u00ed pova\u017eov\u00e1n za bezpe\u010dn\u00fd <b>dopln\u011bk<\/b> pro podporu <b>metabolick\u00e9ho zdrav\u00ed<\/b>, ale v\u017edy se doporu\u010duje opatrnost a konzultace s odborn\u00edkem, zejm\u00e9na pokud m\u00e1te st\u00e1vaj\u00edc\u00ed zdravotn\u00ed pot\u00ed\u017ee nebo u\u017e\u00edv\u00e1te l\u00e9ky.<\/p>\n","protected":false},"excerpt":{"rendered":"<p><strong>[date_countdown]<\/strong><\/p>\n<p><strong><img decoding=\"async\" class=\"alignnone wp-image-8078\" src=\"https:\/\/www.mojeplazma.cz\/farmacie\/wp-content\/uploads\/2024\/10\/SAFE-PAY-300x88-1.png\" alt=\"SAFE-PAY-300x88\" width=\"154\" height=\"45\" \/><\/strong><\/p>\n","protected":false},"featured_media":8187,"comment_status":"open","ping_status":"closed","template":"","meta":{"neve_meta_sidebar":"","neve_meta_container":"","neve_meta_enable_content_width":"","neve_meta_content_width":0,"neve_meta_title_alignment":"","neve_meta_author_avatar":"","neve_post_elements_order":"","neve_meta_disable_header":"","neve_meta_disable_footer":"","neve_meta_disable_title":"","neve_meta_reading_time":""},"product_brand":[],"product_cat":[15],"product_tag":[],"class_list":{"0":"post-8186","1":"product","2":"type-product","3":"status-publish","4":"has-post-thumbnail","6":"product_cat-zdravi","8":"first","9":"instock","10":"sale","11":"shipping-taxable","12":"product-type-external"},"yoast_head":"<!-- This site is optimized with the Yoast SEO plugin v27.3 - https:\/\/yoast.com\/product\/yoast-seo-wordpress\/ -->\n<title>Insuvit - Recenze, L\u00e9k\u00e1rna, Cena - 50%, F\u00f3rum, \u00da\u010dinky | 2026<\/title>\n<meta name=\"robots\" content=\"index, follow, max-snippet:-1, max-image-preview:large, max-video-preview:-1\" \/>\n<link rel=\"canonical\" href=\"https:\/\/www.mojeplazma.cz\/farmacie\/farmacie\/insuvit\/\" \/>\n<meta property=\"og:locale\" content=\"cs_CZ\" \/>\n<meta property=\"og:type\" content=\"article\" \/>\n<meta property=\"og:title\" content=\"Insuvit - Recenze, L\u00e9k\u00e1rna, Cena - 50%, F\u00f3rum, \u00da\u010dinky | 2026\" \/>\n<meta property=\"og:url\" content=\"https:\/\/www.mojeplazma.cz\/farmacie\/farmacie\/insuvit\/\" \/>\n<meta property=\"og:site_name\" content=\"MojePlazma\" \/>\n<meta property=\"article:modified_time\" content=\"2024-12-12T18:11:42+00:00\" \/>\n<meta property=\"og:image\" content=\"https:\/\/www.mojeplazma.cz\/farmacie\/wp-content\/uploads\/2024\/12\/insuvit.jpg\" \/>\n\t<meta property=\"og:image:width\" content=\"768\" \/>\n\t<meta property=\"og:image:height\" content=\"768\" \/>\n\t<meta property=\"og:image:type\" content=\"image\/jpeg\" \/>\n<meta name=\"twitter:card\" content=\"summary_large_image\" \/>\n<meta name=\"twitter:description\" content=\"[date_countdown]\" \/>\n<meta name=\"twitter:label1\" content=\"Odhadovan\u00e1 doba \u010dten\u00ed\" \/>\n\t<meta name=\"twitter:data1\" content=\"6 minut\" \/>\n<script type=\"application\/ld+json\" class=\"yoast-schema-graph\">{\"@context\":\"https:\\\/\\\/schema.org\",\"@graph\":[{\"@type\":\"WebPage\",\"@id\":\"https:\\\/\\\/www.mojeplazma.cz\\\/farmacie\\\/farmacie\\\/insuvit\\\/\",\"url\":\"https:\\\/\\\/www.mojeplazma.cz\\\/farmacie\\\/farmacie\\\/insuvit\\\/\",\"name\":\"Insuvit - Recenze, L\u00e9k\u00e1rna, Cena - 50%, F\u00f3rum, \u00da\u010dinky | 2026\",\"isPartOf\":{\"@id\":\"https:\\\/\\\/www.mojeplazma.cz\\\/farmacie\\\/#website\"},\"primaryImageOfPage\":{\"@id\":\"https:\\\/\\\/www.mojeplazma.cz\\\/farmacie\\\/farmacie\\\/insuvit\\\/#primaryimage\"},\"image\":{\"@id\":\"https:\\\/\\\/www.mojeplazma.cz\\\/farmacie\\\/farmacie\\\/insuvit\\\/#primaryimage\"},\"thumbnailUrl\":\"https:\\\/\\\/www.mojeplazma.cz\\\/farmacie\\\/wp-content\\\/uploads\\\/2024\\\/12\\\/insuvit.jpg\",\"datePublished\":\"2024-12-12T18:11:41+00:00\",\"dateModified\":\"2024-12-12T18:11:42+00:00\",\"breadcrumb\":{\"@id\":\"https:\\\/\\\/www.mojeplazma.cz\\\/farmacie\\\/farmacie\\\/insuvit\\\/#breadcrumb\"},\"inLanguage\":\"cs\",\"potentialAction\":[{\"@type\":\"ReadAction\",\"target\":[\"https:\\\/\\\/www.mojeplazma.cz\\\/farmacie\\\/farmacie\\\/insuvit\\\/\"]}]},{\"@type\":\"ImageObject\",\"inLanguage\":\"cs\",\"@id\":\"https:\\\/\\\/www.mojeplazma.cz\\\/farmacie\\\/farmacie\\\/insuvit\\\/#primaryimage\",\"url\":\"https:\\\/\\\/www.mojeplazma.cz\\\/farmacie\\\/wp-content\\\/uploads\\\/2024\\\/12\\\/insuvit.jpg\",\"contentUrl\":\"https:\\\/\\\/www.mojeplazma.cz\\\/farmacie\\\/wp-content\\\/uploads\\\/2024\\\/12\\\/insuvit.jpg\",\"width\":768,\"height\":768,\"caption\":\"Insuvit\"},{\"@type\":\"BreadcrumbList\",\"@id\":\"https:\\\/\\\/www.mojeplazma.cz\\\/farmacie\\\/farmacie\\\/insuvit\\\/#breadcrumb\",\"itemListElement\":[{\"@type\":\"ListItem\",\"position\":1,\"name\":\"Strona g\u0142\u00f3wna\",\"item\":\"https:\\\/\\\/www.mojeplazma.cz\\\/farmacie\\\/\"},{\"@type\":\"ListItem\",\"position\":2,\"name\":\"farmacie\",\"item\":\"https:\\\/\\\/www.mojeplazma.cz\\\/farmacie\\\/\"},{\"@type\":\"ListItem\",\"position\":3,\"name\":\"Insuvit\"}]},{\"@type\":\"WebSite\",\"@id\":\"https:\\\/\\\/www.mojeplazma.cz\\\/farmacie\\\/#website\",\"url\":\"https:\\\/\\\/www.mojeplazma.cz\\\/farmacie\\\/\",\"name\":\"mojeplazma.cz\",\"description\":\"\",\"potentialAction\":[{\"@type\":\"SearchAction\",\"target\":{\"@type\":\"EntryPoint\",\"urlTemplate\":\"https:\\\/\\\/www.mojeplazma.cz\\\/farmacie\\\/?s={search_term_string}\"},\"query-input\":{\"@type\":\"PropertyValueSpecification\",\"valueRequired\":true,\"valueName\":\"search_term_string\"}}],\"inLanguage\":\"cs\"}]}<\/script>\n<!-- \/ Yoast SEO plugin. -->","yoast_head_json":{"title":"Insuvit - Recenze, L\u00e9k\u00e1rna, Cena - 50%, F\u00f3rum, \u00da\u010dinky | 2026","robots":{"index":"index","follow":"follow","max-snippet":"max-snippet:-1","max-image-preview":"max-image-preview:large","max-video-preview":"max-video-preview:-1"},"canonical":"https:\/\/www.mojeplazma.cz\/farmacie\/farmacie\/insuvit\/","og_locale":"cs_CZ","og_type":"article","og_title":"Insuvit - Recenze, L\u00e9k\u00e1rna, Cena - 50%, F\u00f3rum, \u00da\u010dinky | 2026","og_url":"https:\/\/www.mojeplazma.cz\/farmacie\/farmacie\/insuvit\/","og_site_name":"MojePlazma","article_modified_time":"2024-12-12T18:11:42+00:00","og_image":[{"width":768,"height":768,"url":"https:\/\/www.mojeplazma.cz\/farmacie\/wp-content\/uploads\/2024\/12\/insuvit.jpg","type":"image\/jpeg"}],"twitter_card":"summary_large_image","twitter_description":"[date_countdown]","twitter_misc":{"Odhadovan\u00e1 doba \u010dten\u00ed":"6 minut"},"schema":{"@context":"https:\/\/schema.org","@graph":[{"@type":"WebPage","@id":"https:\/\/www.mojeplazma.cz\/farmacie\/farmacie\/insuvit\/","url":"https:\/\/www.mojeplazma.cz\/farmacie\/farmacie\/insuvit\/","name":"Insuvit - Recenze, L\u00e9k\u00e1rna, Cena - 50%, F\u00f3rum, \u00da\u010dinky | 2026","isPartOf":{"@id":"https:\/\/www.mojeplazma.cz\/farmacie\/#website"},"primaryImageOfPage":{"@id":"https:\/\/www.mojeplazma.cz\/farmacie\/farmacie\/insuvit\/#primaryimage"},"image":{"@id":"https:\/\/www.mojeplazma.cz\/farmacie\/farmacie\/insuvit\/#primaryimage"},"thumbnailUrl":"https:\/\/www.mojeplazma.cz\/farmacie\/wp-content\/uploads\/2024\/12\/insuvit.jpg","datePublished":"2024-12-12T18:11:41+00:00","dateModified":"2024-12-12T18:11:42+00:00","breadcrumb":{"@id":"https:\/\/www.mojeplazma.cz\/farmacie\/farmacie\/insuvit\/#breadcrumb"},"inLanguage":"cs","potentialAction":[{"@type":"ReadAction","target":["https:\/\/www.mojeplazma.cz\/farmacie\/farmacie\/insuvit\/"]}]},{"@type":"ImageObject","inLanguage":"cs","@id":"https:\/\/www.mojeplazma.cz\/farmacie\/farmacie\/insuvit\/#primaryimage","url":"https:\/\/www.mojeplazma.cz\/farmacie\/wp-content\/uploads\/2024\/12\/insuvit.jpg","contentUrl":"https:\/\/www.mojeplazma.cz\/farmacie\/wp-content\/uploads\/2024\/12\/insuvit.jpg","width":768,"height":768,"caption":"Insuvit"},{"@type":"BreadcrumbList","@id":"https:\/\/www.mojeplazma.cz\/farmacie\/farmacie\/insuvit\/#breadcrumb","itemListElement":[{"@type":"ListItem","position":1,"name":"Strona g\u0142\u00f3wna","item":"https:\/\/www.mojeplazma.cz\/farmacie\/"},{"@type":"ListItem","position":2,"name":"farmacie","item":"https:\/\/www.mojeplazma.cz\/farmacie\/"},{"@type":"ListItem","position":3,"name":"Insuvit"}]},{"@type":"WebSite","@id":"https:\/\/www.mojeplazma.cz\/farmacie\/#website","url":"https:\/\/www.mojeplazma.cz\/farmacie\/","name":"mojeplazma.cz","description":"","potentialAction":[{"@type":"SearchAction","target":{"@type":"EntryPoint","urlTemplate":"https:\/\/www.mojeplazma.cz\/farmacie\/?s={search_term_string}"},"query-input":{"@type":"PropertyValueSpecification","valueRequired":true,"valueName":"search_term_string"}}],"inLanguage":"cs"}]}},"_links":{"self":[{"href":"https:\/\/www.mojeplazma.cz\/farmacie\/wp-json\/wp\/v2\/product\/8186","targetHints":{"allow":["GET"]}}],"collection":[{"href":"https:\/\/www.mojeplazma.cz\/farmacie\/wp-json\/wp\/v2\/product"}],"about":[{"href":"https:\/\/www.mojeplazma.cz\/farmacie\/wp-json\/wp\/v2\/types\/product"}],"replies":[{"embeddable":true,"href":"https:\/\/www.mojeplazma.cz\/farmacie\/wp-json\/wp\/v2\/comments?post=8186"}],"wp:featuredmedia":[{"embeddable":true,"href":"https:\/\/www.mojeplazma.cz\/farmacie\/wp-json\/wp\/v2\/media\/8187"}],"wp:attachment":[{"href":"https:\/\/www.mojeplazma.cz\/farmacie\/wp-json\/wp\/v2\/media?parent=8186"}],"wp:term":[{"taxonomy":"product_brand","embeddable":true,"href":"https:\/\/www.mojeplazma.cz\/farmacie\/wp-json\/wp\/v2\/product_brand?post=8186"},{"taxonomy":"product_cat","embeddable":true,"href":"https:\/\/www.mojeplazma.cz\/farmacie\/wp-json\/wp\/v2\/product_cat?post=8186"},{"taxonomy":"product_tag","embeddable":true,"href":"https:\/\/www.mojeplazma.cz\/farmacie\/wp-json\/wp\/v2\/product_tag?post=8186"}],"curies":[{"name":"wp","href":"https:\/\/api.w.org\/{rel}","templated":true}]}}