{"id":8221,"date":"2024-12-14T13:58:00","date_gmt":"2024-12-14T13:58:00","guid":{"rendered":"https:\/\/www.mojeplazma.cz\/farmacie\/?post_type=product&#038;p=8221"},"modified":"2024-12-14T13:58:01","modified_gmt":"2024-12-14T13:58:01","slug":"urosaf","status":"publish","type":"product","link":"https:\/\/www.mojeplazma.cz\/farmacie\/farmacie\/urosaf\/","title":{"rendered":"Urosaf"},"content":{"rendered":"\n<h2 class=\"wp-block-heading\">Co je p\u0159\u00edpravek Urosaf a jak funguje?<\/h2>\n\n\n\n<p><b>Urosaf<\/b> je inovativn\u00ed <b>dopln\u011bk stravy<\/b> ur\u010den\u00fd k podpo\u0159e zdrav\u00ed prostaty a funkce mo\u010dov\u00fdch cest. Kl\u00ed\u010dovou sou\u010d\u00e1st\u00ed jeho <em>slo\u017een\u00ed <\/em>je extrakt z palmy sabalov\u00e9, kter\u00fd je zn\u00e1m\u00fd sv\u00fdmi vlastnostmi p\u0159i zm\u00edr\u0148ov\u00e1n\u00ed p\u0159\u00edznak\u016f spojen\u00fdch se zv\u011bt\u0161enou prostatou. Pravideln\u00e9 u\u017e\u00edv\u00e1n\u00ed m\u016f\u017ee p\u0159isp\u011bt ke sn\u00ed\u017een\u00ed otoku prostaty, co\u017e vede k pohodln\u011bj\u0161\u00edmu \u017eivotu.<\/p>\n\n\n\n<p><b>\u00da\u010dinek p\u0159\u00edpravku Urosaf<\/b> je zalo\u017een na inhibici adheze bakteri\u00ed na sliznice, co\u017e sni\u017euje riziko infekce mo\u010dov\u00fdch cest. T\u00edmto zp\u016fsobem p\u0159\u00edpravek podporuje nejen <b>zdrav\u00ed prostaty<\/b>, ale i celkov\u00fd stav mu\u017e\u016f. Urosaf m\u00e1 libido zvy\u0161uj\u00edc\u00ed \u00fa\u010dinek, co\u017e d\u00e1le pozitivn\u011b ovliv\u0148uje sexu\u00e1ln\u00ed \u017eivot.<\/p>\n\n\n\n<p>Dopln\u011bk stravy poskytuje cenn\u00e9 \u017eiviny, kter\u00e9 spole\u010dn\u011b zlep\u0161uj\u00ed funkci prostaty a podporuj\u00ed ka\u017edodenn\u00ed pohodu. U\u017eivatel\u00e9 \u010dasto zaznamen\u00e1vaj\u00ed pozitivn\u00ed \u00fa\u010dinky, jako je zv\u00fd\u0161en\u00ed energie a zlep\u0161en\u00ed kvality sp\u00e1nku. U\u017e\u00edv\u00e1n\u00ed p\u0159\u00edpravku Urosaf m\u016f\u017ee b\u00fdt vynikaj\u00edc\u00edm krokem ke zlep\u0161en\u00ed zdrav\u00ed a v\u00fdkonnosti prostaty.<\/p>\n\n\n\n<h2 class=\"wp-block-heading\">V\u00fdhody Urosaf &#8211; \u00da\u010dinky<\/h2>\n\n\n\n<p>Pravideln\u00e9 <b>u\u017e\u00edv\u00e1n\u00ed p\u0159\u00edpravku Urosaf<\/b> m\u00e1 mnoho zdravotn\u00edch v\u00fdhod pro mu\u017ee, zejm\u00e9na pro mu\u017ee star\u0161\u00ed 50 let, kte\u0159\u00ed mohou m\u00edt probl\u00e9my s prostatou. P\u0159ibli\u017en\u011b 50 % mu\u017e\u016f v t\u00e9to v\u011bkov\u00e9 skupin\u011b u\u017e\u00edv\u00e1 r\u016fzn\u00e9 podp\u016frn\u00e9 p\u0159\u00edpravky a Urosaf vynik\u00e1 svou \u00fa\u010dinnost\u00ed p\u0159i zm\u00edr\u0148ov\u00e1n\u00ed \u010dast\u00e9ho mo\u010den\u00ed a nep\u0159\u00edjemn\u00fdch pocit\u016f.<\/p>\n\n\n\n<p>\u00da\u010dinky p\u0159\u00edpravku Urosaf zahrnuj\u00ed:<\/p>\n\n\n\n<ul class=\"wp-block-list\">\n<li>Sn\u00ed\u017een\u00ed nep\u0159\u00edjemn\u00fdch pocit\u016f spojen\u00fdch s prostatitidou.<\/li>\n\n\n\n<li>Zlep\u0161en\u00ed kvality \u017eivota sn\u00ed\u017een\u00edm po\u010dtu no\u010dn\u00edch n\u00e1v\u0161t\u011bv toalety.<\/li>\n\n\n\n<li>Podpora sexu\u00e1ln\u00edch funkc\u00ed a celkov\u00e9 pohody.<\/li>\n<\/ul>\n\n\n\n<p>\u00da\u010dinn\u00e9 l\u00e1tky jako zinek a selen jsou kl\u00ed\u010dov\u00e9 pro zdrav\u00ed prostaty a stimuluj\u00ed imunitn\u00ed syst\u00e9m. \u00da\u010dinky <em>p\u0159\u00edpravku Urosaf<\/em> jsou patrn\u00e9 ji\u017e po kr\u00e1tk\u00e9 dob\u011b u\u017e\u00edv\u00e1n\u00ed, co\u017e potvrzuj\u00ed <b>ohlasy<\/b> spokojen\u00fdch u\u017eivatel\u016f na f\u00f3rech. <b>P\u0159\u00ednosy aplikace<\/b> v\u00fdrobku jsou do zna\u010dn\u00e9 m\u00edry spojeny s jeho protiz\u00e1n\u011btliv\u00fdmi \u00fa\u010dinky.<\/p>\n\n\n\n<p>Tyto p\u0159\u00edklady ze \u017eivota ukazuj\u00ed, jak velk\u00fd <b>p\u0159\u00ednos<\/b> m\u016f\u017ee <b>aplikace<\/b> Urosaf p\u0159in\u00e9st mu\u017e\u016fm trp\u00edc\u00edm zdravotn\u00edmi probl\u00e9my souvisej\u00edc\u00edmi s prostatou. V kone\u010dn\u00e9m d\u016fsledku aplikace Urosaf p\u0159isp\u00edv\u00e1 k lep\u0161\u00edmu <em>zdrav\u00ed mu\u017e\u016f<\/em> a pohodl\u00ed v ka\u017edodenn\u00edm \u017eivot\u011b.<\/p>\n\n\n\n<h2 class=\"wp-block-heading\">Jak pou\u017e\u00edvat p\u0159\u00edpravek Urosaf? &#8211; D\u00e1vkov\u00e1n\u00ed<\/h2>\n\n\n\n<p><b>U\u017e\u00edv\u00e1n\u00ed p\u0159\u00edpravku Urosaf<\/b> je z\u00e1sadn\u00ed pro dosa\u017een\u00ed optim\u00e1ln\u00edch v\u00fdsledk\u016f v oblasti zdrav\u00ed mo\u010dov\u00fdch cest. Doporu\u010den\u00e9 <b>d\u00e1vkov\u00e1n\u00ed<\/b> je 1-3 tobolky denn\u011b, jak je uvedeno v <b>p\u0159\u00edbalov\u00e9m let\u00e1ku Urosaf<\/b>. Kapsle by se m\u011bly zap\u00edjet velk\u00fdm mno\u017estv\u00edm vody, co\u017e podporuje lep\u0161\u00ed vst\u0159eb\u00e1v\u00e1n\u00ed \u00fa\u010dinn\u00fdch l\u00e1tek.<\/p>\n\n\n\n<p>Je d\u016fle\u017eit\u00e9, aby se p\u0159\u00edpravek pou\u017e\u00edval pravideln\u011b po ur\u010ditou dobu. Jen tak se mohou projevit pozitivn\u00ed v\u00fdsledky. Pokud m\u00e1te pochybnosti o d\u00e1vkov\u00e1n\u00ed nebo ne\u017e\u00e1douc\u00edch \u00fa\u010dinc\u00edch, je vhodn\u00e9 poradit se s l\u00e9ka\u0159em, kter\u00fd v\u00e1m pom\u016f\u017ee upravit spr\u00e1vnou d\u00e1vku podle va\u0161ich individu\u00e1ln\u00edch pot\u0159eb.<\/p>\n\n\n\n<p>Pravideln\u00e9 <b>u\u017e\u00edv\u00e1n\u00ed p\u0159\u00edpravku Urosaf<\/b> v doporu\u010den\u00fdch d\u00e1vk\u00e1ch m\u016f\u017ee v\u00fdrazn\u011b zlep\u0161it stav mo\u010dov\u00fdch cest, co\u017e je nesm\u00edrn\u011b d\u016fle\u017eit\u00e9 v boji proti pot\u00ed\u017e\u00edm, jako je \u010dast\u00e9 mo\u010den\u00ed nebo pocity nepohodl\u00ed. M\u016f\u017ee tak\u00e9 poskytnout podporu v boji proti chronick\u00fdm z\u00e1n\u011bt\u016fm mo\u010dov\u00e9ho m\u011bch\u00fd\u0159e.<\/p>\n\n\n\n<h2 class=\"wp-block-heading\">Urosaf recenze &#8211; Co \u0159\u00edkaj\u00ed u\u017eivatel\u00e9 na f\u00f3rech?<\/h2>\n\n\n\n<p>Mnoho u\u017eivatel\u016f p\u0159\u00edpravku Urosaf sd\u00edl\u00ed sv\u00e9 zku\u0161enosti na online f\u00f3rech, co\u017e sv\u011bd\u010d\u00ed o zna\u010dn\u00e9 <em>\u00fa\u010dinnosti p\u0159\u00edpravku Urosaf<\/em>. Popisuj\u00ed, jak jim dopln\u011bk pomohl vypo\u0159\u00e1dat se se zdravotn\u00edmi probl\u00e9my souvisej\u00edc\u00edmi s mo\u010dov\u00fdmi cestami.<\/p>\n\n\n\n<blockquote class=\"wp-block-quote is-layout-flow wp-block-quote-is-layout-flow\">\n<p><strong>Michal<\/strong>, urolog z Kielc\u016f, poznamen\u00e1v\u00e1: &#8222;U m\u00fdch pacient\u016f, kte\u0159\u00ed u\u017e\u00edvaj\u00ed Urosaf, se zm\u00edrnily p\u0159\u00edznaky probl\u00e9m\u016f s prostatou. \u010cast\u00e9 nucen\u00ed na mo\u010den\u00ed a nep\u0159\u00edjemn\u00e9 pocity se v\u00fdrazn\u011b zlep\u0161ily. Mysl\u00edm, \u017ee tento p\u0159\u00edpravek m\u016f\u017ee b\u00fdt obzvl\u00e1\u0161t\u011b u\u017eite\u010dn\u00fd pro lidi v podobn\u00e9 situaci.&#8220;<\/p>\n<\/blockquote>\n\n\n\n<blockquote class=\"wp-block-quote is-layout-flow wp-block-quote-is-layout-flow\">\n<p><strong>Jakub<\/strong>, 49let\u00fd u\u017eivatel z Krakova, zd\u016fraz\u0148uje: &#8222;Po n\u011bkolika t\u00fddnech u\u017e\u00edv\u00e1n\u00ed Urosafu mohu s jistotou \u0159\u00edci, \u017ee se m\u016fj \u017eivotn\u00ed komfort v\u00fdrazn\u011b zv\u00fd\u0161il. No\u010dn\u00ed n\u00e1v\u0161t\u011bvy toalety se staly m\u00e9n\u011b \u010dast\u00fdmi, co\u017e velmi oce\u0148uji. Jsem r\u00e1d, \u017ee jsem na\u0161el n\u011bco opravdu \u00fa\u010dinn\u00e9ho.&#8220;<\/p>\n<\/blockquote>\n\n\n\n<blockquote class=\"wp-block-quote is-layout-flow wp-block-quote-is-layout-flow\">\n<p><strong>Tomasz<\/strong>, 53let\u00fd u\u017eivatel z polsk\u00e9 Poznan\u011b, \u0159ekl: &#8222;Urosaf jsem se rozhodl u\u017e\u00edvat po dlouhodob\u00fdch probl\u00e9mech s hypertrofi\u00ed prostaty. Po m\u011bs\u00edci u\u017e\u00edv\u00e1n\u00ed jsem zaznamenal v\u00fdrazn\u00e9 zlep\u0161en\u00ed. P\u0159\u00edznaky, kter\u00e9 m\u011b tolik tr\u00e1pily, za\u010daly mizet a c\u00edt\u00edm se l\u00e9pe.&#8220;<\/p>\n<\/blockquote>\n\n\n\n<p><b>Recenze<\/b> u\u017eivatel\u016f Urosaf dokazuj\u00ed, \u017ee mnoho lid\u00ed m\u00e1 pozitivn\u00ed v\u00fdsledky. Vysok\u00e1 <em>\u00fa\u010dinnost p\u0159\u00edpravku Urosaf<\/em>, potvrzen\u00e1 \u0161irokou \u0161k\u00e1lou u\u017eivatel\u016f, z n\u011bj \u010din\u00ed obl\u00edbenou volbu na diskusn\u00edch f\u00f3rech.<\/p>\n\n\n\n<h2 class=\"wp-block-heading\">Slo\u017een\u00ed p\u0159\u00edpravku Urosaf &#8211; anal\u00fdza slo\u017eek<\/h2>\n\n\n\n<p>Urosaf je p\u0159\u00edpravek, jeho\u017e <em>slo\u017een\u00ed Urosaf<\/em> je zalo\u017eeno na p\u0159\u00edrodn\u00edch l\u00e1tk\u00e1ch, kter\u00e9 podporuj\u00ed <b>zdrav\u00ed mo\u010dov\u00fdch cest<\/b>, zejm\u00e9na prostaty. <b>Anal\u00fdza slo\u017eek<\/b> ukazuje, \u017ee jeho slo\u017een\u00ed obsahuje extrakt ze sabalov\u00e9 palmy, kop\u0159ivu, zinek, selen a vitamin E. Ka\u017ed\u00e1 z t\u011bchto slo\u017eek p\u0159in\u00e1\u0161\u00ed jedine\u010dn\u00e9 <em>zdravotn\u00ed vlastnosti,<\/em> kter\u00e9 mohou p\u0159isp\u011bt k mu\u017esk\u00e9 pohod\u011b.<\/p>\n\n\n\n<p>Extrakt ze sabalov\u00e9 palmy m\u00e1 protiz\u00e1n\u011btliv\u00fd \u00fa\u010dinek, co\u017e je d\u016fle\u017eit\u00e9 pro osoby s probl\u00e9my s prostatou. Kop\u0159iva, bohat\u00e1 na fytosteroly, reguluje hladinu hormon\u016f, co\u017e m\u00e1 z\u00e1sadn\u00ed v\u00fdznam p\u0159i prevenci onemocn\u011bn\u00ed prostaty. Zinek, prvek nezbytn\u00fd pro spr\u00e1vnou funkci prostaty, hraje roli v jej\u00edm zdrav\u00ed a celkov\u00e9 v\u00fdkonnosti.<\/p>\n\n\n\n<p>Selen, zn\u00e1m\u00fd sv\u00fdmi antioxida\u010dn\u00edmi vlastnostmi, sni\u017euje riziko mnoha onemocn\u011bn\u00ed, v\u010detn\u011b rakoviny prostaty. Studie potvrzuj\u00ed, \u017ee suplementace selenem m\u016f\u017ee toto riziko sn\u00ed\u017eit a\u017e o 63 %. Vitam\u00edn E podporuje <b>zdrav\u00ed prostaty<\/b> a d\u00e1le sni\u017euje z\u00e1n\u011bty, co\u017e z n\u011bj \u010din\u00ed d\u016fle\u017eitou slo\u017eku v\u00fd\u017eivy pro mu\u017ee.<\/p>\n\n\n\n<p>V\u0161echny slo\u017eky p\u0159\u00edpravku Urosaf p\u016fsob\u00ed synergicky a nab\u00edzej\u00ed komplexn\u00ed podporu mu\u017e\u016fm, zejm\u00e9na po 50. roce \u017eivota, kdy jsou probl\u00e9my s prostatou st\u00e1le \u010dast\u011bj\u0161\u00ed. Pravideln\u00e9 u\u017e\u00edv\u00e1n\u00ed tohoto p\u0159\u00edpravku m\u016f\u017ee pomoci zlep\u0161it celkov\u00fd zdravotn\u00ed stav a zp\u0159\u00edjemnit \u017eivot.<\/p>\n\n\n\n<figure class=\"wp-block-table\"><table class=\"has-fixed-layout\"><tbody><tr><th>Komponenta<\/th><th>Akce<\/th><th>Zdravotn\u00ed vlastnosti<\/th><\/tr><tr><td>Extrakt z palmy sabalov\u00e9<\/td><td>Protiz\u00e1n\u011btliv\u00e9<\/td><td>Podporuje <b>zdrav\u00ed prostaty<\/b><\/td><\/tr><tr><td>Kop\u0159iva<\/td><td>Regulace hormon\u016f<\/td><td>Ochrana proti r\u016fstu prostaty<\/td><\/tr><tr><td>Zinek<\/td><td>Podpora funkce prostaty<\/td><td>Nezbytn\u00e9 pro spr\u00e1vn\u00e9 fungov\u00e1n\u00ed<\/td><\/tr><tr><td>Selen<\/td><td>Antioxidant<\/td><td>Sni\u017euje riziko rakoviny prostaty o 63 %<\/td><\/tr><tr><td>Vitamin E<\/td><td>Sn\u00ed\u017een\u00ed z\u00e1n\u011btu<\/td><td>Podporuje zdrav\u00ed prostaty<\/td><\/tr><\/tbody><\/table><\/figure>\n\n\n\n<h2 class=\"wp-block-heading\">Urosaf cena &#8211; Kde koupit?<\/h2>\n\n\n\n<p>Urosaf je produkt dostupn\u00fd v\u00fdhradn\u011b na ofici\u00e1ln\u00edch str\u00e1nk\u00e1ch <em>v\u00fdrobce<\/em>. Z\u00e1kazn\u00edci si jej mohou snadno objednat online pro pohodlnou a bezpe\u010dnou transakci. Ceny Urosaf se mohou li\u0161it v z\u00e1vislosti na aktu\u00e1ln\u00edch akc\u00edch. Pravideln\u00e9 slevov\u00e9 nab\u00eddky umo\u017e\u0148uj\u00ed \u00faspory, co\u017e \u010din\u00ed n\u00e1kupy atraktivn\u011bj\u0161\u00edmi.<\/p>\n\n\n\n<p>Stoj\u00ed za zm\u00ednku, \u017ee Urosaf nen\u00ed k dispozici ve stacion\u00e1rn\u00edch l\u00e9k\u00e1rn\u00e1ch ani na jin\u00fdch platform\u00e1ch elektronick\u00e9ho obchodu. N\u00e1kup prost\u0159ednictv\u00edm ofici\u00e1ln\u00edho v\u00fdrobce poskytuje nejen z\u00e1ruku originality, ale tak\u00e9 umo\u017e\u0148uje vyu\u017e\u00edvat r\u016fzn\u00e9 slevy. Ti, kte\u0159\u00ed se zaj\u00edmaj\u00ed o to, <em>kde koupit Urosaf<\/em>, by m\u011bli nav\u0161t\u00edvit webov\u00e9 str\u00e1nky v\u00fdrobce, aby si prohl\u00e9dli dostupn\u00e9 mo\u017enosti a aktu\u00e1ln\u00ed ceny.<\/p>\n\n\n\n<h2 class=\"wp-block-heading\">Mo\u017en\u00e9 ne\u017e\u00e1douc\u00ed \u00fa\u010dinky a kontraindikace p\u0159\u00edpravku Urosaf<\/h2>\n\n\n\n<p>Urosaf je v\u011bt\u0161inou u\u017eivatel\u016f obecn\u011b dob\u0159e sn\u00e1\u0161en, co\u017e potvrzuj\u00ed studie i <b>zp\u011btn\u00e1 vazba od<\/b> pacient\u016f. Nicm\u00e9n\u011b jako ka\u017ed\u00fd <b>dopln\u011bk stravy<\/b> m\u016f\u017ee zp\u016fsobit n\u011bkter\u00e9 ne\u017e\u00e1douc\u00ed \u00fa\u010dinky. Nej\u010dast\u011bji jsou hl\u00e1\u0161eny m\u00edrn\u00e9 gastrointestin\u00e1ln\u00ed poruchy, jako jsou za\u017e\u00edvac\u00ed pot\u00ed\u017ee nebo pr\u016fjem. Ty obvykle po vysazen\u00ed p\u0159\u00edpravku vymiz\u00ed, co\u017e nazna\u010duje, \u017ee <b>bezpe\u010dnost p\u0159\u00edpravku<\/b> Urosaf je na dobr\u00e9 \u00farovni.<\/p>\n\n\n\n<p>Lid\u00e9 alergi\u010dt\u00ed na slo\u017eky p\u0159\u00edpravku Urosaf by se m\u011bli jeho u\u017e\u00edv\u00e1n\u00ed vyhnout, co\u017e je nej\u010dast\u011bj\u0161\u00ed kontraindikace. U osob se z\u00e1va\u017en\u00fdmi chronick\u00fdmi onemocn\u011bn\u00edmi je p\u0159ed zah\u00e1jen\u00edm l\u00e9\u010dby nezbytn\u00e1 l\u00e9ka\u0159sk\u00e1 konzultace. Za zm\u00ednku stoj\u00ed, \u017ee u t\u011bhotn\u00fdch a koj\u00edc\u00edch \u017een nejsou zn\u00e1my \u017e\u00e1dn\u00e9 kontraindikace u\u017e\u00edv\u00e1n\u00ed p\u0159\u00edpravku Urosaf, co\u017e z n\u011bj \u010din\u00ed bezpe\u010dnou volbu. V\u017edy je v\u0161ak vhodn\u00e9 sledovat reakce organismu b\u011bhem l\u00e9\u010dby.<\/p>\n\n\n\n<p>V p\u0159\u00edpad\u011b jak\u00fdchkoli ne\u017e\u00e1douc\u00edch \u00fa\u010dink\u016f je vhodn\u00e9 se ihned poradit s l\u00e9ka\u0159em a posoudit dal\u0161\u00ed u\u017e\u00edv\u00e1n\u00ed. I p\u0159es vysok\u00e9 hodnocen\u00ed, kter\u00e9 dosahuje 4,6\/5, je vhodn\u00e9 d\u00e1vat pozor na individu\u00e1ln\u00ed reakce organismu, aby byl zaji\u0161t\u011bn maxim\u00e1ln\u00ed p\u0159\u00ednos bez rizika.<\/p>\n","protected":false},"excerpt":{"rendered":"<p><strong>[date_countdown]<\/strong><\/p>\n<p><strong><img decoding=\"async\" class=\"alignnone wp-image-8078\" src=\"https:\/\/www.mojeplazma.cz\/farmacie\/wp-content\/uploads\/2024\/10\/SAFE-PAY-300x88-1.png\" alt=\"SAFE-PAY-300x88\" width=\"154\" height=\"45\" \/><\/strong><\/p>\n","protected":false},"featured_media":8222,"comment_status":"open","ping_status":"closed","template":"","meta":{"neve_meta_sidebar":"","neve_meta_container":"","neve_meta_enable_content_width":"","neve_meta_content_width":0,"neve_meta_title_alignment":"","neve_meta_author_avatar":"","neve_post_elements_order":"","neve_meta_disable_header":"","neve_meta_disable_footer":"","neve_meta_disable_title":"","neve_meta_reading_time":""},"product_brand":[],"product_cat":[15],"product_tag":[],"class_list":{"0":"post-8221","1":"product","2":"type-product","3":"status-publish","4":"has-post-thumbnail","6":"product_cat-zdravi","8":"first","9":"instock","10":"sale","11":"shipping-taxable","12":"product-type-external"},"yoast_head":"<!-- This site is optimized with the Yoast SEO plugin v27.3 - https:\/\/yoast.com\/product\/yoast-seo-wordpress\/ -->\n<title>Urosaf - Recenze, L\u00e9k\u00e1rna, Cena - 50%, F\u00f3rum, \u00da\u010dinky | 2026<\/title>\n<meta name=\"robots\" content=\"index, follow, max-snippet:-1, max-image-preview:large, max-video-preview:-1\" \/>\n<link rel=\"canonical\" href=\"https:\/\/www.mojeplazma.cz\/farmacie\/farmacie\/urosaf\/\" \/>\n<meta property=\"og:locale\" content=\"cs_CZ\" \/>\n<meta property=\"og:type\" content=\"article\" \/>\n<meta property=\"og:title\" content=\"Urosaf - Recenze, L\u00e9k\u00e1rna, Cena - 50%, F\u00f3rum, \u00da\u010dinky | 2026\" \/>\n<meta property=\"og:url\" content=\"https:\/\/www.mojeplazma.cz\/farmacie\/farmacie\/urosaf\/\" \/>\n<meta property=\"og:site_name\" content=\"MojePlazma\" \/>\n<meta property=\"article:modified_time\" content=\"2024-12-14T13:58:01+00:00\" \/>\n<meta property=\"og:image\" content=\"https:\/\/www.mojeplazma.cz\/farmacie\/wp-content\/uploads\/2024\/12\/Urosaf.png\" \/>\n\t<meta property=\"og:image:width\" content=\"768\" \/>\n\t<meta property=\"og:image:height\" content=\"768\" \/>\n\t<meta property=\"og:image:type\" content=\"image\/png\" \/>\n<meta name=\"twitter:card\" content=\"summary_large_image\" \/>\n<meta name=\"twitter:description\" content=\"[date_countdown]\" \/>\n<meta name=\"twitter:label1\" content=\"Odhadovan\u00e1 doba \u010dten\u00ed\" \/>\n\t<meta name=\"twitter:data1\" content=\"6 minut\" \/>\n<script type=\"application\/ld+json\" class=\"yoast-schema-graph\">{\"@context\":\"https:\\\/\\\/schema.org\",\"@graph\":[{\"@type\":\"WebPage\",\"@id\":\"https:\\\/\\\/www.mojeplazma.cz\\\/farmacie\\\/farmacie\\\/urosaf\\\/\",\"url\":\"https:\\\/\\\/www.mojeplazma.cz\\\/farmacie\\\/farmacie\\\/urosaf\\\/\",\"name\":\"Urosaf - Recenze, L\u00e9k\u00e1rna, Cena - 50%, F\u00f3rum, \u00da\u010dinky | 2026\",\"isPartOf\":{\"@id\":\"https:\\\/\\\/www.mojeplazma.cz\\\/farmacie\\\/#website\"},\"primaryImageOfPage\":{\"@id\":\"https:\\\/\\\/www.mojeplazma.cz\\\/farmacie\\\/farmacie\\\/urosaf\\\/#primaryimage\"},\"image\":{\"@id\":\"https:\\\/\\\/www.mojeplazma.cz\\\/farmacie\\\/farmacie\\\/urosaf\\\/#primaryimage\"},\"thumbnailUrl\":\"https:\\\/\\\/www.mojeplazma.cz\\\/farmacie\\\/wp-content\\\/uploads\\\/2024\\\/12\\\/Urosaf.png\",\"datePublished\":\"2024-12-14T13:58:00+00:00\",\"dateModified\":\"2024-12-14T13:58:01+00:00\",\"breadcrumb\":{\"@id\":\"https:\\\/\\\/www.mojeplazma.cz\\\/farmacie\\\/farmacie\\\/urosaf\\\/#breadcrumb\"},\"inLanguage\":\"cs\",\"potentialAction\":[{\"@type\":\"ReadAction\",\"target\":[\"https:\\\/\\\/www.mojeplazma.cz\\\/farmacie\\\/farmacie\\\/urosaf\\\/\"]}]},{\"@type\":\"ImageObject\",\"inLanguage\":\"cs\",\"@id\":\"https:\\\/\\\/www.mojeplazma.cz\\\/farmacie\\\/farmacie\\\/urosaf\\\/#primaryimage\",\"url\":\"https:\\\/\\\/www.mojeplazma.cz\\\/farmacie\\\/wp-content\\\/uploads\\\/2024\\\/12\\\/Urosaf.png\",\"contentUrl\":\"https:\\\/\\\/www.mojeplazma.cz\\\/farmacie\\\/wp-content\\\/uploads\\\/2024\\\/12\\\/Urosaf.png\",\"width\":768,\"height\":768,\"caption\":\"Urosaf\"},{\"@type\":\"BreadcrumbList\",\"@id\":\"https:\\\/\\\/www.mojeplazma.cz\\\/farmacie\\\/farmacie\\\/urosaf\\\/#breadcrumb\",\"itemListElement\":[{\"@type\":\"ListItem\",\"position\":1,\"name\":\"Strona g\u0142\u00f3wna\",\"item\":\"https:\\\/\\\/www.mojeplazma.cz\\\/farmacie\\\/\"},{\"@type\":\"ListItem\",\"position\":2,\"name\":\"farmacie\",\"item\":\"https:\\\/\\\/www.mojeplazma.cz\\\/farmacie\\\/\"},{\"@type\":\"ListItem\",\"position\":3,\"name\":\"Urosaf\"}]},{\"@type\":\"WebSite\",\"@id\":\"https:\\\/\\\/www.mojeplazma.cz\\\/farmacie\\\/#website\",\"url\":\"https:\\\/\\\/www.mojeplazma.cz\\\/farmacie\\\/\",\"name\":\"mojeplazma.cz\",\"description\":\"\",\"potentialAction\":[{\"@type\":\"SearchAction\",\"target\":{\"@type\":\"EntryPoint\",\"urlTemplate\":\"https:\\\/\\\/www.mojeplazma.cz\\\/farmacie\\\/?s={search_term_string}\"},\"query-input\":{\"@type\":\"PropertyValueSpecification\",\"valueRequired\":true,\"valueName\":\"search_term_string\"}}],\"inLanguage\":\"cs\"}]}<\/script>\n<!-- \/ Yoast SEO plugin. -->","yoast_head_json":{"title":"Urosaf - Recenze, L\u00e9k\u00e1rna, Cena - 50%, F\u00f3rum, \u00da\u010dinky | 2026","robots":{"index":"index","follow":"follow","max-snippet":"max-snippet:-1","max-image-preview":"max-image-preview:large","max-video-preview":"max-video-preview:-1"},"canonical":"https:\/\/www.mojeplazma.cz\/farmacie\/farmacie\/urosaf\/","og_locale":"cs_CZ","og_type":"article","og_title":"Urosaf - Recenze, L\u00e9k\u00e1rna, Cena - 50%, F\u00f3rum, \u00da\u010dinky | 2026","og_url":"https:\/\/www.mojeplazma.cz\/farmacie\/farmacie\/urosaf\/","og_site_name":"MojePlazma","article_modified_time":"2024-12-14T13:58:01+00:00","og_image":[{"width":768,"height":768,"url":"https:\/\/www.mojeplazma.cz\/farmacie\/wp-content\/uploads\/2024\/12\/Urosaf.png","type":"image\/png"}],"twitter_card":"summary_large_image","twitter_description":"[date_countdown]","twitter_misc":{"Odhadovan\u00e1 doba \u010dten\u00ed":"6 minut"},"schema":{"@context":"https:\/\/schema.org","@graph":[{"@type":"WebPage","@id":"https:\/\/www.mojeplazma.cz\/farmacie\/farmacie\/urosaf\/","url":"https:\/\/www.mojeplazma.cz\/farmacie\/farmacie\/urosaf\/","name":"Urosaf - Recenze, L\u00e9k\u00e1rna, Cena - 50%, F\u00f3rum, \u00da\u010dinky | 2026","isPartOf":{"@id":"https:\/\/www.mojeplazma.cz\/farmacie\/#website"},"primaryImageOfPage":{"@id":"https:\/\/www.mojeplazma.cz\/farmacie\/farmacie\/urosaf\/#primaryimage"},"image":{"@id":"https:\/\/www.mojeplazma.cz\/farmacie\/farmacie\/urosaf\/#primaryimage"},"thumbnailUrl":"https:\/\/www.mojeplazma.cz\/farmacie\/wp-content\/uploads\/2024\/12\/Urosaf.png","datePublished":"2024-12-14T13:58:00+00:00","dateModified":"2024-12-14T13:58:01+00:00","breadcrumb":{"@id":"https:\/\/www.mojeplazma.cz\/farmacie\/farmacie\/urosaf\/#breadcrumb"},"inLanguage":"cs","potentialAction":[{"@type":"ReadAction","target":["https:\/\/www.mojeplazma.cz\/farmacie\/farmacie\/urosaf\/"]}]},{"@type":"ImageObject","inLanguage":"cs","@id":"https:\/\/www.mojeplazma.cz\/farmacie\/farmacie\/urosaf\/#primaryimage","url":"https:\/\/www.mojeplazma.cz\/farmacie\/wp-content\/uploads\/2024\/12\/Urosaf.png","contentUrl":"https:\/\/www.mojeplazma.cz\/farmacie\/wp-content\/uploads\/2024\/12\/Urosaf.png","width":768,"height":768,"caption":"Urosaf"},{"@type":"BreadcrumbList","@id":"https:\/\/www.mojeplazma.cz\/farmacie\/farmacie\/urosaf\/#breadcrumb","itemListElement":[{"@type":"ListItem","position":1,"name":"Strona g\u0142\u00f3wna","item":"https:\/\/www.mojeplazma.cz\/farmacie\/"},{"@type":"ListItem","position":2,"name":"farmacie","item":"https:\/\/www.mojeplazma.cz\/farmacie\/"},{"@type":"ListItem","position":3,"name":"Urosaf"}]},{"@type":"WebSite","@id":"https:\/\/www.mojeplazma.cz\/farmacie\/#website","url":"https:\/\/www.mojeplazma.cz\/farmacie\/","name":"mojeplazma.cz","description":"","potentialAction":[{"@type":"SearchAction","target":{"@type":"EntryPoint","urlTemplate":"https:\/\/www.mojeplazma.cz\/farmacie\/?s={search_term_string}"},"query-input":{"@type":"PropertyValueSpecification","valueRequired":true,"valueName":"search_term_string"}}],"inLanguage":"cs"}]}},"_links":{"self":[{"href":"https:\/\/www.mojeplazma.cz\/farmacie\/wp-json\/wp\/v2\/product\/8221","targetHints":{"allow":["GET"]}}],"collection":[{"href":"https:\/\/www.mojeplazma.cz\/farmacie\/wp-json\/wp\/v2\/product"}],"about":[{"href":"https:\/\/www.mojeplazma.cz\/farmacie\/wp-json\/wp\/v2\/types\/product"}],"replies":[{"embeddable":true,"href":"https:\/\/www.mojeplazma.cz\/farmacie\/wp-json\/wp\/v2\/comments?post=8221"}],"wp:featuredmedia":[{"embeddable":true,"href":"https:\/\/www.mojeplazma.cz\/farmacie\/wp-json\/wp\/v2\/media\/8222"}],"wp:attachment":[{"href":"https:\/\/www.mojeplazma.cz\/farmacie\/wp-json\/wp\/v2\/media?parent=8221"}],"wp:term":[{"taxonomy":"product_brand","embeddable":true,"href":"https:\/\/www.mojeplazma.cz\/farmacie\/wp-json\/wp\/v2\/product_brand?post=8221"},{"taxonomy":"product_cat","embeddable":true,"href":"https:\/\/www.mojeplazma.cz\/farmacie\/wp-json\/wp\/v2\/product_cat?post=8221"},{"taxonomy":"product_tag","embeddable":true,"href":"https:\/\/www.mojeplazma.cz\/farmacie\/wp-json\/wp\/v2\/product_tag?post=8221"}],"curies":[{"name":"wp","href":"https:\/\/api.w.org\/{rel}","templated":true}]}}